{"id":13686,"date":"2016-11-14T13:46:01","date_gmt":"2016-11-14T13:46:01","guid":{"rendered":"https:\/\/www.sagafurs.com\/fi\/?page_id=13686"},"modified":"2022-06-01T10:20:08","modified_gmt":"2022-06-01T07:20:08","slug":"digitaaliset-palvelut","status":"publish","type":"page","link":"https:\/\/www.sagafurs.com\/fi\/huutokaupat\/digitaaliset-palvelut\/","title":{"rendered":"Digitaaliset palvelut"},"content":{"rendered":"<p>Saga Digital Services -palvelussa on uusia etuja tarhaajille ja ostajille. Kirjautumista edellytt\u00e4v\u00e4 Saga Digital Services sis\u00e4lt\u00e4\u00e4 kuusi p\u00e4\u00e4aluetta, jotka tarjoavat liiketoimintaa tehostavia palveluita:<\/p>\n<p>\u2022 My Catalogue: Huutokauppakatalogi reaaliaikaisilla hintap\u00e4ivityksill\u00e4. Farmarit saavat tarhakohtaisen huutokauppaseurannan. Ostajilla on huutokaupan aikana k\u00e4yt\u00f6ss\u00e4\u00e4n kaikki tilastotiedot ja ty\u00f6kalut hinta-arviointiin, ja heid\u00e4n asiakkaansa saavat meklariensa hinta-arviot ja voivat l\u00e4hett\u00e4\u00e4 tilauksia.<\/p>\n<p>\u2022 Farmer extranet: Kaikki t\u00e4rke\u00e4t tarhakohtaiset tiedot, hinta- ja laatutilastot sek\u00e4 talousraportit, hintakehitys ja paljon muuta.<\/p>\n<p>\u2022 Buyer extranet: Ostajanumerolla saat tietoa ostoista, maksusitoumuksista, toimituksista ja muista t\u00e4rkeist\u00e4 asioista. Asiakastili antaa p\u00e4\u00e4syn tilitietoihin.<\/p>\n<p>\u2022 WebSampo: Huippunykyaikainen ohjelma tehokkaaseen jalostuksen ja laadun kehitt\u00e4miseen.<\/p>\n<p>\u2022 Skin tracking: Tarhakohtaisten tilastotietojen palvelu, jossa on mahdollisuus k\u00e4ytt\u00e4\u00e4 digitaalisia pakkausluetteloita.<\/p>\n<p>\u2022 Buyer invoicing: Huutokauppaostajien palvelu, joka mahdollistaa laskutusohjeiden antamisen.<\/p>\n","protected":false},"excerpt":{"rendered":"<p>Saga Digital Services -palvelussa on uusia etuja tarhaajille ja ostajille. Kirjautumista edellytt\u00e4v\u00e4 Saga Digital Services sis\u00e4lt\u00e4\u00e4 kuusi p\u00e4\u00e4aluetta, jotka tarjoavat liiketoimintaa tehostavia palveluita: \u2022 My Catalogue: Huutokauppakatalogi reaaliaikaisilla hintap\u00e4ivityksill\u00e4. Farmarit saavat tarhakohtaisen huutokauppaseurannan. Ostajilla on huutokaupan aikana k\u00e4yt\u00f6ss\u00e4\u00e4n kaikki tilastotiedot ja ty\u00f6kalut hinta-arviointiin, ja heid\u00e4n asiakkaansa saavat meklariensa hinta-arviot ja voivat l\u00e4hett\u00e4\u00e4 tilauksia. \u2022 Farmer<a class=\"excerpt-read-more\" href=\"https:\/\/www.sagafurs.com\/fi\/huutokaupat\/digitaaliset-palvelut\/\" title=\"LueDigitaaliset palvelut\">\u2026 Lue lis\u00e4\u00e4 &raquo;<\/a><\/p>\n","protected":false},"author":29,"featured_media":0,"parent":360,"menu_order":0,"comment_status":"closed","ping_status":"closed","template":"templates\/content-page-template.php","meta":{"_acf_changed":false,"footnotes":""},"class_list":["post-13686","page","type-page","status-publish","hentry"],"acf":[],"yoast_head":"<!-- This site is optimized with the Yoast SEO plugin v27.4 - https:\/\/yoast.com\/product\/yoast-seo-wordpress\/ -->\n<title>Digitaaliset palvelut - Sagafurs<\/title>\n<meta name=\"robots\" content=\"index, follow, max-snippet:-1, max-image-preview:large, max-video-preview:-1\" \/>\n<link rel=\"canonical\" href=\"https:\/\/www.sagafurs.com\/fi\/huutokaupat\/digitaaliset-palvelut\/\" \/>\n<meta property=\"og:locale\" content=\"fi_FI\" \/>\n<meta property=\"og:type\" content=\"article\" \/>\n<meta property=\"og:title\" content=\"Digitaaliset palvelut - Sagafurs\" \/>\n<meta property=\"og:description\" content=\"Saga Digital Services -palvelussa on uusia etuja tarhaajille ja ostajille. Kirjautumista edellytt\u00e4v\u00e4 Saga Digital Services sis\u00e4lt\u00e4\u00e4 kuusi p\u00e4\u00e4aluetta, jotka tarjoavat liiketoimintaa tehostavia palveluita: \u2022 My Catalogue: Huutokauppakatalogi reaaliaikaisilla hintap\u00e4ivityksill\u00e4. Farmarit saavat tarhakohtaisen huutokauppaseurannan. Ostajilla on huutokaupan aikana k\u00e4yt\u00f6ss\u00e4\u00e4n kaikki tilastotiedot ja ty\u00f6kalut hinta-arviointiin, ja heid\u00e4n asiakkaansa saavat meklariensa hinta-arviot ja voivat l\u00e4hett\u00e4\u00e4 tilauksia. \u2022 Farmer\u2026 Lue lis\u00e4\u00e4 &raquo;\" \/>\n<meta property=\"og:url\" content=\"https:\/\/www.sagafurs.com\/fi\/huutokaupat\/digitaaliset-palvelut\/\" \/>\n<meta property=\"og:site_name\" content=\"Sagafurs\" \/>\n<meta property=\"article:modified_time\" content=\"2022-06-01T07:20:08+00:00\" \/>\n<meta name=\"twitter:card\" content=\"summary_large_image\" \/>\n<meta name=\"twitter:label1\" content=\"Est. reading time\" \/>\n\t<meta name=\"twitter:data1\" content=\"1 minute\" \/>\n<script type=\"application\/ld+json\" class=\"yoast-schema-graph\">{\"@context\":\"https:\\\/\\\/schema.org\",\"@graph\":[{\"@type\":\"WebPage\",\"@id\":\"https:\\\/\\\/www.sagafurs.com\\\/fi\\\/huutokaupat\\\/digitaaliset-palvelut\\\/\",\"url\":\"https:\\\/\\\/www.sagafurs.com\\\/fi\\\/huutokaupat\\\/digitaaliset-palvelut\\\/\",\"name\":\"Digitaaliset palvelut - Sagafurs\",\"isPartOf\":{\"@id\":\"https:\\\/\\\/www.sagafurs.com\\\/#website\"},\"datePublished\":\"2016-11-14T13:46:01+00:00\",\"dateModified\":\"2022-06-01T07:20:08+00:00\",\"breadcrumb\":{\"@id\":\"https:\\\/\\\/www.sagafurs.com\\\/fi\\\/huutokaupat\\\/digitaaliset-palvelut\\\/#breadcrumb\"},\"inLanguage\":\"fi-FI\",\"potentialAction\":[{\"@type\":\"ReadAction\",\"target\":[\"https:\\\/\\\/www.sagafurs.com\\\/fi\\\/huutokaupat\\\/digitaaliset-palvelut\\\/\"]}]},{\"@type\":\"BreadcrumbList\",\"@id\":\"https:\\\/\\\/www.sagafurs.com\\\/fi\\\/huutokaupat\\\/digitaaliset-palvelut\\\/#breadcrumb\",\"itemListElement\":[{\"@type\":\"ListItem\",\"position\":1,\"name\":\"Home\",\"item\":\"https:\\\/\\\/www.sagafurs.com\\\/fi\\\/\"},{\"@type\":\"ListItem\",\"position\":2,\"name\":\"Huutokaupat\",\"item\":\"https:\\\/\\\/www.sagafurs.com\\\/fi\\\/huutokaupat\\\/\"},{\"@type\":\"ListItem\",\"position\":3,\"name\":\"Digitaaliset palvelut\"}]},{\"@type\":\"WebSite\",\"@id\":\"https:\\\/\\\/www.sagafurs.com\\\/#website\",\"url\":\"https:\\\/\\\/www.sagafurs.com\\\/\",\"name\":\"Sagafurs\",\"description\":\"Sagafurs\",\"potentialAction\":[{\"@type\":\"SearchAction\",\"target\":{\"@type\":\"EntryPoint\",\"urlTemplate\":\"https:\\\/\\\/www.sagafurs.com\\\/?s={search_term_string}\"},\"query-input\":{\"@type\":\"PropertyValueSpecification\",\"valueRequired\":true,\"valueName\":\"search_term_string\"}}],\"inLanguage\":\"fi-FI\"}]}<\/script>\n<!-- \/ Yoast SEO plugin. -->","yoast_head_json":{"title":"Digitaaliset palvelut - Sagafurs","robots":{"index":"index","follow":"follow","max-snippet":"max-snippet:-1","max-image-preview":"max-image-preview:large","max-video-preview":"max-video-preview:-1"},"canonical":"https:\/\/www.sagafurs.com\/fi\/huutokaupat\/digitaaliset-palvelut\/","og_locale":"fi_FI","og_type":"article","og_title":"Digitaaliset palvelut - Sagafurs","og_description":"Saga Digital Services -palvelussa on uusia etuja tarhaajille ja ostajille. Kirjautumista edellytt\u00e4v\u00e4 Saga Digital Services sis\u00e4lt\u00e4\u00e4 kuusi p\u00e4\u00e4aluetta, jotka tarjoavat liiketoimintaa tehostavia palveluita: \u2022 My Catalogue: Huutokauppakatalogi reaaliaikaisilla hintap\u00e4ivityksill\u00e4. Farmarit saavat tarhakohtaisen huutokauppaseurannan. Ostajilla on huutokaupan aikana k\u00e4yt\u00f6ss\u00e4\u00e4n kaikki tilastotiedot ja ty\u00f6kalut hinta-arviointiin, ja heid\u00e4n asiakkaansa saavat meklariensa hinta-arviot ja voivat l\u00e4hett\u00e4\u00e4 tilauksia. \u2022 Farmer\u2026 Lue lis\u00e4\u00e4 &raquo;","og_url":"https:\/\/www.sagafurs.com\/fi\/huutokaupat\/digitaaliset-palvelut\/","og_site_name":"Sagafurs","article_modified_time":"2022-06-01T07:20:08+00:00","twitter_card":"summary_large_image","twitter_misc":{"Est. reading time":"1 minute"},"schema":{"@context":"https:\/\/schema.org","@graph":[{"@type":"WebPage","@id":"https:\/\/www.sagafurs.com\/fi\/huutokaupat\/digitaaliset-palvelut\/","url":"https:\/\/www.sagafurs.com\/fi\/huutokaupat\/digitaaliset-palvelut\/","name":"Digitaaliset palvelut - Sagafurs","isPartOf":{"@id":"https:\/\/www.sagafurs.com\/#website"},"datePublished":"2016-11-14T13:46:01+00:00","dateModified":"2022-06-01T07:20:08+00:00","breadcrumb":{"@id":"https:\/\/www.sagafurs.com\/fi\/huutokaupat\/digitaaliset-palvelut\/#breadcrumb"},"inLanguage":"fi-FI","potentialAction":[{"@type":"ReadAction","target":["https:\/\/www.sagafurs.com\/fi\/huutokaupat\/digitaaliset-palvelut\/"]}]},{"@type":"BreadcrumbList","@id":"https:\/\/www.sagafurs.com\/fi\/huutokaupat\/digitaaliset-palvelut\/#breadcrumb","itemListElement":[{"@type":"ListItem","position":1,"name":"Home","item":"https:\/\/www.sagafurs.com\/fi\/"},{"@type":"ListItem","position":2,"name":"Huutokaupat","item":"https:\/\/www.sagafurs.com\/fi\/huutokaupat\/"},{"@type":"ListItem","position":3,"name":"Digitaaliset palvelut"}]},{"@type":"WebSite","@id":"https:\/\/www.sagafurs.com\/#website","url":"https:\/\/www.sagafurs.com\/","name":"Sagafurs","description":"Sagafurs","potentialAction":[{"@type":"SearchAction","target":{"@type":"EntryPoint","urlTemplate":"https:\/\/www.sagafurs.com\/?s={search_term_string}"},"query-input":{"@type":"PropertyValueSpecification","valueRequired":true,"valueName":"search_term_string"}}],"inLanguage":"fi-FI"}]}},"_links":{"self":[{"href":"https:\/\/www.sagafurs.com\/fi\/wp-json\/wp\/v2\/pages\/13686","targetHints":{"allow":["GET"]}}],"collection":[{"href":"https:\/\/www.sagafurs.com\/fi\/wp-json\/wp\/v2\/pages"}],"about":[{"href":"https:\/\/www.sagafurs.com\/fi\/wp-json\/wp\/v2\/types\/page"}],"author":[{"embeddable":true,"href":"https:\/\/www.sagafurs.com\/fi\/wp-json\/wp\/v2\/users\/29"}],"replies":[{"embeddable":true,"href":"https:\/\/www.sagafurs.com\/fi\/wp-json\/wp\/v2\/comments?post=13686"}],"version-history":[{"count":0,"href":"https:\/\/www.sagafurs.com\/fi\/wp-json\/wp\/v2\/pages\/13686\/revisions"}],"up":[{"embeddable":true,"href":"https:\/\/www.sagafurs.com\/fi\/wp-json\/wp\/v2\/pages\/360"}],"wp:attachment":[{"href":"https:\/\/www.sagafurs.com\/fi\/wp-json\/wp\/v2\/media?parent=13686"}],"curies":[{"name":"wp","href":"https:\/\/api.w.org\/{rel}","templated":true}]}}