{"id":156268,"date":"2017-02-02T13:48:41","date_gmt":"2017-02-02T12:48:41","guid":{"rendered":"https:\/\/www.sagafurs.com\/?page_id=156268\/"},"modified":"2026-01-05T12:33:59","modified_gmt":"2026-01-05T10:33:59","slug":"websampo","status":"publish","type":"page","link":"https:\/\/www.sagafurs.com\/fi\/huutokaupat\/miten-myyda\/websampo\/","title":{"rendered":"WebSampo &#8211; laatutietoista jalostusta"},"content":{"rendered":"<p>Kolme syyt\u00e4 valita WebSampo<\/p>\n<p><iframe loading=\"lazy\" src=\"https:\/\/www.youtube.com\/embed\/DegFnjeckLU\" width=\"560\" height=\"315\" frameborder=\"0\" allowfullscreen=\"allowfullscreen\"><\/iframe><\/p>\n<h2>Markkinoiden kehittyneiden jalostusohjelma<\/h2>\n<p>WebSampo on kettujen, minkkien ja suomensupin jalostusohjelma, johon kuuluu jo kolmasosa Suomen turkistarhoista. Ohjelman avulla tila l\u00f6yt\u00e4\u00e4 jalostukseen sopivat valioyksil\u00f6t ja hallitsee j\u00e4lkel\u00e4isten sukulaistumista. WebSampoa k\u00e4ytt\u00e4v\u00e4t tarhat, joille nahkojen laatu on prioriteetti numero yksi. WebSampo auttaa tekem\u00e4\u00e4n jalostuksesta suunnitelmallista ja pitk\u00e4j\u00e4nteist\u00e4, mik\u00e4 n\u00e4kyy parempana nahkojen laatuna ja el\u00e4inten perinn\u00f6llisen\u00e4 pentutuloksena.<\/p>\n<p><em>\u201dWEBSAMPOA K\u00c4YTT\u00c4V\u00c4T TARHAT, JOILLE NAHKOJEN LAATU ON PRIORITEETTI NUMERO YKSI.\u201d\u00a0<\/em><\/p>\n<p><strong>Ainutlaatuinen indeksilaskenta apunasi<\/strong><br \/>\nWebSampo k\u00e4ytt\u00e4\u00e4 ainutlaatuista indeksilaskentaa, jonka on kehitt\u00e4nyt Luonnonvarakeskus Luke. Indeksilaskenta hy\u00f6dynt\u00e4\u00e4 tarhaajan sy\u00f6tt\u00e4mi\u00e4 paritus-, penikointi-, gradeeraus-, terveys- ja luonneominaisuuksien tietoja sek\u00e4 Saga Fursin nahkalajittelutietoja. Ohjelma laskee tietojen pohjalta el\u00e4imille jalostusarvot ja laittaa el\u00e4imet paremmuusj\u00e4rjestykseen. N\u00e4in pystyt valitsemaan populaation parhaat el\u00e4imet jalostusk\u00e4ytt\u00f6\u00f6n.<\/p>\n<p>WebSampossa voit valita el\u00e4imi\u00e4 yhden tai useamman ominaisuuden perusteella samanaikaisesti. Voit laittaa el\u00e4imet ranking-j\u00e4rjestykseen ja p\u00e4\u00e4tt\u00e4\u00e4, miten paljon haluat painottaa eri ominaisuuksia kuten pentutulosta tai gradeeraus- ja lajittelutietoja.<\/p>\n<p><a href=\"http:\/\/www.sagafurs.com\/wp-content\/uploads\/2017\/04\/Turkisel\u00e4inten-jalostusohjelma.pdf\">Katso graafi monen ominaisuuden samanaikaisesta geneettisest\u00e4 edistymisest\u00e4<\/a><\/p>\n<p><em>\u201dWEBSAMPOON KUULUU JO KOLMASOSA SUOMEN TURKISEL\u00c4IMIST\u00c4.\u201d<\/em><\/p>\n<p><strong>Hallitse sukulaistumista<\/strong><br \/>\nWebSamposta saat my\u00f6s el\u00e4inten indekseihin perustuvat paritussuositukset. Paritussuunnitelmaa teht\u00e4ess\u00e4 ohjelma ilmoittaa, mik\u00e4li el\u00e4imet ovat liian l\u00e4heist\u00e4 sukua kesken\u00e4\u00e4n. Sukusiitoksen v\u00e4ltt\u00e4minen lis\u00e4\u00e4 j\u00e4lkel\u00e4isten elinkyky\u00e4 ja s\u00e4ilytt\u00e4\u00e4 perim\u00e4n monimuotoisuuden, mik\u00e4 on sukupolvesta toiseen jatkuvan valinnan ja el\u00e4inaineksen parantamisen perusedellytys. Myyt\u00e4v\u00e4n el\u00e4imen sukulaisuussuhteet, tunniste- ja tuotostiedot s\u00e4ilyv\u00e4t WebSampon tietokannassa, vaikka el\u00e4in muuttaisi uuteen tarhaan.<\/p>\n<p>Hedelm\u00e4llisyysindeksien laskennassa on t\u00e4rke\u00e4\u00e4, ett\u00e4 kasvattaja rekister\u00f6i kaikki el\u00e4inten hedelm\u00e4llisyyteen ja lis\u00e4\u00e4ntymiseen liittyv\u00e4t tiedot: onko el\u00e4in tiine tai tyhj\u00e4, paljonko pentuja on menetetty sek\u00e4 mik\u00e4 on pentujen m\u00e4\u00e4r\u00e4 heti niiden synnytty\u00e4 ja kolmen viikon j\u00e4lkeen. Kun tiedot on sy\u00f6tetty, WebSamposta voi tulostaa kattavan penikointitilaston.<\/p>\n<p><strong>WebSampo<\/strong><br \/>\n\u2713 s\u00e4\u00e4st\u00e4\u00e4 aikaasi laskemalla el\u00e4inten jalostusarvot puolestasi<br \/>\n\u2713 auttaa tilaasi tuottamaan entist\u00e4 parempia nahkoja<br \/>\n\u2713 tekee tilasi toiminnasta entist\u00e4 tuottoisampaa<br \/>\n\u2713 s\u00e4ilytt\u00e4\u00e4 kaikki t\u00e4rke\u00e4t tiedot yhdess\u00e4 paikassa<\/p>\n<p>&nbsp;<\/p>\n<p><img loading=\"lazy\" decoding=\"async\" class=\"alignnone size-full wp-image-156269\" src=\"http:\/\/www.sagafurs.com\/wp-content\/uploads\/2017\/02\/WEBSAMPO.jpg\" alt=\"WEBSAMPO\" width=\"760\" height=\"240\" \/><br \/>\n<em>WebSampon avulla tuottaja voi seurata el\u00e4imen indeksin kehittymist\u00e4 ja katsoa, kuuluuko se valtakunnalliseen tai tilan parhaimmistoon.\u00a0Kettujen valtakunnalliset indeksit ovat vertailukelpoisia tilojen v\u00e4lill\u00e4. \u00a0Voit tilata WebSamposta valmiiksi tulostettuja siitosel\u00e4inkortteja, pentukortteja ja pentukortteja nahkaseurantaa varten. Kortit on valmistettu varjotalojen olosuhteisiin soveltuvasta materiaalista.<\/em><\/p>\n<p><strong>Hinnasto<br \/>\n<\/strong>Katso hinnat t\u00e4\u00e4lt\u00e4: <a href=\"https:\/\/www.sagafurs.com\/wp-content\/uploads\/2026\/01\/WebSampo-Hinnasto-2026.pdf\">WebSampo Hinnasto 2026<\/a><\/p>\n<p><strong>Kampanja<\/strong><br \/>\nJos aloitat WebSampon k\u00e4yt\u00f6n uutena tarhana vuonna 2026 ja rekister\u00f6it siitosel\u00e4imet itse WebSampoon, maksamme vuosimaksun ja el\u00e4inmaksun puolestasi.<\/p>\n<p>&nbsp;<\/p>\n<p><strong>Sampofeeder-yksil\u00f6ruokinta<\/strong><\/p>\n<p>Sampofeeder on Suomessa kehitetty ruokintaohjelma. Sampofeeder on ruokinnan apuv\u00e4line, jolla voidaan jakaa erikokoisia rehuannoksia. Sampofeederilla voidaan my\u00f6s suunnitella ja ohjata tarhan ruokintaa.<\/p>\n<p>Rehuannokset, ajoreitit ja ruokintaohjelmat tallennetaan palvelimelle. Rehutiedot siirret\u00e4\u00e4n my\u00f6s WebSampo-tietokantaan, jolloin ruokintatietoja voidaan hy\u00f6dynt\u00e4\u00e4\u00a0<span style=\"font-size: inherit;\">my\u00f6s jalostuksessa.<\/span><\/p>\n<p>Valittavissa on annostelija tai yksil\u00f6ruokinta. Annostelijalla saa tasa-annoksia h\u00e4kille. Yksil\u00f6ruokinta jakaa yksil\u00f6llisi\u00e4 annoksia h\u00e4kille. Annostelija toimii Bluetooth-yhteydell\u00e4. Sampofeeder-sovelluksen voi ladata Android-laitteelle ja t\u00e4ll\u00e4 ohjata annostelijaa esim. puhelimella. Feederilla voidaan tehd\u00e4 my\u00f6s omia ruokintaohjelmia (flush).<\/p>\n<p>&nbsp;<\/p>\n<p><strong>Yhteystiedot<\/strong><br \/>\nWebsampo@sagafurs.com<br \/>\nSonja Gerke puh. 040 705 0101<\/p>\n<p>&nbsp;<\/p>\n","protected":false},"excerpt":{"rendered":"<p>Kolme syyt\u00e4 valita WebSampo Markkinoiden kehittyneiden jalostusohjelma WebSampo on kettujen, minkkien ja suomensupin jalostusohjelma, johon kuuluu jo kolmasosa Suomen turkistarhoista. Ohjelman avulla tila l\u00f6yt\u00e4\u00e4 jalostukseen sopivat valioyksil\u00f6t ja hallitsee j\u00e4lkel\u00e4isten sukulaistumista. WebSampoa k\u00e4ytt\u00e4v\u00e4t tarhat, joille nahkojen laatu on prioriteetti numero yksi. WebSampo auttaa tekem\u00e4\u00e4n jalostuksesta suunnitelmallista ja pitk\u00e4j\u00e4nteist\u00e4, mik\u00e4 n\u00e4kyy parempana nahkojen laatuna ja el\u00e4inten<a class=\"excerpt-read-more\" href=\"https:\/\/www.sagafurs.com\/fi\/huutokaupat\/miten-myyda\/websampo\/\" title=\"LueWebSampo &#8211; laatutietoista jalostusta\">\u2026 Lue lis\u00e4\u00e4 &raquo;<\/a><\/p>\n","protected":false},"author":29,"featured_media":0,"parent":449,"menu_order":0,"comment_status":"closed","ping_status":"closed","template":"templates\/content-page-template.php","meta":{"_acf_changed":false,"footnotes":""},"class_list":["post-156268","page","type-page","status-publish","hentry"],"acf":[],"yoast_head":"<!-- This site is optimized with the Yoast SEO plugin v27.3 - https:\/\/yoast.com\/product\/yoast-seo-wordpress\/ -->\n<title>WebSampo - laatutietoista jalostusta - Sagafurs<\/title>\n<meta name=\"robots\" content=\"index, follow, max-snippet:-1, max-image-preview:large, max-video-preview:-1\" \/>\n<link rel=\"canonical\" href=\"https:\/\/www.sagafurs.com\/fi\/huutokaupat\/miten-myyda\/websampo\/\" \/>\n<meta property=\"og:locale\" content=\"fi_FI\" \/>\n<meta property=\"og:type\" content=\"article\" \/>\n<meta property=\"og:title\" content=\"WebSampo - laatutietoista jalostusta - Sagafurs\" \/>\n<meta property=\"og:description\" content=\"Kolme syyt\u00e4 valita WebSampo Markkinoiden kehittyneiden jalostusohjelma WebSampo on kettujen, minkkien ja suomensupin jalostusohjelma, johon kuuluu jo kolmasosa Suomen turkistarhoista. Ohjelman avulla tila l\u00f6yt\u00e4\u00e4 jalostukseen sopivat valioyksil\u00f6t ja hallitsee j\u00e4lkel\u00e4isten sukulaistumista. WebSampoa k\u00e4ytt\u00e4v\u00e4t tarhat, joille nahkojen laatu on prioriteetti numero yksi. WebSampo auttaa tekem\u00e4\u00e4n jalostuksesta suunnitelmallista ja pitk\u00e4j\u00e4nteist\u00e4, mik\u00e4 n\u00e4kyy parempana nahkojen laatuna ja el\u00e4inten\u2026 Lue lis\u00e4\u00e4 &raquo;\" \/>\n<meta property=\"og:url\" content=\"https:\/\/www.sagafurs.com\/fi\/huutokaupat\/miten-myyda\/websampo\/\" \/>\n<meta property=\"og:site_name\" content=\"Sagafurs\" \/>\n<meta property=\"article:modified_time\" content=\"2026-01-05T10:33:59+00:00\" \/>\n<meta property=\"og:image\" content=\"https:\/\/www.sagafurs.com\/wp-content\/uploads\/2017\/02\/WEBSAMPO.jpg\" \/>\n\t<meta property=\"og:image:width\" content=\"760\" \/>\n\t<meta property=\"og:image:height\" content=\"240\" \/>\n\t<meta property=\"og:image:type\" content=\"image\/jpeg\" \/>\n<meta name=\"twitter:card\" content=\"summary_large_image\" \/>\n<meta name=\"twitter:label1\" content=\"Est. reading time\" \/>\n\t<meta name=\"twitter:data1\" content=\"3 minutes\" \/>\n<script type=\"application\/ld+json\" class=\"yoast-schema-graph\">{\"@context\":\"https:\\\/\\\/schema.org\",\"@graph\":[{\"@type\":\"WebPage\",\"@id\":\"https:\\\/\\\/www.sagafurs.com\\\/fi\\\/huutokaupat\\\/miten-myyda\\\/websampo\\\/\",\"url\":\"https:\\\/\\\/www.sagafurs.com\\\/fi\\\/huutokaupat\\\/miten-myyda\\\/websampo\\\/\",\"name\":\"WebSampo - laatutietoista jalostusta - Sagafurs\",\"isPartOf\":{\"@id\":\"https:\\\/\\\/www.sagafurs.com\\\/#website\"},\"primaryImageOfPage\":{\"@id\":\"https:\\\/\\\/www.sagafurs.com\\\/fi\\\/huutokaupat\\\/miten-myyda\\\/websampo\\\/#primaryimage\"},\"image\":{\"@id\":\"https:\\\/\\\/www.sagafurs.com\\\/fi\\\/huutokaupat\\\/miten-myyda\\\/websampo\\\/#primaryimage\"},\"thumbnailUrl\":\"http:\\\/\\\/www.sagafurs.com\\\/wp-content\\\/uploads\\\/2017\\\/02\\\/WEBSAMPO.jpg\",\"datePublished\":\"2017-02-02T12:48:41+00:00\",\"dateModified\":\"2026-01-05T10:33:59+00:00\",\"breadcrumb\":{\"@id\":\"https:\\\/\\\/www.sagafurs.com\\\/fi\\\/huutokaupat\\\/miten-myyda\\\/websampo\\\/#breadcrumb\"},\"inLanguage\":\"fi-FI\",\"potentialAction\":[{\"@type\":\"ReadAction\",\"target\":[\"https:\\\/\\\/www.sagafurs.com\\\/fi\\\/huutokaupat\\\/miten-myyda\\\/websampo\\\/\"]}]},{\"@type\":\"ImageObject\",\"inLanguage\":\"fi-FI\",\"@id\":\"https:\\\/\\\/www.sagafurs.com\\\/fi\\\/huutokaupat\\\/miten-myyda\\\/websampo\\\/#primaryimage\",\"url\":\"http:\\\/\\\/www.sagafurs.com\\\/wp-content\\\/uploads\\\/2017\\\/02\\\/WEBSAMPO.jpg\",\"contentUrl\":\"http:\\\/\\\/www.sagafurs.com\\\/wp-content\\\/uploads\\\/2017\\\/02\\\/WEBSAMPO.jpg\"},{\"@type\":\"BreadcrumbList\",\"@id\":\"https:\\\/\\\/www.sagafurs.com\\\/fi\\\/huutokaupat\\\/miten-myyda\\\/websampo\\\/#breadcrumb\",\"itemListElement\":[{\"@type\":\"ListItem\",\"position\":1,\"name\":\"Home\",\"item\":\"https:\\\/\\\/www.sagafurs.com\\\/fi\\\/\"},{\"@type\":\"ListItem\",\"position\":2,\"name\":\"Huutokaupat\",\"item\":\"https:\\\/\\\/www.sagafurs.com\\\/fi\\\/huutokaupat\\\/\"},{\"@type\":\"ListItem\",\"position\":3,\"name\":\"Miten myyd\u00e4\",\"item\":\"https:\\\/\\\/www.sagafurs.com\\\/fi\\\/huutokaupat\\\/miten-myyda\\\/\"},{\"@type\":\"ListItem\",\"position\":4,\"name\":\"WebSampo &#8211; laatutietoista jalostusta\"}]},{\"@type\":\"WebSite\",\"@id\":\"https:\\\/\\\/www.sagafurs.com\\\/#website\",\"url\":\"https:\\\/\\\/www.sagafurs.com\\\/\",\"name\":\"Sagafurs\",\"description\":\"Sagafurs\",\"potentialAction\":[{\"@type\":\"SearchAction\",\"target\":{\"@type\":\"EntryPoint\",\"urlTemplate\":\"https:\\\/\\\/www.sagafurs.com\\\/?s={search_term_string}\"},\"query-input\":{\"@type\":\"PropertyValueSpecification\",\"valueRequired\":true,\"valueName\":\"search_term_string\"}}],\"inLanguage\":\"fi-FI\"}]}<\/script>\n<!-- \/ Yoast SEO plugin. -->","yoast_head_json":{"title":"WebSampo - laatutietoista jalostusta - Sagafurs","robots":{"index":"index","follow":"follow","max-snippet":"max-snippet:-1","max-image-preview":"max-image-preview:large","max-video-preview":"max-video-preview:-1"},"canonical":"https:\/\/www.sagafurs.com\/fi\/huutokaupat\/miten-myyda\/websampo\/","og_locale":"fi_FI","og_type":"article","og_title":"WebSampo - laatutietoista jalostusta - Sagafurs","og_description":"Kolme syyt\u00e4 valita WebSampo Markkinoiden kehittyneiden jalostusohjelma WebSampo on kettujen, minkkien ja suomensupin jalostusohjelma, johon kuuluu jo kolmasosa Suomen turkistarhoista. Ohjelman avulla tila l\u00f6yt\u00e4\u00e4 jalostukseen sopivat valioyksil\u00f6t ja hallitsee j\u00e4lkel\u00e4isten sukulaistumista. WebSampoa k\u00e4ytt\u00e4v\u00e4t tarhat, joille nahkojen laatu on prioriteetti numero yksi. WebSampo auttaa tekem\u00e4\u00e4n jalostuksesta suunnitelmallista ja pitk\u00e4j\u00e4nteist\u00e4, mik\u00e4 n\u00e4kyy parempana nahkojen laatuna ja el\u00e4inten\u2026 Lue lis\u00e4\u00e4 &raquo;","og_url":"https:\/\/www.sagafurs.com\/fi\/huutokaupat\/miten-myyda\/websampo\/","og_site_name":"Sagafurs","article_modified_time":"2026-01-05T10:33:59+00:00","og_image":[{"width":760,"height":240,"url":"https:\/\/www.sagafurs.com\/wp-content\/uploads\/2017\/02\/WEBSAMPO.jpg","type":"image\/jpeg"}],"twitter_card":"summary_large_image","twitter_misc":{"Est. reading time":"3 minutes"},"schema":{"@context":"https:\/\/schema.org","@graph":[{"@type":"WebPage","@id":"https:\/\/www.sagafurs.com\/fi\/huutokaupat\/miten-myyda\/websampo\/","url":"https:\/\/www.sagafurs.com\/fi\/huutokaupat\/miten-myyda\/websampo\/","name":"WebSampo - laatutietoista jalostusta - Sagafurs","isPartOf":{"@id":"https:\/\/www.sagafurs.com\/#website"},"primaryImageOfPage":{"@id":"https:\/\/www.sagafurs.com\/fi\/huutokaupat\/miten-myyda\/websampo\/#primaryimage"},"image":{"@id":"https:\/\/www.sagafurs.com\/fi\/huutokaupat\/miten-myyda\/websampo\/#primaryimage"},"thumbnailUrl":"http:\/\/www.sagafurs.com\/wp-content\/uploads\/2017\/02\/WEBSAMPO.jpg","datePublished":"2017-02-02T12:48:41+00:00","dateModified":"2026-01-05T10:33:59+00:00","breadcrumb":{"@id":"https:\/\/www.sagafurs.com\/fi\/huutokaupat\/miten-myyda\/websampo\/#breadcrumb"},"inLanguage":"fi-FI","potentialAction":[{"@type":"ReadAction","target":["https:\/\/www.sagafurs.com\/fi\/huutokaupat\/miten-myyda\/websampo\/"]}]},{"@type":"ImageObject","inLanguage":"fi-FI","@id":"https:\/\/www.sagafurs.com\/fi\/huutokaupat\/miten-myyda\/websampo\/#primaryimage","url":"http:\/\/www.sagafurs.com\/wp-content\/uploads\/2017\/02\/WEBSAMPO.jpg","contentUrl":"http:\/\/www.sagafurs.com\/wp-content\/uploads\/2017\/02\/WEBSAMPO.jpg"},{"@type":"BreadcrumbList","@id":"https:\/\/www.sagafurs.com\/fi\/huutokaupat\/miten-myyda\/websampo\/#breadcrumb","itemListElement":[{"@type":"ListItem","position":1,"name":"Home","item":"https:\/\/www.sagafurs.com\/fi\/"},{"@type":"ListItem","position":2,"name":"Huutokaupat","item":"https:\/\/www.sagafurs.com\/fi\/huutokaupat\/"},{"@type":"ListItem","position":3,"name":"Miten myyd\u00e4","item":"https:\/\/www.sagafurs.com\/fi\/huutokaupat\/miten-myyda\/"},{"@type":"ListItem","position":4,"name":"WebSampo &#8211; laatutietoista jalostusta"}]},{"@type":"WebSite","@id":"https:\/\/www.sagafurs.com\/#website","url":"https:\/\/www.sagafurs.com\/","name":"Sagafurs","description":"Sagafurs","potentialAction":[{"@type":"SearchAction","target":{"@type":"EntryPoint","urlTemplate":"https:\/\/www.sagafurs.com\/?s={search_term_string}"},"query-input":{"@type":"PropertyValueSpecification","valueRequired":true,"valueName":"search_term_string"}}],"inLanguage":"fi-FI"}]}},"_links":{"self":[{"href":"https:\/\/www.sagafurs.com\/fi\/wp-json\/wp\/v2\/pages\/156268","targetHints":{"allow":["GET"]}}],"collection":[{"href":"https:\/\/www.sagafurs.com\/fi\/wp-json\/wp\/v2\/pages"}],"about":[{"href":"https:\/\/www.sagafurs.com\/fi\/wp-json\/wp\/v2\/types\/page"}],"author":[{"embeddable":true,"href":"https:\/\/www.sagafurs.com\/fi\/wp-json\/wp\/v2\/users\/29"}],"replies":[{"embeddable":true,"href":"https:\/\/www.sagafurs.com\/fi\/wp-json\/wp\/v2\/comments?post=156268"}],"version-history":[{"count":0,"href":"https:\/\/www.sagafurs.com\/fi\/wp-json\/wp\/v2\/pages\/156268\/revisions"}],"up":[{"embeddable":true,"href":"https:\/\/www.sagafurs.com\/fi\/wp-json\/wp\/v2\/pages\/449"}],"wp:attachment":[{"href":"https:\/\/www.sagafurs.com\/fi\/wp-json\/wp\/v2\/media?parent=156268"}],"curies":[{"name":"wp","href":"https:\/\/api.w.org\/{rel}","templated":true}]}}