{"id":163417,"date":"2017-06-07T13:30:39","date_gmt":"2017-06-07T11:30:39","guid":{"rendered":"https:\/\/www.sagafurs.com\/?page_id=163417\/"},"modified":"2025-08-27T11:55:59","modified_gmt":"2025-08-27T08:55:59","slug":"seuraa-saga-fursin-huutokauppaa","status":"publish","type":"page","link":"https:\/\/www.sagafurs.com\/fi\/huutokaupat\/seuraa-saga-fursin-huutokauppaa\/","title":{"rendered":"Seuraa Saga Fursin huutokauppaa"},"content":{"rendered":"<p><strong>Seuraa huutokauppaa live-videon v\u00e4lityksell\u00e4<\/strong><\/p>\n<p>Live-kuva huutokauppasalista, klikkaa <span style=\"text-decoration: underline;\"><em><a href=\"https:\/\/viewer.millicast.com?streamId=wc7HYQ\/sfstream\">t\u00e4st\u00e4<\/a><\/em><\/span> (Dolby OptiView high-quality low latency)<\/p>\n<p><strong>Huutokauppa numeroina (ilman videota)<\/strong><\/p>\n<p><a href=\"https:\/\/liveauction.sagafurs.com\/AuctionMonitor.html\"><em><u>Auction monitor<\/u><\/em><\/a> &#8211; T\u00e4\u00e4lt\u00e4 n\u00e4et viimeksi myydyt lotit, tarjotut ja myydyt nahat<\/p>\n<p><strong>Huutokaupan videoseuranta<\/strong><\/p>\n<p>Videoseuranta aukeaa ensimm\u00e4isen\u00e4 myyntip\u00e4iv\u00e4n\u00e4 tunti ennen myynti\u00e4. Muina huutokauppap\u00e4ivin\u00e4 seuranta aukeaa 30 minuuttia ennen myynti\u00e4.<\/p>\n<p><strong>IT-tuki<\/strong><\/p>\n<p>Mik\u00e4li sinulla on ongelmia palveluiden kanssa, ota yhteytt\u00e4 IT-tukeemme <a href=\"mailto:helpdesk@sagafurs.com\"><u>helpdesk@sagafurs.com<\/u><\/a><\/p>\n","protected":false},"excerpt":{"rendered":"<p>Seuraa huutokauppaa live-videon v\u00e4lityksell\u00e4 Live-kuva huutokauppasalista, klikkaa t\u00e4st\u00e4 (Dolby OptiView high-quality low latency) Huutokauppa numeroina (ilman videota) Auction monitor &#8211; T\u00e4\u00e4lt\u00e4 n\u00e4et viimeksi myydyt lotit, tarjotut ja myydyt nahat Huutokaupan videoseuranta Videoseuranta aukeaa ensimm\u00e4isen\u00e4 myyntip\u00e4iv\u00e4n\u00e4 tunti ennen myynti\u00e4. Muina huutokauppap\u00e4ivin\u00e4 seuranta aukeaa 30 minuuttia ennen myynti\u00e4. IT-tuki Mik\u00e4li sinulla on ongelmia palveluiden kanssa, ota yhteytt\u00e4<a class=\"excerpt-read-more\" href=\"https:\/\/www.sagafurs.com\/fi\/huutokaupat\/seuraa-saga-fursin-huutokauppaa\/\" title=\"LueSeuraa Saga Fursin huutokauppaa\">\u2026 Lue lis\u00e4\u00e4 &raquo;<\/a><\/p>\n","protected":false},"author":7,"featured_media":4029,"parent":360,"menu_order":0,"comment_status":"closed","ping_status":"closed","template":"templates\/content-page-template.php","meta":{"_acf_changed":false,"footnotes":""},"class_list":["post-163417","page","type-page","status-publish","has-post-thumbnail","hentry"],"acf":[],"yoast_head":"<!-- This site is optimized with the Yoast SEO plugin v27.4 - https:\/\/yoast.com\/product\/yoast-seo-wordpress\/ -->\n<title>Seuraa Saga Fursin huutokauppaa - Sagafurs<\/title>\n<meta name=\"robots\" content=\"index, follow, max-snippet:-1, max-image-preview:large, max-video-preview:-1\" \/>\n<link rel=\"canonical\" href=\"https:\/\/www.sagafurs.com\/fi\/huutokaupat\/seuraa-saga-fursin-huutokauppaa\/\" \/>\n<meta property=\"og:locale\" content=\"fi_FI\" \/>\n<meta property=\"og:type\" content=\"article\" \/>\n<meta property=\"og:title\" content=\"Seuraa Saga Fursin huutokauppaa - Sagafurs\" \/>\n<meta property=\"og:description\" content=\"Seuraa huutokauppaa live-videon v\u00e4lityksell\u00e4 Live-kuva huutokauppasalista, klikkaa t\u00e4st\u00e4 (Dolby OptiView high-quality low latency) Huutokauppa numeroina (ilman videota) Auction monitor &#8211; T\u00e4\u00e4lt\u00e4 n\u00e4et viimeksi myydyt lotit, tarjotut ja myydyt nahat Huutokaupan videoseuranta Videoseuranta aukeaa ensimm\u00e4isen\u00e4 myyntip\u00e4iv\u00e4n\u00e4 tunti ennen myynti\u00e4. Muina huutokauppap\u00e4ivin\u00e4 seuranta aukeaa 30 minuuttia ennen myynti\u00e4. IT-tuki Mik\u00e4li sinulla on ongelmia palveluiden kanssa, ota yhteytt\u00e4\u2026 Lue lis\u00e4\u00e4 &raquo;\" \/>\n<meta property=\"og:url\" content=\"https:\/\/www.sagafurs.com\/fi\/huutokaupat\/seuraa-saga-fursin-huutokauppaa\/\" \/>\n<meta property=\"og:site_name\" content=\"Sagafurs\" \/>\n<meta property=\"article:modified_time\" content=\"2025-08-27T08:55:59+00:00\" \/>\n<meta property=\"og:image\" content=\"https:\/\/www.sagafurs.com\/wp-content\/uploads\/2016\/10\/auction-180316.jpg\" \/>\n\t<meta property=\"og:image:width\" content=\"690\" \/>\n\t<meta property=\"og:image:height\" content=\"518\" \/>\n\t<meta property=\"og:image:type\" content=\"image\/jpeg\" \/>\n<meta name=\"twitter:card\" content=\"summary_large_image\" \/>\n<meta name=\"twitter:label1\" content=\"Est. reading time\" \/>\n\t<meta name=\"twitter:data1\" content=\"1 minute\" \/>\n<script type=\"application\/ld+json\" class=\"yoast-schema-graph\">{\"@context\":\"https:\\\/\\\/schema.org\",\"@graph\":[{\"@type\":\"WebPage\",\"@id\":\"https:\\\/\\\/www.sagafurs.com\\\/fi\\\/huutokaupat\\\/seuraa-saga-fursin-huutokauppaa\\\/\",\"url\":\"https:\\\/\\\/www.sagafurs.com\\\/fi\\\/huutokaupat\\\/seuraa-saga-fursin-huutokauppaa\\\/\",\"name\":\"Seuraa Saga Fursin huutokauppaa - Sagafurs\",\"isPartOf\":{\"@id\":\"https:\\\/\\\/www.sagafurs.com\\\/#website\"},\"primaryImageOfPage\":{\"@id\":\"https:\\\/\\\/www.sagafurs.com\\\/fi\\\/huutokaupat\\\/seuraa-saga-fursin-huutokauppaa\\\/#primaryimage\"},\"image\":{\"@id\":\"https:\\\/\\\/www.sagafurs.com\\\/fi\\\/huutokaupat\\\/seuraa-saga-fursin-huutokauppaa\\\/#primaryimage\"},\"thumbnailUrl\":\"https:\\\/\\\/www.sagafurs.com\\\/wp-content\\\/uploads\\\/2016\\\/10\\\/auction-180316.jpg\",\"datePublished\":\"2017-06-07T11:30:39+00:00\",\"dateModified\":\"2025-08-27T08:55:59+00:00\",\"breadcrumb\":{\"@id\":\"https:\\\/\\\/www.sagafurs.com\\\/fi\\\/huutokaupat\\\/seuraa-saga-fursin-huutokauppaa\\\/#breadcrumb\"},\"inLanguage\":\"fi-FI\",\"potentialAction\":[{\"@type\":\"ReadAction\",\"target\":[\"https:\\\/\\\/www.sagafurs.com\\\/fi\\\/huutokaupat\\\/seuraa-saga-fursin-huutokauppaa\\\/\"]}]},{\"@type\":\"ImageObject\",\"inLanguage\":\"fi-FI\",\"@id\":\"https:\\\/\\\/www.sagafurs.com\\\/fi\\\/huutokaupat\\\/seuraa-saga-fursin-huutokauppaa\\\/#primaryimage\",\"url\":\"https:\\\/\\\/www.sagafurs.com\\\/wp-content\\\/uploads\\\/2016\\\/10\\\/auction-180316.jpg\",\"contentUrl\":\"https:\\\/\\\/www.sagafurs.com\\\/wp-content\\\/uploads\\\/2016\\\/10\\\/auction-180316.jpg\",\"width\":690,\"height\":518},{\"@type\":\"BreadcrumbList\",\"@id\":\"https:\\\/\\\/www.sagafurs.com\\\/fi\\\/huutokaupat\\\/seuraa-saga-fursin-huutokauppaa\\\/#breadcrumb\",\"itemListElement\":[{\"@type\":\"ListItem\",\"position\":1,\"name\":\"Home\",\"item\":\"https:\\\/\\\/www.sagafurs.com\\\/fi\\\/\"},{\"@type\":\"ListItem\",\"position\":2,\"name\":\"Huutokaupat\",\"item\":\"https:\\\/\\\/www.sagafurs.com\\\/fi\\\/huutokaupat\\\/\"},{\"@type\":\"ListItem\",\"position\":3,\"name\":\"Seuraa Saga Fursin huutokauppaa\"}]},{\"@type\":\"WebSite\",\"@id\":\"https:\\\/\\\/www.sagafurs.com\\\/#website\",\"url\":\"https:\\\/\\\/www.sagafurs.com\\\/\",\"name\":\"Sagafurs\",\"description\":\"Sagafurs\",\"potentialAction\":[{\"@type\":\"SearchAction\",\"target\":{\"@type\":\"EntryPoint\",\"urlTemplate\":\"https:\\\/\\\/www.sagafurs.com\\\/?s={search_term_string}\"},\"query-input\":{\"@type\":\"PropertyValueSpecification\",\"valueRequired\":true,\"valueName\":\"search_term_string\"}}],\"inLanguage\":\"fi-FI\"}]}<\/script>\n<!-- \/ Yoast SEO plugin. -->","yoast_head_json":{"title":"Seuraa Saga Fursin huutokauppaa - Sagafurs","robots":{"index":"index","follow":"follow","max-snippet":"max-snippet:-1","max-image-preview":"max-image-preview:large","max-video-preview":"max-video-preview:-1"},"canonical":"https:\/\/www.sagafurs.com\/fi\/huutokaupat\/seuraa-saga-fursin-huutokauppaa\/","og_locale":"fi_FI","og_type":"article","og_title":"Seuraa Saga Fursin huutokauppaa - Sagafurs","og_description":"Seuraa huutokauppaa live-videon v\u00e4lityksell\u00e4 Live-kuva huutokauppasalista, klikkaa t\u00e4st\u00e4 (Dolby OptiView high-quality low latency) Huutokauppa numeroina (ilman videota) Auction monitor &#8211; T\u00e4\u00e4lt\u00e4 n\u00e4et viimeksi myydyt lotit, tarjotut ja myydyt nahat Huutokaupan videoseuranta Videoseuranta aukeaa ensimm\u00e4isen\u00e4 myyntip\u00e4iv\u00e4n\u00e4 tunti ennen myynti\u00e4. Muina huutokauppap\u00e4ivin\u00e4 seuranta aukeaa 30 minuuttia ennen myynti\u00e4. IT-tuki Mik\u00e4li sinulla on ongelmia palveluiden kanssa, ota yhteytt\u00e4\u2026 Lue lis\u00e4\u00e4 &raquo;","og_url":"https:\/\/www.sagafurs.com\/fi\/huutokaupat\/seuraa-saga-fursin-huutokauppaa\/","og_site_name":"Sagafurs","article_modified_time":"2025-08-27T08:55:59+00:00","og_image":[{"width":690,"height":518,"url":"https:\/\/www.sagafurs.com\/wp-content\/uploads\/2016\/10\/auction-180316.jpg","type":"image\/jpeg"}],"twitter_card":"summary_large_image","twitter_misc":{"Est. reading time":"1 minute"},"schema":{"@context":"https:\/\/schema.org","@graph":[{"@type":"WebPage","@id":"https:\/\/www.sagafurs.com\/fi\/huutokaupat\/seuraa-saga-fursin-huutokauppaa\/","url":"https:\/\/www.sagafurs.com\/fi\/huutokaupat\/seuraa-saga-fursin-huutokauppaa\/","name":"Seuraa Saga Fursin huutokauppaa - Sagafurs","isPartOf":{"@id":"https:\/\/www.sagafurs.com\/#website"},"primaryImageOfPage":{"@id":"https:\/\/www.sagafurs.com\/fi\/huutokaupat\/seuraa-saga-fursin-huutokauppaa\/#primaryimage"},"image":{"@id":"https:\/\/www.sagafurs.com\/fi\/huutokaupat\/seuraa-saga-fursin-huutokauppaa\/#primaryimage"},"thumbnailUrl":"https:\/\/www.sagafurs.com\/wp-content\/uploads\/2016\/10\/auction-180316.jpg","datePublished":"2017-06-07T11:30:39+00:00","dateModified":"2025-08-27T08:55:59+00:00","breadcrumb":{"@id":"https:\/\/www.sagafurs.com\/fi\/huutokaupat\/seuraa-saga-fursin-huutokauppaa\/#breadcrumb"},"inLanguage":"fi-FI","potentialAction":[{"@type":"ReadAction","target":["https:\/\/www.sagafurs.com\/fi\/huutokaupat\/seuraa-saga-fursin-huutokauppaa\/"]}]},{"@type":"ImageObject","inLanguage":"fi-FI","@id":"https:\/\/www.sagafurs.com\/fi\/huutokaupat\/seuraa-saga-fursin-huutokauppaa\/#primaryimage","url":"https:\/\/www.sagafurs.com\/wp-content\/uploads\/2016\/10\/auction-180316.jpg","contentUrl":"https:\/\/www.sagafurs.com\/wp-content\/uploads\/2016\/10\/auction-180316.jpg","width":690,"height":518},{"@type":"BreadcrumbList","@id":"https:\/\/www.sagafurs.com\/fi\/huutokaupat\/seuraa-saga-fursin-huutokauppaa\/#breadcrumb","itemListElement":[{"@type":"ListItem","position":1,"name":"Home","item":"https:\/\/www.sagafurs.com\/fi\/"},{"@type":"ListItem","position":2,"name":"Huutokaupat","item":"https:\/\/www.sagafurs.com\/fi\/huutokaupat\/"},{"@type":"ListItem","position":3,"name":"Seuraa Saga Fursin huutokauppaa"}]},{"@type":"WebSite","@id":"https:\/\/www.sagafurs.com\/#website","url":"https:\/\/www.sagafurs.com\/","name":"Sagafurs","description":"Sagafurs","potentialAction":[{"@type":"SearchAction","target":{"@type":"EntryPoint","urlTemplate":"https:\/\/www.sagafurs.com\/?s={search_term_string}"},"query-input":{"@type":"PropertyValueSpecification","valueRequired":true,"valueName":"search_term_string"}}],"inLanguage":"fi-FI"}]}},"_links":{"self":[{"href":"https:\/\/www.sagafurs.com\/fi\/wp-json\/wp\/v2\/pages\/163417","targetHints":{"allow":["GET"]}}],"collection":[{"href":"https:\/\/www.sagafurs.com\/fi\/wp-json\/wp\/v2\/pages"}],"about":[{"href":"https:\/\/www.sagafurs.com\/fi\/wp-json\/wp\/v2\/types\/page"}],"author":[{"embeddable":true,"href":"https:\/\/www.sagafurs.com\/fi\/wp-json\/wp\/v2\/users\/7"}],"replies":[{"embeddable":true,"href":"https:\/\/www.sagafurs.com\/fi\/wp-json\/wp\/v2\/comments?post=163417"}],"version-history":[{"count":0,"href":"https:\/\/www.sagafurs.com\/fi\/wp-json\/wp\/v2\/pages\/163417\/revisions"}],"up":[{"embeddable":true,"href":"https:\/\/www.sagafurs.com\/fi\/wp-json\/wp\/v2\/pages\/360"}],"wp:featuredmedia":[{"embeddable":true,"href":"https:\/\/www.sagafurs.com\/fi\/wp-json\/wp\/v2\/media\/4029"}],"wp:attachment":[{"href":"https:\/\/www.sagafurs.com\/fi\/wp-json\/wp\/v2\/media?parent=163417"}],"curies":[{"name":"wp","href":"https:\/\/api.w.org\/{rel}","templated":true}]}}