{"id":167798,"date":"2018-05-21T14:34:51","date_gmt":"2018-05-21T12:34:51","guid":{"rendered":"https:\/\/www.sagafurs.com\/?page_id=167798\/"},"modified":"2018-05-30T11:49:39","modified_gmt":"2018-05-30T09:49:39","slug":"tietosuoja","status":"publish","type":"page","link":"https:\/\/www.sagafurs.com\/fi\/tietosuoja\/","title":{"rendered":"Tietosuoja"},"content":{"rendered":"<p>Saga Fursilla on velvollisuus suojata liiketoiminnassa k\u00e4ytett\u00e4vi\u00e4 henkil\u00f6tietoja. Sitoudumme rekisterinpit\u00e4j\u00e4n\u00e4 kunnioittamaan yksityisyytt\u00e4si ja noudattamaan henkil\u00f6tietojen k\u00e4sittelyyn liittyvi\u00e4 velvoitteitamme, jotta henkil\u00f6tiedot suojataan asianmukaisesta ja ne ovat vain valtuutettujen tahojen k\u00e4ytett\u00e4viss\u00e4 tietosuojaselosteissa m\u00e4\u00e4riteltyjen k\u00e4ytt\u00f6tarkoitusten mukaisesti.<\/p>\n<p>Kun k\u00e4yt\u00e4t yrityksemme palveluita, tarvitsemme tiettyj\u00e4 henkil\u00f6tietoja, kuten nimi, s\u00e4hk\u00f6postiosoite ja puhelinnumero. N\u00e4m\u00e4 tiedot ker\u00e4t\u00e4\u00e4n, jotta voimme tunnistaa sinut ja tarjota haluamasi palvelut.<\/p>\n<p>T\u00e4ll\u00e4 sivulla kerromme, mit\u00e4 tietoa ker\u00e4\u00e4mme ja mihin niit\u00e4 k\u00e4yt\u00e4mme sek\u00e4 mitk\u00e4 ovat sinun oikeutesi.<\/p>\n<h2>Tietosuojaselosteet<\/h2>\n<p>Ker\u00e4\u00e4mme eri k\u00e4ytt\u00f6tarkoituksiin erilaisia tietoja. T\u00e4m\u00e4n takia olemme tehneet kolme erilaista tietosuojaselostetta. Selosteissa kerrotaan, mit\u00e4 tarkemmin mit\u00e4 tietoa ker\u00e4t\u00e4\u00e4n ja miten sit\u00e4 k\u00e4sitell\u00e4\u00e4n eri tilanteissa.<\/p>\n<p><a href=\"http:\/\/www.sagafurs.com\/wp-content\/uploads\/2018\/05\/Saga-Furs-Tietosuojaseloste-Yritysasiakkaat-3.pdf\" target=\"_blank\" rel=\"noopener\">Tietosuojaseloste \u2013 asiakkaat ja yhteisty\u00f6kumppanit<\/a><\/p>\n<p><a href=\"http:\/\/www.sagafurs.com\/wp-content\/uploads\/2018\/05\/Saga-Furs-Tietosuojaseloste-Entiset-ty\u00f6ntekij\u00e4t-2.pdf\" target=\"_blank\" rel=\"noopener\">Tietosuojaseloste \u2013 entiset ty\u00f6ntekij\u00e4t<\/a><\/p>\n<p><a href=\"http:\/\/www.sagafurs.com\/wp-content\/uploads\/2018\/05\/Saga-Furs-Tietosuojaseloste-Ty\u00f6nhakijat-2.pdf\" target=\"_blank\" rel=\"noopener\">Tietosuojaseloste \u2013 ty\u00f6nhakijat<\/a><\/p>\n<p><strong>Rekister\u00f6idyn oikeudet<\/strong><\/p>\n<p>Tietosuojalains\u00e4\u00e4d\u00e4nn\u00f6n mukaan sinulla on mm. oikeus tiet\u00e4\u00e4, mit\u00e4 henkil\u00f6tietoja k\u00e4sittelemme, pyyt\u00e4\u00e4 tietojen oikaisua, kielt\u00e4yty\u00e4 suoramarkkinoinnista ja pyyt\u00e4\u00e4 poistamaan henkil\u00f6tietosi. Vastaamme pyynt\u00f6\u00f6si 30 p\u00e4iv\u00e4n kuluessa sen vastaanottamisesta.<\/p>\n<p>Yhteydenotot tietosuojaan liittyen <a href=\"mailto:dataprivacy@sagafurs.com\">dataprivacy@sagafurs.com<\/a><\/p>\n<p>&nbsp;<\/p>\n","protected":false},"excerpt":{"rendered":"<p>Saga Fursilla on velvollisuus suojata liiketoiminnassa k\u00e4ytett\u00e4vi\u00e4 henkil\u00f6tietoja. Sitoudumme rekisterinpit\u00e4j\u00e4n\u00e4 kunnioittamaan yksityisyytt\u00e4si ja noudattamaan henkil\u00f6tietojen k\u00e4sittelyyn liittyvi\u00e4 velvoitteitamme, jotta henkil\u00f6tiedot suojataan asianmukaisesta ja ne ovat vain valtuutettujen tahojen k\u00e4ytett\u00e4viss\u00e4 tietosuojaselosteissa m\u00e4\u00e4riteltyjen k\u00e4ytt\u00f6tarkoitusten mukaisesti. Kun k\u00e4yt\u00e4t yrityksemme palveluita, tarvitsemme tiettyj\u00e4 henkil\u00f6tietoja, kuten nimi, s\u00e4hk\u00f6postiosoite ja puhelinnumero. N\u00e4m\u00e4 tiedot ker\u00e4t\u00e4\u00e4n, jotta voimme tunnistaa sinut ja tarjota haluamasi<a class=\"excerpt-read-more\" href=\"https:\/\/www.sagafurs.com\/fi\/tietosuoja\/\" title=\"LueTietosuoja\">\u2026 Lue lis\u00e4\u00e4 &raquo;<\/a><\/p>\n","protected":false},"author":29,"featured_media":0,"parent":0,"menu_order":0,"comment_status":"closed","ping_status":"closed","template":"templates\/content-page-template.php","meta":{"_acf_changed":false,"footnotes":""},"class_list":["post-167798","page","type-page","status-publish","hentry"],"acf":[],"yoast_head":"<!-- This site is optimized with the Yoast SEO plugin v27.5 - https:\/\/yoast.com\/product\/yoast-seo-wordpress\/ -->\n<title>Tietosuoja - Sagafurs<\/title>\n<meta name=\"robots\" content=\"index, follow, max-snippet:-1, max-image-preview:large, max-video-preview:-1\" \/>\n<link rel=\"canonical\" href=\"https:\/\/www.sagafurs.com\/fi\/tietosuoja\/\" \/>\n<meta property=\"og:locale\" content=\"fi_FI\" \/>\n<meta property=\"og:type\" content=\"article\" \/>\n<meta property=\"og:title\" content=\"Tietosuoja - Sagafurs\" \/>\n<meta property=\"og:description\" content=\"Saga Fursilla on velvollisuus suojata liiketoiminnassa k\u00e4ytett\u00e4vi\u00e4 henkil\u00f6tietoja. Sitoudumme rekisterinpit\u00e4j\u00e4n\u00e4 kunnioittamaan yksityisyytt\u00e4si ja noudattamaan henkil\u00f6tietojen k\u00e4sittelyyn liittyvi\u00e4 velvoitteitamme, jotta henkil\u00f6tiedot suojataan asianmukaisesta ja ne ovat vain valtuutettujen tahojen k\u00e4ytett\u00e4viss\u00e4 tietosuojaselosteissa m\u00e4\u00e4riteltyjen k\u00e4ytt\u00f6tarkoitusten mukaisesti. Kun k\u00e4yt\u00e4t yrityksemme palveluita, tarvitsemme tiettyj\u00e4 henkil\u00f6tietoja, kuten nimi, s\u00e4hk\u00f6postiosoite ja puhelinnumero. N\u00e4m\u00e4 tiedot ker\u00e4t\u00e4\u00e4n, jotta voimme tunnistaa sinut ja tarjota haluamasi\u2026 Lue lis\u00e4\u00e4 &raquo;\" \/>\n<meta property=\"og:url\" content=\"https:\/\/www.sagafurs.com\/fi\/tietosuoja\/\" \/>\n<meta property=\"og:site_name\" content=\"Sagafurs\" \/>\n<meta property=\"article:modified_time\" content=\"2018-05-30T09:49:39+00:00\" \/>\n<meta name=\"twitter:card\" content=\"summary_large_image\" \/>\n<meta name=\"twitter:label1\" content=\"Est. reading time\" \/>\n\t<meta name=\"twitter:data1\" content=\"1 minute\" \/>\n<script type=\"application\/ld+json\" class=\"yoast-schema-graph\">{\"@context\":\"https:\\\/\\\/schema.org\",\"@graph\":[{\"@type\":\"WebPage\",\"@id\":\"https:\\\/\\\/www.sagafurs.com\\\/fi\\\/tietosuoja\\\/\",\"url\":\"https:\\\/\\\/www.sagafurs.com\\\/fi\\\/tietosuoja\\\/\",\"name\":\"Tietosuoja - Sagafurs\",\"isPartOf\":{\"@id\":\"https:\\\/\\\/www.sagafurs.com\\\/#website\"},\"datePublished\":\"2018-05-21T12:34:51+00:00\",\"dateModified\":\"2018-05-30T09:49:39+00:00\",\"breadcrumb\":{\"@id\":\"https:\\\/\\\/www.sagafurs.com\\\/fi\\\/tietosuoja\\\/#breadcrumb\"},\"inLanguage\":\"fi-FI\",\"potentialAction\":[{\"@type\":\"ReadAction\",\"target\":[\"https:\\\/\\\/www.sagafurs.com\\\/fi\\\/tietosuoja\\\/\"]}]},{\"@type\":\"BreadcrumbList\",\"@id\":\"https:\\\/\\\/www.sagafurs.com\\\/fi\\\/tietosuoja\\\/#breadcrumb\",\"itemListElement\":[{\"@type\":\"ListItem\",\"position\":1,\"name\":\"Home\",\"item\":\"https:\\\/\\\/www.sagafurs.com\\\/fi\\\/\"},{\"@type\":\"ListItem\",\"position\":2,\"name\":\"Tietosuoja\"}]},{\"@type\":\"WebSite\",\"@id\":\"https:\\\/\\\/www.sagafurs.com\\\/#website\",\"url\":\"https:\\\/\\\/www.sagafurs.com\\\/\",\"name\":\"Sagafurs\",\"description\":\"Sagafurs\",\"potentialAction\":[{\"@type\":\"SearchAction\",\"target\":{\"@type\":\"EntryPoint\",\"urlTemplate\":\"https:\\\/\\\/www.sagafurs.com\\\/?s={search_term_string}\"},\"query-input\":{\"@type\":\"PropertyValueSpecification\",\"valueRequired\":true,\"valueName\":\"search_term_string\"}}],\"inLanguage\":\"fi-FI\"}]}<\/script>\n<!-- \/ Yoast SEO plugin. -->","yoast_head_json":{"title":"Tietosuoja - Sagafurs","robots":{"index":"index","follow":"follow","max-snippet":"max-snippet:-1","max-image-preview":"max-image-preview:large","max-video-preview":"max-video-preview:-1"},"canonical":"https:\/\/www.sagafurs.com\/fi\/tietosuoja\/","og_locale":"fi_FI","og_type":"article","og_title":"Tietosuoja - Sagafurs","og_description":"Saga Fursilla on velvollisuus suojata liiketoiminnassa k\u00e4ytett\u00e4vi\u00e4 henkil\u00f6tietoja. Sitoudumme rekisterinpit\u00e4j\u00e4n\u00e4 kunnioittamaan yksityisyytt\u00e4si ja noudattamaan henkil\u00f6tietojen k\u00e4sittelyyn liittyvi\u00e4 velvoitteitamme, jotta henkil\u00f6tiedot suojataan asianmukaisesta ja ne ovat vain valtuutettujen tahojen k\u00e4ytett\u00e4viss\u00e4 tietosuojaselosteissa m\u00e4\u00e4riteltyjen k\u00e4ytt\u00f6tarkoitusten mukaisesti. Kun k\u00e4yt\u00e4t yrityksemme palveluita, tarvitsemme tiettyj\u00e4 henkil\u00f6tietoja, kuten nimi, s\u00e4hk\u00f6postiosoite ja puhelinnumero. N\u00e4m\u00e4 tiedot ker\u00e4t\u00e4\u00e4n, jotta voimme tunnistaa sinut ja tarjota haluamasi\u2026 Lue lis\u00e4\u00e4 &raquo;","og_url":"https:\/\/www.sagafurs.com\/fi\/tietosuoja\/","og_site_name":"Sagafurs","article_modified_time":"2018-05-30T09:49:39+00:00","twitter_card":"summary_large_image","twitter_misc":{"Est. reading time":"1 minute"},"schema":{"@context":"https:\/\/schema.org","@graph":[{"@type":"WebPage","@id":"https:\/\/www.sagafurs.com\/fi\/tietosuoja\/","url":"https:\/\/www.sagafurs.com\/fi\/tietosuoja\/","name":"Tietosuoja - Sagafurs","isPartOf":{"@id":"https:\/\/www.sagafurs.com\/#website"},"datePublished":"2018-05-21T12:34:51+00:00","dateModified":"2018-05-30T09:49:39+00:00","breadcrumb":{"@id":"https:\/\/www.sagafurs.com\/fi\/tietosuoja\/#breadcrumb"},"inLanguage":"fi-FI","potentialAction":[{"@type":"ReadAction","target":["https:\/\/www.sagafurs.com\/fi\/tietosuoja\/"]}]},{"@type":"BreadcrumbList","@id":"https:\/\/www.sagafurs.com\/fi\/tietosuoja\/#breadcrumb","itemListElement":[{"@type":"ListItem","position":1,"name":"Home","item":"https:\/\/www.sagafurs.com\/fi\/"},{"@type":"ListItem","position":2,"name":"Tietosuoja"}]},{"@type":"WebSite","@id":"https:\/\/www.sagafurs.com\/#website","url":"https:\/\/www.sagafurs.com\/","name":"Sagafurs","description":"Sagafurs","potentialAction":[{"@type":"SearchAction","target":{"@type":"EntryPoint","urlTemplate":"https:\/\/www.sagafurs.com\/?s={search_term_string}"},"query-input":{"@type":"PropertyValueSpecification","valueRequired":true,"valueName":"search_term_string"}}],"inLanguage":"fi-FI"}]}},"_links":{"self":[{"href":"https:\/\/www.sagafurs.com\/fi\/wp-json\/wp\/v2\/pages\/167798","targetHints":{"allow":["GET"]}}],"collection":[{"href":"https:\/\/www.sagafurs.com\/fi\/wp-json\/wp\/v2\/pages"}],"about":[{"href":"https:\/\/www.sagafurs.com\/fi\/wp-json\/wp\/v2\/types\/page"}],"author":[{"embeddable":true,"href":"https:\/\/www.sagafurs.com\/fi\/wp-json\/wp\/v2\/users\/29"}],"replies":[{"embeddable":true,"href":"https:\/\/www.sagafurs.com\/fi\/wp-json\/wp\/v2\/comments?post=167798"}],"version-history":[{"count":0,"href":"https:\/\/www.sagafurs.com\/fi\/wp-json\/wp\/v2\/pages\/167798\/revisions"}],"wp:attachment":[{"href":"https:\/\/www.sagafurs.com\/fi\/wp-json\/wp\/v2\/media?parent=167798"}],"curies":[{"name":"wp","href":"https:\/\/api.w.org\/{rel}","templated":true}]}}