{"id":169221,"date":"2018-10-31T08:05:14","date_gmt":"2018-10-31T06:05:14","guid":{"rendered":"https:\/\/www.sagafurs.com\/?page_id=169221\/"},"modified":"2025-08-25T13:54:27","modified_gmt":"2025-08-25T10:54:27","slug":"saga-furs-90-vuoden-historia","status":"publish","type":"page","link":"https:\/\/www.sagafurs.com\/fi\/yritys\/tietoa-meista\/saga-furs-90-vuoden-historia\/","title":{"rendered":"Saga Furs &#8211; jo l\u00e4hes 90 vuoden historia"},"content":{"rendered":"<p><strong>Takana jo l\u00e4hes 90 vuotta historiaa \u2013 Saga Furs on turkistoimialan johtava toimija ja vastuullisin valinta <\/strong><\/p>\n<p>Suomen Turkisel\u00e4inten Kasvattajain Liitto perusti huutokauppayhti\u00f6 Saga Fursin vuonna <strong>1938<\/strong>. Ensimm\u00e4iset paikalliset huutokaupat j\u00e4rjestettiin 1940-luvulla, jolloin valettiin pohja nykyiselle kansainv\u00e4liselle br\u00e4ndille ja huutokauppayhti\u00f6lle.<\/p>\n<p><strong>1950<\/strong>-luvulla j\u00e4rjestettiin ensimm\u00e4iset kansainv\u00e4liset huutokaupat Suomessa, ja Saga Furs alkoi saada mainetta laatubr\u00e4ndin\u00e4 ja muotiteollisuuden suosikkikumppanina. Turkiksen laadun kehitt\u00e4miseksi vuodesta 1953 l\u00e4htien on joka vuosi j\u00e4rjestetty turkisnahkan\u00e4yttelyt.<\/p>\n<p>Jo <strong>1960<\/strong>-luvulla Saga Furs oli tienraivaaja kehitt\u00e4ess\u00e4\u00e4n liiketoimintaansa ja tehdess\u00e4\u00e4n merkitt\u00e4vi\u00e4 investointeja el\u00e4inten rehuun ja jalostukseen. N\u00e4in varmistettiin korkealuokkaiset turkisnahat, joista Saga Furs on tullut tunnetuksi. Samanaikaisesti Saga Fursin br\u00e4ndi yhdistettiin huippumuotiin ja luotettaviin kumppanuussuhteisiin.<\/p>\n<p>Design-kilpailujen kautta <strong>1970<\/strong>-luvulla Saga Furs inspiroi uutta suunnittelijasukupolvea, joka alkoi kokeilla uusia turkistekniikoita.<\/p>\n<p><strong>1980<\/strong>-luvulla Saga Furs avasi Fur Centerin ovet ja j\u00e4rjesti ensimm\u00e4isen huutokaupan uusissa tiloissaan Vantaalla. Saga Furs listautui Helsingin p\u00f6rssiin vuonna 1986 ja on edelleen alansa ainoa p\u00f6rssiyhti\u00f6.<\/p>\n<p>Yhteisty\u00f6st\u00e4 muotimaailman kanssa tuli br\u00e4ndistrategian selk\u00e4ranka, kun muotisuunnitteluun keskittyv\u00e4 Design Center avattiin vuonna 1988. N\u00e4ihin aikoihin Saga Furs aloitti my\u00f6s tuotteidensa markkinoinnin Kiinassa.<\/p>\n<p><strong>1990<\/strong>-luvun alussa Saga Furs alkoi kehitt\u00e4\u00e4 Sampo-ohjelmaa. Se on jalostusty\u00f6kalu, jonka avulla tarhaajat voivat rekister\u00f6id\u00e4 siitosel\u00e4imens\u00e4 ja niiden sukutiedot. 1990-luvun loppupuolella automatisoidut lajittelukoneet paransivat Sagan lajitteluj\u00e4rjestelm\u00e4n luotettavuutta entisest\u00e4\u00e4n. Design Centeriss\u00e4 keksittiin ensimm\u00e4isen\u00e4, ett\u00e4 turkista voi k\u00e4ytt\u00e4\u00e4 my\u00f6s kodin sisustuksessa.<\/p>\n<p>Saga Furs lanseerasi Fur Vision -tapahtuman New Yorkissa vuonna <strong>2000<\/strong>. Tapahtuman tarkoitus oli vied\u00e4 Design Centeriss\u00e4 kehitettyj\u00e4 turkisinnovaatioita ja -tekniikoita maailman muotip\u00e4\u00e4kaupunkeihin. New Yorkin tapahtuma oli menestys, jonka j\u00e4lkeen ruvettiin j\u00e4rjest\u00e4m\u00e4\u00e4n vastaavia tapahtumia my\u00f6s Milanossa, Pariisissa ja Lontoossa.<\/p>\n<p><img loading=\"lazy\" decoding=\"async\" class=\"alignnone wp-image-169234 size-full\" src=\"http:\/\/www.sagafurs.com\/wp-content\/uploads\/2018\/10\/Saga-Furs-80-years-image5.jpg\" alt=\"\" width=\"1024\" height=\"683\" srcset=\"https:\/\/www.sagafurs.com\/wp-content\/uploads\/2018\/10\/Saga-Furs-80-years-image5.jpg 1024w, https:\/\/www.sagafurs.com\/wp-content\/uploads\/2018\/10\/Saga-Furs-80-years-image5-576x384.jpg 576w, https:\/\/www.sagafurs.com\/wp-content\/uploads\/2018\/10\/Saga-Furs-80-years-image5-768x512.jpg 768w, https:\/\/www.sagafurs.com\/wp-content\/uploads\/2018\/10\/Saga-Furs-80-years-image5-675x450.jpg 675w\" sizes=\"auto, (max-width: 1024px) 100vw, 1024px\" \/><\/p>\n<p>Vuonna <strong>2005<\/strong> lanseerattiin Saga-sertifiointi, kun Saga Furs yhdess\u00e4 Suomen Turkisel\u00e4inten Kasvattajain Liiton kanssa toi turkisel\u00e4inten kasvatukseen uraauurtavat standardit. Samalla vuosikymmenell\u00e4 Saga my\u00f6s lanseerasi ensimm\u00e4isen j\u00e4ljitett\u00e4vyysj\u00e4rjestelm\u00e4ns\u00e4, jonka avulla turkisnahkaer\u00e4t on mahdollista j\u00e4ljitt\u00e4\u00e4 turkistilalle asti.<\/p>\n<p>Vuonna <strong>2008<\/strong> Saga Furs esitteli ensimm\u00e4isen\u00e4 alalla yhteiskuntavastuuohjelmansa. Samana vuonna Saga Furs oli taas alan pioneeri, kun se liittyi Yhdistyneiden kansakuntien Global Compact -aloitteeseen kest\u00e4v\u00e4n liiketoiminnan edist\u00e4miseksi.<\/p>\n<p>Vuonna <strong>2010<\/strong> saavutettiin Aasiassa merkitt\u00e4v\u00e4 virstanpylv\u00e4s, kun Fur Vision -tapahtumia alettiin j\u00e4rjest\u00e4m\u00e4\u00e4n my\u00f6s siell\u00e4. Vuonna 2018 Saga Furs lanseerasi BIFTPARK Hainingissa koulutusohjelman, jonka tarkoituksena on jakaa Sagan turkisinnovaatioita ja k\u00e4sity\u00f6taitoja Kiinan tuleville luovan alan lahjakkuuksille. Jalostusohjelma Sampo tuotiin nykyaikaan vuonna 2013, kun WebSampo lanseerattiin verkkopohjaisena ty\u00f6kaluna.<\/p>\n<p><strong>Miss\u00e4 olemme nyt?<\/strong><\/p>\n<ul>\n<li>Sertifiointi- ja j\u00e4ljitett\u00e4vyysj\u00e4rjestelm\u00e4:\u00a0Saga Furs on maailmalla tunnustettu kest\u00e4vien ja vastuullisten toimintatapojen eettinen edell\u00e4k\u00e4vij\u00e4.<\/li>\n<li>Yrityksen lajitteluj\u00e4rjestelm\u00e4 tunnetaan alan parhaana.<\/li>\n<li>Saga Furs tekee tiivist\u00e4 yhteisty\u00f6t\u00e4\u00a0useiden\u00a0kansainv\u00e4listen muotisuunnittelukoulujen\u00a0kanssa\u00a0Euroopassa, Aasiassa ja Pohjois-Amerikassa.<\/li>\n<li>Saga Furs Design Centerin ty\u00f6 jatkuu nyt Saga Furs Creative Hubissa Vantaan Fur Centeriss\u00e4. Siell\u00e4 vierailee jatkuvasti t\u00e4rkeimpi\u00e4 sidosryhmi\u00e4 tutustumassa viimeisimpiin mallistoihin, turkistrendeihin ja tuotekehitykseen.<\/li>\n<\/ul>\n<p><iframe loading=\"lazy\" src=\"https:\/\/www.youtube.com\/embed\/-LdiueT9qXQ\" width=\"560\" height=\"315\" frameborder=\"0\" allowfullscreen=\"allowfullscreen\"><\/iframe><\/p>\n","protected":false},"excerpt":{"rendered":"<p>Takana jo l\u00e4hes 90 vuotta historiaa \u2013 Saga Furs on turkistoimialan johtava toimija ja vastuullisin valinta Suomen Turkisel\u00e4inten Kasvattajain Liitto perusti huutokauppayhti\u00f6 Saga Fursin vuonna 1938. Ensimm\u00e4iset paikalliset huutokaupat j\u00e4rjestettiin 1940-luvulla, jolloin valettiin pohja nykyiselle kansainv\u00e4liselle br\u00e4ndille ja huutokauppayhti\u00f6lle. 1950-luvulla j\u00e4rjestettiin ensimm\u00e4iset kansainv\u00e4liset huutokaupat Suomessa, ja Saga Furs alkoi saada mainetta laatubr\u00e4ndin\u00e4 ja muotiteollisuuden suosikkikumppanina.<a class=\"excerpt-read-more\" href=\"https:\/\/www.sagafurs.com\/fi\/yritys\/tietoa-meista\/saga-furs-90-vuoden-historia\/\" title=\"LueSaga Furs &#8211; jo l\u00e4hes 90 vuoden historia\">\u2026 Lue lis\u00e4\u00e4 &raquo;<\/a><\/p>\n","protected":false},"author":29,"featured_media":169195,"parent":505,"menu_order":0,"comment_status":"closed","ping_status":"closed","template":"templates\/content-page-template.php","meta":{"_acf_changed":false,"footnotes":""},"class_list":["post-169221","page","type-page","status-publish","has-post-thumbnail","hentry"],"acf":[],"yoast_head":"<!-- This site is optimized with the Yoast SEO plugin v27.3 - https:\/\/yoast.com\/product\/yoast-seo-wordpress\/ -->\n<title>Saga Furs - jo l\u00e4hes 90 vuoden historia - Sagafurs<\/title>\n<meta name=\"robots\" content=\"index, follow, max-snippet:-1, max-image-preview:large, max-video-preview:-1\" \/>\n<link rel=\"canonical\" href=\"https:\/\/www.sagafurs.com\/fi\/yritys\/tietoa-meista\/saga-furs-90-vuoden-historia\/\" \/>\n<meta property=\"og:locale\" content=\"fi_FI\" \/>\n<meta property=\"og:type\" content=\"article\" \/>\n<meta property=\"og:title\" content=\"Saga Furs - jo l\u00e4hes 90 vuoden historia - Sagafurs\" \/>\n<meta property=\"og:description\" content=\"Takana jo l\u00e4hes 90 vuotta historiaa \u2013 Saga Furs on turkistoimialan johtava toimija ja vastuullisin valinta Suomen Turkisel\u00e4inten Kasvattajain Liitto perusti huutokauppayhti\u00f6 Saga Fursin vuonna 1938. Ensimm\u00e4iset paikalliset huutokaupat j\u00e4rjestettiin 1940-luvulla, jolloin valettiin pohja nykyiselle kansainv\u00e4liselle br\u00e4ndille ja huutokauppayhti\u00f6lle. 1950-luvulla j\u00e4rjestettiin ensimm\u00e4iset kansainv\u00e4liset huutokaupat Suomessa, ja Saga Furs alkoi saada mainetta laatubr\u00e4ndin\u00e4 ja muotiteollisuuden suosikkikumppanina.\u2026 Lue lis\u00e4\u00e4 &raquo;\" \/>\n<meta property=\"og:url\" content=\"https:\/\/www.sagafurs.com\/fi\/yritys\/tietoa-meista\/saga-furs-90-vuoden-historia\/\" \/>\n<meta property=\"og:site_name\" content=\"Sagafurs\" \/>\n<meta property=\"article:modified_time\" content=\"2025-08-25T10:54:27+00:00\" \/>\n<meta property=\"og:image\" content=\"https:\/\/www.sagafurs.com\/wp-content\/uploads\/2018\/10\/Saga-Furs-Heritage-80-years-bannerimage.jpg\" \/>\n\t<meta property=\"og:image:width\" content=\"1200\" \/>\n\t<meta property=\"og:image:height\" content=\"450\" \/>\n\t<meta property=\"og:image:type\" content=\"image\/jpeg\" \/>\n<meta name=\"twitter:card\" content=\"summary_large_image\" \/>\n<meta name=\"twitter:label1\" content=\"Est. reading time\" \/>\n\t<meta name=\"twitter:data1\" content=\"3 minutes\" \/>\n<script type=\"application\/ld+json\" class=\"yoast-schema-graph\">{\"@context\":\"https:\\\/\\\/schema.org\",\"@graph\":[{\"@type\":\"WebPage\",\"@id\":\"https:\\\/\\\/www.sagafurs.com\\\/fi\\\/yritys\\\/tietoa-meista\\\/saga-furs-90-vuoden-historia\\\/\",\"url\":\"https:\\\/\\\/www.sagafurs.com\\\/fi\\\/yritys\\\/tietoa-meista\\\/saga-furs-90-vuoden-historia\\\/\",\"name\":\"Saga Furs - jo l\u00e4hes 90 vuoden historia - Sagafurs\",\"isPartOf\":{\"@id\":\"https:\\\/\\\/www.sagafurs.com\\\/#website\"},\"primaryImageOfPage\":{\"@id\":\"https:\\\/\\\/www.sagafurs.com\\\/fi\\\/yritys\\\/tietoa-meista\\\/saga-furs-90-vuoden-historia\\\/#primaryimage\"},\"image\":{\"@id\":\"https:\\\/\\\/www.sagafurs.com\\\/fi\\\/yritys\\\/tietoa-meista\\\/saga-furs-90-vuoden-historia\\\/#primaryimage\"},\"thumbnailUrl\":\"https:\\\/\\\/www.sagafurs.com\\\/wp-content\\\/uploads\\\/2018\\\/10\\\/Saga-Furs-Heritage-80-years-bannerimage.jpg\",\"datePublished\":\"2018-10-31T06:05:14+00:00\",\"dateModified\":\"2025-08-25T10:54:27+00:00\",\"breadcrumb\":{\"@id\":\"https:\\\/\\\/www.sagafurs.com\\\/fi\\\/yritys\\\/tietoa-meista\\\/saga-furs-90-vuoden-historia\\\/#breadcrumb\"},\"inLanguage\":\"fi-FI\",\"potentialAction\":[{\"@type\":\"ReadAction\",\"target\":[\"https:\\\/\\\/www.sagafurs.com\\\/fi\\\/yritys\\\/tietoa-meista\\\/saga-furs-90-vuoden-historia\\\/\"]}]},{\"@type\":\"ImageObject\",\"inLanguage\":\"fi-FI\",\"@id\":\"https:\\\/\\\/www.sagafurs.com\\\/fi\\\/yritys\\\/tietoa-meista\\\/saga-furs-90-vuoden-historia\\\/#primaryimage\",\"url\":\"https:\\\/\\\/www.sagafurs.com\\\/wp-content\\\/uploads\\\/2018\\\/10\\\/Saga-Furs-Heritage-80-years-bannerimage.jpg\",\"contentUrl\":\"https:\\\/\\\/www.sagafurs.com\\\/wp-content\\\/uploads\\\/2018\\\/10\\\/Saga-Furs-Heritage-80-years-bannerimage.jpg\",\"width\":1200,\"height\":450},{\"@type\":\"BreadcrumbList\",\"@id\":\"https:\\\/\\\/www.sagafurs.com\\\/fi\\\/yritys\\\/tietoa-meista\\\/saga-furs-90-vuoden-historia\\\/#breadcrumb\",\"itemListElement\":[{\"@type\":\"ListItem\",\"position\":1,\"name\":\"Home\",\"item\":\"https:\\\/\\\/www.sagafurs.com\\\/fi\\\/\"},{\"@type\":\"ListItem\",\"position\":2,\"name\":\"Yritys\",\"item\":\"https:\\\/\\\/www.sagafurs.com\\\/fi\\\/yritys\\\/\"},{\"@type\":\"ListItem\",\"position\":3,\"name\":\"Tietoa meist\u00e4\",\"item\":\"https:\\\/\\\/www.sagafurs.com\\\/fi\\\/yritys\\\/tietoa-meista\\\/\"},{\"@type\":\"ListItem\",\"position\":4,\"name\":\"Saga Furs &#8211; jo l\u00e4hes 90 vuoden historia\"}]},{\"@type\":\"WebSite\",\"@id\":\"https:\\\/\\\/www.sagafurs.com\\\/#website\",\"url\":\"https:\\\/\\\/www.sagafurs.com\\\/\",\"name\":\"Sagafurs\",\"description\":\"Sagafurs\",\"potentialAction\":[{\"@type\":\"SearchAction\",\"target\":{\"@type\":\"EntryPoint\",\"urlTemplate\":\"https:\\\/\\\/www.sagafurs.com\\\/?s={search_term_string}\"},\"query-input\":{\"@type\":\"PropertyValueSpecification\",\"valueRequired\":true,\"valueName\":\"search_term_string\"}}],\"inLanguage\":\"fi-FI\"}]}<\/script>\n<!-- \/ Yoast SEO plugin. -->","yoast_head_json":{"title":"Saga Furs - jo l\u00e4hes 90 vuoden historia - Sagafurs","robots":{"index":"index","follow":"follow","max-snippet":"max-snippet:-1","max-image-preview":"max-image-preview:large","max-video-preview":"max-video-preview:-1"},"canonical":"https:\/\/www.sagafurs.com\/fi\/yritys\/tietoa-meista\/saga-furs-90-vuoden-historia\/","og_locale":"fi_FI","og_type":"article","og_title":"Saga Furs - jo l\u00e4hes 90 vuoden historia - Sagafurs","og_description":"Takana jo l\u00e4hes 90 vuotta historiaa \u2013 Saga Furs on turkistoimialan johtava toimija ja vastuullisin valinta Suomen Turkisel\u00e4inten Kasvattajain Liitto perusti huutokauppayhti\u00f6 Saga Fursin vuonna 1938. Ensimm\u00e4iset paikalliset huutokaupat j\u00e4rjestettiin 1940-luvulla, jolloin valettiin pohja nykyiselle kansainv\u00e4liselle br\u00e4ndille ja huutokauppayhti\u00f6lle. 1950-luvulla j\u00e4rjestettiin ensimm\u00e4iset kansainv\u00e4liset huutokaupat Suomessa, ja Saga Furs alkoi saada mainetta laatubr\u00e4ndin\u00e4 ja muotiteollisuuden suosikkikumppanina.\u2026 Lue lis\u00e4\u00e4 &raquo;","og_url":"https:\/\/www.sagafurs.com\/fi\/yritys\/tietoa-meista\/saga-furs-90-vuoden-historia\/","og_site_name":"Sagafurs","article_modified_time":"2025-08-25T10:54:27+00:00","og_image":[{"width":1200,"height":450,"url":"https:\/\/www.sagafurs.com\/wp-content\/uploads\/2018\/10\/Saga-Furs-Heritage-80-years-bannerimage.jpg","type":"image\/jpeg"}],"twitter_card":"summary_large_image","twitter_misc":{"Est. reading time":"3 minutes"},"schema":{"@context":"https:\/\/schema.org","@graph":[{"@type":"WebPage","@id":"https:\/\/www.sagafurs.com\/fi\/yritys\/tietoa-meista\/saga-furs-90-vuoden-historia\/","url":"https:\/\/www.sagafurs.com\/fi\/yritys\/tietoa-meista\/saga-furs-90-vuoden-historia\/","name":"Saga Furs - jo l\u00e4hes 90 vuoden historia - Sagafurs","isPartOf":{"@id":"https:\/\/www.sagafurs.com\/#website"},"primaryImageOfPage":{"@id":"https:\/\/www.sagafurs.com\/fi\/yritys\/tietoa-meista\/saga-furs-90-vuoden-historia\/#primaryimage"},"image":{"@id":"https:\/\/www.sagafurs.com\/fi\/yritys\/tietoa-meista\/saga-furs-90-vuoden-historia\/#primaryimage"},"thumbnailUrl":"https:\/\/www.sagafurs.com\/wp-content\/uploads\/2018\/10\/Saga-Furs-Heritage-80-years-bannerimage.jpg","datePublished":"2018-10-31T06:05:14+00:00","dateModified":"2025-08-25T10:54:27+00:00","breadcrumb":{"@id":"https:\/\/www.sagafurs.com\/fi\/yritys\/tietoa-meista\/saga-furs-90-vuoden-historia\/#breadcrumb"},"inLanguage":"fi-FI","potentialAction":[{"@type":"ReadAction","target":["https:\/\/www.sagafurs.com\/fi\/yritys\/tietoa-meista\/saga-furs-90-vuoden-historia\/"]}]},{"@type":"ImageObject","inLanguage":"fi-FI","@id":"https:\/\/www.sagafurs.com\/fi\/yritys\/tietoa-meista\/saga-furs-90-vuoden-historia\/#primaryimage","url":"https:\/\/www.sagafurs.com\/wp-content\/uploads\/2018\/10\/Saga-Furs-Heritage-80-years-bannerimage.jpg","contentUrl":"https:\/\/www.sagafurs.com\/wp-content\/uploads\/2018\/10\/Saga-Furs-Heritage-80-years-bannerimage.jpg","width":1200,"height":450},{"@type":"BreadcrumbList","@id":"https:\/\/www.sagafurs.com\/fi\/yritys\/tietoa-meista\/saga-furs-90-vuoden-historia\/#breadcrumb","itemListElement":[{"@type":"ListItem","position":1,"name":"Home","item":"https:\/\/www.sagafurs.com\/fi\/"},{"@type":"ListItem","position":2,"name":"Yritys","item":"https:\/\/www.sagafurs.com\/fi\/yritys\/"},{"@type":"ListItem","position":3,"name":"Tietoa meist\u00e4","item":"https:\/\/www.sagafurs.com\/fi\/yritys\/tietoa-meista\/"},{"@type":"ListItem","position":4,"name":"Saga Furs &#8211; jo l\u00e4hes 90 vuoden historia"}]},{"@type":"WebSite","@id":"https:\/\/www.sagafurs.com\/#website","url":"https:\/\/www.sagafurs.com\/","name":"Sagafurs","description":"Sagafurs","potentialAction":[{"@type":"SearchAction","target":{"@type":"EntryPoint","urlTemplate":"https:\/\/www.sagafurs.com\/?s={search_term_string}"},"query-input":{"@type":"PropertyValueSpecification","valueRequired":true,"valueName":"search_term_string"}}],"inLanguage":"fi-FI"}]}},"_links":{"self":[{"href":"https:\/\/www.sagafurs.com\/fi\/wp-json\/wp\/v2\/pages\/169221","targetHints":{"allow":["GET"]}}],"collection":[{"href":"https:\/\/www.sagafurs.com\/fi\/wp-json\/wp\/v2\/pages"}],"about":[{"href":"https:\/\/www.sagafurs.com\/fi\/wp-json\/wp\/v2\/types\/page"}],"author":[{"embeddable":true,"href":"https:\/\/www.sagafurs.com\/fi\/wp-json\/wp\/v2\/users\/29"}],"replies":[{"embeddable":true,"href":"https:\/\/www.sagafurs.com\/fi\/wp-json\/wp\/v2\/comments?post=169221"}],"version-history":[{"count":0,"href":"https:\/\/www.sagafurs.com\/fi\/wp-json\/wp\/v2\/pages\/169221\/revisions"}],"up":[{"embeddable":true,"href":"https:\/\/www.sagafurs.com\/fi\/wp-json\/wp\/v2\/pages\/505"}],"wp:featuredmedia":[{"embeddable":true,"href":"https:\/\/www.sagafurs.com\/fi\/wp-json\/wp\/v2\/media\/169195"}],"wp:attachment":[{"href":"https:\/\/www.sagafurs.com\/fi\/wp-json\/wp\/v2\/media?parent=169221"}],"curies":[{"name":"wp","href":"https:\/\/api.w.org\/{rel}","templated":true}]}}