{"id":177252,"date":"2021-11-15T14:49:33","date_gmt":"2021-11-15T12:49:33","guid":{"rendered":"https:\/\/www.sagafurs.com\/?page_id=177252\/"},"modified":"2021-12-02T10:35:13","modified_gmt":"2021-12-02T08:35:13","slug":"sampofeeder-yksiloruokinta","status":"publish","type":"page","link":"https:\/\/www.sagafurs.com\/fi\/sampofeeder-yksiloruokinta\/","title":{"rendered":"Sampofeeder-yksil\u00f6ruokinta"},"content":{"rendered":"<p>Sampofeeder on Suomessa kehitetty ruokintaohjelma. Sampofeeder on ruokinnan apuv\u00e4line, jolla voidaan jakaa erikokoisia rehuannoksia. Sampofeederilla voidaan my\u00f6s suunnitella ja ohjata tarhan ruokintaa.<\/p>\n<p>Rehuannokset, ajoreitit ja ruokintaohjelmat tallennetaan palvelimelle. Rehutiedot siirret\u00e4\u00e4n my\u00f6s WebSampo-tietokantaan, jolloin ruokintatietoja voidaan hy\u00f6dynt\u00e4\u00e4\u00a0<span style=\"font-size: inherit;\">my\u00f6s jalostuksessa.<\/span><\/p>\n<p>Valittavissa on annostelija tai yksil\u00f6ruokinta. Annostelijalla saa tasa-annoksia h\u00e4kille. Yksil\u00f6ruokinta jakaa yksil\u00f6llisi\u00e4 annoksia h\u00e4kille. Annostelija toimii Bluetooth-yhteydell\u00e4. Sampofeeder-sovelluksen voi ladata Android-laitteelle ja t\u00e4ll\u00e4 ohjata annostelijaa esim. puhelimella. Feederilla voidaan tehd\u00e4 my\u00f6s omia ruokintaohjelmia (flush).<\/p>\n<p>&nbsp;<\/p>\n<p><strong>Lis\u00e4tiedot:<\/strong><br \/>\n<a href=\"mailto:websampo@sagafurs.com\">websampo@sagafurs.com<\/a><br \/>\nSonja Gerke: <a href=\"mailto:sonja.gerke@sagafurs.com\">sonja.gerke@sagafurs.com<\/a> \u00a0tel. +358 40 705 0101<\/p>\n<p><img loading=\"lazy\" decoding=\"async\" class=\"alignnone wp-image-177328 size-full\" src=\"http:\/\/www.sagafurs.com\/wp-content\/uploads\/2021\/12\/sagafurs-sampofeeder-image.jpg\" alt=\"\" width=\"800\" height=\"1200\" srcset=\"https:\/\/www.sagafurs.com\/wp-content\/uploads\/2021\/12\/sagafurs-sampofeeder-image.jpg 800w, https:\/\/www.sagafurs.com\/wp-content\/uploads\/2021\/12\/sagafurs-sampofeeder-image-256x384.jpg 256w, https:\/\/www.sagafurs.com\/wp-content\/uploads\/2021\/12\/sagafurs-sampofeeder-image-300x450.jpg 300w, https:\/\/www.sagafurs.com\/wp-content\/uploads\/2021\/12\/sagafurs-sampofeeder-image-768x1152.jpg 768w\" sizes=\"auto, (max-width: 800px) 100vw, 800px\" \/><\/p>\n<p>&nbsp;<\/p>\n","protected":false},"excerpt":{"rendered":"<p>Sampofeeder on Suomessa kehitetty ruokintaohjelma. Sampofeeder on ruokinnan apuv\u00e4line, jolla voidaan jakaa erikokoisia rehuannoksia. Sampofeederilla voidaan my\u00f6s suunnitella ja ohjata tarhan ruokintaa. Rehuannokset, ajoreitit ja ruokintaohjelmat tallennetaan palvelimelle. Rehutiedot siirret\u00e4\u00e4n my\u00f6s WebSampo-tietokantaan, jolloin ruokintatietoja voidaan hy\u00f6dynt\u00e4\u00e4\u00a0my\u00f6s jalostuksessa. Valittavissa on annostelija tai yksil\u00f6ruokinta. Annostelijalla saa tasa-annoksia h\u00e4kille. Yksil\u00f6ruokinta jakaa yksil\u00f6llisi\u00e4 annoksia h\u00e4kille. Annostelija toimii Bluetooth-yhteydell\u00e4. Sampofeeder-sovelluksen<a class=\"excerpt-read-more\" href=\"https:\/\/www.sagafurs.com\/fi\/sampofeeder-yksiloruokinta\/\" title=\"LueSampofeeder-yksil\u00f6ruokinta\">\u2026 Lue lis\u00e4\u00e4 &raquo;<\/a><\/p>\n","protected":false},"author":29,"featured_media":0,"parent":0,"menu_order":0,"comment_status":"closed","ping_status":"closed","template":"templates\/content-page-template.php","meta":{"_acf_changed":false,"footnotes":""},"class_list":["post-177252","page","type-page","status-publish","hentry"],"acf":[],"yoast_head":"<!-- This site is optimized with the Yoast SEO plugin v27.3 - https:\/\/yoast.com\/product\/yoast-seo-wordpress\/ -->\n<title>Sampofeeder-yksil\u00f6ruokinta - Sagafurs<\/title>\n<meta name=\"robots\" content=\"index, follow, max-snippet:-1, max-image-preview:large, max-video-preview:-1\" \/>\n<link rel=\"canonical\" href=\"https:\/\/www.sagafurs.com\/fi\/sampofeeder-yksiloruokinta\/\" \/>\n<meta property=\"og:locale\" content=\"fi_FI\" \/>\n<meta property=\"og:type\" content=\"article\" \/>\n<meta property=\"og:title\" content=\"Sampofeeder-yksil\u00f6ruokinta - Sagafurs\" \/>\n<meta property=\"og:description\" content=\"Sampofeeder on Suomessa kehitetty ruokintaohjelma. Sampofeeder on ruokinnan apuv\u00e4line, jolla voidaan jakaa erikokoisia rehuannoksia. Sampofeederilla voidaan my\u00f6s suunnitella ja ohjata tarhan ruokintaa. Rehuannokset, ajoreitit ja ruokintaohjelmat tallennetaan palvelimelle. Rehutiedot siirret\u00e4\u00e4n my\u00f6s WebSampo-tietokantaan, jolloin ruokintatietoja voidaan hy\u00f6dynt\u00e4\u00e4\u00a0my\u00f6s jalostuksessa. Valittavissa on annostelija tai yksil\u00f6ruokinta. Annostelijalla saa tasa-annoksia h\u00e4kille. Yksil\u00f6ruokinta jakaa yksil\u00f6llisi\u00e4 annoksia h\u00e4kille. Annostelija toimii Bluetooth-yhteydell\u00e4. Sampofeeder-sovelluksen\u2026 Lue lis\u00e4\u00e4 &raquo;\" \/>\n<meta property=\"og:url\" content=\"https:\/\/www.sagafurs.com\/fi\/sampofeeder-yksiloruokinta\/\" \/>\n<meta property=\"og:site_name\" content=\"Sagafurs\" \/>\n<meta property=\"article:modified_time\" content=\"2021-12-02T08:35:13+00:00\" \/>\n<meta property=\"og:image\" content=\"http:\/\/www.sagafurs.com\/wp-content\/uploads\/2021\/12\/sagafurs-sampofeeder-image.jpg\" \/>\n<meta name=\"twitter:card\" content=\"summary_large_image\" \/>\n<script type=\"application\/ld+json\" class=\"yoast-schema-graph\">{\"@context\":\"https:\\\/\\\/schema.org\",\"@graph\":[{\"@type\":\"WebPage\",\"@id\":\"https:\\\/\\\/www.sagafurs.com\\\/fi\\\/sampofeeder-yksiloruokinta\\\/\",\"url\":\"https:\\\/\\\/www.sagafurs.com\\\/fi\\\/sampofeeder-yksiloruokinta\\\/\",\"name\":\"Sampofeeder-yksil\u00f6ruokinta - Sagafurs\",\"isPartOf\":{\"@id\":\"https:\\\/\\\/www.sagafurs.com\\\/#website\"},\"primaryImageOfPage\":{\"@id\":\"https:\\\/\\\/www.sagafurs.com\\\/fi\\\/sampofeeder-yksiloruokinta\\\/#primaryimage\"},\"image\":{\"@id\":\"https:\\\/\\\/www.sagafurs.com\\\/fi\\\/sampofeeder-yksiloruokinta\\\/#primaryimage\"},\"thumbnailUrl\":\"http:\\\/\\\/www.sagafurs.com\\\/wp-content\\\/uploads\\\/2021\\\/12\\\/sagafurs-sampofeeder-image.jpg\",\"datePublished\":\"2021-11-15T12:49:33+00:00\",\"dateModified\":\"2021-12-02T08:35:13+00:00\",\"breadcrumb\":{\"@id\":\"https:\\\/\\\/www.sagafurs.com\\\/fi\\\/sampofeeder-yksiloruokinta\\\/#breadcrumb\"},\"inLanguage\":\"fi-FI\",\"potentialAction\":[{\"@type\":\"ReadAction\",\"target\":[\"https:\\\/\\\/www.sagafurs.com\\\/fi\\\/sampofeeder-yksiloruokinta\\\/\"]}]},{\"@type\":\"ImageObject\",\"inLanguage\":\"fi-FI\",\"@id\":\"https:\\\/\\\/www.sagafurs.com\\\/fi\\\/sampofeeder-yksiloruokinta\\\/#primaryimage\",\"url\":\"http:\\\/\\\/www.sagafurs.com\\\/wp-content\\\/uploads\\\/2021\\\/12\\\/sagafurs-sampofeeder-image.jpg\",\"contentUrl\":\"http:\\\/\\\/www.sagafurs.com\\\/wp-content\\\/uploads\\\/2021\\\/12\\\/sagafurs-sampofeeder-image.jpg\"},{\"@type\":\"BreadcrumbList\",\"@id\":\"https:\\\/\\\/www.sagafurs.com\\\/fi\\\/sampofeeder-yksiloruokinta\\\/#breadcrumb\",\"itemListElement\":[{\"@type\":\"ListItem\",\"position\":1,\"name\":\"Home\",\"item\":\"https:\\\/\\\/www.sagafurs.com\\\/fi\\\/\"},{\"@type\":\"ListItem\",\"position\":2,\"name\":\"Sampofeeder-yksil\u00f6ruokinta\"}]},{\"@type\":\"WebSite\",\"@id\":\"https:\\\/\\\/www.sagafurs.com\\\/#website\",\"url\":\"https:\\\/\\\/www.sagafurs.com\\\/\",\"name\":\"Sagafurs\",\"description\":\"Sagafurs\",\"potentialAction\":[{\"@type\":\"SearchAction\",\"target\":{\"@type\":\"EntryPoint\",\"urlTemplate\":\"https:\\\/\\\/www.sagafurs.com\\\/?s={search_term_string}\"},\"query-input\":{\"@type\":\"PropertyValueSpecification\",\"valueRequired\":true,\"valueName\":\"search_term_string\"}}],\"inLanguage\":\"fi-FI\"}]}<\/script>\n<!-- \/ Yoast SEO plugin. -->","yoast_head_json":{"title":"Sampofeeder-yksil\u00f6ruokinta - Sagafurs","robots":{"index":"index","follow":"follow","max-snippet":"max-snippet:-1","max-image-preview":"max-image-preview:large","max-video-preview":"max-video-preview:-1"},"canonical":"https:\/\/www.sagafurs.com\/fi\/sampofeeder-yksiloruokinta\/","og_locale":"fi_FI","og_type":"article","og_title":"Sampofeeder-yksil\u00f6ruokinta - Sagafurs","og_description":"Sampofeeder on Suomessa kehitetty ruokintaohjelma. Sampofeeder on ruokinnan apuv\u00e4line, jolla voidaan jakaa erikokoisia rehuannoksia. Sampofeederilla voidaan my\u00f6s suunnitella ja ohjata tarhan ruokintaa. Rehuannokset, ajoreitit ja ruokintaohjelmat tallennetaan palvelimelle. Rehutiedot siirret\u00e4\u00e4n my\u00f6s WebSampo-tietokantaan, jolloin ruokintatietoja voidaan hy\u00f6dynt\u00e4\u00e4\u00a0my\u00f6s jalostuksessa. Valittavissa on annostelija tai yksil\u00f6ruokinta. Annostelijalla saa tasa-annoksia h\u00e4kille. Yksil\u00f6ruokinta jakaa yksil\u00f6llisi\u00e4 annoksia h\u00e4kille. Annostelija toimii Bluetooth-yhteydell\u00e4. Sampofeeder-sovelluksen\u2026 Lue lis\u00e4\u00e4 &raquo;","og_url":"https:\/\/www.sagafurs.com\/fi\/sampofeeder-yksiloruokinta\/","og_site_name":"Sagafurs","article_modified_time":"2021-12-02T08:35:13+00:00","og_image":[{"url":"http:\/\/www.sagafurs.com\/wp-content\/uploads\/2021\/12\/sagafurs-sampofeeder-image.jpg","type":"","width":"","height":""}],"twitter_card":"summary_large_image","schema":{"@context":"https:\/\/schema.org","@graph":[{"@type":"WebPage","@id":"https:\/\/www.sagafurs.com\/fi\/sampofeeder-yksiloruokinta\/","url":"https:\/\/www.sagafurs.com\/fi\/sampofeeder-yksiloruokinta\/","name":"Sampofeeder-yksil\u00f6ruokinta - Sagafurs","isPartOf":{"@id":"https:\/\/www.sagafurs.com\/#website"},"primaryImageOfPage":{"@id":"https:\/\/www.sagafurs.com\/fi\/sampofeeder-yksiloruokinta\/#primaryimage"},"image":{"@id":"https:\/\/www.sagafurs.com\/fi\/sampofeeder-yksiloruokinta\/#primaryimage"},"thumbnailUrl":"http:\/\/www.sagafurs.com\/wp-content\/uploads\/2021\/12\/sagafurs-sampofeeder-image.jpg","datePublished":"2021-11-15T12:49:33+00:00","dateModified":"2021-12-02T08:35:13+00:00","breadcrumb":{"@id":"https:\/\/www.sagafurs.com\/fi\/sampofeeder-yksiloruokinta\/#breadcrumb"},"inLanguage":"fi-FI","potentialAction":[{"@type":"ReadAction","target":["https:\/\/www.sagafurs.com\/fi\/sampofeeder-yksiloruokinta\/"]}]},{"@type":"ImageObject","inLanguage":"fi-FI","@id":"https:\/\/www.sagafurs.com\/fi\/sampofeeder-yksiloruokinta\/#primaryimage","url":"http:\/\/www.sagafurs.com\/wp-content\/uploads\/2021\/12\/sagafurs-sampofeeder-image.jpg","contentUrl":"http:\/\/www.sagafurs.com\/wp-content\/uploads\/2021\/12\/sagafurs-sampofeeder-image.jpg"},{"@type":"BreadcrumbList","@id":"https:\/\/www.sagafurs.com\/fi\/sampofeeder-yksiloruokinta\/#breadcrumb","itemListElement":[{"@type":"ListItem","position":1,"name":"Home","item":"https:\/\/www.sagafurs.com\/fi\/"},{"@type":"ListItem","position":2,"name":"Sampofeeder-yksil\u00f6ruokinta"}]},{"@type":"WebSite","@id":"https:\/\/www.sagafurs.com\/#website","url":"https:\/\/www.sagafurs.com\/","name":"Sagafurs","description":"Sagafurs","potentialAction":[{"@type":"SearchAction","target":{"@type":"EntryPoint","urlTemplate":"https:\/\/www.sagafurs.com\/?s={search_term_string}"},"query-input":{"@type":"PropertyValueSpecification","valueRequired":true,"valueName":"search_term_string"}}],"inLanguage":"fi-FI"}]}},"_links":{"self":[{"href":"https:\/\/www.sagafurs.com\/fi\/wp-json\/wp\/v2\/pages\/177252","targetHints":{"allow":["GET"]}}],"collection":[{"href":"https:\/\/www.sagafurs.com\/fi\/wp-json\/wp\/v2\/pages"}],"about":[{"href":"https:\/\/www.sagafurs.com\/fi\/wp-json\/wp\/v2\/types\/page"}],"author":[{"embeddable":true,"href":"https:\/\/www.sagafurs.com\/fi\/wp-json\/wp\/v2\/users\/29"}],"replies":[{"embeddable":true,"href":"https:\/\/www.sagafurs.com\/fi\/wp-json\/wp\/v2\/comments?post=177252"}],"version-history":[{"count":0,"href":"https:\/\/www.sagafurs.com\/fi\/wp-json\/wp\/v2\/pages\/177252\/revisions"}],"wp:attachment":[{"href":"https:\/\/www.sagafurs.com\/fi\/wp-json\/wp\/v2\/media?parent=177252"}],"curies":[{"name":"wp","href":"https:\/\/api.w.org\/{rel}","templated":true}]}}