{"id":438,"date":"2016-05-25T05:54:37","date_gmt":"2016-05-25T02:54:37","guid":{"rendered":"https:\/\/www.sagafurs.com\/fi\/corporate-governance-statement\/"},"modified":"2026-02-16T09:37:47","modified_gmt":"2026-02-16T07:37:47","slug":"selvitys-hallinto-ja-ohjausjarjestelmasta-2020-2021","status":"publish","type":"page","link":"https:\/\/www.sagafurs.com\/fi\/yritys\/yhtion-hallinto\/selvitys-hallinto-ja-ohjausjarjestelmasta-2020-2021\/","title":{"rendered":"Selvitykset hallinto- ja ohjausj\u00e4rjestelm\u00e4st\u00e4"},"content":{"rendered":"<p><span style=\"font-family: 'Open Sans',sans-serif; color: #0a0a0a;\">Saga Furs Oyj julkaisee vuosittain Arvopaperimarkkinayhdistyksen antaman listayhti\u00f6iden hallinnointikoodin edellytt\u00e4m\u00e4n selvityksen hallinto- ja ohjausj\u00e4rjestelm\u00e4st\u00e4. Julkaistut raportit ovat alla PDF-tiedostoina.<\/span><\/p>\n<p>Saga Furs on poikennut koodista suositusten osalta:<\/p>\n<p>Suositus 10: Suosituksesta poiketen vain yksi hallituksen j\u00e4senist\u00e4 on riippumaton yhti\u00f6st\u00e4 tai sen merkitt\u00e4vist\u00e4 osakkeenomistajista. Yhti\u00f6 katsoo, ett\u00e4 sen liiketoiminnan luonne edellytt\u00e4\u00e4 hallituksen j\u00e4senten enemmist\u00f6lt\u00e4 syv\u00e4llist\u00e4 perehtymist\u00e4 ja sitoutumista turkiselinkeinoon. K\u00e4yt\u00e4nn\u00f6ss\u00e4 kaikilla turkistuottajilla on asiakkuussuhde yhti\u00f6\u00f6n. Yhti\u00f6n hallituksen kokoonpanosta p\u00e4\u00e4tt\u00e4\u00e4 vuosittain varsinainen yhti\u00f6kokous.<\/p>\n<p>Suositus 15: Suosituksesta poiketen palkitsemis- ja nimitysvaliokuntiin kuuluu hallituksen j\u00e4senten lis\u00e4ksi yhti\u00f6n t\u00e4rkeimpien osakkeenomistajien edustajia. Yhti\u00f6n hallitus on katsonut, ett\u00e4 on yhti\u00f6n ja sen kaikkien osakkeenomistajien edun mukaista, ett\u00e4 vaikka valiokunnat ovatkin hallituksen perustamia, ne vastaavat kokoonpanoltaan suosituksen 19 mukaista osakkeenomistajien nimitystoimikuntaa. T\u00e4ll\u00e4 varmistetaan parhaiten valiokuntien ehdotusten l\u00e4pimeno yhti\u00f6kokouksessa sek\u00e4 yhti\u00f6n toiminnan l\u00e4pin\u00e4kyvyys.<\/p>\n<p>Suositus 17: Suosituksesta poiketen palkitsemisvaliokunnan j\u00e4senet eiv\u00e4t ole yhti\u00f6st\u00e4 riippumattomia.<\/p>\n<p>Suositus 18: Suosituksesta poiketen nimitysvaliokunnan j\u00e4senet eiv\u00e4t ole yhti\u00f6st\u00e4 riippumattomia, koska valiokunta vastaa kokoonpanoltaan suosituksen 19 mukaista osakkeenomistajien nimitystoimikuntaa.<\/p>\n<p><a href=\"https:\/\/www.sagafurs.com\/wp-content\/uploads\/2026\/02\/Saga-Furs-Selvitys-hallinto-ja-ohjausjarjestelmasta-2024-2025.pdf\">Selvitys hallinto- ja ohjausj\u00e4rjestelm\u00e4st\u00e4 2024\/2025<\/a><br \/>\n<a href=\"https:\/\/www.sagafurs.com\/wp-content\/uploads\/2025\/02\/Selvitys-hallinto-ja-ohjausjarjestelmasta-2023-2024.pdf\">Selvitys hallinto- ja ohjausj\u00e4rjestelm\u00e4st\u00e4 2023\/2024\u00a0 \u00a0 \u00a0 \u00a0 \u00a0 \u00a0 \u00a0 \u00a0 \u00a0 \u00a0 \u00a0 \u00a0 \u00a0 \u00a0 \u00a0 \u00a0 \u00a0 \u00a0 \u00a0 \u00a0 \u00a0 \u00a0 \u00a0 \u00a0 \u00a0 \u00a0 \u00a0 \u00a0 \u00a0 \u00a0 \u00a0 \u00a0 \u00a0 \u00a0 \u00a0 <\/a><br \/>\n<a href=\"https:\/\/www.sagafurs.com\/wp-content\/uploads\/2024\/02\/Saga-Furs-Selvitys-hallinto-ja-ohjausjarjestelmasta-2022-2023.pdf\">Selvitys hallinto-ja ohjausj\u00e4rjestelm\u00e4st\u00e4 2022\/2023<\/a><br \/>\n<a href=\"http:\/\/www.sagafurs.com\/wp-content\/uploads\/2023\/02\/Saga-Furs-selvitys-hallinto-ja-ohjausjarjestelmasta-2021-2022.pdf\">Selvitys hallinto- ja ohjausj\u00e4rjestelm\u00e4st\u00e4 2021\/2022<\/a><br \/>\n<a href=\"http:\/\/www.sagafurs.com\/wp-content\/uploads\/2023\/02\/Saga-Furs-selvitys-hallinto-ja-ohjausjarjestelmasta-2020-2021.pdf\">Selvitys hallinto- ja ohjausj\u00e4rjestelm\u00e4st\u00e4 2020\/2021<\/a><br \/>\n<a href=\"http:\/\/www.sagafurs.com\/wp-content\/uploads\/2023\/02\/Saga-Furs-Selvitys-hallinto-ja-ohjausjarjestelmasta-2019-2020.pdf\">Selvitys hallinto- ja ohjausj\u00e4rjestelm\u00e4st\u00e4 2019\/2020<\/a><br \/>\n<a href=\"http:\/\/www.sagafurs.com\/wp-content\/uploads\/2023\/02\/Selvitys-hallinto-ja-ohjausjarjestelmasta-2018-2019.pdf\">Selvitys hallinto- ja ohjausj\u00e4rjestelm\u00e4st\u00e4 2018\/2019<\/a><br \/>\n<a href=\"http:\/\/www.sagafurs.com\/wp-content\/uploads\/2023\/02\/Saga-Furs-Selvitys-hallinto-ja-ohjausjarjestelmasta-2017-2018.pdf\">Selvitys hallinto- ja ohjausj\u00e4rjestelm\u00e4st\u00e4 2017\/2018<\/a><br \/>\n<a href=\"https:\/\/www.sagafurs.com\/wp-content\/uploads\/2023\/11\/Saga-Furs-Selvitys-hallinto-ja-ohjausjarjestelmasta-2017.pdf\">Selvitys hallinto- ja ohjausj\u00e4rjestelm\u00e4st\u00e4 2017<\/a><br \/>\n<a href=\"https:\/\/www.sagafurs.com\/wp-content\/uploads\/2023\/11\/Saga-Furs-Selvitys-hallinto-ja-ohjausjarjestelmasta-2016.pdf\">Selvitys hallinto- ja ohjausj\u00e4rjestelm\u00e4st\u00e4 2016<\/a><br \/>\n<a href=\"https:\/\/www.sagafurs.com\/wp-content\/uploads\/2023\/11\/Saga-Furs-Selvitys-hallinto-ja-ohjausjarjestelmasta-2015.pdf\">Selvitys hallinto- ja ohjausj\u00e4rjestelm\u00e4st\u00e4 2015<\/a><br \/>\n<a href=\"http:\/\/www.sagafurs.com\/wp-content\/uploads\/2023\/02\/Saga-Furs-Oyj-Selvitys-hallinto-ja-ohjausjarjestelmasta-2014.pdf\">Selvitys hallinto- ja ohjausj\u00e4rjestelm\u00e4st\u00e4 2014<\/a><br \/>\n<a href=\"https:\/\/www.sagafurs.com\/wp-content\/uploads\/2023\/11\/Saga-Furs-Selvitys-hallinto-ja-ohjausjarjestelmasta_2013.pdf\">Selvitys hallinto- ja ohjausj\u00e4rjestelm\u00e4st\u00e4 2013<\/a><br \/>\n<a href=\"http:\/\/www.sagafurs.com\/wp-content\/uploads\/2023\/02\/Saga-Furs-Oyj-Selvitys-hallinto-ja-ohjausjarjestelmasta-2012.pdf\">Selvitys hallinto- ja ohjausj\u00e4rjestelm\u00e4st\u00e4 2012<\/a><br \/>\n<a href=\"http:\/\/www.sagafurs.com\/wp-content\/uploads\/2023\/02\/Saga-Furs-Oyj-Selvitys-hallinto-ja-ohjausjarjestelmasta-2011.pdf\">Selvitys hallinto- ja ohjausj\u00e4rjestelm\u00e4st\u00e4 2011<\/a><br \/>\n<a href=\"http:\/\/www.sagafurs.com\/wp-content\/uploads\/2023\/02\/Saga-Furs-Oyj-Selvitys-hallinto-ja-ohjausjarjestelmasta-2010.pdf\">Selvitys hallinto- ja ohjausj\u00e4rjestelm\u00e4st\u00e4 2010<\/a><br \/>\n<a href=\"http:\/\/www.sagafurs.com\/wp-content\/uploads\/2023\/02\/Saga-Furs-Oyj-Selvitys-hallinto-ja-ohjausjarjestelmasta-2009.pdf\">Selvitys hallinto- ja ohjausj\u00e4rjestelm\u00e4st\u00e4 2009<\/a><\/p>\n","protected":false},"excerpt":{"rendered":"<p>Saga Furs Oyj julkaisee vuosittain Arvopaperimarkkinayhdistyksen antaman listayhti\u00f6iden hallinnointikoodin edellytt\u00e4m\u00e4n selvityksen hallinto- ja ohjausj\u00e4rjestelm\u00e4st\u00e4. Julkaistut raportit ovat alla PDF-tiedostoina. Saga Furs on poikennut koodista suositusten osalta: Suositus 10: Suosituksesta poiketen vain yksi hallituksen j\u00e4senist\u00e4 on riippumaton yhti\u00f6st\u00e4 tai sen merkitt\u00e4vist\u00e4 osakkeenomistajista. Yhti\u00f6 katsoo, ett\u00e4 sen liiketoiminnan luonne edellytt\u00e4\u00e4 hallituksen j\u00e4senten enemmist\u00f6lt\u00e4 syv\u00e4llist\u00e4 perehtymist\u00e4 ja sitoutumista<a class=\"excerpt-read-more\" href=\"https:\/\/www.sagafurs.com\/fi\/yritys\/yhtion-hallinto\/selvitys-hallinto-ja-ohjausjarjestelmasta-2020-2021\/\" title=\"LueSelvitykset hallinto- ja ohjausj\u00e4rjestelm\u00e4st\u00e4\">\u2026 Lue lis\u00e4\u00e4 &raquo;<\/a><\/p>\n","protected":false},"author":29,"featured_media":0,"parent":529,"menu_order":0,"comment_status":"closed","ping_status":"closed","template":"templates\/content-page-template.php","meta":{"_acf_changed":false,"footnotes":""},"class_list":["post-438","page","type-page","status-publish","hentry"],"acf":[],"yoast_head":"<!-- This site is optimized with the Yoast SEO plugin v27.3 - https:\/\/yoast.com\/product\/yoast-seo-wordpress\/ -->\n<title>Selvitykset hallinto- ja ohjausj\u00e4rjestelm\u00e4st\u00e4 - Sagafurs<\/title>\n<meta name=\"robots\" content=\"index, follow, max-snippet:-1, max-image-preview:large, max-video-preview:-1\" \/>\n<link rel=\"canonical\" href=\"https:\/\/www.sagafurs.com\/fi\/yritys\/yhtion-hallinto\/selvitys-hallinto-ja-ohjausjarjestelmasta-2020-2021\/\" \/>\n<meta property=\"og:locale\" content=\"fi_FI\" \/>\n<meta property=\"og:type\" content=\"article\" \/>\n<meta property=\"og:title\" content=\"Selvitykset hallinto- ja ohjausj\u00e4rjestelm\u00e4st\u00e4 - Sagafurs\" \/>\n<meta property=\"og:description\" content=\"Saga Furs Oyj julkaisee vuosittain Arvopaperimarkkinayhdistyksen antaman listayhti\u00f6iden hallinnointikoodin edellytt\u00e4m\u00e4n selvityksen hallinto- ja ohjausj\u00e4rjestelm\u00e4st\u00e4. Julkaistut raportit ovat alla PDF-tiedostoina. Saga Furs on poikennut koodista suositusten osalta: Suositus 10: Suosituksesta poiketen vain yksi hallituksen j\u00e4senist\u00e4 on riippumaton yhti\u00f6st\u00e4 tai sen merkitt\u00e4vist\u00e4 osakkeenomistajista. Yhti\u00f6 katsoo, ett\u00e4 sen liiketoiminnan luonne edellytt\u00e4\u00e4 hallituksen j\u00e4senten enemmist\u00f6lt\u00e4 syv\u00e4llist\u00e4 perehtymist\u00e4 ja sitoutumista\u2026 Lue lis\u00e4\u00e4 &raquo;\" \/>\n<meta property=\"og:url\" content=\"https:\/\/www.sagafurs.com\/fi\/yritys\/yhtion-hallinto\/selvitys-hallinto-ja-ohjausjarjestelmasta-2020-2021\/\" \/>\n<meta property=\"og:site_name\" content=\"Sagafurs\" \/>\n<meta property=\"article:modified_time\" content=\"2026-02-16T07:37:47+00:00\" \/>\n<meta name=\"twitter:card\" content=\"summary_large_image\" \/>\n<meta name=\"twitter:label1\" content=\"Est. reading time\" \/>\n\t<meta name=\"twitter:data1\" content=\"2 minutes\" \/>\n<script type=\"application\/ld+json\" class=\"yoast-schema-graph\">{\"@context\":\"https:\\\/\\\/schema.org\",\"@graph\":[{\"@type\":\"WebPage\",\"@id\":\"https:\\\/\\\/www.sagafurs.com\\\/fi\\\/yritys\\\/yhtion-hallinto\\\/selvitys-hallinto-ja-ohjausjarjestelmasta-2020-2021\\\/\",\"url\":\"https:\\\/\\\/www.sagafurs.com\\\/fi\\\/yritys\\\/yhtion-hallinto\\\/selvitys-hallinto-ja-ohjausjarjestelmasta-2020-2021\\\/\",\"name\":\"Selvitykset hallinto- ja ohjausj\u00e4rjestelm\u00e4st\u00e4 - Sagafurs\",\"isPartOf\":{\"@id\":\"https:\\\/\\\/www.sagafurs.com\\\/#website\"},\"datePublished\":\"2016-05-25T02:54:37+00:00\",\"dateModified\":\"2026-02-16T07:37:47+00:00\",\"breadcrumb\":{\"@id\":\"https:\\\/\\\/www.sagafurs.com\\\/fi\\\/yritys\\\/yhtion-hallinto\\\/selvitys-hallinto-ja-ohjausjarjestelmasta-2020-2021\\\/#breadcrumb\"},\"inLanguage\":\"fi-FI\",\"potentialAction\":[{\"@type\":\"ReadAction\",\"target\":[\"https:\\\/\\\/www.sagafurs.com\\\/fi\\\/yritys\\\/yhtion-hallinto\\\/selvitys-hallinto-ja-ohjausjarjestelmasta-2020-2021\\\/\"]}]},{\"@type\":\"BreadcrumbList\",\"@id\":\"https:\\\/\\\/www.sagafurs.com\\\/fi\\\/yritys\\\/yhtion-hallinto\\\/selvitys-hallinto-ja-ohjausjarjestelmasta-2020-2021\\\/#breadcrumb\",\"itemListElement\":[{\"@type\":\"ListItem\",\"position\":1,\"name\":\"Home\",\"item\":\"https:\\\/\\\/www.sagafurs.com\\\/fi\\\/\"},{\"@type\":\"ListItem\",\"position\":2,\"name\":\"Yritys\",\"item\":\"https:\\\/\\\/www.sagafurs.com\\\/fi\\\/yritys\\\/\"},{\"@type\":\"ListItem\",\"position\":3,\"name\":\"Yhti\u00f6n hallinto\",\"item\":\"https:\\\/\\\/www.sagafurs.com\\\/fi\\\/yritys\\\/yhtion-hallinto\\\/\"},{\"@type\":\"ListItem\",\"position\":4,\"name\":\"Selvitykset hallinto- ja ohjausj\u00e4rjestelm\u00e4st\u00e4\"}]},{\"@type\":\"WebSite\",\"@id\":\"https:\\\/\\\/www.sagafurs.com\\\/#website\",\"url\":\"https:\\\/\\\/www.sagafurs.com\\\/\",\"name\":\"Sagafurs\",\"description\":\"Sagafurs\",\"potentialAction\":[{\"@type\":\"SearchAction\",\"target\":{\"@type\":\"EntryPoint\",\"urlTemplate\":\"https:\\\/\\\/www.sagafurs.com\\\/?s={search_term_string}\"},\"query-input\":{\"@type\":\"PropertyValueSpecification\",\"valueRequired\":true,\"valueName\":\"search_term_string\"}}],\"inLanguage\":\"fi-FI\"}]}<\/script>\n<!-- \/ Yoast SEO plugin. -->","yoast_head_json":{"title":"Selvitykset hallinto- ja ohjausj\u00e4rjestelm\u00e4st\u00e4 - Sagafurs","robots":{"index":"index","follow":"follow","max-snippet":"max-snippet:-1","max-image-preview":"max-image-preview:large","max-video-preview":"max-video-preview:-1"},"canonical":"https:\/\/www.sagafurs.com\/fi\/yritys\/yhtion-hallinto\/selvitys-hallinto-ja-ohjausjarjestelmasta-2020-2021\/","og_locale":"fi_FI","og_type":"article","og_title":"Selvitykset hallinto- ja ohjausj\u00e4rjestelm\u00e4st\u00e4 - Sagafurs","og_description":"Saga Furs Oyj julkaisee vuosittain Arvopaperimarkkinayhdistyksen antaman listayhti\u00f6iden hallinnointikoodin edellytt\u00e4m\u00e4n selvityksen hallinto- ja ohjausj\u00e4rjestelm\u00e4st\u00e4. Julkaistut raportit ovat alla PDF-tiedostoina. Saga Furs on poikennut koodista suositusten osalta: Suositus 10: Suosituksesta poiketen vain yksi hallituksen j\u00e4senist\u00e4 on riippumaton yhti\u00f6st\u00e4 tai sen merkitt\u00e4vist\u00e4 osakkeenomistajista. Yhti\u00f6 katsoo, ett\u00e4 sen liiketoiminnan luonne edellytt\u00e4\u00e4 hallituksen j\u00e4senten enemmist\u00f6lt\u00e4 syv\u00e4llist\u00e4 perehtymist\u00e4 ja sitoutumista\u2026 Lue lis\u00e4\u00e4 &raquo;","og_url":"https:\/\/www.sagafurs.com\/fi\/yritys\/yhtion-hallinto\/selvitys-hallinto-ja-ohjausjarjestelmasta-2020-2021\/","og_site_name":"Sagafurs","article_modified_time":"2026-02-16T07:37:47+00:00","twitter_card":"summary_large_image","twitter_misc":{"Est. reading time":"2 minutes"},"schema":{"@context":"https:\/\/schema.org","@graph":[{"@type":"WebPage","@id":"https:\/\/www.sagafurs.com\/fi\/yritys\/yhtion-hallinto\/selvitys-hallinto-ja-ohjausjarjestelmasta-2020-2021\/","url":"https:\/\/www.sagafurs.com\/fi\/yritys\/yhtion-hallinto\/selvitys-hallinto-ja-ohjausjarjestelmasta-2020-2021\/","name":"Selvitykset hallinto- ja ohjausj\u00e4rjestelm\u00e4st\u00e4 - Sagafurs","isPartOf":{"@id":"https:\/\/www.sagafurs.com\/#website"},"datePublished":"2016-05-25T02:54:37+00:00","dateModified":"2026-02-16T07:37:47+00:00","breadcrumb":{"@id":"https:\/\/www.sagafurs.com\/fi\/yritys\/yhtion-hallinto\/selvitys-hallinto-ja-ohjausjarjestelmasta-2020-2021\/#breadcrumb"},"inLanguage":"fi-FI","potentialAction":[{"@type":"ReadAction","target":["https:\/\/www.sagafurs.com\/fi\/yritys\/yhtion-hallinto\/selvitys-hallinto-ja-ohjausjarjestelmasta-2020-2021\/"]}]},{"@type":"BreadcrumbList","@id":"https:\/\/www.sagafurs.com\/fi\/yritys\/yhtion-hallinto\/selvitys-hallinto-ja-ohjausjarjestelmasta-2020-2021\/#breadcrumb","itemListElement":[{"@type":"ListItem","position":1,"name":"Home","item":"https:\/\/www.sagafurs.com\/fi\/"},{"@type":"ListItem","position":2,"name":"Yritys","item":"https:\/\/www.sagafurs.com\/fi\/yritys\/"},{"@type":"ListItem","position":3,"name":"Yhti\u00f6n hallinto","item":"https:\/\/www.sagafurs.com\/fi\/yritys\/yhtion-hallinto\/"},{"@type":"ListItem","position":4,"name":"Selvitykset hallinto- ja ohjausj\u00e4rjestelm\u00e4st\u00e4"}]},{"@type":"WebSite","@id":"https:\/\/www.sagafurs.com\/#website","url":"https:\/\/www.sagafurs.com\/","name":"Sagafurs","description":"Sagafurs","potentialAction":[{"@type":"SearchAction","target":{"@type":"EntryPoint","urlTemplate":"https:\/\/www.sagafurs.com\/?s={search_term_string}"},"query-input":{"@type":"PropertyValueSpecification","valueRequired":true,"valueName":"search_term_string"}}],"inLanguage":"fi-FI"}]}},"_links":{"self":[{"href":"https:\/\/www.sagafurs.com\/fi\/wp-json\/wp\/v2\/pages\/438","targetHints":{"allow":["GET"]}}],"collection":[{"href":"https:\/\/www.sagafurs.com\/fi\/wp-json\/wp\/v2\/pages"}],"about":[{"href":"https:\/\/www.sagafurs.com\/fi\/wp-json\/wp\/v2\/types\/page"}],"author":[{"embeddable":true,"href":"https:\/\/www.sagafurs.com\/fi\/wp-json\/wp\/v2\/users\/29"}],"replies":[{"embeddable":true,"href":"https:\/\/www.sagafurs.com\/fi\/wp-json\/wp\/v2\/comments?post=438"}],"version-history":[{"count":0,"href":"https:\/\/www.sagafurs.com\/fi\/wp-json\/wp\/v2\/pages\/438\/revisions"}],"up":[{"embeddable":true,"href":"https:\/\/www.sagafurs.com\/fi\/wp-json\/wp\/v2\/pages\/529"}],"wp:attachment":[{"href":"https:\/\/www.sagafurs.com\/fi\/wp-json\/wp\/v2\/media?parent=438"}],"curies":[{"name":"wp","href":"https:\/\/api.w.org\/{rel}","templated":true}]}}