{"id":440,"date":"2016-07-07T11:04:41","date_gmt":"2016-07-07T10:04:41","guid":{"rendered":"https:\/\/www.sagafurs.com\/fi\/?page_id=440"},"modified":"2016-10-13T10:27:56","modified_gmt":"2016-10-13T09:27:56","slug":"huutokauppapalvelut","status":"publish","type":"page","link":"https:\/\/www.sagafurs.com\/fi\/huutokaupat\/huutokauppapalvelut\/","title":{"rendered":"Huutokauppapalvelut"},"content":{"rendered":"<p><strong>Kaikki mit\u00e4 tarvitset \u2013 nopeasti ja hymyn kera<\/strong><\/p>\n<p>Haluamme tehd\u00e4 k\u00e4ynnist\u00e4si Saga Fursin huutokauppaan mahdollisimman mukavan ja vaivattoman.<\/p>\n<p>Saga Furs tarjoaa kattavat, aikaa s\u00e4\u00e4st\u00e4v\u00e4t palvelut ennen huutokauppoja, niiden aikana ja j\u00e4lkeen. Autamme sinua my\u00f6s l\u00f6yt\u00e4m\u00e4\u00e4n erilaisia vaihtoehtoja vapaista hetkist\u00e4 nauttimiseen.<\/p>\n<p>Palvelujamme ovat:<br \/>\n\u2022Netti-ilmoittautuminen huutokauppaan<br \/>\n\u2022Hotellien varaaminen ja bussikuljetukset<br \/>\n\u2022Avustava henkil\u00f6kunta huutokauppojen aikana<br \/>\n\u2022Toimistotilat ja \u2013tekniikka k\u00e4ytt\u00f6\u00f6si<br \/>\n\u2022Avustaminen vapaa-ajan aktiviteettien l\u00f6yt\u00e4misess\u00e4<br \/>\n\u2022Ja paljon, paljon muuta&#8230;<\/p>\n<p><strong>Mit\u00e4 tahansa tarvitsetkin, kysy meilt\u00e4. T\u00e4yden palvelun periaatteemme merkitsee nopeaa ja yst\u00e4v\u00e4llist\u00e4 palvelua.<\/strong><\/p>\n","protected":false},"excerpt":{"rendered":"<p>Kaikki mit\u00e4 tarvitset \u2013 nopeasti ja hymyn kera Haluamme tehd\u00e4 k\u00e4ynnist\u00e4si Saga Fursin huutokauppaan mahdollisimman mukavan ja vaivattoman. Saga Furs tarjoaa kattavat, aikaa s\u00e4\u00e4st\u00e4v\u00e4t palvelut ennen huutokauppoja, niiden aikana ja j\u00e4lkeen. Autamme sinua my\u00f6s l\u00f6yt\u00e4m\u00e4\u00e4n erilaisia vaihtoehtoja vapaista hetkist\u00e4 nauttimiseen. Palvelujamme ovat: \u2022Netti-ilmoittautuminen huutokauppaan \u2022Hotellien varaaminen ja bussikuljetukset \u2022Avustava henkil\u00f6kunta huutokauppojen aikana \u2022Toimistotilat ja \u2013tekniikka<a class=\"excerpt-read-more\" href=\"https:\/\/www.sagafurs.com\/fi\/huutokaupat\/huutokauppapalvelut\/\" title=\"LueHuutokauppapalvelut\">\u2026 Lue lis\u00e4\u00e4 &raquo;<\/a><\/p>\n","protected":false},"author":29,"featured_media":0,"parent":360,"menu_order":0,"comment_status":"closed","ping_status":"closed","template":"templates\/content-page-template.php","meta":{"_acf_changed":false,"footnotes":""},"class_list":["post-440","page","type-page","status-publish","hentry"],"acf":[],"yoast_head":"<!-- This site is optimized with the Yoast SEO plugin v27.5 - https:\/\/yoast.com\/product\/yoast-seo-wordpress\/ -->\n<title>Huutokauppapalvelut - Sagafurs<\/title>\n<meta name=\"robots\" content=\"index, follow, max-snippet:-1, max-image-preview:large, max-video-preview:-1\" \/>\n<link rel=\"canonical\" href=\"https:\/\/www.sagafurs.com\/fi\/huutokaupat\/huutokauppapalvelut\/\" \/>\n<meta property=\"og:locale\" content=\"fi_FI\" \/>\n<meta property=\"og:type\" content=\"article\" \/>\n<meta property=\"og:title\" content=\"Huutokauppapalvelut - Sagafurs\" \/>\n<meta property=\"og:description\" content=\"Kaikki mit\u00e4 tarvitset \u2013 nopeasti ja hymyn kera Haluamme tehd\u00e4 k\u00e4ynnist\u00e4si Saga Fursin huutokauppaan mahdollisimman mukavan ja vaivattoman. Saga Furs tarjoaa kattavat, aikaa s\u00e4\u00e4st\u00e4v\u00e4t palvelut ennen huutokauppoja, niiden aikana ja j\u00e4lkeen. Autamme sinua my\u00f6s l\u00f6yt\u00e4m\u00e4\u00e4n erilaisia vaihtoehtoja vapaista hetkist\u00e4 nauttimiseen. Palvelujamme ovat: \u2022Netti-ilmoittautuminen huutokauppaan \u2022Hotellien varaaminen ja bussikuljetukset \u2022Avustava henkil\u00f6kunta huutokauppojen aikana \u2022Toimistotilat ja \u2013tekniikka\u2026 Lue lis\u00e4\u00e4 &raquo;\" \/>\n<meta property=\"og:url\" content=\"https:\/\/www.sagafurs.com\/fi\/huutokaupat\/huutokauppapalvelut\/\" \/>\n<meta property=\"og:site_name\" content=\"Sagafurs\" \/>\n<meta property=\"article:modified_time\" content=\"2016-10-13T09:27:56+00:00\" \/>\n<meta property=\"og:image\" content=\"http:\/\/www.sagafurs.com\/wp-content\/uploads\/2016\/07\/Auction_services.jpg\" \/>\n\t<meta property=\"og:image:width\" content=\"760\" \/>\n\t<meta property=\"og:image:height\" content=\"240\" \/>\n\t<meta property=\"og:image:type\" content=\"image\/jpeg\" \/>\n<meta name=\"twitter:card\" content=\"summary_large_image\" \/>\n<script type=\"application\/ld+json\" class=\"yoast-schema-graph\">{\"@context\":\"https:\\\/\\\/schema.org\",\"@graph\":[{\"@type\":\"WebPage\",\"@id\":\"https:\\\/\\\/www.sagafurs.com\\\/fi\\\/huutokaupat\\\/huutokauppapalvelut\\\/\",\"url\":\"https:\\\/\\\/www.sagafurs.com\\\/fi\\\/huutokaupat\\\/huutokauppapalvelut\\\/\",\"name\":\"Huutokauppapalvelut - Sagafurs\",\"isPartOf\":{\"@id\":\"https:\\\/\\\/www.sagafurs.com\\\/#website\"},\"datePublished\":\"2016-07-07T10:04:41+00:00\",\"dateModified\":\"2016-10-13T09:27:56+00:00\",\"breadcrumb\":{\"@id\":\"https:\\\/\\\/www.sagafurs.com\\\/fi\\\/huutokaupat\\\/huutokauppapalvelut\\\/#breadcrumb\"},\"inLanguage\":\"fi-FI\",\"potentialAction\":[{\"@type\":\"ReadAction\",\"target\":[\"https:\\\/\\\/www.sagafurs.com\\\/fi\\\/huutokaupat\\\/huutokauppapalvelut\\\/\"]}]},{\"@type\":\"BreadcrumbList\",\"@id\":\"https:\\\/\\\/www.sagafurs.com\\\/fi\\\/huutokaupat\\\/huutokauppapalvelut\\\/#breadcrumb\",\"itemListElement\":[{\"@type\":\"ListItem\",\"position\":1,\"name\":\"Home\",\"item\":\"https:\\\/\\\/www.sagafurs.com\\\/fi\\\/\"},{\"@type\":\"ListItem\",\"position\":2,\"name\":\"Huutokaupat\",\"item\":\"https:\\\/\\\/www.sagafurs.com\\\/fi\\\/huutokaupat\\\/\"},{\"@type\":\"ListItem\",\"position\":3,\"name\":\"Huutokauppapalvelut\"}]},{\"@type\":\"WebSite\",\"@id\":\"https:\\\/\\\/www.sagafurs.com\\\/#website\",\"url\":\"https:\\\/\\\/www.sagafurs.com\\\/\",\"name\":\"Sagafurs\",\"description\":\"Sagafurs\",\"potentialAction\":[{\"@type\":\"SearchAction\",\"target\":{\"@type\":\"EntryPoint\",\"urlTemplate\":\"https:\\\/\\\/www.sagafurs.com\\\/?s={search_term_string}\"},\"query-input\":{\"@type\":\"PropertyValueSpecification\",\"valueRequired\":true,\"valueName\":\"search_term_string\"}}],\"inLanguage\":\"fi-FI\"}]}<\/script>\n<!-- \/ Yoast SEO plugin. -->","yoast_head_json":{"title":"Huutokauppapalvelut - Sagafurs","robots":{"index":"index","follow":"follow","max-snippet":"max-snippet:-1","max-image-preview":"max-image-preview:large","max-video-preview":"max-video-preview:-1"},"canonical":"https:\/\/www.sagafurs.com\/fi\/huutokaupat\/huutokauppapalvelut\/","og_locale":"fi_FI","og_type":"article","og_title":"Huutokauppapalvelut - Sagafurs","og_description":"Kaikki mit\u00e4 tarvitset \u2013 nopeasti ja hymyn kera Haluamme tehd\u00e4 k\u00e4ynnist\u00e4si Saga Fursin huutokauppaan mahdollisimman mukavan ja vaivattoman. Saga Furs tarjoaa kattavat, aikaa s\u00e4\u00e4st\u00e4v\u00e4t palvelut ennen huutokauppoja, niiden aikana ja j\u00e4lkeen. Autamme sinua my\u00f6s l\u00f6yt\u00e4m\u00e4\u00e4n erilaisia vaihtoehtoja vapaista hetkist\u00e4 nauttimiseen. Palvelujamme ovat: \u2022Netti-ilmoittautuminen huutokauppaan \u2022Hotellien varaaminen ja bussikuljetukset \u2022Avustava henkil\u00f6kunta huutokauppojen aikana \u2022Toimistotilat ja \u2013tekniikka\u2026 Lue lis\u00e4\u00e4 &raquo;","og_url":"https:\/\/www.sagafurs.com\/fi\/huutokaupat\/huutokauppapalvelut\/","og_site_name":"Sagafurs","article_modified_time":"2016-10-13T09:27:56+00:00","og_image":[{"width":760,"height":240,"url":"http:\/\/www.sagafurs.com\/wp-content\/uploads\/2016\/07\/Auction_services.jpg","type":"image\/jpeg"}],"twitter_card":"summary_large_image","schema":{"@context":"https:\/\/schema.org","@graph":[{"@type":"WebPage","@id":"https:\/\/www.sagafurs.com\/fi\/huutokaupat\/huutokauppapalvelut\/","url":"https:\/\/www.sagafurs.com\/fi\/huutokaupat\/huutokauppapalvelut\/","name":"Huutokauppapalvelut - Sagafurs","isPartOf":{"@id":"https:\/\/www.sagafurs.com\/#website"},"datePublished":"2016-07-07T10:04:41+00:00","dateModified":"2016-10-13T09:27:56+00:00","breadcrumb":{"@id":"https:\/\/www.sagafurs.com\/fi\/huutokaupat\/huutokauppapalvelut\/#breadcrumb"},"inLanguage":"fi-FI","potentialAction":[{"@type":"ReadAction","target":["https:\/\/www.sagafurs.com\/fi\/huutokaupat\/huutokauppapalvelut\/"]}]},{"@type":"BreadcrumbList","@id":"https:\/\/www.sagafurs.com\/fi\/huutokaupat\/huutokauppapalvelut\/#breadcrumb","itemListElement":[{"@type":"ListItem","position":1,"name":"Home","item":"https:\/\/www.sagafurs.com\/fi\/"},{"@type":"ListItem","position":2,"name":"Huutokaupat","item":"https:\/\/www.sagafurs.com\/fi\/huutokaupat\/"},{"@type":"ListItem","position":3,"name":"Huutokauppapalvelut"}]},{"@type":"WebSite","@id":"https:\/\/www.sagafurs.com\/#website","url":"https:\/\/www.sagafurs.com\/","name":"Sagafurs","description":"Sagafurs","potentialAction":[{"@type":"SearchAction","target":{"@type":"EntryPoint","urlTemplate":"https:\/\/www.sagafurs.com\/?s={search_term_string}"},"query-input":{"@type":"PropertyValueSpecification","valueRequired":true,"valueName":"search_term_string"}}],"inLanguage":"fi-FI"}]}},"_links":{"self":[{"href":"https:\/\/www.sagafurs.com\/fi\/wp-json\/wp\/v2\/pages\/440","targetHints":{"allow":["GET"]}}],"collection":[{"href":"https:\/\/www.sagafurs.com\/fi\/wp-json\/wp\/v2\/pages"}],"about":[{"href":"https:\/\/www.sagafurs.com\/fi\/wp-json\/wp\/v2\/types\/page"}],"author":[{"embeddable":true,"href":"https:\/\/www.sagafurs.com\/fi\/wp-json\/wp\/v2\/users\/29"}],"replies":[{"embeddable":true,"href":"https:\/\/www.sagafurs.com\/fi\/wp-json\/wp\/v2\/comments?post=440"}],"version-history":[{"count":0,"href":"https:\/\/www.sagafurs.com\/fi\/wp-json\/wp\/v2\/pages\/440\/revisions"}],"up":[{"embeddable":true,"href":"https:\/\/www.sagafurs.com\/fi\/wp-json\/wp\/v2\/pages\/360"}],"wp:attachment":[{"href":"https:\/\/www.sagafurs.com\/fi\/wp-json\/wp\/v2\/media?parent=440"}],"curies":[{"name":"wp","href":"https:\/\/api.w.org\/{rel}","templated":true}]}}