{"id":443,"date":"2016-07-07T11:30:01","date_gmt":"2016-07-07T10:30:01","guid":{"rendered":"https:\/\/www.sagafurs.com\/fi\/?page_id=443"},"modified":"2024-12-19T11:15:30","modified_gmt":"2024-12-19T09:15:30","slug":"ohjeet-nahkojen-ostajille","status":"publish","type":"page","link":"https:\/\/www.sagafurs.com\/fi\/huutokaupat\/ohjeet-nahkojen-ostajille\/","title":{"rendered":"Ohjeet nahkojen ostajille"},"content":{"rendered":"<p>Saga Furs myy nahkoja rekister\u00f6idyille asiakkailleen, joiden huutokauppaedustajilla on Saga Fursin rekister\u00f6im\u00e4 ostajanumero.<\/p>\n<h3><strong>Miten rekister\u00f6idyn asiakkaaksi?<\/strong><\/h3>\n<p>Rekister\u00f6ityminen tapahtuu toimittamalla meille asiakastiedot itsest\u00e4si ja yrityksest\u00e4si sek\u00e4 maksamalla vakuuden, joka kattaa v\u00e4hint\u00e4\u00e4n 35 prosenttia suunniteltujen ostojen arvosta.<\/p>\n<p>Pitk\u00e4\u00e4n liikesuhteessa kanssamme olleet henkil\u00f6t voivat my\u00f6s p\u00e4\u00e4st\u00e4 rekister\u00f6ityneiksi ostajiksi ja saada oman ostajanumeron.<\/p>\n<p>Kun haluat lis\u00e4tietoja nahkojen ostamisesta rekister\u00f6ityneilt\u00e4 ostajilta tai siit\u00e4, miten ostajanumeroa haetaan, ota yhteytt\u00e4 myyntiosastoomme: <a href=\"mailto:sales@sagafurs.com\">sales@sagafurs.com<\/a>.<\/p>\n<h2>Laskutus<\/h2>\n<p>Huutokaupan p\u00e4\u00e4tytty\u00e4 asiakkailla on 21 p\u00e4iv\u00e4n koroton maksuaika. 21 p\u00e4iv\u00e4n j\u00e4lkeen maksamattomista laskuista perit\u00e4\u00e4n korkoa.<\/p>\n<p>Maksun saatuamme nahat toimitetaan ostajan ohjeiden mukaan.<\/p>\n<h3>Pankkitiedot<\/h3>\n<p>Meill\u00e4 on erilliset tilit eurom\u00e4\u00e4r\u00e4isille ja Yhdysvaltain dollarin (USD) rahal\u00e4hetyksille. <span class=\"highlight-tree-child-wrapper ng-star-inserted\"><span class=\"highlight-tree-child-wrapper tld-sentence tld-sentence-0-1 ng-star-inserted\"><span class=\"tld-sibling-0-1-10 tld-sibling-0-1-11 tld-word tld-word-0-1-10 ng-star-inserted\">Pyyd\u00e4mme<\/span> <span class=\"tld-sibling-0-1-14 tld-word tld-word-0-1-12 ng-star-inserted\">maksamaan<\/span> maksut <span class=\"tld-sibling-0-1-15 tld-word tld-word-0-1-13 ng-star-inserted\">suoraan<\/span> <span class=\"tld-sibling-0-1-16 tld-sibling-0-1-17 tld-sibling-0-1-18 tld-word tld-word-0-1-14 ng-star-inserted\">vastaavan<\/span> <span class=\"tld-sibling-0-1-19 tld-word tld-word-0-1-15 ng-star-inserted\">valuutan<\/span> <span class=\"highlight-tree-child-wrapper multiple-word-wrapper ng-star-inserted\"><span class=\"tld-sibling-0-1-21 tld-word tld-word-0-1-17 ng-star-inserted\">tilille<\/span><span class=\"tld-sibling-0-1-22 tld-word tld-word-0-1-18 ng-star-inserted\">.<\/span><\/span><\/span><span class=\"highlight-tree-child-wrapper tld-sentence tld-sentence-0-2 ng-star-inserted\"> <span class=\"tld-sibling-0-2-23 tld-sibling-0-2-24 tld-word tld-word-0-2-19 ng-star-inserted\">Jos<\/span> <span class=\"tld-sibling-0-2-29 tld-sibling-0-2-30 tld-sibling-0-2-31 tld-word tld-word-0-2-20 ng-star-inserted\">tilillemme<\/span> <span class=\"tld-sibling-0-2-25 tld-sibling-0-2-26 tld-sibling-0-2-27 tld-word tld-word-0-2-21 ng-star-inserted\">on<\/span> <span class=\"tld-sibling-0-2-28 tld-word tld-word-0-2-22 ng-star-inserted\">maksettu<\/span> <span class=\"tld-sibling-0-2-28 tld-word tld-word-0-2-23 ng-star-inserted\">maksu<\/span> <span class=\"tld-sibling-0-2-33 tld-sibling-0-2-34 tld-word tld-word-0-2-24 ng-star-inserted\">v\u00e4\u00e4r\u00e4ll\u00e4<\/span> <span class=\"highlight-tree-child-wrapper multiple-word-wrapper ng-star-inserted\"><span class=\"tld-sibling-0-2-35 tld-word tld-word-0-2-25 ng-star-inserted\">valuutalla<\/span><span class=\"tld-sibling-0-2-32 tld-word tld-word-0-2-26 ng-star-inserted\">,<\/span><\/span> <span class=\"tld-sibling-0-2-36 tld-word tld-word-0-2-27 ng-star-inserted\">tililt\u00e4si saatetaan v\u00e4hent\u00e4\u00e4<\/span> <span class=\"tld-sibling-0-2-39 tld-sibling-0-2-40 tld-sibling-0-2-41 tld-word tld-word-0-2-30 ng-star-inserted\">valuuttakurssierot<\/span> <span class=\"tld-sibling-0-2-42 tld-word tld-word-0-2-31 ng-star-inserted\">ja<\/span> <span class=\"highlight-tree-child-wrapper multiple-word-wrapper ng-star-inserted\"><span class=\"tld-sibling-0-2-44 tld-word tld-word-0-2-32 ng-star-inserted\">pankkikulut<\/span><\/span><span class=\"highlight-tree-child-wrapper multiple-word-wrapper ng-star-inserted\"><span class=\"tld-sibling-0-2-52 tld-word tld-word-0-2-37 ng-star-inserted\">.<\/span><\/span><\/span><\/span><\/p>\n<p><strong>Pankkiyhteystiedot:<\/strong><\/p>\n<p><strong>OP Yrityspankki<br \/>\n<\/strong>Gebhardinaukio 1, Helsinki<br \/>\nP.O. Box 308, FI-00013 OP<br \/>\nFINLAND<br \/>\nPuh. +358 10 252 011<br \/>\nEUR IBAN tili: FI32 5000 0120 0001 94<br \/>\nSWIFT: OKOYFIHH<br \/>\nUSD IBAN tili: FI10 5000 0130 1005 21<br \/>\nSWIFT: OKOYFIHH<\/p>\n<p><strong>Pankkiyhteystiedot CNY-maksuille:<\/strong><\/p>\n<p><strong>OP Yrityspankki plc, Helsinki, Finland,<br \/>\n<\/strong>SWIFT: OKOYFIHH<br \/>\nTili Bank of China, Shanghai<br \/>\nSWIFT: BKCHCNBJS00<br \/>\nCNY IBAN tili: \u00a0FI25 5000 0130 4500 33<br \/>\nViite: Laskunnumero<br \/>\nHSBCHKHH (Hongkong and Shanghai Banking Corporation Limited, Hong Kong)<\/p>\n<p>&nbsp;<\/p>\n<h2>Complete Terms and Conditions<\/h2>\n<p><strong>Conditions of Sale\u00a0 &#8211; click <a href=\"https:\/\/www.sagafurs.com\/wp-content\/uploads\/2024\/12\/Saga-Furs_Conditions-of-Sale-10.12.2024.pdf\">here<\/a> for pdf file<br \/>\nConditions of Sale Online auctions &#8211; click <a href=\"https:\/\/www.sagafurs.com\/wp-content\/uploads\/2024\/12\/Saga-Furs_Conditions-of-Sale-10.12.2024_online-auction.pdf\">here<\/a> for pdf file<br \/>\n<\/strong><\/p>\n<p>&nbsp;<\/p>\n<p>&nbsp;<\/p>\n<p>&nbsp;<\/p>\n<p>&nbsp;<\/p>\n<p style=\"text-align: center;\">\n<div id=\"footer\"><\/div>\n","protected":false},"excerpt":{"rendered":"<p>Saga Furs myy nahkoja rekister\u00f6idyille asiakkailleen, joiden huutokauppaedustajilla on Saga Fursin rekister\u00f6im\u00e4 ostajanumero. Miten rekister\u00f6idyn asiakkaaksi? Rekister\u00f6ityminen tapahtuu toimittamalla meille asiakastiedot itsest\u00e4si ja yrityksest\u00e4si sek\u00e4 maksamalla vakuuden, joka kattaa v\u00e4hint\u00e4\u00e4n 35 prosenttia suunniteltujen ostojen arvosta. Pitk\u00e4\u00e4n liikesuhteessa kanssamme olleet henkil\u00f6t voivat my\u00f6s p\u00e4\u00e4st\u00e4 rekister\u00f6ityneiksi ostajiksi ja saada oman ostajanumeron. Kun haluat lis\u00e4tietoja nahkojen ostamisesta rekister\u00f6ityneilt\u00e4<a class=\"excerpt-read-more\" href=\"https:\/\/www.sagafurs.com\/fi\/huutokaupat\/ohjeet-nahkojen-ostajille\/\" title=\"LueOhjeet nahkojen ostajille\">\u2026 Lue lis\u00e4\u00e4 &raquo;<\/a><\/p>\n","protected":false},"author":29,"featured_media":0,"parent":360,"menu_order":0,"comment_status":"closed","ping_status":"closed","template":"templates\/content-page-template.php","meta":{"_acf_changed":false,"footnotes":""},"class_list":["post-443","page","type-page","status-publish","hentry"],"acf":[],"yoast_head":"<!-- This site is optimized with the Yoast SEO plugin v27.3 - https:\/\/yoast.com\/product\/yoast-seo-wordpress\/ -->\n<title>Ohjeet nahkojen ostajille - Sagafurs<\/title>\n<meta name=\"robots\" content=\"index, follow, max-snippet:-1, max-image-preview:large, max-video-preview:-1\" \/>\n<link rel=\"canonical\" href=\"https:\/\/www.sagafurs.com\/fi\/huutokaupat\/ohjeet-nahkojen-ostajille\/\" \/>\n<meta property=\"og:locale\" content=\"fi_FI\" \/>\n<meta property=\"og:type\" content=\"article\" \/>\n<meta property=\"og:title\" content=\"Ohjeet nahkojen ostajille - Sagafurs\" \/>\n<meta property=\"og:description\" content=\"Saga Furs myy nahkoja rekister\u00f6idyille asiakkailleen, joiden huutokauppaedustajilla on Saga Fursin rekister\u00f6im\u00e4 ostajanumero. Miten rekister\u00f6idyn asiakkaaksi? Rekister\u00f6ityminen tapahtuu toimittamalla meille asiakastiedot itsest\u00e4si ja yrityksest\u00e4si sek\u00e4 maksamalla vakuuden, joka kattaa v\u00e4hint\u00e4\u00e4n 35 prosenttia suunniteltujen ostojen arvosta. Pitk\u00e4\u00e4n liikesuhteessa kanssamme olleet henkil\u00f6t voivat my\u00f6s p\u00e4\u00e4st\u00e4 rekister\u00f6ityneiksi ostajiksi ja saada oman ostajanumeron. Kun haluat lis\u00e4tietoja nahkojen ostamisesta rekister\u00f6ityneilt\u00e4\u2026 Lue lis\u00e4\u00e4 &raquo;\" \/>\n<meta property=\"og:url\" content=\"https:\/\/www.sagafurs.com\/fi\/huutokaupat\/ohjeet-nahkojen-ostajille\/\" \/>\n<meta property=\"og:site_name\" content=\"Sagafurs\" \/>\n<meta property=\"article:modified_time\" content=\"2024-12-19T09:15:30+00:00\" \/>\n<meta name=\"twitter:card\" content=\"summary_large_image\" \/>\n<meta name=\"twitter:label1\" content=\"Est. reading time\" \/>\n\t<meta name=\"twitter:data1\" content=\"1 minute\" \/>\n<script type=\"application\/ld+json\" class=\"yoast-schema-graph\">{\"@context\":\"https:\\\/\\\/schema.org\",\"@graph\":[{\"@type\":\"WebPage\",\"@id\":\"https:\\\/\\\/www.sagafurs.com\\\/fi\\\/huutokaupat\\\/ohjeet-nahkojen-ostajille\\\/\",\"url\":\"https:\\\/\\\/www.sagafurs.com\\\/fi\\\/huutokaupat\\\/ohjeet-nahkojen-ostajille\\\/\",\"name\":\"Ohjeet nahkojen ostajille - Sagafurs\",\"isPartOf\":{\"@id\":\"https:\\\/\\\/www.sagafurs.com\\\/#website\"},\"datePublished\":\"2016-07-07T10:30:01+00:00\",\"dateModified\":\"2024-12-19T09:15:30+00:00\",\"breadcrumb\":{\"@id\":\"https:\\\/\\\/www.sagafurs.com\\\/fi\\\/huutokaupat\\\/ohjeet-nahkojen-ostajille\\\/#breadcrumb\"},\"inLanguage\":\"fi-FI\",\"potentialAction\":[{\"@type\":\"ReadAction\",\"target\":[\"https:\\\/\\\/www.sagafurs.com\\\/fi\\\/huutokaupat\\\/ohjeet-nahkojen-ostajille\\\/\"]}]},{\"@type\":\"BreadcrumbList\",\"@id\":\"https:\\\/\\\/www.sagafurs.com\\\/fi\\\/huutokaupat\\\/ohjeet-nahkojen-ostajille\\\/#breadcrumb\",\"itemListElement\":[{\"@type\":\"ListItem\",\"position\":1,\"name\":\"Home\",\"item\":\"https:\\\/\\\/www.sagafurs.com\\\/fi\\\/\"},{\"@type\":\"ListItem\",\"position\":2,\"name\":\"Huutokaupat\",\"item\":\"https:\\\/\\\/www.sagafurs.com\\\/fi\\\/huutokaupat\\\/\"},{\"@type\":\"ListItem\",\"position\":3,\"name\":\"Ohjeet nahkojen ostajille\"}]},{\"@type\":\"WebSite\",\"@id\":\"https:\\\/\\\/www.sagafurs.com\\\/#website\",\"url\":\"https:\\\/\\\/www.sagafurs.com\\\/\",\"name\":\"Sagafurs\",\"description\":\"Sagafurs\",\"potentialAction\":[{\"@type\":\"SearchAction\",\"target\":{\"@type\":\"EntryPoint\",\"urlTemplate\":\"https:\\\/\\\/www.sagafurs.com\\\/?s={search_term_string}\"},\"query-input\":{\"@type\":\"PropertyValueSpecification\",\"valueRequired\":true,\"valueName\":\"search_term_string\"}}],\"inLanguage\":\"fi-FI\"}]}<\/script>\n<!-- \/ Yoast SEO plugin. -->","yoast_head_json":{"title":"Ohjeet nahkojen ostajille - Sagafurs","robots":{"index":"index","follow":"follow","max-snippet":"max-snippet:-1","max-image-preview":"max-image-preview:large","max-video-preview":"max-video-preview:-1"},"canonical":"https:\/\/www.sagafurs.com\/fi\/huutokaupat\/ohjeet-nahkojen-ostajille\/","og_locale":"fi_FI","og_type":"article","og_title":"Ohjeet nahkojen ostajille - Sagafurs","og_description":"Saga Furs myy nahkoja rekister\u00f6idyille asiakkailleen, joiden huutokauppaedustajilla on Saga Fursin rekister\u00f6im\u00e4 ostajanumero. Miten rekister\u00f6idyn asiakkaaksi? Rekister\u00f6ityminen tapahtuu toimittamalla meille asiakastiedot itsest\u00e4si ja yrityksest\u00e4si sek\u00e4 maksamalla vakuuden, joka kattaa v\u00e4hint\u00e4\u00e4n 35 prosenttia suunniteltujen ostojen arvosta. Pitk\u00e4\u00e4n liikesuhteessa kanssamme olleet henkil\u00f6t voivat my\u00f6s p\u00e4\u00e4st\u00e4 rekister\u00f6ityneiksi ostajiksi ja saada oman ostajanumeron. Kun haluat lis\u00e4tietoja nahkojen ostamisesta rekister\u00f6ityneilt\u00e4\u2026 Lue lis\u00e4\u00e4 &raquo;","og_url":"https:\/\/www.sagafurs.com\/fi\/huutokaupat\/ohjeet-nahkojen-ostajille\/","og_site_name":"Sagafurs","article_modified_time":"2024-12-19T09:15:30+00:00","twitter_card":"summary_large_image","twitter_misc":{"Est. reading time":"1 minute"},"schema":{"@context":"https:\/\/schema.org","@graph":[{"@type":"WebPage","@id":"https:\/\/www.sagafurs.com\/fi\/huutokaupat\/ohjeet-nahkojen-ostajille\/","url":"https:\/\/www.sagafurs.com\/fi\/huutokaupat\/ohjeet-nahkojen-ostajille\/","name":"Ohjeet nahkojen ostajille - Sagafurs","isPartOf":{"@id":"https:\/\/www.sagafurs.com\/#website"},"datePublished":"2016-07-07T10:30:01+00:00","dateModified":"2024-12-19T09:15:30+00:00","breadcrumb":{"@id":"https:\/\/www.sagafurs.com\/fi\/huutokaupat\/ohjeet-nahkojen-ostajille\/#breadcrumb"},"inLanguage":"fi-FI","potentialAction":[{"@type":"ReadAction","target":["https:\/\/www.sagafurs.com\/fi\/huutokaupat\/ohjeet-nahkojen-ostajille\/"]}]},{"@type":"BreadcrumbList","@id":"https:\/\/www.sagafurs.com\/fi\/huutokaupat\/ohjeet-nahkojen-ostajille\/#breadcrumb","itemListElement":[{"@type":"ListItem","position":1,"name":"Home","item":"https:\/\/www.sagafurs.com\/fi\/"},{"@type":"ListItem","position":2,"name":"Huutokaupat","item":"https:\/\/www.sagafurs.com\/fi\/huutokaupat\/"},{"@type":"ListItem","position":3,"name":"Ohjeet nahkojen ostajille"}]},{"@type":"WebSite","@id":"https:\/\/www.sagafurs.com\/#website","url":"https:\/\/www.sagafurs.com\/","name":"Sagafurs","description":"Sagafurs","potentialAction":[{"@type":"SearchAction","target":{"@type":"EntryPoint","urlTemplate":"https:\/\/www.sagafurs.com\/?s={search_term_string}"},"query-input":{"@type":"PropertyValueSpecification","valueRequired":true,"valueName":"search_term_string"}}],"inLanguage":"fi-FI"}]}},"_links":{"self":[{"href":"https:\/\/www.sagafurs.com\/fi\/wp-json\/wp\/v2\/pages\/443","targetHints":{"allow":["GET"]}}],"collection":[{"href":"https:\/\/www.sagafurs.com\/fi\/wp-json\/wp\/v2\/pages"}],"about":[{"href":"https:\/\/www.sagafurs.com\/fi\/wp-json\/wp\/v2\/types\/page"}],"author":[{"embeddable":true,"href":"https:\/\/www.sagafurs.com\/fi\/wp-json\/wp\/v2\/users\/29"}],"replies":[{"embeddable":true,"href":"https:\/\/www.sagafurs.com\/fi\/wp-json\/wp\/v2\/comments?post=443"}],"version-history":[{"count":0,"href":"https:\/\/www.sagafurs.com\/fi\/wp-json\/wp\/v2\/pages\/443\/revisions"}],"up":[{"embeddable":true,"href":"https:\/\/www.sagafurs.com\/fi\/wp-json\/wp\/v2\/pages\/360"}],"wp:attachment":[{"href":"https:\/\/www.sagafurs.com\/fi\/wp-json\/wp\/v2\/media?parent=443"}],"curies":[{"name":"wp","href":"https:\/\/api.w.org\/{rel}","templated":true}]}}