{"id":466,"date":"2016-05-31T12:24:40","date_gmt":"2016-05-31T12:24:40","guid":{"rendered":"https:\/\/www.sagafurs.com\/fi\/?page_id=466"},"modified":"2016-10-20T23:04:03","modified_gmt":"2016-10-20T22:04:03","slug":"tuotteet","status":"publish","type":"page","link":"https:\/\/www.sagafurs.com\/fi\/huutokaupat\/tuotteet\/","title":{"rendered":"Tuotteet"},"content":{"rendered":"<h3>Tutustu ainutlaatuiseen valikoimaamme<\/h3>\n<p>Tarjoamme maailman monipuolisimman korkealaatuisten turkisnahkojen valikoiman. Saga Furs-valikoimissa myyt\u00e4v\u00e4t nahat ovat per\u00e4isin eurooppalaisilta turkistiloilta, joiden toiminta on tarkkaan s\u00e4\u00e4delty\u00e4 ja valvottua. Huippulaatu ja vastuullinen toimintatapa tekev\u00e4t Saga Fursista kansainv\u00e4listen muotisuunnittelijoiden ykk\u00f6svalinnan.<\/p>\n<p>Ainoastaan parhaimmat laadut l\u00e4p\u00e4isev\u00e4t tarkan nahkojen lajitteluj\u00e4rjestelm\u00e4n ja p\u00e4\u00e4sev\u00e4t mukaan Saga Furs \u2013valikoimiin.<\/p>\n","protected":false},"excerpt":{"rendered":"<p>Tutustu ainutlaatuiseen valikoimaamme Tarjoamme maailman monipuolisimman korkealaatuisten turkisnahkojen valikoiman. Saga Furs-valikoimissa myyt\u00e4v\u00e4t nahat ovat per\u00e4isin eurooppalaisilta turkistiloilta, joiden toiminta on tarkkaan s\u00e4\u00e4delty\u00e4 ja valvottua. Huippulaatu ja vastuullinen toimintatapa tekev\u00e4t Saga Fursista kansainv\u00e4listen muotisuunnittelijoiden ykk\u00f6svalinnan. Ainoastaan parhaimmat laadut l\u00e4p\u00e4isev\u00e4t tarkan nahkojen lajitteluj\u00e4rjestelm\u00e4n ja p\u00e4\u00e4sev\u00e4t mukaan Saga Furs \u2013valikoimiin.<\/p>\n","protected":false},"author":29,"featured_media":0,"parent":360,"menu_order":0,"comment_status":"closed","ping_status":"closed","template":"templates\/products-langing-template.php","meta":{"_acf_changed":false,"footnotes":""},"class_list":["post-466","page","type-page","status-publish","hentry"],"acf":[],"yoast_head":"<!-- This site is optimized with the Yoast SEO plugin v27.3 - https:\/\/yoast.com\/product\/yoast-seo-wordpress\/ -->\n<title>Tuotteet - Sagafurs<\/title>\n<meta name=\"robots\" content=\"index, follow, max-snippet:-1, max-image-preview:large, max-video-preview:-1\" \/>\n<link rel=\"canonical\" href=\"https:\/\/www.sagafurs.com\/fi\/huutokaupat\/tuotteet\/\" \/>\n<meta property=\"og:locale\" content=\"fi_FI\" \/>\n<meta property=\"og:type\" content=\"article\" \/>\n<meta property=\"og:title\" content=\"Tuotteet - Sagafurs\" \/>\n<meta property=\"og:description\" content=\"Tutustu ainutlaatuiseen valikoimaamme Tarjoamme maailman monipuolisimman korkealaatuisten turkisnahkojen valikoiman. Saga Furs-valikoimissa myyt\u00e4v\u00e4t nahat ovat per\u00e4isin eurooppalaisilta turkistiloilta, joiden toiminta on tarkkaan s\u00e4\u00e4delty\u00e4 ja valvottua. Huippulaatu ja vastuullinen toimintatapa tekev\u00e4t Saga Fursista kansainv\u00e4listen muotisuunnittelijoiden ykk\u00f6svalinnan. Ainoastaan parhaimmat laadut l\u00e4p\u00e4isev\u00e4t tarkan nahkojen lajitteluj\u00e4rjestelm\u00e4n ja p\u00e4\u00e4sev\u00e4t mukaan Saga Furs \u2013valikoimiin.\" \/>\n<meta property=\"og:url\" content=\"https:\/\/www.sagafurs.com\/fi\/huutokaupat\/tuotteet\/\" \/>\n<meta property=\"og:site_name\" content=\"Sagafurs\" \/>\n<meta property=\"article:modified_time\" content=\"2016-10-20T22:04:03+00:00\" \/>\n<meta property=\"og:image\" content=\"http:\/\/www.sagafurs.com\/wp-content\/uploads\/2016\/05\/products-main.jpg\" \/>\n\t<meta property=\"og:image:width\" content=\"760\" \/>\n\t<meta property=\"og:image:height\" content=\"240\" \/>\n\t<meta property=\"og:image:type\" content=\"image\/jpeg\" \/>\n<meta name=\"twitter:card\" content=\"summary_large_image\" \/>\n<script type=\"application\/ld+json\" class=\"yoast-schema-graph\">{\"@context\":\"https:\\\/\\\/schema.org\",\"@graph\":[{\"@type\":\"WebPage\",\"@id\":\"https:\\\/\\\/www.sagafurs.com\\\/fi\\\/huutokaupat\\\/tuotteet\\\/\",\"url\":\"https:\\\/\\\/www.sagafurs.com\\\/fi\\\/huutokaupat\\\/tuotteet\\\/\",\"name\":\"Tuotteet - Sagafurs\",\"isPartOf\":{\"@id\":\"https:\\\/\\\/www.sagafurs.com\\\/#website\"},\"datePublished\":\"2016-05-31T12:24:40+00:00\",\"dateModified\":\"2016-10-20T22:04:03+00:00\",\"breadcrumb\":{\"@id\":\"https:\\\/\\\/www.sagafurs.com\\\/fi\\\/huutokaupat\\\/tuotteet\\\/#breadcrumb\"},\"inLanguage\":\"fi-FI\",\"potentialAction\":[{\"@type\":\"ReadAction\",\"target\":[\"https:\\\/\\\/www.sagafurs.com\\\/fi\\\/huutokaupat\\\/tuotteet\\\/\"]}]},{\"@type\":\"BreadcrumbList\",\"@id\":\"https:\\\/\\\/www.sagafurs.com\\\/fi\\\/huutokaupat\\\/tuotteet\\\/#breadcrumb\",\"itemListElement\":[{\"@type\":\"ListItem\",\"position\":1,\"name\":\"Home\",\"item\":\"https:\\\/\\\/www.sagafurs.com\\\/fi\\\/\"},{\"@type\":\"ListItem\",\"position\":2,\"name\":\"Huutokaupat\",\"item\":\"https:\\\/\\\/www.sagafurs.com\\\/fi\\\/huutokaupat\\\/\"},{\"@type\":\"ListItem\",\"position\":3,\"name\":\"Tuotteet\"}]},{\"@type\":\"WebSite\",\"@id\":\"https:\\\/\\\/www.sagafurs.com\\\/#website\",\"url\":\"https:\\\/\\\/www.sagafurs.com\\\/\",\"name\":\"Sagafurs\",\"description\":\"Sagafurs\",\"potentialAction\":[{\"@type\":\"SearchAction\",\"target\":{\"@type\":\"EntryPoint\",\"urlTemplate\":\"https:\\\/\\\/www.sagafurs.com\\\/?s={search_term_string}\"},\"query-input\":{\"@type\":\"PropertyValueSpecification\",\"valueRequired\":true,\"valueName\":\"search_term_string\"}}],\"inLanguage\":\"fi-FI\"}]}<\/script>\n<!-- \/ Yoast SEO plugin. -->","yoast_head_json":{"title":"Tuotteet - Sagafurs","robots":{"index":"index","follow":"follow","max-snippet":"max-snippet:-1","max-image-preview":"max-image-preview:large","max-video-preview":"max-video-preview:-1"},"canonical":"https:\/\/www.sagafurs.com\/fi\/huutokaupat\/tuotteet\/","og_locale":"fi_FI","og_type":"article","og_title":"Tuotteet - Sagafurs","og_description":"Tutustu ainutlaatuiseen valikoimaamme Tarjoamme maailman monipuolisimman korkealaatuisten turkisnahkojen valikoiman. Saga Furs-valikoimissa myyt\u00e4v\u00e4t nahat ovat per\u00e4isin eurooppalaisilta turkistiloilta, joiden toiminta on tarkkaan s\u00e4\u00e4delty\u00e4 ja valvottua. Huippulaatu ja vastuullinen toimintatapa tekev\u00e4t Saga Fursista kansainv\u00e4listen muotisuunnittelijoiden ykk\u00f6svalinnan. Ainoastaan parhaimmat laadut l\u00e4p\u00e4isev\u00e4t tarkan nahkojen lajitteluj\u00e4rjestelm\u00e4n ja p\u00e4\u00e4sev\u00e4t mukaan Saga Furs \u2013valikoimiin.","og_url":"https:\/\/www.sagafurs.com\/fi\/huutokaupat\/tuotteet\/","og_site_name":"Sagafurs","article_modified_time":"2016-10-20T22:04:03+00:00","og_image":[{"width":760,"height":240,"url":"http:\/\/www.sagafurs.com\/wp-content\/uploads\/2016\/05\/products-main.jpg","type":"image\/jpeg"}],"twitter_card":"summary_large_image","schema":{"@context":"https:\/\/schema.org","@graph":[{"@type":"WebPage","@id":"https:\/\/www.sagafurs.com\/fi\/huutokaupat\/tuotteet\/","url":"https:\/\/www.sagafurs.com\/fi\/huutokaupat\/tuotteet\/","name":"Tuotteet - Sagafurs","isPartOf":{"@id":"https:\/\/www.sagafurs.com\/#website"},"datePublished":"2016-05-31T12:24:40+00:00","dateModified":"2016-10-20T22:04:03+00:00","breadcrumb":{"@id":"https:\/\/www.sagafurs.com\/fi\/huutokaupat\/tuotteet\/#breadcrumb"},"inLanguage":"fi-FI","potentialAction":[{"@type":"ReadAction","target":["https:\/\/www.sagafurs.com\/fi\/huutokaupat\/tuotteet\/"]}]},{"@type":"BreadcrumbList","@id":"https:\/\/www.sagafurs.com\/fi\/huutokaupat\/tuotteet\/#breadcrumb","itemListElement":[{"@type":"ListItem","position":1,"name":"Home","item":"https:\/\/www.sagafurs.com\/fi\/"},{"@type":"ListItem","position":2,"name":"Huutokaupat","item":"https:\/\/www.sagafurs.com\/fi\/huutokaupat\/"},{"@type":"ListItem","position":3,"name":"Tuotteet"}]},{"@type":"WebSite","@id":"https:\/\/www.sagafurs.com\/#website","url":"https:\/\/www.sagafurs.com\/","name":"Sagafurs","description":"Sagafurs","potentialAction":[{"@type":"SearchAction","target":{"@type":"EntryPoint","urlTemplate":"https:\/\/www.sagafurs.com\/?s={search_term_string}"},"query-input":{"@type":"PropertyValueSpecification","valueRequired":true,"valueName":"search_term_string"}}],"inLanguage":"fi-FI"}]}},"_links":{"self":[{"href":"https:\/\/www.sagafurs.com\/fi\/wp-json\/wp\/v2\/pages\/466","targetHints":{"allow":["GET"]}}],"collection":[{"href":"https:\/\/www.sagafurs.com\/fi\/wp-json\/wp\/v2\/pages"}],"about":[{"href":"https:\/\/www.sagafurs.com\/fi\/wp-json\/wp\/v2\/types\/page"}],"author":[{"embeddable":true,"href":"https:\/\/www.sagafurs.com\/fi\/wp-json\/wp\/v2\/users\/29"}],"replies":[{"embeddable":true,"href":"https:\/\/www.sagafurs.com\/fi\/wp-json\/wp\/v2\/comments?post=466"}],"version-history":[{"count":0,"href":"https:\/\/www.sagafurs.com\/fi\/wp-json\/wp\/v2\/pages\/466\/revisions"}],"up":[{"embeddable":true,"href":"https:\/\/www.sagafurs.com\/fi\/wp-json\/wp\/v2\/pages\/360"}],"wp:attachment":[{"href":"https:\/\/www.sagafurs.com\/fi\/wp-json\/wp\/v2\/media?parent=466"}],"curies":[{"name":"wp","href":"https:\/\/api.w.org\/{rel}","templated":true}]}}