{"id":505,"date":"2016-07-07T12:39:19","date_gmt":"2016-07-07T11:39:19","guid":{"rendered":"https:\/\/www.sagafurs.com\/fi\/?page_id=505"},"modified":"2025-08-25T13:43:06","modified_gmt":"2025-08-25T10:43:06","slug":"tietoa-meista","status":"publish","type":"page","link":"https:\/\/www.sagafurs.com\/fi\/yritys\/tietoa-meista\/","title":{"rendered":"Tietoa meist\u00e4"},"content":{"rendered":"<p>Olemme kansainv\u00e4linen turkishuutokauppayhti\u00f6, jonka ydinvahvuuksia ovat tarkkaan valvottu turkisten tuotantoketju, alan laajin huipputurkisten tarjonta ja korkea toiminnallinen laatu. Saga Furs Oyj on alansa ainoa julkisesti noteerattu yhti\u00f6 maailmassa.<\/p>\n<p>Yhteisty\u00f6kumppanimme ulottuvat turkisten kasvattajista ja nahkojen toimittajista vaateteollisuuteen ja kansainv\u00e4lisiin muotitaloihin.<\/p>\n<p>Keskeinen teht\u00e4v\u00e4mme on tukea vastuullisuuden periaatteiden mukaisesti tapahtuvaa eurooppalaista turkiskasvatusta ja markkinoida Saga\u00ae-merkill\u00e4 tuotetut ketun-, suomensupin- ja minkinnahat ostajille kolme kertaa vuodessa pidett\u00e4viss\u00e4 kansainv\u00e4lisiss\u00e4 huutokaupoissa.<\/p>\n<p>Saga Furs tunnetaan koko maailman eettisen turkisel\u00e4inkasvatuksen edell\u00e4k\u00e4vij\u00e4n\u00e4 ja innovatiivisena yhti\u00f6n\u00e4, joka on tuonut turkikset takaisin muotisuunnittelijoiden materiaaliksi. Saga\u00ae-merkki edustaa varmuutta siit\u00e4 tuotteiden laadusta sek\u00e4 toiminnan avoimuudesta ja vastuullisuudesta, joita t\u00e4m\u00e4n p\u00e4iv\u00e4n kuluttaja valinnoiltaan edellytt\u00e4\u00e4.<\/p>\n<p>&nbsp;<\/p>\n<p><iframe loading=\"lazy\" src=\"https:\/\/www.youtube.com\/embed\/D9i6x8ERwzw\" width=\"560\" height=\"315\" frameborder=\"0\" allowfullscreen=\"allowfullscreen\"><\/iframe><\/p>\n<h2><\/h2>\n<div id=\"frontpageNews\"><\/div>\n","protected":false},"excerpt":{"rendered":"<p>Olemme kansainv\u00e4linen turkishuutokauppayhti\u00f6, jonka ydinvahvuuksia ovat tarkkaan valvottu turkisten tuotantoketju, alan laajin huipputurkisten tarjonta ja korkea toiminnallinen laatu. Saga Furs Oyj on alansa ainoa julkisesti noteerattu yhti\u00f6 maailmassa. Yhteisty\u00f6kumppanimme ulottuvat turkisten kasvattajista ja nahkojen toimittajista vaateteollisuuteen ja kansainv\u00e4lisiin muotitaloihin. Keskeinen teht\u00e4v\u00e4mme on tukea vastuullisuuden periaatteiden mukaisesti tapahtuvaa eurooppalaista turkiskasvatusta ja markkinoida Saga\u00ae-merkill\u00e4 tuotetut ketun-, suomensupin-<a class=\"excerpt-read-more\" href=\"https:\/\/www.sagafurs.com\/fi\/yritys\/tietoa-meista\/\" title=\"LueTietoa meist\u00e4\">\u2026 Lue lis\u00e4\u00e4 &raquo;<\/a><\/p>\n","protected":false},"author":29,"featured_media":0,"parent":363,"menu_order":1,"comment_status":"closed","ping_status":"closed","template":"templates\/content-page-template.php","meta":{"_acf_changed":false,"footnotes":""},"class_list":["post-505","page","type-page","status-publish","hentry"],"acf":[],"yoast_head":"<!-- This site is optimized with the Yoast SEO plugin v27.5 - https:\/\/yoast.com\/product\/yoast-seo-wordpress\/ -->\n<title>Tietoa meist\u00e4 - Sagafurs<\/title>\n<meta name=\"robots\" content=\"index, follow, max-snippet:-1, max-image-preview:large, max-video-preview:-1\" \/>\n<link rel=\"canonical\" href=\"https:\/\/www.sagafurs.com\/fi\/yritys\/tietoa-meista\/\" \/>\n<meta property=\"og:locale\" content=\"fi_FI\" \/>\n<meta property=\"og:type\" content=\"article\" \/>\n<meta property=\"og:title\" content=\"Tietoa meist\u00e4 - Sagafurs\" \/>\n<meta property=\"og:description\" content=\"Olemme kansainv\u00e4linen turkishuutokauppayhti\u00f6, jonka ydinvahvuuksia ovat tarkkaan valvottu turkisten tuotantoketju, alan laajin huipputurkisten tarjonta ja korkea toiminnallinen laatu. Saga Furs Oyj on alansa ainoa julkisesti noteerattu yhti\u00f6 maailmassa. Yhteisty\u00f6kumppanimme ulottuvat turkisten kasvattajista ja nahkojen toimittajista vaateteollisuuteen ja kansainv\u00e4lisiin muotitaloihin. Keskeinen teht\u00e4v\u00e4mme on tukea vastuullisuuden periaatteiden mukaisesti tapahtuvaa eurooppalaista turkiskasvatusta ja markkinoida Saga\u00ae-merkill\u00e4 tuotetut ketun-, suomensupin-\u2026 Lue lis\u00e4\u00e4 &raquo;\" \/>\n<meta property=\"og:url\" content=\"https:\/\/www.sagafurs.com\/fi\/yritys\/tietoa-meista\/\" \/>\n<meta property=\"og:site_name\" content=\"Sagafurs\" \/>\n<meta property=\"article:modified_time\" content=\"2025-08-25T10:43:06+00:00\" \/>\n<meta name=\"twitter:card\" content=\"summary_large_image\" \/>\n<meta name=\"twitter:label1\" content=\"Est. reading time\" \/>\n\t<meta name=\"twitter:data1\" content=\"1 minute\" \/>\n<script type=\"application\/ld+json\" class=\"yoast-schema-graph\">{\"@context\":\"https:\\\/\\\/schema.org\",\"@graph\":[{\"@type\":\"WebPage\",\"@id\":\"https:\\\/\\\/www.sagafurs.com\\\/fi\\\/yritys\\\/tietoa-meista\\\/\",\"url\":\"https:\\\/\\\/www.sagafurs.com\\\/fi\\\/yritys\\\/tietoa-meista\\\/\",\"name\":\"Tietoa meist\u00e4 - Sagafurs\",\"isPartOf\":{\"@id\":\"https:\\\/\\\/www.sagafurs.com\\\/#website\"},\"datePublished\":\"2016-07-07T11:39:19+00:00\",\"dateModified\":\"2025-08-25T10:43:06+00:00\",\"breadcrumb\":{\"@id\":\"https:\\\/\\\/www.sagafurs.com\\\/fi\\\/yritys\\\/tietoa-meista\\\/#breadcrumb\"},\"inLanguage\":\"fi-FI\",\"potentialAction\":[{\"@type\":\"ReadAction\",\"target\":[\"https:\\\/\\\/www.sagafurs.com\\\/fi\\\/yritys\\\/tietoa-meista\\\/\"]}]},{\"@type\":\"BreadcrumbList\",\"@id\":\"https:\\\/\\\/www.sagafurs.com\\\/fi\\\/yritys\\\/tietoa-meista\\\/#breadcrumb\",\"itemListElement\":[{\"@type\":\"ListItem\",\"position\":1,\"name\":\"Home\",\"item\":\"https:\\\/\\\/www.sagafurs.com\\\/fi\\\/\"},{\"@type\":\"ListItem\",\"position\":2,\"name\":\"Yritys\",\"item\":\"https:\\\/\\\/www.sagafurs.com\\\/fi\\\/yritys\\\/\"},{\"@type\":\"ListItem\",\"position\":3,\"name\":\"Tietoa meist\u00e4\"}]},{\"@type\":\"WebSite\",\"@id\":\"https:\\\/\\\/www.sagafurs.com\\\/#website\",\"url\":\"https:\\\/\\\/www.sagafurs.com\\\/\",\"name\":\"Sagafurs\",\"description\":\"Sagafurs\",\"potentialAction\":[{\"@type\":\"SearchAction\",\"target\":{\"@type\":\"EntryPoint\",\"urlTemplate\":\"https:\\\/\\\/www.sagafurs.com\\\/?s={search_term_string}\"},\"query-input\":{\"@type\":\"PropertyValueSpecification\",\"valueRequired\":true,\"valueName\":\"search_term_string\"}}],\"inLanguage\":\"fi-FI\"}]}<\/script>\n<!-- \/ Yoast SEO plugin. -->","yoast_head_json":{"title":"Tietoa meist\u00e4 - Sagafurs","robots":{"index":"index","follow":"follow","max-snippet":"max-snippet:-1","max-image-preview":"max-image-preview:large","max-video-preview":"max-video-preview:-1"},"canonical":"https:\/\/www.sagafurs.com\/fi\/yritys\/tietoa-meista\/","og_locale":"fi_FI","og_type":"article","og_title":"Tietoa meist\u00e4 - Sagafurs","og_description":"Olemme kansainv\u00e4linen turkishuutokauppayhti\u00f6, jonka ydinvahvuuksia ovat tarkkaan valvottu turkisten tuotantoketju, alan laajin huipputurkisten tarjonta ja korkea toiminnallinen laatu. Saga Furs Oyj on alansa ainoa julkisesti noteerattu yhti\u00f6 maailmassa. Yhteisty\u00f6kumppanimme ulottuvat turkisten kasvattajista ja nahkojen toimittajista vaateteollisuuteen ja kansainv\u00e4lisiin muotitaloihin. Keskeinen teht\u00e4v\u00e4mme on tukea vastuullisuuden periaatteiden mukaisesti tapahtuvaa eurooppalaista turkiskasvatusta ja markkinoida Saga\u00ae-merkill\u00e4 tuotetut ketun-, suomensupin-\u2026 Lue lis\u00e4\u00e4 &raquo;","og_url":"https:\/\/www.sagafurs.com\/fi\/yritys\/tietoa-meista\/","og_site_name":"Sagafurs","article_modified_time":"2025-08-25T10:43:06+00:00","twitter_card":"summary_large_image","twitter_misc":{"Est. reading time":"1 minute"},"schema":{"@context":"https:\/\/schema.org","@graph":[{"@type":"WebPage","@id":"https:\/\/www.sagafurs.com\/fi\/yritys\/tietoa-meista\/","url":"https:\/\/www.sagafurs.com\/fi\/yritys\/tietoa-meista\/","name":"Tietoa meist\u00e4 - Sagafurs","isPartOf":{"@id":"https:\/\/www.sagafurs.com\/#website"},"datePublished":"2016-07-07T11:39:19+00:00","dateModified":"2025-08-25T10:43:06+00:00","breadcrumb":{"@id":"https:\/\/www.sagafurs.com\/fi\/yritys\/tietoa-meista\/#breadcrumb"},"inLanguage":"fi-FI","potentialAction":[{"@type":"ReadAction","target":["https:\/\/www.sagafurs.com\/fi\/yritys\/tietoa-meista\/"]}]},{"@type":"BreadcrumbList","@id":"https:\/\/www.sagafurs.com\/fi\/yritys\/tietoa-meista\/#breadcrumb","itemListElement":[{"@type":"ListItem","position":1,"name":"Home","item":"https:\/\/www.sagafurs.com\/fi\/"},{"@type":"ListItem","position":2,"name":"Yritys","item":"https:\/\/www.sagafurs.com\/fi\/yritys\/"},{"@type":"ListItem","position":3,"name":"Tietoa meist\u00e4"}]},{"@type":"WebSite","@id":"https:\/\/www.sagafurs.com\/#website","url":"https:\/\/www.sagafurs.com\/","name":"Sagafurs","description":"Sagafurs","potentialAction":[{"@type":"SearchAction","target":{"@type":"EntryPoint","urlTemplate":"https:\/\/www.sagafurs.com\/?s={search_term_string}"},"query-input":{"@type":"PropertyValueSpecification","valueRequired":true,"valueName":"search_term_string"}}],"inLanguage":"fi-FI"}]}},"_links":{"self":[{"href":"https:\/\/www.sagafurs.com\/fi\/wp-json\/wp\/v2\/pages\/505","targetHints":{"allow":["GET"]}}],"collection":[{"href":"https:\/\/www.sagafurs.com\/fi\/wp-json\/wp\/v2\/pages"}],"about":[{"href":"https:\/\/www.sagafurs.com\/fi\/wp-json\/wp\/v2\/types\/page"}],"author":[{"embeddable":true,"href":"https:\/\/www.sagafurs.com\/fi\/wp-json\/wp\/v2\/users\/29"}],"replies":[{"embeddable":true,"href":"https:\/\/www.sagafurs.com\/fi\/wp-json\/wp\/v2\/comments?post=505"}],"version-history":[{"count":0,"href":"https:\/\/www.sagafurs.com\/fi\/wp-json\/wp\/v2\/pages\/505\/revisions"}],"up":[{"embeddable":true,"href":"https:\/\/www.sagafurs.com\/fi\/wp-json\/wp\/v2\/pages\/363"}],"wp:attachment":[{"href":"https:\/\/www.sagafurs.com\/fi\/wp-json\/wp\/v2\/media?parent=505"}],"curies":[{"name":"wp","href":"https:\/\/api.w.org\/{rel}","templated":true}]}}