{"id":521,"date":"2016-07-07T12:48:41","date_gmt":"2016-07-07T11:48:41","guid":{"rendered":"https:\/\/www.sagafurs.com\/fi\/?page_id=521"},"modified":"2024-03-28T12:51:50","modified_gmt":"2024-03-28T10:51:50","slug":"tiedonantopolitiikka","status":"publish","type":"page","link":"https:\/\/www.sagafurs.com\/fi\/yritys\/sijoittajille\/tiedonantopolitiikka\/","title":{"rendered":"Tiedonantopolitiikka"},"content":{"rendered":"<p>Saga Furs Oyj:n tavoitteena on tuottaa luotettavaa, riitt\u00e4v\u00e4\u00e4 ja ajantasaista tietoa Saga Furs-konsernin liiketoimintojen kehityksest\u00e4 ja taloudellisesta asemasta yhti\u00f6n osakkeiden hinnanmuodostuksen perustaksi.<\/p>\n<p>Tavoitteen saavuttamiseksi<br \/>\n\u2022 julkaisemme puolivuotiskatsauksen, tilinp\u00e4\u00e4t\u00f6stiedotteen sek\u00e4 tilinp\u00e4\u00e4t\u00f6ksen ja toimintakertomuksen<br \/>\n\u2022 julkaisemme jokaisen huutokaupan yhteydess\u00e4 tiedotteen v\u00e4hint\u00e4\u00e4n viimeisen\u00e4 myyntip\u00e4iv\u00e4n\u00e4<br \/>\n\u2022 julkaisemme tiedotteen yhti\u00f6kokouksen p\u00e4\u00e4t\u00f6ksist\u00e4<br \/>\n\u2022 tiedotamme osakkeen arvon kehitykseen vaikuttavista asioista kuten organisaation olennaisista muutoksista, keskeisist\u00e4 nimityksist\u00e4 ja merkitt\u00e4vist\u00e4 liiketoimista tarpeen mukaan<br \/>\n\u2022 julkaisemme ajankohtaiset tiedotteet ja yll\u00e4pid\u00e4mme tiedotearkistoa internetiss\u00e4 osoitteessa www.sagafurs.com<\/p>\n<p>Pyrimme takaamaan kaikille sidosryhmillemme arvopaperimarkkinalain ja osakeyhti\u00f6lain mukaisen yht\u00e4l\u00e4isen informaation saatavuuden tasapuolisesti ja ilman aiheetonta viivytyst\u00e4. Kaikki yhti\u00f6n antama informaatio julkaistaan suomeksi ja ruotsiksi. Lis\u00e4ksi pyrimme viestinn\u00e4n keinoin tukemaan ja vahvistamaan Saga Furs-konsernin yrityskuvaa. Keskeisimpi\u00e4 sidosryhmi\u00e4mme ovat sijoittajat, tiedotusv\u00e4lineiden edustajat, asiakkaat, henkil\u00f6st\u00f6mme, viranomaiset ja yhteisty\u00f6kumppanit.<\/p>\n<p>Noudatamme voimassa olevaa lains\u00e4\u00e4d\u00e4nt\u00f6\u00e4, viranomaisten ja markkinapaikkojen m\u00e4\u00e4r\u00e4yksi\u00e4 sek\u00e4 sijoittajaviestinn\u00e4n hyv\u00e4ksi todettuja periaatteita. Keskeiset tiedottamiskanavamme ovat NASDAQ OMX Helsinki ja internet.<\/p>\n<p>Viestinn\u00e4n toteutuksesta ja p\u00e4ivitt\u00e4isest\u00e4 yhteydenpidosta vastaa yhti\u00f6n viestint\u00e4osasto ja yhti\u00f6t\u00e4 koskeva tiedottaminen on keskitetty yhti\u00f6n toimitusjohtajalle.<\/p>\n","protected":false},"excerpt":{"rendered":"<p>Saga Furs Oyj:n tavoitteena on tuottaa luotettavaa, riitt\u00e4v\u00e4\u00e4 ja ajantasaista tietoa Saga Furs-konsernin liiketoimintojen kehityksest\u00e4 ja taloudellisesta asemasta yhti\u00f6n osakkeiden hinnanmuodostuksen perustaksi. Tavoitteen saavuttamiseksi \u2022 julkaisemme puolivuotiskatsauksen, tilinp\u00e4\u00e4t\u00f6stiedotteen sek\u00e4 tilinp\u00e4\u00e4t\u00f6ksen ja toimintakertomuksen \u2022 julkaisemme jokaisen huutokaupan yhteydess\u00e4 tiedotteen v\u00e4hint\u00e4\u00e4n viimeisen\u00e4 myyntip\u00e4iv\u00e4n\u00e4 \u2022 julkaisemme tiedotteen yhti\u00f6kokouksen p\u00e4\u00e4t\u00f6ksist\u00e4 \u2022 tiedotamme osakkeen arvon kehitykseen vaikuttavista asioista kuten organisaation<a class=\"excerpt-read-more\" href=\"https:\/\/www.sagafurs.com\/fi\/yritys\/sijoittajille\/tiedonantopolitiikka\/\" title=\"LueTiedonantopolitiikka\">\u2026 Lue lis\u00e4\u00e4 &raquo;<\/a><\/p>\n","protected":false},"author":29,"featured_media":4638,"parent":519,"menu_order":0,"comment_status":"closed","ping_status":"closed","template":"templates\/content-page-template.php","meta":{"_acf_changed":false,"footnotes":""},"class_list":["post-521","page","type-page","status-publish","has-post-thumbnail","hentry"],"acf":[],"yoast_head":"<!-- This site is optimized with the Yoast SEO plugin v27.3 - https:\/\/yoast.com\/product\/yoast-seo-wordpress\/ -->\n<title>Tiedonantopolitiikka - Sagafurs<\/title>\n<meta name=\"robots\" content=\"index, follow, max-snippet:-1, max-image-preview:large, max-video-preview:-1\" \/>\n<link rel=\"canonical\" href=\"https:\/\/www.sagafurs.com\/fi\/yritys\/sijoittajille\/tiedonantopolitiikka\/\" \/>\n<meta property=\"og:locale\" content=\"fi_FI\" \/>\n<meta property=\"og:type\" content=\"article\" \/>\n<meta property=\"og:title\" content=\"Tiedonantopolitiikka - Sagafurs\" \/>\n<meta property=\"og:description\" content=\"Saga Furs Oyj:n tavoitteena on tuottaa luotettavaa, riitt\u00e4v\u00e4\u00e4 ja ajantasaista tietoa Saga Furs-konsernin liiketoimintojen kehityksest\u00e4 ja taloudellisesta asemasta yhti\u00f6n osakkeiden hinnanmuodostuksen perustaksi. Tavoitteen saavuttamiseksi \u2022 julkaisemme puolivuotiskatsauksen, tilinp\u00e4\u00e4t\u00f6stiedotteen sek\u00e4 tilinp\u00e4\u00e4t\u00f6ksen ja toimintakertomuksen \u2022 julkaisemme jokaisen huutokaupan yhteydess\u00e4 tiedotteen v\u00e4hint\u00e4\u00e4n viimeisen\u00e4 myyntip\u00e4iv\u00e4n\u00e4 \u2022 julkaisemme tiedotteen yhti\u00f6kokouksen p\u00e4\u00e4t\u00f6ksist\u00e4 \u2022 tiedotamme osakkeen arvon kehitykseen vaikuttavista asioista kuten organisaation\u2026 Lue lis\u00e4\u00e4 &raquo;\" \/>\n<meta property=\"og:url\" content=\"https:\/\/www.sagafurs.com\/fi\/yritys\/sijoittajille\/tiedonantopolitiikka\/\" \/>\n<meta property=\"og:site_name\" content=\"Sagafurs\" \/>\n<meta property=\"article:modified_time\" content=\"2024-03-28T10:51:50+00:00\" \/>\n<meta property=\"og:image\" content=\"https:\/\/www.sagafurs.com\/wp-content\/uploads\/2016\/07\/Saga_detail_2015-26_A4A9912-1024x576.jpg\" \/>\n\t<meta property=\"og:image:width\" content=\"1024\" \/>\n\t<meta property=\"og:image:height\" content=\"576\" \/>\n\t<meta property=\"og:image:type\" content=\"image\/jpeg\" \/>\n<meta name=\"twitter:card\" content=\"summary_large_image\" \/>\n<meta name=\"twitter:label1\" content=\"Est. reading time\" \/>\n\t<meta name=\"twitter:data1\" content=\"1 minute\" \/>\n<script type=\"application\/ld+json\" class=\"yoast-schema-graph\">{\"@context\":\"https:\\\/\\\/schema.org\",\"@graph\":[{\"@type\":\"WebPage\",\"@id\":\"https:\\\/\\\/www.sagafurs.com\\\/fi\\\/yritys\\\/sijoittajille\\\/tiedonantopolitiikka\\\/\",\"url\":\"https:\\\/\\\/www.sagafurs.com\\\/fi\\\/yritys\\\/sijoittajille\\\/tiedonantopolitiikka\\\/\",\"name\":\"Tiedonantopolitiikka - Sagafurs\",\"isPartOf\":{\"@id\":\"https:\\\/\\\/www.sagafurs.com\\\/#website\"},\"primaryImageOfPage\":{\"@id\":\"https:\\\/\\\/www.sagafurs.com\\\/fi\\\/yritys\\\/sijoittajille\\\/tiedonantopolitiikka\\\/#primaryimage\"},\"image\":{\"@id\":\"https:\\\/\\\/www.sagafurs.com\\\/fi\\\/yritys\\\/sijoittajille\\\/tiedonantopolitiikka\\\/#primaryimage\"},\"thumbnailUrl\":\"https:\\\/\\\/www.sagafurs.com\\\/wp-content\\\/uploads\\\/2016\\\/07\\\/Saga_detail_2015-26_A4A9912-1024x576.jpg\",\"datePublished\":\"2016-07-07T11:48:41+00:00\",\"dateModified\":\"2024-03-28T10:51:50+00:00\",\"breadcrumb\":{\"@id\":\"https:\\\/\\\/www.sagafurs.com\\\/fi\\\/yritys\\\/sijoittajille\\\/tiedonantopolitiikka\\\/#breadcrumb\"},\"inLanguage\":\"fi-FI\",\"potentialAction\":[{\"@type\":\"ReadAction\",\"target\":[\"https:\\\/\\\/www.sagafurs.com\\\/fi\\\/yritys\\\/sijoittajille\\\/tiedonantopolitiikka\\\/\"]}]},{\"@type\":\"ImageObject\",\"inLanguage\":\"fi-FI\",\"@id\":\"https:\\\/\\\/www.sagafurs.com\\\/fi\\\/yritys\\\/sijoittajille\\\/tiedonantopolitiikka\\\/#primaryimage\",\"url\":\"https:\\\/\\\/www.sagafurs.com\\\/wp-content\\\/uploads\\\/2016\\\/07\\\/Saga_detail_2015-26_A4A9912-1024x576.jpg\",\"contentUrl\":\"https:\\\/\\\/www.sagafurs.com\\\/wp-content\\\/uploads\\\/2016\\\/07\\\/Saga_detail_2015-26_A4A9912-1024x576.jpg\",\"width\":1024,\"height\":576},{\"@type\":\"BreadcrumbList\",\"@id\":\"https:\\\/\\\/www.sagafurs.com\\\/fi\\\/yritys\\\/sijoittajille\\\/tiedonantopolitiikka\\\/#breadcrumb\",\"itemListElement\":[{\"@type\":\"ListItem\",\"position\":1,\"name\":\"Home\",\"item\":\"https:\\\/\\\/www.sagafurs.com\\\/fi\\\/\"},{\"@type\":\"ListItem\",\"position\":2,\"name\":\"Yritys\",\"item\":\"https:\\\/\\\/www.sagafurs.com\\\/fi\\\/yritys\\\/\"},{\"@type\":\"ListItem\",\"position\":3,\"name\":\"Sijoittajille\",\"item\":\"https:\\\/\\\/www.sagafurs.com\\\/fi\\\/yritys\\\/sijoittajille\\\/\"},{\"@type\":\"ListItem\",\"position\":4,\"name\":\"Tiedonantopolitiikka\"}]},{\"@type\":\"WebSite\",\"@id\":\"https:\\\/\\\/www.sagafurs.com\\\/#website\",\"url\":\"https:\\\/\\\/www.sagafurs.com\\\/\",\"name\":\"Sagafurs\",\"description\":\"Sagafurs\",\"potentialAction\":[{\"@type\":\"SearchAction\",\"target\":{\"@type\":\"EntryPoint\",\"urlTemplate\":\"https:\\\/\\\/www.sagafurs.com\\\/?s={search_term_string}\"},\"query-input\":{\"@type\":\"PropertyValueSpecification\",\"valueRequired\":true,\"valueName\":\"search_term_string\"}}],\"inLanguage\":\"fi-FI\"}]}<\/script>\n<!-- \/ Yoast SEO plugin. -->","yoast_head_json":{"title":"Tiedonantopolitiikka - Sagafurs","robots":{"index":"index","follow":"follow","max-snippet":"max-snippet:-1","max-image-preview":"max-image-preview:large","max-video-preview":"max-video-preview:-1"},"canonical":"https:\/\/www.sagafurs.com\/fi\/yritys\/sijoittajille\/tiedonantopolitiikka\/","og_locale":"fi_FI","og_type":"article","og_title":"Tiedonantopolitiikka - Sagafurs","og_description":"Saga Furs Oyj:n tavoitteena on tuottaa luotettavaa, riitt\u00e4v\u00e4\u00e4 ja ajantasaista tietoa Saga Furs-konsernin liiketoimintojen kehityksest\u00e4 ja taloudellisesta asemasta yhti\u00f6n osakkeiden hinnanmuodostuksen perustaksi. Tavoitteen saavuttamiseksi \u2022 julkaisemme puolivuotiskatsauksen, tilinp\u00e4\u00e4t\u00f6stiedotteen sek\u00e4 tilinp\u00e4\u00e4t\u00f6ksen ja toimintakertomuksen \u2022 julkaisemme jokaisen huutokaupan yhteydess\u00e4 tiedotteen v\u00e4hint\u00e4\u00e4n viimeisen\u00e4 myyntip\u00e4iv\u00e4n\u00e4 \u2022 julkaisemme tiedotteen yhti\u00f6kokouksen p\u00e4\u00e4t\u00f6ksist\u00e4 \u2022 tiedotamme osakkeen arvon kehitykseen vaikuttavista asioista kuten organisaation\u2026 Lue lis\u00e4\u00e4 &raquo;","og_url":"https:\/\/www.sagafurs.com\/fi\/yritys\/sijoittajille\/tiedonantopolitiikka\/","og_site_name":"Sagafurs","article_modified_time":"2024-03-28T10:51:50+00:00","og_image":[{"width":1024,"height":576,"url":"https:\/\/www.sagafurs.com\/wp-content\/uploads\/2016\/07\/Saga_detail_2015-26_A4A9912-1024x576.jpg","type":"image\/jpeg"}],"twitter_card":"summary_large_image","twitter_misc":{"Est. reading time":"1 minute"},"schema":{"@context":"https:\/\/schema.org","@graph":[{"@type":"WebPage","@id":"https:\/\/www.sagafurs.com\/fi\/yritys\/sijoittajille\/tiedonantopolitiikka\/","url":"https:\/\/www.sagafurs.com\/fi\/yritys\/sijoittajille\/tiedonantopolitiikka\/","name":"Tiedonantopolitiikka - Sagafurs","isPartOf":{"@id":"https:\/\/www.sagafurs.com\/#website"},"primaryImageOfPage":{"@id":"https:\/\/www.sagafurs.com\/fi\/yritys\/sijoittajille\/tiedonantopolitiikka\/#primaryimage"},"image":{"@id":"https:\/\/www.sagafurs.com\/fi\/yritys\/sijoittajille\/tiedonantopolitiikka\/#primaryimage"},"thumbnailUrl":"https:\/\/www.sagafurs.com\/wp-content\/uploads\/2016\/07\/Saga_detail_2015-26_A4A9912-1024x576.jpg","datePublished":"2016-07-07T11:48:41+00:00","dateModified":"2024-03-28T10:51:50+00:00","breadcrumb":{"@id":"https:\/\/www.sagafurs.com\/fi\/yritys\/sijoittajille\/tiedonantopolitiikka\/#breadcrumb"},"inLanguage":"fi-FI","potentialAction":[{"@type":"ReadAction","target":["https:\/\/www.sagafurs.com\/fi\/yritys\/sijoittajille\/tiedonantopolitiikka\/"]}]},{"@type":"ImageObject","inLanguage":"fi-FI","@id":"https:\/\/www.sagafurs.com\/fi\/yritys\/sijoittajille\/tiedonantopolitiikka\/#primaryimage","url":"https:\/\/www.sagafurs.com\/wp-content\/uploads\/2016\/07\/Saga_detail_2015-26_A4A9912-1024x576.jpg","contentUrl":"https:\/\/www.sagafurs.com\/wp-content\/uploads\/2016\/07\/Saga_detail_2015-26_A4A9912-1024x576.jpg","width":1024,"height":576},{"@type":"BreadcrumbList","@id":"https:\/\/www.sagafurs.com\/fi\/yritys\/sijoittajille\/tiedonantopolitiikka\/#breadcrumb","itemListElement":[{"@type":"ListItem","position":1,"name":"Home","item":"https:\/\/www.sagafurs.com\/fi\/"},{"@type":"ListItem","position":2,"name":"Yritys","item":"https:\/\/www.sagafurs.com\/fi\/yritys\/"},{"@type":"ListItem","position":3,"name":"Sijoittajille","item":"https:\/\/www.sagafurs.com\/fi\/yritys\/sijoittajille\/"},{"@type":"ListItem","position":4,"name":"Tiedonantopolitiikka"}]},{"@type":"WebSite","@id":"https:\/\/www.sagafurs.com\/#website","url":"https:\/\/www.sagafurs.com\/","name":"Sagafurs","description":"Sagafurs","potentialAction":[{"@type":"SearchAction","target":{"@type":"EntryPoint","urlTemplate":"https:\/\/www.sagafurs.com\/?s={search_term_string}"},"query-input":{"@type":"PropertyValueSpecification","valueRequired":true,"valueName":"search_term_string"}}],"inLanguage":"fi-FI"}]}},"_links":{"self":[{"href":"https:\/\/www.sagafurs.com\/fi\/wp-json\/wp\/v2\/pages\/521","targetHints":{"allow":["GET"]}}],"collection":[{"href":"https:\/\/www.sagafurs.com\/fi\/wp-json\/wp\/v2\/pages"}],"about":[{"href":"https:\/\/www.sagafurs.com\/fi\/wp-json\/wp\/v2\/types\/page"}],"author":[{"embeddable":true,"href":"https:\/\/www.sagafurs.com\/fi\/wp-json\/wp\/v2\/users\/29"}],"replies":[{"embeddable":true,"href":"https:\/\/www.sagafurs.com\/fi\/wp-json\/wp\/v2\/comments?post=521"}],"version-history":[{"count":0,"href":"https:\/\/www.sagafurs.com\/fi\/wp-json\/wp\/v2\/pages\/521\/revisions"}],"up":[{"embeddable":true,"href":"https:\/\/www.sagafurs.com\/fi\/wp-json\/wp\/v2\/pages\/519"}],"wp:featuredmedia":[{"embeddable":true,"href":"https:\/\/www.sagafurs.com\/fi\/wp-json\/wp\/v2\/media\/4638"}],"wp:attachment":[{"href":"https:\/\/www.sagafurs.com\/fi\/wp-json\/wp\/v2\/media?parent=521"}],"curies":[{"name":"wp","href":"https:\/\/api.w.org\/{rel}","templated":true}]}}