{"id":523,"date":"2016-07-07T12:50:47","date_gmt":"2016-07-07T11:50:47","guid":{"rendered":"https:\/\/www.sagafurs.com\/fi\/?page_id=523"},"modified":"2025-11-10T14:50:27","modified_gmt":"2025-11-10T12:50:27","slug":"osakkeet-ja-osakkeenomistajat","status":"publish","type":"page","link":"https:\/\/www.sagafurs.com\/fi\/yritys\/sijoittajille\/osakkeet-ja-osakkeenomistajat\/","title":{"rendered":"Osakkeet ja osakkeenomistajat"},"content":{"rendered":"<p>Yhti\u00f6ll\u00e4 on kaksi osakesarjaa, A ja C. Suomen Turkisel\u00e4inten Kasvattajain Liitto ry paikallisyhdistyksineen omistaa valtaosan yhti\u00f6n 12 \u00e4\u00e4nen \u00e4\u00e4nivallan antavista A-osakkeista. Yhden \u00e4\u00e4nen C-osakkeita omistavat lis\u00e4ksi institutionaaliset ja yksityiset sijoittajat.<\/p>\n<p>Saga Furs Oyj:n C-osakesarja on noteerattu NASDAQ OMX Helsinki Oy:n pienten yhti\u00f6iden listalla (Small Cap) teollisuuden ja palveluiden sektorissa. Yhti\u00f6st\u00e4 tuli julkisesti noteerattu vuonna 1986, jolloin se listautui Helsingin arvopaperip\u00f6rssin (HEX) I-listan edelt\u00e4j\u00e4lle, meklarilistalle.<\/p>\n<p>A-osakkeiden m\u00e4\u00e4r\u00e4 on 900.000 kappaletta, C-osakkeiden 2.700.000 kappaletta. Osakkeen nimellisarvo on kaksi (2) euroa. Yhti\u00f6n osakep\u00e4\u00e4oman suuruus on 7.200.000 euroa.<\/p>\n<p>&nbsp;<\/p>\n<p><a href=\"https:\/\/www.sagafurs.com\/wp-content\/uploads\/2025\/11\/Suurimmat-omistajat_A-ja-C_31.10.2025.pdf\">Suurimmat omistajat_A ja C_31.10.2025<\/a><\/p>\n<p>p\u00e4ivitetty: marraskuu 2025<\/p>\n<p>&nbsp;<\/p>\n","protected":false},"excerpt":{"rendered":"<p>Yhti\u00f6ll\u00e4 on kaksi osakesarjaa, A ja C. Suomen Turkisel\u00e4inten Kasvattajain Liitto ry paikallisyhdistyksineen omistaa valtaosan yhti\u00f6n 12 \u00e4\u00e4nen \u00e4\u00e4nivallan antavista A-osakkeista. Yhden \u00e4\u00e4nen C-osakkeita omistavat lis\u00e4ksi institutionaaliset ja yksityiset sijoittajat. Saga Furs Oyj:n C-osakesarja on noteerattu NASDAQ OMX Helsinki Oy:n pienten yhti\u00f6iden listalla (Small Cap) teollisuuden ja palveluiden sektorissa. Yhti\u00f6st\u00e4 tuli julkisesti noteerattu vuonna 1986,<a class=\"excerpt-read-more\" href=\"https:\/\/www.sagafurs.com\/fi\/yritys\/sijoittajille\/osakkeet-ja-osakkeenomistajat\/\" title=\"LueOsakkeet ja osakkeenomistajat\">\u2026 Lue lis\u00e4\u00e4 &raquo;<\/a><\/p>\n","protected":false},"author":29,"featured_media":4653,"parent":519,"menu_order":0,"comment_status":"closed","ping_status":"closed","template":"templates\/content-page-template.php","meta":{"_acf_changed":false,"footnotes":""},"class_list":["post-523","page","type-page","status-publish","has-post-thumbnail","hentry"],"acf":[],"yoast_head":"<!-- This site is optimized with the Yoast SEO plugin v27.3 - https:\/\/yoast.com\/product\/yoast-seo-wordpress\/ -->\n<title>Osakkeet ja osakkeenomistajat - Sagafurs<\/title>\n<meta name=\"robots\" content=\"index, follow, max-snippet:-1, max-image-preview:large, max-video-preview:-1\" \/>\n<link rel=\"canonical\" href=\"https:\/\/www.sagafurs.com\/fi\/yritys\/sijoittajille\/osakkeet-ja-osakkeenomistajat\/\" \/>\n<meta property=\"og:locale\" content=\"fi_FI\" \/>\n<meta property=\"og:type\" content=\"article\" \/>\n<meta property=\"og:title\" content=\"Osakkeet ja osakkeenomistajat - Sagafurs\" \/>\n<meta property=\"og:description\" content=\"Yhti\u00f6ll\u00e4 on kaksi osakesarjaa, A ja C. Suomen Turkisel\u00e4inten Kasvattajain Liitto ry paikallisyhdistyksineen omistaa valtaosan yhti\u00f6n 12 \u00e4\u00e4nen \u00e4\u00e4nivallan antavista A-osakkeista. Yhden \u00e4\u00e4nen C-osakkeita omistavat lis\u00e4ksi institutionaaliset ja yksityiset sijoittajat. Saga Furs Oyj:n C-osakesarja on noteerattu NASDAQ OMX Helsinki Oy:n pienten yhti\u00f6iden listalla (Small Cap) teollisuuden ja palveluiden sektorissa. Yhti\u00f6st\u00e4 tuli julkisesti noteerattu vuonna 1986,\u2026 Lue lis\u00e4\u00e4 &raquo;\" \/>\n<meta property=\"og:url\" content=\"https:\/\/www.sagafurs.com\/fi\/yritys\/sijoittajille\/osakkeet-ja-osakkeenomistajat\/\" \/>\n<meta property=\"og:site_name\" content=\"Sagafurs\" \/>\n<meta property=\"article:modified_time\" content=\"2025-11-10T12:50:27+00:00\" \/>\n<meta property=\"og:image\" content=\"https:\/\/www.sagafurs.com\/wp-content\/uploads\/2016\/07\/Saga_detail_2015-27_A4A2545-1000x576.jpg\" \/>\n\t<meta property=\"og:image:width\" content=\"1000\" \/>\n\t<meta property=\"og:image:height\" content=\"576\" \/>\n\t<meta property=\"og:image:type\" content=\"image\/jpeg\" \/>\n<meta name=\"twitter:card\" content=\"summary_large_image\" \/>\n<meta name=\"twitter:label1\" content=\"Est. reading time\" \/>\n\t<meta name=\"twitter:data1\" content=\"1 minute\" \/>\n<script type=\"application\/ld+json\" class=\"yoast-schema-graph\">{\"@context\":\"https:\\\/\\\/schema.org\",\"@graph\":[{\"@type\":\"WebPage\",\"@id\":\"https:\\\/\\\/www.sagafurs.com\\\/fi\\\/yritys\\\/sijoittajille\\\/osakkeet-ja-osakkeenomistajat\\\/\",\"url\":\"https:\\\/\\\/www.sagafurs.com\\\/fi\\\/yritys\\\/sijoittajille\\\/osakkeet-ja-osakkeenomistajat\\\/\",\"name\":\"Osakkeet ja osakkeenomistajat - Sagafurs\",\"isPartOf\":{\"@id\":\"https:\\\/\\\/www.sagafurs.com\\\/#website\"},\"primaryImageOfPage\":{\"@id\":\"https:\\\/\\\/www.sagafurs.com\\\/fi\\\/yritys\\\/sijoittajille\\\/osakkeet-ja-osakkeenomistajat\\\/#primaryimage\"},\"image\":{\"@id\":\"https:\\\/\\\/www.sagafurs.com\\\/fi\\\/yritys\\\/sijoittajille\\\/osakkeet-ja-osakkeenomistajat\\\/#primaryimage\"},\"thumbnailUrl\":\"https:\\\/\\\/www.sagafurs.com\\\/wp-content\\\/uploads\\\/2016\\\/07\\\/Saga_detail_2015-27_A4A2545-1000x576.jpg\",\"datePublished\":\"2016-07-07T11:50:47+00:00\",\"dateModified\":\"2025-11-10T12:50:27+00:00\",\"breadcrumb\":{\"@id\":\"https:\\\/\\\/www.sagafurs.com\\\/fi\\\/yritys\\\/sijoittajille\\\/osakkeet-ja-osakkeenomistajat\\\/#breadcrumb\"},\"inLanguage\":\"fi-FI\",\"potentialAction\":[{\"@type\":\"ReadAction\",\"target\":[\"https:\\\/\\\/www.sagafurs.com\\\/fi\\\/yritys\\\/sijoittajille\\\/osakkeet-ja-osakkeenomistajat\\\/\"]}]},{\"@type\":\"ImageObject\",\"inLanguage\":\"fi-FI\",\"@id\":\"https:\\\/\\\/www.sagafurs.com\\\/fi\\\/yritys\\\/sijoittajille\\\/osakkeet-ja-osakkeenomistajat\\\/#primaryimage\",\"url\":\"https:\\\/\\\/www.sagafurs.com\\\/wp-content\\\/uploads\\\/2016\\\/07\\\/Saga_detail_2015-27_A4A2545-1000x576.jpg\",\"contentUrl\":\"https:\\\/\\\/www.sagafurs.com\\\/wp-content\\\/uploads\\\/2016\\\/07\\\/Saga_detail_2015-27_A4A2545-1000x576.jpg\",\"width\":1000,\"height\":576},{\"@type\":\"BreadcrumbList\",\"@id\":\"https:\\\/\\\/www.sagafurs.com\\\/fi\\\/yritys\\\/sijoittajille\\\/osakkeet-ja-osakkeenomistajat\\\/#breadcrumb\",\"itemListElement\":[{\"@type\":\"ListItem\",\"position\":1,\"name\":\"Home\",\"item\":\"https:\\\/\\\/www.sagafurs.com\\\/fi\\\/\"},{\"@type\":\"ListItem\",\"position\":2,\"name\":\"Yritys\",\"item\":\"https:\\\/\\\/www.sagafurs.com\\\/fi\\\/yritys\\\/\"},{\"@type\":\"ListItem\",\"position\":3,\"name\":\"Sijoittajille\",\"item\":\"https:\\\/\\\/www.sagafurs.com\\\/fi\\\/yritys\\\/sijoittajille\\\/\"},{\"@type\":\"ListItem\",\"position\":4,\"name\":\"Osakkeet ja osakkeenomistajat\"}]},{\"@type\":\"WebSite\",\"@id\":\"https:\\\/\\\/www.sagafurs.com\\\/#website\",\"url\":\"https:\\\/\\\/www.sagafurs.com\\\/\",\"name\":\"Sagafurs\",\"description\":\"Sagafurs\",\"potentialAction\":[{\"@type\":\"SearchAction\",\"target\":{\"@type\":\"EntryPoint\",\"urlTemplate\":\"https:\\\/\\\/www.sagafurs.com\\\/?s={search_term_string}\"},\"query-input\":{\"@type\":\"PropertyValueSpecification\",\"valueRequired\":true,\"valueName\":\"search_term_string\"}}],\"inLanguage\":\"fi-FI\"}]}<\/script>\n<!-- \/ Yoast SEO plugin. -->","yoast_head_json":{"title":"Osakkeet ja osakkeenomistajat - Sagafurs","robots":{"index":"index","follow":"follow","max-snippet":"max-snippet:-1","max-image-preview":"max-image-preview:large","max-video-preview":"max-video-preview:-1"},"canonical":"https:\/\/www.sagafurs.com\/fi\/yritys\/sijoittajille\/osakkeet-ja-osakkeenomistajat\/","og_locale":"fi_FI","og_type":"article","og_title":"Osakkeet ja osakkeenomistajat - Sagafurs","og_description":"Yhti\u00f6ll\u00e4 on kaksi osakesarjaa, A ja C. Suomen Turkisel\u00e4inten Kasvattajain Liitto ry paikallisyhdistyksineen omistaa valtaosan yhti\u00f6n 12 \u00e4\u00e4nen \u00e4\u00e4nivallan antavista A-osakkeista. Yhden \u00e4\u00e4nen C-osakkeita omistavat lis\u00e4ksi institutionaaliset ja yksityiset sijoittajat. Saga Furs Oyj:n C-osakesarja on noteerattu NASDAQ OMX Helsinki Oy:n pienten yhti\u00f6iden listalla (Small Cap) teollisuuden ja palveluiden sektorissa. Yhti\u00f6st\u00e4 tuli julkisesti noteerattu vuonna 1986,\u2026 Lue lis\u00e4\u00e4 &raquo;","og_url":"https:\/\/www.sagafurs.com\/fi\/yritys\/sijoittajille\/osakkeet-ja-osakkeenomistajat\/","og_site_name":"Sagafurs","article_modified_time":"2025-11-10T12:50:27+00:00","og_image":[{"width":1000,"height":576,"url":"https:\/\/www.sagafurs.com\/wp-content\/uploads\/2016\/07\/Saga_detail_2015-27_A4A2545-1000x576.jpg","type":"image\/jpeg"}],"twitter_card":"summary_large_image","twitter_misc":{"Est. reading time":"1 minute"},"schema":{"@context":"https:\/\/schema.org","@graph":[{"@type":"WebPage","@id":"https:\/\/www.sagafurs.com\/fi\/yritys\/sijoittajille\/osakkeet-ja-osakkeenomistajat\/","url":"https:\/\/www.sagafurs.com\/fi\/yritys\/sijoittajille\/osakkeet-ja-osakkeenomistajat\/","name":"Osakkeet ja osakkeenomistajat - Sagafurs","isPartOf":{"@id":"https:\/\/www.sagafurs.com\/#website"},"primaryImageOfPage":{"@id":"https:\/\/www.sagafurs.com\/fi\/yritys\/sijoittajille\/osakkeet-ja-osakkeenomistajat\/#primaryimage"},"image":{"@id":"https:\/\/www.sagafurs.com\/fi\/yritys\/sijoittajille\/osakkeet-ja-osakkeenomistajat\/#primaryimage"},"thumbnailUrl":"https:\/\/www.sagafurs.com\/wp-content\/uploads\/2016\/07\/Saga_detail_2015-27_A4A2545-1000x576.jpg","datePublished":"2016-07-07T11:50:47+00:00","dateModified":"2025-11-10T12:50:27+00:00","breadcrumb":{"@id":"https:\/\/www.sagafurs.com\/fi\/yritys\/sijoittajille\/osakkeet-ja-osakkeenomistajat\/#breadcrumb"},"inLanguage":"fi-FI","potentialAction":[{"@type":"ReadAction","target":["https:\/\/www.sagafurs.com\/fi\/yritys\/sijoittajille\/osakkeet-ja-osakkeenomistajat\/"]}]},{"@type":"ImageObject","inLanguage":"fi-FI","@id":"https:\/\/www.sagafurs.com\/fi\/yritys\/sijoittajille\/osakkeet-ja-osakkeenomistajat\/#primaryimage","url":"https:\/\/www.sagafurs.com\/wp-content\/uploads\/2016\/07\/Saga_detail_2015-27_A4A2545-1000x576.jpg","contentUrl":"https:\/\/www.sagafurs.com\/wp-content\/uploads\/2016\/07\/Saga_detail_2015-27_A4A2545-1000x576.jpg","width":1000,"height":576},{"@type":"BreadcrumbList","@id":"https:\/\/www.sagafurs.com\/fi\/yritys\/sijoittajille\/osakkeet-ja-osakkeenomistajat\/#breadcrumb","itemListElement":[{"@type":"ListItem","position":1,"name":"Home","item":"https:\/\/www.sagafurs.com\/fi\/"},{"@type":"ListItem","position":2,"name":"Yritys","item":"https:\/\/www.sagafurs.com\/fi\/yritys\/"},{"@type":"ListItem","position":3,"name":"Sijoittajille","item":"https:\/\/www.sagafurs.com\/fi\/yritys\/sijoittajille\/"},{"@type":"ListItem","position":4,"name":"Osakkeet ja osakkeenomistajat"}]},{"@type":"WebSite","@id":"https:\/\/www.sagafurs.com\/#website","url":"https:\/\/www.sagafurs.com\/","name":"Sagafurs","description":"Sagafurs","potentialAction":[{"@type":"SearchAction","target":{"@type":"EntryPoint","urlTemplate":"https:\/\/www.sagafurs.com\/?s={search_term_string}"},"query-input":{"@type":"PropertyValueSpecification","valueRequired":true,"valueName":"search_term_string"}}],"inLanguage":"fi-FI"}]}},"_links":{"self":[{"href":"https:\/\/www.sagafurs.com\/fi\/wp-json\/wp\/v2\/pages\/523","targetHints":{"allow":["GET"]}}],"collection":[{"href":"https:\/\/www.sagafurs.com\/fi\/wp-json\/wp\/v2\/pages"}],"about":[{"href":"https:\/\/www.sagafurs.com\/fi\/wp-json\/wp\/v2\/types\/page"}],"author":[{"embeddable":true,"href":"https:\/\/www.sagafurs.com\/fi\/wp-json\/wp\/v2\/users\/29"}],"replies":[{"embeddable":true,"href":"https:\/\/www.sagafurs.com\/fi\/wp-json\/wp\/v2\/comments?post=523"}],"version-history":[{"count":0,"href":"https:\/\/www.sagafurs.com\/fi\/wp-json\/wp\/v2\/pages\/523\/revisions"}],"up":[{"embeddable":true,"href":"https:\/\/www.sagafurs.com\/fi\/wp-json\/wp\/v2\/pages\/519"}],"wp:featuredmedia":[{"embeddable":true,"href":"https:\/\/www.sagafurs.com\/fi\/wp-json\/wp\/v2\/media\/4653"}],"wp:attachment":[{"href":"https:\/\/www.sagafurs.com\/fi\/wp-json\/wp\/v2\/media?parent=523"}],"curies":[{"name":"wp","href":"https:\/\/api.w.org\/{rel}","templated":true}]}}