{"id":524,"date":"2016-07-07T12:51:48","date_gmt":"2016-07-07T11:51:48","guid":{"rendered":"https:\/\/www.sagafurs.com\/fi\/?page_id=524"},"modified":"2022-11-25T11:43:07","modified_gmt":"2022-11-25T09:43:07","slug":"porssitiedotteet","status":"publish","type":"page","link":"https:\/\/www.sagafurs.com\/fi\/yritys\/sijoittajille\/porssitiedotteet\/","title":{"rendered":"P\u00f6rssitiedotteet"},"content":{"rendered":"        <form action=\"\" method=\"get\" class=\"cision-feed-filters\">\n            <input type=\"hidden\" name=\"pageIndex\">\n            <div>\n                <div class=\"medium-6\">\n                    <label for=\"sagafurs-releases-filter-by-year\">\n                        Vuosi                    <\/label>\n                    <select id=\"sagafurs-releases-filter-by-year\" name=\"releaseYear\">\n                                                        <option value=\"\" selected>\n                                    Valitse vuosi                                <\/option>\n                                                            <option value=\"2026\">\n                                    2026                                <\/option>\n                                                            <option value=\"2025\">\n                                    2025                                <\/option>\n                                                            <option value=\"2024\">\n                                    2024                                <\/option>\n                                                            <option value=\"2023\">\n                                    2023                                <\/option>\n                                                            <option value=\"2022\">\n                                    2022                                <\/option>\n                                                            <option value=\"2021\">\n                                    2021                                <\/option>\n                                                            <option value=\"2020\">\n                                    2020                                <\/option>\n                                                            <option value=\"2019\">\n                                    2019                                <\/option>\n                                                            <option value=\"2018\">\n                                    2018                                <\/option>\n                                                            <option value=\"2017\">\n                                    2017                                <\/option>\n                                                            <option value=\"2016\">\n                                    2016                                <\/option>\n                                                            <option value=\"2015\">\n                                    2015                                <\/option>\n                                                            <option value=\"2014\">\n                                    2014                                <\/option>\n                                                            <option value=\"2013\">\n                                    2013                                <\/option>\n                                                            <option value=\"2012\">\n                                    2012                                <\/option>\n                                                            <option value=\"2011\">\n                                    2011                                <\/option>\n                                                            <option value=\"2010\">\n                                    2010                                <\/option>\n                                                            <option value=\"2009\">\n                                    2009                                <\/option>\n                                                            <option value=\"2008\">\n                                    2008                                <\/option>\n                                                            <option value=\"2007\">\n                                    2007                                <\/option>\n                                                                        <\/select>\n\n                <\/div>\n                <div class=\"medium-6\">\n                    <label for=\"sagafurs-releases-filter-by-information-type\">\n                        Kategoria                    <\/label>\n                    <select id=\"sagafurs-releases-filter-by-information-type\" name=\"informationType\">\n                                                        <option value=\"\" selected>\n                                    Valitse tiedotetyyppi                                <\/option>\n                                                            <option value=\"KMK\">\n                                    Tilinp\u00e4\u00e4t\u00f6stiedote                                <\/option>\n                                                            <option value=\"RDV\">\n                                    Vuosikertomus                                <\/option>\n                                                            <option value=\"PRM\">\n                                    P\u00f6rssi- ja lehdist\u00f6tiedote                                <\/option>\n                                                            <option value=\"RPT\">\n                                    Osavuosikatsaus                                <\/option>\n                                                            <option value=\"INB\">\n                                    Kutsu                                <\/option>\n                                                            <option value=\"NBR\">\n                                    Uutiskirje                                <\/option>\n                                                                        <\/select>\n                <\/div>\n            <\/div>\n            <div>\n                <button type=\"submit\" class=\"button\">Hae<\/button>\n            <\/div>\n        <\/form>\n        <div class=\"cision-feed\">\n                            <div>\n                                                                    <article id=\"release-5352141\">\n                            <div>\n                                <p>\n                                    <strong>28.4.2026<\/strong> -\n                                    <a href=\"https:\/\/www.sagafurs.com\/fi\/yritys\/sijoittajille\/porssitiedotteet\/porssitiedote\/?encryptedId=010C06AA43C7EC43\">\n                                        Saga Furs Oyj:n varsinaisen yhti\u00f6kokouksen p\u00e4\u00e4t\u00f6kset                                    <\/a>\n                                <\/p>\n                            <\/div>\n                        <\/article>\n                                                                    <article id=\"release-5337239\">\n                            <div>\n                                <p>\n                                    <strong>2.4.2026<\/strong> -\n                                    <a href=\"https:\/\/www.sagafurs.com\/fi\/yritys\/sijoittajille\/porssitiedotteet\/porssitiedote\/?encryptedId=4F7664F71B49C198\">\n                                        Saga Furs tiivist\u00e4\u00e4 johtoryhm\u00e4n kokoonpanoa                                    <\/a>\n                                <\/p>\n                            <\/div>\n                        <\/article>\n                                                                    <article id=\"release-5335882\">\n                            <div>\n                                <p>\n                                    <strong>1.4.2026<\/strong> -\n                                    <a href=\"https:\/\/www.sagafurs.com\/fi\/yritys\/sijoittajille\/porssitiedotteet\/porssitiedote\/?encryptedId=D8BAFF1F9713F39B\">\n                                        Positiivinen tulosvaroitus, sis\u00e4piiritieto: Saga Furs Oyj:n tilikauden tuloksen arvioidaan paranevan selv\u00e4sti edellisest\u00e4 tilikaudesta                                    <\/a>\n                                <\/p>\n                            <\/div>\n                        <\/article>\n                                                                    <article id=\"release-5335483\">\n                            <div>\n                                <p>\n                                    <strong>31.3.2026<\/strong> -\n                                    <a href=\"https:\/\/www.sagafurs.com\/fi\/yritys\/sijoittajille\/porssitiedotteet\/porssitiedote\/?encryptedId=6376EF11B4C2EDF4\">\n                                        Sis\u00e4piiritieto: Saga Fursin huutokaupan v\u00e4litysmyynnin arvo yli kaksinkertaistui                                    <\/a>\n                                <\/p>\n                            <\/div>\n                        <\/article>\n                                                                    <article id=\"release-5334381\">\n                            <div>\n                                <p>\n                                    <strong>30.3.2026<\/strong> -\n                                    <a href=\"https:\/\/www.sagafurs.com\/fi\/yritys\/sijoittajille\/porssitiedotteet\/porssitiedote\/?encryptedId=34950D47F1A80AB0\">\n                                        Sis\u00e4piiritieto: Saga Fursin minkkihuutokaupassa kaikki nahat myytiin ja hinnat l\u00e4hes kaksinkertaistuivat                                    <\/a>\n                                <\/p>\n                            <\/div>\n                        <\/article>\n                                                                    <article id=\"release-5327906\">\n                            <div>\n                                <p>\n                                    <strong>20.3.2026<\/strong> -\n                                    <a href=\"https:\/\/www.sagafurs.com\/fi\/yritys\/sijoittajille\/porssitiedotteet\/porssitiedote\/?encryptedId=9F3008B3755F3AEC\">\n                                        Saga Furs Oyj:n yhti\u00f6kokouskutsu                                    <\/a>\n                                <\/p>\n                            <\/div>\n                        <\/article>\n                                                                    <article id=\"release-5306373\">\n                            <div>\n                                <p>\n                                    <strong>16.2.2026<\/strong> -\n                                    <a href=\"https:\/\/www.sagafurs.com\/fi\/yritys\/sijoittajille\/porssitiedotteet\/porssitiedote\/?encryptedId=BE373DF485BF2B1D\">\n                                        Saga Furs Oyj:n tilinp\u00e4\u00e4t\u00f6smateriaali on julkaistu                                    <\/a>\n                                <\/p>\n                            <\/div>\n                        <\/article>\n                                                                    <article id=\"release-5293985\">\n                            <div>\n                                <p>\n                                    <strong>27.1.2026<\/strong> -\n                                    <a href=\"https:\/\/www.sagafurs.com\/fi\/yritys\/sijoittajille\/porssitiedotteet\/porssitiedote\/?encryptedId=8178241CD787E910\">\n                                        Saga Furs Oyj:n TILINP\u00c4\u00c4T\u00d6STIEDOTE 1.11.2024\u201331.10.2025                                    <\/a>\n                                <\/p>\n                            <\/div>\n                        <\/article>\n                                                                    <article id=\"release-5286173\">\n                            <div>\n                                <p>\n                                    <strong>14.1.2026<\/strong> -\n                                    <a href=\"https:\/\/www.sagafurs.com\/fi\/yritys\/sijoittajille\/porssitiedotteet\/porssitiedote\/?encryptedId=548E32E1417D38AB\">\n                                        Sis\u00e4piiritieto: Saga Fursin liikevaihto arvioitua suurempi                                    <\/a>\n                                <\/p>\n                            <\/div>\n                        <\/article>\n                                                                    <article id=\"release-5241982\">\n                            <div>\n                                <p>\n                                    <strong>28.10.2025<\/strong> -\n                                    <a href=\"https:\/\/www.sagafurs.com\/fi\/yritys\/sijoittajille\/porssitiedotteet\/porssitiedote\/?encryptedId=1858329D193BBD2D\">\n                                        Saga Furs Oyj:n taloudellinen raportointi                                    <\/a>\n                                <\/p>\n                            <\/div>\n                        <\/article>\n                                    <\/div>\n            \n        <\/div>\n        <div class=\"cision-feed-pagination\">\n\n            <span aria-current=\"page\" class=\"page-numbers current\">1<\/span>\n<a class=\"page-numbers\" href=\"https:\/\/www.sagafurs.com\/fi\/wp-json\/wp\/v2\/pages\/524\/?pageIndex=2\">2<\/a>\n<a class=\"page-numbers\" href=\"https:\/\/www.sagafurs.com\/fi\/wp-json\/wp\/v2\/pages\/524\/?pageIndex=3\">3<\/a>\n<span class=\"page-numbers dots\">&hellip;<\/span>\n<a class=\"page-numbers\" href=\"https:\/\/www.sagafurs.com\/fi\/wp-json\/wp\/v2\/pages\/524\/?pageIndex=42\">42<\/a>\n<a class=\"next page-numbers\" href=\"https:\/\/www.sagafurs.com\/fi\/wp-json\/wp\/v2\/pages\/524\/?pageIndex=2\">Next &raquo;<\/a>        <\/div>\n    \n<p>&nbsp;<\/p>\n        <div id=\"cision-subscription-form-7984b44b71\" class=\"cision-subscription-form\">\n            <br>\n            <hr>\n            <h2>\n                Tilaa p\u00f6rssitiedotteet s\u00e4hk\u00f6postiisi            <\/h2>\n            \n                        <form method=\"post\" name=\"PageForm\" id=\"cision-subscription-form-7984b44b71\" action=\"https:\/\/publish.ne.cision.com\/Subscription\/SubscribeWithCaptcha\">\n                <input type=\"hidden\" name=\"subscriptionUniqueIdentifier\" value=\"7984b44b71\">\n                <input type=\"hidden\" name=\"Replylanguage\" value=\"fi\">\n                <input type=\"hidden\" name=\"redirectUrlSubscriptionSuccess\" value=\"https:\/\/www.sagafurs.com\/fi\/yritys\/sijoittajille\/porssitiedotteet\/?subscriptionSuccess=1#cision-subscription-form-7984b44b71\" \/>\n                <input type=\"hidden\" name=\"redirectUrlSubscriptionFailed\" value=\"https:\/\/www.sagafurs.com\/fi\/yritys\/sijoittajille\/porssitiedotteet\/?subscriptionFailed=1#cision-subscription-form-7984b44b71\" \/>\n\n                                <fieldset>\n                    <legend>Kielet<\/legend>\n                                            <input type=\"checkbox\" name=\"Language\" value=\"fi\" id=\"cision-subscription-form-language-fi\" checked=\"checked\" \/>\n                        <label for=\"cision-subscription-form-language-fi\">Suomi<\/label>\n                        <br>\n                                            <input type=\"checkbox\" name=\"Language\" value=\"sv\" id=\"cision-subscription-form-language-sv\"  \/>\n                        <label for=\"cision-subscription-form-language-sv\">Ruotsi<\/label>\n                        <br>\n                                    <\/fieldset>\n\n                                    <input type=\"hidden\" name=\"informationtype\" value=\"PRM\" \/>\n                \n                \n\n                <fieldset>\n                    <legend>Omat tiedot <\/legend>\n                                        <label for=\"cision-subscription-7984b44b71-email\">S\u00e4hk\u00f6postiosoite                        (pakollinen)                    <\/label>\n                    <input required type=\"email\" name=\"Email\" placeholder=\"S\u00e4hk\u00f6postiosoitteesi\" class=\"form-control\" id=\"cision-subscription-7984b44b71-email\">\n                                        <div style=\"display: grid; grid-template-columns: 0.03fr 1.97fr; grid-template-rows: 1fr; grid-column-gap: 0px; grid-row-gap: 0px; grid-template-areas:'. .'; \">\n                        <input type=\"checkbox\" name=\"cision-subscription-marketing-consent\" id=\"cision-subscription-form-marketing-consent\" required style=\"margin:0px\" \/>\n                        <label for=\"cision-subscription-form-marketing-consent\">\n                            Tilausta varten ker\u00e4\u00e4mme ja tallennamme s\u00e4hk\u00f6postiosoitteesi. Tilaamalla hyv\u00e4ksyt, ett\u00e4 antamiasi tietoja k\u00e4sitell\u00e4\u00e4n Saga Fursin <a href=\"https:\/\/www.sagafurs.com\/fi\/tietosuoja\/\">tietosuojaselosteen<\/a> mukaisesti.                        <\/label>\n                    <\/div>\n                <\/fieldset>\n                <br>\n                <div>\n                    <button class=\"btn button btn-outline-dark\" id=\"sendForm\">Tilaa<\/button>\n                    <div class=\"g-recaptcha\" data-sitekey=\"6Ldhz3UiAAAAAE-zMytM1dmYUWehm_6-ReYHr_8x\" data-size=\"normal\" datatheme=\"light\"><\/div>\n                <\/div>\n                <hr>\n            <\/form>\n        <\/div>\n\n","protected":false},"excerpt":{"rendered":"<p>&nbsp;<\/p>\n","protected":false},"author":29,"featured_media":0,"parent":519,"menu_order":0,"comment_status":"closed","ping_status":"closed","template":"templates\/content-page-template.php","meta":{"_acf_changed":false,"footnotes":""},"class_list":["post-524","page","type-page","status-publish","hentry"],"acf":[],"yoast_head":"<!-- This site is optimized with the Yoast SEO plugin v27.5 - https:\/\/yoast.com\/product\/yoast-seo-wordpress\/ -->\n<title>P\u00f6rssitiedotteet - Sagafurs<\/title>\n<meta name=\"robots\" content=\"index, follow, max-snippet:-1, max-image-preview:large, max-video-preview:-1\" \/>\n<link rel=\"canonical\" href=\"https:\/\/www.sagafurs.com\/fi\/yritys\/sijoittajille\/porssitiedotteet\/\" \/>\n<meta property=\"og:locale\" content=\"fi_FI\" \/>\n<meta property=\"og:type\" content=\"article\" \/>\n<meta property=\"og:title\" content=\"P\u00f6rssitiedotteet - Sagafurs\" \/>\n<meta property=\"og:description\" content=\"&nbsp;\" \/>\n<meta property=\"og:url\" content=\"https:\/\/www.sagafurs.com\/fi\/yritys\/sijoittajille\/porssitiedotteet\/\" \/>\n<meta property=\"og:site_name\" content=\"Sagafurs\" \/>\n<meta property=\"article:modified_time\" content=\"2022-11-25T09:43:07+00:00\" \/>\n<meta name=\"twitter:card\" content=\"summary_large_image\" \/>\n<meta name=\"twitter:label1\" content=\"Est. reading time\" \/>\n\t<meta name=\"twitter:data1\" content=\"1 minute\" \/>\n<script type=\"application\/ld+json\" class=\"yoast-schema-graph\">{\"@context\":\"https:\\\/\\\/schema.org\",\"@graph\":[{\"@type\":\"WebPage\",\"@id\":\"https:\\\/\\\/www.sagafurs.com\\\/fi\\\/yritys\\\/sijoittajille\\\/porssitiedotteet\\\/\",\"url\":\"https:\\\/\\\/www.sagafurs.com\\\/fi\\\/yritys\\\/sijoittajille\\\/porssitiedotteet\\\/\",\"name\":\"P\u00f6rssitiedotteet - Sagafurs\",\"isPartOf\":{\"@id\":\"https:\\\/\\\/www.sagafurs.com\\\/#website\"},\"datePublished\":\"2016-07-07T11:51:48+00:00\",\"dateModified\":\"2022-11-25T09:43:07+00:00\",\"breadcrumb\":{\"@id\":\"https:\\\/\\\/www.sagafurs.com\\\/fi\\\/yritys\\\/sijoittajille\\\/porssitiedotteet\\\/#breadcrumb\"},\"inLanguage\":\"fi-FI\",\"potentialAction\":[{\"@type\":\"ReadAction\",\"target\":[\"https:\\\/\\\/www.sagafurs.com\\\/fi\\\/yritys\\\/sijoittajille\\\/porssitiedotteet\\\/\"]}]},{\"@type\":\"BreadcrumbList\",\"@id\":\"https:\\\/\\\/www.sagafurs.com\\\/fi\\\/yritys\\\/sijoittajille\\\/porssitiedotteet\\\/#breadcrumb\",\"itemListElement\":[{\"@type\":\"ListItem\",\"position\":1,\"name\":\"Home\",\"item\":\"https:\\\/\\\/www.sagafurs.com\\\/fi\\\/\"},{\"@type\":\"ListItem\",\"position\":2,\"name\":\"Yritys\",\"item\":\"https:\\\/\\\/www.sagafurs.com\\\/fi\\\/yritys\\\/\"},{\"@type\":\"ListItem\",\"position\":3,\"name\":\"Sijoittajille\",\"item\":\"https:\\\/\\\/www.sagafurs.com\\\/fi\\\/yritys\\\/sijoittajille\\\/\"},{\"@type\":\"ListItem\",\"position\":4,\"name\":\"P\u00f6rssitiedotteet\"}]},{\"@type\":\"WebSite\",\"@id\":\"https:\\\/\\\/www.sagafurs.com\\\/#website\",\"url\":\"https:\\\/\\\/www.sagafurs.com\\\/\",\"name\":\"Sagafurs\",\"description\":\"Sagafurs\",\"potentialAction\":[{\"@type\":\"SearchAction\",\"target\":{\"@type\":\"EntryPoint\",\"urlTemplate\":\"https:\\\/\\\/www.sagafurs.com\\\/?s={search_term_string}\"},\"query-input\":{\"@type\":\"PropertyValueSpecification\",\"valueRequired\":true,\"valueName\":\"search_term_string\"}}],\"inLanguage\":\"fi-FI\"}]}<\/script>\n<!-- \/ Yoast SEO plugin. -->","yoast_head_json":{"title":"P\u00f6rssitiedotteet - Sagafurs","robots":{"index":"index","follow":"follow","max-snippet":"max-snippet:-1","max-image-preview":"max-image-preview:large","max-video-preview":"max-video-preview:-1"},"canonical":"https:\/\/www.sagafurs.com\/fi\/yritys\/sijoittajille\/porssitiedotteet\/","og_locale":"fi_FI","og_type":"article","og_title":"P\u00f6rssitiedotteet - Sagafurs","og_description":"&nbsp;","og_url":"https:\/\/www.sagafurs.com\/fi\/yritys\/sijoittajille\/porssitiedotteet\/","og_site_name":"Sagafurs","article_modified_time":"2022-11-25T09:43:07+00:00","twitter_card":"summary_large_image","twitter_misc":{"Est. reading time":"1 minute"},"schema":{"@context":"https:\/\/schema.org","@graph":[{"@type":"WebPage","@id":"https:\/\/www.sagafurs.com\/fi\/yritys\/sijoittajille\/porssitiedotteet\/","url":"https:\/\/www.sagafurs.com\/fi\/yritys\/sijoittajille\/porssitiedotteet\/","name":"P\u00f6rssitiedotteet - Sagafurs","isPartOf":{"@id":"https:\/\/www.sagafurs.com\/#website"},"datePublished":"2016-07-07T11:51:48+00:00","dateModified":"2022-11-25T09:43:07+00:00","breadcrumb":{"@id":"https:\/\/www.sagafurs.com\/fi\/yritys\/sijoittajille\/porssitiedotteet\/#breadcrumb"},"inLanguage":"fi-FI","potentialAction":[{"@type":"ReadAction","target":["https:\/\/www.sagafurs.com\/fi\/yritys\/sijoittajille\/porssitiedotteet\/"]}]},{"@type":"BreadcrumbList","@id":"https:\/\/www.sagafurs.com\/fi\/yritys\/sijoittajille\/porssitiedotteet\/#breadcrumb","itemListElement":[{"@type":"ListItem","position":1,"name":"Home","item":"https:\/\/www.sagafurs.com\/fi\/"},{"@type":"ListItem","position":2,"name":"Yritys","item":"https:\/\/www.sagafurs.com\/fi\/yritys\/"},{"@type":"ListItem","position":3,"name":"Sijoittajille","item":"https:\/\/www.sagafurs.com\/fi\/yritys\/sijoittajille\/"},{"@type":"ListItem","position":4,"name":"P\u00f6rssitiedotteet"}]},{"@type":"WebSite","@id":"https:\/\/www.sagafurs.com\/#website","url":"https:\/\/www.sagafurs.com\/","name":"Sagafurs","description":"Sagafurs","potentialAction":[{"@type":"SearchAction","target":{"@type":"EntryPoint","urlTemplate":"https:\/\/www.sagafurs.com\/?s={search_term_string}"},"query-input":{"@type":"PropertyValueSpecification","valueRequired":true,"valueName":"search_term_string"}}],"inLanguage":"fi-FI"}]}},"_links":{"self":[{"href":"https:\/\/www.sagafurs.com\/fi\/wp-json\/wp\/v2\/pages\/524","targetHints":{"allow":["GET"]}}],"collection":[{"href":"https:\/\/www.sagafurs.com\/fi\/wp-json\/wp\/v2\/pages"}],"about":[{"href":"https:\/\/www.sagafurs.com\/fi\/wp-json\/wp\/v2\/types\/page"}],"author":[{"embeddable":true,"href":"https:\/\/www.sagafurs.com\/fi\/wp-json\/wp\/v2\/users\/29"}],"replies":[{"embeddable":true,"href":"https:\/\/www.sagafurs.com\/fi\/wp-json\/wp\/v2\/comments?post=524"}],"version-history":[{"count":0,"href":"https:\/\/www.sagafurs.com\/fi\/wp-json\/wp\/v2\/pages\/524\/revisions"}],"up":[{"embeddable":true,"href":"https:\/\/www.sagafurs.com\/fi\/wp-json\/wp\/v2\/pages\/519"}],"wp:attachment":[{"href":"https:\/\/www.sagafurs.com\/fi\/wp-json\/wp\/v2\/media?parent=524"}],"curies":[{"name":"wp","href":"https:\/\/api.w.org\/{rel}","templated":true}]}}