{"id":529,"date":"2016-07-07T12:53:09","date_gmt":"2016-07-07T11:53:09","guid":{"rendered":"https:\/\/www.sagafurs.com\/fi\/?page_id=529"},"modified":"2025-08-19T15:31:37","modified_gmt":"2025-08-19T12:31:37","slug":"yhtion-hallinto","status":"publish","type":"page","link":"https:\/\/www.sagafurs.com\/fi\/yritys\/yhtion-hallinto\/","title":{"rendered":"Yhti\u00f6n hallinto"},"content":{"rendered":"<p>Saga Furs Oyj on suomalainen julkinen osakeyhti\u00f6, jonka A- ja C-sarjan osakkeet ovat julkisen kaupank\u00e4ynnin kohteena Nasdaq Helsinki Oy:n virallisella listalla. Saga Fursin hallintoon sovelletaan Suomen lakeja ja niiden nojalla annettuja s\u00e4\u00e4d\u00f6ksi\u00e4 ja m\u00e4\u00e4r\u00e4yksi\u00e4. Lis\u00e4ksi yhti\u00f6 noudattaa Nasdaq Helsinki Oy:n s\u00e4\u00e4nt\u00f6j\u00e4 ja suosituksia niiden p\u00f6rssiyhti\u00f6ihin soveltuvilta osin. Suomalaisena p\u00f6rssiyhti\u00f6n\u00e4 Saga Furs noudattaa Suomen listayhti\u00f6iden hallinnointikoodia (www.cgfinland.fi). Yhti\u00f6 laatii tilinp\u00e4\u00e4t\u00f6ksens\u00e4 ja osavuosikatsauksensa kansainv\u00e4listen tilinp\u00e4\u00e4t\u00f6speriaatteiden, International Financial Reporting Standards (IFRS), mukaisesti. Tilinp\u00e4\u00e4t\u00f6sasiakirjat julkaistaan suomeksi ja ruotsiksi.<\/p>\n<p>Yhti\u00f6n lakis\u00e4\u00e4teiset toimielimet ovat yhti\u00f6kokous, hallitus ja toimitusjohtaja. Yhti\u00f6n toimintojen koordinoinnista ja operatiivisesta johtamisesta huolehtii lis\u00e4ksi toimitusjohtajan apuna toimiva johtoryhm\u00e4, jonka j\u00e4senet eiv\u00e4t ole hallituksen j\u00e4seni\u00e4. Eri toimielinten teht\u00e4v\u00e4t ja vastuut m\u00e4\u00e4r\u00e4ytyv\u00e4t Suomen osakeyhti\u00f6lain mukaisesti.<\/p>\n","protected":false},"excerpt":{"rendered":"<p>Saga Furs Oyj on suomalainen julkinen osakeyhti\u00f6, jonka A- ja C-sarjan osakkeet ovat julkisen kaupank\u00e4ynnin kohteena Nasdaq Helsinki Oy:n virallisella listalla. Saga Fursin hallintoon sovelletaan Suomen lakeja ja niiden nojalla annettuja s\u00e4\u00e4d\u00f6ksi\u00e4 ja m\u00e4\u00e4r\u00e4yksi\u00e4. Lis\u00e4ksi yhti\u00f6 noudattaa Nasdaq Helsinki Oy:n s\u00e4\u00e4nt\u00f6j\u00e4 ja suosituksia niiden p\u00f6rssiyhti\u00f6ihin soveltuvilta osin. Suomalaisena p\u00f6rssiyhti\u00f6n\u00e4 Saga Furs noudattaa Suomen listayhti\u00f6iden hallinnointikoodia<a class=\"excerpt-read-more\" href=\"https:\/\/www.sagafurs.com\/fi\/yritys\/yhtion-hallinto\/\" title=\"LueYhti\u00f6n hallinto\">\u2026 Lue lis\u00e4\u00e4 &raquo;<\/a><\/p>\n","protected":false},"author":29,"featured_media":4424,"parent":363,"menu_order":4,"comment_status":"closed","ping_status":"closed","template":"templates\/content-page-template.php","meta":{"_acf_changed":false,"footnotes":""},"class_list":["post-529","page","type-page","status-publish","has-post-thumbnail","hentry"],"acf":[],"yoast_head":"<!-- This site is optimized with the Yoast SEO plugin v27.4 - https:\/\/yoast.com\/product\/yoast-seo-wordpress\/ -->\n<title>Yhti\u00f6n hallinto - Sagafurs<\/title>\n<meta name=\"robots\" content=\"index, follow, max-snippet:-1, max-image-preview:large, max-video-preview:-1\" \/>\n<link rel=\"canonical\" href=\"https:\/\/www.sagafurs.com\/fi\/yritys\/yhtion-hallinto\/\" \/>\n<meta property=\"og:locale\" content=\"fi_FI\" \/>\n<meta property=\"og:type\" content=\"article\" \/>\n<meta property=\"og:title\" content=\"Yhti\u00f6n hallinto - Sagafurs\" \/>\n<meta property=\"og:description\" content=\"Saga Furs Oyj on suomalainen julkinen osakeyhti\u00f6, jonka A- ja C-sarjan osakkeet ovat julkisen kaupank\u00e4ynnin kohteena Nasdaq Helsinki Oy:n virallisella listalla. Saga Fursin hallintoon sovelletaan Suomen lakeja ja niiden nojalla annettuja s\u00e4\u00e4d\u00f6ksi\u00e4 ja m\u00e4\u00e4r\u00e4yksi\u00e4. Lis\u00e4ksi yhti\u00f6 noudattaa Nasdaq Helsinki Oy:n s\u00e4\u00e4nt\u00f6j\u00e4 ja suosituksia niiden p\u00f6rssiyhti\u00f6ihin soveltuvilta osin. Suomalaisena p\u00f6rssiyhti\u00f6n\u00e4 Saga Furs noudattaa Suomen listayhti\u00f6iden hallinnointikoodia\u2026 Lue lis\u00e4\u00e4 &raquo;\" \/>\n<meta property=\"og:url\" content=\"https:\/\/www.sagafurs.com\/fi\/yritys\/yhtion-hallinto\/\" \/>\n<meta property=\"og:site_name\" content=\"Sagafurs\" \/>\n<meta property=\"article:modified_time\" content=\"2025-08-19T12:31:37+00:00\" \/>\n<meta property=\"og:image\" content=\"https:\/\/www.sagafurs.com\/wp-content\/uploads\/2016\/07\/large_banner_company8.jpg\" \/>\n\t<meta property=\"og:image:width\" content=\"760\" \/>\n\t<meta property=\"og:image:height\" content=\"240\" \/>\n\t<meta property=\"og:image:type\" content=\"image\/jpeg\" \/>\n<meta name=\"twitter:card\" content=\"summary_large_image\" \/>\n<meta name=\"twitter:label1\" content=\"Est. reading time\" \/>\n\t<meta name=\"twitter:data1\" content=\"1 minute\" \/>\n<script type=\"application\/ld+json\" class=\"yoast-schema-graph\">{\"@context\":\"https:\\\/\\\/schema.org\",\"@graph\":[{\"@type\":\"WebPage\",\"@id\":\"https:\\\/\\\/www.sagafurs.com\\\/fi\\\/yritys\\\/yhtion-hallinto\\\/\",\"url\":\"https:\\\/\\\/www.sagafurs.com\\\/fi\\\/yritys\\\/yhtion-hallinto\\\/\",\"name\":\"Yhti\u00f6n hallinto - Sagafurs\",\"isPartOf\":{\"@id\":\"https:\\\/\\\/www.sagafurs.com\\\/#website\"},\"primaryImageOfPage\":{\"@id\":\"https:\\\/\\\/www.sagafurs.com\\\/fi\\\/yritys\\\/yhtion-hallinto\\\/#primaryimage\"},\"image\":{\"@id\":\"https:\\\/\\\/www.sagafurs.com\\\/fi\\\/yritys\\\/yhtion-hallinto\\\/#primaryimage\"},\"thumbnailUrl\":\"https:\\\/\\\/www.sagafurs.com\\\/wp-content\\\/uploads\\\/2016\\\/07\\\/large_banner_company8.jpg\",\"datePublished\":\"2016-07-07T11:53:09+00:00\",\"dateModified\":\"2025-08-19T12:31:37+00:00\",\"breadcrumb\":{\"@id\":\"https:\\\/\\\/www.sagafurs.com\\\/fi\\\/yritys\\\/yhtion-hallinto\\\/#breadcrumb\"},\"inLanguage\":\"fi-FI\",\"potentialAction\":[{\"@type\":\"ReadAction\",\"target\":[\"https:\\\/\\\/www.sagafurs.com\\\/fi\\\/yritys\\\/yhtion-hallinto\\\/\"]}]},{\"@type\":\"ImageObject\",\"inLanguage\":\"fi-FI\",\"@id\":\"https:\\\/\\\/www.sagafurs.com\\\/fi\\\/yritys\\\/yhtion-hallinto\\\/#primaryimage\",\"url\":\"https:\\\/\\\/www.sagafurs.com\\\/wp-content\\\/uploads\\\/2016\\\/07\\\/large_banner_company8.jpg\",\"contentUrl\":\"https:\\\/\\\/www.sagafurs.com\\\/wp-content\\\/uploads\\\/2016\\\/07\\\/large_banner_company8.jpg\",\"width\":760,\"height\":240},{\"@type\":\"BreadcrumbList\",\"@id\":\"https:\\\/\\\/www.sagafurs.com\\\/fi\\\/yritys\\\/yhtion-hallinto\\\/#breadcrumb\",\"itemListElement\":[{\"@type\":\"ListItem\",\"position\":1,\"name\":\"Home\",\"item\":\"https:\\\/\\\/www.sagafurs.com\\\/fi\\\/\"},{\"@type\":\"ListItem\",\"position\":2,\"name\":\"Yritys\",\"item\":\"https:\\\/\\\/www.sagafurs.com\\\/fi\\\/yritys\\\/\"},{\"@type\":\"ListItem\",\"position\":3,\"name\":\"Yhti\u00f6n hallinto\"}]},{\"@type\":\"WebSite\",\"@id\":\"https:\\\/\\\/www.sagafurs.com\\\/#website\",\"url\":\"https:\\\/\\\/www.sagafurs.com\\\/\",\"name\":\"Sagafurs\",\"description\":\"Sagafurs\",\"potentialAction\":[{\"@type\":\"SearchAction\",\"target\":{\"@type\":\"EntryPoint\",\"urlTemplate\":\"https:\\\/\\\/www.sagafurs.com\\\/?s={search_term_string}\"},\"query-input\":{\"@type\":\"PropertyValueSpecification\",\"valueRequired\":true,\"valueName\":\"search_term_string\"}}],\"inLanguage\":\"fi-FI\"}]}<\/script>\n<!-- \/ Yoast SEO plugin. -->","yoast_head_json":{"title":"Yhti\u00f6n hallinto - Sagafurs","robots":{"index":"index","follow":"follow","max-snippet":"max-snippet:-1","max-image-preview":"max-image-preview:large","max-video-preview":"max-video-preview:-1"},"canonical":"https:\/\/www.sagafurs.com\/fi\/yritys\/yhtion-hallinto\/","og_locale":"fi_FI","og_type":"article","og_title":"Yhti\u00f6n hallinto - Sagafurs","og_description":"Saga Furs Oyj on suomalainen julkinen osakeyhti\u00f6, jonka A- ja C-sarjan osakkeet ovat julkisen kaupank\u00e4ynnin kohteena Nasdaq Helsinki Oy:n virallisella listalla. Saga Fursin hallintoon sovelletaan Suomen lakeja ja niiden nojalla annettuja s\u00e4\u00e4d\u00f6ksi\u00e4 ja m\u00e4\u00e4r\u00e4yksi\u00e4. Lis\u00e4ksi yhti\u00f6 noudattaa Nasdaq Helsinki Oy:n s\u00e4\u00e4nt\u00f6j\u00e4 ja suosituksia niiden p\u00f6rssiyhti\u00f6ihin soveltuvilta osin. Suomalaisena p\u00f6rssiyhti\u00f6n\u00e4 Saga Furs noudattaa Suomen listayhti\u00f6iden hallinnointikoodia\u2026 Lue lis\u00e4\u00e4 &raquo;","og_url":"https:\/\/www.sagafurs.com\/fi\/yritys\/yhtion-hallinto\/","og_site_name":"Sagafurs","article_modified_time":"2025-08-19T12:31:37+00:00","og_image":[{"width":760,"height":240,"url":"https:\/\/www.sagafurs.com\/wp-content\/uploads\/2016\/07\/large_banner_company8.jpg","type":"image\/jpeg"}],"twitter_card":"summary_large_image","twitter_misc":{"Est. reading time":"1 minute"},"schema":{"@context":"https:\/\/schema.org","@graph":[{"@type":"WebPage","@id":"https:\/\/www.sagafurs.com\/fi\/yritys\/yhtion-hallinto\/","url":"https:\/\/www.sagafurs.com\/fi\/yritys\/yhtion-hallinto\/","name":"Yhti\u00f6n hallinto - Sagafurs","isPartOf":{"@id":"https:\/\/www.sagafurs.com\/#website"},"primaryImageOfPage":{"@id":"https:\/\/www.sagafurs.com\/fi\/yritys\/yhtion-hallinto\/#primaryimage"},"image":{"@id":"https:\/\/www.sagafurs.com\/fi\/yritys\/yhtion-hallinto\/#primaryimage"},"thumbnailUrl":"https:\/\/www.sagafurs.com\/wp-content\/uploads\/2016\/07\/large_banner_company8.jpg","datePublished":"2016-07-07T11:53:09+00:00","dateModified":"2025-08-19T12:31:37+00:00","breadcrumb":{"@id":"https:\/\/www.sagafurs.com\/fi\/yritys\/yhtion-hallinto\/#breadcrumb"},"inLanguage":"fi-FI","potentialAction":[{"@type":"ReadAction","target":["https:\/\/www.sagafurs.com\/fi\/yritys\/yhtion-hallinto\/"]}]},{"@type":"ImageObject","inLanguage":"fi-FI","@id":"https:\/\/www.sagafurs.com\/fi\/yritys\/yhtion-hallinto\/#primaryimage","url":"https:\/\/www.sagafurs.com\/wp-content\/uploads\/2016\/07\/large_banner_company8.jpg","contentUrl":"https:\/\/www.sagafurs.com\/wp-content\/uploads\/2016\/07\/large_banner_company8.jpg","width":760,"height":240},{"@type":"BreadcrumbList","@id":"https:\/\/www.sagafurs.com\/fi\/yritys\/yhtion-hallinto\/#breadcrumb","itemListElement":[{"@type":"ListItem","position":1,"name":"Home","item":"https:\/\/www.sagafurs.com\/fi\/"},{"@type":"ListItem","position":2,"name":"Yritys","item":"https:\/\/www.sagafurs.com\/fi\/yritys\/"},{"@type":"ListItem","position":3,"name":"Yhti\u00f6n hallinto"}]},{"@type":"WebSite","@id":"https:\/\/www.sagafurs.com\/#website","url":"https:\/\/www.sagafurs.com\/","name":"Sagafurs","description":"Sagafurs","potentialAction":[{"@type":"SearchAction","target":{"@type":"EntryPoint","urlTemplate":"https:\/\/www.sagafurs.com\/?s={search_term_string}"},"query-input":{"@type":"PropertyValueSpecification","valueRequired":true,"valueName":"search_term_string"}}],"inLanguage":"fi-FI"}]}},"_links":{"self":[{"href":"https:\/\/www.sagafurs.com\/fi\/wp-json\/wp\/v2\/pages\/529","targetHints":{"allow":["GET"]}}],"collection":[{"href":"https:\/\/www.sagafurs.com\/fi\/wp-json\/wp\/v2\/pages"}],"about":[{"href":"https:\/\/www.sagafurs.com\/fi\/wp-json\/wp\/v2\/types\/page"}],"author":[{"embeddable":true,"href":"https:\/\/www.sagafurs.com\/fi\/wp-json\/wp\/v2\/users\/29"}],"replies":[{"embeddable":true,"href":"https:\/\/www.sagafurs.com\/fi\/wp-json\/wp\/v2\/comments?post=529"}],"version-history":[{"count":0,"href":"https:\/\/www.sagafurs.com\/fi\/wp-json\/wp\/v2\/pages\/529\/revisions"}],"up":[{"embeddable":true,"href":"https:\/\/www.sagafurs.com\/fi\/wp-json\/wp\/v2\/pages\/363"}],"wp:featuredmedia":[{"embeddable":true,"href":"https:\/\/www.sagafurs.com\/fi\/wp-json\/wp\/v2\/media\/4424"}],"wp:attachment":[{"href":"https:\/\/www.sagafurs.com\/fi\/wp-json\/wp\/v2\/media?parent=529"}],"curies":[{"name":"wp","href":"https:\/\/api.w.org\/{rel}","templated":true}]}}