{"id":531,"date":"2016-07-07T12:53:41","date_gmt":"2016-07-07T11:53:41","guid":{"rendered":"https:\/\/www.sagafurs.com\/fi\/?page_id=531"},"modified":"2025-10-28T14:11:25","modified_gmt":"2025-10-28T12:11:25","slug":"sijoittajan-kalenteri","status":"publish","type":"page","link":"https:\/\/www.sagafurs.com\/fi\/yritys\/sijoittajille\/sijoittajan-kalenteri\/","title":{"rendered":"Sijoittajan kalenteri"},"content":{"rendered":"<h2><strong>Saga Furs Oyj:n taloudellinen raportointi<\/strong><\/h2>\n<p>Saga Furs Oyj julkaisee tilikautta 1.11.2024\u201331.10.2025 koskevan tilinp\u00e4\u00e4t\u00f6stiedotteen tiistaina 27.1.2026.<br \/>\nHallituksen toimintakertomus ja tilinp\u00e4\u00e4t\u00f6s julkaistaan maanantaina 16.2.2026.<br \/>\nVarsinainen yhti\u00f6kokous j\u00e4rjestet\u00e4\u00e4n tiistaina 28.4.2026.<\/p>\n<p>Tilikauden 1.11.2025\u201331.10.2026 taloudelliset raportit julkaistaan:<strong><br \/>\n<\/strong><span style=\"font-size: inherit;\">&#8211; puolivuosikatsaus torstaina 25.6.2026<br \/>\n<\/span><span style=\"font-size: inherit;\">&#8211; tilinp\u00e4\u00e4t\u00f6stiedote tiistaina 26.1.2027<br \/>\n<\/span>&#8211; hallituksen toimintakertomus ja tilinp\u00e4\u00e4t\u00f6s tiistaina 16.2.2027<\/p>\n","protected":false},"excerpt":{"rendered":"<p>Saga Furs Oyj:n taloudellinen raportointi Saga Furs Oyj julkaisee tilikautta 1.11.2024\u201331.10.2025 koskevan tilinp\u00e4\u00e4t\u00f6stiedotteen tiistaina 27.1.2026. Hallituksen toimintakertomus ja tilinp\u00e4\u00e4t\u00f6s julkaistaan maanantaina 16.2.2026. Varsinainen yhti\u00f6kokous j\u00e4rjestet\u00e4\u00e4n tiistaina 28.4.2026. Tilikauden 1.11.2025\u201331.10.2026 taloudelliset raportit julkaistaan: &#8211; puolivuosikatsaus torstaina 25.6.2026 &#8211; tilinp\u00e4\u00e4t\u00f6stiedote tiistaina 26.1.2027 &#8211; hallituksen toimintakertomus ja tilinp\u00e4\u00e4t\u00f6s tiistaina 16.2.2027<\/p>\n","protected":false},"author":29,"featured_media":4618,"parent":519,"menu_order":0,"comment_status":"closed","ping_status":"closed","template":"templates\/content-page-template.php","meta":{"_acf_changed":false,"footnotes":""},"class_list":["post-531","page","type-page","status-publish","has-post-thumbnail","hentry"],"acf":[],"yoast_head":"<!-- This site is optimized with the Yoast SEO plugin v27.3 - https:\/\/yoast.com\/product\/yoast-seo-wordpress\/ -->\n<title>Sijoittajan kalenteri - Sagafurs<\/title>\n<meta name=\"robots\" content=\"index, follow, max-snippet:-1, max-image-preview:large, max-video-preview:-1\" \/>\n<link rel=\"canonical\" href=\"https:\/\/www.sagafurs.com\/fi\/yritys\/sijoittajille\/sijoittajan-kalenteri\/\" \/>\n<meta property=\"og:locale\" content=\"fi_FI\" \/>\n<meta property=\"og:type\" content=\"article\" \/>\n<meta property=\"og:title\" content=\"Sijoittajan kalenteri - Sagafurs\" \/>\n<meta property=\"og:description\" content=\"Saga Furs Oyj:n taloudellinen raportointi Saga Furs Oyj julkaisee tilikautta 1.11.2024\u201331.10.2025 koskevan tilinp\u00e4\u00e4t\u00f6stiedotteen tiistaina 27.1.2026. Hallituksen toimintakertomus ja tilinp\u00e4\u00e4t\u00f6s julkaistaan maanantaina 16.2.2026. Varsinainen yhti\u00f6kokous j\u00e4rjestet\u00e4\u00e4n tiistaina 28.4.2026. Tilikauden 1.11.2025\u201331.10.2026 taloudelliset raportit julkaistaan: &#8211; puolivuosikatsaus torstaina 25.6.2026 &#8211; tilinp\u00e4\u00e4t\u00f6stiedote tiistaina 26.1.2027 &#8211; hallituksen toimintakertomus ja tilinp\u00e4\u00e4t\u00f6s tiistaina 16.2.2027\" \/>\n<meta property=\"og:url\" content=\"https:\/\/www.sagafurs.com\/fi\/yritys\/sijoittajille\/sijoittajan-kalenteri\/\" \/>\n<meta property=\"og:site_name\" content=\"Sagafurs\" \/>\n<meta property=\"article:modified_time\" content=\"2025-10-28T12:11:25+00:00\" \/>\n<meta property=\"og:image\" content=\"https:\/\/www.sagafurs.com\/wp-content\/uploads\/2016\/07\/Saga_detail_2015-82_A4A2282-1000x576.jpg\" \/>\n\t<meta property=\"og:image:width\" content=\"1000\" \/>\n\t<meta property=\"og:image:height\" content=\"576\" \/>\n\t<meta property=\"og:image:type\" content=\"image\/jpeg\" \/>\n<meta name=\"twitter:card\" content=\"summary_large_image\" \/>\n<meta name=\"twitter:label1\" content=\"Est. reading time\" \/>\n\t<meta name=\"twitter:data1\" content=\"1 minute\" \/>\n<script type=\"application\/ld+json\" class=\"yoast-schema-graph\">{\"@context\":\"https:\\\/\\\/schema.org\",\"@graph\":[{\"@type\":\"WebPage\",\"@id\":\"https:\\\/\\\/www.sagafurs.com\\\/fi\\\/yritys\\\/sijoittajille\\\/sijoittajan-kalenteri\\\/\",\"url\":\"https:\\\/\\\/www.sagafurs.com\\\/fi\\\/yritys\\\/sijoittajille\\\/sijoittajan-kalenteri\\\/\",\"name\":\"Sijoittajan kalenteri - Sagafurs\",\"isPartOf\":{\"@id\":\"https:\\\/\\\/www.sagafurs.com\\\/#website\"},\"primaryImageOfPage\":{\"@id\":\"https:\\\/\\\/www.sagafurs.com\\\/fi\\\/yritys\\\/sijoittajille\\\/sijoittajan-kalenteri\\\/#primaryimage\"},\"image\":{\"@id\":\"https:\\\/\\\/www.sagafurs.com\\\/fi\\\/yritys\\\/sijoittajille\\\/sijoittajan-kalenteri\\\/#primaryimage\"},\"thumbnailUrl\":\"https:\\\/\\\/www.sagafurs.com\\\/wp-content\\\/uploads\\\/2016\\\/07\\\/Saga_detail_2015-82_A4A2282-1000x576.jpg\",\"datePublished\":\"2016-07-07T11:53:41+00:00\",\"dateModified\":\"2025-10-28T12:11:25+00:00\",\"breadcrumb\":{\"@id\":\"https:\\\/\\\/www.sagafurs.com\\\/fi\\\/yritys\\\/sijoittajille\\\/sijoittajan-kalenteri\\\/#breadcrumb\"},\"inLanguage\":\"fi-FI\",\"potentialAction\":[{\"@type\":\"ReadAction\",\"target\":[\"https:\\\/\\\/www.sagafurs.com\\\/fi\\\/yritys\\\/sijoittajille\\\/sijoittajan-kalenteri\\\/\"]}]},{\"@type\":\"ImageObject\",\"inLanguage\":\"fi-FI\",\"@id\":\"https:\\\/\\\/www.sagafurs.com\\\/fi\\\/yritys\\\/sijoittajille\\\/sijoittajan-kalenteri\\\/#primaryimage\",\"url\":\"https:\\\/\\\/www.sagafurs.com\\\/wp-content\\\/uploads\\\/2016\\\/07\\\/Saga_detail_2015-82_A4A2282-1000x576.jpg\",\"contentUrl\":\"https:\\\/\\\/www.sagafurs.com\\\/wp-content\\\/uploads\\\/2016\\\/07\\\/Saga_detail_2015-82_A4A2282-1000x576.jpg\",\"width\":1000,\"height\":576},{\"@type\":\"BreadcrumbList\",\"@id\":\"https:\\\/\\\/www.sagafurs.com\\\/fi\\\/yritys\\\/sijoittajille\\\/sijoittajan-kalenteri\\\/#breadcrumb\",\"itemListElement\":[{\"@type\":\"ListItem\",\"position\":1,\"name\":\"Home\",\"item\":\"https:\\\/\\\/www.sagafurs.com\\\/fi\\\/\"},{\"@type\":\"ListItem\",\"position\":2,\"name\":\"Yritys\",\"item\":\"https:\\\/\\\/www.sagafurs.com\\\/fi\\\/yritys\\\/\"},{\"@type\":\"ListItem\",\"position\":3,\"name\":\"Sijoittajille\",\"item\":\"https:\\\/\\\/www.sagafurs.com\\\/fi\\\/yritys\\\/sijoittajille\\\/\"},{\"@type\":\"ListItem\",\"position\":4,\"name\":\"Sijoittajan kalenteri\"}]},{\"@type\":\"WebSite\",\"@id\":\"https:\\\/\\\/www.sagafurs.com\\\/#website\",\"url\":\"https:\\\/\\\/www.sagafurs.com\\\/\",\"name\":\"Sagafurs\",\"description\":\"Sagafurs\",\"potentialAction\":[{\"@type\":\"SearchAction\",\"target\":{\"@type\":\"EntryPoint\",\"urlTemplate\":\"https:\\\/\\\/www.sagafurs.com\\\/?s={search_term_string}\"},\"query-input\":{\"@type\":\"PropertyValueSpecification\",\"valueRequired\":true,\"valueName\":\"search_term_string\"}}],\"inLanguage\":\"fi-FI\"}]}<\/script>\n<!-- \/ Yoast SEO plugin. -->","yoast_head_json":{"title":"Sijoittajan kalenteri - Sagafurs","robots":{"index":"index","follow":"follow","max-snippet":"max-snippet:-1","max-image-preview":"max-image-preview:large","max-video-preview":"max-video-preview:-1"},"canonical":"https:\/\/www.sagafurs.com\/fi\/yritys\/sijoittajille\/sijoittajan-kalenteri\/","og_locale":"fi_FI","og_type":"article","og_title":"Sijoittajan kalenteri - Sagafurs","og_description":"Saga Furs Oyj:n taloudellinen raportointi Saga Furs Oyj julkaisee tilikautta 1.11.2024\u201331.10.2025 koskevan tilinp\u00e4\u00e4t\u00f6stiedotteen tiistaina 27.1.2026. Hallituksen toimintakertomus ja tilinp\u00e4\u00e4t\u00f6s julkaistaan maanantaina 16.2.2026. Varsinainen yhti\u00f6kokous j\u00e4rjestet\u00e4\u00e4n tiistaina 28.4.2026. Tilikauden 1.11.2025\u201331.10.2026 taloudelliset raportit julkaistaan: &#8211; puolivuosikatsaus torstaina 25.6.2026 &#8211; tilinp\u00e4\u00e4t\u00f6stiedote tiistaina 26.1.2027 &#8211; hallituksen toimintakertomus ja tilinp\u00e4\u00e4t\u00f6s tiistaina 16.2.2027","og_url":"https:\/\/www.sagafurs.com\/fi\/yritys\/sijoittajille\/sijoittajan-kalenteri\/","og_site_name":"Sagafurs","article_modified_time":"2025-10-28T12:11:25+00:00","og_image":[{"width":1000,"height":576,"url":"https:\/\/www.sagafurs.com\/wp-content\/uploads\/2016\/07\/Saga_detail_2015-82_A4A2282-1000x576.jpg","type":"image\/jpeg"}],"twitter_card":"summary_large_image","twitter_misc":{"Est. reading time":"1 minute"},"schema":{"@context":"https:\/\/schema.org","@graph":[{"@type":"WebPage","@id":"https:\/\/www.sagafurs.com\/fi\/yritys\/sijoittajille\/sijoittajan-kalenteri\/","url":"https:\/\/www.sagafurs.com\/fi\/yritys\/sijoittajille\/sijoittajan-kalenteri\/","name":"Sijoittajan kalenteri - Sagafurs","isPartOf":{"@id":"https:\/\/www.sagafurs.com\/#website"},"primaryImageOfPage":{"@id":"https:\/\/www.sagafurs.com\/fi\/yritys\/sijoittajille\/sijoittajan-kalenteri\/#primaryimage"},"image":{"@id":"https:\/\/www.sagafurs.com\/fi\/yritys\/sijoittajille\/sijoittajan-kalenteri\/#primaryimage"},"thumbnailUrl":"https:\/\/www.sagafurs.com\/wp-content\/uploads\/2016\/07\/Saga_detail_2015-82_A4A2282-1000x576.jpg","datePublished":"2016-07-07T11:53:41+00:00","dateModified":"2025-10-28T12:11:25+00:00","breadcrumb":{"@id":"https:\/\/www.sagafurs.com\/fi\/yritys\/sijoittajille\/sijoittajan-kalenteri\/#breadcrumb"},"inLanguage":"fi-FI","potentialAction":[{"@type":"ReadAction","target":["https:\/\/www.sagafurs.com\/fi\/yritys\/sijoittajille\/sijoittajan-kalenteri\/"]}]},{"@type":"ImageObject","inLanguage":"fi-FI","@id":"https:\/\/www.sagafurs.com\/fi\/yritys\/sijoittajille\/sijoittajan-kalenteri\/#primaryimage","url":"https:\/\/www.sagafurs.com\/wp-content\/uploads\/2016\/07\/Saga_detail_2015-82_A4A2282-1000x576.jpg","contentUrl":"https:\/\/www.sagafurs.com\/wp-content\/uploads\/2016\/07\/Saga_detail_2015-82_A4A2282-1000x576.jpg","width":1000,"height":576},{"@type":"BreadcrumbList","@id":"https:\/\/www.sagafurs.com\/fi\/yritys\/sijoittajille\/sijoittajan-kalenteri\/#breadcrumb","itemListElement":[{"@type":"ListItem","position":1,"name":"Home","item":"https:\/\/www.sagafurs.com\/fi\/"},{"@type":"ListItem","position":2,"name":"Yritys","item":"https:\/\/www.sagafurs.com\/fi\/yritys\/"},{"@type":"ListItem","position":3,"name":"Sijoittajille","item":"https:\/\/www.sagafurs.com\/fi\/yritys\/sijoittajille\/"},{"@type":"ListItem","position":4,"name":"Sijoittajan kalenteri"}]},{"@type":"WebSite","@id":"https:\/\/www.sagafurs.com\/#website","url":"https:\/\/www.sagafurs.com\/","name":"Sagafurs","description":"Sagafurs","potentialAction":[{"@type":"SearchAction","target":{"@type":"EntryPoint","urlTemplate":"https:\/\/www.sagafurs.com\/?s={search_term_string}"},"query-input":{"@type":"PropertyValueSpecification","valueRequired":true,"valueName":"search_term_string"}}],"inLanguage":"fi-FI"}]}},"_links":{"self":[{"href":"https:\/\/www.sagafurs.com\/fi\/wp-json\/wp\/v2\/pages\/531","targetHints":{"allow":["GET"]}}],"collection":[{"href":"https:\/\/www.sagafurs.com\/fi\/wp-json\/wp\/v2\/pages"}],"about":[{"href":"https:\/\/www.sagafurs.com\/fi\/wp-json\/wp\/v2\/types\/page"}],"author":[{"embeddable":true,"href":"https:\/\/www.sagafurs.com\/fi\/wp-json\/wp\/v2\/users\/29"}],"replies":[{"embeddable":true,"href":"https:\/\/www.sagafurs.com\/fi\/wp-json\/wp\/v2\/comments?post=531"}],"version-history":[{"count":0,"href":"https:\/\/www.sagafurs.com\/fi\/wp-json\/wp\/v2\/pages\/531\/revisions"}],"up":[{"embeddable":true,"href":"https:\/\/www.sagafurs.com\/fi\/wp-json\/wp\/v2\/pages\/519"}],"wp:featuredmedia":[{"embeddable":true,"href":"https:\/\/www.sagafurs.com\/fi\/wp-json\/wp\/v2\/media\/4618"}],"wp:attachment":[{"href":"https:\/\/www.sagafurs.com\/fi\/wp-json\/wp\/v2\/media?parent=531"}],"curies":[{"name":"wp","href":"https:\/\/api.w.org\/{rel}","templated":true}]}}