{"id":538,"date":"2016-07-07T12:58:10","date_gmt":"2016-07-07T11:58:10","guid":{"rendered":"https:\/\/www.sagafurs.com\/fi\/?page_id=538"},"modified":"2025-09-10T11:34:44","modified_gmt":"2025-09-10T08:34:44","slug":"tyopaikat","status":"publish","type":"page","link":"https:\/\/www.sagafurs.com\/fi\/yritys\/tyopaikat\/","title":{"rendered":"Ty\u00f6paikat"},"content":{"rendered":"<p><strong>Mielenkiintoisia teht\u00e4vi\u00e4 dynaamisessa yrityksess\u00e4<\/strong><\/p>\n<p>Saga Furs etsii joukkoonsa kyvykk\u00e4it\u00e4 ihmisi\u00e4, jotka haluavat ty\u00f6skennell\u00e4 haastavassa kansainv\u00e4lisess\u00e4 ymp\u00e4rist\u00f6ss\u00e4.<\/p>\n<p><strong>Vakinaiset ty\u00f6paikat<\/strong><\/p>\n<p>Yhti\u00f6ss\u00e4mme on 140 kokoaikaista vakinaista ty\u00f6ntekij\u00e4\u00e4 Suomessa ja muualla maailmassa. Yli puolet heist\u00e4 ty\u00f6skentelee Vantaan Fur Centeriss\u00e4, loput taas t\u00e4rkeimmiss\u00e4 tarhaturkisten tuottajamaissa, ostajamaissa sek\u00e4 avainmarkkinoilla ja muodin p\u00e4\u00e4kaupungeissa eri puolilla maailmaa.<\/p>\n<p>Vantaan henkil\u00f6st\u00f6 toimii erilaisissa teht\u00e4viss\u00e4, mm. nahkojen lajittelussa, varastoinnissa, markkinoinnissa, myynniss\u00e4, viestinn\u00e4ss\u00e4, taloushallinnossa, rahoituksessa ja turvapalveluissa.<\/p>\n<p><strong>M\u00e4\u00e4r\u00e4aikaiset ty\u00f6paikat<\/strong><\/p>\n<p>Turkisnahkojen lajitteluaikana marraskuusta toukokuuhun ty\u00f6llist\u00e4mme noin 120 m\u00e4\u00e4r\u00e4aikaista ty\u00f6ntekij\u00e4\u00e4.<\/p>\n<p>Koulutamme kausity\u00f6ntekij\u00e4t lajittelun eri vaiheisiin, ja monet heist\u00e4 palaavat tuttuun tiimiin vuosi toisensa j\u00e4lkeen.<\/p>\n<p><strong>Huutokauppa-avustajat<\/strong><\/p>\n<p>Tarjoamme jokaisen turkishuutokaupan ajaksi ty\u00f6t\u00e4 huutokauppa-avustajille. He avustavat kansainv\u00e4lisi\u00e4 ostajia, kun n\u00e4m\u00e4 arvioivat myyt\u00e4vin\u00e4 olevia nahkoja ennen varsinaista huutokauppaa. Lis\u00e4ksi he voivat toimia muissa teht\u00e4viss\u00e4 itse huutokaupan aikana. Huutokauppa-avustajan ty\u00f6 kest\u00e4\u00e4 muutamasta p\u00e4iv\u00e4st\u00e4 viikkoon kussakin 3\u20134 vuotuisessa huutokaupassa.<\/p>\n<p><a href=\"https:\/\/www.sagafurs.com\/fi\/urasivut\/\">Lue lis\u00e4\u00e4 ty\u00f6skentelymahdollisuuksista<\/a><\/p>\n","protected":false},"excerpt":{"rendered":"<p>Mielenkiintoisia teht\u00e4vi\u00e4 dynaamisessa yrityksess\u00e4 Saga Furs etsii joukkoonsa kyvykk\u00e4it\u00e4 ihmisi\u00e4, jotka haluavat ty\u00f6skennell\u00e4 haastavassa kansainv\u00e4lisess\u00e4 ymp\u00e4rist\u00f6ss\u00e4. Vakinaiset ty\u00f6paikat Yhti\u00f6ss\u00e4mme on 140 kokoaikaista vakinaista ty\u00f6ntekij\u00e4\u00e4 Suomessa ja muualla maailmassa. Yli puolet heist\u00e4 ty\u00f6skentelee Vantaan Fur Centeriss\u00e4, loput taas t\u00e4rkeimmiss\u00e4 tarhaturkisten tuottajamaissa, ostajamaissa sek\u00e4 avainmarkkinoilla ja muodin p\u00e4\u00e4kaupungeissa eri puolilla maailmaa. Vantaan henkil\u00f6st\u00f6 toimii erilaisissa teht\u00e4viss\u00e4, mm.<a class=\"excerpt-read-more\" href=\"https:\/\/www.sagafurs.com\/fi\/yritys\/tyopaikat\/\" title=\"LueTy\u00f6paikat\">\u2026 Lue lis\u00e4\u00e4 &raquo;<\/a><\/p>\n","protected":false},"author":29,"featured_media":0,"parent":363,"menu_order":5,"comment_status":"closed","ping_status":"closed","template":"templates\/content-page-template.php","meta":{"_acf_changed":false,"footnotes":""},"class_list":["post-538","page","type-page","status-publish","hentry"],"acf":[],"yoast_head":"<!-- This site is optimized with the Yoast SEO plugin v27.3 - https:\/\/yoast.com\/product\/yoast-seo-wordpress\/ -->\n<title>Ty\u00f6paikat - Sagafurs<\/title>\n<meta name=\"robots\" content=\"index, follow, max-snippet:-1, max-image-preview:large, max-video-preview:-1\" \/>\n<link rel=\"canonical\" href=\"https:\/\/www.sagafurs.com\/fi\/yritys\/tyopaikat\/\" \/>\n<meta property=\"og:locale\" content=\"fi_FI\" \/>\n<meta property=\"og:type\" content=\"article\" \/>\n<meta property=\"og:title\" content=\"Ty\u00f6paikat - Sagafurs\" \/>\n<meta property=\"og:description\" content=\"Mielenkiintoisia teht\u00e4vi\u00e4 dynaamisessa yrityksess\u00e4 Saga Furs etsii joukkoonsa kyvykk\u00e4it\u00e4 ihmisi\u00e4, jotka haluavat ty\u00f6skennell\u00e4 haastavassa kansainv\u00e4lisess\u00e4 ymp\u00e4rist\u00f6ss\u00e4. Vakinaiset ty\u00f6paikat Yhti\u00f6ss\u00e4mme on 140 kokoaikaista vakinaista ty\u00f6ntekij\u00e4\u00e4 Suomessa ja muualla maailmassa. Yli puolet heist\u00e4 ty\u00f6skentelee Vantaan Fur Centeriss\u00e4, loput taas t\u00e4rkeimmiss\u00e4 tarhaturkisten tuottajamaissa, ostajamaissa sek\u00e4 avainmarkkinoilla ja muodin p\u00e4\u00e4kaupungeissa eri puolilla maailmaa. Vantaan henkil\u00f6st\u00f6 toimii erilaisissa teht\u00e4viss\u00e4, mm.\u2026 Lue lis\u00e4\u00e4 &raquo;\" \/>\n<meta property=\"og:url\" content=\"https:\/\/www.sagafurs.com\/fi\/yritys\/tyopaikat\/\" \/>\n<meta property=\"og:site_name\" content=\"Sagafurs\" \/>\n<meta property=\"article:modified_time\" content=\"2025-09-10T08:34:44+00:00\" \/>\n<meta name=\"twitter:card\" content=\"summary_large_image\" \/>\n<meta name=\"twitter:label1\" content=\"Est. reading time\" \/>\n\t<meta name=\"twitter:data1\" content=\"1 minute\" \/>\n<script type=\"application\/ld+json\" class=\"yoast-schema-graph\">{\"@context\":\"https:\\\/\\\/schema.org\",\"@graph\":[{\"@type\":\"WebPage\",\"@id\":\"https:\\\/\\\/www.sagafurs.com\\\/fi\\\/yritys\\\/tyopaikat\\\/\",\"url\":\"https:\\\/\\\/www.sagafurs.com\\\/fi\\\/yritys\\\/tyopaikat\\\/\",\"name\":\"Ty\u00f6paikat - Sagafurs\",\"isPartOf\":{\"@id\":\"https:\\\/\\\/www.sagafurs.com\\\/#website\"},\"datePublished\":\"2016-07-07T11:58:10+00:00\",\"dateModified\":\"2025-09-10T08:34:44+00:00\",\"breadcrumb\":{\"@id\":\"https:\\\/\\\/www.sagafurs.com\\\/fi\\\/yritys\\\/tyopaikat\\\/#breadcrumb\"},\"inLanguage\":\"fi-FI\",\"potentialAction\":[{\"@type\":\"ReadAction\",\"target\":[\"https:\\\/\\\/www.sagafurs.com\\\/fi\\\/yritys\\\/tyopaikat\\\/\"]}]},{\"@type\":\"BreadcrumbList\",\"@id\":\"https:\\\/\\\/www.sagafurs.com\\\/fi\\\/yritys\\\/tyopaikat\\\/#breadcrumb\",\"itemListElement\":[{\"@type\":\"ListItem\",\"position\":1,\"name\":\"Home\",\"item\":\"https:\\\/\\\/www.sagafurs.com\\\/fi\\\/\"},{\"@type\":\"ListItem\",\"position\":2,\"name\":\"Yritys\",\"item\":\"https:\\\/\\\/www.sagafurs.com\\\/fi\\\/yritys\\\/\"},{\"@type\":\"ListItem\",\"position\":3,\"name\":\"Ty\u00f6paikat\"}]},{\"@type\":\"WebSite\",\"@id\":\"https:\\\/\\\/www.sagafurs.com\\\/#website\",\"url\":\"https:\\\/\\\/www.sagafurs.com\\\/\",\"name\":\"Sagafurs\",\"description\":\"Sagafurs\",\"potentialAction\":[{\"@type\":\"SearchAction\",\"target\":{\"@type\":\"EntryPoint\",\"urlTemplate\":\"https:\\\/\\\/www.sagafurs.com\\\/?s={search_term_string}\"},\"query-input\":{\"@type\":\"PropertyValueSpecification\",\"valueRequired\":true,\"valueName\":\"search_term_string\"}}],\"inLanguage\":\"fi-FI\"}]}<\/script>\n<!-- \/ Yoast SEO plugin. -->","yoast_head_json":{"title":"Ty\u00f6paikat - Sagafurs","robots":{"index":"index","follow":"follow","max-snippet":"max-snippet:-1","max-image-preview":"max-image-preview:large","max-video-preview":"max-video-preview:-1"},"canonical":"https:\/\/www.sagafurs.com\/fi\/yritys\/tyopaikat\/","og_locale":"fi_FI","og_type":"article","og_title":"Ty\u00f6paikat - Sagafurs","og_description":"Mielenkiintoisia teht\u00e4vi\u00e4 dynaamisessa yrityksess\u00e4 Saga Furs etsii joukkoonsa kyvykk\u00e4it\u00e4 ihmisi\u00e4, jotka haluavat ty\u00f6skennell\u00e4 haastavassa kansainv\u00e4lisess\u00e4 ymp\u00e4rist\u00f6ss\u00e4. Vakinaiset ty\u00f6paikat Yhti\u00f6ss\u00e4mme on 140 kokoaikaista vakinaista ty\u00f6ntekij\u00e4\u00e4 Suomessa ja muualla maailmassa. Yli puolet heist\u00e4 ty\u00f6skentelee Vantaan Fur Centeriss\u00e4, loput taas t\u00e4rkeimmiss\u00e4 tarhaturkisten tuottajamaissa, ostajamaissa sek\u00e4 avainmarkkinoilla ja muodin p\u00e4\u00e4kaupungeissa eri puolilla maailmaa. Vantaan henkil\u00f6st\u00f6 toimii erilaisissa teht\u00e4viss\u00e4, mm.\u2026 Lue lis\u00e4\u00e4 &raquo;","og_url":"https:\/\/www.sagafurs.com\/fi\/yritys\/tyopaikat\/","og_site_name":"Sagafurs","article_modified_time":"2025-09-10T08:34:44+00:00","twitter_card":"summary_large_image","twitter_misc":{"Est. reading time":"1 minute"},"schema":{"@context":"https:\/\/schema.org","@graph":[{"@type":"WebPage","@id":"https:\/\/www.sagafurs.com\/fi\/yritys\/tyopaikat\/","url":"https:\/\/www.sagafurs.com\/fi\/yritys\/tyopaikat\/","name":"Ty\u00f6paikat - Sagafurs","isPartOf":{"@id":"https:\/\/www.sagafurs.com\/#website"},"datePublished":"2016-07-07T11:58:10+00:00","dateModified":"2025-09-10T08:34:44+00:00","breadcrumb":{"@id":"https:\/\/www.sagafurs.com\/fi\/yritys\/tyopaikat\/#breadcrumb"},"inLanguage":"fi-FI","potentialAction":[{"@type":"ReadAction","target":["https:\/\/www.sagafurs.com\/fi\/yritys\/tyopaikat\/"]}]},{"@type":"BreadcrumbList","@id":"https:\/\/www.sagafurs.com\/fi\/yritys\/tyopaikat\/#breadcrumb","itemListElement":[{"@type":"ListItem","position":1,"name":"Home","item":"https:\/\/www.sagafurs.com\/fi\/"},{"@type":"ListItem","position":2,"name":"Yritys","item":"https:\/\/www.sagafurs.com\/fi\/yritys\/"},{"@type":"ListItem","position":3,"name":"Ty\u00f6paikat"}]},{"@type":"WebSite","@id":"https:\/\/www.sagafurs.com\/#website","url":"https:\/\/www.sagafurs.com\/","name":"Sagafurs","description":"Sagafurs","potentialAction":[{"@type":"SearchAction","target":{"@type":"EntryPoint","urlTemplate":"https:\/\/www.sagafurs.com\/?s={search_term_string}"},"query-input":{"@type":"PropertyValueSpecification","valueRequired":true,"valueName":"search_term_string"}}],"inLanguage":"fi-FI"}]}},"_links":{"self":[{"href":"https:\/\/www.sagafurs.com\/fi\/wp-json\/wp\/v2\/pages\/538","targetHints":{"allow":["GET"]}}],"collection":[{"href":"https:\/\/www.sagafurs.com\/fi\/wp-json\/wp\/v2\/pages"}],"about":[{"href":"https:\/\/www.sagafurs.com\/fi\/wp-json\/wp\/v2\/types\/page"}],"author":[{"embeddable":true,"href":"https:\/\/www.sagafurs.com\/fi\/wp-json\/wp\/v2\/users\/29"}],"replies":[{"embeddable":true,"href":"https:\/\/www.sagafurs.com\/fi\/wp-json\/wp\/v2\/comments?post=538"}],"version-history":[{"count":0,"href":"https:\/\/www.sagafurs.com\/fi\/wp-json\/wp\/v2\/pages\/538\/revisions"}],"up":[{"embeddable":true,"href":"https:\/\/www.sagafurs.com\/fi\/wp-json\/wp\/v2\/pages\/363"}],"wp:attachment":[{"href":"https:\/\/www.sagafurs.com\/fi\/wp-json\/wp\/v2\/media?parent=538"}],"curies":[{"name":"wp","href":"https:\/\/api.w.org\/{rel}","templated":true}]}}