{"id":545,"date":"2016-07-07T13:01:56","date_gmt":"2016-07-07T12:01:56","guid":{"rendered":"https:\/\/www.sagafurs.com\/fi\/?page_id=545"},"modified":"2019-12-09T15:14:10","modified_gmt":"2019-12-09T13:14:10","slug":"uramahdollisuudet","status":"publish","type":"page","link":"https:\/\/www.sagafurs.com\/fi\/yritys\/tyopaikat\/uramahdollisuudet\/","title":{"rendered":"Uramahdollisuudet"},"content":{"rendered":"<h3>Lajittelija \u2013 laadun ammattilainen<\/h3>\n<p>Lajittelija vastaa siit\u00e4, ett\u00e4 jokainen Saga Fursin huutokaupassa myyt\u00e4v\u00e4 nahka vastaa br\u00e4ndimme laatuvaatimuksia. Ty\u00f6t\u00e4 riitt\u00e4\u00e4, ja siksi lajittelussa ty\u00f6skenteleekin suurin osa yhti\u00f6mme henkil\u00f6kunnasta. Lajittelu koostuu erilaisista vaiheista, joista useat edellytt\u00e4v\u00e4t tekij\u00e4lt\u00e4\u00e4n pitk\u00e4\u00e4 kokemusta ja erikoisosaamista.<\/p>\n<p>S\u00e4ilytt\u00e4\u00e4ksemme asemamme osaamisen huipulla tarjoamme teht\u00e4viin t\u00e4ydellisen ja jatkuvan koulutuksen. Se antaa v\u00e4lineet ammattitaitoon, jonka ansiosta lajittelijoidemme ty\u00f6nj\u00e4lki on t\u00e4n\u00e4\u00e4n alan virheett\u00f6min ja tasalaatuisin.<\/p>\n<p>Nahkalajittelijan ura alkaa tuotannon varastoty\u00f6ntekij\u00e4n teht\u00e4vist\u00e4. Taitojen karttuessa tuleva lajittelija perehtyy lajitteluj\u00e4rjestelm\u00e4\u00e4n. H\u00e4n p\u00e4\u00e4see avustajaksi kokeneempien lajittelijoiden tiimiin tai ty\u00f6skentelee nahkojen vastaanotossa, mittauksessa tai niputuksessa. Sen j\u00e4lkeen h\u00e4nell\u00e4 on mahdollisuus syvent\u00e4v\u00e4\u00e4n koulutukseen ja tulla varsinaiseksi lajittelijaksi.<\/p>\n<p>Kun kokemus karttuu ja lajittelija tuntee vaativimmat ja vaikeimmatkin prosessin vaiheet, h\u00e4nell\u00e4 on mahdollisuus edet\u00e4 tiimin vet\u00e4j\u00e4ksi.<\/p>\n<p>Lajittelijat auttavat my\u00f6s tarhaajia korkeamman laadun saavuttamisessa.<\/p>\n<p>Harjaantuneet lajittelijat kouluttavat suomalaisia, pohjoismaalaisia ja keskieurooppalaisia tarhaajia. Tarhaajat oppivat, miten lajitteluprosessissa huomioitavat eri ominaisuudet vaikuttavat turkisnahan hintaan. T\u00e4m\u00e4 koulutus auttaa tarhaajia valitsemaan tuotantonsa perustaksi parhaan mahdollisen el\u00e4inkannan ja edist\u00e4\u00e4 heid\u00e4n liiketoimintansa tuottavuutta.<\/p>\n<p>Lajittelukausi alkaa marraskuussa ja p\u00e4\u00e4ttyy touko- tai kes\u00e4kuussa.<\/p>\n<p>Monet lajittelijoistamme ty\u00f6skentelev\u00e4t vuosittain noin kuusi kuukautta kerrallaan, kun taas osa on vakituisessa ty\u00f6suhteessa ja hoitaa muita teht\u00e4vi\u00e4 lajittelukausien v\u00e4liss\u00e4. Uusien kausity\u00f6ntekij\u00e4t haku k\u00e4ynnistyy vuosittain syys-lokakuun aikana. Lis\u00e4tietoja kausity\u00f6suhteista antaa tuotantop\u00e4\u00e4llikk\u00f6 Jari Heinonen, p. 09-8498 5262. Voit my\u00f6s l\u00e4hett\u00e4\u00e4 avoimen hakemuksen osoitteeseen <a href=\"mailto:rekry@sagafurs.com\">rekry@sagafurs.com<\/a>.<\/p>\n<p>&nbsp;<\/p>\n<h3><strong>Huutokauppa-avustaja \u2013 ostajan oikea k\u00e4si<\/strong><\/h3>\n<p>Turkishuutokauppa poikkeaa monista muista huutokaupoista siin\u00e4, ett\u00e4 myyt\u00e4v\u00e4t tuotteet eiv\u00e4t ole esill\u00e4 huutokaupassa. Ostajat voivat tutustua n\u00e4yte-eriin muutamia p\u00e4ivi\u00e4 ennen huutokauppaa niille varatuissa tiloissa.\u00a0Ostajien apuna on myyntiluettelo, johon n\u00e4m\u00e4 tekev\u00e4t merkint\u00f6j\u00e4 kiinnostuksensa kohteena olevista nahkaerist\u00e4. Suurissa huutokaupoissa on jopa 5000 n\u00e4ytenippua.<\/p>\n<p>Huutokauppa-avustaja etsii nahkanippujen joukosta ostajan toivoman nipun ja nostaa sen asiakkaan n\u00e4ht\u00e4ville. Tehokas avustaja s\u00e4\u00e4st\u00e4\u00e4 ostajan aikaa ja vaivaa, ja t\u00e4m\u00e4 voi keskeytyksett\u00e4 tutkia nahkoja ja tehd\u00e4 niist\u00e4 merkint\u00f6j\u00e4\u00e4n myyntiluetteloon. Ostaja voi antaa my\u00f6s merkint\u00f6jen kirjoittamisen avustajan teht\u00e4v\u00e4ksi ja paneutua pelk\u00e4st\u00e4\u00e4n nahkojen tutkimiseen.<\/p>\n<p><strong>Huutokauppa-avustajan ty\u00f6 kest\u00e4\u00e4 kerrallaan noin viikon, mutta toistuu vuoden aikana j\u00e4rjestett\u00e4viss\u00e4 4 huutokaupassa.<\/strong><\/p>\n<p><strong><br \/>\n<\/strong>Ty\u00f6 on ihanteellinen esimerkiksi opiskelijalle, joka tahtoo rahoittaa opintojansa lyhyit\u00e4 jaksoja ty\u00f6skennellen.<\/p>\n<p>J\u00e4rjest\u00e4mme myyntikaudella 2019-2020 nelj\u00e4 huutokauppaa: joulukuussa, maaliskuussa, kes\u00e4kuussa ja syyskuussa.<\/p>\n<p>Kun olet kiinnostunut huutokauppa-avustajan ty\u00f6st\u00e4, t\u00e4yt\u00e4 <a href=\"https:\/\/www.sagafurs.com\/corporate\/jobs-careers\/application-form\/\" target=\"_self\" rel=\"noopener noreferrer\">s\u00e4hk\u00f6inen ty\u00f6hakemuslomake<\/a> tai ota yhteytt\u00e4: <a title=\"\" href=\"mailto:auctionassistant@sagafurs.com\" target=\"\" rel=\"noopener noreferrer\">auctionassistant@sagafurs.com<\/a><\/p>\n<table class=\"data\" border=\"0\" width=\"100%\" cellspacing=\"0\" cellpadding=\"0\">\n<tbody>\n<tr style=\"height: 38.7812px;\">\n<th style=\"text-align: left; height: 38.7812px; width: 25.0181%;\">Huutokauppa<\/th>\n<th style=\"text-align: left; height: 38.7812px; width: 24.9819%;\">Hakuaika<\/th>\n<th style=\"text-align: left; height: 38.7812px; width: 25%;\">Esittely<\/th>\n<th style=\"text-align: left; height: 38.7812px; width: 25%;\">Myynti<\/th>\n<\/tr>\n<tr style=\"height: 24px;\">\n<td style=\"text-align: left; height: 24px; width: 25.0181%;\">Joulukuu 2019<\/td>\n<td style=\"text-align: left; height: 24px; width: 24.9819%;\">9.-10.12.2019<\/td>\n<td style=\"text-align: left; height: 24px; width: 25%;\">17.-18.12.2019<\/td>\n<td style=\"text-align: left; height: 24px; width: 25%;\">19.-20.12.2019<\/td>\n<\/tr>\n<tr style=\"height: 24px;\">\n<td style=\"text-align: left; height: 24px; width: 25.0181%;\">Maaliskuu 2020<\/td>\n<td style=\"text-align: left; height: 24px; width: 24.9819%;\">12.-14.2.2020<\/td>\n<td style=\"text-align: left; height: 24px; width: 25%;\">27.2.-3.3.2020<\/td>\n<td style=\"text-align: left; height: 24px; width: 25%;\">4.-13.3.2020<\/td>\n<\/tr>\n<tr style=\"height: 24px;\">\n<td style=\"text-align: left; height: 24px; width: 25.0181%;\">Kes\u00e4kuu 2020<\/td>\n<td style=\"text-align: left; height: 24px; width: 24.9819%;\">18.-20.5.2020<\/td>\n<td style=\"text-align: left; height: 24px; width: 25%;\">1.-7.6.2020<\/td>\n<td style=\"text-align: left; height: 24px; width: 25%;\">8.-16.6.2020<\/td>\n<\/tr>\n<tr style=\"height: 24px;\">\n<td style=\"text-align: left; height: 24px; width: 25.0181%;\">Syyskuu 2020<\/td>\n<td style=\"text-align: left; height: 24px; width: 24.9819%;\">31.8.-1.9.2020<\/td>\n<td style=\"text-align: left; height: 24px; width: 25%;\">9.-13.9.2020<\/td>\n<td style=\"text-align: left; height: 24px; width: 25%;\">14.-21.9.2020<\/td>\n<\/tr>\n<\/tbody>\n<\/table>\n<p>&nbsp;<\/p>\n","protected":false},"excerpt":{"rendered":"<p>Lajittelija \u2013 laadun ammattilainen Lajittelija vastaa siit\u00e4, ett\u00e4 jokainen Saga Fursin huutokaupassa myyt\u00e4v\u00e4 nahka vastaa br\u00e4ndimme laatuvaatimuksia. Ty\u00f6t\u00e4 riitt\u00e4\u00e4, ja siksi lajittelussa ty\u00f6skenteleekin suurin osa yhti\u00f6mme henkil\u00f6kunnasta. Lajittelu koostuu erilaisista vaiheista, joista useat edellytt\u00e4v\u00e4t tekij\u00e4lt\u00e4\u00e4n pitk\u00e4\u00e4 kokemusta ja erikoisosaamista. S\u00e4ilytt\u00e4\u00e4ksemme asemamme osaamisen huipulla tarjoamme teht\u00e4viin t\u00e4ydellisen ja jatkuvan koulutuksen. Se antaa v\u00e4lineet ammattitaitoon, jonka ansiosta<a class=\"excerpt-read-more\" href=\"https:\/\/www.sagafurs.com\/fi\/yritys\/tyopaikat\/uramahdollisuudet\/\" title=\"LueUramahdollisuudet\">\u2026 Lue lis\u00e4\u00e4 &raquo;<\/a><\/p>\n","protected":false},"author":29,"featured_media":0,"parent":538,"menu_order":0,"comment_status":"closed","ping_status":"closed","template":"templates\/content-page-template.php","meta":{"_acf_changed":false,"footnotes":""},"class_list":["post-545","page","type-page","status-publish","hentry"],"acf":[],"yoast_head":"<!-- This site is optimized with the Yoast SEO plugin v27.4 - https:\/\/yoast.com\/product\/yoast-seo-wordpress\/ -->\n<title>Uramahdollisuudet - Sagafurs<\/title>\n<meta name=\"robots\" content=\"index, follow, max-snippet:-1, max-image-preview:large, max-video-preview:-1\" \/>\n<link rel=\"canonical\" href=\"https:\/\/www.sagafurs.com\/fi\/yritys\/tyopaikat\/uramahdollisuudet\/\" \/>\n<meta property=\"og:locale\" content=\"fi_FI\" \/>\n<meta property=\"og:type\" content=\"article\" \/>\n<meta property=\"og:title\" content=\"Uramahdollisuudet - Sagafurs\" \/>\n<meta property=\"og:description\" content=\"Lajittelija \u2013 laadun ammattilainen Lajittelija vastaa siit\u00e4, ett\u00e4 jokainen Saga Fursin huutokaupassa myyt\u00e4v\u00e4 nahka vastaa br\u00e4ndimme laatuvaatimuksia. Ty\u00f6t\u00e4 riitt\u00e4\u00e4, ja siksi lajittelussa ty\u00f6skenteleekin suurin osa yhti\u00f6mme henkil\u00f6kunnasta. Lajittelu koostuu erilaisista vaiheista, joista useat edellytt\u00e4v\u00e4t tekij\u00e4lt\u00e4\u00e4n pitk\u00e4\u00e4 kokemusta ja erikoisosaamista. S\u00e4ilytt\u00e4\u00e4ksemme asemamme osaamisen huipulla tarjoamme teht\u00e4viin t\u00e4ydellisen ja jatkuvan koulutuksen. Se antaa v\u00e4lineet ammattitaitoon, jonka ansiosta\u2026 Lue lis\u00e4\u00e4 &raquo;\" \/>\n<meta property=\"og:url\" content=\"https:\/\/www.sagafurs.com\/fi\/yritys\/tyopaikat\/uramahdollisuudet\/\" \/>\n<meta property=\"og:site_name\" content=\"Sagafurs\" \/>\n<meta property=\"article:modified_time\" content=\"2019-12-09T13:14:10+00:00\" \/>\n<meta property=\"og:image\" content=\"http:\/\/www.sagafurs.com\/wp-content\/uploads\/2016\/05\/DSC4839_H-678x450.jpg\" \/>\n\t<meta property=\"og:image:width\" content=\"678\" \/>\n\t<meta property=\"og:image:height\" content=\"450\" \/>\n\t<meta property=\"og:image:type\" content=\"image\/jpeg\" \/>\n<meta name=\"twitter:card\" content=\"summary_large_image\" \/>\n<meta name=\"twitter:label1\" content=\"Est. reading time\" \/>\n\t<meta name=\"twitter:data1\" content=\"2 minutes\" \/>\n<script type=\"application\/ld+json\" class=\"yoast-schema-graph\">{\"@context\":\"https:\\\/\\\/schema.org\",\"@graph\":[{\"@type\":\"WebPage\",\"@id\":\"https:\\\/\\\/www.sagafurs.com\\\/fi\\\/yritys\\\/tyopaikat\\\/uramahdollisuudet\\\/\",\"url\":\"https:\\\/\\\/www.sagafurs.com\\\/fi\\\/yritys\\\/tyopaikat\\\/uramahdollisuudet\\\/\",\"name\":\"Uramahdollisuudet - Sagafurs\",\"isPartOf\":{\"@id\":\"https:\\\/\\\/www.sagafurs.com\\\/#website\"},\"datePublished\":\"2016-07-07T12:01:56+00:00\",\"dateModified\":\"2019-12-09T13:14:10+00:00\",\"breadcrumb\":{\"@id\":\"https:\\\/\\\/www.sagafurs.com\\\/fi\\\/yritys\\\/tyopaikat\\\/uramahdollisuudet\\\/#breadcrumb\"},\"inLanguage\":\"fi-FI\",\"potentialAction\":[{\"@type\":\"ReadAction\",\"target\":[\"https:\\\/\\\/www.sagafurs.com\\\/fi\\\/yritys\\\/tyopaikat\\\/uramahdollisuudet\\\/\"]}]},{\"@type\":\"BreadcrumbList\",\"@id\":\"https:\\\/\\\/www.sagafurs.com\\\/fi\\\/yritys\\\/tyopaikat\\\/uramahdollisuudet\\\/#breadcrumb\",\"itemListElement\":[{\"@type\":\"ListItem\",\"position\":1,\"name\":\"Home\",\"item\":\"https:\\\/\\\/www.sagafurs.com\\\/fi\\\/\"},{\"@type\":\"ListItem\",\"position\":2,\"name\":\"Yritys\",\"item\":\"https:\\\/\\\/www.sagafurs.com\\\/fi\\\/yritys\\\/\"},{\"@type\":\"ListItem\",\"position\":3,\"name\":\"Ty\u00f6paikat\",\"item\":\"https:\\\/\\\/www.sagafurs.com\\\/fi\\\/yritys\\\/tyopaikat\\\/\"},{\"@type\":\"ListItem\",\"position\":4,\"name\":\"Uramahdollisuudet\"}]},{\"@type\":\"WebSite\",\"@id\":\"https:\\\/\\\/www.sagafurs.com\\\/#website\",\"url\":\"https:\\\/\\\/www.sagafurs.com\\\/\",\"name\":\"Sagafurs\",\"description\":\"Sagafurs\",\"potentialAction\":[{\"@type\":\"SearchAction\",\"target\":{\"@type\":\"EntryPoint\",\"urlTemplate\":\"https:\\\/\\\/www.sagafurs.com\\\/?s={search_term_string}\"},\"query-input\":{\"@type\":\"PropertyValueSpecification\",\"valueRequired\":true,\"valueName\":\"search_term_string\"}}],\"inLanguage\":\"fi-FI\"}]}<\/script>\n<!-- \/ Yoast SEO plugin. -->","yoast_head_json":{"title":"Uramahdollisuudet - Sagafurs","robots":{"index":"index","follow":"follow","max-snippet":"max-snippet:-1","max-image-preview":"max-image-preview:large","max-video-preview":"max-video-preview:-1"},"canonical":"https:\/\/www.sagafurs.com\/fi\/yritys\/tyopaikat\/uramahdollisuudet\/","og_locale":"fi_FI","og_type":"article","og_title":"Uramahdollisuudet - Sagafurs","og_description":"Lajittelija \u2013 laadun ammattilainen Lajittelija vastaa siit\u00e4, ett\u00e4 jokainen Saga Fursin huutokaupassa myyt\u00e4v\u00e4 nahka vastaa br\u00e4ndimme laatuvaatimuksia. Ty\u00f6t\u00e4 riitt\u00e4\u00e4, ja siksi lajittelussa ty\u00f6skenteleekin suurin osa yhti\u00f6mme henkil\u00f6kunnasta. Lajittelu koostuu erilaisista vaiheista, joista useat edellytt\u00e4v\u00e4t tekij\u00e4lt\u00e4\u00e4n pitk\u00e4\u00e4 kokemusta ja erikoisosaamista. S\u00e4ilytt\u00e4\u00e4ksemme asemamme osaamisen huipulla tarjoamme teht\u00e4viin t\u00e4ydellisen ja jatkuvan koulutuksen. Se antaa v\u00e4lineet ammattitaitoon, jonka ansiosta\u2026 Lue lis\u00e4\u00e4 &raquo;","og_url":"https:\/\/www.sagafurs.com\/fi\/yritys\/tyopaikat\/uramahdollisuudet\/","og_site_name":"Sagafurs","article_modified_time":"2019-12-09T13:14:10+00:00","og_image":[{"width":678,"height":450,"url":"http:\/\/www.sagafurs.com\/wp-content\/uploads\/2016\/05\/DSC4839_H-678x450.jpg","type":"image\/jpeg"}],"twitter_card":"summary_large_image","twitter_misc":{"Est. reading time":"2 minutes"},"schema":{"@context":"https:\/\/schema.org","@graph":[{"@type":"WebPage","@id":"https:\/\/www.sagafurs.com\/fi\/yritys\/tyopaikat\/uramahdollisuudet\/","url":"https:\/\/www.sagafurs.com\/fi\/yritys\/tyopaikat\/uramahdollisuudet\/","name":"Uramahdollisuudet - Sagafurs","isPartOf":{"@id":"https:\/\/www.sagafurs.com\/#website"},"datePublished":"2016-07-07T12:01:56+00:00","dateModified":"2019-12-09T13:14:10+00:00","breadcrumb":{"@id":"https:\/\/www.sagafurs.com\/fi\/yritys\/tyopaikat\/uramahdollisuudet\/#breadcrumb"},"inLanguage":"fi-FI","potentialAction":[{"@type":"ReadAction","target":["https:\/\/www.sagafurs.com\/fi\/yritys\/tyopaikat\/uramahdollisuudet\/"]}]},{"@type":"BreadcrumbList","@id":"https:\/\/www.sagafurs.com\/fi\/yritys\/tyopaikat\/uramahdollisuudet\/#breadcrumb","itemListElement":[{"@type":"ListItem","position":1,"name":"Home","item":"https:\/\/www.sagafurs.com\/fi\/"},{"@type":"ListItem","position":2,"name":"Yritys","item":"https:\/\/www.sagafurs.com\/fi\/yritys\/"},{"@type":"ListItem","position":3,"name":"Ty\u00f6paikat","item":"https:\/\/www.sagafurs.com\/fi\/yritys\/tyopaikat\/"},{"@type":"ListItem","position":4,"name":"Uramahdollisuudet"}]},{"@type":"WebSite","@id":"https:\/\/www.sagafurs.com\/#website","url":"https:\/\/www.sagafurs.com\/","name":"Sagafurs","description":"Sagafurs","potentialAction":[{"@type":"SearchAction","target":{"@type":"EntryPoint","urlTemplate":"https:\/\/www.sagafurs.com\/?s={search_term_string}"},"query-input":{"@type":"PropertyValueSpecification","valueRequired":true,"valueName":"search_term_string"}}],"inLanguage":"fi-FI"}]}},"_links":{"self":[{"href":"https:\/\/www.sagafurs.com\/fi\/wp-json\/wp\/v2\/pages\/545","targetHints":{"allow":["GET"]}}],"collection":[{"href":"https:\/\/www.sagafurs.com\/fi\/wp-json\/wp\/v2\/pages"}],"about":[{"href":"https:\/\/www.sagafurs.com\/fi\/wp-json\/wp\/v2\/types\/page"}],"author":[{"embeddable":true,"href":"https:\/\/www.sagafurs.com\/fi\/wp-json\/wp\/v2\/users\/29"}],"replies":[{"embeddable":true,"href":"https:\/\/www.sagafurs.com\/fi\/wp-json\/wp\/v2\/comments?post=545"}],"version-history":[{"count":0,"href":"https:\/\/www.sagafurs.com\/fi\/wp-json\/wp\/v2\/pages\/545\/revisions"}],"up":[{"embeddable":true,"href":"https:\/\/www.sagafurs.com\/fi\/wp-json\/wp\/v2\/pages\/538"}],"wp:attachment":[{"href":"https:\/\/www.sagafurs.com\/fi\/wp-json\/wp\/v2\/media?parent=545"}],"curies":[{"name":"wp","href":"https:\/\/api.w.org\/{rel}","templated":true}]}}