{"id":551,"date":"2016-07-07T13:04:13","date_gmt":"2016-07-07T12:04:13","guid":{"rendered":"https:\/\/www.sagafurs.com\/fi\/?page_id=551"},"modified":"2024-03-12T09:52:24","modified_gmt":"2024-03-12T07:52:24","slug":"lehdistomedia","status":"publish","type":"page","link":"https:\/\/www.sagafurs.com\/fi\/yritys\/lehdistomedia\/","title":{"rendered":"Lehdist\u00f6\/Media"},"content":{"rendered":"<h2>Mediayhteydet<\/h2>\n<p>Saga Furs Oyj<br \/>\nViestint\u00e4<br \/>\nMartinkyl\u00e4ntie 48,\u00a0PL 4<br \/>\n01601\u00a0Vantaa<\/p>\n<p>s\u00e4hk\u00f6posti: communications@sagafurs.com<\/p>\n<p>&nbsp;<\/p>\n<h2>Lis\u00e4- tai taustatietoja antavat<\/h2>\n<p>Katja Wallenlind<br \/>\nHead of Communications<br \/>\nPuh. +358 40 922 4709<br \/>\nkatja.wallenlind@sagafurs.com<\/p>\n<p>&nbsp;<\/p>\n<p>&nbsp;<\/p>\n","protected":false},"excerpt":{"rendered":"<p>Mediayhteydet Saga Furs Oyj Viestint\u00e4 Martinkyl\u00e4ntie 48,\u00a0PL 4 01601\u00a0Vantaa s\u00e4hk\u00f6posti: communications@sagafurs.com &nbsp; Lis\u00e4- tai taustatietoja antavat Katja Wallenlind Head of Communications Puh. +358 40 922 4709 katja.wallenlind@sagafurs.com &nbsp; &nbsp;<\/p>\n","protected":false},"author":29,"featured_media":0,"parent":363,"menu_order":6,"comment_status":"closed","ping_status":"closed","template":"templates\/content-page-template.php","meta":{"_acf_changed":false,"footnotes":""},"class_list":["post-551","page","type-page","status-publish","hentry"],"acf":[],"yoast_head":"<!-- This site is optimized with the Yoast SEO plugin v27.3 - https:\/\/yoast.com\/product\/yoast-seo-wordpress\/ -->\n<title>Lehdist\u00f6\/Media - Sagafurs<\/title>\n<meta name=\"robots\" content=\"index, follow, max-snippet:-1, max-image-preview:large, max-video-preview:-1\" \/>\n<link rel=\"canonical\" href=\"https:\/\/www.sagafurs.com\/fi\/yritys\/lehdistomedia\/\" \/>\n<meta property=\"og:locale\" content=\"fi_FI\" \/>\n<meta property=\"og:type\" content=\"article\" \/>\n<meta property=\"og:title\" content=\"Lehdist\u00f6\/Media - Sagafurs\" \/>\n<meta property=\"og:description\" content=\"Mediayhteydet Saga Furs Oyj Viestint\u00e4 Martinkyl\u00e4ntie 48,\u00a0PL 4 01601\u00a0Vantaa s\u00e4hk\u00f6posti: communications@sagafurs.com &nbsp; Lis\u00e4- tai taustatietoja antavat Katja Wallenlind Head of Communications Puh. +358 40 922 4709 katja.wallenlind@sagafurs.com &nbsp; &nbsp;\" \/>\n<meta property=\"og:url\" content=\"https:\/\/www.sagafurs.com\/fi\/yritys\/lehdistomedia\/\" \/>\n<meta property=\"og:site_name\" content=\"Sagafurs\" \/>\n<meta property=\"article:modified_time\" content=\"2024-03-12T07:52:24+00:00\" \/>\n<meta name=\"twitter:card\" content=\"summary_large_image\" \/>\n<meta name=\"twitter:label1\" content=\"Est. reading time\" \/>\n\t<meta name=\"twitter:data1\" content=\"1 minute\" \/>\n<script type=\"application\/ld+json\" class=\"yoast-schema-graph\">{\"@context\":\"https:\\\/\\\/schema.org\",\"@graph\":[{\"@type\":\"WebPage\",\"@id\":\"https:\\\/\\\/www.sagafurs.com\\\/fi\\\/yritys\\\/lehdistomedia\\\/\",\"url\":\"https:\\\/\\\/www.sagafurs.com\\\/fi\\\/yritys\\\/lehdistomedia\\\/\",\"name\":\"Lehdist\u00f6\\\/Media - Sagafurs\",\"isPartOf\":{\"@id\":\"https:\\\/\\\/www.sagafurs.com\\\/#website\"},\"datePublished\":\"2016-07-07T12:04:13+00:00\",\"dateModified\":\"2024-03-12T07:52:24+00:00\",\"breadcrumb\":{\"@id\":\"https:\\\/\\\/www.sagafurs.com\\\/fi\\\/yritys\\\/lehdistomedia\\\/#breadcrumb\"},\"inLanguage\":\"fi-FI\",\"potentialAction\":[{\"@type\":\"ReadAction\",\"target\":[\"https:\\\/\\\/www.sagafurs.com\\\/fi\\\/yritys\\\/lehdistomedia\\\/\"]}]},{\"@type\":\"BreadcrumbList\",\"@id\":\"https:\\\/\\\/www.sagafurs.com\\\/fi\\\/yritys\\\/lehdistomedia\\\/#breadcrumb\",\"itemListElement\":[{\"@type\":\"ListItem\",\"position\":1,\"name\":\"Home\",\"item\":\"https:\\\/\\\/www.sagafurs.com\\\/fi\\\/\"},{\"@type\":\"ListItem\",\"position\":2,\"name\":\"Yritys\",\"item\":\"https:\\\/\\\/www.sagafurs.com\\\/fi\\\/yritys\\\/\"},{\"@type\":\"ListItem\",\"position\":3,\"name\":\"Lehdist\u00f6\\\/Media\"}]},{\"@type\":\"WebSite\",\"@id\":\"https:\\\/\\\/www.sagafurs.com\\\/#website\",\"url\":\"https:\\\/\\\/www.sagafurs.com\\\/\",\"name\":\"Sagafurs\",\"description\":\"Sagafurs\",\"potentialAction\":[{\"@type\":\"SearchAction\",\"target\":{\"@type\":\"EntryPoint\",\"urlTemplate\":\"https:\\\/\\\/www.sagafurs.com\\\/?s={search_term_string}\"},\"query-input\":{\"@type\":\"PropertyValueSpecification\",\"valueRequired\":true,\"valueName\":\"search_term_string\"}}],\"inLanguage\":\"fi-FI\"}]}<\/script>\n<!-- \/ Yoast SEO plugin. -->","yoast_head_json":{"title":"Lehdist\u00f6\/Media - Sagafurs","robots":{"index":"index","follow":"follow","max-snippet":"max-snippet:-1","max-image-preview":"max-image-preview:large","max-video-preview":"max-video-preview:-1"},"canonical":"https:\/\/www.sagafurs.com\/fi\/yritys\/lehdistomedia\/","og_locale":"fi_FI","og_type":"article","og_title":"Lehdist\u00f6\/Media - Sagafurs","og_description":"Mediayhteydet Saga Furs Oyj Viestint\u00e4 Martinkyl\u00e4ntie 48,\u00a0PL 4 01601\u00a0Vantaa s\u00e4hk\u00f6posti: communications@sagafurs.com &nbsp; Lis\u00e4- tai taustatietoja antavat Katja Wallenlind Head of Communications Puh. +358 40 922 4709 katja.wallenlind@sagafurs.com &nbsp; &nbsp;","og_url":"https:\/\/www.sagafurs.com\/fi\/yritys\/lehdistomedia\/","og_site_name":"Sagafurs","article_modified_time":"2024-03-12T07:52:24+00:00","twitter_card":"summary_large_image","twitter_misc":{"Est. reading time":"1 minute"},"schema":{"@context":"https:\/\/schema.org","@graph":[{"@type":"WebPage","@id":"https:\/\/www.sagafurs.com\/fi\/yritys\/lehdistomedia\/","url":"https:\/\/www.sagafurs.com\/fi\/yritys\/lehdistomedia\/","name":"Lehdist\u00f6\/Media - Sagafurs","isPartOf":{"@id":"https:\/\/www.sagafurs.com\/#website"},"datePublished":"2016-07-07T12:04:13+00:00","dateModified":"2024-03-12T07:52:24+00:00","breadcrumb":{"@id":"https:\/\/www.sagafurs.com\/fi\/yritys\/lehdistomedia\/#breadcrumb"},"inLanguage":"fi-FI","potentialAction":[{"@type":"ReadAction","target":["https:\/\/www.sagafurs.com\/fi\/yritys\/lehdistomedia\/"]}]},{"@type":"BreadcrumbList","@id":"https:\/\/www.sagafurs.com\/fi\/yritys\/lehdistomedia\/#breadcrumb","itemListElement":[{"@type":"ListItem","position":1,"name":"Home","item":"https:\/\/www.sagafurs.com\/fi\/"},{"@type":"ListItem","position":2,"name":"Yritys","item":"https:\/\/www.sagafurs.com\/fi\/yritys\/"},{"@type":"ListItem","position":3,"name":"Lehdist\u00f6\/Media"}]},{"@type":"WebSite","@id":"https:\/\/www.sagafurs.com\/#website","url":"https:\/\/www.sagafurs.com\/","name":"Sagafurs","description":"Sagafurs","potentialAction":[{"@type":"SearchAction","target":{"@type":"EntryPoint","urlTemplate":"https:\/\/www.sagafurs.com\/?s={search_term_string}"},"query-input":{"@type":"PropertyValueSpecification","valueRequired":true,"valueName":"search_term_string"}}],"inLanguage":"fi-FI"}]}},"_links":{"self":[{"href":"https:\/\/www.sagafurs.com\/fi\/wp-json\/wp\/v2\/pages\/551","targetHints":{"allow":["GET"]}}],"collection":[{"href":"https:\/\/www.sagafurs.com\/fi\/wp-json\/wp\/v2\/pages"}],"about":[{"href":"https:\/\/www.sagafurs.com\/fi\/wp-json\/wp\/v2\/types\/page"}],"author":[{"embeddable":true,"href":"https:\/\/www.sagafurs.com\/fi\/wp-json\/wp\/v2\/users\/29"}],"replies":[{"embeddable":true,"href":"https:\/\/www.sagafurs.com\/fi\/wp-json\/wp\/v2\/comments?post=551"}],"version-history":[{"count":0,"href":"https:\/\/www.sagafurs.com\/fi\/wp-json\/wp\/v2\/pages\/551\/revisions"}],"up":[{"embeddable":true,"href":"https:\/\/www.sagafurs.com\/fi\/wp-json\/wp\/v2\/pages\/363"}],"wp:attachment":[{"href":"https:\/\/www.sagafurs.com\/fi\/wp-json\/wp\/v2\/media?parent=551"}],"curies":[{"name":"wp","href":"https:\/\/api.w.org\/{rel}","templated":true}]}}