{"id":5934,"date":"2016-10-20T12:58:51","date_gmt":"2016-10-20T11:58:51","guid":{"rendered":"https:\/\/www.sagafurs.com\/fi\/?page_id=5934"},"modified":"2026-04-02T14:58:58","modified_gmt":"2026-04-02T11:58:58","slug":"toimitusjohtaja-ja-johtoryhma","status":"publish","type":"page","link":"https:\/\/www.sagafurs.com\/fi\/yritys\/yhtion-hallinto\/toimitusjohtaja-ja-johtoryhma\/","title":{"rendered":"Toimitusjohtaja ja johtoryhm\u00e4"},"content":{"rendered":"<h3>Toimitusjohtaja<\/h3>\n<p>Hallitus nimitt\u00e4\u00e4 yhti\u00f6lle toimitusjohtajan osakeyhti\u00f6lain mukaisesti. Toimitusjohtaja hoitaa yhti\u00f6n\u00a0operatiivista hallintoa hallituksen antamien ohjeiden ja m\u00e4\u00e4r\u00e4ysten mukaisesti. Toimitusjohtaja huolehtii yhti\u00f6n kirjanpidon lainmukaisuudesta ja varainhoidon luotettavalla tavalla j\u00e4rjest\u00e4misest\u00e4. Toimitusjohtaja voi ryhty\u00e4 yhti\u00f6n normaalista toiminnasta poikkeaviin toimenpiteisiin vain hallituksen luvalla, paitsi jos hallituksen hyv\u00e4ksynn\u00e4lle tarvittava aika aiheuttaisi yhti\u00f6lle tilanteen, jossa se k\u00e4rsii huomattavaa vahinkoa. J\u00e4lkimm\u00e4isess\u00e4 tapauksessa hallitusta tulee informoida niin pian kuin k\u00e4yt\u00e4nn\u00f6ss\u00e4 on mahdollista toimenpiteist\u00e4, joihin on ryhdytty.<\/p>\n<p><img loading=\"lazy\" decoding=\"async\" class=\"alignnone wp-image-182744 \" src=\"http:\/\/www.sagafurs.com\/wp-content\/uploads\/2023\/03\/Markus-Gotthardt.jpg\" alt=\"\" width=\"171\" height=\"228\" srcset=\"https:\/\/www.sagafurs.com\/wp-content\/uploads\/2023\/03\/Markus-Gotthardt.jpg 300w, https:\/\/www.sagafurs.com\/wp-content\/uploads\/2023\/03\/Markus-Gotthardt-288x384.jpg 288w\" sizes=\"auto, (max-width: 171px) 100vw, 171px\" \/><\/p>\n<p><strong>Markus Gotthardt <\/strong>(s. 1963)<br \/>\nKTM. Yhti\u00f6n palveluksessa vuodesta 2022, toimitusjohtaja. Ei osakeomistuksia yhti\u00f6ss\u00e4.<\/p>\n<h3>Johtoryhm\u00e4<\/h3>\n<p>Yhti\u00f6n johtoryhm\u00e4 avustaa toimitusjohtajaa. Se valmistelee yhti\u00f6n hallitukselle p\u00e4\u00e4tett\u00e4v\u00e4ksi tulevia asioita kuten mm. konsernin strategiat, budjetit, politiikat sek\u00e4 merkitt\u00e4vimm\u00e4t investoinnit ja yrityskaupat. Lis\u00e4ksi johtoryhm\u00e4ss\u00e4 k\u00e4sitell\u00e4\u00e4n raportointiin, yrityskuvaan, henkil\u00f6st\u00f6n palkitsemiseen ja sijoittajasuhteiden hoitoon liittyvi\u00e4 asioita.<\/p>\n<p>Johtoryhm\u00e4\u00e4n kuuluvat toimitusjohtajan lis\u00e4ksi:<\/p>\n<p>Huutokauppatoiminnoissa<\/p>\n<p><img loading=\"lazy\" decoding=\"async\" class=\"alignnone wp-image-182751 \" src=\"http:\/\/www.sagafurs.com\/wp-content\/uploads\/2023\/03\/Mikko-Hoven.jpg\" alt=\"\" width=\"171\" height=\"228\" srcset=\"https:\/\/www.sagafurs.com\/wp-content\/uploads\/2023\/03\/Mikko-Hoven.jpg 300w, https:\/\/www.sagafurs.com\/wp-content\/uploads\/2023\/03\/Mikko-Hoven-288x384.jpg 288w\" sizes=\"auto, (max-width: 171px) 100vw, 171px\" \/><\/p>\n<p><strong>Mikko Hov\u00e9n<\/strong> (s. 1974)<br \/>\nYo-merkon. Yhti\u00f6n palveluksessa vuodesta 2000, myyntijohtaja 2015\u2013. Ei osakeomistuksia yhti\u00f6ss\u00e4.<\/p>\n<p>&#8212;<\/p>\n<p><img loading=\"lazy\" decoding=\"async\" class=\"alignnone wp-image-182763 \" src=\"http:\/\/www.sagafurs.com\/wp-content\/uploads\/2023\/03\/Sameli-Makela.jpg\" alt=\"\" width=\"172\" height=\"230\" srcset=\"https:\/\/www.sagafurs.com\/wp-content\/uploads\/2023\/03\/Sameli-Makela.jpg 300w, https:\/\/www.sagafurs.com\/wp-content\/uploads\/2023\/03\/Sameli-Makela-288x384.jpg 288w\" sizes=\"auto, (max-width: 172px) 100vw, 172px\" \/><\/p>\n<p><strong>Sameli M\u00e4kel\u00e4<\/strong> (s. 1976)<br \/>\nDI. Yhti\u00f6n palveluksessa vuodesta 2009, operatiivinen johtaja 2014\u2013. Ei osakeomistuksia yhti\u00f6ss\u00e4.<\/p>\n<p><img loading=\"lazy\" decoding=\"async\" class=\"alignnone wp-image-185541\" src=\"https:\/\/www.sagafurs.com\/wp-content\/uploads\/2024\/05\/L1090507_www.jpg\" alt=\"\" width=\"171\" height=\"228\" \/><\/p>\n<p><strong>Taina Pallasvesa<\/strong> (s. 1968)<br \/>\nKTM. Yhti\u00f6n palveluksessa vuodesta 2019, talousjohtaja 2024\u2013. Ei osakeomistuksia yhti\u00f6ss\u00e4.<\/p>\n<p><img loading=\"lazy\" decoding=\"async\" class=\"alignnone wp-image-182769 \" src=\"http:\/\/www.sagafurs.com\/wp-content\/uploads\/2023\/03\/Julio-Suarez-Christiansen.jpg\" alt=\"\" width=\"171\" height=\"228\" srcset=\"https:\/\/www.sagafurs.com\/wp-content\/uploads\/2023\/03\/Julio-Suarez-Christiansen.jpg 300w, https:\/\/www.sagafurs.com\/wp-content\/uploads\/2023\/03\/Julio-Suarez-Christiansen-288x384.jpg 288w\" sizes=\"auto, (max-width: 171px) 100vw, 171px\" \/><\/p>\n<p><strong>Julio Suarez Christiansen<\/strong> (s. 1966)<br \/>\nTekn. kand. Yhti\u00f6n palveluksessa vuodesta 1987, kaupallinen johtaja 2015\u2013. Ei osakeomistuksia yhti\u00f6ss\u00e4.<\/p>\n<p>&nbsp;<\/p>\n<p>&nbsp;<\/p>\n<p>&nbsp;<\/p>\n<p>p\u00e4ivitetty: huhtikuu 2026<\/p>\n<p>&nbsp;<\/p>\n","protected":false},"excerpt":{"rendered":"<p>Toimitusjohtaja Hallitus nimitt\u00e4\u00e4 yhti\u00f6lle toimitusjohtajan osakeyhti\u00f6lain mukaisesti. Toimitusjohtaja hoitaa yhti\u00f6n\u00a0operatiivista hallintoa hallituksen antamien ohjeiden ja m\u00e4\u00e4r\u00e4ysten mukaisesti. Toimitusjohtaja huolehtii yhti\u00f6n kirjanpidon lainmukaisuudesta ja varainhoidon luotettavalla tavalla j\u00e4rjest\u00e4misest\u00e4. Toimitusjohtaja voi ryhty\u00e4 yhti\u00f6n normaalista toiminnasta poikkeaviin toimenpiteisiin vain hallituksen luvalla, paitsi jos hallituksen hyv\u00e4ksynn\u00e4lle tarvittava aika aiheuttaisi yhti\u00f6lle tilanteen, jossa se k\u00e4rsii huomattavaa vahinkoa. J\u00e4lkimm\u00e4isess\u00e4 tapauksessa hallitusta<a class=\"excerpt-read-more\" href=\"https:\/\/www.sagafurs.com\/fi\/yritys\/yhtion-hallinto\/toimitusjohtaja-ja-johtoryhma\/\" title=\"LueToimitusjohtaja ja johtoryhm\u00e4\">\u2026 Lue lis\u00e4\u00e4 &raquo;<\/a><\/p>\n","protected":false},"author":29,"featured_media":0,"parent":529,"menu_order":0,"comment_status":"closed","ping_status":"closed","template":"templates\/content-page-template.php","meta":{"_acf_changed":false,"footnotes":""},"class_list":["post-5934","page","type-page","status-publish","hentry"],"acf":[],"yoast_head":"<!-- This site is optimized with the Yoast SEO plugin v27.4 - https:\/\/yoast.com\/product\/yoast-seo-wordpress\/ -->\n<title>Toimitusjohtaja ja johtoryhm\u00e4 - Sagafurs<\/title>\n<meta name=\"robots\" content=\"index, follow, max-snippet:-1, max-image-preview:large, max-video-preview:-1\" \/>\n<link rel=\"canonical\" href=\"https:\/\/www.sagafurs.com\/fi\/yritys\/yhtion-hallinto\/toimitusjohtaja-ja-johtoryhma\/\" \/>\n<meta property=\"og:locale\" content=\"fi_FI\" \/>\n<meta property=\"og:type\" content=\"article\" \/>\n<meta property=\"og:title\" content=\"Toimitusjohtaja ja johtoryhm\u00e4 - Sagafurs\" \/>\n<meta property=\"og:description\" content=\"Toimitusjohtaja Hallitus nimitt\u00e4\u00e4 yhti\u00f6lle toimitusjohtajan osakeyhti\u00f6lain mukaisesti. Toimitusjohtaja hoitaa yhti\u00f6n\u00a0operatiivista hallintoa hallituksen antamien ohjeiden ja m\u00e4\u00e4r\u00e4ysten mukaisesti. Toimitusjohtaja huolehtii yhti\u00f6n kirjanpidon lainmukaisuudesta ja varainhoidon luotettavalla tavalla j\u00e4rjest\u00e4misest\u00e4. Toimitusjohtaja voi ryhty\u00e4 yhti\u00f6n normaalista toiminnasta poikkeaviin toimenpiteisiin vain hallituksen luvalla, paitsi jos hallituksen hyv\u00e4ksynn\u00e4lle tarvittava aika aiheuttaisi yhti\u00f6lle tilanteen, jossa se k\u00e4rsii huomattavaa vahinkoa. J\u00e4lkimm\u00e4isess\u00e4 tapauksessa hallitusta\u2026 Lue lis\u00e4\u00e4 &raquo;\" \/>\n<meta property=\"og:url\" content=\"https:\/\/www.sagafurs.com\/fi\/yritys\/yhtion-hallinto\/toimitusjohtaja-ja-johtoryhma\/\" \/>\n<meta property=\"og:site_name\" content=\"Sagafurs\" \/>\n<meta property=\"article:modified_time\" content=\"2026-04-02T11:58:58+00:00\" \/>\n<meta property=\"og:image\" content=\"https:\/\/www.sagafurs.com\/wp-content\/uploads\/2023\/03\/Markus-Gotthardt.jpg\" \/>\n\t<meta property=\"og:image:width\" content=\"300\" \/>\n\t<meta property=\"og:image:height\" content=\"400\" \/>\n\t<meta property=\"og:image:type\" content=\"image\/jpeg\" \/>\n<meta name=\"twitter:card\" content=\"summary_large_image\" \/>\n<meta name=\"twitter:label1\" content=\"Est. reading time\" \/>\n\t<meta name=\"twitter:data1\" content=\"2 minutes\" \/>\n<script type=\"application\/ld+json\" class=\"yoast-schema-graph\">{\"@context\":\"https:\\\/\\\/schema.org\",\"@graph\":[{\"@type\":\"WebPage\",\"@id\":\"https:\\\/\\\/www.sagafurs.com\\\/fi\\\/yritys\\\/yhtion-hallinto\\\/toimitusjohtaja-ja-johtoryhma\\\/\",\"url\":\"https:\\\/\\\/www.sagafurs.com\\\/fi\\\/yritys\\\/yhtion-hallinto\\\/toimitusjohtaja-ja-johtoryhma\\\/\",\"name\":\"Toimitusjohtaja ja johtoryhm\u00e4 - Sagafurs\",\"isPartOf\":{\"@id\":\"https:\\\/\\\/www.sagafurs.com\\\/#website\"},\"primaryImageOfPage\":{\"@id\":\"https:\\\/\\\/www.sagafurs.com\\\/fi\\\/yritys\\\/yhtion-hallinto\\\/toimitusjohtaja-ja-johtoryhma\\\/#primaryimage\"},\"image\":{\"@id\":\"https:\\\/\\\/www.sagafurs.com\\\/fi\\\/yritys\\\/yhtion-hallinto\\\/toimitusjohtaja-ja-johtoryhma\\\/#primaryimage\"},\"thumbnailUrl\":\"http:\\\/\\\/www.sagafurs.com\\\/wp-content\\\/uploads\\\/2023\\\/03\\\/Markus-Gotthardt.jpg\",\"datePublished\":\"2016-10-20T11:58:51+00:00\",\"dateModified\":\"2026-04-02T11:58:58+00:00\",\"breadcrumb\":{\"@id\":\"https:\\\/\\\/www.sagafurs.com\\\/fi\\\/yritys\\\/yhtion-hallinto\\\/toimitusjohtaja-ja-johtoryhma\\\/#breadcrumb\"},\"inLanguage\":\"fi-FI\",\"potentialAction\":[{\"@type\":\"ReadAction\",\"target\":[\"https:\\\/\\\/www.sagafurs.com\\\/fi\\\/yritys\\\/yhtion-hallinto\\\/toimitusjohtaja-ja-johtoryhma\\\/\"]}]},{\"@type\":\"ImageObject\",\"inLanguage\":\"fi-FI\",\"@id\":\"https:\\\/\\\/www.sagafurs.com\\\/fi\\\/yritys\\\/yhtion-hallinto\\\/toimitusjohtaja-ja-johtoryhma\\\/#primaryimage\",\"url\":\"http:\\\/\\\/www.sagafurs.com\\\/wp-content\\\/uploads\\\/2023\\\/03\\\/Markus-Gotthardt.jpg\",\"contentUrl\":\"http:\\\/\\\/www.sagafurs.com\\\/wp-content\\\/uploads\\\/2023\\\/03\\\/Markus-Gotthardt.jpg\"},{\"@type\":\"BreadcrumbList\",\"@id\":\"https:\\\/\\\/www.sagafurs.com\\\/fi\\\/yritys\\\/yhtion-hallinto\\\/toimitusjohtaja-ja-johtoryhma\\\/#breadcrumb\",\"itemListElement\":[{\"@type\":\"ListItem\",\"position\":1,\"name\":\"Home\",\"item\":\"https:\\\/\\\/www.sagafurs.com\\\/fi\\\/\"},{\"@type\":\"ListItem\",\"position\":2,\"name\":\"Yritys\",\"item\":\"https:\\\/\\\/www.sagafurs.com\\\/fi\\\/yritys\\\/\"},{\"@type\":\"ListItem\",\"position\":3,\"name\":\"Yhti\u00f6n hallinto\",\"item\":\"https:\\\/\\\/www.sagafurs.com\\\/fi\\\/yritys\\\/yhtion-hallinto\\\/\"},{\"@type\":\"ListItem\",\"position\":4,\"name\":\"Toimitusjohtaja ja johtoryhm\u00e4\"}]},{\"@type\":\"WebSite\",\"@id\":\"https:\\\/\\\/www.sagafurs.com\\\/#website\",\"url\":\"https:\\\/\\\/www.sagafurs.com\\\/\",\"name\":\"Sagafurs\",\"description\":\"Sagafurs\",\"potentialAction\":[{\"@type\":\"SearchAction\",\"target\":{\"@type\":\"EntryPoint\",\"urlTemplate\":\"https:\\\/\\\/www.sagafurs.com\\\/?s={search_term_string}\"},\"query-input\":{\"@type\":\"PropertyValueSpecification\",\"valueRequired\":true,\"valueName\":\"search_term_string\"}}],\"inLanguage\":\"fi-FI\"}]}<\/script>\n<!-- \/ Yoast SEO plugin. -->","yoast_head_json":{"title":"Toimitusjohtaja ja johtoryhm\u00e4 - Sagafurs","robots":{"index":"index","follow":"follow","max-snippet":"max-snippet:-1","max-image-preview":"max-image-preview:large","max-video-preview":"max-video-preview:-1"},"canonical":"https:\/\/www.sagafurs.com\/fi\/yritys\/yhtion-hallinto\/toimitusjohtaja-ja-johtoryhma\/","og_locale":"fi_FI","og_type":"article","og_title":"Toimitusjohtaja ja johtoryhm\u00e4 - Sagafurs","og_description":"Toimitusjohtaja Hallitus nimitt\u00e4\u00e4 yhti\u00f6lle toimitusjohtajan osakeyhti\u00f6lain mukaisesti. Toimitusjohtaja hoitaa yhti\u00f6n\u00a0operatiivista hallintoa hallituksen antamien ohjeiden ja m\u00e4\u00e4r\u00e4ysten mukaisesti. Toimitusjohtaja huolehtii yhti\u00f6n kirjanpidon lainmukaisuudesta ja varainhoidon luotettavalla tavalla j\u00e4rjest\u00e4misest\u00e4. Toimitusjohtaja voi ryhty\u00e4 yhti\u00f6n normaalista toiminnasta poikkeaviin toimenpiteisiin vain hallituksen luvalla, paitsi jos hallituksen hyv\u00e4ksynn\u00e4lle tarvittava aika aiheuttaisi yhti\u00f6lle tilanteen, jossa se k\u00e4rsii huomattavaa vahinkoa. J\u00e4lkimm\u00e4isess\u00e4 tapauksessa hallitusta\u2026 Lue lis\u00e4\u00e4 &raquo;","og_url":"https:\/\/www.sagafurs.com\/fi\/yritys\/yhtion-hallinto\/toimitusjohtaja-ja-johtoryhma\/","og_site_name":"Sagafurs","article_modified_time":"2026-04-02T11:58:58+00:00","og_image":[{"width":300,"height":400,"url":"https:\/\/www.sagafurs.com\/wp-content\/uploads\/2023\/03\/Markus-Gotthardt.jpg","type":"image\/jpeg"}],"twitter_card":"summary_large_image","twitter_misc":{"Est. reading time":"2 minutes"},"schema":{"@context":"https:\/\/schema.org","@graph":[{"@type":"WebPage","@id":"https:\/\/www.sagafurs.com\/fi\/yritys\/yhtion-hallinto\/toimitusjohtaja-ja-johtoryhma\/","url":"https:\/\/www.sagafurs.com\/fi\/yritys\/yhtion-hallinto\/toimitusjohtaja-ja-johtoryhma\/","name":"Toimitusjohtaja ja johtoryhm\u00e4 - Sagafurs","isPartOf":{"@id":"https:\/\/www.sagafurs.com\/#website"},"primaryImageOfPage":{"@id":"https:\/\/www.sagafurs.com\/fi\/yritys\/yhtion-hallinto\/toimitusjohtaja-ja-johtoryhma\/#primaryimage"},"image":{"@id":"https:\/\/www.sagafurs.com\/fi\/yritys\/yhtion-hallinto\/toimitusjohtaja-ja-johtoryhma\/#primaryimage"},"thumbnailUrl":"http:\/\/www.sagafurs.com\/wp-content\/uploads\/2023\/03\/Markus-Gotthardt.jpg","datePublished":"2016-10-20T11:58:51+00:00","dateModified":"2026-04-02T11:58:58+00:00","breadcrumb":{"@id":"https:\/\/www.sagafurs.com\/fi\/yritys\/yhtion-hallinto\/toimitusjohtaja-ja-johtoryhma\/#breadcrumb"},"inLanguage":"fi-FI","potentialAction":[{"@type":"ReadAction","target":["https:\/\/www.sagafurs.com\/fi\/yritys\/yhtion-hallinto\/toimitusjohtaja-ja-johtoryhma\/"]}]},{"@type":"ImageObject","inLanguage":"fi-FI","@id":"https:\/\/www.sagafurs.com\/fi\/yritys\/yhtion-hallinto\/toimitusjohtaja-ja-johtoryhma\/#primaryimage","url":"http:\/\/www.sagafurs.com\/wp-content\/uploads\/2023\/03\/Markus-Gotthardt.jpg","contentUrl":"http:\/\/www.sagafurs.com\/wp-content\/uploads\/2023\/03\/Markus-Gotthardt.jpg"},{"@type":"BreadcrumbList","@id":"https:\/\/www.sagafurs.com\/fi\/yritys\/yhtion-hallinto\/toimitusjohtaja-ja-johtoryhma\/#breadcrumb","itemListElement":[{"@type":"ListItem","position":1,"name":"Home","item":"https:\/\/www.sagafurs.com\/fi\/"},{"@type":"ListItem","position":2,"name":"Yritys","item":"https:\/\/www.sagafurs.com\/fi\/yritys\/"},{"@type":"ListItem","position":3,"name":"Yhti\u00f6n hallinto","item":"https:\/\/www.sagafurs.com\/fi\/yritys\/yhtion-hallinto\/"},{"@type":"ListItem","position":4,"name":"Toimitusjohtaja ja johtoryhm\u00e4"}]},{"@type":"WebSite","@id":"https:\/\/www.sagafurs.com\/#website","url":"https:\/\/www.sagafurs.com\/","name":"Sagafurs","description":"Sagafurs","potentialAction":[{"@type":"SearchAction","target":{"@type":"EntryPoint","urlTemplate":"https:\/\/www.sagafurs.com\/?s={search_term_string}"},"query-input":{"@type":"PropertyValueSpecification","valueRequired":true,"valueName":"search_term_string"}}],"inLanguage":"fi-FI"}]}},"_links":{"self":[{"href":"https:\/\/www.sagafurs.com\/fi\/wp-json\/wp\/v2\/pages\/5934","targetHints":{"allow":["GET"]}}],"collection":[{"href":"https:\/\/www.sagafurs.com\/fi\/wp-json\/wp\/v2\/pages"}],"about":[{"href":"https:\/\/www.sagafurs.com\/fi\/wp-json\/wp\/v2\/types\/page"}],"author":[{"embeddable":true,"href":"https:\/\/www.sagafurs.com\/fi\/wp-json\/wp\/v2\/users\/29"}],"replies":[{"embeddable":true,"href":"https:\/\/www.sagafurs.com\/fi\/wp-json\/wp\/v2\/comments?post=5934"}],"version-history":[{"count":1,"href":"https:\/\/www.sagafurs.com\/fi\/wp-json\/wp\/v2\/pages\/5934\/revisions"}],"predecessor-version":[{"id":197741,"href":"https:\/\/www.sagafurs.com\/fi\/wp-json\/wp\/v2\/pages\/5934\/revisions\/197741"}],"up":[{"embeddable":true,"href":"https:\/\/www.sagafurs.com\/fi\/wp-json\/wp\/v2\/pages\/529"}],"wp:attachment":[{"href":"https:\/\/www.sagafurs.com\/fi\/wp-json\/wp\/v2\/media?parent=5934"}],"curies":[{"name":"wp","href":"https:\/\/api.w.org\/{rel}","templated":true}]}}