{"id":5936,"date":"2016-10-20T13:43:10","date_gmt":"2016-10-20T10:43:10","guid":{"rendered":"https:\/\/www.sagafurs.com\/fi\/?page_id=5936"},"modified":"2026-02-16T09:37:03","modified_gmt":"2026-02-16T07:37:03","slug":"palkitsemisraportti","status":"publish","type":"page","link":"https:\/\/www.sagafurs.com\/fi\/yritys\/yhtion-hallinto\/palkitsemisraportti\/","title":{"rendered":"Palkitsemisraportit"},"content":{"rendered":"<p>Saga Furs Oyj:n palkitsemisraportissa k\u00e4sitell\u00e4\u00e4n hallituksen j\u00e4senten ja toimitusjohtajan palkitsemista sek\u00e4 toimielinten palkitsemispolitiikan soveltamista. Julkaistut raportit ovat alla PDF-tiedostoina.<\/p>\n<p><a href=\"https:\/\/www.sagafurs.com\/wp-content\/uploads\/2026\/02\/Saga-Furs-Palkitsemisraportti-2024-2025-.pdf\">Palkitsemisraportti 2024\/2025<\/a><br \/>\n<a href=\"https:\/\/www.sagafurs.com\/wp-content\/uploads\/2025\/02\/Palkitsemisraportti-2023-2024.pdf\">Palkitsemisraportti 2023\/2024\u00a0 \u00a0 \u00a0 \u00a0 \u00a0 \u00a0 \u00a0 \u00a0 \u00a0 \u00a0 \u00a0 \u00a0 \u00a0 \u00a0 \u00a0 \u00a0 \u00a0 \u00a0 \u00a0 \u00a0 \u00a0 \u00a0 \u00a0 \u00a0 \u00a0 \u00a0 \u00a0 \u00a0 \u00a0 \u00a0 \u00a0 \u00a0 \u00a0 \u00a0 \u00a0 \u00a0 \u00a0 \u00a0 \u00a0 \u00a0 \u00a0 \u00a0 \u00a0 \u00a0 <\/a><br \/>\n<a href=\"https:\/\/www.sagafurs.com\/wp-content\/uploads\/2024\/02\/Saga-Furs-palkitsemisraportti-2022-2023.pdf\">Palkitsemisraportti 2022\/2023<\/a><br \/>\n<a style=\"font-size: inherit; background-color: #fefefe;\" href=\"http:\/\/www.sagafurs.com\/wp-content\/uploads\/2023\/02\/Saga-Furs-palkitsemisraportti-2021-2022.pdf\">Palkitsemisraportti 2021\/2022<\/a><br \/>\n<a href=\"http:\/\/www.sagafurs.com\/wp-content\/uploads\/2023\/02\/Saga-Furs-Palkitsemisraportti-2020-2021.pdf.pdf\">Palkitsemisraportti 2020\/2021<\/a><br \/>\n<a href=\"http:\/\/www.sagafurs.com\/wp-content\/uploads\/2023\/02\/Saga-Furs-Palkitsemisraportti-2019-2020.pdf\">Palkitsemisraportti 2019\/2020<\/a><br \/>\n<a href=\"http:\/\/www.sagafurs.com\/wp-content\/uploads\/2023\/02\/Palkka-ja-palkkioselvitys-2018-2019.pdf\">Palkitsemisraportti 2018\/2019<\/a><br \/>\n<a href=\"https:\/\/www.sagafurs.com\/wp-content\/uploads\/2023\/11\/Saga-Furs-Palkka-ja-palkkioselvitys-2018.pdf\">Palkka- ja palkkioselvitys 2018<\/a><br \/>\n<a href=\"https:\/\/www.sagafurs.com\/wp-content\/uploads\/2023\/11\/Saga-Furs-Palkka-ja-palkkioselvitys-2017.pdf\">Palkka- ja palkkioselvitys 2017<\/a><br \/>\n<a href=\"https:\/\/www.sagafurs.com\/wp-content\/uploads\/2023\/11\/Saga-Furs-Palkka-ja-palkkioselvitys-2016.pdf\">Palkka- ja palkkioselvitys 2016<\/a><\/p>\n","protected":false},"excerpt":{"rendered":"<p>Saga Furs Oyj:n palkitsemisraportissa k\u00e4sitell\u00e4\u00e4n hallituksen j\u00e4senten ja toimitusjohtajan palkitsemista sek\u00e4 toimielinten palkitsemispolitiikan soveltamista. Julkaistut raportit ovat alla PDF-tiedostoina. Palkitsemisraportti 2024\/2025 Palkitsemisraportti 2023\/2024\u00a0 \u00a0 \u00a0 \u00a0 \u00a0 \u00a0 \u00a0 \u00a0 \u00a0 \u00a0 \u00a0 \u00a0 \u00a0 \u00a0 \u00a0 \u00a0 \u00a0 \u00a0 \u00a0 \u00a0 \u00a0 \u00a0 \u00a0 \u00a0 \u00a0 \u00a0 \u00a0 \u00a0 \u00a0 \u00a0 \u00a0 \u00a0 \u00a0<a class=\"excerpt-read-more\" href=\"https:\/\/www.sagafurs.com\/fi\/yritys\/yhtion-hallinto\/palkitsemisraportti\/\" title=\"LuePalkitsemisraportit\">\u2026 Lue lis\u00e4\u00e4 &raquo;<\/a><\/p>\n","protected":false},"author":29,"featured_media":0,"parent":529,"menu_order":0,"comment_status":"closed","ping_status":"closed","template":"templates\/content-page-template.php","meta":{"_acf_changed":false,"footnotes":""},"class_list":["post-5936","page","type-page","status-publish","hentry"],"acf":[],"yoast_head":"<!-- This site is optimized with the Yoast SEO plugin v27.5 - https:\/\/yoast.com\/product\/yoast-seo-wordpress\/ -->\n<title>Palkitsemisraportit - Sagafurs<\/title>\n<meta name=\"robots\" content=\"index, follow, max-snippet:-1, max-image-preview:large, max-video-preview:-1\" \/>\n<link rel=\"canonical\" href=\"https:\/\/www.sagafurs.com\/fi\/yritys\/yhtion-hallinto\/palkitsemisraportti\/\" \/>\n<meta property=\"og:locale\" content=\"fi_FI\" \/>\n<meta property=\"og:type\" content=\"article\" \/>\n<meta property=\"og:title\" content=\"Palkitsemisraportit - Sagafurs\" \/>\n<meta property=\"og:description\" content=\"Saga Furs Oyj:n palkitsemisraportissa k\u00e4sitell\u00e4\u00e4n hallituksen j\u00e4senten ja toimitusjohtajan palkitsemista sek\u00e4 toimielinten palkitsemispolitiikan soveltamista. Julkaistut raportit ovat alla PDF-tiedostoina. Palkitsemisraportti 2024\/2025 Palkitsemisraportti 2023\/2024\u00a0 \u00a0 \u00a0 \u00a0 \u00a0 \u00a0 \u00a0 \u00a0 \u00a0 \u00a0 \u00a0 \u00a0 \u00a0 \u00a0 \u00a0 \u00a0 \u00a0 \u00a0 \u00a0 \u00a0 \u00a0 \u00a0 \u00a0 \u00a0 \u00a0 \u00a0 \u00a0 \u00a0 \u00a0 \u00a0 \u00a0 \u00a0 \u00a0\u2026 Lue lis\u00e4\u00e4 &raquo;\" \/>\n<meta property=\"og:url\" content=\"https:\/\/www.sagafurs.com\/fi\/yritys\/yhtion-hallinto\/palkitsemisraportti\/\" \/>\n<meta property=\"og:site_name\" content=\"Sagafurs\" \/>\n<meta property=\"article:modified_time\" content=\"2026-02-16T07:37:03+00:00\" \/>\n<meta name=\"twitter:card\" content=\"summary_large_image\" \/>\n<meta name=\"twitter:label1\" content=\"Est. reading time\" \/>\n\t<meta name=\"twitter:data1\" content=\"1 minute\" \/>\n<script type=\"application\/ld+json\" class=\"yoast-schema-graph\">{\"@context\":\"https:\\\/\\\/schema.org\",\"@graph\":[{\"@type\":\"WebPage\",\"@id\":\"https:\\\/\\\/www.sagafurs.com\\\/fi\\\/yritys\\\/yhtion-hallinto\\\/palkitsemisraportti\\\/\",\"url\":\"https:\\\/\\\/www.sagafurs.com\\\/fi\\\/yritys\\\/yhtion-hallinto\\\/palkitsemisraportti\\\/\",\"name\":\"Palkitsemisraportit - Sagafurs\",\"isPartOf\":{\"@id\":\"https:\\\/\\\/www.sagafurs.com\\\/#website\"},\"datePublished\":\"2016-10-20T10:43:10+00:00\",\"dateModified\":\"2026-02-16T07:37:03+00:00\",\"breadcrumb\":{\"@id\":\"https:\\\/\\\/www.sagafurs.com\\\/fi\\\/yritys\\\/yhtion-hallinto\\\/palkitsemisraportti\\\/#breadcrumb\"},\"inLanguage\":\"fi-FI\",\"potentialAction\":[{\"@type\":\"ReadAction\",\"target\":[\"https:\\\/\\\/www.sagafurs.com\\\/fi\\\/yritys\\\/yhtion-hallinto\\\/palkitsemisraportti\\\/\"]}]},{\"@type\":\"BreadcrumbList\",\"@id\":\"https:\\\/\\\/www.sagafurs.com\\\/fi\\\/yritys\\\/yhtion-hallinto\\\/palkitsemisraportti\\\/#breadcrumb\",\"itemListElement\":[{\"@type\":\"ListItem\",\"position\":1,\"name\":\"Home\",\"item\":\"https:\\\/\\\/www.sagafurs.com\\\/fi\\\/\"},{\"@type\":\"ListItem\",\"position\":2,\"name\":\"Yritys\",\"item\":\"https:\\\/\\\/www.sagafurs.com\\\/fi\\\/yritys\\\/\"},{\"@type\":\"ListItem\",\"position\":3,\"name\":\"Yhti\u00f6n hallinto\",\"item\":\"https:\\\/\\\/www.sagafurs.com\\\/fi\\\/yritys\\\/yhtion-hallinto\\\/\"},{\"@type\":\"ListItem\",\"position\":4,\"name\":\"Palkitsemisraportit\"}]},{\"@type\":\"WebSite\",\"@id\":\"https:\\\/\\\/www.sagafurs.com\\\/#website\",\"url\":\"https:\\\/\\\/www.sagafurs.com\\\/\",\"name\":\"Sagafurs\",\"description\":\"Sagafurs\",\"potentialAction\":[{\"@type\":\"SearchAction\",\"target\":{\"@type\":\"EntryPoint\",\"urlTemplate\":\"https:\\\/\\\/www.sagafurs.com\\\/?s={search_term_string}\"},\"query-input\":{\"@type\":\"PropertyValueSpecification\",\"valueRequired\":true,\"valueName\":\"search_term_string\"}}],\"inLanguage\":\"fi-FI\"}]}<\/script>\n<!-- \/ Yoast SEO plugin. -->","yoast_head_json":{"title":"Palkitsemisraportit - Sagafurs","robots":{"index":"index","follow":"follow","max-snippet":"max-snippet:-1","max-image-preview":"max-image-preview:large","max-video-preview":"max-video-preview:-1"},"canonical":"https:\/\/www.sagafurs.com\/fi\/yritys\/yhtion-hallinto\/palkitsemisraportti\/","og_locale":"fi_FI","og_type":"article","og_title":"Palkitsemisraportit - Sagafurs","og_description":"Saga Furs Oyj:n palkitsemisraportissa k\u00e4sitell\u00e4\u00e4n hallituksen j\u00e4senten ja toimitusjohtajan palkitsemista sek\u00e4 toimielinten palkitsemispolitiikan soveltamista. Julkaistut raportit ovat alla PDF-tiedostoina. Palkitsemisraportti 2024\/2025 Palkitsemisraportti 2023\/2024\u00a0 \u00a0 \u00a0 \u00a0 \u00a0 \u00a0 \u00a0 \u00a0 \u00a0 \u00a0 \u00a0 \u00a0 \u00a0 \u00a0 \u00a0 \u00a0 \u00a0 \u00a0 \u00a0 \u00a0 \u00a0 \u00a0 \u00a0 \u00a0 \u00a0 \u00a0 \u00a0 \u00a0 \u00a0 \u00a0 \u00a0 \u00a0 \u00a0\u2026 Lue lis\u00e4\u00e4 &raquo;","og_url":"https:\/\/www.sagafurs.com\/fi\/yritys\/yhtion-hallinto\/palkitsemisraportti\/","og_site_name":"Sagafurs","article_modified_time":"2026-02-16T07:37:03+00:00","twitter_card":"summary_large_image","twitter_misc":{"Est. reading time":"1 minute"},"schema":{"@context":"https:\/\/schema.org","@graph":[{"@type":"WebPage","@id":"https:\/\/www.sagafurs.com\/fi\/yritys\/yhtion-hallinto\/palkitsemisraportti\/","url":"https:\/\/www.sagafurs.com\/fi\/yritys\/yhtion-hallinto\/palkitsemisraportti\/","name":"Palkitsemisraportit - Sagafurs","isPartOf":{"@id":"https:\/\/www.sagafurs.com\/#website"},"datePublished":"2016-10-20T10:43:10+00:00","dateModified":"2026-02-16T07:37:03+00:00","breadcrumb":{"@id":"https:\/\/www.sagafurs.com\/fi\/yritys\/yhtion-hallinto\/palkitsemisraportti\/#breadcrumb"},"inLanguage":"fi-FI","potentialAction":[{"@type":"ReadAction","target":["https:\/\/www.sagafurs.com\/fi\/yritys\/yhtion-hallinto\/palkitsemisraportti\/"]}]},{"@type":"BreadcrumbList","@id":"https:\/\/www.sagafurs.com\/fi\/yritys\/yhtion-hallinto\/palkitsemisraportti\/#breadcrumb","itemListElement":[{"@type":"ListItem","position":1,"name":"Home","item":"https:\/\/www.sagafurs.com\/fi\/"},{"@type":"ListItem","position":2,"name":"Yritys","item":"https:\/\/www.sagafurs.com\/fi\/yritys\/"},{"@type":"ListItem","position":3,"name":"Yhti\u00f6n hallinto","item":"https:\/\/www.sagafurs.com\/fi\/yritys\/yhtion-hallinto\/"},{"@type":"ListItem","position":4,"name":"Palkitsemisraportit"}]},{"@type":"WebSite","@id":"https:\/\/www.sagafurs.com\/#website","url":"https:\/\/www.sagafurs.com\/","name":"Sagafurs","description":"Sagafurs","potentialAction":[{"@type":"SearchAction","target":{"@type":"EntryPoint","urlTemplate":"https:\/\/www.sagafurs.com\/?s={search_term_string}"},"query-input":{"@type":"PropertyValueSpecification","valueRequired":true,"valueName":"search_term_string"}}],"inLanguage":"fi-FI"}]}},"_links":{"self":[{"href":"https:\/\/www.sagafurs.com\/fi\/wp-json\/wp\/v2\/pages\/5936","targetHints":{"allow":["GET"]}}],"collection":[{"href":"https:\/\/www.sagafurs.com\/fi\/wp-json\/wp\/v2\/pages"}],"about":[{"href":"https:\/\/www.sagafurs.com\/fi\/wp-json\/wp\/v2\/types\/page"}],"author":[{"embeddable":true,"href":"https:\/\/www.sagafurs.com\/fi\/wp-json\/wp\/v2\/users\/29"}],"replies":[{"embeddable":true,"href":"https:\/\/www.sagafurs.com\/fi\/wp-json\/wp\/v2\/comments?post=5936"}],"version-history":[{"count":0,"href":"https:\/\/www.sagafurs.com\/fi\/wp-json\/wp\/v2\/pages\/5936\/revisions"}],"up":[{"embeddable":true,"href":"https:\/\/www.sagafurs.com\/fi\/wp-json\/wp\/v2\/pages\/529"}],"wp:attachment":[{"href":"https:\/\/www.sagafurs.com\/fi\/wp-json\/wp\/v2\/media?parent=5936"}],"curies":[{"name":"wp","href":"https:\/\/api.w.org\/{rel}","templated":true}]}}