{"id":5937,"date":"2016-10-20T13:44:07","date_gmt":"2016-10-20T12:44:07","guid":{"rendered":"https:\/\/www.sagafurs.com\/fi\/?page_id=5937"},"modified":"2025-06-06T09:38:21","modified_gmt":"2025-06-06T06:38:21","slug":"sisainen-valvonta-ja-riskienhallinta","status":"publish","type":"page","link":"https:\/\/www.sagafurs.com\/fi\/yritys\/yhtion-hallinto\/sisainen-valvonta-ja-riskienhallinta\/","title":{"rendered":"Sis\u00e4inen valvonta ja riskienhallinta"},"content":{"rendered":"<p>Saga Furs Oyj:n toimintaan liittyv\u00e4t riskit jaotellaan liiketoimintariskeihin, vahinko- ja omaisuusriskeihin, rahoitusriskeihin sek\u00e4 operatiivisiin riskeihin. N\u00e4iss\u00e4 riskikategorioissa yhti\u00f6 on m\u00e4\u00e4ritellyt merkitt\u00e4vimmiksi riskeikseen ja ep\u00e4varmuustekij\u00f6ikseen t\u00e4ll\u00e4 hetkell\u00e4 suhdanteiden ja valuuttakurssien vaihtelut, turkisel\u00e4inten kasvatukseen ja turkisnahoilla k\u00e4yt\u00e4v\u00e4\u00e4n kauppaan liittyv\u00e4t imagoriskit ja poliittiset riskit, muutokset turkisnahkojen tuotannossa sek\u00e4 rahoitusriskit.<\/p>\n<p>Yhti\u00f6 pyrkii hallitsemaan ja rajaamaan riskej\u00e4\u00e4n johdonmukaisella menettelytavalla, jonka tarkoituksena on taata koko konsernin kattava ja tarkoituksenmukainen riskien tunnistaminen, arviointi, hallinta sek\u00e4 valvonta. Se on luonnollinen osa konsernin suunnittelu- ja johtamisprosessia, p\u00e4\u00e4t\u00f6ksentekoa, p\u00e4ivitt\u00e4ist\u00e4 johtamista ja toimintaa sek\u00e4 valvonta- ja raportointimenettelyj\u00e4. Riskienhallintaprosessi tuottaa tietoa riskeist\u00e4 ja niiden hallintatoimenpiteiden edistymisest\u00e4. Riskienhallintaprosessin pohjalta tehd\u00e4\u00e4n tarvittaessa korjaavia toimenpiteit\u00e4 tai harkitaan strategian muutoksia.<\/p>\n<p>Mik\u00e4li riskit kuitenkin toteutuisivat, ne voisivat merkitt\u00e4v\u00e4sti haitata Saga Furs Oyj:n liiketoimintaa, taloudellista asemaa ja heikent\u00e4\u00e4 yhti\u00f6n tulosta.<\/p>\n<p>Yhti\u00f6ll\u00e4 ei pienen kokonsa vuoksi ole erillist\u00e4 sis\u00e4isen tarkastuksen organisaatiota. Hallitus tutustuu tilintarkastajien valvontatilintarkastussuunnitelmaan ja mahdollisesti pyyt\u00e4\u00e4 tekem\u00e4\u00e4n lis\u00e4selvityksi\u00e4 t\u00e4ss\u00e4 yhteydess\u00e4. Valvontatilintarkastuksen yhteydess\u00e4 tilintarkastajat analysoivat yhti\u00f6n tilinp\u00e4\u00e4t\u00f6st\u00e4 ja konsernitilinp\u00e4\u00e4t\u00f6st\u00e4, konsernitason osavuosikatsauksia sek\u00e4 yhti\u00f6n saatavakantaa ja n\u00e4in pyrit\u00e4\u00e4n varmistamaan, ett\u00e4 yhti\u00f6n julkistamat raportit antavat olennaisesti oikeat tiedot yhti\u00f6n taloudesta. Valvontatilintarkastuksen yhteydess\u00e4 tilintarkastajat my\u00f6s tuovat ja ovat tuoneet esille tapoja kehitt\u00e4\u00e4 ja parantaa yhti\u00f6n sis\u00e4isi\u00e4 kontrolleja. T\u00e4lt\u00e4 pohjalta hallitus on edellytt\u00e4nyt ja edellytt\u00e4\u00e4 yhti\u00f6n johtoa kehitt\u00e4m\u00e4\u00e4n toiminnallisia prosesseja ja kontrolleja.<\/p>\n<h3>Sis\u00e4piirihallinto<\/h3>\n<p>Saga Furs Oyj:n hallitus on vahvistanut yhti\u00f6n sis\u00e4piiriohjeen 28.6.2016 ja se tuli voimaan 3.7.2016. Sis\u00e4piiriohje perustuu Markkinoiden v\u00e4\u00e4rink\u00e4ytt\u00f6asetukseen (EU No 596\/2014, \u201dMAR\u201d) ja sen nojalla annettuihin lakeihin ja viranomaiss\u00e4\u00e4nn\u00f6ksiin, sek\u00e4 Nasdaq Helsinki Oy:n s\u00e4\u00e4nt\u00f6ihin ja sis\u00e4piiriohjeisiin, joita Saga Furs listayhti\u00f6n\u00e4 on velvollinen noudattamaan. Saga Furs noudattaa\u00a0MAR:n\u00a0asetuksia muun muassa sis\u00e4piirihankkeista, sis\u00e4piiritiedon julkistamisen ja julkistamisen lykk\u00e4\u00e4misen teknisist\u00e4 menettelytavoista, johtohenkil\u00f6iden liiketoimien ilmoittamisen ja julkistamisen muodosta ja mallista sek\u00e4 sis\u00e4piiriluetteloiden muodosta ja p\u00e4ivitystavasta.<\/p>\n<p>Saga Furs on m\u00e4\u00e4ritellyt\u00a0MAR:n\u00a0tarkoittamiksi yhti\u00f6n rahoitusv\u00e4lineill\u00e4 teht\u00e4vien liiketoimien ilmoitusvelvollisiksi johtohenkil\u00f6iksi yhti\u00f6n hallituksen j\u00e4senet, toimitusjohtajan sek\u00e4 johtoryhm\u00e4n j\u00e4senet mukaan lukien heid\u00e4n\u00a0MAR:n\u00a0mukainen l\u00e4hipiirins\u00e4. Johtohenkil\u00f6it\u00e4 koskee kaupank\u00e4yntirajoitus (suljettu ikkuna) Saga\u00a0Fursin\u00a0rahoitusv\u00e4lineill\u00e4 30 kalenterip\u00e4iv\u00e4n aikana ennen yhti\u00f6n tilinp\u00e4\u00e4t\u00f6stiedotteen tai puolivuosikatsauksen julkaisemista. Johtohenkil\u00f6iden lis\u00e4ksi yhti\u00f6 on m\u00e4\u00e4ritellyt 30 kalenterip\u00e4iv\u00e4n kaupank\u00e4yntirajoituksen (suljettu ikkuna) piiriin kuuluvaksi henkil\u00f6t, jotka osallistuvat s\u00e4\u00e4nn\u00f6llisesti puolivuosikatsausten, tilinp\u00e4\u00e4t\u00f6stiedotteen ja tilinp\u00e4\u00e4t\u00f6ksen valmisteluun.<\/p>\n<p><u>Sis\u00e4piiritieto ja -luettelot<\/u><\/p>\n<p>Saga Fursin sis\u00e4piirihallinto laatii sis\u00e4piiriluettelot ja pit\u00e4\u00e4 ne ajan tasalla s\u00e4hk\u00f6isess\u00e4 muodossa. Yksitt\u00e4isten sis\u00e4piiritietoa koskevien sis\u00e4piiriluetteloiden (hankekohtainen sis\u00e4piiriluettelo) lis\u00e4ksi Saga Fursilla on pysyvi\u00e4 sis\u00e4piiril\u00e4isi\u00e4 koskeva t\u00e4ydennysosio (pysyv\u00e4t sis\u00e4piiril\u00e4iset). Pysyv\u00e4 sis\u00e4piiri k\u00e4sitt\u00e4\u00e4 vain ne henkil\u00f6t, joiden katsotaan teht\u00e4viens\u00e4 perusteella jatkuvasti p\u00e4\u00e4sev\u00e4n kaikkeen sis\u00e4piiritietoon. Pysyvien sis\u00e4piiril\u00e4isten katsotaan olevan tietoisia kaikesta sis\u00e4piiritiedosta. Saga Fursin tulee ilmoittaa pysyville sis\u00e4piiril\u00e4isille v\u00e4litt\u00f6m\u00e4sti uuden sis\u00e4piirihankkeen perustamisesta. Hankekohtaiseen sis\u00e4piiriluetteloon merkit\u00e4\u00e4n ne henkil\u00f6t, joilla on hanketta koskevaa sis\u00e4piiritietoa, mukaan lukien mahdolliset ulkopuoliset neuvonantajat ja asiantuntijat.<\/p>\n<p>Sis\u00e4piiriluetteloja yll\u00e4pidet\u00e4\u00e4n Finanssivalvonnan tai muun asianmukaisen tahon laatimalla ja\/tai hyv\u00e4ksym\u00e4ll\u00e4, soveltuvat vaatimukset t\u00e4ytt\u00e4v\u00e4ll\u00e4 s\u00e4hk\u00f6isell\u00e4 menettelyll\u00e4. Sis\u00e4piiriluettelot eiv\u00e4t ole julkisia, eik\u00e4 niit\u00e4 aseteta yleis\u00f6n n\u00e4ht\u00e4ville.<\/p>\n<p>Sis\u00e4piirihallinto ilmoittaa kirjallisesti sis\u00e4piiriluetteloon kuuluvalle henkil\u00f6lle h\u00e4nen sis\u00e4piiriasemastaan, siit\u00e4 seuraavista velvoitteista ja velvoitteiden rikkomisesta mahdollisesti liittyvist\u00e4 seuraamuksista. Hankekohtaiseen sis\u00e4piiriluetteloon merkitylle henkil\u00f6lle ilmoitetaan hankkeen p\u00e4\u00e4tt\u00e4misest\u00e4 ja hankekohtaisen sis\u00e4piiriluettelon sulkemisesta.<\/p>\n<p>Saga\u00a0Fursin\u00a0sis\u00e4piirivastaavana toimii konsernin HR- ja IT-johtaja.<\/p>\n<p><u>Kaupank\u00e4yntirajoitukset (suljettu ikkuna)<\/u><\/p>\n<p>Johtoteht\u00e4viss\u00e4 toimivien henkil\u00f6iden sek\u00e4 muiden Saga Fursin mahdollisesti m\u00e4\u00e4rittelemien pysyvien sis\u00e4piiril\u00e4isten tulee ajoittaa kaupank\u00e4yntins\u00e4 rahoitusv\u00e4lineill\u00e4 siten, ettei kaupank\u00e4ynti heikenn\u00e4 arvopaperimarkkinoita kohtaan tunnettua luottamusta.<\/p>\n<p>Johtoteht\u00e4viss\u00e4 toimivat henkil\u00f6t sek\u00e4 mahdolliset muut pysyv\u00e4t sis\u00e4piiril\u00e4iset eiv\u00e4t saa toteuttaa omaan lukuunsa tai kolmannen osapuolen lukuun liiketoimia suljetun ajanjakson aikana, joka alkaa aina 30 p\u00e4iv\u00e4\u00e4 ennen kyseess\u00e4 olevan tilinp\u00e4\u00e4t\u00f6stiedotteen ja puolivuosikatsauksen julkistamisp\u00e4iv\u00e4\u00e4 ja p\u00e4\u00e4ttyy 24 tuntia konsernin osavuosikatsauksen, puolivuosikatsauksen tai tilinp\u00e4\u00e4t\u00f6stiedotteen julkistamisen j\u00e4lkeen.<\/p>\n<p>Nasdaq Helsinki Oy:n sis\u00e4piiriohjeen mukaisesti Saga Furs m\u00e4\u00e4r\u00e4\u00e4, ett\u00e4 henkil\u00f6t, jotka osallistuvat Saga Fursin taloudellisten raporttien valmisteluun, laatimiseen, tarkastamiseen tai julkistamiseen, eiv\u00e4t saa toteuttaa omaan lukuunsa tai kolmannen osapuolen lukuun liiketoimia suljetun ajanjakson ajan.<\/p>\n<p>Kaupank\u00e4yntirajoitusta sovelletaan my\u00f6s kaupank\u00e4yntirajoituksen piiriin kuuluvien henkil\u00f6iden edunvalvonnassa oleviin vajaavaltaisiin henkil\u00f6ihin. Kaupank\u00e4yntirajoituksen piiriss\u00e4 olevalla henkil\u00f6ll\u00e4 on vastuu kaupank\u00e4yntirajoituksen noudattamisesta my\u00f6s silloin, kun h\u00e4nen arvopapereidensa ja muiden rahoitusv\u00e4lineidens\u00e4 hoito on annettu toisen henkil\u00f6n, esimerkiksi salkunhoitajan, teht\u00e4v\u00e4ksi.<\/p>\n<p><u>Johdon ja l\u00e4hipiirin velvollisuus liiketoimien ilmoittamiseen ja liiketoimien julkistaminen<\/u><\/p>\n<p>Johtoteht\u00e4viss\u00e4 toimivien henkil\u00f6iden ja heid\u00e4n l\u00e4hipiirins\u00e4 on ilmoitettava Saga Fursille ja Finanssivalvonnalle kaikki liiketoimensa, jotka he tekev\u00e4t omaan lukuunsa Saga Fursin osalta sen osakkeilla, vieraan p\u00e4\u00e4oman ehtoisilla rahoitusv\u00e4lineill\u00e4 taikka johdannaisilla tai muilla niihin liittyvill\u00e4 rahoitusv\u00e4lineill\u00e4. Ilmoitusvelvollisuus koskee mill\u00e4 tahansa markkinapaikalla tai markkinapaikkojen ulkopuolella tehtyj\u00e4 liiketoimia.<\/p>\n<p>Ilmoitusvelvollisuuden alaraja on 20\u00a0000 (kaksikymment\u00e4 tuhatta) euroa kalenterivuoden aikana.<\/p>\n<p>&nbsp;<\/p>\n<p>P\u00e4ivitetty: kes\u00e4kuu 2025<\/p>\n","protected":false},"excerpt":{"rendered":"<p>Saga Furs Oyj:n toimintaan liittyv\u00e4t riskit jaotellaan liiketoimintariskeihin, vahinko- ja omaisuusriskeihin, rahoitusriskeihin sek\u00e4 operatiivisiin riskeihin. N\u00e4iss\u00e4 riskikategorioissa yhti\u00f6 on m\u00e4\u00e4ritellyt merkitt\u00e4vimmiksi riskeikseen ja ep\u00e4varmuustekij\u00f6ikseen t\u00e4ll\u00e4 hetkell\u00e4 suhdanteiden ja valuuttakurssien vaihtelut, turkisel\u00e4inten kasvatukseen ja turkisnahoilla k\u00e4yt\u00e4v\u00e4\u00e4n kauppaan liittyv\u00e4t imagoriskit ja poliittiset riskit, muutokset turkisnahkojen tuotannossa sek\u00e4 rahoitusriskit. Yhti\u00f6 pyrkii hallitsemaan ja rajaamaan riskej\u00e4\u00e4n johdonmukaisella menettelytavalla, jonka<a class=\"excerpt-read-more\" href=\"https:\/\/www.sagafurs.com\/fi\/yritys\/yhtion-hallinto\/sisainen-valvonta-ja-riskienhallinta\/\" title=\"LueSis\u00e4inen valvonta ja riskienhallinta\">\u2026 Lue lis\u00e4\u00e4 &raquo;<\/a><\/p>\n","protected":false},"author":29,"featured_media":0,"parent":529,"menu_order":0,"comment_status":"closed","ping_status":"closed","template":"templates\/content-page-template.php","meta":{"_acf_changed":false,"footnotes":""},"class_list":["post-5937","page","type-page","status-publish","hentry"],"acf":[],"yoast_head":"<!-- This site is optimized with the Yoast SEO plugin v27.4 - https:\/\/yoast.com\/product\/yoast-seo-wordpress\/ -->\n<title>Sis\u00e4inen valvonta ja riskienhallinta - Sagafurs<\/title>\n<meta name=\"robots\" content=\"index, follow, max-snippet:-1, max-image-preview:large, max-video-preview:-1\" \/>\n<link rel=\"canonical\" href=\"https:\/\/www.sagafurs.com\/fi\/yritys\/yhtion-hallinto\/sisainen-valvonta-ja-riskienhallinta\/\" \/>\n<meta property=\"og:locale\" content=\"fi_FI\" \/>\n<meta property=\"og:type\" content=\"article\" \/>\n<meta property=\"og:title\" content=\"Sis\u00e4inen valvonta ja riskienhallinta - Sagafurs\" \/>\n<meta property=\"og:description\" content=\"Saga Furs Oyj:n toimintaan liittyv\u00e4t riskit jaotellaan liiketoimintariskeihin, vahinko- ja omaisuusriskeihin, rahoitusriskeihin sek\u00e4 operatiivisiin riskeihin. N\u00e4iss\u00e4 riskikategorioissa yhti\u00f6 on m\u00e4\u00e4ritellyt merkitt\u00e4vimmiksi riskeikseen ja ep\u00e4varmuustekij\u00f6ikseen t\u00e4ll\u00e4 hetkell\u00e4 suhdanteiden ja valuuttakurssien vaihtelut, turkisel\u00e4inten kasvatukseen ja turkisnahoilla k\u00e4yt\u00e4v\u00e4\u00e4n kauppaan liittyv\u00e4t imagoriskit ja poliittiset riskit, muutokset turkisnahkojen tuotannossa sek\u00e4 rahoitusriskit. Yhti\u00f6 pyrkii hallitsemaan ja rajaamaan riskej\u00e4\u00e4n johdonmukaisella menettelytavalla, jonka\u2026 Lue lis\u00e4\u00e4 &raquo;\" \/>\n<meta property=\"og:url\" content=\"https:\/\/www.sagafurs.com\/fi\/yritys\/yhtion-hallinto\/sisainen-valvonta-ja-riskienhallinta\/\" \/>\n<meta property=\"og:site_name\" content=\"Sagafurs\" \/>\n<meta property=\"article:modified_time\" content=\"2025-06-06T06:38:21+00:00\" \/>\n<meta name=\"twitter:card\" content=\"summary_large_image\" \/>\n<meta name=\"twitter:label1\" content=\"Est. reading time\" \/>\n\t<meta name=\"twitter:data1\" content=\"3 minutes\" \/>\n<script type=\"application\/ld+json\" class=\"yoast-schema-graph\">{\"@context\":\"https:\\\/\\\/schema.org\",\"@graph\":[{\"@type\":\"WebPage\",\"@id\":\"https:\\\/\\\/www.sagafurs.com\\\/fi\\\/yritys\\\/yhtion-hallinto\\\/sisainen-valvonta-ja-riskienhallinta\\\/\",\"url\":\"https:\\\/\\\/www.sagafurs.com\\\/fi\\\/yritys\\\/yhtion-hallinto\\\/sisainen-valvonta-ja-riskienhallinta\\\/\",\"name\":\"Sis\u00e4inen valvonta ja riskienhallinta - Sagafurs\",\"isPartOf\":{\"@id\":\"https:\\\/\\\/www.sagafurs.com\\\/#website\"},\"datePublished\":\"2016-10-20T12:44:07+00:00\",\"dateModified\":\"2025-06-06T06:38:21+00:00\",\"breadcrumb\":{\"@id\":\"https:\\\/\\\/www.sagafurs.com\\\/fi\\\/yritys\\\/yhtion-hallinto\\\/sisainen-valvonta-ja-riskienhallinta\\\/#breadcrumb\"},\"inLanguage\":\"fi-FI\",\"potentialAction\":[{\"@type\":\"ReadAction\",\"target\":[\"https:\\\/\\\/www.sagafurs.com\\\/fi\\\/yritys\\\/yhtion-hallinto\\\/sisainen-valvonta-ja-riskienhallinta\\\/\"]}]},{\"@type\":\"BreadcrumbList\",\"@id\":\"https:\\\/\\\/www.sagafurs.com\\\/fi\\\/yritys\\\/yhtion-hallinto\\\/sisainen-valvonta-ja-riskienhallinta\\\/#breadcrumb\",\"itemListElement\":[{\"@type\":\"ListItem\",\"position\":1,\"name\":\"Home\",\"item\":\"https:\\\/\\\/www.sagafurs.com\\\/fi\\\/\"},{\"@type\":\"ListItem\",\"position\":2,\"name\":\"Yritys\",\"item\":\"https:\\\/\\\/www.sagafurs.com\\\/fi\\\/yritys\\\/\"},{\"@type\":\"ListItem\",\"position\":3,\"name\":\"Yhti\u00f6n hallinto\",\"item\":\"https:\\\/\\\/www.sagafurs.com\\\/fi\\\/yritys\\\/yhtion-hallinto\\\/\"},{\"@type\":\"ListItem\",\"position\":4,\"name\":\"Sis\u00e4inen valvonta ja riskienhallinta\"}]},{\"@type\":\"WebSite\",\"@id\":\"https:\\\/\\\/www.sagafurs.com\\\/#website\",\"url\":\"https:\\\/\\\/www.sagafurs.com\\\/\",\"name\":\"Sagafurs\",\"description\":\"Sagafurs\",\"potentialAction\":[{\"@type\":\"SearchAction\",\"target\":{\"@type\":\"EntryPoint\",\"urlTemplate\":\"https:\\\/\\\/www.sagafurs.com\\\/?s={search_term_string}\"},\"query-input\":{\"@type\":\"PropertyValueSpecification\",\"valueRequired\":true,\"valueName\":\"search_term_string\"}}],\"inLanguage\":\"fi-FI\"}]}<\/script>\n<!-- \/ Yoast SEO plugin. -->","yoast_head_json":{"title":"Sis\u00e4inen valvonta ja riskienhallinta - Sagafurs","robots":{"index":"index","follow":"follow","max-snippet":"max-snippet:-1","max-image-preview":"max-image-preview:large","max-video-preview":"max-video-preview:-1"},"canonical":"https:\/\/www.sagafurs.com\/fi\/yritys\/yhtion-hallinto\/sisainen-valvonta-ja-riskienhallinta\/","og_locale":"fi_FI","og_type":"article","og_title":"Sis\u00e4inen valvonta ja riskienhallinta - Sagafurs","og_description":"Saga Furs Oyj:n toimintaan liittyv\u00e4t riskit jaotellaan liiketoimintariskeihin, vahinko- ja omaisuusriskeihin, rahoitusriskeihin sek\u00e4 operatiivisiin riskeihin. N\u00e4iss\u00e4 riskikategorioissa yhti\u00f6 on m\u00e4\u00e4ritellyt merkitt\u00e4vimmiksi riskeikseen ja ep\u00e4varmuustekij\u00f6ikseen t\u00e4ll\u00e4 hetkell\u00e4 suhdanteiden ja valuuttakurssien vaihtelut, turkisel\u00e4inten kasvatukseen ja turkisnahoilla k\u00e4yt\u00e4v\u00e4\u00e4n kauppaan liittyv\u00e4t imagoriskit ja poliittiset riskit, muutokset turkisnahkojen tuotannossa sek\u00e4 rahoitusriskit. Yhti\u00f6 pyrkii hallitsemaan ja rajaamaan riskej\u00e4\u00e4n johdonmukaisella menettelytavalla, jonka\u2026 Lue lis\u00e4\u00e4 &raquo;","og_url":"https:\/\/www.sagafurs.com\/fi\/yritys\/yhtion-hallinto\/sisainen-valvonta-ja-riskienhallinta\/","og_site_name":"Sagafurs","article_modified_time":"2025-06-06T06:38:21+00:00","twitter_card":"summary_large_image","twitter_misc":{"Est. reading time":"3 minutes"},"schema":{"@context":"https:\/\/schema.org","@graph":[{"@type":"WebPage","@id":"https:\/\/www.sagafurs.com\/fi\/yritys\/yhtion-hallinto\/sisainen-valvonta-ja-riskienhallinta\/","url":"https:\/\/www.sagafurs.com\/fi\/yritys\/yhtion-hallinto\/sisainen-valvonta-ja-riskienhallinta\/","name":"Sis\u00e4inen valvonta ja riskienhallinta - Sagafurs","isPartOf":{"@id":"https:\/\/www.sagafurs.com\/#website"},"datePublished":"2016-10-20T12:44:07+00:00","dateModified":"2025-06-06T06:38:21+00:00","breadcrumb":{"@id":"https:\/\/www.sagafurs.com\/fi\/yritys\/yhtion-hallinto\/sisainen-valvonta-ja-riskienhallinta\/#breadcrumb"},"inLanguage":"fi-FI","potentialAction":[{"@type":"ReadAction","target":["https:\/\/www.sagafurs.com\/fi\/yritys\/yhtion-hallinto\/sisainen-valvonta-ja-riskienhallinta\/"]}]},{"@type":"BreadcrumbList","@id":"https:\/\/www.sagafurs.com\/fi\/yritys\/yhtion-hallinto\/sisainen-valvonta-ja-riskienhallinta\/#breadcrumb","itemListElement":[{"@type":"ListItem","position":1,"name":"Home","item":"https:\/\/www.sagafurs.com\/fi\/"},{"@type":"ListItem","position":2,"name":"Yritys","item":"https:\/\/www.sagafurs.com\/fi\/yritys\/"},{"@type":"ListItem","position":3,"name":"Yhti\u00f6n hallinto","item":"https:\/\/www.sagafurs.com\/fi\/yritys\/yhtion-hallinto\/"},{"@type":"ListItem","position":4,"name":"Sis\u00e4inen valvonta ja riskienhallinta"}]},{"@type":"WebSite","@id":"https:\/\/www.sagafurs.com\/#website","url":"https:\/\/www.sagafurs.com\/","name":"Sagafurs","description":"Sagafurs","potentialAction":[{"@type":"SearchAction","target":{"@type":"EntryPoint","urlTemplate":"https:\/\/www.sagafurs.com\/?s={search_term_string}"},"query-input":{"@type":"PropertyValueSpecification","valueRequired":true,"valueName":"search_term_string"}}],"inLanguage":"fi-FI"}]}},"_links":{"self":[{"href":"https:\/\/www.sagafurs.com\/fi\/wp-json\/wp\/v2\/pages\/5937","targetHints":{"allow":["GET"]}}],"collection":[{"href":"https:\/\/www.sagafurs.com\/fi\/wp-json\/wp\/v2\/pages"}],"about":[{"href":"https:\/\/www.sagafurs.com\/fi\/wp-json\/wp\/v2\/types\/page"}],"author":[{"embeddable":true,"href":"https:\/\/www.sagafurs.com\/fi\/wp-json\/wp\/v2\/users\/29"}],"replies":[{"embeddable":true,"href":"https:\/\/www.sagafurs.com\/fi\/wp-json\/wp\/v2\/comments?post=5937"}],"version-history":[{"count":0,"href":"https:\/\/www.sagafurs.com\/fi\/wp-json\/wp\/v2\/pages\/5937\/revisions"}],"up":[{"embeddable":true,"href":"https:\/\/www.sagafurs.com\/fi\/wp-json\/wp\/v2\/pages\/529"}],"wp:attachment":[{"href":"https:\/\/www.sagafurs.com\/fi\/wp-json\/wp\/v2\/media?parent=5937"}],"curies":[{"name":"wp","href":"https:\/\/api.w.org\/{rel}","templated":true}]}}