{"id":6079,"date":"2016-10-20T19:41:06","date_gmt":"2016-10-20T18:41:06","guid":{"rendered":"https:\/\/www.sagafurs.com\/fi\/?page_id=6079"},"modified":"2016-10-20T19:41:06","modified_gmt":"2016-10-20T18:41:06","slug":"lunastuslauseke","status":"publish","type":"page","link":"https:\/\/www.sagafurs.com\/fi\/yritys\/sijoittajille\/osakkeet-ja-osakkeenomistajat\/lunastuslauseke\/","title":{"rendered":"Lunastuslauseke"},"content":{"rendered":"<p>Turkistuottajat Oyj:n lunastuslauseke yhti\u00f6j\u00e4rjestyksen 5\u00a7:n mukaan:<\/p>\n<p>5 \u00a7 A- ja B-osakkeiden siirtyess\u00e4 muun s\u00e4\u00e4nn\u00f6n kuin perinn\u00f6n, testamentin tai avio-oikeuden nojalla yhti\u00f6\u00f6n ennest\u00e4\u00e4n kuulumattomalle j\u00e4rjest\u00f6lle tai henkil\u00f6lle, siirronsaajan on 14 p\u00e4iv\u00e4n kuluessa siirrosta lukien ilmoitettava siit\u00e4 kirjallisesti yhti\u00f6n hallitukselle, jonka tulee viipym\u00e4tt\u00e4 antaa siirrosta tieto yhti\u00f6n osakkaille ilmoituksella, joka on julkaistava v\u00e4hint\u00e4\u00e4n kolmessa Helsingin kaupungissa ilmestyv\u00e4ss\u00e4, yhti\u00f6n toimialueella levi\u00e4v\u00e4ss\u00e4 sanomalehdess\u00e4.<\/p>\n<p>Osakkailla on kuukauden kuluessa ilmoituksen julkaisemisesta oikeus lunastaa osake siit\u00e4 arvosta, mik\u00e4 sill\u00e4 viimeksi tehdyn tilinp\u00e4\u00e4t\u00f6ksen mukaan on, kuitenkin niin, ett\u00e4 A-osakkeen omistajalla on lunastusoikeus A- ja B-osakkeeseen n\u00e4hden ja B-osakkeen omistajalla vain B-osakkeeseen n\u00e4hden. Jos useampia lunastajia ilmaantuu, lunastusoikeus heid\u00e4n v\u00e4lill\u00e4\u00e4n ratkaistaan arvalla.<\/p>\n","protected":false},"excerpt":{"rendered":"<p>Turkistuottajat Oyj:n lunastuslauseke yhti\u00f6j\u00e4rjestyksen 5\u00a7:n mukaan: 5 \u00a7 A- ja B-osakkeiden siirtyess\u00e4 muun s\u00e4\u00e4nn\u00f6n kuin perinn\u00f6n, testamentin tai avio-oikeuden nojalla yhti\u00f6\u00f6n ennest\u00e4\u00e4n kuulumattomalle j\u00e4rjest\u00f6lle tai henkil\u00f6lle, siirronsaajan on 14 p\u00e4iv\u00e4n kuluessa siirrosta lukien ilmoitettava siit\u00e4 kirjallisesti yhti\u00f6n hallitukselle, jonka tulee viipym\u00e4tt\u00e4 antaa siirrosta tieto yhti\u00f6n osakkaille ilmoituksella, joka on julkaistava v\u00e4hint\u00e4\u00e4n kolmessa Helsingin kaupungissa ilmestyv\u00e4ss\u00e4,<a class=\"excerpt-read-more\" href=\"https:\/\/www.sagafurs.com\/fi\/yritys\/sijoittajille\/osakkeet-ja-osakkeenomistajat\/lunastuslauseke\/\" title=\"LueLunastuslauseke\">\u2026 Lue lis\u00e4\u00e4 &raquo;<\/a><\/p>\n","protected":false},"author":29,"featured_media":0,"parent":523,"menu_order":0,"comment_status":"closed","ping_status":"closed","template":"templates\/content-page-template.php","meta":{"_acf_changed":false,"footnotes":""},"class_list":["post-6079","page","type-page","status-publish","hentry"],"acf":[],"yoast_head":"<!-- This site is optimized with the Yoast SEO plugin v27.5 - https:\/\/yoast.com\/product\/yoast-seo-wordpress\/ -->\n<title>Lunastuslauseke - Sagafurs<\/title>\n<meta name=\"robots\" content=\"index, follow, max-snippet:-1, max-image-preview:large, max-video-preview:-1\" \/>\n<link rel=\"canonical\" href=\"https:\/\/www.sagafurs.com\/fi\/yritys\/sijoittajille\/osakkeet-ja-osakkeenomistajat\/lunastuslauseke\/\" \/>\n<meta property=\"og:locale\" content=\"fi_FI\" \/>\n<meta property=\"og:type\" content=\"article\" \/>\n<meta property=\"og:title\" content=\"Lunastuslauseke - Sagafurs\" \/>\n<meta property=\"og:description\" content=\"Turkistuottajat Oyj:n lunastuslauseke yhti\u00f6j\u00e4rjestyksen 5\u00a7:n mukaan: 5 \u00a7 A- ja B-osakkeiden siirtyess\u00e4 muun s\u00e4\u00e4nn\u00f6n kuin perinn\u00f6n, testamentin tai avio-oikeuden nojalla yhti\u00f6\u00f6n ennest\u00e4\u00e4n kuulumattomalle j\u00e4rjest\u00f6lle tai henkil\u00f6lle, siirronsaajan on 14 p\u00e4iv\u00e4n kuluessa siirrosta lukien ilmoitettava siit\u00e4 kirjallisesti yhti\u00f6n hallitukselle, jonka tulee viipym\u00e4tt\u00e4 antaa siirrosta tieto yhti\u00f6n osakkaille ilmoituksella, joka on julkaistava v\u00e4hint\u00e4\u00e4n kolmessa Helsingin kaupungissa ilmestyv\u00e4ss\u00e4,\u2026 Lue lis\u00e4\u00e4 &raquo;\" \/>\n<meta property=\"og:url\" content=\"https:\/\/www.sagafurs.com\/fi\/yritys\/sijoittajille\/osakkeet-ja-osakkeenomistajat\/lunastuslauseke\/\" \/>\n<meta property=\"og:site_name\" content=\"Sagafurs\" \/>\n<meta name=\"twitter:card\" content=\"summary_large_image\" \/>\n<meta name=\"twitter:label1\" content=\"Est. reading time\" \/>\n\t<meta name=\"twitter:data1\" content=\"1 minute\" \/>\n<script type=\"application\/ld+json\" class=\"yoast-schema-graph\">{\"@context\":\"https:\\\/\\\/schema.org\",\"@graph\":[{\"@type\":\"WebPage\",\"@id\":\"https:\\\/\\\/www.sagafurs.com\\\/fi\\\/yritys\\\/sijoittajille\\\/osakkeet-ja-osakkeenomistajat\\\/lunastuslauseke\\\/\",\"url\":\"https:\\\/\\\/www.sagafurs.com\\\/fi\\\/yritys\\\/sijoittajille\\\/osakkeet-ja-osakkeenomistajat\\\/lunastuslauseke\\\/\",\"name\":\"Lunastuslauseke - Sagafurs\",\"isPartOf\":{\"@id\":\"https:\\\/\\\/www.sagafurs.com\\\/#website\"},\"datePublished\":\"2016-10-20T18:41:06+00:00\",\"breadcrumb\":{\"@id\":\"https:\\\/\\\/www.sagafurs.com\\\/fi\\\/yritys\\\/sijoittajille\\\/osakkeet-ja-osakkeenomistajat\\\/lunastuslauseke\\\/#breadcrumb\"},\"inLanguage\":\"fi-FI\",\"potentialAction\":[{\"@type\":\"ReadAction\",\"target\":[\"https:\\\/\\\/www.sagafurs.com\\\/fi\\\/yritys\\\/sijoittajille\\\/osakkeet-ja-osakkeenomistajat\\\/lunastuslauseke\\\/\"]}]},{\"@type\":\"BreadcrumbList\",\"@id\":\"https:\\\/\\\/www.sagafurs.com\\\/fi\\\/yritys\\\/sijoittajille\\\/osakkeet-ja-osakkeenomistajat\\\/lunastuslauseke\\\/#breadcrumb\",\"itemListElement\":[{\"@type\":\"ListItem\",\"position\":1,\"name\":\"Home\",\"item\":\"https:\\\/\\\/www.sagafurs.com\\\/fi\\\/\"},{\"@type\":\"ListItem\",\"position\":2,\"name\":\"Yritys\",\"item\":\"https:\\\/\\\/www.sagafurs.com\\\/fi\\\/yritys\\\/\"},{\"@type\":\"ListItem\",\"position\":3,\"name\":\"Sijoittajille\",\"item\":\"https:\\\/\\\/www.sagafurs.com\\\/fi\\\/yritys\\\/sijoittajille\\\/\"},{\"@type\":\"ListItem\",\"position\":4,\"name\":\"Osakkeet ja osakkeenomistajat\",\"item\":\"https:\\\/\\\/www.sagafurs.com\\\/fi\\\/yritys\\\/sijoittajille\\\/osakkeet-ja-osakkeenomistajat\\\/\"},{\"@type\":\"ListItem\",\"position\":5,\"name\":\"Lunastuslauseke\"}]},{\"@type\":\"WebSite\",\"@id\":\"https:\\\/\\\/www.sagafurs.com\\\/#website\",\"url\":\"https:\\\/\\\/www.sagafurs.com\\\/\",\"name\":\"Sagafurs\",\"description\":\"Sagafurs\",\"potentialAction\":[{\"@type\":\"SearchAction\",\"target\":{\"@type\":\"EntryPoint\",\"urlTemplate\":\"https:\\\/\\\/www.sagafurs.com\\\/?s={search_term_string}\"},\"query-input\":{\"@type\":\"PropertyValueSpecification\",\"valueRequired\":true,\"valueName\":\"search_term_string\"}}],\"inLanguage\":\"fi-FI\"}]}<\/script>\n<!-- \/ Yoast SEO plugin. -->","yoast_head_json":{"title":"Lunastuslauseke - Sagafurs","robots":{"index":"index","follow":"follow","max-snippet":"max-snippet:-1","max-image-preview":"max-image-preview:large","max-video-preview":"max-video-preview:-1"},"canonical":"https:\/\/www.sagafurs.com\/fi\/yritys\/sijoittajille\/osakkeet-ja-osakkeenomistajat\/lunastuslauseke\/","og_locale":"fi_FI","og_type":"article","og_title":"Lunastuslauseke - Sagafurs","og_description":"Turkistuottajat Oyj:n lunastuslauseke yhti\u00f6j\u00e4rjestyksen 5\u00a7:n mukaan: 5 \u00a7 A- ja B-osakkeiden siirtyess\u00e4 muun s\u00e4\u00e4nn\u00f6n kuin perinn\u00f6n, testamentin tai avio-oikeuden nojalla yhti\u00f6\u00f6n ennest\u00e4\u00e4n kuulumattomalle j\u00e4rjest\u00f6lle tai henkil\u00f6lle, siirronsaajan on 14 p\u00e4iv\u00e4n kuluessa siirrosta lukien ilmoitettava siit\u00e4 kirjallisesti yhti\u00f6n hallitukselle, jonka tulee viipym\u00e4tt\u00e4 antaa siirrosta tieto yhti\u00f6n osakkaille ilmoituksella, joka on julkaistava v\u00e4hint\u00e4\u00e4n kolmessa Helsingin kaupungissa ilmestyv\u00e4ss\u00e4,\u2026 Lue lis\u00e4\u00e4 &raquo;","og_url":"https:\/\/www.sagafurs.com\/fi\/yritys\/sijoittajille\/osakkeet-ja-osakkeenomistajat\/lunastuslauseke\/","og_site_name":"Sagafurs","twitter_card":"summary_large_image","twitter_misc":{"Est. reading time":"1 minute"},"schema":{"@context":"https:\/\/schema.org","@graph":[{"@type":"WebPage","@id":"https:\/\/www.sagafurs.com\/fi\/yritys\/sijoittajille\/osakkeet-ja-osakkeenomistajat\/lunastuslauseke\/","url":"https:\/\/www.sagafurs.com\/fi\/yritys\/sijoittajille\/osakkeet-ja-osakkeenomistajat\/lunastuslauseke\/","name":"Lunastuslauseke - Sagafurs","isPartOf":{"@id":"https:\/\/www.sagafurs.com\/#website"},"datePublished":"2016-10-20T18:41:06+00:00","breadcrumb":{"@id":"https:\/\/www.sagafurs.com\/fi\/yritys\/sijoittajille\/osakkeet-ja-osakkeenomistajat\/lunastuslauseke\/#breadcrumb"},"inLanguage":"fi-FI","potentialAction":[{"@type":"ReadAction","target":["https:\/\/www.sagafurs.com\/fi\/yritys\/sijoittajille\/osakkeet-ja-osakkeenomistajat\/lunastuslauseke\/"]}]},{"@type":"BreadcrumbList","@id":"https:\/\/www.sagafurs.com\/fi\/yritys\/sijoittajille\/osakkeet-ja-osakkeenomistajat\/lunastuslauseke\/#breadcrumb","itemListElement":[{"@type":"ListItem","position":1,"name":"Home","item":"https:\/\/www.sagafurs.com\/fi\/"},{"@type":"ListItem","position":2,"name":"Yritys","item":"https:\/\/www.sagafurs.com\/fi\/yritys\/"},{"@type":"ListItem","position":3,"name":"Sijoittajille","item":"https:\/\/www.sagafurs.com\/fi\/yritys\/sijoittajille\/"},{"@type":"ListItem","position":4,"name":"Osakkeet ja osakkeenomistajat","item":"https:\/\/www.sagafurs.com\/fi\/yritys\/sijoittajille\/osakkeet-ja-osakkeenomistajat\/"},{"@type":"ListItem","position":5,"name":"Lunastuslauseke"}]},{"@type":"WebSite","@id":"https:\/\/www.sagafurs.com\/#website","url":"https:\/\/www.sagafurs.com\/","name":"Sagafurs","description":"Sagafurs","potentialAction":[{"@type":"SearchAction","target":{"@type":"EntryPoint","urlTemplate":"https:\/\/www.sagafurs.com\/?s={search_term_string}"},"query-input":{"@type":"PropertyValueSpecification","valueRequired":true,"valueName":"search_term_string"}}],"inLanguage":"fi-FI"}]}},"_links":{"self":[{"href":"https:\/\/www.sagafurs.com\/fi\/wp-json\/wp\/v2\/pages\/6079","targetHints":{"allow":["GET"]}}],"collection":[{"href":"https:\/\/www.sagafurs.com\/fi\/wp-json\/wp\/v2\/pages"}],"about":[{"href":"https:\/\/www.sagafurs.com\/fi\/wp-json\/wp\/v2\/types\/page"}],"author":[{"embeddable":true,"href":"https:\/\/www.sagafurs.com\/fi\/wp-json\/wp\/v2\/users\/29"}],"replies":[{"embeddable":true,"href":"https:\/\/www.sagafurs.com\/fi\/wp-json\/wp\/v2\/comments?post=6079"}],"version-history":[{"count":0,"href":"https:\/\/www.sagafurs.com\/fi\/wp-json\/wp\/v2\/pages\/6079\/revisions"}],"up":[{"embeddable":true,"href":"https:\/\/www.sagafurs.com\/fi\/wp-json\/wp\/v2\/pages\/523"}],"wp:attachment":[{"href":"https:\/\/www.sagafurs.com\/fi\/wp-json\/wp\/v2\/media?parent=6079"}],"curies":[{"name":"wp","href":"https:\/\/api.w.org\/{rel}","templated":true}]}}