{"id":6082,"date":"2016-10-20T19:47:54","date_gmt":"2016-10-20T18:47:54","guid":{"rendered":"https:\/\/www.sagafurs.com\/fi\/?page_id=6082"},"modified":"2016-10-20T19:47:54","modified_gmt":"2016-10-20T18:47:54","slug":"yhtion-osingonjakopolitiikka","status":"publish","type":"page","link":"https:\/\/www.sagafurs.com\/fi\/yritys\/sijoittajille\/osakkeet-ja-osakkeenomistajat\/yhtion-osingonjakopolitiikka\/","title":{"rendered":"Yhti\u00f6n osingonjakopolitiikka"},"content":{"rendered":"<p>Saga Furs Oyj:n hallitus on 14.10.2013 pit\u00e4m\u00e4ss\u00e4\u00e4n kokouksessa p\u00e4\u00e4tt\u00e4nyt seuraavasta linjauksesta yhti\u00f6n osingonjakopolitiikkaan:<\/p>\n<p>Yhti\u00f6n tavoitteena on tasainen osingonjako, jossa otetaan huomioon yhti\u00f6n liiketoimintan\u00e4kym\u00e4t sek\u00e4 liiketoimintaan ja sen vaatimiin investointeihin liittyv\u00e4t rahoitustarpeet.<\/p>\n","protected":false},"excerpt":{"rendered":"<p>Saga Furs Oyj:n hallitus on 14.10.2013 pit\u00e4m\u00e4ss\u00e4\u00e4n kokouksessa p\u00e4\u00e4tt\u00e4nyt seuraavasta linjauksesta yhti\u00f6n osingonjakopolitiikkaan: Yhti\u00f6n tavoitteena on tasainen osingonjako, jossa otetaan huomioon yhti\u00f6n liiketoimintan\u00e4kym\u00e4t sek\u00e4 liiketoimintaan ja sen vaatimiin investointeihin liittyv\u00e4t rahoitustarpeet.<\/p>\n","protected":false},"author":29,"featured_media":0,"parent":523,"menu_order":0,"comment_status":"closed","ping_status":"closed","template":"templates\/content-page-template.php","meta":{"_acf_changed":false,"footnotes":""},"class_list":["post-6082","page","type-page","status-publish","hentry"],"acf":[],"yoast_head":"<!-- This site is optimized with the Yoast SEO plugin v27.3 - https:\/\/yoast.com\/product\/yoast-seo-wordpress\/ -->\n<title>Yhti\u00f6n osingonjakopolitiikka - Sagafurs<\/title>\n<meta name=\"robots\" content=\"index, follow, max-snippet:-1, max-image-preview:large, max-video-preview:-1\" \/>\n<link rel=\"canonical\" href=\"https:\/\/www.sagafurs.com\/fi\/yritys\/sijoittajille\/osakkeet-ja-osakkeenomistajat\/yhtion-osingonjakopolitiikka\/\" \/>\n<meta property=\"og:locale\" content=\"fi_FI\" \/>\n<meta property=\"og:type\" content=\"article\" \/>\n<meta property=\"og:title\" content=\"Yhti\u00f6n osingonjakopolitiikka - Sagafurs\" \/>\n<meta property=\"og:description\" content=\"Saga Furs Oyj:n hallitus on 14.10.2013 pit\u00e4m\u00e4ss\u00e4\u00e4n kokouksessa p\u00e4\u00e4tt\u00e4nyt seuraavasta linjauksesta yhti\u00f6n osingonjakopolitiikkaan: Yhti\u00f6n tavoitteena on tasainen osingonjako, jossa otetaan huomioon yhti\u00f6n liiketoimintan\u00e4kym\u00e4t sek\u00e4 liiketoimintaan ja sen vaatimiin investointeihin liittyv\u00e4t rahoitustarpeet.\" \/>\n<meta property=\"og:url\" content=\"https:\/\/www.sagafurs.com\/fi\/yritys\/sijoittajille\/osakkeet-ja-osakkeenomistajat\/yhtion-osingonjakopolitiikka\/\" \/>\n<meta property=\"og:site_name\" content=\"Sagafurs\" \/>\n<meta name=\"twitter:card\" content=\"summary_large_image\" \/>\n<script type=\"application\/ld+json\" class=\"yoast-schema-graph\">{\"@context\":\"https:\\\/\\\/schema.org\",\"@graph\":[{\"@type\":\"WebPage\",\"@id\":\"https:\\\/\\\/www.sagafurs.com\\\/fi\\\/yritys\\\/sijoittajille\\\/osakkeet-ja-osakkeenomistajat\\\/yhtion-osingonjakopolitiikka\\\/\",\"url\":\"https:\\\/\\\/www.sagafurs.com\\\/fi\\\/yritys\\\/sijoittajille\\\/osakkeet-ja-osakkeenomistajat\\\/yhtion-osingonjakopolitiikka\\\/\",\"name\":\"Yhti\u00f6n osingonjakopolitiikka - Sagafurs\",\"isPartOf\":{\"@id\":\"https:\\\/\\\/www.sagafurs.com\\\/#website\"},\"datePublished\":\"2016-10-20T18:47:54+00:00\",\"breadcrumb\":{\"@id\":\"https:\\\/\\\/www.sagafurs.com\\\/fi\\\/yritys\\\/sijoittajille\\\/osakkeet-ja-osakkeenomistajat\\\/yhtion-osingonjakopolitiikka\\\/#breadcrumb\"},\"inLanguage\":\"fi-FI\",\"potentialAction\":[{\"@type\":\"ReadAction\",\"target\":[\"https:\\\/\\\/www.sagafurs.com\\\/fi\\\/yritys\\\/sijoittajille\\\/osakkeet-ja-osakkeenomistajat\\\/yhtion-osingonjakopolitiikka\\\/\"]}]},{\"@type\":\"BreadcrumbList\",\"@id\":\"https:\\\/\\\/www.sagafurs.com\\\/fi\\\/yritys\\\/sijoittajille\\\/osakkeet-ja-osakkeenomistajat\\\/yhtion-osingonjakopolitiikka\\\/#breadcrumb\",\"itemListElement\":[{\"@type\":\"ListItem\",\"position\":1,\"name\":\"Home\",\"item\":\"https:\\\/\\\/www.sagafurs.com\\\/fi\\\/\"},{\"@type\":\"ListItem\",\"position\":2,\"name\":\"Yritys\",\"item\":\"https:\\\/\\\/www.sagafurs.com\\\/fi\\\/yritys\\\/\"},{\"@type\":\"ListItem\",\"position\":3,\"name\":\"Sijoittajille\",\"item\":\"https:\\\/\\\/www.sagafurs.com\\\/fi\\\/yritys\\\/sijoittajille\\\/\"},{\"@type\":\"ListItem\",\"position\":4,\"name\":\"Osakkeet ja osakkeenomistajat\",\"item\":\"https:\\\/\\\/www.sagafurs.com\\\/fi\\\/yritys\\\/sijoittajille\\\/osakkeet-ja-osakkeenomistajat\\\/\"},{\"@type\":\"ListItem\",\"position\":5,\"name\":\"Yhti\u00f6n osingonjakopolitiikka\"}]},{\"@type\":\"WebSite\",\"@id\":\"https:\\\/\\\/www.sagafurs.com\\\/#website\",\"url\":\"https:\\\/\\\/www.sagafurs.com\\\/\",\"name\":\"Sagafurs\",\"description\":\"Sagafurs\",\"potentialAction\":[{\"@type\":\"SearchAction\",\"target\":{\"@type\":\"EntryPoint\",\"urlTemplate\":\"https:\\\/\\\/www.sagafurs.com\\\/?s={search_term_string}\"},\"query-input\":{\"@type\":\"PropertyValueSpecification\",\"valueRequired\":true,\"valueName\":\"search_term_string\"}}],\"inLanguage\":\"fi-FI\"}]}<\/script>\n<!-- \/ Yoast SEO plugin. -->","yoast_head_json":{"title":"Yhti\u00f6n osingonjakopolitiikka - Sagafurs","robots":{"index":"index","follow":"follow","max-snippet":"max-snippet:-1","max-image-preview":"max-image-preview:large","max-video-preview":"max-video-preview:-1"},"canonical":"https:\/\/www.sagafurs.com\/fi\/yritys\/sijoittajille\/osakkeet-ja-osakkeenomistajat\/yhtion-osingonjakopolitiikka\/","og_locale":"fi_FI","og_type":"article","og_title":"Yhti\u00f6n osingonjakopolitiikka - Sagafurs","og_description":"Saga Furs Oyj:n hallitus on 14.10.2013 pit\u00e4m\u00e4ss\u00e4\u00e4n kokouksessa p\u00e4\u00e4tt\u00e4nyt seuraavasta linjauksesta yhti\u00f6n osingonjakopolitiikkaan: Yhti\u00f6n tavoitteena on tasainen osingonjako, jossa otetaan huomioon yhti\u00f6n liiketoimintan\u00e4kym\u00e4t sek\u00e4 liiketoimintaan ja sen vaatimiin investointeihin liittyv\u00e4t rahoitustarpeet.","og_url":"https:\/\/www.sagafurs.com\/fi\/yritys\/sijoittajille\/osakkeet-ja-osakkeenomistajat\/yhtion-osingonjakopolitiikka\/","og_site_name":"Sagafurs","twitter_card":"summary_large_image","schema":{"@context":"https:\/\/schema.org","@graph":[{"@type":"WebPage","@id":"https:\/\/www.sagafurs.com\/fi\/yritys\/sijoittajille\/osakkeet-ja-osakkeenomistajat\/yhtion-osingonjakopolitiikka\/","url":"https:\/\/www.sagafurs.com\/fi\/yritys\/sijoittajille\/osakkeet-ja-osakkeenomistajat\/yhtion-osingonjakopolitiikka\/","name":"Yhti\u00f6n osingonjakopolitiikka - Sagafurs","isPartOf":{"@id":"https:\/\/www.sagafurs.com\/#website"},"datePublished":"2016-10-20T18:47:54+00:00","breadcrumb":{"@id":"https:\/\/www.sagafurs.com\/fi\/yritys\/sijoittajille\/osakkeet-ja-osakkeenomistajat\/yhtion-osingonjakopolitiikka\/#breadcrumb"},"inLanguage":"fi-FI","potentialAction":[{"@type":"ReadAction","target":["https:\/\/www.sagafurs.com\/fi\/yritys\/sijoittajille\/osakkeet-ja-osakkeenomistajat\/yhtion-osingonjakopolitiikka\/"]}]},{"@type":"BreadcrumbList","@id":"https:\/\/www.sagafurs.com\/fi\/yritys\/sijoittajille\/osakkeet-ja-osakkeenomistajat\/yhtion-osingonjakopolitiikka\/#breadcrumb","itemListElement":[{"@type":"ListItem","position":1,"name":"Home","item":"https:\/\/www.sagafurs.com\/fi\/"},{"@type":"ListItem","position":2,"name":"Yritys","item":"https:\/\/www.sagafurs.com\/fi\/yritys\/"},{"@type":"ListItem","position":3,"name":"Sijoittajille","item":"https:\/\/www.sagafurs.com\/fi\/yritys\/sijoittajille\/"},{"@type":"ListItem","position":4,"name":"Osakkeet ja osakkeenomistajat","item":"https:\/\/www.sagafurs.com\/fi\/yritys\/sijoittajille\/osakkeet-ja-osakkeenomistajat\/"},{"@type":"ListItem","position":5,"name":"Yhti\u00f6n osingonjakopolitiikka"}]},{"@type":"WebSite","@id":"https:\/\/www.sagafurs.com\/#website","url":"https:\/\/www.sagafurs.com\/","name":"Sagafurs","description":"Sagafurs","potentialAction":[{"@type":"SearchAction","target":{"@type":"EntryPoint","urlTemplate":"https:\/\/www.sagafurs.com\/?s={search_term_string}"},"query-input":{"@type":"PropertyValueSpecification","valueRequired":true,"valueName":"search_term_string"}}],"inLanguage":"fi-FI"}]}},"_links":{"self":[{"href":"https:\/\/www.sagafurs.com\/fi\/wp-json\/wp\/v2\/pages\/6082","targetHints":{"allow":["GET"]}}],"collection":[{"href":"https:\/\/www.sagafurs.com\/fi\/wp-json\/wp\/v2\/pages"}],"about":[{"href":"https:\/\/www.sagafurs.com\/fi\/wp-json\/wp\/v2\/types\/page"}],"author":[{"embeddable":true,"href":"https:\/\/www.sagafurs.com\/fi\/wp-json\/wp\/v2\/users\/29"}],"replies":[{"embeddable":true,"href":"https:\/\/www.sagafurs.com\/fi\/wp-json\/wp\/v2\/comments?post=6082"}],"version-history":[{"count":0,"href":"https:\/\/www.sagafurs.com\/fi\/wp-json\/wp\/v2\/pages\/6082\/revisions"}],"up":[{"embeddable":true,"href":"https:\/\/www.sagafurs.com\/fi\/wp-json\/wp\/v2\/pages\/523"}],"wp:attachment":[{"href":"https:\/\/www.sagafurs.com\/fi\/wp-json\/wp\/v2\/media?parent=6082"}],"curies":[{"name":"wp","href":"https:\/\/api.w.org\/{rel}","templated":true}]}}