{"id":7001,"date":"2016-11-04T13:01:50","date_gmt":"2016-11-04T11:01:50","guid":{"rendered":"https:\/\/www.sagafurs.com\/fi\/?page_id=7001"},"modified":"2021-11-10T14:32:00","modified_gmt":"2021-11-10T12:32:00","slug":"selvitys-hallinto-ja-ohjausjarjestelmasta-29-11-2010","status":"publish","type":"page","link":"https:\/\/www.sagafurs.com\/fi\/yritys\/yhtion-hallinto\/selvitys-hallinto-ja-ohjausjarjestelmasta-29-11-2010\/","title":{"rendered":"Selvitys hallinto- ja ohjausj\u00e4rjestelm\u00e4st\u00e4 29.11.2010"},"content":{"rendered":"<h3>29.11.2010<\/h3>\n<p>T\u00e4m\u00e4 selvitys Saga Furs Oyj:n (Turkistuottajat Oyj 30.9.2011 saakka) hallinto- ja ohjausj\u00e4rjestelm\u00e4st\u00e4 on annettu 29.11.2010 erillisen\u00e4 kertomuksena ja julkaistu 30.11.2010 samanaikaisesti kuin toimintakertomus yhti\u00f6n Internet-sivuilla.<\/p>\n<p>Saga Furs Oyj (Turkistuottajat Oyj 30.9.2011 saakka) noudattaa Arvopaperimarkkinayhdistys ry:n kes\u00e4kuussa 2010 hyv\u00e4ksym\u00e4\u00e4 ja lokakuussa 2010 voimaanastunutta Suomen listayhti\u00f6iden hallinnointikoodia.<\/p>\n<h3>Poikkeavuudet koodista<\/h3>\n<p>Yhti\u00f6 on poikennut koodista seuraavan suosituksen osalta:<\/p>\n<p>SUOSITUS 14: vain yksi hallituksen j\u00e4sen kuudesta on riippumaton. Yhti\u00f6 katsoo, ett\u00e4 sen liiketoiminnan luonne edellytt\u00e4\u00e4 hallituksen j\u00e4senten enemmist\u00f6lt\u00e4 syv\u00e4llist\u00e4 perehtymist\u00e4 ja sitoutumista turkiselinkeinoon.<\/p>\n<p>Saga Furs Oyj:n (Turkistuottajat Oyj 30.9.2011 saakka) hallinnointikoodi on saatavilla yhti\u00f6n verkkosivuilla www.ffs.fi \/ Suomi \/ Yhti\u00f6 \/ Sijoittajille.<\/p>\n<h3>Hallituksen kokoonpano<\/h3>\n<p>Yhti\u00f6kokous valitsee hallitukseen v\u00e4hint\u00e4\u00e4n 5 ja enint\u00e4\u00e4n 8 j\u00e4sent\u00e4. Hallituksen j\u00e4senet valitaan vuoden toimikaudeksi, joka alkaa yhti\u00f6kokouksen p\u00e4\u00e4ttyess\u00e4 ja p\u00e4\u00e4ttyy vaalia seuraavan varsinaisen yhti\u00f6kokouksen p\u00e4\u00e4ttyess\u00e4.<\/p>\n<p>Hallitus tekee ehdotuksen hallituksen kokoonpanoksi kuultuaan suurimpia osakkeenomistajia. Yhti\u00f6 ilmoittaa Internet-sivuillaan sek\u00e4 yhti\u00f6kokouskutsussa hallituksen j\u00e4senehdokkaiden henkil\u00f6tiedot.<\/p>\n<p>Vallitsevan k\u00e4yt\u00e4nn\u00f6n mukaan henkil\u00f6\u00e4, joka on t\u00e4ytt\u00e4nyt 65 vuotta, ei voida valita hallituksen j\u00e4seneksi. Hallituksen j\u00e4senille valitaan henkil\u00f6kohtaiset varamiehet.<\/p>\n<h3>Saga Furs Oyj:n (Turkistuottajat Oyj 30.9.2011 saakka) hallitus alkaen 21.1.2010<\/h3>\n<p>Jorma Kauppila (s. 1961)<br \/>\nHallituksen j\u00e4sen ja puheenjohtaja vuodesta 2003. Peruskoulu. Turkistuottaja vuodesta 1976.<\/p>\n<p>Markku Koski (s. 1948)<br \/>\nHallituksen j\u00e4sen vuodesta 1994 ja varapuheenjohtaja vuodesta 2001. Peruskoulu. Turkistuottaja vuodesta 1969.<\/p>\n<p>Pentti Lipsanen (s. 1963)<br \/>\nHallituksen j\u00e4sen vuodesta 2007. Peruskoulu. Turkistuottaja vuodesta 1980.<\/p>\n<p>Esa Rantakangas (s. 1972)<br \/>\nHallituksen j\u00e4sen vuodesta 2005. Maatalous- ja mets\u00e4tieteiden maisteri. Turkistuottaja vuodesta 1997.<\/p>\n<p>Rainer Sj\u00f6holm (s. 1970)<br \/>\nHallituksen j\u00e4sen vuodesta 2008. Kauppatieteiden maisteri. Turkistuottaja vuodesta 1995.<\/p>\n<p>Helena Walld\u00e9n (s. 1953)<br \/>\nHallituksen j\u00e4sen vuodesta 2004. Diplomi-insin\u00f6\u00f6ri. Hallitusammattilainen.<\/p>\n<p>Yhti\u00f6st\u00e4 tai sen merkitt\u00e4vist\u00e4 osakkeenomistajista riippumattomat hallituksen j\u00e4senet:<\/p>\n<p>Helena Walld\u00e9n on ko. hallinnointikoodin tarkoittamalla tavalla yhti\u00f6st\u00e4 ja sen merkitt\u00e4vist\u00e4 osakkeenomistajista riippumaton hallituksen j\u00e4sen, muilla hallituksen j\u00e4senill\u00e4 on turkistarhaajina asiakkuussuhde yhti\u00f6\u00f6n.<\/p>\n<h3>Hallituksen teht\u00e4v\u00e4t:<\/h3>\n<p>Hallitus vastaa yhti\u00f6n hallinnosta ja yhti\u00f6n toiminnan asianmukaisesta j\u00e4rjest\u00e4misest\u00e4 lains\u00e4\u00e4d\u00e4nn\u00f6n ja yhti\u00f6j\u00e4rjestyksen mukaisesti. Hallitus nimitt\u00e4\u00e4 toimitusjohtajan sek\u00e4 mahdollisen toimitusjohtajan sijaisen. Hallituksen muita teht\u00e4vi\u00e4 ovat mm.<\/p>\n<ul>\n<li>yhti\u00f6n strategiasta p\u00e4\u00e4tt\u00e4minen<\/li>\n<\/ul>\n<ul>\n<li>merkitt\u00e4vist\u00e4 investoinneista, yrityskaupoista ja omaisuuden myynnist\u00e4 p\u00e4\u00e4tt\u00e4minen<\/li>\n<\/ul>\n<ul>\n<li>tilinp\u00e4\u00e4t\u00f6ksen ja toimintakertomuksen k\u00e4sitteleminen<\/li>\n<\/ul>\n<ul>\n<li>budjetin k\u00e4sitteleminen<\/li>\n<\/ul>\n<ul>\n<li>yhti\u00f6n osinkopolitiikan m\u00e4\u00e4ritt\u00e4minen sek\u00e4 ehdotuksen tekeminen yhti\u00f6kokoukselle vuosittain maksettavasta osingosta<\/li>\n<\/ul>\n<ul>\n<li>yhti\u00f6n huutokaupoissaan noudattaman myyntipolitiikan k\u00e4sitteleminen<\/li>\n<\/ul>\n<ul>\n<li>yhti\u00f6n asiakkailleen tarjoamien nahkojen v\u00e4lityspalveluiden perushinnoittelusta p\u00e4\u00e4tt\u00e4minen<\/li>\n<\/ul>\n<ul>\n<li>yhti\u00f6n riskien valvominen<\/li>\n<\/ul>\n<ul>\n<li>yhti\u00f6n johtoryhm\u00e4n kokoonpanon vahvistaminen toimitusjohtajan esityksest\u00e4<\/li>\n<\/ul>\n<ul>\n<li>johdon toiminnan arviointi<\/li>\n<\/ul>\n<ul>\n<li>yhti\u00f6n henkil\u00f6kunnan kannustusj\u00e4rjestelmist\u00e4 p\u00e4\u00e4tt\u00e4minen<\/li>\n<\/ul>\n<ul>\n<li>muiden asioiden k\u00e4sittely, mik\u00e4li yhti\u00f6n toimitusjohtaja n\u00e4kee t\u00e4m\u00e4n tarkoituksenmukaiseksi<\/li>\n<\/ul>\n<p>Ty\u00f6j\u00e4rjestyksens\u00e4 mukaisesti hallitus em. teht\u00e4viens\u00e4 lis\u00e4ksi saa kokouksissaan informaatiota kansainv\u00e4lisest\u00e4 raakanahkojen markkinatilanteesta, tutustuu edunvalvonta-asioihin eri markkina-alueilla sek\u00e4 seuraa nahkavirtoja yhti\u00f6\u00f6n ja yhti\u00f6st\u00e4.<\/p>\n<p>Ylimm\u00e4n johdon nimitt\u00e4miseen, arviointiin, palkkoihin, palkkioihin tai etuisuuksiin liittyv\u00e4t asiat valmistelevat yhti\u00f6n hallituksen puheenjohtaja ja varapuheenjohtaja, mink\u00e4 j\u00e4lkeen hallitus k\u00e4sittelee ne.<\/p>\n<p>Hallitus ei ole asettanut valiokuntia. Hallitus hoitaa itse tarkastusvaliokunnan teht\u00e4v\u00e4t.<\/p>\n<p>Ty\u00f6j\u00e4rjestyksens\u00e4 mukaan hallitus kokoontuu v\u00e4hint\u00e4\u00e4n 10 kertaa tilivuoden aikana. Hallituksella oli tilivuoden 2009-2010 aikana 21 kokousta. Hallituksen varsinaiset j\u00e4senet ovat osallistuneet kokouksiin keskim\u00e4\u00e4rin 97 prosenttisesti.<\/p>\n<p>Hallitus arvioi vuosittain toimintaansa ja ty\u00f6skentelytapojansa.<\/p>\n<p>Yhti\u00f6ll\u00e4 ei ole hallintoneuvostoa.<\/p>\n<h3>Toimitusjohtaja<\/h3>\n<p>Hallitus nimitt\u00e4\u00e4 yhti\u00f6lle toimitusjohtajan osakeyhti\u00f6lain mukaisesti. Toimitusjohtaja hoitaa yhti\u00f6n operatiivista hallintoa hallituksen antamien ohjeiden ja m\u00e4\u00e4r\u00e4ysten mukaisesti. Toimitusjohtaja huolehtii yhti\u00f6n kirjanpidon lainmukaisuudesta ja varainhoidon luotettavalla tavalla j\u00e4rjest\u00e4misest\u00e4. Toimitusjohtaja voi ryhty\u00e4 yhti\u00f6n normaalista toiminnasta poikkeaviin toimenpiteisiin vain hallituksen luvalla, paitsi jos hallituksen hyv\u00e4ksynn\u00e4lle tarvittava aika aiheuttaisi yhti\u00f6lle tilanteen, jossa se k\u00e4rsii huomattavaa vahinkoa. J\u00e4lkimm\u00e4isess\u00e4 tapauksessa hallitusta tulee informoida niin pian kuin k\u00e4yt\u00e4nn\u00f6ss\u00e4 on mahdollista toimenpiteist\u00e4, joihin on ryhdytty. Toimitusjohtajalle on laadittu kirjallinen toimitusjohtajasopimus.<\/p>\n<p>Saga Furs Oyj:n (Turkistuottajat Oyj 30.9.2011 saakka) toimitusjohtajana toimii 01.09.2009 alkaen tekn.yo. Pertti Fallenius (s. 1962).<\/p>\n<h3>Sis\u00e4inen valvonta ja riskienhallinta<\/h3>\n<p>Saga Furs Oyj:n (Turkistuottajat Oyj 30.9.2011 saakka) toimintaan liittyv\u00e4t riskit jaotellaan 1) liiketoimintariskeihin, 2) vahinko- ja omaisuusriskeihin, 3) rahoitusriskeihin sek\u00e4 4) operatiivisiin riskeihin. N\u00e4iss\u00e4 riskikategorioissa yhti\u00f6 on m\u00e4\u00e4ritellyt merkitt\u00e4vimmiksi riskeikseen ja ep\u00e4varmuustekij\u00f6ikseen t\u00e4ll\u00e4 hetkell\u00e4 uudet markkinat, SAGA-tavaramerkin v\u00e4\u00e4rink\u00e4yt\u00f6n, imagoriskit ja poliittiset riskit, muutokset asiakaskunnassa, rahoitusriskit, suhdanteiden ja valuuttakurssien vaihtelut sek\u00e4 henkil\u00f6st\u00f6n saatavuuden ja rakenteen.<\/p>\n<p>Yhti\u00f6 pyrkii hallitsemaan ja rajaamaan riskej\u00e4\u00e4n johdonmukaisella menettelytavalla, jonka tarkoituksena on taata koko konsernin kattava ja tarkoituksenmukainen riskien tunnistaminen, arviointi, hallinta sek\u00e4 valvonta. Se on luonnollinen osa konsernin suunnittelu- ja johtamisprosessia, p\u00e4\u00e4t\u00f6ksentekoa, p\u00e4ivitt\u00e4ist\u00e4 johtamista ja toimintaa sek\u00e4 valvonta- ja raportointimenettelyj\u00e4. Riskienhallintaprosessi tuottaa tietoa riskeist\u00e4 ja niiden hallintatoimenpiteiden edistymisest\u00e4. Riskienhallintaprosessin pohjalta tehd\u00e4\u00e4n tarvittaessa korjaavia toimenpiteit\u00e4 tai harkitaan strategian muutoksia. Yhti\u00f6n hallitus on tilikauden aikana vahvistanut yhti\u00f6lle uuden rahoituspolitiikan sek\u00e4 poliittisten riskien ja maineriskien hallintapolitiikan.<\/p>\n<p>Mik\u00e4li riskit kuitenkin toteutuisivat, ne voisivat merkitt\u00e4v\u00e4sti haitata Saga Furs Oyj:n (Turkistuottajat Oyj 30.9.2011 saakka) liiketoimintaa, taloudellista asemaa ja heikent\u00e4\u00e4 yhti\u00f6n tulosta.<\/p>\n<p>Yhti\u00f6ll\u00e4 ei pienen kokonsa vuoksi ole erillist\u00e4 sis\u00e4isen tarkastuksen organisaatiota. Hallitus tutustuu tilintarkastajien valvontatilintarkastussuunnitelmaan ja mahdollisesti pyyt\u00e4\u00e4 tekem\u00e4\u00e4n lis\u00e4selvityksi\u00e4 t\u00e4ss\u00e4 yhteydess\u00e4. Valvontatilintarkastuksen yhteydess\u00e4 tilintarkastajat analysoivat yhti\u00f6n tilinp\u00e4\u00e4t\u00f6st\u00e4 ja konsernitilinp\u00e4\u00e4t\u00f6st\u00e4, konsernitason osavuosikatsauksia sek\u00e4 yhti\u00f6n saatavakantaa ja n\u00e4in pyrit\u00e4\u00e4n varmistamaan, ett\u00e4 yhti\u00f6n julkistamat raportit antavat olennaisesti oikeat tiedot yhti\u00f6n taloudesta. Valvontatilintarkastuksen yhteydess\u00e4 tilintarkastajat my\u00f6s tuovat ja ovat tuoneet esille tapoja kehitt\u00e4\u00e4 ja parantaa yhti\u00f6n sis\u00e4isi\u00e4 kontrolleja. T\u00e4lt\u00e4 pohjalta hallitus on edellytt\u00e4nyt\u00a0 ja edellytt\u00e4\u00e4 yhti\u00f6n johtoa kehitt\u00e4m\u00e4\u00e4n toiminnallisia prosesseja ja kontrolleja.<\/p>\n","protected":false},"excerpt":{"rendered":"<p>29.11.2010 T\u00e4m\u00e4 selvitys Saga Furs Oyj:n (Turkistuottajat Oyj 30.9.2011 saakka) hallinto- ja ohjausj\u00e4rjestelm\u00e4st\u00e4 on annettu 29.11.2010 erillisen\u00e4 kertomuksena ja julkaistu 30.11.2010 samanaikaisesti kuin toimintakertomus yhti\u00f6n Internet-sivuilla. Saga Furs Oyj (Turkistuottajat Oyj 30.9.2011 saakka) noudattaa Arvopaperimarkkinayhdistys ry:n kes\u00e4kuussa 2010 hyv\u00e4ksym\u00e4\u00e4 ja lokakuussa 2010 voimaanastunutta Suomen listayhti\u00f6iden hallinnointikoodia. Poikkeavuudet koodista Yhti\u00f6 on poikennut koodista seuraavan suosituksen osalta:<a class=\"excerpt-read-more\" href=\"https:\/\/www.sagafurs.com\/fi\/yritys\/yhtion-hallinto\/selvitys-hallinto-ja-ohjausjarjestelmasta-29-11-2010\/\" title=\"LueSelvitys hallinto- ja ohjausj\u00e4rjestelm\u00e4st\u00e4 29.11.2010\">\u2026 Lue lis\u00e4\u00e4 &raquo;<\/a><\/p>\n","protected":false},"author":29,"featured_media":0,"parent":529,"menu_order":0,"comment_status":"closed","ping_status":"closed","template":"templates\/content-page-template-with-menu.php","meta":{"_acf_changed":false,"footnotes":""},"class_list":["post-7001","page","type-page","status-publish","hentry"],"acf":[],"yoast_head":"<!-- This site is optimized with the Yoast SEO plugin v27.3 - https:\/\/yoast.com\/product\/yoast-seo-wordpress\/ -->\n<title>Selvitys hallinto- ja ohjausj\u00e4rjestelm\u00e4st\u00e4 29.11.2010 - Sagafurs<\/title>\n<meta name=\"robots\" content=\"index, follow, max-snippet:-1, max-image-preview:large, max-video-preview:-1\" \/>\n<link rel=\"canonical\" href=\"https:\/\/www.sagafurs.com\/fi\/yritys\/yhtion-hallinto\/selvitys-hallinto-ja-ohjausjarjestelmasta-29-11-2010\/\" \/>\n<meta property=\"og:locale\" content=\"fi_FI\" \/>\n<meta property=\"og:type\" content=\"article\" \/>\n<meta property=\"og:title\" content=\"Selvitys hallinto- ja ohjausj\u00e4rjestelm\u00e4st\u00e4 29.11.2010 - Sagafurs\" \/>\n<meta property=\"og:description\" content=\"29.11.2010 T\u00e4m\u00e4 selvitys Saga Furs Oyj:n (Turkistuottajat Oyj 30.9.2011 saakka) hallinto- ja ohjausj\u00e4rjestelm\u00e4st\u00e4 on annettu 29.11.2010 erillisen\u00e4 kertomuksena ja julkaistu 30.11.2010 samanaikaisesti kuin toimintakertomus yhti\u00f6n Internet-sivuilla. Saga Furs Oyj (Turkistuottajat Oyj 30.9.2011 saakka) noudattaa Arvopaperimarkkinayhdistys ry:n kes\u00e4kuussa 2010 hyv\u00e4ksym\u00e4\u00e4 ja lokakuussa 2010 voimaanastunutta Suomen listayhti\u00f6iden hallinnointikoodia. Poikkeavuudet koodista Yhti\u00f6 on poikennut koodista seuraavan suosituksen osalta:\u2026 Lue lis\u00e4\u00e4 &raquo;\" \/>\n<meta property=\"og:url\" content=\"https:\/\/www.sagafurs.com\/fi\/yritys\/yhtion-hallinto\/selvitys-hallinto-ja-ohjausjarjestelmasta-29-11-2010\/\" \/>\n<meta property=\"og:site_name\" content=\"Sagafurs\" \/>\n<meta property=\"article:modified_time\" content=\"2021-11-10T12:32:00+00:00\" \/>\n<meta name=\"twitter:card\" content=\"summary_large_image\" \/>\n<meta name=\"twitter:label1\" content=\"Est. reading time\" \/>\n\t<meta name=\"twitter:data1\" content=\"5 minutes\" \/>\n<script type=\"application\/ld+json\" class=\"yoast-schema-graph\">{\"@context\":\"https:\\\/\\\/schema.org\",\"@graph\":[{\"@type\":\"WebPage\",\"@id\":\"https:\\\/\\\/www.sagafurs.com\\\/fi\\\/yritys\\\/yhtion-hallinto\\\/selvitys-hallinto-ja-ohjausjarjestelmasta-29-11-2010\\\/\",\"url\":\"https:\\\/\\\/www.sagafurs.com\\\/fi\\\/yritys\\\/yhtion-hallinto\\\/selvitys-hallinto-ja-ohjausjarjestelmasta-29-11-2010\\\/\",\"name\":\"Selvitys hallinto- ja ohjausj\u00e4rjestelm\u00e4st\u00e4 29.11.2010 - Sagafurs\",\"isPartOf\":{\"@id\":\"https:\\\/\\\/www.sagafurs.com\\\/#website\"},\"datePublished\":\"2016-11-04T11:01:50+00:00\",\"dateModified\":\"2021-11-10T12:32:00+00:00\",\"breadcrumb\":{\"@id\":\"https:\\\/\\\/www.sagafurs.com\\\/fi\\\/yritys\\\/yhtion-hallinto\\\/selvitys-hallinto-ja-ohjausjarjestelmasta-29-11-2010\\\/#breadcrumb\"},\"inLanguage\":\"fi-FI\",\"potentialAction\":[{\"@type\":\"ReadAction\",\"target\":[\"https:\\\/\\\/www.sagafurs.com\\\/fi\\\/yritys\\\/yhtion-hallinto\\\/selvitys-hallinto-ja-ohjausjarjestelmasta-29-11-2010\\\/\"]}]},{\"@type\":\"BreadcrumbList\",\"@id\":\"https:\\\/\\\/www.sagafurs.com\\\/fi\\\/yritys\\\/yhtion-hallinto\\\/selvitys-hallinto-ja-ohjausjarjestelmasta-29-11-2010\\\/#breadcrumb\",\"itemListElement\":[{\"@type\":\"ListItem\",\"position\":1,\"name\":\"Home\",\"item\":\"https:\\\/\\\/www.sagafurs.com\\\/fi\\\/\"},{\"@type\":\"ListItem\",\"position\":2,\"name\":\"Yritys\",\"item\":\"https:\\\/\\\/www.sagafurs.com\\\/fi\\\/yritys\\\/\"},{\"@type\":\"ListItem\",\"position\":3,\"name\":\"Yhti\u00f6n hallinto\",\"item\":\"https:\\\/\\\/www.sagafurs.com\\\/fi\\\/yritys\\\/yhtion-hallinto\\\/\"},{\"@type\":\"ListItem\",\"position\":4,\"name\":\"Selvitys hallinto- ja ohjausj\u00e4rjestelm\u00e4st\u00e4 29.11.2010\"}]},{\"@type\":\"WebSite\",\"@id\":\"https:\\\/\\\/www.sagafurs.com\\\/#website\",\"url\":\"https:\\\/\\\/www.sagafurs.com\\\/\",\"name\":\"Sagafurs\",\"description\":\"Sagafurs\",\"potentialAction\":[{\"@type\":\"SearchAction\",\"target\":{\"@type\":\"EntryPoint\",\"urlTemplate\":\"https:\\\/\\\/www.sagafurs.com\\\/?s={search_term_string}\"},\"query-input\":{\"@type\":\"PropertyValueSpecification\",\"valueRequired\":true,\"valueName\":\"search_term_string\"}}],\"inLanguage\":\"fi-FI\"}]}<\/script>\n<!-- \/ Yoast SEO plugin. -->","yoast_head_json":{"title":"Selvitys hallinto- ja ohjausj\u00e4rjestelm\u00e4st\u00e4 29.11.2010 - Sagafurs","robots":{"index":"index","follow":"follow","max-snippet":"max-snippet:-1","max-image-preview":"max-image-preview:large","max-video-preview":"max-video-preview:-1"},"canonical":"https:\/\/www.sagafurs.com\/fi\/yritys\/yhtion-hallinto\/selvitys-hallinto-ja-ohjausjarjestelmasta-29-11-2010\/","og_locale":"fi_FI","og_type":"article","og_title":"Selvitys hallinto- ja ohjausj\u00e4rjestelm\u00e4st\u00e4 29.11.2010 - Sagafurs","og_description":"29.11.2010 T\u00e4m\u00e4 selvitys Saga Furs Oyj:n (Turkistuottajat Oyj 30.9.2011 saakka) hallinto- ja ohjausj\u00e4rjestelm\u00e4st\u00e4 on annettu 29.11.2010 erillisen\u00e4 kertomuksena ja julkaistu 30.11.2010 samanaikaisesti kuin toimintakertomus yhti\u00f6n Internet-sivuilla. Saga Furs Oyj (Turkistuottajat Oyj 30.9.2011 saakka) noudattaa Arvopaperimarkkinayhdistys ry:n kes\u00e4kuussa 2010 hyv\u00e4ksym\u00e4\u00e4 ja lokakuussa 2010 voimaanastunutta Suomen listayhti\u00f6iden hallinnointikoodia. Poikkeavuudet koodista Yhti\u00f6 on poikennut koodista seuraavan suosituksen osalta:\u2026 Lue lis\u00e4\u00e4 &raquo;","og_url":"https:\/\/www.sagafurs.com\/fi\/yritys\/yhtion-hallinto\/selvitys-hallinto-ja-ohjausjarjestelmasta-29-11-2010\/","og_site_name":"Sagafurs","article_modified_time":"2021-11-10T12:32:00+00:00","twitter_card":"summary_large_image","twitter_misc":{"Est. reading time":"5 minutes"},"schema":{"@context":"https:\/\/schema.org","@graph":[{"@type":"WebPage","@id":"https:\/\/www.sagafurs.com\/fi\/yritys\/yhtion-hallinto\/selvitys-hallinto-ja-ohjausjarjestelmasta-29-11-2010\/","url":"https:\/\/www.sagafurs.com\/fi\/yritys\/yhtion-hallinto\/selvitys-hallinto-ja-ohjausjarjestelmasta-29-11-2010\/","name":"Selvitys hallinto- ja ohjausj\u00e4rjestelm\u00e4st\u00e4 29.11.2010 - Sagafurs","isPartOf":{"@id":"https:\/\/www.sagafurs.com\/#website"},"datePublished":"2016-11-04T11:01:50+00:00","dateModified":"2021-11-10T12:32:00+00:00","breadcrumb":{"@id":"https:\/\/www.sagafurs.com\/fi\/yritys\/yhtion-hallinto\/selvitys-hallinto-ja-ohjausjarjestelmasta-29-11-2010\/#breadcrumb"},"inLanguage":"fi-FI","potentialAction":[{"@type":"ReadAction","target":["https:\/\/www.sagafurs.com\/fi\/yritys\/yhtion-hallinto\/selvitys-hallinto-ja-ohjausjarjestelmasta-29-11-2010\/"]}]},{"@type":"BreadcrumbList","@id":"https:\/\/www.sagafurs.com\/fi\/yritys\/yhtion-hallinto\/selvitys-hallinto-ja-ohjausjarjestelmasta-29-11-2010\/#breadcrumb","itemListElement":[{"@type":"ListItem","position":1,"name":"Home","item":"https:\/\/www.sagafurs.com\/fi\/"},{"@type":"ListItem","position":2,"name":"Yritys","item":"https:\/\/www.sagafurs.com\/fi\/yritys\/"},{"@type":"ListItem","position":3,"name":"Yhti\u00f6n hallinto","item":"https:\/\/www.sagafurs.com\/fi\/yritys\/yhtion-hallinto\/"},{"@type":"ListItem","position":4,"name":"Selvitys hallinto- ja ohjausj\u00e4rjestelm\u00e4st\u00e4 29.11.2010"}]},{"@type":"WebSite","@id":"https:\/\/www.sagafurs.com\/#website","url":"https:\/\/www.sagafurs.com\/","name":"Sagafurs","description":"Sagafurs","potentialAction":[{"@type":"SearchAction","target":{"@type":"EntryPoint","urlTemplate":"https:\/\/www.sagafurs.com\/?s={search_term_string}"},"query-input":{"@type":"PropertyValueSpecification","valueRequired":true,"valueName":"search_term_string"}}],"inLanguage":"fi-FI"}]}},"_links":{"self":[{"href":"https:\/\/www.sagafurs.com\/fi\/wp-json\/wp\/v2\/pages\/7001","targetHints":{"allow":["GET"]}}],"collection":[{"href":"https:\/\/www.sagafurs.com\/fi\/wp-json\/wp\/v2\/pages"}],"about":[{"href":"https:\/\/www.sagafurs.com\/fi\/wp-json\/wp\/v2\/types\/page"}],"author":[{"embeddable":true,"href":"https:\/\/www.sagafurs.com\/fi\/wp-json\/wp\/v2\/users\/29"}],"replies":[{"embeddable":true,"href":"https:\/\/www.sagafurs.com\/fi\/wp-json\/wp\/v2\/comments?post=7001"}],"version-history":[{"count":0,"href":"https:\/\/www.sagafurs.com\/fi\/wp-json\/wp\/v2\/pages\/7001\/revisions"}],"up":[{"embeddable":true,"href":"https:\/\/www.sagafurs.com\/fi\/wp-json\/wp\/v2\/pages\/529"}],"wp:attachment":[{"href":"https:\/\/www.sagafurs.com\/fi\/wp-json\/wp\/v2\/media?parent=7001"}],"curies":[{"name":"wp","href":"https:\/\/api.w.org\/{rel}","templated":true}]}}