{"id":163414,"date":"2017-06-07T11:21:45","date_gmt":"2017-06-07T09:21:45","guid":{"rendered":"https:\/\/www.sagafurs.com\/?page_id=163414\/"},"modified":"2025-08-27T11:56:11","modified_gmt":"2025-08-27T08:56:11","slug":"transmisja-aukcji-saga-furs","status":"publish","type":"page","link":"https:\/\/www.sagafurs.com\/pl\/auction\/transmisja-aukcji-saga-furs\/","title":{"rendered":"Transmisja aukcji Saga Furs"},"content":{"rendered":"<p><strong>Transmisja wideo z przebiegu aukcji<\/strong><\/p>\n<p><a class=\"css-1rn59kg\" title=\"http:\/\/stream.sagafurs.com\" href=\"https:\/\/viewer.millicast.com?streamId=wc7HYQ\/sfstream\" data-testid=\"link-with-safety\" data-renderer-mark=\"true\"><span style=\"text-decoration: underline;\"><em>Transmisja z aukcji na \u017cywo<\/em><\/span><\/a> (<a href=\"http:\/\/(Dolby OptiView high-quality low latency)\">Dolby OptiView high-quality low latency<\/a>)<\/p>\n<p><strong>Aukcja w liczbach<\/strong><\/p>\n<p><em><a href=\"https:\/\/liveauction.sagafurs.com\/AuctionMonitor.html\"><u>Monitorowanie aukcji<\/u><\/a> <\/em>\u2013 Ostatnio sprzedane loty, sk\u00f3ry oferowane, sk\u00f3ry sprzedane<\/p>\n<p><strong>Transmisja dost\u0119pna w dni sprzeda\u017cy<\/strong><\/p>\n<p>Pierwszy dzie\u0144 aukcji: TTransmisja rozpocznie si\u0119 godzin\u0119 przed rozpocz\u0119ciem sprzeda\u017cy<\/p>\n<p>Pozosta\u0142e dni aukcji: Transmisja rozpocznie si\u0119 30 minut przed rozpocz\u0119ciem sprzeda\u017cy<\/p>\n<p>&nbsp;<\/p>\n<p><strong>Obs\u0142uga techniczna<\/strong><\/p>\n<p>W razie problem\u00f3w z transmisj\u0105 albo \u015bledzeniem aukcji prosimy o skontaktowanie si\u0119 z nami poprzez <u>helpdesk@sagafurs.com<\/u><\/p>\n","protected":false},"excerpt":{"rendered":"<p>Transmisja wideo z przebiegu aukcji Transmisja z aukcji na \u017cywo (Dolby OptiView high-quality low latency) Aukcja w liczbach Monitorowanie aukcji \u2013 Ostatnio sprzedane loty, sk\u00f3ry oferowane, sk\u00f3ry sprzedane Transmisja dost\u0119pna w dni sprzeda\u017cy Pierwszy dzie\u0144 aukcji: TTransmisja rozpocznie si\u0119 godzin\u0119 przed rozpocz\u0119ciem sprzeda\u017cy Pozosta\u0142e dni aukcji: Transmisja rozpocznie si\u0119 30 minut przed rozpocz\u0119ciem sprzeda\u017cy &nbsp;<a class=\"excerpt-read-more\" href=\"https:\/\/www.sagafurs.com\/pl\/auction\/transmisja-aukcji-saga-furs\/\" title=\"Czytaj dalejTransmisja aukcji Saga Furs\">Czytaj dalej &raquo;<\/a><\/p>\n","protected":false},"author":7,"featured_media":4030,"parent":2365,"menu_order":0,"comment_status":"closed","ping_status":"closed","template":"templates\/content-page-template.php","meta":{"_acf_changed":false,"footnotes":""},"class_list":["post-163414","page","type-page","status-publish","has-post-thumbnail","hentry"],"acf":[],"yoast_head":"<!-- This site is optimized with the Yoast SEO plugin v27.4 - https:\/\/yoast.com\/product\/yoast-seo-wordpress\/ -->\n<title>Transmisja aukcji Saga Furs - Sagafurs<\/title>\n<meta name=\"robots\" content=\"index, follow, max-snippet:-1, max-image-preview:large, max-video-preview:-1\" \/>\n<link rel=\"canonical\" href=\"https:\/\/www.sagafurs.com\/pl\/auction\/transmisja-aukcji-saga-furs\/\" \/>\n<meta property=\"og:locale\" content=\"pl_PL\" \/>\n<meta property=\"og:type\" content=\"article\" \/>\n<meta property=\"og:title\" content=\"Transmisja aukcji Saga Furs - Sagafurs\" \/>\n<meta property=\"og:description\" content=\"Transmisja wideo z przebiegu aukcji Transmisja z aukcji na \u017cywo (Dolby OptiView high-quality low latency) Aukcja w liczbach Monitorowanie aukcji \u2013 Ostatnio sprzedane loty, sk\u00f3ry oferowane, sk\u00f3ry sprzedane Transmisja dost\u0119pna w dni sprzeda\u017cy Pierwszy dzie\u0144 aukcji: TTransmisja rozpocznie si\u0119 godzin\u0119 przed rozpocz\u0119ciem sprzeda\u017cy Pozosta\u0142e dni aukcji: Transmisja rozpocznie si\u0119 30 minut przed rozpocz\u0119ciem sprzeda\u017cy &nbsp;Czytaj dalej &raquo;\" \/>\n<meta property=\"og:url\" content=\"https:\/\/www.sagafurs.com\/pl\/auction\/transmisja-aukcji-saga-furs\/\" \/>\n<meta property=\"og:site_name\" content=\"Sagafurs\" \/>\n<meta property=\"article:modified_time\" content=\"2025-08-27T08:56:11+00:00\" \/>\n<meta property=\"og:image\" content=\"https:\/\/www.sagafurs.com\/wp-content\/uploads\/2016\/10\/auction-180316.jpg\" \/>\n\t<meta property=\"og:image:width\" content=\"690\" \/>\n\t<meta property=\"og:image:height\" content=\"518\" \/>\n\t<meta property=\"og:image:type\" content=\"image\/jpeg\" \/>\n<meta name=\"twitter:card\" content=\"summary_large_image\" \/>\n<meta name=\"twitter:label1\" content=\"Szacowany czas czytania\" \/>\n\t<meta name=\"twitter:data1\" content=\"1 minuta\" \/>\n<script type=\"application\/ld+json\" class=\"yoast-schema-graph\">{\"@context\":\"https:\\\/\\\/schema.org\",\"@graph\":[{\"@type\":\"WebPage\",\"@id\":\"https:\\\/\\\/www.sagafurs.com\\\/pl\\\/auction\\\/transmisja-aukcji-saga-furs\\\/\",\"url\":\"https:\\\/\\\/www.sagafurs.com\\\/pl\\\/auction\\\/transmisja-aukcji-saga-furs\\\/\",\"name\":\"Transmisja aukcji Saga Furs - Sagafurs\",\"isPartOf\":{\"@id\":\"https:\\\/\\\/www.sagafurs.com\\\/#website\"},\"primaryImageOfPage\":{\"@id\":\"https:\\\/\\\/www.sagafurs.com\\\/pl\\\/auction\\\/transmisja-aukcji-saga-furs\\\/#primaryimage\"},\"image\":{\"@id\":\"https:\\\/\\\/www.sagafurs.com\\\/pl\\\/auction\\\/transmisja-aukcji-saga-furs\\\/#primaryimage\"},\"thumbnailUrl\":\"https:\\\/\\\/www.sagafurs.com\\\/wp-content\\\/uploads\\\/2016\\\/10\\\/auction-180316.jpg\",\"datePublished\":\"2017-06-07T09:21:45+00:00\",\"dateModified\":\"2025-08-27T08:56:11+00:00\",\"breadcrumb\":{\"@id\":\"https:\\\/\\\/www.sagafurs.com\\\/pl\\\/auction\\\/transmisja-aukcji-saga-furs\\\/#breadcrumb\"},\"inLanguage\":\"pl-PL\",\"potentialAction\":[{\"@type\":\"ReadAction\",\"target\":[\"https:\\\/\\\/www.sagafurs.com\\\/pl\\\/auction\\\/transmisja-aukcji-saga-furs\\\/\"]}]},{\"@type\":\"ImageObject\",\"inLanguage\":\"pl-PL\",\"@id\":\"https:\\\/\\\/www.sagafurs.com\\\/pl\\\/auction\\\/transmisja-aukcji-saga-furs\\\/#primaryimage\",\"url\":\"https:\\\/\\\/www.sagafurs.com\\\/wp-content\\\/uploads\\\/2016\\\/10\\\/auction-180316.jpg\",\"contentUrl\":\"https:\\\/\\\/www.sagafurs.com\\\/wp-content\\\/uploads\\\/2016\\\/10\\\/auction-180316.jpg\",\"width\":690,\"height\":518},{\"@type\":\"BreadcrumbList\",\"@id\":\"https:\\\/\\\/www.sagafurs.com\\\/pl\\\/auction\\\/transmisja-aukcji-saga-furs\\\/#breadcrumb\",\"itemListElement\":[{\"@type\":\"ListItem\",\"position\":1,\"name\":\"Home\",\"item\":\"https:\\\/\\\/www.sagafurs.com\\\/pl\\\/\"},{\"@type\":\"ListItem\",\"position\":2,\"name\":\"Aukcje\",\"item\":\"https:\\\/\\\/www.sagafurs.com\\\/pl\\\/auction\\\/\"},{\"@type\":\"ListItem\",\"position\":3,\"name\":\"Transmisja aukcji Saga Furs\"}]},{\"@type\":\"WebSite\",\"@id\":\"https:\\\/\\\/www.sagafurs.com\\\/#website\",\"url\":\"https:\\\/\\\/www.sagafurs.com\\\/\",\"name\":\"Sagafurs\",\"description\":\"Sagafurs\",\"potentialAction\":[{\"@type\":\"SearchAction\",\"target\":{\"@type\":\"EntryPoint\",\"urlTemplate\":\"https:\\\/\\\/www.sagafurs.com\\\/?s={search_term_string}\"},\"query-input\":{\"@type\":\"PropertyValueSpecification\",\"valueRequired\":true,\"valueName\":\"search_term_string\"}}],\"inLanguage\":\"pl-PL\"}]}<\/script>\n<!-- \/ Yoast SEO plugin. -->","yoast_head_json":{"title":"Transmisja aukcji Saga Furs - Sagafurs","robots":{"index":"index","follow":"follow","max-snippet":"max-snippet:-1","max-image-preview":"max-image-preview:large","max-video-preview":"max-video-preview:-1"},"canonical":"https:\/\/www.sagafurs.com\/pl\/auction\/transmisja-aukcji-saga-furs\/","og_locale":"pl_PL","og_type":"article","og_title":"Transmisja aukcji Saga Furs - Sagafurs","og_description":"Transmisja wideo z przebiegu aukcji Transmisja z aukcji na \u017cywo (Dolby OptiView high-quality low latency) Aukcja w liczbach Monitorowanie aukcji \u2013 Ostatnio sprzedane loty, sk\u00f3ry oferowane, sk\u00f3ry sprzedane Transmisja dost\u0119pna w dni sprzeda\u017cy Pierwszy dzie\u0144 aukcji: TTransmisja rozpocznie si\u0119 godzin\u0119 przed rozpocz\u0119ciem sprzeda\u017cy Pozosta\u0142e dni aukcji: Transmisja rozpocznie si\u0119 30 minut przed rozpocz\u0119ciem sprzeda\u017cy &nbsp;Czytaj dalej &raquo;","og_url":"https:\/\/www.sagafurs.com\/pl\/auction\/transmisja-aukcji-saga-furs\/","og_site_name":"Sagafurs","article_modified_time":"2025-08-27T08:56:11+00:00","og_image":[{"width":690,"height":518,"url":"https:\/\/www.sagafurs.com\/wp-content\/uploads\/2016\/10\/auction-180316.jpg","type":"image\/jpeg"}],"twitter_card":"summary_large_image","twitter_misc":{"Szacowany czas czytania":"1 minuta"},"schema":{"@context":"https:\/\/schema.org","@graph":[{"@type":"WebPage","@id":"https:\/\/www.sagafurs.com\/pl\/auction\/transmisja-aukcji-saga-furs\/","url":"https:\/\/www.sagafurs.com\/pl\/auction\/transmisja-aukcji-saga-furs\/","name":"Transmisja aukcji Saga Furs - Sagafurs","isPartOf":{"@id":"https:\/\/www.sagafurs.com\/#website"},"primaryImageOfPage":{"@id":"https:\/\/www.sagafurs.com\/pl\/auction\/transmisja-aukcji-saga-furs\/#primaryimage"},"image":{"@id":"https:\/\/www.sagafurs.com\/pl\/auction\/transmisja-aukcji-saga-furs\/#primaryimage"},"thumbnailUrl":"https:\/\/www.sagafurs.com\/wp-content\/uploads\/2016\/10\/auction-180316.jpg","datePublished":"2017-06-07T09:21:45+00:00","dateModified":"2025-08-27T08:56:11+00:00","breadcrumb":{"@id":"https:\/\/www.sagafurs.com\/pl\/auction\/transmisja-aukcji-saga-furs\/#breadcrumb"},"inLanguage":"pl-PL","potentialAction":[{"@type":"ReadAction","target":["https:\/\/www.sagafurs.com\/pl\/auction\/transmisja-aukcji-saga-furs\/"]}]},{"@type":"ImageObject","inLanguage":"pl-PL","@id":"https:\/\/www.sagafurs.com\/pl\/auction\/transmisja-aukcji-saga-furs\/#primaryimage","url":"https:\/\/www.sagafurs.com\/wp-content\/uploads\/2016\/10\/auction-180316.jpg","contentUrl":"https:\/\/www.sagafurs.com\/wp-content\/uploads\/2016\/10\/auction-180316.jpg","width":690,"height":518},{"@type":"BreadcrumbList","@id":"https:\/\/www.sagafurs.com\/pl\/auction\/transmisja-aukcji-saga-furs\/#breadcrumb","itemListElement":[{"@type":"ListItem","position":1,"name":"Home","item":"https:\/\/www.sagafurs.com\/pl\/"},{"@type":"ListItem","position":2,"name":"Aukcje","item":"https:\/\/www.sagafurs.com\/pl\/auction\/"},{"@type":"ListItem","position":3,"name":"Transmisja aukcji Saga Furs"}]},{"@type":"WebSite","@id":"https:\/\/www.sagafurs.com\/#website","url":"https:\/\/www.sagafurs.com\/","name":"Sagafurs","description":"Sagafurs","potentialAction":[{"@type":"SearchAction","target":{"@type":"EntryPoint","urlTemplate":"https:\/\/www.sagafurs.com\/?s={search_term_string}"},"query-input":{"@type":"PropertyValueSpecification","valueRequired":true,"valueName":"search_term_string"}}],"inLanguage":"pl-PL"}]}},"_links":{"self":[{"href":"https:\/\/www.sagafurs.com\/pl\/wp-json\/wp\/v2\/pages\/163414","targetHints":{"allow":["GET"]}}],"collection":[{"href":"https:\/\/www.sagafurs.com\/pl\/wp-json\/wp\/v2\/pages"}],"about":[{"href":"https:\/\/www.sagafurs.com\/pl\/wp-json\/wp\/v2\/types\/page"}],"author":[{"embeddable":true,"href":"https:\/\/www.sagafurs.com\/pl\/wp-json\/wp\/v2\/users\/7"}],"replies":[{"embeddable":true,"href":"https:\/\/www.sagafurs.com\/pl\/wp-json\/wp\/v2\/comments?post=163414"}],"version-history":[{"count":0,"href":"https:\/\/www.sagafurs.com\/pl\/wp-json\/wp\/v2\/pages\/163414\/revisions"}],"up":[{"embeddable":true,"href":"https:\/\/www.sagafurs.com\/pl\/wp-json\/wp\/v2\/pages\/2365"}],"wp:featuredmedia":[{"embeddable":true,"href":"https:\/\/www.sagafurs.com\/pl\/wp-json\/wp\/v2\/media\/4030"}],"wp:attachment":[{"href":"https:\/\/www.sagafurs.com\/pl\/wp-json\/wp\/v2\/media?parent=163414"}],"curies":[{"name":"wp","href":"https:\/\/api.w.org\/{rel}","templated":true}]}}