{"id":165847,"date":"2017-12-11T15:13:38","date_gmt":"2017-12-11T14:13:38","guid":{"rendered":"https:\/\/www.sagafurs.com\/?page_id=165847\/"},"modified":"2017-12-11T15:14:23","modified_gmt":"2017-12-11T14:14:23","slug":"jakosc","status":"publish","type":"page","link":"https:\/\/www.sagafurs.com\/pl\/auction\/products\/system-selekcji\/jakosc\/","title":{"rendered":"Jako\u015b\u0107"},"content":{"rendered":"<p><strong>Selekcja jako\u015bci<\/strong><\/p>\n<p>Selekcja jako\u015bci jest dokonywana r\u0119cznie przez wysoko kwalifikowanych selekcjoner\u00f3w Saga Furs. Kategorie jako\u015bci sk\u00f3r s\u0105 nast\u0119puj\u0105ce: <strong>Saga\u00ae Lumi Royal, Saga\u00ae Royal, Saga\u00ae, IA, Saga\u00ae I, IB<\/strong> i <strong>II.<\/strong><\/p>\n<p>Loty jako\u015bci Saga\u00ae Lumi Royal zawieraj\u0105 sk\u00f3ry norcze wyj\u0105tkowo wysokiej jako\u015bci i z kr\u00f3tkim w\u0142osem okrywowym.<\/p>\n<p>Sk\u00f3ry pokopulacyjne (breeders) i sk\u00f3ry letnie (summer skins) s\u0105 selekcjonowane oddzielnie wed\u0142ug w\u0142asnych kryteri\u00f3w jako\u015bci.<\/p>\n<p>Marka Saga\u00ae jest u\u017cywana\u00a0 wy\u0142\u0105cznie do sprzeda\u017cy sk\u00f3r norczych, lisich i jenocich, spe\u0142niaj\u0105cych kryteria selekcji Saga Furs. Saga Furs jest uznawana jako \u015bwiatowy lider w selekcji sk\u00f3r futerkowych.<\/p>\n<p>&nbsp;<\/p>\n<p><strong>Kryteria jako\u015bci (Norka)<\/strong><\/p>\n<table>\n<tbody>\n<tr>\n<td width=\"162\"><strong>JAKO\u015a\u0106<\/strong><\/td>\n<td width=\"702\"><strong>OPIS<\/strong><\/td>\n<\/tr>\n<tr>\n<td width=\"162\">Saga\u00ae Lumi RoyalSaga\u00ae Royal<\/td>\n<td width=\"702\">Sk\u00f3ra bardzo wysokiej jako\u015bci. G\u0119ste podszycie i elastyczna, r\u00f3wnomierna\u00a0 pokrywa w\u0142osowa. Saga\u00ae Lumi Royal sk\u0142ada si\u0119 ze sk\u00f3r o jedwabistym, kr\u00f3tkim w\u0142osie, kt\u00f3re reprezentuj\u0105 wyj\u0105tkowe w\u0142asno\u015bci, przekraczaj\u0105ce kryteria jako\u015bci Saga\u00ae Royal.<\/td>\n<\/tr>\n<tr>\n<td width=\"162\">Saga\u00ae<\/td>\n<td width=\"702\">Sk\u00f3ra wysokiej jako\u015bci.Nieznacznie s\u0142absza od jako\u015bci Saga\u00ae Royal \u00a0w zakresie podszycia, pokrywy w\u0142osowej, czy og\u00f3lnego wygl\u0105du. Sk\u00f3ry z d\u0142ugim w\u0142osem pokrywowym jako\u015bci Saga\u00ae Royal i Saga\u00ae s\u0105 selekcjonowane jako Saga\u00ae.<\/td>\n<\/tr>\n<tr>\n<td width=\"162\">IA<\/td>\n<td width=\"702\">Sk\u00f3ry jako\u015bci Saga\u00ae Royal lub Saga\u00ae z podszyciem i pokryw\u0105 w\u0142osow\u0105, kt\u00f3re maj\u0105 nast\u0119puj\u0105ce defekty:<\/p>\n<ul>\n<li>Weak belly \u2013 plamy od moczu lub lekki defect u samc\u00f3w.<\/li>\n<li>Metallic \u2013 lekko zgi\u0119ty w\u0142os okrywowy z metalicznym po\u0142yskiem.<\/li>\n<li>Spotted \u2013u norek typu pastel i cross.<\/li>\n<li>Figure \u2013 defekt obrazu u cross\u00f3w.<\/li>\n<\/ul>\n<\/td>\n<\/tr>\n<tr>\n<td width=\"162\">Saga\u00ae I<\/td>\n<td width=\"702\">W ca\u0142o\u015bci s\u0142absza jako\u015b\u0107 od jako\u015bci Saga\u00ae. Dobra, komercyjna sk\u00f3ra.<\/td>\n<\/tr>\n<tr>\n<td width=\"162\">IB<\/td>\n<td width=\"702\">Pod wzgl\u0119dem podszycia i pokrywy w\u0142osowej sk\u00f3ra jako\u015bci Saga\u00ae I, kt\u00f3ra ma defect wymieniony w IA.<\/td>\n<\/tr>\n<tr>\n<td width=\"162\">II<\/td>\n<td width=\"702\">Najs\u0142absze jako\u015b\u0107 dla sk\u00f3r regularnych.<\/td>\n<\/tr>\n<\/tbody>\n<\/table>\n<p>&nbsp;<\/p>\n<p><strong>Selekcja ko\u0144cowa (Norka)<\/strong><\/p>\n<ol>\n<li>Jako\u015b\u0107 i barwa<\/li>\n<\/ol>\n<p>Sk\u00f3ry s\u0105 kontrolowane r\u0119cznie przez do\u015bwiadczonych selekcjoner\u00f3w w celu sprawdzenia jako\u015bci, odcienia barwy i d\u0142ugo\u015bci w\u0142osa. Sk\u00f3ry z ekstremalnie kr\u00f3tkim w\u0142osem Velvet 3, s\u0105 oddzielane od sk\u00f3r Velvet 2. Sk\u00f3ry odbiegaj\u0105ce od odcienia lub jako\u015bci s\u0105 natychmiast przenoszone do bardziej im odpowiadaj\u0105cej grupy.<\/p>\n<ol start=\"2\">\n<li>Specyficzne cechy i jako\u015b\u0107 IA\/IB<\/li>\n<\/ol>\n<p>Sk\u00f3ry z defektami IA\/IB- s\u0142aby brzuch, metalik itd.- s\u0105 oddzielane. Sprinklery (obsypane bia\u0142ymi w\u0142osami na ciemnej sk\u00f3rze albo ciemnymi na jasnej) i bia\u0142e \u0142aty (znaczne bia\u0142e \u0142aty na brzuchu) s\u0105 r\u00f3wnie\u017c oddzielanie na tym etapie.<\/p>\n<ol start=\"3\">\n<li>Czysto\u015b\u0107 barwy<\/li>\n<\/ol>\n<p>Kategorie czysto\u015bci barwy s\u0105 nast\u0119puj\u0105ce (od odcieni szarawych i niebieskawych do czerwonawych): (C)1, C2, C3 i czasami C4. Czysto\u015b\u0107 barwy jest szczeg\u00f3lnie wa\u017cna w norkach jasnych i typu niebieskiego.<\/p>\n<p>&nbsp;<\/p>\n<p><strong>Kryteria jako\u015bci (Lis)<\/strong><\/p>\n<table>\n<tbody>\n<tr>\n<td><strong>JAKO\u015a\u0106<\/strong><\/td>\n<td><strong>OPIS<\/strong><\/td>\n<\/tr>\n<tr>\n<td>Saga\u00ae Royal<\/td>\n<td>Sk\u00f3ra bardzo dobrej jako\u015bci. G\u0119ste podszycie i\u00a0 w\u0142os pokrywowy s\u0105 elastyczne.R\u00f3\u017cne typy lis\u00f3w maj\u0105 swoje w\u0142asne, idealne cechy.<\/td>\n<\/tr>\n<tr>\n<td>Saga\u00ae<\/td>\n<td>Sk\u00f3ra dobrej jako\u015bci. Nieco l\u017cejsze podszycie i mniej jedwabisty w\u0142os ni\u017c w jako\u015bci Saga\u00ae Royal.<\/td>\n<\/tr>\n<tr>\n<td>IA<\/td>\n<td>Jako\u015bci IA\/IB nie s\u0105 stosowane w lisach niebieskich. Niekt\u00f3re typy lis\u00f3w, takie jak: srebrzyste, Frost, Golden Island s\u0105 selekcjonowane wed\u0142ug kryteri\u00f3w:<\/p>\n<ul>\n<li>Sparse \u2013 rzadki w\u0142os pokrywowy<\/li>\n<li>Rump \u2013 defect barwy na biodrach<\/li>\n<li>Coarse- szorstki w\u0142os<\/li>\n<\/ul>\n<\/td>\n<\/tr>\n<tr>\n<td>Saga\u00ae I<\/td>\n<td>W ca\u0142o\u015bci s\u0142absza jako\u015b\u0107 od jako\u015bci Saga\u00ae. Dobra, komercyjna sk\u00f3ra.<\/td>\n<\/tr>\n<tr>\n<td>IB<\/td>\n<td>Pod wzgl\u0119dem podszycia i pokrywy w\u0142osowej sk\u00f3ra jako\u015bci Saga\u00ae I, kt\u00f3ra ma defect wymieniony w IA.<\/td>\n<\/tr>\n<tr>\n<td>II<\/td>\n<td>\u00a0Najs\u0142absza jako\u015b\u0107 dla sk\u00f3r regularnych.<\/td>\n<\/tr>\n<\/tbody>\n<\/table>\n<p>&nbsp;<\/p>\n<p><strong>Selekcja ko\u0144cowa (Lis)<\/strong><\/p>\n<ol>\n<li>Jako\u015b\u0107 i barwa<\/li>\n<\/ol>\n<p>Sk\u00f3ry s\u0105 kontrolowane w celu sprawdzenia jako\u015bci, odcienia i d\u0142ugo\u015bci w\u0142osa. G\u0119sto\u015b\u0107 sk\u00f3r lisa niebieskiego jest mierzona przez maszyn\u0119, ale ko\u0144cowa selekcja dokonywana jest r\u0119cznie. Sk\u00f3ry odbiegaj\u0105ce od odcienia lub jako\u015bci s\u0105 natychmiast przenoszone do bardziej im odpowiadaj\u0105cej grupy.<\/p>\n<ol start=\"2\">\n<li>Specyficzne cechy i jako\u015b\u0107 IA\/IB<\/li>\n<\/ol>\n<p>Sk\u00f3ry we\u0142niaste i sk\u00f3ry z defektem IA\/IB, szorstkim, rzadkim w\u0142osem pokrywowym, itd., s\u0105 oddzielane. W zale\u017cno\u015bci od typu lis\u00f3w okre\u015blane s\u0105 specyficzne cechy.<\/p>\n<ol start=\"3\">\n<li>Czysto\u015b\u0107 barwy<\/li>\n<\/ol>\n<p>Kategorie czysto\u015bci barwy s\u0105 nast\u0119puj\u0105ce: (C)1, C2, C3 i C4. Poj\u0119cie czysto\u015bci barwy w sk\u00f3rach lisich r\u00f3\u017cni si\u0119 nieco od tej, stosowanej w sk\u00f3rach norek. Uwzgl\u0119dniane s\u0105 nie tylko odcienie niebieskawe lub czerwonawe, ale tak\u017ce og\u00f3lny wygl\u0105d danego typu lis\u00f3w.<\/p>\n","protected":false},"excerpt":{"rendered":"<p>Selekcja jako\u015bci Selekcja jako\u015bci jest dokonywana r\u0119cznie przez wysoko kwalifikowanych selekcjoner\u00f3w Saga Furs. Kategorie jako\u015bci sk\u00f3r s\u0105 nast\u0119puj\u0105ce: Saga\u00ae Lumi Royal, Saga\u00ae Royal, Saga\u00ae, IA, Saga\u00ae I, IB i II. Loty jako\u015bci Saga\u00ae Lumi Royal zawieraj\u0105 sk\u00f3ry norcze wyj\u0105tkowo wysokiej jako\u015bci i z kr\u00f3tkim w\u0142osem okrywowym. Sk\u00f3ry pokopulacyjne (breeders) i sk\u00f3ry letnie (summer skins) s\u0105<a class=\"excerpt-read-more\" href=\"https:\/\/www.sagafurs.com\/pl\/auction\/products\/system-selekcji\/jakosc\/\" title=\"Czytaj dalejJako\u015b\u0107\">Czytaj dalej &raquo;<\/a><\/p>\n","protected":false},"author":7,"featured_media":0,"parent":2387,"menu_order":0,"comment_status":"closed","ping_status":"closed","template":"templates\/content-page-template.php","meta":{"_acf_changed":false,"footnotes":""},"class_list":["post-165847","page","type-page","status-publish","hentry"],"acf":[],"yoast_head":"<!-- This site is optimized with the Yoast SEO plugin v27.3 - https:\/\/yoast.com\/product\/yoast-seo-wordpress\/ -->\n<title>Jako\u015b\u0107 - Sagafurs<\/title>\n<meta name=\"robots\" content=\"index, follow, max-snippet:-1, max-image-preview:large, max-video-preview:-1\" \/>\n<link rel=\"canonical\" href=\"https:\/\/www.sagafurs.com\/pl\/auction\/products\/system-selekcji\/jakosc\/\" \/>\n<meta property=\"og:locale\" content=\"pl_PL\" \/>\n<meta property=\"og:type\" content=\"article\" \/>\n<meta property=\"og:title\" content=\"Jako\u015b\u0107 - Sagafurs\" \/>\n<meta property=\"og:description\" content=\"Selekcja jako\u015bci Selekcja jako\u015bci jest dokonywana r\u0119cznie przez wysoko kwalifikowanych selekcjoner\u00f3w Saga Furs. Kategorie jako\u015bci sk\u00f3r s\u0105 nast\u0119puj\u0105ce: Saga\u00ae Lumi Royal, Saga\u00ae Royal, Saga\u00ae, IA, Saga\u00ae I, IB i II. Loty jako\u015bci Saga\u00ae Lumi Royal zawieraj\u0105 sk\u00f3ry norcze wyj\u0105tkowo wysokiej jako\u015bci i z kr\u00f3tkim w\u0142osem okrywowym. Sk\u00f3ry pokopulacyjne (breeders) i sk\u00f3ry letnie (summer skins) s\u0105Czytaj dalej &raquo;\" \/>\n<meta property=\"og:url\" content=\"https:\/\/www.sagafurs.com\/pl\/auction\/products\/system-selekcji\/jakosc\/\" \/>\n<meta property=\"og:site_name\" content=\"Sagafurs\" \/>\n<meta property=\"article:modified_time\" content=\"2017-12-11T14:14:23+00:00\" \/>\n<meta name=\"twitter:card\" content=\"summary_large_image\" \/>\n<meta name=\"twitter:label1\" content=\"Szacowany czas czytania\" \/>\n\t<meta name=\"twitter:data1\" content=\"4 minuty\" \/>\n<script type=\"application\/ld+json\" class=\"yoast-schema-graph\">{\"@context\":\"https:\\\/\\\/schema.org\",\"@graph\":[{\"@type\":\"WebPage\",\"@id\":\"https:\\\/\\\/www.sagafurs.com\\\/pl\\\/auction\\\/products\\\/system-selekcji\\\/jakosc\\\/\",\"url\":\"https:\\\/\\\/www.sagafurs.com\\\/pl\\\/auction\\\/products\\\/system-selekcji\\\/jakosc\\\/\",\"name\":\"Jako\u015b\u0107 - Sagafurs\",\"isPartOf\":{\"@id\":\"https:\\\/\\\/www.sagafurs.com\\\/#website\"},\"datePublished\":\"2017-12-11T14:13:38+00:00\",\"dateModified\":\"2017-12-11T14:14:23+00:00\",\"breadcrumb\":{\"@id\":\"https:\\\/\\\/www.sagafurs.com\\\/pl\\\/auction\\\/products\\\/system-selekcji\\\/jakosc\\\/#breadcrumb\"},\"inLanguage\":\"pl-PL\",\"potentialAction\":[{\"@type\":\"ReadAction\",\"target\":[\"https:\\\/\\\/www.sagafurs.com\\\/pl\\\/auction\\\/products\\\/system-selekcji\\\/jakosc\\\/\"]}]},{\"@type\":\"BreadcrumbList\",\"@id\":\"https:\\\/\\\/www.sagafurs.com\\\/pl\\\/auction\\\/products\\\/system-selekcji\\\/jakosc\\\/#breadcrumb\",\"itemListElement\":[{\"@type\":\"ListItem\",\"position\":1,\"name\":\"Home\",\"item\":\"https:\\\/\\\/www.sagafurs.com\\\/pl\\\/\"},{\"@type\":\"ListItem\",\"position\":2,\"name\":\"Aukcje\",\"item\":\"https:\\\/\\\/www.sagafurs.com\\\/pl\\\/auction\\\/\"},{\"@type\":\"ListItem\",\"position\":3,\"name\":\"Produkty\",\"item\":\"https:\\\/\\\/www.sagafurs.com\\\/pl\\\/auction\\\/products\\\/\"},{\"@type\":\"ListItem\",\"position\":4,\"name\":\"System selekcji\",\"item\":\"https:\\\/\\\/www.sagafurs.com\\\/pl\\\/auction\\\/products\\\/system-selekcji\\\/\"},{\"@type\":\"ListItem\",\"position\":5,\"name\":\"Jako\u015b\u0107\"}]},{\"@type\":\"WebSite\",\"@id\":\"https:\\\/\\\/www.sagafurs.com\\\/#website\",\"url\":\"https:\\\/\\\/www.sagafurs.com\\\/\",\"name\":\"Sagafurs\",\"description\":\"Sagafurs\",\"potentialAction\":[{\"@type\":\"SearchAction\",\"target\":{\"@type\":\"EntryPoint\",\"urlTemplate\":\"https:\\\/\\\/www.sagafurs.com\\\/?s={search_term_string}\"},\"query-input\":{\"@type\":\"PropertyValueSpecification\",\"valueRequired\":true,\"valueName\":\"search_term_string\"}}],\"inLanguage\":\"pl-PL\"}]}<\/script>\n<!-- \/ Yoast SEO plugin. -->","yoast_head_json":{"title":"Jako\u015b\u0107 - Sagafurs","robots":{"index":"index","follow":"follow","max-snippet":"max-snippet:-1","max-image-preview":"max-image-preview:large","max-video-preview":"max-video-preview:-1"},"canonical":"https:\/\/www.sagafurs.com\/pl\/auction\/products\/system-selekcji\/jakosc\/","og_locale":"pl_PL","og_type":"article","og_title":"Jako\u015b\u0107 - Sagafurs","og_description":"Selekcja jako\u015bci Selekcja jako\u015bci jest dokonywana r\u0119cznie przez wysoko kwalifikowanych selekcjoner\u00f3w Saga Furs. Kategorie jako\u015bci sk\u00f3r s\u0105 nast\u0119puj\u0105ce: Saga\u00ae Lumi Royal, Saga\u00ae Royal, Saga\u00ae, IA, Saga\u00ae I, IB i II. Loty jako\u015bci Saga\u00ae Lumi Royal zawieraj\u0105 sk\u00f3ry norcze wyj\u0105tkowo wysokiej jako\u015bci i z kr\u00f3tkim w\u0142osem okrywowym. Sk\u00f3ry pokopulacyjne (breeders) i sk\u00f3ry letnie (summer skins) s\u0105Czytaj dalej &raquo;","og_url":"https:\/\/www.sagafurs.com\/pl\/auction\/products\/system-selekcji\/jakosc\/","og_site_name":"Sagafurs","article_modified_time":"2017-12-11T14:14:23+00:00","twitter_card":"summary_large_image","twitter_misc":{"Szacowany czas czytania":"4 minuty"},"schema":{"@context":"https:\/\/schema.org","@graph":[{"@type":"WebPage","@id":"https:\/\/www.sagafurs.com\/pl\/auction\/products\/system-selekcji\/jakosc\/","url":"https:\/\/www.sagafurs.com\/pl\/auction\/products\/system-selekcji\/jakosc\/","name":"Jako\u015b\u0107 - Sagafurs","isPartOf":{"@id":"https:\/\/www.sagafurs.com\/#website"},"datePublished":"2017-12-11T14:13:38+00:00","dateModified":"2017-12-11T14:14:23+00:00","breadcrumb":{"@id":"https:\/\/www.sagafurs.com\/pl\/auction\/products\/system-selekcji\/jakosc\/#breadcrumb"},"inLanguage":"pl-PL","potentialAction":[{"@type":"ReadAction","target":["https:\/\/www.sagafurs.com\/pl\/auction\/products\/system-selekcji\/jakosc\/"]}]},{"@type":"BreadcrumbList","@id":"https:\/\/www.sagafurs.com\/pl\/auction\/products\/system-selekcji\/jakosc\/#breadcrumb","itemListElement":[{"@type":"ListItem","position":1,"name":"Home","item":"https:\/\/www.sagafurs.com\/pl\/"},{"@type":"ListItem","position":2,"name":"Aukcje","item":"https:\/\/www.sagafurs.com\/pl\/auction\/"},{"@type":"ListItem","position":3,"name":"Produkty","item":"https:\/\/www.sagafurs.com\/pl\/auction\/products\/"},{"@type":"ListItem","position":4,"name":"System selekcji","item":"https:\/\/www.sagafurs.com\/pl\/auction\/products\/system-selekcji\/"},{"@type":"ListItem","position":5,"name":"Jako\u015b\u0107"}]},{"@type":"WebSite","@id":"https:\/\/www.sagafurs.com\/#website","url":"https:\/\/www.sagafurs.com\/","name":"Sagafurs","description":"Sagafurs","potentialAction":[{"@type":"SearchAction","target":{"@type":"EntryPoint","urlTemplate":"https:\/\/www.sagafurs.com\/?s={search_term_string}"},"query-input":{"@type":"PropertyValueSpecification","valueRequired":true,"valueName":"search_term_string"}}],"inLanguage":"pl-PL"}]}},"_links":{"self":[{"href":"https:\/\/www.sagafurs.com\/pl\/wp-json\/wp\/v2\/pages\/165847","targetHints":{"allow":["GET"]}}],"collection":[{"href":"https:\/\/www.sagafurs.com\/pl\/wp-json\/wp\/v2\/pages"}],"about":[{"href":"https:\/\/www.sagafurs.com\/pl\/wp-json\/wp\/v2\/types\/page"}],"author":[{"embeddable":true,"href":"https:\/\/www.sagafurs.com\/pl\/wp-json\/wp\/v2\/users\/7"}],"replies":[{"embeddable":true,"href":"https:\/\/www.sagafurs.com\/pl\/wp-json\/wp\/v2\/comments?post=165847"}],"version-history":[{"count":0,"href":"https:\/\/www.sagafurs.com\/pl\/wp-json\/wp\/v2\/pages\/165847\/revisions"}],"up":[{"embeddable":true,"href":"https:\/\/www.sagafurs.com\/pl\/wp-json\/wp\/v2\/pages\/2387"}],"wp:attachment":[{"href":"https:\/\/www.sagafurs.com\/pl\/wp-json\/wp\/v2\/media?parent=165847"}],"curies":[{"name":"wp","href":"https:\/\/api.w.org\/{rel}","templated":true}]}}