{"id":165850,"date":"2017-12-11T15:16:16","date_gmt":"2017-12-11T14:16:16","guid":{"rendered":"https:\/\/www.sagafurs.com\/?page_id=165850\/"},"modified":"2026-02-11T14:02:57","modified_gmt":"2026-02-11T12:02:57","slug":"rozmiar","status":"publish","type":"page","link":"https:\/\/www.sagafurs.com\/pl\/auction\/products\/system-selekcji\/rozmiar\/","title":{"rendered":"Rozmiar"},"content":{"rendered":"<p>Sk\u00f3ry norek, lis\u00f3w i jenot\u00f3w s\u0105 dok\u0142adnie mierzone wed\u0142ug mi\u0119dzynarodowych standard\u00f3w.<\/p>\n<p><b>Norka<\/b><\/p>\n<p>Sk\u00f3ry s\u0105 mierzone od ko\u0144ca nosa do miejsca, w kt\u00f3rym rozpoczyna si\u0119 ogon. Je\u017celi sk\u00f3ry nie s\u0105 poprawnie wysk\u00f3rowane, mierzy si\u0119 je do najbli\u017cszego miejsca, w kt\u00f3rym sk\u00f3ra osi\u0105ga pe\u0142n\u0105 szeroko\u015b\u0107. Oznacza to, \u017ce ma\u0142a cz\u0119\u015b\u0107 mierzonej powierzchni nie mo\u017ce by\u0107 wykorzystana. Sk\u00f3ry mog\u0105 si\u0119 r\u00f3wnie\u017c kurczy\u0107 w procesie garbowania.<\/p>\n<p>W miar\u0119 mo\u017cliwo\u015bci sk\u00f3ry rozerwane \u00a0s\u0105 mierzone tak, jak sk\u00f3ry nierozerwane. Stopie\u0144 uszkodzenia jest ustalany w ko\u0144cowej selekcji.<\/p>\n<p><img loading=\"lazy\" decoding=\"async\" class=\"alignnone size-medium wp-image-197250\" src=\"https:\/\/www.sagafurs.com\/wp-content\/uploads\/2026\/02\/Minkki_1-1-148x384.jpg\" alt=\"\" width=\"148\" height=\"384\" srcset=\"https:\/\/www.sagafurs.com\/wp-content\/uploads\/2026\/02\/Minkki_1-1-148x384.jpg 148w, https:\/\/www.sagafurs.com\/wp-content\/uploads\/2026\/02\/Minkki_1-1-173x450.jpg 173w, https:\/\/www.sagafurs.com\/wp-content\/uploads\/2026\/02\/Minkki_1-1-590x1536.jpg 590w, https:\/\/www.sagafurs.com\/wp-content\/uploads\/2026\/02\/Minkki_1-1.jpg 661w\" sizes=\"auto, (max-width: 148px) 100vw, 148px\" \/><\/p>\n<p><strong>Lis i Jenot<\/strong><\/p>\n<p>Sk\u00f3ry s\u0105 mierzone od ko\u0144ca nosa do miejsca, w kt\u00f3rym rozpoczyna si\u0119 ogon. Je\u017celi sk\u00f3ry nie s\u0105 poprawnie wysk\u00f3rowane, mierzy si\u0119 je do najbli\u017cszego\u00a0 miejsca, w kt\u00f3rym sk\u00f3ra osi\u0105ga pe\u0142n\u0105 szeroko\u015b\u0107. W miar\u0119 mo\u017cliwo\u015bci sk\u00f3ry rozerwane\u00a0 s\u0105 mierzone tak, jak sk\u00f3ry nierozerwane. Stopie\u0144 uszkodzenia jest ustalany w ko\u0144cowej selekcji.<\/p>\n<p>W procesie sortowania sk\u00f3r lisichi i jenocich p\u0142e\u0107 nie odgrywa roli.<\/p>\n<p><img loading=\"lazy\" decoding=\"async\" class=\"alignnone size-medium wp-image-197244\" src=\"https:\/\/www.sagafurs.com\/wp-content\/uploads\/2026\/02\/Kettu_2-1-144x384.jpg\" alt=\"\" width=\"144\" height=\"384\" srcset=\"https:\/\/www.sagafurs.com\/wp-content\/uploads\/2026\/02\/Kettu_2-1-144x384.jpg 144w, https:\/\/www.sagafurs.com\/wp-content\/uploads\/2026\/02\/Kettu_2-1-574x1536.jpg 574w, https:\/\/www.sagafurs.com\/wp-content\/uploads\/2026\/02\/Kettu_2-1.jpg 661w\" sizes=\"auto, (max-width: 144px) 100vw, 144px\" \/><\/p>\n<p>&nbsp;<\/p>\n<p>&nbsp;<\/p>\n","protected":false},"excerpt":{"rendered":"<p>Sk\u00f3ry norek, lis\u00f3w i jenot\u00f3w s\u0105 dok\u0142adnie mierzone wed\u0142ug mi\u0119dzynarodowych standard\u00f3w. Norka Sk\u00f3ry s\u0105 mierzone od ko\u0144ca nosa do miejsca, w kt\u00f3rym rozpoczyna si\u0119 ogon. Je\u017celi sk\u00f3ry nie s\u0105 poprawnie wysk\u00f3rowane, mierzy si\u0119 je do najbli\u017cszego miejsca, w kt\u00f3rym sk\u00f3ra osi\u0105ga pe\u0142n\u0105 szeroko\u015b\u0107. Oznacza to, \u017ce ma\u0142a cz\u0119\u015b\u0107 mierzonej powierzchni nie mo\u017ce by\u0107 wykorzystana. Sk\u00f3ry<a class=\"excerpt-read-more\" href=\"https:\/\/www.sagafurs.com\/pl\/auction\/products\/system-selekcji\/rozmiar\/\" title=\"Czytaj dalejRozmiar\">Czytaj dalej &raquo;<\/a><\/p>\n","protected":false},"author":7,"featured_media":0,"parent":2387,"menu_order":0,"comment_status":"closed","ping_status":"closed","template":"templates\/content-page-template.php","meta":{"_acf_changed":false,"footnotes":""},"class_list":["post-165850","page","type-page","status-publish","hentry"],"acf":[],"yoast_head":"<!-- This site is optimized with the Yoast SEO plugin v27.4 - https:\/\/yoast.com\/product\/yoast-seo-wordpress\/ -->\n<title>Rozmiar - Sagafurs<\/title>\n<meta name=\"robots\" content=\"index, follow, max-snippet:-1, max-image-preview:large, max-video-preview:-1\" \/>\n<link rel=\"canonical\" href=\"https:\/\/www.sagafurs.com\/pl\/auction\/products\/system-selekcji\/rozmiar\/\" \/>\n<meta property=\"og:locale\" content=\"pl_PL\" \/>\n<meta property=\"og:type\" content=\"article\" \/>\n<meta property=\"og:title\" content=\"Rozmiar - Sagafurs\" \/>\n<meta property=\"og:description\" content=\"Sk\u00f3ry norek, lis\u00f3w i jenot\u00f3w s\u0105 dok\u0142adnie mierzone wed\u0142ug mi\u0119dzynarodowych standard\u00f3w. Norka Sk\u00f3ry s\u0105 mierzone od ko\u0144ca nosa do miejsca, w kt\u00f3rym rozpoczyna si\u0119 ogon. Je\u017celi sk\u00f3ry nie s\u0105 poprawnie wysk\u00f3rowane, mierzy si\u0119 je do najbli\u017cszego miejsca, w kt\u00f3rym sk\u00f3ra osi\u0105ga pe\u0142n\u0105 szeroko\u015b\u0107. Oznacza to, \u017ce ma\u0142a cz\u0119\u015b\u0107 mierzonej powierzchni nie mo\u017ce by\u0107 wykorzystana. Sk\u00f3ryCzytaj dalej &raquo;\" \/>\n<meta property=\"og:url\" content=\"https:\/\/www.sagafurs.com\/pl\/auction\/products\/system-selekcji\/rozmiar\/\" \/>\n<meta property=\"og:site_name\" content=\"Sagafurs\" \/>\n<meta property=\"article:modified_time\" content=\"2026-02-11T12:02:57+00:00\" \/>\n<meta property=\"og:image\" content=\"https:\/\/www.sagafurs.com\/wp-content\/uploads\/2026\/02\/Minkki_1-1.jpg\" \/>\n\t<meta property=\"og:image:width\" content=\"661\" \/>\n\t<meta property=\"og:image:height\" content=\"1720\" \/>\n\t<meta property=\"og:image:type\" content=\"image\/jpeg\" \/>\n<meta name=\"twitter:card\" content=\"summary_large_image\" \/>\n<meta name=\"twitter:label1\" content=\"Szacowany czas czytania\" \/>\n\t<meta name=\"twitter:data1\" content=\"2 minuty\" \/>\n<script type=\"application\/ld+json\" class=\"yoast-schema-graph\">{\"@context\":\"https:\\\/\\\/schema.org\",\"@graph\":[{\"@type\":\"WebPage\",\"@id\":\"https:\\\/\\\/www.sagafurs.com\\\/pl\\\/auction\\\/products\\\/system-selekcji\\\/rozmiar\\\/\",\"url\":\"https:\\\/\\\/www.sagafurs.com\\\/pl\\\/auction\\\/products\\\/system-selekcji\\\/rozmiar\\\/\",\"name\":\"Rozmiar - Sagafurs\",\"isPartOf\":{\"@id\":\"https:\\\/\\\/www.sagafurs.com\\\/#website\"},\"primaryImageOfPage\":{\"@id\":\"https:\\\/\\\/www.sagafurs.com\\\/pl\\\/auction\\\/products\\\/system-selekcji\\\/rozmiar\\\/#primaryimage\"},\"image\":{\"@id\":\"https:\\\/\\\/www.sagafurs.com\\\/pl\\\/auction\\\/products\\\/system-selekcji\\\/rozmiar\\\/#primaryimage\"},\"thumbnailUrl\":\"https:\\\/\\\/www.sagafurs.com\\\/wp-content\\\/uploads\\\/2026\\\/02\\\/Minkki_1-1-148x384.jpg\",\"datePublished\":\"2017-12-11T14:16:16+00:00\",\"dateModified\":\"2026-02-11T12:02:57+00:00\",\"breadcrumb\":{\"@id\":\"https:\\\/\\\/www.sagafurs.com\\\/pl\\\/auction\\\/products\\\/system-selekcji\\\/rozmiar\\\/#breadcrumb\"},\"inLanguage\":\"pl-PL\",\"potentialAction\":[{\"@type\":\"ReadAction\",\"target\":[\"https:\\\/\\\/www.sagafurs.com\\\/pl\\\/auction\\\/products\\\/system-selekcji\\\/rozmiar\\\/\"]}]},{\"@type\":\"ImageObject\",\"inLanguage\":\"pl-PL\",\"@id\":\"https:\\\/\\\/www.sagafurs.com\\\/pl\\\/auction\\\/products\\\/system-selekcji\\\/rozmiar\\\/#primaryimage\",\"url\":\"https:\\\/\\\/www.sagafurs.com\\\/wp-content\\\/uploads\\\/2026\\\/02\\\/Minkki_1-1-148x384.jpg\",\"contentUrl\":\"https:\\\/\\\/www.sagafurs.com\\\/wp-content\\\/uploads\\\/2026\\\/02\\\/Minkki_1-1-148x384.jpg\"},{\"@type\":\"BreadcrumbList\",\"@id\":\"https:\\\/\\\/www.sagafurs.com\\\/pl\\\/auction\\\/products\\\/system-selekcji\\\/rozmiar\\\/#breadcrumb\",\"itemListElement\":[{\"@type\":\"ListItem\",\"position\":1,\"name\":\"Home\",\"item\":\"https:\\\/\\\/www.sagafurs.com\\\/pl\\\/\"},{\"@type\":\"ListItem\",\"position\":2,\"name\":\"Aukcje\",\"item\":\"https:\\\/\\\/www.sagafurs.com\\\/pl\\\/auction\\\/\"},{\"@type\":\"ListItem\",\"position\":3,\"name\":\"Produkty\",\"item\":\"https:\\\/\\\/www.sagafurs.com\\\/pl\\\/auction\\\/products\\\/\"},{\"@type\":\"ListItem\",\"position\":4,\"name\":\"System selekcji\",\"item\":\"https:\\\/\\\/www.sagafurs.com\\\/pl\\\/auction\\\/products\\\/system-selekcji\\\/\"},{\"@type\":\"ListItem\",\"position\":5,\"name\":\"Rozmiar\"}]},{\"@type\":\"WebSite\",\"@id\":\"https:\\\/\\\/www.sagafurs.com\\\/#website\",\"url\":\"https:\\\/\\\/www.sagafurs.com\\\/\",\"name\":\"Sagafurs\",\"description\":\"Sagafurs\",\"potentialAction\":[{\"@type\":\"SearchAction\",\"target\":{\"@type\":\"EntryPoint\",\"urlTemplate\":\"https:\\\/\\\/www.sagafurs.com\\\/?s={search_term_string}\"},\"query-input\":{\"@type\":\"PropertyValueSpecification\",\"valueRequired\":true,\"valueName\":\"search_term_string\"}}],\"inLanguage\":\"pl-PL\"}]}<\/script>\n<!-- \/ Yoast SEO plugin. -->","yoast_head_json":{"title":"Rozmiar - Sagafurs","robots":{"index":"index","follow":"follow","max-snippet":"max-snippet:-1","max-image-preview":"max-image-preview:large","max-video-preview":"max-video-preview:-1"},"canonical":"https:\/\/www.sagafurs.com\/pl\/auction\/products\/system-selekcji\/rozmiar\/","og_locale":"pl_PL","og_type":"article","og_title":"Rozmiar - Sagafurs","og_description":"Sk\u00f3ry norek, lis\u00f3w i jenot\u00f3w s\u0105 dok\u0142adnie mierzone wed\u0142ug mi\u0119dzynarodowych standard\u00f3w. Norka Sk\u00f3ry s\u0105 mierzone od ko\u0144ca nosa do miejsca, w kt\u00f3rym rozpoczyna si\u0119 ogon. Je\u017celi sk\u00f3ry nie s\u0105 poprawnie wysk\u00f3rowane, mierzy si\u0119 je do najbli\u017cszego miejsca, w kt\u00f3rym sk\u00f3ra osi\u0105ga pe\u0142n\u0105 szeroko\u015b\u0107. Oznacza to, \u017ce ma\u0142a cz\u0119\u015b\u0107 mierzonej powierzchni nie mo\u017ce by\u0107 wykorzystana. Sk\u00f3ryCzytaj dalej &raquo;","og_url":"https:\/\/www.sagafurs.com\/pl\/auction\/products\/system-selekcji\/rozmiar\/","og_site_name":"Sagafurs","article_modified_time":"2026-02-11T12:02:57+00:00","og_image":[{"width":661,"height":1720,"url":"https:\/\/www.sagafurs.com\/wp-content\/uploads\/2026\/02\/Minkki_1-1.jpg","type":"image\/jpeg"}],"twitter_card":"summary_large_image","twitter_misc":{"Szacowany czas czytania":"2 minuty"},"schema":{"@context":"https:\/\/schema.org","@graph":[{"@type":"WebPage","@id":"https:\/\/www.sagafurs.com\/pl\/auction\/products\/system-selekcji\/rozmiar\/","url":"https:\/\/www.sagafurs.com\/pl\/auction\/products\/system-selekcji\/rozmiar\/","name":"Rozmiar - Sagafurs","isPartOf":{"@id":"https:\/\/www.sagafurs.com\/#website"},"primaryImageOfPage":{"@id":"https:\/\/www.sagafurs.com\/pl\/auction\/products\/system-selekcji\/rozmiar\/#primaryimage"},"image":{"@id":"https:\/\/www.sagafurs.com\/pl\/auction\/products\/system-selekcji\/rozmiar\/#primaryimage"},"thumbnailUrl":"https:\/\/www.sagafurs.com\/wp-content\/uploads\/2026\/02\/Minkki_1-1-148x384.jpg","datePublished":"2017-12-11T14:16:16+00:00","dateModified":"2026-02-11T12:02:57+00:00","breadcrumb":{"@id":"https:\/\/www.sagafurs.com\/pl\/auction\/products\/system-selekcji\/rozmiar\/#breadcrumb"},"inLanguage":"pl-PL","potentialAction":[{"@type":"ReadAction","target":["https:\/\/www.sagafurs.com\/pl\/auction\/products\/system-selekcji\/rozmiar\/"]}]},{"@type":"ImageObject","inLanguage":"pl-PL","@id":"https:\/\/www.sagafurs.com\/pl\/auction\/products\/system-selekcji\/rozmiar\/#primaryimage","url":"https:\/\/www.sagafurs.com\/wp-content\/uploads\/2026\/02\/Minkki_1-1-148x384.jpg","contentUrl":"https:\/\/www.sagafurs.com\/wp-content\/uploads\/2026\/02\/Minkki_1-1-148x384.jpg"},{"@type":"BreadcrumbList","@id":"https:\/\/www.sagafurs.com\/pl\/auction\/products\/system-selekcji\/rozmiar\/#breadcrumb","itemListElement":[{"@type":"ListItem","position":1,"name":"Home","item":"https:\/\/www.sagafurs.com\/pl\/"},{"@type":"ListItem","position":2,"name":"Aukcje","item":"https:\/\/www.sagafurs.com\/pl\/auction\/"},{"@type":"ListItem","position":3,"name":"Produkty","item":"https:\/\/www.sagafurs.com\/pl\/auction\/products\/"},{"@type":"ListItem","position":4,"name":"System selekcji","item":"https:\/\/www.sagafurs.com\/pl\/auction\/products\/system-selekcji\/"},{"@type":"ListItem","position":5,"name":"Rozmiar"}]},{"@type":"WebSite","@id":"https:\/\/www.sagafurs.com\/#website","url":"https:\/\/www.sagafurs.com\/","name":"Sagafurs","description":"Sagafurs","potentialAction":[{"@type":"SearchAction","target":{"@type":"EntryPoint","urlTemplate":"https:\/\/www.sagafurs.com\/?s={search_term_string}"},"query-input":{"@type":"PropertyValueSpecification","valueRequired":true,"valueName":"search_term_string"}}],"inLanguage":"pl-PL"}]}},"_links":{"self":[{"href":"https:\/\/www.sagafurs.com\/pl\/wp-json\/wp\/v2\/pages\/165850","targetHints":{"allow":["GET"]}}],"collection":[{"href":"https:\/\/www.sagafurs.com\/pl\/wp-json\/wp\/v2\/pages"}],"about":[{"href":"https:\/\/www.sagafurs.com\/pl\/wp-json\/wp\/v2\/types\/page"}],"author":[{"embeddable":true,"href":"https:\/\/www.sagafurs.com\/pl\/wp-json\/wp\/v2\/users\/7"}],"replies":[{"embeddable":true,"href":"https:\/\/www.sagafurs.com\/pl\/wp-json\/wp\/v2\/comments?post=165850"}],"version-history":[{"count":0,"href":"https:\/\/www.sagafurs.com\/pl\/wp-json\/wp\/v2\/pages\/165850\/revisions"}],"up":[{"embeddable":true,"href":"https:\/\/www.sagafurs.com\/pl\/wp-json\/wp\/v2\/pages\/2387"}],"wp:attachment":[{"href":"https:\/\/www.sagafurs.com\/pl\/wp-json\/wp\/v2\/media?parent=165850"}],"curies":[{"name":"wp","href":"https:\/\/api.w.org\/{rel}","templated":true}]}}