{"id":165852,"date":"2017-12-11T15:29:17","date_gmt":"2017-12-11T14:29:17","guid":{"rendered":"https:\/\/www.sagafurs.com\/?page_id=165852\/"},"modified":"2017-12-11T15:29:56","modified_gmt":"2017-12-11T14:29:56","slug":"odcien-barwy","status":"publish","type":"page","link":"https:\/\/www.sagafurs.com\/pl\/auction\/products\/system-selekcji\/odcien-barwy\/","title":{"rendered":"Odcie\u0144 barwy"},"content":{"rendered":"<p><b>Norka<\/b><\/p>\n<p>Norki kolekcji Saga\u00ae r\u00f3\u017cni\u0105 si\u0119 w odcieniu barwy od ciemnych do jasnych. W zale\u017cno\u015bci od typu norek mo\u017cna okre\u015bli\u0107 r\u00f3\u017cne odcienie. Przyk\u0142adowo niekt\u00f3re typy maj\u0105 skal\u0119 2x Dark (ciemne) do 3x Pale (jasne).<\/p>\n<p><img loading=\"lazy\" decoding=\"async\" class=\"alignnone size-medium wp-image-165301\" src=\"http:\/\/www.sagafurs.com\/wp-content\/uploads\/2017\/01\/Shading-Scale-Website-1024x102.png\" alt=\"\" width=\"1024\" height=\"102\" srcset=\"https:\/\/www.sagafurs.com\/wp-content\/uploads\/2017\/01\/Shading-Scale-Website-1024x102.png 1024w, https:\/\/www.sagafurs.com\/wp-content\/uploads\/2017\/01\/Shading-Scale-Website-768x76.png 768w, https:\/\/www.sagafurs.com\/wp-content\/uploads\/2017\/01\/Shading-Scale-Website.png 1097w\" sizes=\"auto, (max-width: 1024px) 100vw, 1024px\" \/><\/p>\n<p>&nbsp;<\/p>\n<p><strong>Lis i Jenot<\/strong><\/p>\n<p>Podobnie jak w sk\u00f3rach norczych, w r\u00f3\u017cnych typach lisa lub jenota, stosowane s\u0105 r\u00f3\u017cne warianty odcieni. Sk\u00f3ry lisie i jenocie Saga\u00ae s\u0105 selekcjonowane wed\u0142ug nast\u0119puj\u0105cej skali odcieni:<\/p>\n<p><img loading=\"lazy\" decoding=\"async\" class=\"alignnone size-medium wp-image-165308\" src=\"http:\/\/www.sagafurs.com\/wp-content\/uploads\/2017\/01\/Shadin-Scale-Fox-Finnraccoon-Website-1024x108.png\" alt=\"\" width=\"1024\" height=\"108\" srcset=\"https:\/\/www.sagafurs.com\/wp-content\/uploads\/2017\/01\/Shadin-Scale-Fox-Finnraccoon-Website-1024x108.png 1024w, https:\/\/www.sagafurs.com\/wp-content\/uploads\/2017\/01\/Shadin-Scale-Fox-Finnraccoon-Website-768x81.png 768w, https:\/\/www.sagafurs.com\/wp-content\/uploads\/2017\/01\/Shadin-Scale-Fox-Finnraccoon-Website.png 1096w\" sizes=\"auto, (max-width: 1024px) 100vw, 1024px\" \/><\/p>\n<p>&nbsp;<\/p>\n<p>Odcie\u0144 barwy nie wp\u0142ywa na selekcj\u0119 jako\u015bci sk\u00f3ry.<\/p>\n","protected":false},"excerpt":{"rendered":"<p>Norka Norki kolekcji Saga\u00ae r\u00f3\u017cni\u0105 si\u0119 w odcieniu barwy od ciemnych do jasnych. W zale\u017cno\u015bci od typu norek mo\u017cna okre\u015bli\u0107 r\u00f3\u017cne odcienie. Przyk\u0142adowo niekt\u00f3re typy maj\u0105 skal\u0119 2x Dark (ciemne) do 3x Pale (jasne). &nbsp; Lis i Jenot Podobnie jak w sk\u00f3rach norczych, w r\u00f3\u017cnych typach lisa lub jenota, stosowane s\u0105 r\u00f3\u017cne warianty odcieni. Sk\u00f3ry<a class=\"excerpt-read-more\" href=\"https:\/\/www.sagafurs.com\/pl\/auction\/products\/system-selekcji\/odcien-barwy\/\" title=\"Czytaj dalejOdcie\u0144 barwy\">Czytaj dalej &raquo;<\/a><\/p>\n","protected":false},"author":7,"featured_media":0,"parent":2387,"menu_order":0,"comment_status":"closed","ping_status":"closed","template":"templates\/content-page-template.php","meta":{"_acf_changed":false,"footnotes":""},"class_list":["post-165852","page","type-page","status-publish","hentry"],"acf":[],"yoast_head":"<!-- This site is optimized with the Yoast SEO plugin v27.4 - https:\/\/yoast.com\/product\/yoast-seo-wordpress\/ -->\n<title>Odcie\u0144 barwy - Sagafurs<\/title>\n<meta name=\"robots\" content=\"index, follow, max-snippet:-1, max-image-preview:large, max-video-preview:-1\" \/>\n<link rel=\"canonical\" href=\"https:\/\/www.sagafurs.com\/pl\/auction\/products\/system-selekcji\/odcien-barwy\/\" \/>\n<meta property=\"og:locale\" content=\"pl_PL\" \/>\n<meta property=\"og:type\" content=\"article\" \/>\n<meta property=\"og:title\" content=\"Odcie\u0144 barwy - Sagafurs\" \/>\n<meta property=\"og:description\" content=\"Norka Norki kolekcji Saga\u00ae r\u00f3\u017cni\u0105 si\u0119 w odcieniu barwy od ciemnych do jasnych. W zale\u017cno\u015bci od typu norek mo\u017cna okre\u015bli\u0107 r\u00f3\u017cne odcienie. Przyk\u0142adowo niekt\u00f3re typy maj\u0105 skal\u0119 2x Dark (ciemne) do 3x Pale (jasne). &nbsp; Lis i Jenot Podobnie jak w sk\u00f3rach norczych, w r\u00f3\u017cnych typach lisa lub jenota, stosowane s\u0105 r\u00f3\u017cne warianty odcieni. Sk\u00f3ryCzytaj dalej &raquo;\" \/>\n<meta property=\"og:url\" content=\"https:\/\/www.sagafurs.com\/pl\/auction\/products\/system-selekcji\/odcien-barwy\/\" \/>\n<meta property=\"og:site_name\" content=\"Sagafurs\" \/>\n<meta property=\"article:modified_time\" content=\"2017-12-11T14:29:56+00:00\" \/>\n<meta property=\"og:image\" content=\"https:\/\/www.sagafurs.com\/wp-content\/uploads\/2017\/01\/Shading-Scale-Website.png\" \/>\n\t<meta property=\"og:image:width\" content=\"1097\" \/>\n\t<meta property=\"og:image:height\" content=\"109\" \/>\n\t<meta property=\"og:image:type\" content=\"image\/png\" \/>\n<meta name=\"twitter:card\" content=\"summary_large_image\" \/>\n<script type=\"application\/ld+json\" class=\"yoast-schema-graph\">{\"@context\":\"https:\\\/\\\/schema.org\",\"@graph\":[{\"@type\":\"WebPage\",\"@id\":\"https:\\\/\\\/www.sagafurs.com\\\/pl\\\/auction\\\/products\\\/system-selekcji\\\/odcien-barwy\\\/\",\"url\":\"https:\\\/\\\/www.sagafurs.com\\\/pl\\\/auction\\\/products\\\/system-selekcji\\\/odcien-barwy\\\/\",\"name\":\"Odcie\u0144 barwy - Sagafurs\",\"isPartOf\":{\"@id\":\"https:\\\/\\\/www.sagafurs.com\\\/#website\"},\"primaryImageOfPage\":{\"@id\":\"https:\\\/\\\/www.sagafurs.com\\\/pl\\\/auction\\\/products\\\/system-selekcji\\\/odcien-barwy\\\/#primaryimage\"},\"image\":{\"@id\":\"https:\\\/\\\/www.sagafurs.com\\\/pl\\\/auction\\\/products\\\/system-selekcji\\\/odcien-barwy\\\/#primaryimage\"},\"thumbnailUrl\":\"http:\\\/\\\/www.sagafurs.com\\\/wp-content\\\/uploads\\\/2017\\\/01\\\/Shading-Scale-Website-1024x102.png\",\"datePublished\":\"2017-12-11T14:29:17+00:00\",\"dateModified\":\"2017-12-11T14:29:56+00:00\",\"breadcrumb\":{\"@id\":\"https:\\\/\\\/www.sagafurs.com\\\/pl\\\/auction\\\/products\\\/system-selekcji\\\/odcien-barwy\\\/#breadcrumb\"},\"inLanguage\":\"pl-PL\",\"potentialAction\":[{\"@type\":\"ReadAction\",\"target\":[\"https:\\\/\\\/www.sagafurs.com\\\/pl\\\/auction\\\/products\\\/system-selekcji\\\/odcien-barwy\\\/\"]}]},{\"@type\":\"ImageObject\",\"inLanguage\":\"pl-PL\",\"@id\":\"https:\\\/\\\/www.sagafurs.com\\\/pl\\\/auction\\\/products\\\/system-selekcji\\\/odcien-barwy\\\/#primaryimage\",\"url\":\"http:\\\/\\\/www.sagafurs.com\\\/wp-content\\\/uploads\\\/2017\\\/01\\\/Shading-Scale-Website-1024x102.png\",\"contentUrl\":\"http:\\\/\\\/www.sagafurs.com\\\/wp-content\\\/uploads\\\/2017\\\/01\\\/Shading-Scale-Website-1024x102.png\"},{\"@type\":\"BreadcrumbList\",\"@id\":\"https:\\\/\\\/www.sagafurs.com\\\/pl\\\/auction\\\/products\\\/system-selekcji\\\/odcien-barwy\\\/#breadcrumb\",\"itemListElement\":[{\"@type\":\"ListItem\",\"position\":1,\"name\":\"Home\",\"item\":\"https:\\\/\\\/www.sagafurs.com\\\/pl\\\/\"},{\"@type\":\"ListItem\",\"position\":2,\"name\":\"Aukcje\",\"item\":\"https:\\\/\\\/www.sagafurs.com\\\/pl\\\/auction\\\/\"},{\"@type\":\"ListItem\",\"position\":3,\"name\":\"Produkty\",\"item\":\"https:\\\/\\\/www.sagafurs.com\\\/pl\\\/auction\\\/products\\\/\"},{\"@type\":\"ListItem\",\"position\":4,\"name\":\"System selekcji\",\"item\":\"https:\\\/\\\/www.sagafurs.com\\\/pl\\\/auction\\\/products\\\/system-selekcji\\\/\"},{\"@type\":\"ListItem\",\"position\":5,\"name\":\"Odcie\u0144 barwy\"}]},{\"@type\":\"WebSite\",\"@id\":\"https:\\\/\\\/www.sagafurs.com\\\/#website\",\"url\":\"https:\\\/\\\/www.sagafurs.com\\\/\",\"name\":\"Sagafurs\",\"description\":\"Sagafurs\",\"potentialAction\":[{\"@type\":\"SearchAction\",\"target\":{\"@type\":\"EntryPoint\",\"urlTemplate\":\"https:\\\/\\\/www.sagafurs.com\\\/?s={search_term_string}\"},\"query-input\":{\"@type\":\"PropertyValueSpecification\",\"valueRequired\":true,\"valueName\":\"search_term_string\"}}],\"inLanguage\":\"pl-PL\"}]}<\/script>\n<!-- \/ Yoast SEO plugin. -->","yoast_head_json":{"title":"Odcie\u0144 barwy - Sagafurs","robots":{"index":"index","follow":"follow","max-snippet":"max-snippet:-1","max-image-preview":"max-image-preview:large","max-video-preview":"max-video-preview:-1"},"canonical":"https:\/\/www.sagafurs.com\/pl\/auction\/products\/system-selekcji\/odcien-barwy\/","og_locale":"pl_PL","og_type":"article","og_title":"Odcie\u0144 barwy - Sagafurs","og_description":"Norka Norki kolekcji Saga\u00ae r\u00f3\u017cni\u0105 si\u0119 w odcieniu barwy od ciemnych do jasnych. W zale\u017cno\u015bci od typu norek mo\u017cna okre\u015bli\u0107 r\u00f3\u017cne odcienie. Przyk\u0142adowo niekt\u00f3re typy maj\u0105 skal\u0119 2x Dark (ciemne) do 3x Pale (jasne). &nbsp; Lis i Jenot Podobnie jak w sk\u00f3rach norczych, w r\u00f3\u017cnych typach lisa lub jenota, stosowane s\u0105 r\u00f3\u017cne warianty odcieni. Sk\u00f3ryCzytaj dalej &raquo;","og_url":"https:\/\/www.sagafurs.com\/pl\/auction\/products\/system-selekcji\/odcien-barwy\/","og_site_name":"Sagafurs","article_modified_time":"2017-12-11T14:29:56+00:00","og_image":[{"width":1097,"height":109,"url":"https:\/\/www.sagafurs.com\/wp-content\/uploads\/2017\/01\/Shading-Scale-Website.png","type":"image\/png"}],"twitter_card":"summary_large_image","schema":{"@context":"https:\/\/schema.org","@graph":[{"@type":"WebPage","@id":"https:\/\/www.sagafurs.com\/pl\/auction\/products\/system-selekcji\/odcien-barwy\/","url":"https:\/\/www.sagafurs.com\/pl\/auction\/products\/system-selekcji\/odcien-barwy\/","name":"Odcie\u0144 barwy - Sagafurs","isPartOf":{"@id":"https:\/\/www.sagafurs.com\/#website"},"primaryImageOfPage":{"@id":"https:\/\/www.sagafurs.com\/pl\/auction\/products\/system-selekcji\/odcien-barwy\/#primaryimage"},"image":{"@id":"https:\/\/www.sagafurs.com\/pl\/auction\/products\/system-selekcji\/odcien-barwy\/#primaryimage"},"thumbnailUrl":"http:\/\/www.sagafurs.com\/wp-content\/uploads\/2017\/01\/Shading-Scale-Website-1024x102.png","datePublished":"2017-12-11T14:29:17+00:00","dateModified":"2017-12-11T14:29:56+00:00","breadcrumb":{"@id":"https:\/\/www.sagafurs.com\/pl\/auction\/products\/system-selekcji\/odcien-barwy\/#breadcrumb"},"inLanguage":"pl-PL","potentialAction":[{"@type":"ReadAction","target":["https:\/\/www.sagafurs.com\/pl\/auction\/products\/system-selekcji\/odcien-barwy\/"]}]},{"@type":"ImageObject","inLanguage":"pl-PL","@id":"https:\/\/www.sagafurs.com\/pl\/auction\/products\/system-selekcji\/odcien-barwy\/#primaryimage","url":"http:\/\/www.sagafurs.com\/wp-content\/uploads\/2017\/01\/Shading-Scale-Website-1024x102.png","contentUrl":"http:\/\/www.sagafurs.com\/wp-content\/uploads\/2017\/01\/Shading-Scale-Website-1024x102.png"},{"@type":"BreadcrumbList","@id":"https:\/\/www.sagafurs.com\/pl\/auction\/products\/system-selekcji\/odcien-barwy\/#breadcrumb","itemListElement":[{"@type":"ListItem","position":1,"name":"Home","item":"https:\/\/www.sagafurs.com\/pl\/"},{"@type":"ListItem","position":2,"name":"Aukcje","item":"https:\/\/www.sagafurs.com\/pl\/auction\/"},{"@type":"ListItem","position":3,"name":"Produkty","item":"https:\/\/www.sagafurs.com\/pl\/auction\/products\/"},{"@type":"ListItem","position":4,"name":"System selekcji","item":"https:\/\/www.sagafurs.com\/pl\/auction\/products\/system-selekcji\/"},{"@type":"ListItem","position":5,"name":"Odcie\u0144 barwy"}]},{"@type":"WebSite","@id":"https:\/\/www.sagafurs.com\/#website","url":"https:\/\/www.sagafurs.com\/","name":"Sagafurs","description":"Sagafurs","potentialAction":[{"@type":"SearchAction","target":{"@type":"EntryPoint","urlTemplate":"https:\/\/www.sagafurs.com\/?s={search_term_string}"},"query-input":{"@type":"PropertyValueSpecification","valueRequired":true,"valueName":"search_term_string"}}],"inLanguage":"pl-PL"}]}},"_links":{"self":[{"href":"https:\/\/www.sagafurs.com\/pl\/wp-json\/wp\/v2\/pages\/165852","targetHints":{"allow":["GET"]}}],"collection":[{"href":"https:\/\/www.sagafurs.com\/pl\/wp-json\/wp\/v2\/pages"}],"about":[{"href":"https:\/\/www.sagafurs.com\/pl\/wp-json\/wp\/v2\/types\/page"}],"author":[{"embeddable":true,"href":"https:\/\/www.sagafurs.com\/pl\/wp-json\/wp\/v2\/users\/7"}],"replies":[{"embeddable":true,"href":"https:\/\/www.sagafurs.com\/pl\/wp-json\/wp\/v2\/comments?post=165852"}],"version-history":[{"count":0,"href":"https:\/\/www.sagafurs.com\/pl\/wp-json\/wp\/v2\/pages\/165852\/revisions"}],"up":[{"embeddable":true,"href":"https:\/\/www.sagafurs.com\/pl\/wp-json\/wp\/v2\/pages\/2387"}],"wp:attachment":[{"href":"https:\/\/www.sagafurs.com\/pl\/wp-json\/wp\/v2\/media?parent=165852"}],"curies":[{"name":"wp","href":"https:\/\/api.w.org\/{rel}","templated":true}]}}