{"id":2366,"date":"2016-05-31T12:11:37","date_gmt":"2016-05-31T12:11:37","guid":{"rendered":"https:\/\/www.sagafurs.com\/pl\/auction\/auction-services\/"},"modified":"2016-10-13T10:51:28","modified_gmt":"2016-10-13T09:51:28","slug":"uslugi-zwiazane-z-aukcja","status":"publish","type":"page","link":"https:\/\/www.sagafurs.com\/pl\/auction\/uslugi-zwiazane-z-aukcja\/","title":{"rendered":"Us\u0142ugi zwi\u0105zane z aukcj\u0105"},"content":{"rendered":"<p><strong>Wszelkie potrzebne Pa\u0144stwu us\u0142ugi \u2014 szybko i z u\u015bmiechem<br \/>\n<\/strong><br \/>\nPragniemy zadba\u0107 o to, aby podr\u00f3\u017c s\u0142u\u017cbowa na aukcje Saga Furs by\u0142a dla Pa\u0144stwa jak naj\u0142atwiejsza i najwygodniejsza.<\/p>\n<p>Saga Furs jest jedynym domem aukcyjnym zapewniaj\u0105cym pe\u0142n\u0105 gam\u0119 us\u0142ug \u015bwiadczonych przed aukcj\u0105, podczas jej trwania oraz po aukcji, kt\u00f3re pozwol\u0105 zaoszcz\u0119dzi\u0107 Pa\u0144stwa czas. Mo\u017cemy r\u00f3wnie\u017c pom\u00f3c w znalezieniu oferty rozrywek, wype\u0142niaj\u0105cych wolny czas.<\/p>\n<p>Z przyjemno\u015bci\u0105 wy\u015bwiadczymy Pa\u0144stwu indywidualne us\u0142ugi zwi\u0105zane z:<br \/>\n\u2022 rejestracj\u0105,<br \/>\n\u2022 rezerwacj\u0105 hotelu i transportu autobusem,<br \/>\n\u2022 zapewnieniem asystenta aukcyjnego,<br \/>\n\u2022 wynaj\u0119ciem powierzchni biurowej i wyposa\u017cenia,<br \/>\n\u2022 wizami,<br \/>\n\u2022 zapewnieniem rozrywek w czasie wolnym,<br \/>\n\u2022 wieloma innymi sprawami.<\/p>\n<p><strong>W razie jakichkolwiek pyta\u0144 wystarczy si\u0119 z nami skontaktowa\u0107. Obiecujemy dzia\u0142a\u0107 szybko i z u\u015bmiechem na ustach \u2014 to podstawa naszej filozofii kompleksowych us\u0142ug.<\/strong><\/p>\n","protected":false},"excerpt":{"rendered":"<p>Wszelkie potrzebne Pa\u0144stwu us\u0142ugi \u2014 szybko i z u\u015bmiechem Pragniemy zadba\u0107 o to, aby podr\u00f3\u017c s\u0142u\u017cbowa na aukcje Saga Furs by\u0142a dla Pa\u0144stwa jak naj\u0142atwiejsza i najwygodniejsza. Saga Furs jest jedynym domem aukcyjnym zapewniaj\u0105cym pe\u0142n\u0105 gam\u0119 us\u0142ug \u015bwiadczonych przed aukcj\u0105, podczas jej trwania oraz po aukcji, kt\u00f3re pozwol\u0105 zaoszcz\u0119dzi\u0107 Pa\u0144stwa czas. Mo\u017cemy r\u00f3wnie\u017c pom\u00f3c w<a class=\"excerpt-read-more\" href=\"https:\/\/www.sagafurs.com\/pl\/auction\/uslugi-zwiazane-z-aukcja\/\" title=\"Czytaj dalejUs\u0142ugi zwi\u0105zane z aukcj\u0105\">Czytaj dalej &raquo;<\/a><\/p>\n","protected":false},"author":29,"featured_media":2367,"parent":2365,"menu_order":0,"comment_status":"closed","ping_status":"closed","template":"templates\/content-page-template.php","meta":{"_acf_changed":false,"footnotes":""},"class_list":["post-2366","page","type-page","status-publish","has-post-thumbnail","hentry"],"acf":[],"yoast_head":"<!-- This site is optimized with the Yoast SEO plugin v27.4 - https:\/\/yoast.com\/product\/yoast-seo-wordpress\/ -->\n<title>Us\u0142ugi zwi\u0105zane z aukcj\u0105 - Sagafurs<\/title>\n<meta name=\"robots\" content=\"index, follow, max-snippet:-1, max-image-preview:large, max-video-preview:-1\" \/>\n<link rel=\"canonical\" href=\"https:\/\/www.sagafurs.com\/pl\/auction\/uslugi-zwiazane-z-aukcja\/\" \/>\n<meta property=\"og:locale\" content=\"pl_PL\" \/>\n<meta property=\"og:type\" content=\"article\" \/>\n<meta property=\"og:title\" content=\"Us\u0142ugi zwi\u0105zane z aukcj\u0105 - Sagafurs\" \/>\n<meta property=\"og:description\" content=\"Wszelkie potrzebne Pa\u0144stwu us\u0142ugi \u2014 szybko i z u\u015bmiechem Pragniemy zadba\u0107 o to, aby podr\u00f3\u017c s\u0142u\u017cbowa na aukcje Saga Furs by\u0142a dla Pa\u0144stwa jak naj\u0142atwiejsza i najwygodniejsza. Saga Furs jest jedynym domem aukcyjnym zapewniaj\u0105cym pe\u0142n\u0105 gam\u0119 us\u0142ug \u015bwiadczonych przed aukcj\u0105, podczas jej trwania oraz po aukcji, kt\u00f3re pozwol\u0105 zaoszcz\u0119dzi\u0107 Pa\u0144stwa czas. Mo\u017cemy r\u00f3wnie\u017c pom\u00f3c wCzytaj dalej &raquo;\" \/>\n<meta property=\"og:url\" content=\"https:\/\/www.sagafurs.com\/pl\/auction\/uslugi-zwiazane-z-aukcja\/\" \/>\n<meta property=\"og:site_name\" content=\"Sagafurs\" \/>\n<meta property=\"article:modified_time\" content=\"2016-10-13T09:51:28+00:00\" \/>\n<meta property=\"og:image\" content=\"http:\/\/www.sagafurs.com\/wp-content\/uploads\/2016\/07\/panoraama_aula.jpg\" \/>\n\t<meta property=\"og:image:width\" content=\"1000\" \/>\n\t<meta property=\"og:image:height\" content=\"429\" \/>\n\t<meta property=\"og:image:type\" content=\"image\/jpeg\" \/>\n<meta name=\"twitter:card\" content=\"summary_large_image\" \/>\n<meta name=\"twitter:label1\" content=\"Szacowany czas czytania\" \/>\n\t<meta name=\"twitter:data1\" content=\"1 minuta\" \/>\n<script type=\"application\/ld+json\" class=\"yoast-schema-graph\">{\"@context\":\"https:\\\/\\\/schema.org\",\"@graph\":[{\"@type\":\"WebPage\",\"@id\":\"https:\\\/\\\/www.sagafurs.com\\\/pl\\\/auction\\\/uslugi-zwiazane-z-aukcja\\\/\",\"url\":\"https:\\\/\\\/www.sagafurs.com\\\/pl\\\/auction\\\/uslugi-zwiazane-z-aukcja\\\/\",\"name\":\"Us\u0142ugi zwi\u0105zane z aukcj\u0105 - Sagafurs\",\"isPartOf\":{\"@id\":\"https:\\\/\\\/www.sagafurs.com\\\/#website\"},\"primaryImageOfPage\":{\"@id\":\"https:\\\/\\\/www.sagafurs.com\\\/pl\\\/auction\\\/uslugi-zwiazane-z-aukcja\\\/#primaryimage\"},\"image\":{\"@id\":\"https:\\\/\\\/www.sagafurs.com\\\/pl\\\/auction\\\/uslugi-zwiazane-z-aukcja\\\/#primaryimage\"},\"thumbnailUrl\":\"https:\\\/\\\/www.sagafurs.com\\\/wp-content\\\/uploads\\\/2016\\\/07\\\/panoraama_aula.jpg\",\"datePublished\":\"2016-05-31T12:11:37+00:00\",\"dateModified\":\"2016-10-13T09:51:28+00:00\",\"breadcrumb\":{\"@id\":\"https:\\\/\\\/www.sagafurs.com\\\/pl\\\/auction\\\/uslugi-zwiazane-z-aukcja\\\/#breadcrumb\"},\"inLanguage\":\"pl-PL\",\"potentialAction\":[{\"@type\":\"ReadAction\",\"target\":[\"https:\\\/\\\/www.sagafurs.com\\\/pl\\\/auction\\\/uslugi-zwiazane-z-aukcja\\\/\"]}]},{\"@type\":\"ImageObject\",\"inLanguage\":\"pl-PL\",\"@id\":\"https:\\\/\\\/www.sagafurs.com\\\/pl\\\/auction\\\/uslugi-zwiazane-z-aukcja\\\/#primaryimage\",\"url\":\"https:\\\/\\\/www.sagafurs.com\\\/wp-content\\\/uploads\\\/2016\\\/07\\\/panoraama_aula.jpg\",\"contentUrl\":\"https:\\\/\\\/www.sagafurs.com\\\/wp-content\\\/uploads\\\/2016\\\/07\\\/panoraama_aula.jpg\",\"width\":1000,\"height\":429},{\"@type\":\"BreadcrumbList\",\"@id\":\"https:\\\/\\\/www.sagafurs.com\\\/pl\\\/auction\\\/uslugi-zwiazane-z-aukcja\\\/#breadcrumb\",\"itemListElement\":[{\"@type\":\"ListItem\",\"position\":1,\"name\":\"Home\",\"item\":\"https:\\\/\\\/www.sagafurs.com\\\/pl\\\/\"},{\"@type\":\"ListItem\",\"position\":2,\"name\":\"Aukcje\",\"item\":\"https:\\\/\\\/www.sagafurs.com\\\/pl\\\/auction\\\/\"},{\"@type\":\"ListItem\",\"position\":3,\"name\":\"Us\u0142ugi zwi\u0105zane z aukcj\u0105\"}]},{\"@type\":\"WebSite\",\"@id\":\"https:\\\/\\\/www.sagafurs.com\\\/#website\",\"url\":\"https:\\\/\\\/www.sagafurs.com\\\/\",\"name\":\"Sagafurs\",\"description\":\"Sagafurs\",\"potentialAction\":[{\"@type\":\"SearchAction\",\"target\":{\"@type\":\"EntryPoint\",\"urlTemplate\":\"https:\\\/\\\/www.sagafurs.com\\\/?s={search_term_string}\"},\"query-input\":{\"@type\":\"PropertyValueSpecification\",\"valueRequired\":true,\"valueName\":\"search_term_string\"}}],\"inLanguage\":\"pl-PL\"}]}<\/script>\n<!-- \/ Yoast SEO plugin. -->","yoast_head_json":{"title":"Us\u0142ugi zwi\u0105zane z aukcj\u0105 - Sagafurs","robots":{"index":"index","follow":"follow","max-snippet":"max-snippet:-1","max-image-preview":"max-image-preview:large","max-video-preview":"max-video-preview:-1"},"canonical":"https:\/\/www.sagafurs.com\/pl\/auction\/uslugi-zwiazane-z-aukcja\/","og_locale":"pl_PL","og_type":"article","og_title":"Us\u0142ugi zwi\u0105zane z aukcj\u0105 - Sagafurs","og_description":"Wszelkie potrzebne Pa\u0144stwu us\u0142ugi \u2014 szybko i z u\u015bmiechem Pragniemy zadba\u0107 o to, aby podr\u00f3\u017c s\u0142u\u017cbowa na aukcje Saga Furs by\u0142a dla Pa\u0144stwa jak naj\u0142atwiejsza i najwygodniejsza. Saga Furs jest jedynym domem aukcyjnym zapewniaj\u0105cym pe\u0142n\u0105 gam\u0119 us\u0142ug \u015bwiadczonych przed aukcj\u0105, podczas jej trwania oraz po aukcji, kt\u00f3re pozwol\u0105 zaoszcz\u0119dzi\u0107 Pa\u0144stwa czas. Mo\u017cemy r\u00f3wnie\u017c pom\u00f3c wCzytaj dalej &raquo;","og_url":"https:\/\/www.sagafurs.com\/pl\/auction\/uslugi-zwiazane-z-aukcja\/","og_site_name":"Sagafurs","article_modified_time":"2016-10-13T09:51:28+00:00","og_image":[{"width":1000,"height":429,"url":"http:\/\/www.sagafurs.com\/wp-content\/uploads\/2016\/07\/panoraama_aula.jpg","type":"image\/jpeg"}],"twitter_card":"summary_large_image","twitter_misc":{"Szacowany czas czytania":"1 minuta"},"schema":{"@context":"https:\/\/schema.org","@graph":[{"@type":"WebPage","@id":"https:\/\/www.sagafurs.com\/pl\/auction\/uslugi-zwiazane-z-aukcja\/","url":"https:\/\/www.sagafurs.com\/pl\/auction\/uslugi-zwiazane-z-aukcja\/","name":"Us\u0142ugi zwi\u0105zane z aukcj\u0105 - Sagafurs","isPartOf":{"@id":"https:\/\/www.sagafurs.com\/#website"},"primaryImageOfPage":{"@id":"https:\/\/www.sagafurs.com\/pl\/auction\/uslugi-zwiazane-z-aukcja\/#primaryimage"},"image":{"@id":"https:\/\/www.sagafurs.com\/pl\/auction\/uslugi-zwiazane-z-aukcja\/#primaryimage"},"thumbnailUrl":"https:\/\/www.sagafurs.com\/wp-content\/uploads\/2016\/07\/panoraama_aula.jpg","datePublished":"2016-05-31T12:11:37+00:00","dateModified":"2016-10-13T09:51:28+00:00","breadcrumb":{"@id":"https:\/\/www.sagafurs.com\/pl\/auction\/uslugi-zwiazane-z-aukcja\/#breadcrumb"},"inLanguage":"pl-PL","potentialAction":[{"@type":"ReadAction","target":["https:\/\/www.sagafurs.com\/pl\/auction\/uslugi-zwiazane-z-aukcja\/"]}]},{"@type":"ImageObject","inLanguage":"pl-PL","@id":"https:\/\/www.sagafurs.com\/pl\/auction\/uslugi-zwiazane-z-aukcja\/#primaryimage","url":"https:\/\/www.sagafurs.com\/wp-content\/uploads\/2016\/07\/panoraama_aula.jpg","contentUrl":"https:\/\/www.sagafurs.com\/wp-content\/uploads\/2016\/07\/panoraama_aula.jpg","width":1000,"height":429},{"@type":"BreadcrumbList","@id":"https:\/\/www.sagafurs.com\/pl\/auction\/uslugi-zwiazane-z-aukcja\/#breadcrumb","itemListElement":[{"@type":"ListItem","position":1,"name":"Home","item":"https:\/\/www.sagafurs.com\/pl\/"},{"@type":"ListItem","position":2,"name":"Aukcje","item":"https:\/\/www.sagafurs.com\/pl\/auction\/"},{"@type":"ListItem","position":3,"name":"Us\u0142ugi zwi\u0105zane z aukcj\u0105"}]},{"@type":"WebSite","@id":"https:\/\/www.sagafurs.com\/#website","url":"https:\/\/www.sagafurs.com\/","name":"Sagafurs","description":"Sagafurs","potentialAction":[{"@type":"SearchAction","target":{"@type":"EntryPoint","urlTemplate":"https:\/\/www.sagafurs.com\/?s={search_term_string}"},"query-input":{"@type":"PropertyValueSpecification","valueRequired":true,"valueName":"search_term_string"}}],"inLanguage":"pl-PL"}]}},"_links":{"self":[{"href":"https:\/\/www.sagafurs.com\/pl\/wp-json\/wp\/v2\/pages\/2366","targetHints":{"allow":["GET"]}}],"collection":[{"href":"https:\/\/www.sagafurs.com\/pl\/wp-json\/wp\/v2\/pages"}],"about":[{"href":"https:\/\/www.sagafurs.com\/pl\/wp-json\/wp\/v2\/types\/page"}],"author":[{"embeddable":true,"href":"https:\/\/www.sagafurs.com\/pl\/wp-json\/wp\/v2\/users\/29"}],"replies":[{"embeddable":true,"href":"https:\/\/www.sagafurs.com\/pl\/wp-json\/wp\/v2\/comments?post=2366"}],"version-history":[{"count":0,"href":"https:\/\/www.sagafurs.com\/pl\/wp-json\/wp\/v2\/pages\/2366\/revisions"}],"up":[{"embeddable":true,"href":"https:\/\/www.sagafurs.com\/pl\/wp-json\/wp\/v2\/pages\/2365"}],"wp:featuredmedia":[{"embeddable":true,"href":"https:\/\/www.sagafurs.com\/pl\/wp-json\/wp\/v2\/media\/2367"}],"wp:attachment":[{"href":"https:\/\/www.sagafurs.com\/pl\/wp-json\/wp\/v2\/media?parent=2366"}],"curies":[{"name":"wp","href":"https:\/\/api.w.org\/{rel}","templated":true}]}}