{"id":2370,"date":"2016-05-31T12:18:13","date_gmt":"2016-05-31T12:18:13","guid":{"rendered":"https:\/\/www.sagafurs.com\/pl\/auction\/how-to-sell\/"},"modified":"2025-12-29T10:33:58","modified_gmt":"2025-12-29T08:33:58","slug":"jak-sprzedawac-poprzez-saga-furs","status":"publish","type":"page","link":"https:\/\/www.sagafurs.com\/pl\/auction\/jak-sprzedawac-poprzez-saga-furs\/","title":{"rendered":"Jak sprzedawa\u0107 poprzez Saga Furs"},"content":{"rendered":"<p><strong>Najlepsze ceny za\u00a0 sk\u00f3ry<\/strong><\/p>\n<p>Saga Furs jest wiod\u0105cym mi\u0119dzynarodowym domem aukcyjnym w \u015bwiecie mody i bran\u017cy futrzarskiej.<\/p>\n<p>Hodowcom zwierz\u0105t futerkowych gwarantuje to sprzeda\u017c wyprodukowanych przez nich sk\u00f3r \u00a0po mo\u017cliwie najlepszych cenach, w warunkach silnej mi\u0119dzynarodowej konkurencji.<\/p>\n<p><strong>Saga Furs to firma oferuj\u0105ca kompleksow\u0105 obs\u0142ug\u0119.<\/strong><\/p>\n<p>Saga Furs oferuje kolekcje najwy\u017cszej jako\u015bci, w sk\u0142ad kt\u00f3rych wchodz\u0105 wszystkie najwa\u017cniejsze rodzaje sk\u00f3r futerkowych. Zapewniamy naszym kupuj\u0105cym klientom luksus zakup\u00f3w r\u00f3\u017cnych typ\u00f3w sk\u00f3r futerkowych pod jednym dachem.<\/p>\n<p>Spersonalizowana obs\u0142uga \u2014 od fermy, przez aukcj\u0119 do ko\u0144cowego konsumenta\u2014 stanowi podstawow\u0105 warto\u015b\u0107 uznawan\u0105 przez Saga Furs.<\/p>\n<p><strong>Nasz system selekcji sk\u00f3r<\/strong><\/p>\n<p>Nasz system selekcji sk\u00f3r norczych i lisich jest uznawany za najlepszy w bran\u017cy. Optymalna selekcja gwarantuje najlepsz\u0105 cen\u0119 za sk\u00f3ry.<\/p>\n<p>Jeste\u015bmy jedynym na \u015bwiecie domem aukcyjnym, kt\u00f3ry z powodzeniem wprowadzi\u0142 automatyczn\u0105 selekcj\u0119 kolor\u00f3w sk\u00f3r. Jeste\u015bmy dumni z tego, \u017ce wyznaczamy standardy.<\/p>\n<p><strong>Program premiowania jako\u015bci \u00a0Saga Furs<\/strong><\/p>\n<p>Saga Furs prowadzi program premiowania jako\u015bci, kt\u00f3ry przynosi \u00a0oszcz\u0119dno\u015b\u0107 znacznych kwot pieni\u0119\u017cnych. Program nagradza produkcj\u0119 sk\u00f3r najwy\u017cszej jako\u015bci, pochodz\u0105cych z ferm kieruj\u0105cych si\u0119 zasad\u0105 odpowiedzialnego biznesu.<\/p>\n<p>Saga Furs daje wolno\u015b\u0107 wyboru aukcji, na kt\u00f3rej b\u0119d\u0105 oferowane Pa\u0144stwa sk\u00f3ry. \u00a0Saga Furs oferuje kilka form finansowania na elastycznych warunkach hodowcom, kt\u00f3rzy sprzedaj\u0105 sk\u00f3ry za naszym po\u015brednictwem.<\/p>\n<h2>Finansowanie<\/h2>\n<h3>Zaliczki na sk\u00f3ry<\/h3>\n<p>Zaliczki na sk\u00f3ry mog\u0105 by\u0107 wyp\u0142acane na \u017c\u0105danie w oparciu o liczb\u0119 sk\u00f3r, kt\u00f3re zosta\u0142y ju\u017c do nas dostarczone.<\/p>\n<p>W wi\u0119kszych krajach producentach sk\u00f3r futerkowych zaliczki s\u0105 wyp\u0142acane w walucie lokalnej. W pozosta\u0142ej cz\u0119\u015bci \u015bwiata s\u0105 one wyp\u0142acane w euro lub w dolarach ameryka\u0144skich. Stopa procentowa zaliczek jest ustalana w oparciu o stawki obowi\u0105zuj\u0105ce na mi\u0119dzynarodowym rynku pieni\u0119\u017cnym.<\/p>\n<p>W celu uzyskania dalszych informacji na temat finansowania nale\u017cy skontaktowa\u0107 si\u0119 z naszym dzia\u0142em finansowym, tel. +358 9 849 81.<\/p>\n<h2>Ubezpieczenie<\/h2>\n<p>Saga Furs ubezpiecza wszystkie sk\u00f3ry dostarczone do swojego magazynu i punkt\u00f3w odbioru. Sk\u00f3ry s\u0105 ubezpieczone od uszkodzenia lub utraty w wyniku po\u017caru, akt\u00f3w wandalizmu oraz kradzie\u017cy do chwili ich sprzeda\u017cy.<\/p>\n<p>W celu uzyskania dalszych informacji na temat ubezpieczenia nale\u017cy skontaktowa\u0107 si\u0119 z naszym dzia\u0142em finansowym.<\/p>\n<h2>Warunki dostaw i sprzeda\u017cy<\/h2>\n<p>Warunki dostaw i sprzeda\u017cy Saga Furs Oyj (do 30 wrze\u015bnia 2011 r. Finnish Fur Sales)\u00a0 r\u00f3\u017cni\u0105 si\u0119 w zale\u017cno\u015bci od kraju.<\/p>\n<p>W celu zasi\u0119gni\u0119cia szczeg\u00f3\u0142owych informacji na temat warunk\u00f3w dostaw i sprzeda\u017cy obowi\u0105zuj\u0105cych w Pa\u0144stwa kraju nale\u017cy skontaktowa\u0107 si\u0119 z naszym dzia\u0142em marketingu.<\/p>\n<p>Og\u00f3lne warunki dostaw i sprzeda\u017cy:<\/p>\n<p><strong>1. Oferowanie sk\u00f3r do sprzeda\u017cy<\/strong><\/p>\n<p>Saga Furs Oyj (w dalszej cz\u0119\u015bci nazywana Firm\u0105) zbiera sk\u00f3ry futerkowe na sprzeda\u017c.\u00a0 Sk\u00f3ry futerkowe s\u0105 sprzedawane w spos\u00f3b i w czasie uznanym przez Firm\u0119 za w\u0142a\u015bciwy. Sk\u00f3ry futerkowe b\u0119d\u0105 wystawiane na sprzeda\u017c na odpowiednich aukcjach Firmy lub wyznaczonej przez ni\u0105 strony trzeciej wedle jej uznania, lub poprzez zawarcie prywatnej umowy kupna-sprzeda\u017cy przez dowoln\u0105 z wy\u017cej wymienionych stron, lub w inny spos\u00f3b, kt\u00f3ry zostanie uznany przez Firm\u0119 za w\u0142a\u015bciwy.<\/p>\n<p>Firma do\u0142o\u017cy wszelkich stara\u0144, aby sk\u00f3ry zosta\u0142y wystawione na sprzeda\u017c na pierwszej dost\u0119pnej aukcji, na kt\u00f3rej b\u0119d\u0105 oferowane podobne sk\u00f3ry. Firma ma prawo okre\u015bli\u0107 minimaln\u0105 cen\u0119 sprzeda\u017cy sk\u00f3r.<\/p>\n<p>Firma nie ma \u017cadnych zobowi\u0105za\u0144 wobec Dostawcy co do odpowiedniej wysoko\u015bci ceny uzyskanej za jak\u0105kolwiek Dostaw\u0119, ani (zale\u017cnie od okoliczno\u015bci) za jakiekolwiek straty lub szkody poniesione przez Dostawc\u0119 w wyniku decyzji Firmy co do wycofania Dostawy z danej aukcji. Firma nie ponosi \u017cadnej odpowiedzialno\u015bci za wyb\u00f3r sposobu sprzeda\u017cy, bez wzgl\u0119du na to, czy sk\u00f3ry zostan\u0105 sprzedane na aukcji czy poprzez zawarcie prywatnej umowy kupna-sprzeda\u017cy.<\/p>\n<p><strong>2. Identyfikacja sk\u00f3r<\/strong><\/p>\n<p>Dostawca sk\u00f3r powinien dopilnowa\u0107, aby dostarczone przez niego sk\u00f3ry by\u0142y prawid\u0142owo oznakowane, przyczepiaj\u0105c do nich etykiety z kodem kreskowym ze swoim numerem. Firma dostarczy etykiety z kodem kreskowym i instrukcje wszystkim Dostawcom. Nieoznakowane sk\u00f3ry futerkowe zostan\u0105 w miar\u0119 mo\u017cliwo\u015bci oznakowane w magazynie aukcyjnym, co mo\u017ce op\u00f3\u017ani\u0107 wystawienie ich na sprzeda\u017c.<\/p>\n<p><strong>3. Dostawa sk\u00f3r<\/strong><\/p>\n<p>Warunki dostawy obejmuj\u0105 dostaw\u0119 do magazynu Firmy w Vantaa lub wyznaczonego przez ni\u0105 punktu odbioru. Dostawca pokryje koszt transportu i wszelkie inne koszty zwi\u0105zane z dostaw\u0105 sk\u00f3r do magazynu Firmy w Vantaa lub wyznaczonych przez ni\u0105 punkt\u00f3w odbioru.<\/p>\n<p><strong>4. Ubezpieczenie<\/strong><\/p>\n<p>Wszystkie sk\u00f3ry dostarczone do magazyn\u00f3w lub punkt\u00f3w odbioru Firmy zostan\u0105 automatycznie ubezpieczone do czasu ich sprzeda\u017cy od zniszczenia lub utraty wskutek po\u017caru, wypadku drogowego czy w\u0142amania.<\/p>\n<p>Powy\u017csze ubezpieczenie obejmuje tak\u017ce sk\u00f3ry wys\u0142ane z gospodarstwa do magazynu (lub punktu odbioru) Firmy, od momentu wysy\u0142ki do odbioru w magazynie lub punkcie odbioru Firmy. Podczas transportu nie wolno zostawia\u0107 sk\u00f3r bez nadzoru.<\/p>\n<p><strong>5. Zaliczki<\/strong><\/p>\n<p>Firma mo\u017ce wedle w\u0142asnego uznania i w ramach oddzielnej umowy dokonywa\u0107 przedp\u0142at na sk\u00f3ry maj\u0105ce zosta\u0107 dostarczone, lub dostarczone i odebrane w magazynie Firmy, je\u015bli otrzyma odpowiednie \u015brodki finansowe od instytucji bankowych. Sk\u00f3ry, kt\u00f3rych dotycz\u0105 takie przedp\u0142aty, b\u0119d\u0105 traktowane jako oddane w zastaw Firmie przez Dostawc\u0119. Sk\u00f3ry, nale\u017cno\u015bci i doch\u00f3d z ich sprzeda\u017cy, a tak\u017ce odszkodowanie wyp\u0142acone na podstawie ubezpieczenia, uzyskane przez Firm\u0119 na rzecz Dostawcy, zostan\u0105 zatrzymane przez Firm\u0119 jako zabezpieczenie jakichkolwiek przedp\u0142at wyp\u0142aconych lub planowanych do wyp\u0142acenia hodowcy przez Firm\u0119, w tym odsetek, koszt\u00f3w i op\u0142at wynikaj\u0105cych ze sprzeda\u017cy i\/lub zbi\u00f3rki oraz ewentualnych zlikwidowanych szk\u00f3d.<\/p>\n<p><strong>6. Informacje dotycz\u0105ce sk\u00f3r<\/strong><\/p>\n<p>Rozliczenie za sk\u00f3ry okre\u015blone w paragrafie 9 poni\u017cej zawiera informacje o typie, p\u0142ci, rozmiarze, barwie, czysto\u015bci i innych parametrach ka\u017cdej sk\u00f3ry.<\/p>\n<p><strong>7. Sortowanie sk\u00f3r<\/strong><\/p>\n<p>Sk\u00f3ry s\u0105 sortowane zgodnie z mi\u0119dzynarodowymi kryteriami jako\u015bci wedle najlepszych stara\u0144 Saga Furs tak, aby umo\u017cliwi\u0107 ich efektywn\u0105 prezentacj\u0119 i sprzeda\u017c.<\/p>\n<p>W razie braku innych specjalnych ustale\u0144 mi\u0119dzy Firm\u0105 i Dostawc\u0105, Firma mo\u017ce po\u0142\u0105czy\u0107 dowoln\u0105 Dostaw\u0119 z jedn\u0105 lub kilkoma innymi Dostawami.<\/p>\n<p><strong>8. Sk\u00f3ry niskiej jako\u015bci<\/strong><\/p>\n<p>W przypadku sk\u00f3r, kt\u00f3re s\u0105 bezwarto\u015bciowe lub nie osi\u0105gn\u0119\u0142y minimalnej ceny sprzeda\u017cy (ustalanej okresowo przez Firm\u0119), Firma zastrzega sobie prawo do ich zniszczenia lub wyrzucenia wedle w\u0142asnego uznania, oraz do pobrania sta\u0142ej op\u0142aty od sztuki, jak okre\u015blono w paragrafie 12, za ka\u017cd\u0105 zniszczon\u0105 lub wyrzucon\u0105 sk\u00f3r\u0119. Dostawca zostanie poinformowany o liczbie sk\u00f3r uznanych przez Firm\u0119 za nie nadaj\u0105ce si\u0119 do sprzeda\u017cy.<\/p>\n<p><strong>9. Rozliczenie<\/strong><\/p>\n<p>Firma rozliczy si\u0119 z Dostawc\u0105 ze sprzeda\u017cy sk\u00f3r w oparciu o wylicytowan\u0105 cen\u0119 mniej wi\u0119cej trzy tygodnie od ostatniego dnia danej aukcji, lub w przypadku prywatnej umowy kupna-sprzeda\u017cy, mniej wi\u0119cej miesi\u0105c od daty sprzeda\u017cy, w oparciu o cen\u0119 uzyskan\u0105 przez Firm\u0119. Przy rozliczaniu Firma mo\u017ce najpierw odliczy\u0107 od ceny sprzeda\u017cy swoj\u0105 prowizj\u0119 oraz wszystkie nale\u017cno\u015bci Dostawcy wzgl\u0119dem Firmy, w tym odsetki, na dzie\u0144 rozliczenia, a tak\u017ce wszystkie inne op\u0142aty lub nale\u017cno\u015bci p\u0142atne przez Dostawc\u0119 na rzecz Firmy oraz sk\u0142adki cz\u0142onkowskie Dostawc\u00f3w.<\/p>\n<p>Je\u015bli sk\u00f3ry zosta\u0142y sprzedane za po\u015brednictwem wyznaczonej przez Firm\u0119 strony trzeciej, ta strona trzecia zawsze rozlicza si\u0119 z Firm\u0105, odliczaj\u0105c swoj\u0105 prowizj\u0119. Nast\u0119pnie Firma, po otrzymaniu pierwszego rozliczenia, rozlicza si\u0119 z Dostawc\u0105, odejmuj\u0105c jego sk\u0142adki cz\u0142onkowskie i wszelkie inne op\u0142aty i nale\u017cno\u015bci, lub ich cz\u0119\u015b\u0107, p\u0142atne przez Dostawc\u0119 na rzecz Firmy.<\/p>\n<p>Firma nie ponosi \u017cadnej odpowiedzialno\u015bci przed Dostawc\u0105 (za zaniedbanie, itp.) za lub w zwi\u0105zku z kursem walutowym, po kt\u00f3rym dokonano przeliczenia dowolnej p\u0142atno\u015bci, ani za zagwarantowanie, \u017ce jakakolwiek p\u0142atno\u015b\u0107 zostanie dokonana zgodnie z dowolnymi przepisami obowi\u0105zuj\u0105cymi w kraju Dostawcy.<\/p>\n<p><strong>10. Uszkodzenia powsta\u0142e przy wyprawianiu<\/strong><\/p>\n<p>Dostawca odpowiada za wszelkie uszkodzenia powsta\u0142e w trakcie procesu wyprawiania,\u00a0\u00a0\u00a0\u00a0\u00a0\u00a0\u00a0\u00a0\u00a0 wynikaj\u0105ce z nieprofesjonalnego przygotowania surowych sk\u00f3r albo\u00a0 takiego traktowania sk\u00f3r, kt\u00f3re nie jest zgodne z instrukcjami Firmy. Decyzje Firmy w sprawie wniosk\u00f3w o odszkodowanie s\u0105 wi\u0105\u017c\u0105ce dla Dostawcy.<\/p>\n<p><strong>11. Przygotowanie sk\u00f3r<\/strong><\/p>\n<p>Wszystkie sk\u00f3ry przeznaczone na sprzeda\u017c powinny by\u0107 odpowiednio i profesjonalnie wymizdrowane, wysuszone i oczyszczone, zgodnie z instrukcjami podanymi przez Firm\u0119. Firma mo\u017ce odrzuci\u0107, nie ponosz\u0105c za to \u017cadnej odpowiedzialno\u015bci, dowoln\u0105 Dostaw\u0119, kt\u00f3ra zostanie przez ni\u0105 uznana za nie do przyj\u0119cia. Odrzucone sk\u00f3ry zostan\u0105 odes\u0142ane na koszt Dostawcy.<\/p>\n<p><strong>12. Prowizja od sprzeda\u017cy<\/strong><\/p>\n<p>Firma pobierze prowizj\u0119 od sprzeda\u017cy oraz op\u0142at\u0119 marketingow\u0105. Prowizja zale\u017cy mi\u0119dzy innymi od rodzaju sk\u00f3ry, jej pochodzenia oraz waluty sprzeda\u017cy. W celu uzyskania dalszych informacji dotycz\u0105cych prowizji prosimy o kontakt z lokalnym przedstawicielem.<\/p>\n<p><strong>13. Zwrot sk\u00f3r<\/strong><\/p>\n<p>Na mocy umowy zastawu, okre\u015blonej w paragrafie 5 powy\u017cej, prawo w\u0142asno\u015bci do sk\u00f3r zostaje przeniesione na Firm\u0119. Dostawca nie jest upowa\u017cniony do odzyskania sk\u00f3r przed ca\u0142kowitym wype\u0142nieniem wszystkich zobowi\u0105za\u0144, zgodnie z wymienionym paragrafem. Poniewa\u017c bezpo\u015brednim celem Dostawc\u00f3w jest sprzeda\u017c sk\u00f3r poprzez Firm\u0119, co wymaga sortowania, Dostawca pokryje r\u00f3wnie\u017c wszystkie koszty powsta\u0142e w wyniku ewentualnego zwrotu sk\u00f3r. Sk\u00f3ry stanowi\u0105 r\u00f3wnie\u017c zabezpieczenie takich koszt\u00f3w. (Nale\u017cy pami\u0119ta\u0107, \u017ce koszty zwrotu sk\u00f3r mog\u0105 przekracza\u0107 warto\u015b\u0107 samych sk\u00f3r.)<\/p>\n<p><strong>14. Dobrostan zwierz\u0105t i warunki hodowli<\/strong><\/p>\n<p>Firma wymaga przestrzegania na wszystkich fermach zalece\u0144 Rady Europy dotycz\u0105cych hodowli zwierz\u0105t futerkowych, lub opowiednich regulacji\/norm krajowych lub lokalnych.<\/p>\n<p>Firma zastrzega sobie prawo wstrzymania si\u0119 od sprzeda\u017cy i sortowania takich sk\u00f3r, kt\u00f3re:<\/p>\n<p>&#8211; s\u0105 zlokalizowane w kraju lub na obszarze, w kt\u00f3rym nie istniej\u0105 w\u0142a\u015bciwe regulacje prawne dotycz\u0105ce hodowli zwierz\u0105t futerkowych lub odpowiednie normy okre\u015blone powy\u017cej,<\/p>\n<p>&#8211; bior\u0105 udzia\u0142 ( Dostawca lub w\u0142a\u015bciciele ) w dzia\u0142alno\u015bci wspieraj\u0105cej hodowl\u0119 zwierz\u0105t futerkowych w kraju lub na obszarze, w kt\u00f3rym nie istniej\u0105 regulacje prawne dotycz\u0105ce hodowli zwierz\u0105t futerkowych lub odpowiednie normy okre\u015blone powy\u017cej\u00a0 ( np. poprzez sprzeda\u017c zwierz\u0105t hodowlanych do, lub w celu dostawy do takiego kraju ).<\/p>\n<p>Firma mo\u017ce wed\u0142ug w\u0142asnego uznania usun\u0105\u0107 sk\u00f3ry pochodz\u0105ce z takich ferm ze swojej oferty\/sortowni. Na \u017c\u0105danie Firmy Dostawca jest zobowi\u0105zany zorganizowa\u0107 na w\u0142asny koszt odbi\u00f3r sk\u00f3r z magazynu Firmy. Je\u015bli sk\u00f3ry nie zostan\u0105 odebrane w odpowiednim, okre\u015blonym przez Firm\u0119 czasie, Firma zastrzega sobie prawo do zniszczenia tych sk\u00f3r na koszt Dostawcy.<\/p>\n<p><strong>15. Firma finansuj\u0105ca<\/strong><\/p>\n<p>Firma ma prawo przekaza\u0107 swoje prawa i obowi\u0105zki, w ca\u0142o\u015bci lub cz\u0119\u015bciowo, firmie finansuj\u0105cej, kontrolowanej przez ni\u0105 lub przez stron\u0119 trzeci\u0105. W razie przekazania, odniesienia do Firmy, je\u015bli wymaga tego kontekst, b\u0119d\u0105 dotyczy\u0107 takiego cesjonariusza.<\/p>\n<p><strong>16. Obowi\u0105zek powiadomienia<\/strong><\/p>\n<p>Dostawca jest zobowi\u0105zany niezw\u0142ocznie zawiadomi\u0107 Firm\u0119 o jakiejkolwiek zmianie w nazwie lub strukturze w\u0142asno\u015bci Dostawcy. W przypadku takiej zmiany, Dostawca jest zobowi\u0105zany dostarczy\u0107 Firmie aktualny odpis z w\u0142a\u015bciwego rejestru handlowego lub r\u00f3wnowa\u017cny dokument potwierdzaj\u0105cy zmian\u0119.<\/p>\n<p><strong>17. Zmiany warunk\u00f3w<\/strong><\/p>\n<p>Niniejsze warunki obowi\u0105zuj\u0105 od 1.11.2011\u00a0\u00a0 roku i mog\u0105 by\u0107 okresowo zmieniane przez Firm\u0119, kt\u00f3ra poinformuje o tym Dostawc\u0119 poczt\u0105.<\/p>\n<p><strong>18. Odst\u0119pstwo<\/strong><\/p>\n<p>Firma nie ponosi odpowiedzialno\u015bci za niewype\u0142nienie kt\u00f3rychkolwiek z jej zobowi\u0105za\u0144, je\u015bli przyczyn\u0105 by\u0142y okoliczno\u015bci b\u0119d\u0105ce poza jej kontrol\u0105, kt\u00f3rych nie mog\u0142a uwzgl\u0119dni\u0107 w czasie uzgadniania jej obowi\u0105zk\u00f3w w ramach niniejszych Warunk\u00f3w, a tak\u017ce nie mog\u0142a ich unikn\u0105\u0107 lub pokona\u0107, wraz z wynik\u0142ymi z tego konsekwencjami, poprzez podj\u0119cie racjonalnych \u015brodk\u00f3w.<\/p>\n<p><strong>19. Obowi\u0105zuj\u0105ce prawo i jurysdykcja<\/strong><\/p>\n<p>Niniejsze Warunki nale\u017cy wype\u0142nia\u0107 i interpretowa\u0107 zgodnie z prawem fi\u0144skim. Wszelkie spory maj\u0105ce zwi\u0105zek z niniejszymi Warunkami b\u0119d\u0105 rozstrzygane w S\u0105dzie Okr\u0119gowym w Vantaa w Finlandii lub we w\u0142a\u015bciwym s\u0105dzie okr\u0119gu, w kt\u00f3rym pozwany ma swoj\u0105 siedzib\u0119, wedle uznania Firmy.<\/p>\n","protected":false},"excerpt":{"rendered":"<p>Najlepsze ceny za\u00a0 sk\u00f3ry Saga Furs jest wiod\u0105cym mi\u0119dzynarodowym domem aukcyjnym w \u015bwiecie mody i bran\u017cy futrzarskiej. Hodowcom zwierz\u0105t futerkowych gwarantuje to sprzeda\u017c wyprodukowanych przez nich sk\u00f3r \u00a0po mo\u017cliwie najlepszych cenach, w warunkach silnej mi\u0119dzynarodowej konkurencji. Saga Furs to firma oferuj\u0105ca kompleksow\u0105 obs\u0142ug\u0119. Saga Furs oferuje kolekcje najwy\u017cszej jako\u015bci, w sk\u0142ad kt\u00f3rych wchodz\u0105 wszystkie najwa\u017cniejsze<a class=\"excerpt-read-more\" href=\"https:\/\/www.sagafurs.com\/pl\/auction\/jak-sprzedawac-poprzez-saga-furs\/\" title=\"Czytaj dalejJak sprzedawa\u0107 poprzez Saga Furs\">Czytaj dalej &raquo;<\/a><\/p>\n","protected":false},"author":29,"featured_media":2373,"parent":2365,"menu_order":0,"comment_status":"closed","ping_status":"closed","template":"templates\/content-page-template.php","meta":{"_acf_changed":false,"footnotes":""},"class_list":["post-2370","page","type-page","status-publish","has-post-thumbnail","hentry"],"acf":[],"yoast_head":"<!-- This site is optimized with the Yoast SEO plugin v27.5 - https:\/\/yoast.com\/product\/yoast-seo-wordpress\/ -->\n<title>Jak sprzedawa\u0107 poprzez Saga Furs - Sagafurs<\/title>\n<meta name=\"robots\" content=\"index, follow, max-snippet:-1, max-image-preview:large, max-video-preview:-1\" \/>\n<link rel=\"canonical\" href=\"https:\/\/www.sagafurs.com\/pl\/auction\/jak-sprzedawac-poprzez-saga-furs\/\" \/>\n<meta property=\"og:locale\" content=\"pl_PL\" \/>\n<meta property=\"og:type\" content=\"article\" \/>\n<meta property=\"og:title\" content=\"Jak sprzedawa\u0107 poprzez Saga Furs - Sagafurs\" \/>\n<meta property=\"og:description\" content=\"Najlepsze ceny za\u00a0 sk\u00f3ry Saga Furs jest wiod\u0105cym mi\u0119dzynarodowym domem aukcyjnym w \u015bwiecie mody i bran\u017cy futrzarskiej. Hodowcom zwierz\u0105t futerkowych gwarantuje to sprzeda\u017c wyprodukowanych przez nich sk\u00f3r \u00a0po mo\u017cliwie najlepszych cenach, w warunkach silnej mi\u0119dzynarodowej konkurencji. Saga Furs to firma oferuj\u0105ca kompleksow\u0105 obs\u0142ug\u0119. Saga Furs oferuje kolekcje najwy\u017cszej jako\u015bci, w sk\u0142ad kt\u00f3rych wchodz\u0105 wszystkie najwa\u017cniejszeCzytaj dalej &raquo;\" \/>\n<meta property=\"og:url\" content=\"https:\/\/www.sagafurs.com\/pl\/auction\/jak-sprzedawac-poprzez-saga-furs\/\" \/>\n<meta property=\"og:site_name\" content=\"Sagafurs\" \/>\n<meta property=\"article:modified_time\" content=\"2025-12-29T08:33:58+00:00\" \/>\n<meta property=\"og:image\" content=\"https:\/\/www.sagafurs.com\/wp-content\/uploads\/2016\/05\/MG_9928.jpg\" \/>\n\t<meta property=\"og:image:width\" content=\"1000\" \/>\n\t<meta property=\"og:image:height\" content=\"667\" \/>\n\t<meta property=\"og:image:type\" content=\"image\/jpeg\" \/>\n<meta name=\"twitter:card\" content=\"summary_large_image\" \/>\n<meta name=\"twitter:label1\" content=\"Szacowany czas czytania\" \/>\n\t<meta name=\"twitter:data1\" content=\"8 minut\" \/>\n<script type=\"application\/ld+json\" class=\"yoast-schema-graph\">{\"@context\":\"https:\\\/\\\/schema.org\",\"@graph\":[{\"@type\":\"WebPage\",\"@id\":\"https:\\\/\\\/www.sagafurs.com\\\/pl\\\/auction\\\/jak-sprzedawac-poprzez-saga-furs\\\/\",\"url\":\"https:\\\/\\\/www.sagafurs.com\\\/pl\\\/auction\\\/jak-sprzedawac-poprzez-saga-furs\\\/\",\"name\":\"Jak sprzedawa\u0107 poprzez Saga Furs - Sagafurs\",\"isPartOf\":{\"@id\":\"https:\\\/\\\/www.sagafurs.com\\\/#website\"},\"primaryImageOfPage\":{\"@id\":\"https:\\\/\\\/www.sagafurs.com\\\/pl\\\/auction\\\/jak-sprzedawac-poprzez-saga-furs\\\/#primaryimage\"},\"image\":{\"@id\":\"https:\\\/\\\/www.sagafurs.com\\\/pl\\\/auction\\\/jak-sprzedawac-poprzez-saga-furs\\\/#primaryimage\"},\"thumbnailUrl\":\"https:\\\/\\\/www.sagafurs.com\\\/wp-content\\\/uploads\\\/2016\\\/05\\\/MG_9928.jpg\",\"datePublished\":\"2016-05-31T12:18:13+00:00\",\"dateModified\":\"2025-12-29T08:33:58+00:00\",\"breadcrumb\":{\"@id\":\"https:\\\/\\\/www.sagafurs.com\\\/pl\\\/auction\\\/jak-sprzedawac-poprzez-saga-furs\\\/#breadcrumb\"},\"inLanguage\":\"pl-PL\",\"potentialAction\":[{\"@type\":\"ReadAction\",\"target\":[\"https:\\\/\\\/www.sagafurs.com\\\/pl\\\/auction\\\/jak-sprzedawac-poprzez-saga-furs\\\/\"]}]},{\"@type\":\"ImageObject\",\"inLanguage\":\"pl-PL\",\"@id\":\"https:\\\/\\\/www.sagafurs.com\\\/pl\\\/auction\\\/jak-sprzedawac-poprzez-saga-furs\\\/#primaryimage\",\"url\":\"https:\\\/\\\/www.sagafurs.com\\\/wp-content\\\/uploads\\\/2016\\\/05\\\/MG_9928.jpg\",\"contentUrl\":\"https:\\\/\\\/www.sagafurs.com\\\/wp-content\\\/uploads\\\/2016\\\/05\\\/MG_9928.jpg\",\"width\":1000,\"height\":667},{\"@type\":\"BreadcrumbList\",\"@id\":\"https:\\\/\\\/www.sagafurs.com\\\/pl\\\/auction\\\/jak-sprzedawac-poprzez-saga-furs\\\/#breadcrumb\",\"itemListElement\":[{\"@type\":\"ListItem\",\"position\":1,\"name\":\"Home\",\"item\":\"https:\\\/\\\/www.sagafurs.com\\\/pl\\\/\"},{\"@type\":\"ListItem\",\"position\":2,\"name\":\"Aukcje\",\"item\":\"https:\\\/\\\/www.sagafurs.com\\\/pl\\\/auction\\\/\"},{\"@type\":\"ListItem\",\"position\":3,\"name\":\"Jak sprzedawa\u0107 poprzez Saga Furs\"}]},{\"@type\":\"WebSite\",\"@id\":\"https:\\\/\\\/www.sagafurs.com\\\/#website\",\"url\":\"https:\\\/\\\/www.sagafurs.com\\\/\",\"name\":\"Sagafurs\",\"description\":\"Sagafurs\",\"potentialAction\":[{\"@type\":\"SearchAction\",\"target\":{\"@type\":\"EntryPoint\",\"urlTemplate\":\"https:\\\/\\\/www.sagafurs.com\\\/?s={search_term_string}\"},\"query-input\":{\"@type\":\"PropertyValueSpecification\",\"valueRequired\":true,\"valueName\":\"search_term_string\"}}],\"inLanguage\":\"pl-PL\"}]}<\/script>\n<!-- \/ Yoast SEO plugin. -->","yoast_head_json":{"title":"Jak sprzedawa\u0107 poprzez Saga Furs - Sagafurs","robots":{"index":"index","follow":"follow","max-snippet":"max-snippet:-1","max-image-preview":"max-image-preview:large","max-video-preview":"max-video-preview:-1"},"canonical":"https:\/\/www.sagafurs.com\/pl\/auction\/jak-sprzedawac-poprzez-saga-furs\/","og_locale":"pl_PL","og_type":"article","og_title":"Jak sprzedawa\u0107 poprzez Saga Furs - Sagafurs","og_description":"Najlepsze ceny za\u00a0 sk\u00f3ry Saga Furs jest wiod\u0105cym mi\u0119dzynarodowym domem aukcyjnym w \u015bwiecie mody i bran\u017cy futrzarskiej. Hodowcom zwierz\u0105t futerkowych gwarantuje to sprzeda\u017c wyprodukowanych przez nich sk\u00f3r \u00a0po mo\u017cliwie najlepszych cenach, w warunkach silnej mi\u0119dzynarodowej konkurencji. Saga Furs to firma oferuj\u0105ca kompleksow\u0105 obs\u0142ug\u0119. Saga Furs oferuje kolekcje najwy\u017cszej jako\u015bci, w sk\u0142ad kt\u00f3rych wchodz\u0105 wszystkie najwa\u017cniejszeCzytaj dalej &raquo;","og_url":"https:\/\/www.sagafurs.com\/pl\/auction\/jak-sprzedawac-poprzez-saga-furs\/","og_site_name":"Sagafurs","article_modified_time":"2025-12-29T08:33:58+00:00","og_image":[{"width":1000,"height":667,"url":"https:\/\/www.sagafurs.com\/wp-content\/uploads\/2016\/05\/MG_9928.jpg","type":"image\/jpeg"}],"twitter_card":"summary_large_image","twitter_misc":{"Szacowany czas czytania":"8 minut"},"schema":{"@context":"https:\/\/schema.org","@graph":[{"@type":"WebPage","@id":"https:\/\/www.sagafurs.com\/pl\/auction\/jak-sprzedawac-poprzez-saga-furs\/","url":"https:\/\/www.sagafurs.com\/pl\/auction\/jak-sprzedawac-poprzez-saga-furs\/","name":"Jak sprzedawa\u0107 poprzez Saga Furs - Sagafurs","isPartOf":{"@id":"https:\/\/www.sagafurs.com\/#website"},"primaryImageOfPage":{"@id":"https:\/\/www.sagafurs.com\/pl\/auction\/jak-sprzedawac-poprzez-saga-furs\/#primaryimage"},"image":{"@id":"https:\/\/www.sagafurs.com\/pl\/auction\/jak-sprzedawac-poprzez-saga-furs\/#primaryimage"},"thumbnailUrl":"https:\/\/www.sagafurs.com\/wp-content\/uploads\/2016\/05\/MG_9928.jpg","datePublished":"2016-05-31T12:18:13+00:00","dateModified":"2025-12-29T08:33:58+00:00","breadcrumb":{"@id":"https:\/\/www.sagafurs.com\/pl\/auction\/jak-sprzedawac-poprzez-saga-furs\/#breadcrumb"},"inLanguage":"pl-PL","potentialAction":[{"@type":"ReadAction","target":["https:\/\/www.sagafurs.com\/pl\/auction\/jak-sprzedawac-poprzez-saga-furs\/"]}]},{"@type":"ImageObject","inLanguage":"pl-PL","@id":"https:\/\/www.sagafurs.com\/pl\/auction\/jak-sprzedawac-poprzez-saga-furs\/#primaryimage","url":"https:\/\/www.sagafurs.com\/wp-content\/uploads\/2016\/05\/MG_9928.jpg","contentUrl":"https:\/\/www.sagafurs.com\/wp-content\/uploads\/2016\/05\/MG_9928.jpg","width":1000,"height":667},{"@type":"BreadcrumbList","@id":"https:\/\/www.sagafurs.com\/pl\/auction\/jak-sprzedawac-poprzez-saga-furs\/#breadcrumb","itemListElement":[{"@type":"ListItem","position":1,"name":"Home","item":"https:\/\/www.sagafurs.com\/pl\/"},{"@type":"ListItem","position":2,"name":"Aukcje","item":"https:\/\/www.sagafurs.com\/pl\/auction\/"},{"@type":"ListItem","position":3,"name":"Jak sprzedawa\u0107 poprzez Saga Furs"}]},{"@type":"WebSite","@id":"https:\/\/www.sagafurs.com\/#website","url":"https:\/\/www.sagafurs.com\/","name":"Sagafurs","description":"Sagafurs","potentialAction":[{"@type":"SearchAction","target":{"@type":"EntryPoint","urlTemplate":"https:\/\/www.sagafurs.com\/?s={search_term_string}"},"query-input":{"@type":"PropertyValueSpecification","valueRequired":true,"valueName":"search_term_string"}}],"inLanguage":"pl-PL"}]}},"_links":{"self":[{"href":"https:\/\/www.sagafurs.com\/pl\/wp-json\/wp\/v2\/pages\/2370","targetHints":{"allow":["GET"]}}],"collection":[{"href":"https:\/\/www.sagafurs.com\/pl\/wp-json\/wp\/v2\/pages"}],"about":[{"href":"https:\/\/www.sagafurs.com\/pl\/wp-json\/wp\/v2\/types\/page"}],"author":[{"embeddable":true,"href":"https:\/\/www.sagafurs.com\/pl\/wp-json\/wp\/v2\/users\/29"}],"replies":[{"embeddable":true,"href":"https:\/\/www.sagafurs.com\/pl\/wp-json\/wp\/v2\/comments?post=2370"}],"version-history":[{"count":0,"href":"https:\/\/www.sagafurs.com\/pl\/wp-json\/wp\/v2\/pages\/2370\/revisions"}],"up":[{"embeddable":true,"href":"https:\/\/www.sagafurs.com\/pl\/wp-json\/wp\/v2\/pages\/2365"}],"wp:featuredmedia":[{"embeddable":true,"href":"https:\/\/www.sagafurs.com\/pl\/wp-json\/wp\/v2\/media\/2373"}],"wp:attachment":[{"href":"https:\/\/www.sagafurs.com\/pl\/wp-json\/wp\/v2\/media?parent=2370"}],"curies":[{"name":"wp","href":"https:\/\/api.w.org\/{rel}","templated":true}]}}