{"id":2387,"date":"2016-07-07T12:19:54","date_gmt":"2016-07-07T11:19:54","guid":{"rendered":"https:\/\/www.sagafurs.com\/pl\/auction\/products\/grading-system\/"},"modified":"2023-10-05T09:44:45","modified_gmt":"2023-10-05T06:44:45","slug":"system-selekcji","status":"publish","type":"page","link":"https:\/\/www.sagafurs.com\/pl\/auction\/products\/system-selekcji\/","title":{"rendered":"System selekcji"},"content":{"rendered":"<p>Nasz system selekcji sk\u00f3r norek, lis\u00f3w i jenot\u00f3w kolekcji Saga\u00ae jest uznawany za najlepszy w bran\u017cy.Optymalna selekcja zapewnia wszystkim stronom otrzymanie optymalnej ceny.<\/p>\n<p>Sk\u00f3ry wyprodukowane na fermach w Europie i Ameryce P\u00f3\u0142nocnej s\u0105 odbierane i selekcjonowane w jednolite loty.Kupcy mog\u0105 by\u0107 pewni, \u017ce ka\u017cdy sprzedany lot spe\u0142nia podane kryteria jako\u015bci. Unikalne, specjalnie skonstruowane maszyny, automatycznie mierz\u0105 sk\u00f3ry i selekcjonuj\u0105 je wed\u0142ug rozmiaru, grubo\u015bci sk\u00f3ry w lisach, d\u0142ugo\u015bci w\u0142osa okrywowego w norkach, barwy i czysto\u015bci pokrywy w\u0142osowej.Ostateczna selecja jako\u015bci dokonywana jest przez do\u015bwiadczonych selekcjoner\u00f3w Saga Furs.<\/p>\n<p>Dzi\u0119ki udanemu po\u0142\u0105czeniu selekcji z selekcj\u0105 r\u0119czn\u0105, wykorzystuj\u0105c najlepsze praktyki w bran\u017cy, Saga Furs wyznacza standardy.<\/p>\n<div class=\"externalEmbeddedInline\"><\/div>\n<p>&nbsp;<\/p>\n","protected":false},"excerpt":{"rendered":"<p>Nasz system selekcji sk\u00f3r norek, lis\u00f3w i jenot\u00f3w kolekcji Saga\u00ae jest uznawany za najlepszy w bran\u017cy.Optymalna selekcja zapewnia wszystkim stronom otrzymanie optymalnej ceny. Sk\u00f3ry wyprodukowane na fermach w Europie i Ameryce P\u00f3\u0142nocnej s\u0105 odbierane i selekcjonowane w jednolite loty.Kupcy mog\u0105 by\u0107 pewni, \u017ce ka\u017cdy sprzedany lot spe\u0142nia podane kryteria jako\u015bci. Unikalne, specjalnie skonstruowane maszyny, automatycznie<a class=\"excerpt-read-more\" href=\"https:\/\/www.sagafurs.com\/pl\/auction\/products\/system-selekcji\/\" title=\"Czytaj dalejSystem selekcji\">Czytaj dalej &raquo;<\/a><\/p>\n","protected":false},"author":29,"featured_media":2388,"parent":2380,"menu_order":0,"comment_status":"closed","ping_status":"closed","template":"templates\/content-page-template.php","meta":{"_acf_changed":false,"footnotes":""},"class_list":["post-2387","page","type-page","status-publish","has-post-thumbnail","hentry"],"acf":[],"yoast_head":"<!-- This site is optimized with the Yoast SEO plugin v27.4 - https:\/\/yoast.com\/product\/yoast-seo-wordpress\/ -->\n<title>System selekcji - Sagafurs<\/title>\n<meta name=\"robots\" content=\"index, follow, max-snippet:-1, max-image-preview:large, max-video-preview:-1\" \/>\n<link rel=\"canonical\" href=\"https:\/\/www.sagafurs.com\/pl\/auction\/products\/system-selekcji\/\" \/>\n<meta property=\"og:locale\" content=\"pl_PL\" \/>\n<meta property=\"og:type\" content=\"article\" \/>\n<meta property=\"og:title\" content=\"System selekcji - Sagafurs\" \/>\n<meta property=\"og:description\" content=\"Nasz system selekcji sk\u00f3r norek, lis\u00f3w i jenot\u00f3w kolekcji Saga\u00ae jest uznawany za najlepszy w bran\u017cy.Optymalna selekcja zapewnia wszystkim stronom otrzymanie optymalnej ceny. Sk\u00f3ry wyprodukowane na fermach w Europie i Ameryce P\u00f3\u0142nocnej s\u0105 odbierane i selekcjonowane w jednolite loty.Kupcy mog\u0105 by\u0107 pewni, \u017ce ka\u017cdy sprzedany lot spe\u0142nia podane kryteria jako\u015bci. Unikalne, specjalnie skonstruowane maszyny, automatycznieCzytaj dalej &raquo;\" \/>\n<meta property=\"og:url\" content=\"https:\/\/www.sagafurs.com\/pl\/auction\/products\/system-selekcji\/\" \/>\n<meta property=\"og:site_name\" content=\"Sagafurs\" \/>\n<meta property=\"article:modified_time\" content=\"2023-10-05T06:44:45+00:00\" \/>\n<meta property=\"og:image\" content=\"https:\/\/www.sagafurs.com\/wp-content\/uploads\/2016\/05\/Saga_detail_2015-15_A4A0118.jpg\" \/>\n\t<meta property=\"og:image:width\" content=\"1000\" \/>\n\t<meta property=\"og:image:height\" content=\"667\" \/>\n\t<meta property=\"og:image:type\" content=\"image\/jpeg\" \/>\n<meta name=\"twitter:card\" content=\"summary_large_image\" \/>\n<meta name=\"twitter:label1\" content=\"Szacowany czas czytania\" \/>\n\t<meta name=\"twitter:data1\" content=\"1 minuta\" \/>\n<script type=\"application\/ld+json\" class=\"yoast-schema-graph\">{\"@context\":\"https:\\\/\\\/schema.org\",\"@graph\":[{\"@type\":\"WebPage\",\"@id\":\"https:\\\/\\\/www.sagafurs.com\\\/pl\\\/auction\\\/products\\\/system-selekcji\\\/\",\"url\":\"https:\\\/\\\/www.sagafurs.com\\\/pl\\\/auction\\\/products\\\/system-selekcji\\\/\",\"name\":\"System selekcji - Sagafurs\",\"isPartOf\":{\"@id\":\"https:\\\/\\\/www.sagafurs.com\\\/#website\"},\"primaryImageOfPage\":{\"@id\":\"https:\\\/\\\/www.sagafurs.com\\\/pl\\\/auction\\\/products\\\/system-selekcji\\\/#primaryimage\"},\"image\":{\"@id\":\"https:\\\/\\\/www.sagafurs.com\\\/pl\\\/auction\\\/products\\\/system-selekcji\\\/#primaryimage\"},\"thumbnailUrl\":\"https:\\\/\\\/www.sagafurs.com\\\/wp-content\\\/uploads\\\/2016\\\/05\\\/Saga_detail_2015-15_A4A0118.jpg\",\"datePublished\":\"2016-07-07T11:19:54+00:00\",\"dateModified\":\"2023-10-05T06:44:45+00:00\",\"breadcrumb\":{\"@id\":\"https:\\\/\\\/www.sagafurs.com\\\/pl\\\/auction\\\/products\\\/system-selekcji\\\/#breadcrumb\"},\"inLanguage\":\"pl-PL\",\"potentialAction\":[{\"@type\":\"ReadAction\",\"target\":[\"https:\\\/\\\/www.sagafurs.com\\\/pl\\\/auction\\\/products\\\/system-selekcji\\\/\"]}]},{\"@type\":\"ImageObject\",\"inLanguage\":\"pl-PL\",\"@id\":\"https:\\\/\\\/www.sagafurs.com\\\/pl\\\/auction\\\/products\\\/system-selekcji\\\/#primaryimage\",\"url\":\"https:\\\/\\\/www.sagafurs.com\\\/wp-content\\\/uploads\\\/2016\\\/05\\\/Saga_detail_2015-15_A4A0118.jpg\",\"contentUrl\":\"https:\\\/\\\/www.sagafurs.com\\\/wp-content\\\/uploads\\\/2016\\\/05\\\/Saga_detail_2015-15_A4A0118.jpg\",\"width\":1000,\"height\":667},{\"@type\":\"BreadcrumbList\",\"@id\":\"https:\\\/\\\/www.sagafurs.com\\\/pl\\\/auction\\\/products\\\/system-selekcji\\\/#breadcrumb\",\"itemListElement\":[{\"@type\":\"ListItem\",\"position\":1,\"name\":\"Home\",\"item\":\"https:\\\/\\\/www.sagafurs.com\\\/pl\\\/\"},{\"@type\":\"ListItem\",\"position\":2,\"name\":\"Aukcje\",\"item\":\"https:\\\/\\\/www.sagafurs.com\\\/pl\\\/auction\\\/\"},{\"@type\":\"ListItem\",\"position\":3,\"name\":\"Produkty\",\"item\":\"https:\\\/\\\/www.sagafurs.com\\\/pl\\\/auction\\\/products\\\/\"},{\"@type\":\"ListItem\",\"position\":4,\"name\":\"System selekcji\"}]},{\"@type\":\"WebSite\",\"@id\":\"https:\\\/\\\/www.sagafurs.com\\\/#website\",\"url\":\"https:\\\/\\\/www.sagafurs.com\\\/\",\"name\":\"Sagafurs\",\"description\":\"Sagafurs\",\"potentialAction\":[{\"@type\":\"SearchAction\",\"target\":{\"@type\":\"EntryPoint\",\"urlTemplate\":\"https:\\\/\\\/www.sagafurs.com\\\/?s={search_term_string}\"},\"query-input\":{\"@type\":\"PropertyValueSpecification\",\"valueRequired\":true,\"valueName\":\"search_term_string\"}}],\"inLanguage\":\"pl-PL\"}]}<\/script>\n<!-- \/ Yoast SEO plugin. -->","yoast_head_json":{"title":"System selekcji - Sagafurs","robots":{"index":"index","follow":"follow","max-snippet":"max-snippet:-1","max-image-preview":"max-image-preview:large","max-video-preview":"max-video-preview:-1"},"canonical":"https:\/\/www.sagafurs.com\/pl\/auction\/products\/system-selekcji\/","og_locale":"pl_PL","og_type":"article","og_title":"System selekcji - Sagafurs","og_description":"Nasz system selekcji sk\u00f3r norek, lis\u00f3w i jenot\u00f3w kolekcji Saga\u00ae jest uznawany za najlepszy w bran\u017cy.Optymalna selekcja zapewnia wszystkim stronom otrzymanie optymalnej ceny. Sk\u00f3ry wyprodukowane na fermach w Europie i Ameryce P\u00f3\u0142nocnej s\u0105 odbierane i selekcjonowane w jednolite loty.Kupcy mog\u0105 by\u0107 pewni, \u017ce ka\u017cdy sprzedany lot spe\u0142nia podane kryteria jako\u015bci. Unikalne, specjalnie skonstruowane maszyny, automatycznieCzytaj dalej &raquo;","og_url":"https:\/\/www.sagafurs.com\/pl\/auction\/products\/system-selekcji\/","og_site_name":"Sagafurs","article_modified_time":"2023-10-05T06:44:45+00:00","og_image":[{"width":1000,"height":667,"url":"https:\/\/www.sagafurs.com\/wp-content\/uploads\/2016\/05\/Saga_detail_2015-15_A4A0118.jpg","type":"image\/jpeg"}],"twitter_card":"summary_large_image","twitter_misc":{"Szacowany czas czytania":"1 minuta"},"schema":{"@context":"https:\/\/schema.org","@graph":[{"@type":"WebPage","@id":"https:\/\/www.sagafurs.com\/pl\/auction\/products\/system-selekcji\/","url":"https:\/\/www.sagafurs.com\/pl\/auction\/products\/system-selekcji\/","name":"System selekcji - Sagafurs","isPartOf":{"@id":"https:\/\/www.sagafurs.com\/#website"},"primaryImageOfPage":{"@id":"https:\/\/www.sagafurs.com\/pl\/auction\/products\/system-selekcji\/#primaryimage"},"image":{"@id":"https:\/\/www.sagafurs.com\/pl\/auction\/products\/system-selekcji\/#primaryimage"},"thumbnailUrl":"https:\/\/www.sagafurs.com\/wp-content\/uploads\/2016\/05\/Saga_detail_2015-15_A4A0118.jpg","datePublished":"2016-07-07T11:19:54+00:00","dateModified":"2023-10-05T06:44:45+00:00","breadcrumb":{"@id":"https:\/\/www.sagafurs.com\/pl\/auction\/products\/system-selekcji\/#breadcrumb"},"inLanguage":"pl-PL","potentialAction":[{"@type":"ReadAction","target":["https:\/\/www.sagafurs.com\/pl\/auction\/products\/system-selekcji\/"]}]},{"@type":"ImageObject","inLanguage":"pl-PL","@id":"https:\/\/www.sagafurs.com\/pl\/auction\/products\/system-selekcji\/#primaryimage","url":"https:\/\/www.sagafurs.com\/wp-content\/uploads\/2016\/05\/Saga_detail_2015-15_A4A0118.jpg","contentUrl":"https:\/\/www.sagafurs.com\/wp-content\/uploads\/2016\/05\/Saga_detail_2015-15_A4A0118.jpg","width":1000,"height":667},{"@type":"BreadcrumbList","@id":"https:\/\/www.sagafurs.com\/pl\/auction\/products\/system-selekcji\/#breadcrumb","itemListElement":[{"@type":"ListItem","position":1,"name":"Home","item":"https:\/\/www.sagafurs.com\/pl\/"},{"@type":"ListItem","position":2,"name":"Aukcje","item":"https:\/\/www.sagafurs.com\/pl\/auction\/"},{"@type":"ListItem","position":3,"name":"Produkty","item":"https:\/\/www.sagafurs.com\/pl\/auction\/products\/"},{"@type":"ListItem","position":4,"name":"System selekcji"}]},{"@type":"WebSite","@id":"https:\/\/www.sagafurs.com\/#website","url":"https:\/\/www.sagafurs.com\/","name":"Sagafurs","description":"Sagafurs","potentialAction":[{"@type":"SearchAction","target":{"@type":"EntryPoint","urlTemplate":"https:\/\/www.sagafurs.com\/?s={search_term_string}"},"query-input":{"@type":"PropertyValueSpecification","valueRequired":true,"valueName":"search_term_string"}}],"inLanguage":"pl-PL"}]}},"_links":{"self":[{"href":"https:\/\/www.sagafurs.com\/pl\/wp-json\/wp\/v2\/pages\/2387","targetHints":{"allow":["GET"]}}],"collection":[{"href":"https:\/\/www.sagafurs.com\/pl\/wp-json\/wp\/v2\/pages"}],"about":[{"href":"https:\/\/www.sagafurs.com\/pl\/wp-json\/wp\/v2\/types\/page"}],"author":[{"embeddable":true,"href":"https:\/\/www.sagafurs.com\/pl\/wp-json\/wp\/v2\/users\/29"}],"replies":[{"embeddable":true,"href":"https:\/\/www.sagafurs.com\/pl\/wp-json\/wp\/v2\/comments?post=2387"}],"version-history":[{"count":0,"href":"https:\/\/www.sagafurs.com\/pl\/wp-json\/wp\/v2\/pages\/2387\/revisions"}],"up":[{"embeddable":true,"href":"https:\/\/www.sagafurs.com\/pl\/wp-json\/wp\/v2\/pages\/2380"}],"wp:featuredmedia":[{"embeddable":true,"href":"https:\/\/www.sagafurs.com\/pl\/wp-json\/wp\/v2\/media\/2388"}],"wp:attachment":[{"href":"https:\/\/www.sagafurs.com\/pl\/wp-json\/wp\/v2\/media?parent=2387"}],"curies":[{"name":"wp","href":"https:\/\/api.w.org\/{rel}","templated":true}]}}