{"id":2390,"date":"2016-05-31T12:26:38","date_gmt":"2016-05-31T12:26:38","guid":{"rendered":"https:\/\/www.sagafurs.com\/pl\/auction\/products\/mink\/"},"modified":"2017-12-07T13:49:23","modified_gmt":"2017-12-07T12:49:23","slug":"mink","status":"publish","type":"page","link":"https:\/\/www.sagafurs.com\/pl\/auction\/products\/mink\/","title":{"rendered":"Norka"},"content":{"rendered":"<p>Nasz imponuj\u0105cy asortyment sk\u00f3r norczych wzr\u00f3s\u0142 zar\u00f3wno pod wzgl\u0119dem wielko\u015bci, jak i\u00a0 r\u00f3\u017cnorodno\u015bci oferowanych typ\u00f3w. Saga Furs wyznacza standard selekcji sk\u00f3r norek. Lata systematycznego d\u0105\u017cenia do udoskonalenia naszego uznanego Systemu Selekcji Saga Furs \u00a0przynios\u0142y nam wysokie uznanie i zaufanie naszych klient\u00f3w. Kolekcja sk\u00f3r norczych Saga\u00ae oferuje najlepiej wyselekcjonowane, odpowiadaj\u0105ce rzeczywisto\u015bci, loty w ca\u0142ej bran\u017cy.<\/p>\n","protected":false},"excerpt":{"rendered":"<p>Nasz imponuj\u0105cy asortyment sk\u00f3r norczych wzr\u00f3s\u0142 zar\u00f3wno pod wzgl\u0119dem wielko\u015bci, jak i\u00a0 r\u00f3\u017cnorodno\u015bci oferowanych typ\u00f3w. Saga Furs wyznacza standard selekcji sk\u00f3r norek. Lata systematycznego d\u0105\u017cenia do udoskonalenia naszego uznanego Systemu Selekcji Saga Furs \u00a0przynios\u0142y nam wysokie uznanie i zaufanie naszych klient\u00f3w. Kolekcja sk\u00f3r norczych Saga\u00ae oferuje najlepiej wyselekcjonowane, odpowiadaj\u0105ce rzeczywisto\u015bci, loty w ca\u0142ej bran\u017cy.<\/p>\n","protected":false},"author":29,"featured_media":2391,"parent":2380,"menu_order":0,"comment_status":"closed","ping_status":"closed","template":"templates\/product-page-template.php","meta":{"_acf_changed":false,"footnotes":""},"class_list":["post-2390","page","type-page","status-publish","has-post-thumbnail","hentry"],"acf":[],"yoast_head":"<!-- This site is optimized with the Yoast SEO plugin v27.3 - https:\/\/yoast.com\/product\/yoast-seo-wordpress\/ -->\n<title>Norka - Sagafurs<\/title>\n<meta name=\"robots\" content=\"index, follow, max-snippet:-1, max-image-preview:large, max-video-preview:-1\" \/>\n<link rel=\"canonical\" href=\"https:\/\/www.sagafurs.com\/pl\/auction\/products\/mink\/\" \/>\n<meta property=\"og:locale\" content=\"pl_PL\" \/>\n<meta property=\"og:type\" content=\"article\" \/>\n<meta property=\"og:title\" content=\"Norka - Sagafurs\" \/>\n<meta property=\"og:description\" content=\"Nasz imponuj\u0105cy asortyment sk\u00f3r norczych wzr\u00f3s\u0142 zar\u00f3wno pod wzgl\u0119dem wielko\u015bci, jak i\u00a0 r\u00f3\u017cnorodno\u015bci oferowanych typ\u00f3w. Saga Furs wyznacza standard selekcji sk\u00f3r norek. Lata systematycznego d\u0105\u017cenia do udoskonalenia naszego uznanego Systemu Selekcji Saga Furs \u00a0przynios\u0142y nam wysokie uznanie i zaufanie naszych klient\u00f3w. Kolekcja sk\u00f3r norczych Saga\u00ae oferuje najlepiej wyselekcjonowane, odpowiadaj\u0105ce rzeczywisto\u015bci, loty w ca\u0142ej bran\u017cy.\" \/>\n<meta property=\"og:url\" content=\"https:\/\/www.sagafurs.com\/pl\/auction\/products\/mink\/\" \/>\n<meta property=\"og:site_name\" content=\"Sagafurs\" \/>\n<meta property=\"article:modified_time\" content=\"2017-12-07T12:49:23+00:00\" \/>\n<meta property=\"og:image\" content=\"http:\/\/www.sagafurs.com\/wp-content\/uploads\/2016\/08\/scanblack_mink.jpg\" \/>\n\t<meta property=\"og:image:width\" content=\"250\" \/>\n\t<meta property=\"og:image:height\" content=\"667\" \/>\n\t<meta property=\"og:image:type\" content=\"image\/jpeg\" \/>\n<meta name=\"twitter:card\" content=\"summary_large_image\" \/>\n<script type=\"application\/ld+json\" class=\"yoast-schema-graph\">{\"@context\":\"https:\\\/\\\/schema.org\",\"@graph\":[{\"@type\":\"WebPage\",\"@id\":\"https:\\\/\\\/www.sagafurs.com\\\/pl\\\/auction\\\/products\\\/mink\\\/\",\"url\":\"https:\\\/\\\/www.sagafurs.com\\\/pl\\\/auction\\\/products\\\/mink\\\/\",\"name\":\"Norka - Sagafurs\",\"isPartOf\":{\"@id\":\"https:\\\/\\\/www.sagafurs.com\\\/#website\"},\"primaryImageOfPage\":{\"@id\":\"https:\\\/\\\/www.sagafurs.com\\\/pl\\\/auction\\\/products\\\/mink\\\/#primaryimage\"},\"image\":{\"@id\":\"https:\\\/\\\/www.sagafurs.com\\\/pl\\\/auction\\\/products\\\/mink\\\/#primaryimage\"},\"thumbnailUrl\":\"https:\\\/\\\/www.sagafurs.com\\\/wp-content\\\/uploads\\\/2016\\\/08\\\/scanblack_mink.jpg\",\"datePublished\":\"2016-05-31T12:26:38+00:00\",\"dateModified\":\"2017-12-07T12:49:23+00:00\",\"breadcrumb\":{\"@id\":\"https:\\\/\\\/www.sagafurs.com\\\/pl\\\/auction\\\/products\\\/mink\\\/#breadcrumb\"},\"inLanguage\":\"pl-PL\",\"potentialAction\":[{\"@type\":\"ReadAction\",\"target\":[\"https:\\\/\\\/www.sagafurs.com\\\/pl\\\/auction\\\/products\\\/mink\\\/\"]}]},{\"@type\":\"ImageObject\",\"inLanguage\":\"pl-PL\",\"@id\":\"https:\\\/\\\/www.sagafurs.com\\\/pl\\\/auction\\\/products\\\/mink\\\/#primaryimage\",\"url\":\"https:\\\/\\\/www.sagafurs.com\\\/wp-content\\\/uploads\\\/2016\\\/08\\\/scanblack_mink.jpg\",\"contentUrl\":\"https:\\\/\\\/www.sagafurs.com\\\/wp-content\\\/uploads\\\/2016\\\/08\\\/scanblack_mink.jpg\",\"width\":250,\"height\":667},{\"@type\":\"BreadcrumbList\",\"@id\":\"https:\\\/\\\/www.sagafurs.com\\\/pl\\\/auction\\\/products\\\/mink\\\/#breadcrumb\",\"itemListElement\":[{\"@type\":\"ListItem\",\"position\":1,\"name\":\"Home\",\"item\":\"https:\\\/\\\/www.sagafurs.com\\\/pl\\\/\"},{\"@type\":\"ListItem\",\"position\":2,\"name\":\"Aukcje\",\"item\":\"https:\\\/\\\/www.sagafurs.com\\\/pl\\\/auction\\\/\"},{\"@type\":\"ListItem\",\"position\":3,\"name\":\"Produkty\",\"item\":\"https:\\\/\\\/www.sagafurs.com\\\/pl\\\/auction\\\/products\\\/\"},{\"@type\":\"ListItem\",\"position\":4,\"name\":\"Norka\"}]},{\"@type\":\"WebSite\",\"@id\":\"https:\\\/\\\/www.sagafurs.com\\\/#website\",\"url\":\"https:\\\/\\\/www.sagafurs.com\\\/\",\"name\":\"Sagafurs\",\"description\":\"Sagafurs\",\"potentialAction\":[{\"@type\":\"SearchAction\",\"target\":{\"@type\":\"EntryPoint\",\"urlTemplate\":\"https:\\\/\\\/www.sagafurs.com\\\/?s={search_term_string}\"},\"query-input\":{\"@type\":\"PropertyValueSpecification\",\"valueRequired\":true,\"valueName\":\"search_term_string\"}}],\"inLanguage\":\"pl-PL\"}]}<\/script>\n<!-- \/ Yoast SEO plugin. -->","yoast_head_json":{"title":"Norka - Sagafurs","robots":{"index":"index","follow":"follow","max-snippet":"max-snippet:-1","max-image-preview":"max-image-preview:large","max-video-preview":"max-video-preview:-1"},"canonical":"https:\/\/www.sagafurs.com\/pl\/auction\/products\/mink\/","og_locale":"pl_PL","og_type":"article","og_title":"Norka - Sagafurs","og_description":"Nasz imponuj\u0105cy asortyment sk\u00f3r norczych wzr\u00f3s\u0142 zar\u00f3wno pod wzgl\u0119dem wielko\u015bci, jak i\u00a0 r\u00f3\u017cnorodno\u015bci oferowanych typ\u00f3w. Saga Furs wyznacza standard selekcji sk\u00f3r norek. Lata systematycznego d\u0105\u017cenia do udoskonalenia naszego uznanego Systemu Selekcji Saga Furs \u00a0przynios\u0142y nam wysokie uznanie i zaufanie naszych klient\u00f3w. Kolekcja sk\u00f3r norczych Saga\u00ae oferuje najlepiej wyselekcjonowane, odpowiadaj\u0105ce rzeczywisto\u015bci, loty w ca\u0142ej bran\u017cy.","og_url":"https:\/\/www.sagafurs.com\/pl\/auction\/products\/mink\/","og_site_name":"Sagafurs","article_modified_time":"2017-12-07T12:49:23+00:00","og_image":[{"width":250,"height":667,"url":"http:\/\/www.sagafurs.com\/wp-content\/uploads\/2016\/08\/scanblack_mink.jpg","type":"image\/jpeg"}],"twitter_card":"summary_large_image","schema":{"@context":"https:\/\/schema.org","@graph":[{"@type":"WebPage","@id":"https:\/\/www.sagafurs.com\/pl\/auction\/products\/mink\/","url":"https:\/\/www.sagafurs.com\/pl\/auction\/products\/mink\/","name":"Norka - Sagafurs","isPartOf":{"@id":"https:\/\/www.sagafurs.com\/#website"},"primaryImageOfPage":{"@id":"https:\/\/www.sagafurs.com\/pl\/auction\/products\/mink\/#primaryimage"},"image":{"@id":"https:\/\/www.sagafurs.com\/pl\/auction\/products\/mink\/#primaryimage"},"thumbnailUrl":"https:\/\/www.sagafurs.com\/wp-content\/uploads\/2016\/08\/scanblack_mink.jpg","datePublished":"2016-05-31T12:26:38+00:00","dateModified":"2017-12-07T12:49:23+00:00","breadcrumb":{"@id":"https:\/\/www.sagafurs.com\/pl\/auction\/products\/mink\/#breadcrumb"},"inLanguage":"pl-PL","potentialAction":[{"@type":"ReadAction","target":["https:\/\/www.sagafurs.com\/pl\/auction\/products\/mink\/"]}]},{"@type":"ImageObject","inLanguage":"pl-PL","@id":"https:\/\/www.sagafurs.com\/pl\/auction\/products\/mink\/#primaryimage","url":"https:\/\/www.sagafurs.com\/wp-content\/uploads\/2016\/08\/scanblack_mink.jpg","contentUrl":"https:\/\/www.sagafurs.com\/wp-content\/uploads\/2016\/08\/scanblack_mink.jpg","width":250,"height":667},{"@type":"BreadcrumbList","@id":"https:\/\/www.sagafurs.com\/pl\/auction\/products\/mink\/#breadcrumb","itemListElement":[{"@type":"ListItem","position":1,"name":"Home","item":"https:\/\/www.sagafurs.com\/pl\/"},{"@type":"ListItem","position":2,"name":"Aukcje","item":"https:\/\/www.sagafurs.com\/pl\/auction\/"},{"@type":"ListItem","position":3,"name":"Produkty","item":"https:\/\/www.sagafurs.com\/pl\/auction\/products\/"},{"@type":"ListItem","position":4,"name":"Norka"}]},{"@type":"WebSite","@id":"https:\/\/www.sagafurs.com\/#website","url":"https:\/\/www.sagafurs.com\/","name":"Sagafurs","description":"Sagafurs","potentialAction":[{"@type":"SearchAction","target":{"@type":"EntryPoint","urlTemplate":"https:\/\/www.sagafurs.com\/?s={search_term_string}"},"query-input":{"@type":"PropertyValueSpecification","valueRequired":true,"valueName":"search_term_string"}}],"inLanguage":"pl-PL"}]}},"_links":{"self":[{"href":"https:\/\/www.sagafurs.com\/pl\/wp-json\/wp\/v2\/pages\/2390","targetHints":{"allow":["GET"]}}],"collection":[{"href":"https:\/\/www.sagafurs.com\/pl\/wp-json\/wp\/v2\/pages"}],"about":[{"href":"https:\/\/www.sagafurs.com\/pl\/wp-json\/wp\/v2\/types\/page"}],"author":[{"embeddable":true,"href":"https:\/\/www.sagafurs.com\/pl\/wp-json\/wp\/v2\/users\/29"}],"replies":[{"embeddable":true,"href":"https:\/\/www.sagafurs.com\/pl\/wp-json\/wp\/v2\/comments?post=2390"}],"version-history":[{"count":0,"href":"https:\/\/www.sagafurs.com\/pl\/wp-json\/wp\/v2\/pages\/2390\/revisions"}],"up":[{"embeddable":true,"href":"https:\/\/www.sagafurs.com\/pl\/wp-json\/wp\/v2\/pages\/2380"}],"wp:featuredmedia":[{"embeddable":true,"href":"https:\/\/www.sagafurs.com\/pl\/wp-json\/wp\/v2\/media\/2391"}],"wp:attachment":[{"href":"https:\/\/www.sagafurs.com\/pl\/wp-json\/wp\/v2\/media?parent=2390"}],"curies":[{"name":"wp","href":"https:\/\/api.w.org\/{rel}","templated":true}]}}