{"id":13793,"date":"2016-11-14T13:48:50","date_gmt":"2016-11-14T13:48:50","guid":{"rendered":"https:\/\/www.sagafurs.com\/sv\/?page_id=13793"},"modified":"2016-11-14T13:48:50","modified_gmt":"2016-11-14T13:48:50","slug":"digitala-tjanster","status":"publish","type":"page","link":"https:\/\/www.sagafurs.com\/sv\/auktioner\/digitala-tjanster\/","title":{"rendered":"Digitala tj\u00e4nster"},"content":{"rendered":"<p>Saga Digital Services- tj\u00e4nsten erbjuder nya tj\u00e4nster till farmarna och k\u00f6parna.\u00a0Saga Digital Services som kr\u00e4ver inloggning best\u00e5r sex huvudomr\u00e5den vilka erbjuder tj\u00e4nster som effektiverar aff\u00e4rsverksamheten:<\/p>\n<ul>\n<li>My Catalogue: Auktionskatalog med prisuppdateringar i realtid. Farmarna f\u00e5r farmspecifik auktionsuppf\u00f6ljning. K\u00f6parna har under auktionen tillg\u00e5ng till all statistikinformation och verktyg f\u00f6r prisv\u00e4rderingar, och deras kunder kan se sin m\u00e4klares prisv\u00e4rderingar och skicka best\u00e4llningar.<\/li>\n<li>Farmarens Extranet: All viktig farmspecifik information, pris- och kvalitetsstatistik samt finansiella rapporter, prisutveckling och mycket annat.<\/li>\n<li>K\u00f6parens Extranet: Med k\u00f6parnumret f\u00e5r du information om dina ink\u00f6p, betalningsf\u00f6rbindelser, leveranser och annat viktig information. Kunder har tillg\u00e5ng till information om sitt konto.<\/li>\n<li>WebSampo: Toppmodernt verktyg f\u00f6r effektiv avels- och kvalitetsutveckling.<\/li>\n<li>Skin Tracking: Farmspecifik statistiktj\u00e4nst, som erbjuder m\u00f6jlighet att anv\u00e4nda elektroniska packsedlar.<\/li>\n<li>K\u00f6parfakturering: Tj\u00e4nst f\u00f6r auktionsk\u00f6parna, som m\u00f6jligg\u00f6r elektroniska faktureringsinstruktioner.<\/li>\n<\/ul>\n<p>F\u00f6r till\u00e4gsinformation kontakta info@sagafurs.com.<\/p>\n","protected":false},"excerpt":{"rendered":"<p>Saga Digital Services- tj\u00e4nsten erbjuder nya tj\u00e4nster till farmarna och k\u00f6parna.\u00a0Saga Digital Services som kr\u00e4ver inloggning best\u00e5r sex huvudomr\u00e5den vilka erbjuder tj\u00e4nster som effektiverar aff\u00e4rsverksamheten: My Catalogue: Auktionskatalog med prisuppdateringar i realtid. Farmarna f\u00e5r farmspecifik auktionsuppf\u00f6ljning. K\u00f6parna har under auktionen tillg\u00e5ng till all statistikinformation och verktyg f\u00f6r prisv\u00e4rderingar, och deras kunder kan se sin m\u00e4klares<a class=\"excerpt-read-more\" href=\"https:\/\/www.sagafurs.com\/sv\/auktioner\/digitala-tjanster\/\" title=\"L\u00e4sDigitala tj\u00e4nster\">\u2026 L\u00e4s mera &raquo;<\/a><\/p>\n","protected":false},"author":29,"featured_media":0,"parent":2532,"menu_order":0,"comment_status":"closed","ping_status":"closed","template":"templates\/content-page-template.php","meta":{"_acf_changed":false,"footnotes":""},"class_list":["post-13793","page","type-page","status-publish","hentry"],"acf":[],"yoast_head":"<!-- This site is optimized with the Yoast SEO plugin v27.3 - https:\/\/yoast.com\/product\/yoast-seo-wordpress\/ -->\n<title>Digitala tj\u00e4nster - Sagafurs<\/title>\n<meta name=\"robots\" content=\"index, follow, max-snippet:-1, max-image-preview:large, max-video-preview:-1\" \/>\n<link rel=\"canonical\" href=\"https:\/\/www.sagafurs.com\/sv\/auktioner\/digitala-tjanster\/\" \/>\n<meta property=\"og:locale\" content=\"sv_SE\" \/>\n<meta property=\"og:type\" content=\"article\" \/>\n<meta property=\"og:title\" content=\"Digitala tj\u00e4nster - Sagafurs\" \/>\n<meta property=\"og:description\" content=\"Saga Digital Services- tj\u00e4nsten erbjuder nya tj\u00e4nster till farmarna och k\u00f6parna.\u00a0Saga Digital Services som kr\u00e4ver inloggning best\u00e5r sex huvudomr\u00e5den vilka erbjuder tj\u00e4nster som effektiverar aff\u00e4rsverksamheten: My Catalogue: Auktionskatalog med prisuppdateringar i realtid. Farmarna f\u00e5r farmspecifik auktionsuppf\u00f6ljning. K\u00f6parna har under auktionen tillg\u00e5ng till all statistikinformation och verktyg f\u00f6r prisv\u00e4rderingar, och deras kunder kan se sin m\u00e4klares\u2026 L\u00e4s mera &raquo;\" \/>\n<meta property=\"og:url\" content=\"https:\/\/www.sagafurs.com\/sv\/auktioner\/digitala-tjanster\/\" \/>\n<meta property=\"og:site_name\" content=\"Sagafurs\" \/>\n<meta name=\"twitter:card\" content=\"summary_large_image\" \/>\n<meta name=\"twitter:label1\" content=\"Ber\u00e4knad l\u00e4stid\" \/>\n\t<meta name=\"twitter:data1\" content=\"1 minut\" \/>\n<script type=\"application\/ld+json\" class=\"yoast-schema-graph\">{\"@context\":\"https:\\\/\\\/schema.org\",\"@graph\":[{\"@type\":\"WebPage\",\"@id\":\"https:\\\/\\\/www.sagafurs.com\\\/sv\\\/auktioner\\\/digitala-tjanster\\\/\",\"url\":\"https:\\\/\\\/www.sagafurs.com\\\/sv\\\/auktioner\\\/digitala-tjanster\\\/\",\"name\":\"Digitala tj\u00e4nster - Sagafurs\",\"isPartOf\":{\"@id\":\"https:\\\/\\\/www.sagafurs.com\\\/#website\"},\"datePublished\":\"2016-11-14T13:48:50+00:00\",\"breadcrumb\":{\"@id\":\"https:\\\/\\\/www.sagafurs.com\\\/sv\\\/auktioner\\\/digitala-tjanster\\\/#breadcrumb\"},\"inLanguage\":\"sv-SE\",\"potentialAction\":[{\"@type\":\"ReadAction\",\"target\":[\"https:\\\/\\\/www.sagafurs.com\\\/sv\\\/auktioner\\\/digitala-tjanster\\\/\"]}]},{\"@type\":\"BreadcrumbList\",\"@id\":\"https:\\\/\\\/www.sagafurs.com\\\/sv\\\/auktioner\\\/digitala-tjanster\\\/#breadcrumb\",\"itemListElement\":[{\"@type\":\"ListItem\",\"position\":1,\"name\":\"Home\",\"item\":\"https:\\\/\\\/www.sagafurs.com\\\/sv\\\/\"},{\"@type\":\"ListItem\",\"position\":2,\"name\":\"Auktioner\",\"item\":\"https:\\\/\\\/www.sagafurs.com\\\/sv\\\/auktioner\\\/\"},{\"@type\":\"ListItem\",\"position\":3,\"name\":\"Digitala tj\u00e4nster\"}]},{\"@type\":\"WebSite\",\"@id\":\"https:\\\/\\\/www.sagafurs.com\\\/#website\",\"url\":\"https:\\\/\\\/www.sagafurs.com\\\/\",\"name\":\"Sagafurs\",\"description\":\"Sagafurs\",\"potentialAction\":[{\"@type\":\"SearchAction\",\"target\":{\"@type\":\"EntryPoint\",\"urlTemplate\":\"https:\\\/\\\/www.sagafurs.com\\\/?s={search_term_string}\"},\"query-input\":{\"@type\":\"PropertyValueSpecification\",\"valueRequired\":true,\"valueName\":\"search_term_string\"}}],\"inLanguage\":\"sv-SE\"}]}<\/script>\n<!-- \/ Yoast SEO plugin. -->","yoast_head_json":{"title":"Digitala tj\u00e4nster - Sagafurs","robots":{"index":"index","follow":"follow","max-snippet":"max-snippet:-1","max-image-preview":"max-image-preview:large","max-video-preview":"max-video-preview:-1"},"canonical":"https:\/\/www.sagafurs.com\/sv\/auktioner\/digitala-tjanster\/","og_locale":"sv_SE","og_type":"article","og_title":"Digitala tj\u00e4nster - Sagafurs","og_description":"Saga Digital Services- tj\u00e4nsten erbjuder nya tj\u00e4nster till farmarna och k\u00f6parna.\u00a0Saga Digital Services som kr\u00e4ver inloggning best\u00e5r sex huvudomr\u00e5den vilka erbjuder tj\u00e4nster som effektiverar aff\u00e4rsverksamheten: My Catalogue: Auktionskatalog med prisuppdateringar i realtid. Farmarna f\u00e5r farmspecifik auktionsuppf\u00f6ljning. K\u00f6parna har under auktionen tillg\u00e5ng till all statistikinformation och verktyg f\u00f6r prisv\u00e4rderingar, och deras kunder kan se sin m\u00e4klares\u2026 L\u00e4s mera &raquo;","og_url":"https:\/\/www.sagafurs.com\/sv\/auktioner\/digitala-tjanster\/","og_site_name":"Sagafurs","twitter_card":"summary_large_image","twitter_misc":{"Ber\u00e4knad l\u00e4stid":"1 minut"},"schema":{"@context":"https:\/\/schema.org","@graph":[{"@type":"WebPage","@id":"https:\/\/www.sagafurs.com\/sv\/auktioner\/digitala-tjanster\/","url":"https:\/\/www.sagafurs.com\/sv\/auktioner\/digitala-tjanster\/","name":"Digitala tj\u00e4nster - Sagafurs","isPartOf":{"@id":"https:\/\/www.sagafurs.com\/#website"},"datePublished":"2016-11-14T13:48:50+00:00","breadcrumb":{"@id":"https:\/\/www.sagafurs.com\/sv\/auktioner\/digitala-tjanster\/#breadcrumb"},"inLanguage":"sv-SE","potentialAction":[{"@type":"ReadAction","target":["https:\/\/www.sagafurs.com\/sv\/auktioner\/digitala-tjanster\/"]}]},{"@type":"BreadcrumbList","@id":"https:\/\/www.sagafurs.com\/sv\/auktioner\/digitala-tjanster\/#breadcrumb","itemListElement":[{"@type":"ListItem","position":1,"name":"Home","item":"https:\/\/www.sagafurs.com\/sv\/"},{"@type":"ListItem","position":2,"name":"Auktioner","item":"https:\/\/www.sagafurs.com\/sv\/auktioner\/"},{"@type":"ListItem","position":3,"name":"Digitala tj\u00e4nster"}]},{"@type":"WebSite","@id":"https:\/\/www.sagafurs.com\/#website","url":"https:\/\/www.sagafurs.com\/","name":"Sagafurs","description":"Sagafurs","potentialAction":[{"@type":"SearchAction","target":{"@type":"EntryPoint","urlTemplate":"https:\/\/www.sagafurs.com\/?s={search_term_string}"},"query-input":{"@type":"PropertyValueSpecification","valueRequired":true,"valueName":"search_term_string"}}],"inLanguage":"sv-SE"}]}},"_links":{"self":[{"href":"https:\/\/www.sagafurs.com\/sv\/wp-json\/wp\/v2\/pages\/13793","targetHints":{"allow":["GET"]}}],"collection":[{"href":"https:\/\/www.sagafurs.com\/sv\/wp-json\/wp\/v2\/pages"}],"about":[{"href":"https:\/\/www.sagafurs.com\/sv\/wp-json\/wp\/v2\/types\/page"}],"author":[{"embeddable":true,"href":"https:\/\/www.sagafurs.com\/sv\/wp-json\/wp\/v2\/users\/29"}],"replies":[{"embeddable":true,"href":"https:\/\/www.sagafurs.com\/sv\/wp-json\/wp\/v2\/comments?post=13793"}],"version-history":[{"count":0,"href":"https:\/\/www.sagafurs.com\/sv\/wp-json\/wp\/v2\/pages\/13793\/revisions"}],"up":[{"embeddable":true,"href":"https:\/\/www.sagafurs.com\/sv\/wp-json\/wp\/v2\/pages\/2532"}],"wp:attachment":[{"href":"https:\/\/www.sagafurs.com\/sv\/wp-json\/wp\/v2\/media?parent=13793"}],"curies":[{"name":"wp","href":"https:\/\/api.w.org\/{rel}","templated":true}]}}