{"id":156276,"date":"2017-02-02T14:07:14","date_gmt":"2017-02-02T13:07:14","guid":{"rendered":"https:\/\/www.sagafurs.com\/?page_id=156276\/"},"modified":"2026-01-05T12:35:49","modified_gmt":"2026-01-05T10:35:49","slug":"websampo","status":"publish","type":"page","link":"https:\/\/www.sagafurs.com\/sv\/auktioner\/hur-du-saljer-genom-saga-furs\/websampo\/","title":{"rendered":"WebSampo \u2013 kvalitetsinriktad avel"},"content":{"rendered":"<p>H\u00e4r \u00e4r tre sk\u00e4l att v\u00e4lja WebSampo<\/p>\n<p><iframe loading=\"lazy\" src=\"https:\/\/www.youtube.com\/embed\/TSPi8JRzlDA\" width=\"560\" height=\"315\" frameborder=\"0\" allowfullscreen=\"allowfullscreen\"><\/iframe><\/p>\n<p>&nbsp;<\/p>\n<p><strong>Marknadens mest utvecklade avelsprogram<\/strong><\/p>\n<p>WebSampo \u00e4r r\u00e4varnas, minkarnas och \u00a0finnsjubbarnas \u00a0avelsprogram, till vilken h\u00f6r redan en tredjedel av Finlands p\u00e4lsfarmer. Med hj\u00e4lp av programmet hittar farmaren de elitindivider som l\u00e4mpar sig till avel och kan beh\u00e4rska individernas sl\u00e4ktskapsgrad. WebSampo anv\u00e4nds av de farmer, f\u00f6r vilken skinnens kvalitet \u00e4r prioritet nummer ett. WebSampo underl\u00e4ttar ett l\u00e5ngsiktigt planm\u00e4ssigt avelsarbete, vilket syns som en b\u00e4ttre skinnkvalitet och ett genetiskt b\u00e4ttre valpresultat.<\/p>\n<p><em>\u201dWEBSAMPO ANV\u00c4NDS AV DE FARMER, F\u00d6R VILKA SKINNENS KVALITET HAR H\u00d6GSTA PRIOIRITET <\/em><\/p>\n<p><strong><em>En unik indexber\u00e4kning till din hj\u00e4lp<\/em><\/strong><strong><br \/>\n<\/strong>WebSampo anv\u00e4nder sig av en unik indexber\u00e4kning, som \u00e4r utvecklad av Naturresursintitutet Luke. Indexber\u00e4kningen anv\u00e4nder sig av farmarens inmatade parnings-, valpnings-, graderings-, h\u00e4lso- och lynnesuppgifter och dessutom Saga Furs skinnsorteringsuppgifter. Programmet r\u00e4knar p\u00e5 basen av uppgifterna ut avelsv\u00e4rden f\u00f6r djuren och s\u00e4tter dem i rankingordning. P\u00e5 s\u00e5 vis kan du v\u00e4lja ut populationens b\u00e4sta djur till avelsanv\u00e4ndning.<\/p>\n<p>I WebSampo kan du v\u00e4lja ut djuren med hj\u00e4lp av en eller flera egenskaper samtidigt. Du kan l\u00e4gga djuren i rankingordning och best\u00e4mma hur mycket du vill tyngdl\u00e4gga olika egenskaper som valpningsresultat eller graderings- och skinnsorteringsuppgifter.<\/p>\n<p><a href=\"http:\/\/www.sagafurs.com\/wp-content\/uploads\/2017\/04\/P\u00e4lsdjurens-avelsprogram.pdf\">Se grafen om\u00a0p\u00e4lsdjurens avelsprogram<\/a><\/p>\n<p><em>\u201dTILL WEBSAMPO H\u00d6R REDAN EN TREDJEDEL AV FINLANDS P\u00c4LSFARMER.\u201d<\/em><\/p>\n<p><strong>Beh\u00e4rska sl\u00e4ktskapsgraden <\/strong><br \/>\nFr\u00e5n WebSampo f\u00e5r du ocks\u00e5 parningsrekommendationer baserat p\u00e5 djurens index. Parningsplaneringen meddelar om djuren \u00e4r f\u00f6r n\u00e4ra sl\u00e4kt med varandra. Genom att undvika inavel \u00f6kar man p\u00e5 avkommornas livskraft och bibeh\u00e5ller genotypens m\u00e5ngfald, vilket \u00e4r viktigt fr\u00e5n en generation till f\u00f6ljande generation. Ett djur som s\u00e4ljs bibeh\u00e5ller sina sl\u00e4ktskapsl\u00e4nkar och all information i WebSampos databas, fast\u00e4n djuret skulle flytta till en ny farm.<\/p>\n<p>Vid ber\u00e4kning av fertilitetsindexen \u00e4r det viktigt, att farmaren registrerar alla uppgifter om dr\u00e4ktighet och fortplantning, \u00e4r djuret dr\u00e4ktigt eller tom, hur m\u00e5nga valpar har f\u00f6rlorats och vad \u00e4r valpm\u00e4ngden vid f\u00f6rsta och andra valpr\u00e4kningen. N\u00e4r uppgifterna \u00e4r inmatade, kan man skriva ut en t\u00e4ckande valpningsrapport.<\/p>\n<p><strong>WebSampo<\/strong><br \/>\n\u2713 sparar din tid genom att r\u00e4kna ut avelsv\u00e4rden f\u00f6r dig<br \/>\n\u2713 hj\u00e4lper din farm att producera \u00e4nnu b\u00e4ttre skinn<br \/>\n\u2713 g\u00f6r din farms verksamhet mera produktiv<br \/>\n\u2713 sparar alla viktiga uppgifter p\u00e5 en plats<\/p>\n<p><a href=\"http:\/\/www.sagafurs.com\/wp-content\/uploads\/2017\/02\/WEBSAMPO.jpg\"><img loading=\"lazy\" decoding=\"async\" class=\"alignnone size-full wp-image-156274\" src=\"http:\/\/www.sagafurs.com\/wp-content\/uploads\/2017\/02\/WEBSAMPO.jpg\" alt=\"WEBSAMPO\" width=\"760\" height=\"240\" \/><br \/>\n<\/a><em>Med hj\u00e4lp av WebSampo kan producenten f\u00f6lja upp utvecklingen av djurens index och se att h\u00f6r djuret till farmens eller landets b\u00e4sta. De nationella indexen f\u00f6r r\u00e4var \u00e4r j\u00e4mf\u00f6rbara mellan farmer. Fr\u00e5n WebSampo kan du best\u00e4lla utskrivna avelsdjurskort, valpkort och valpkort f\u00f6r skinnuppf\u00f6ljning. Korten \u00e4r gjorda av ett material som l\u00e4mpar sig f\u00f6r farmf\u00f6rh\u00e5llanden. <\/em><\/p>\n<p><strong>Prisf\u00f6rteckning 2026<br \/>\n<\/strong>Klicka h\u00e4r f\u00f6r att se priserna: <a href=\"https:\/\/www.sagafurs.com\/wp-content\/uploads\/2026\/01\/WebSampo-Prisforteckning-2026.pdf\">WebSampo Prisf\u00f6rteckning 2026<\/a><\/p>\n<p><strong>Kampanj \u00e5r 2026 f\u00f6r nya farmer i WebSampo<br \/>\n<\/strong>En ny WebSampofarm, som registrerar sina avelsdjur i WebSampo sj\u00e4lv, beh\u00f6ver inte betala \u00e5rsavgift och djuravgift \u00e5r 2026.<\/p>\n<p>&nbsp;<\/p>\n<p><strong>Sampofeeder f\u00f6r individuell utfodring<\/strong><\/p>\n<p>Sampofeeder \u00e4r ett utfodringsprogram som \u00e4r utvecklat i Finland. Feedern kan anv\u00e4ndas som hj\u00e4lpmedel vid utfodringen och man kan dela ut olika storleks foderdoser. Man kan ocks\u00e5 planera och styra farmens utfodring.<\/p>\n<p>Foderuppgifterna \u00f6verf\u00f6rs ocks\u00e5 till WebSampo databasen och d\u00e5 kan man dra nytta av foderinformationen i avelsarbetet. Foderdoser, k\u00f6rrutter och utfodringsprogram sparas p\u00e5 en server. Man kan v\u00e4lja doserare eller individuell utfodring. Med doseraren f\u00e5s lika stora doser till burarna. Med den individuella utfodringen delas individuella doser till burarna. Doseraren fungerar med Bluetooth kontakt. Sampofeeder applikationen kan laddas till mobila enheter med Androidsystem tex telefon och p\u00e5 s\u00e5vis styra doseraren. Med feedern kan man g\u00f6ra ocks\u00e5 egna (flush) utfodringsprogram.<\/p>\n<p>&nbsp;<\/p>\n<p><strong>Till\u00e4ggsuppgifter<br \/>\n<\/strong><a href=\"mailto:websampo@sagafurs.com\">websampo@sagafurs.com<\/a><br \/>\nSonja Gerke: <a href=\"mailto:sonja.gerke@sagafurs.com\">sonja.gerke@sagafurs.com<\/a> \u00a0tel. +358 40 705 0101<\/p>\n<p>&nbsp;<\/p>\n","protected":false},"excerpt":{"rendered":"<p>H\u00e4r \u00e4r tre sk\u00e4l att v\u00e4lja WebSampo &nbsp; Marknadens mest utvecklade avelsprogram WebSampo \u00e4r r\u00e4varnas, minkarnas och \u00a0finnsjubbarnas \u00a0avelsprogram, till vilken h\u00f6r redan en tredjedel av Finlands p\u00e4lsfarmer. Med hj\u00e4lp av programmet hittar farmaren de elitindivider som l\u00e4mpar sig till avel och kan beh\u00e4rska individernas sl\u00e4ktskapsgrad. WebSampo anv\u00e4nds av de farmer, f\u00f6r vilken skinnens kvalitet<a class=\"excerpt-read-more\" href=\"https:\/\/www.sagafurs.com\/sv\/auktioner\/hur-du-saljer-genom-saga-furs\/websampo\/\" title=\"L\u00e4sWebSampo \u2013 kvalitetsinriktad avel\">\u2026 L\u00e4s mera &raquo;<\/a><\/p>\n","protected":false},"author":29,"featured_media":0,"parent":2537,"menu_order":0,"comment_status":"closed","ping_status":"closed","template":"templates\/content-page-template.php","meta":{"_acf_changed":false,"footnotes":""},"class_list":["post-156276","page","type-page","status-publish","hentry"],"acf":[],"yoast_head":"<!-- This site is optimized with the Yoast SEO plugin v27.5 - https:\/\/yoast.com\/product\/yoast-seo-wordpress\/ -->\n<title>WebSampo \u2013 kvalitetsinriktad avel - Sagafurs<\/title>\n<meta name=\"robots\" content=\"index, follow, max-snippet:-1, max-image-preview:large, max-video-preview:-1\" \/>\n<link rel=\"canonical\" href=\"https:\/\/www.sagafurs.com\/sv\/auktioner\/hur-du-saljer-genom-saga-furs\/websampo\/\" \/>\n<meta property=\"og:locale\" content=\"sv_SE\" \/>\n<meta property=\"og:type\" content=\"article\" \/>\n<meta property=\"og:title\" content=\"WebSampo \u2013 kvalitetsinriktad avel - Sagafurs\" \/>\n<meta property=\"og:description\" content=\"H\u00e4r \u00e4r tre sk\u00e4l att v\u00e4lja WebSampo &nbsp; Marknadens mest utvecklade avelsprogram WebSampo \u00e4r r\u00e4varnas, minkarnas och \u00a0finnsjubbarnas \u00a0avelsprogram, till vilken h\u00f6r redan en tredjedel av Finlands p\u00e4lsfarmer. Med hj\u00e4lp av programmet hittar farmaren de elitindivider som l\u00e4mpar sig till avel och kan beh\u00e4rska individernas sl\u00e4ktskapsgrad. WebSampo anv\u00e4nds av de farmer, f\u00f6r vilken skinnens kvalitet\u2026 L\u00e4s mera &raquo;\" \/>\n<meta property=\"og:url\" content=\"https:\/\/www.sagafurs.com\/sv\/auktioner\/hur-du-saljer-genom-saga-furs\/websampo\/\" \/>\n<meta property=\"og:site_name\" content=\"Sagafurs\" \/>\n<meta property=\"article:modified_time\" content=\"2026-01-05T10:35:49+00:00\" \/>\n<meta property=\"og:image\" content=\"https:\/\/www.sagafurs.com\/wp-content\/uploads\/2017\/02\/WEBSAMPO.jpg\" \/>\n\t<meta property=\"og:image:width\" content=\"760\" \/>\n\t<meta property=\"og:image:height\" content=\"240\" \/>\n\t<meta property=\"og:image:type\" content=\"image\/jpeg\" \/>\n<meta name=\"twitter:card\" content=\"summary_large_image\" \/>\n<meta name=\"twitter:label1\" content=\"Ber\u00e4knad l\u00e4stid\" \/>\n\t<meta name=\"twitter:data1\" content=\"3 minuter\" \/>\n<script type=\"application\/ld+json\" class=\"yoast-schema-graph\">{\"@context\":\"https:\\\/\\\/schema.org\",\"@graph\":[{\"@type\":\"WebPage\",\"@id\":\"https:\\\/\\\/www.sagafurs.com\\\/sv\\\/auktioner\\\/hur-du-saljer-genom-saga-furs\\\/websampo\\\/\",\"url\":\"https:\\\/\\\/www.sagafurs.com\\\/sv\\\/auktioner\\\/hur-du-saljer-genom-saga-furs\\\/websampo\\\/\",\"name\":\"WebSampo \u2013 kvalitetsinriktad avel - Sagafurs\",\"isPartOf\":{\"@id\":\"https:\\\/\\\/www.sagafurs.com\\\/#website\"},\"primaryImageOfPage\":{\"@id\":\"https:\\\/\\\/www.sagafurs.com\\\/sv\\\/auktioner\\\/hur-du-saljer-genom-saga-furs\\\/websampo\\\/#primaryimage\"},\"image\":{\"@id\":\"https:\\\/\\\/www.sagafurs.com\\\/sv\\\/auktioner\\\/hur-du-saljer-genom-saga-furs\\\/websampo\\\/#primaryimage\"},\"thumbnailUrl\":\"http:\\\/\\\/www.sagafurs.com\\\/wp-content\\\/uploads\\\/2017\\\/02\\\/WEBSAMPO.jpg\",\"datePublished\":\"2017-02-02T13:07:14+00:00\",\"dateModified\":\"2026-01-05T10:35:49+00:00\",\"breadcrumb\":{\"@id\":\"https:\\\/\\\/www.sagafurs.com\\\/sv\\\/auktioner\\\/hur-du-saljer-genom-saga-furs\\\/websampo\\\/#breadcrumb\"},\"inLanguage\":\"sv-SE\",\"potentialAction\":[{\"@type\":\"ReadAction\",\"target\":[\"https:\\\/\\\/www.sagafurs.com\\\/sv\\\/auktioner\\\/hur-du-saljer-genom-saga-furs\\\/websampo\\\/\"]}]},{\"@type\":\"ImageObject\",\"inLanguage\":\"sv-SE\",\"@id\":\"https:\\\/\\\/www.sagafurs.com\\\/sv\\\/auktioner\\\/hur-du-saljer-genom-saga-furs\\\/websampo\\\/#primaryimage\",\"url\":\"http:\\\/\\\/www.sagafurs.com\\\/wp-content\\\/uploads\\\/2017\\\/02\\\/WEBSAMPO.jpg\",\"contentUrl\":\"http:\\\/\\\/www.sagafurs.com\\\/wp-content\\\/uploads\\\/2017\\\/02\\\/WEBSAMPO.jpg\"},{\"@type\":\"BreadcrumbList\",\"@id\":\"https:\\\/\\\/www.sagafurs.com\\\/sv\\\/auktioner\\\/hur-du-saljer-genom-saga-furs\\\/websampo\\\/#breadcrumb\",\"itemListElement\":[{\"@type\":\"ListItem\",\"position\":1,\"name\":\"Home\",\"item\":\"https:\\\/\\\/www.sagafurs.com\\\/sv\\\/\"},{\"@type\":\"ListItem\",\"position\":2,\"name\":\"Auktioner\",\"item\":\"https:\\\/\\\/www.sagafurs.com\\\/sv\\\/auktioner\\\/\"},{\"@type\":\"ListItem\",\"position\":3,\"name\":\"Hur du s\u00e4ljer genom Saga Furs\",\"item\":\"https:\\\/\\\/www.sagafurs.com\\\/sv\\\/auktioner\\\/hur-du-saljer-genom-saga-furs\\\/\"},{\"@type\":\"ListItem\",\"position\":4,\"name\":\"WebSampo \u2013 kvalitetsinriktad avel\"}]},{\"@type\":\"WebSite\",\"@id\":\"https:\\\/\\\/www.sagafurs.com\\\/#website\",\"url\":\"https:\\\/\\\/www.sagafurs.com\\\/\",\"name\":\"Sagafurs\",\"description\":\"Sagafurs\",\"potentialAction\":[{\"@type\":\"SearchAction\",\"target\":{\"@type\":\"EntryPoint\",\"urlTemplate\":\"https:\\\/\\\/www.sagafurs.com\\\/?s={search_term_string}\"},\"query-input\":{\"@type\":\"PropertyValueSpecification\",\"valueRequired\":true,\"valueName\":\"search_term_string\"}}],\"inLanguage\":\"sv-SE\"}]}<\/script>\n<!-- \/ Yoast SEO plugin. -->","yoast_head_json":{"title":"WebSampo \u2013 kvalitetsinriktad avel - Sagafurs","robots":{"index":"index","follow":"follow","max-snippet":"max-snippet:-1","max-image-preview":"max-image-preview:large","max-video-preview":"max-video-preview:-1"},"canonical":"https:\/\/www.sagafurs.com\/sv\/auktioner\/hur-du-saljer-genom-saga-furs\/websampo\/","og_locale":"sv_SE","og_type":"article","og_title":"WebSampo \u2013 kvalitetsinriktad avel - Sagafurs","og_description":"H\u00e4r \u00e4r tre sk\u00e4l att v\u00e4lja WebSampo &nbsp; Marknadens mest utvecklade avelsprogram WebSampo \u00e4r r\u00e4varnas, minkarnas och \u00a0finnsjubbarnas \u00a0avelsprogram, till vilken h\u00f6r redan en tredjedel av Finlands p\u00e4lsfarmer. Med hj\u00e4lp av programmet hittar farmaren de elitindivider som l\u00e4mpar sig till avel och kan beh\u00e4rska individernas sl\u00e4ktskapsgrad. WebSampo anv\u00e4nds av de farmer, f\u00f6r vilken skinnens kvalitet\u2026 L\u00e4s mera &raquo;","og_url":"https:\/\/www.sagafurs.com\/sv\/auktioner\/hur-du-saljer-genom-saga-furs\/websampo\/","og_site_name":"Sagafurs","article_modified_time":"2026-01-05T10:35:49+00:00","og_image":[{"width":760,"height":240,"url":"https:\/\/www.sagafurs.com\/wp-content\/uploads\/2017\/02\/WEBSAMPO.jpg","type":"image\/jpeg"}],"twitter_card":"summary_large_image","twitter_misc":{"Ber\u00e4knad l\u00e4stid":"3 minuter"},"schema":{"@context":"https:\/\/schema.org","@graph":[{"@type":"WebPage","@id":"https:\/\/www.sagafurs.com\/sv\/auktioner\/hur-du-saljer-genom-saga-furs\/websampo\/","url":"https:\/\/www.sagafurs.com\/sv\/auktioner\/hur-du-saljer-genom-saga-furs\/websampo\/","name":"WebSampo \u2013 kvalitetsinriktad avel - Sagafurs","isPartOf":{"@id":"https:\/\/www.sagafurs.com\/#website"},"primaryImageOfPage":{"@id":"https:\/\/www.sagafurs.com\/sv\/auktioner\/hur-du-saljer-genom-saga-furs\/websampo\/#primaryimage"},"image":{"@id":"https:\/\/www.sagafurs.com\/sv\/auktioner\/hur-du-saljer-genom-saga-furs\/websampo\/#primaryimage"},"thumbnailUrl":"http:\/\/www.sagafurs.com\/wp-content\/uploads\/2017\/02\/WEBSAMPO.jpg","datePublished":"2017-02-02T13:07:14+00:00","dateModified":"2026-01-05T10:35:49+00:00","breadcrumb":{"@id":"https:\/\/www.sagafurs.com\/sv\/auktioner\/hur-du-saljer-genom-saga-furs\/websampo\/#breadcrumb"},"inLanguage":"sv-SE","potentialAction":[{"@type":"ReadAction","target":["https:\/\/www.sagafurs.com\/sv\/auktioner\/hur-du-saljer-genom-saga-furs\/websampo\/"]}]},{"@type":"ImageObject","inLanguage":"sv-SE","@id":"https:\/\/www.sagafurs.com\/sv\/auktioner\/hur-du-saljer-genom-saga-furs\/websampo\/#primaryimage","url":"http:\/\/www.sagafurs.com\/wp-content\/uploads\/2017\/02\/WEBSAMPO.jpg","contentUrl":"http:\/\/www.sagafurs.com\/wp-content\/uploads\/2017\/02\/WEBSAMPO.jpg"},{"@type":"BreadcrumbList","@id":"https:\/\/www.sagafurs.com\/sv\/auktioner\/hur-du-saljer-genom-saga-furs\/websampo\/#breadcrumb","itemListElement":[{"@type":"ListItem","position":1,"name":"Home","item":"https:\/\/www.sagafurs.com\/sv\/"},{"@type":"ListItem","position":2,"name":"Auktioner","item":"https:\/\/www.sagafurs.com\/sv\/auktioner\/"},{"@type":"ListItem","position":3,"name":"Hur du s\u00e4ljer genom Saga Furs","item":"https:\/\/www.sagafurs.com\/sv\/auktioner\/hur-du-saljer-genom-saga-furs\/"},{"@type":"ListItem","position":4,"name":"WebSampo \u2013 kvalitetsinriktad avel"}]},{"@type":"WebSite","@id":"https:\/\/www.sagafurs.com\/#website","url":"https:\/\/www.sagafurs.com\/","name":"Sagafurs","description":"Sagafurs","potentialAction":[{"@type":"SearchAction","target":{"@type":"EntryPoint","urlTemplate":"https:\/\/www.sagafurs.com\/?s={search_term_string}"},"query-input":{"@type":"PropertyValueSpecification","valueRequired":true,"valueName":"search_term_string"}}],"inLanguage":"sv-SE"}]}},"_links":{"self":[{"href":"https:\/\/www.sagafurs.com\/sv\/wp-json\/wp\/v2\/pages\/156276","targetHints":{"allow":["GET"]}}],"collection":[{"href":"https:\/\/www.sagafurs.com\/sv\/wp-json\/wp\/v2\/pages"}],"about":[{"href":"https:\/\/www.sagafurs.com\/sv\/wp-json\/wp\/v2\/types\/page"}],"author":[{"embeddable":true,"href":"https:\/\/www.sagafurs.com\/sv\/wp-json\/wp\/v2\/users\/29"}],"replies":[{"embeddable":true,"href":"https:\/\/www.sagafurs.com\/sv\/wp-json\/wp\/v2\/comments?post=156276"}],"version-history":[{"count":0,"href":"https:\/\/www.sagafurs.com\/sv\/wp-json\/wp\/v2\/pages\/156276\/revisions"}],"up":[{"embeddable":true,"href":"https:\/\/www.sagafurs.com\/sv\/wp-json\/wp\/v2\/pages\/2537"}],"wp:attachment":[{"href":"https:\/\/www.sagafurs.com\/sv\/wp-json\/wp\/v2\/media?parent=156276"}],"curies":[{"name":"wp","href":"https:\/\/api.w.org\/{rel}","templated":true}]}}