{"id":168156,"date":"2018-06-05T14:38:58","date_gmt":"2018-06-05T12:38:58","guid":{"rendered":"https:\/\/www.sagafurs.com\/?page_id=168156\/"},"modified":"2018-06-05T14:38:58","modified_gmt":"2018-06-05T12:38:58","slug":"dataskydd","status":"publish","type":"page","link":"https:\/\/www.sagafurs.com\/sv\/dataskydd\/","title":{"rendered":"Dataskydd"},"content":{"rendered":"<p>Saga Furs har skyldighet att skydda personuppgifter som anv\u00e4nds i aff\u00e4rsverksamheten. Som registerf\u00f6rare f\u00f6rbinder vi oss att respektera din integritet och att i hanteringen av personuppgifterna s\u00e4kerst\u00e4lla att de \u00e4r skyddade p\u00e5 beh\u00f6rigt s\u00e4tt och endast \u00e4r tillg\u00e4ngliga f\u00f6r personer vars arbetsuppgifter kr\u00e4ver det i enlighet med de anv\u00e4ndnings\u00e4ndam\u00e5l som \u00e4r redovisade i dataskyddsbeskrivningarna.<\/p>\n<p>N\u00e4r du anv\u00e4nder v\u00e5rt f\u00f6retags tj\u00e4nster beh\u00f6ver vi vissa personuppgifter, till exempel namn, e-postadress och telefonnummer. Denna information samlas in s\u00e5 att vi kan identifiera dig och tillhandah\u00e5lla de tj\u00e4nster du vill ha.<\/p>\n<p>Den h\u00e4r sidan ber\u00e4ttar vilken information vi samlar in, vad vi anv\u00e4nder den till samt vilka r\u00e4ttigheter du har.<\/p>\n<h2>Dataskyddsbeskrivningar<\/h2>\n<p>Vi samlar in olika uppgifter f\u00f6r olika anv\u00e4ndnings\u00e4ndam\u00e5l. Av denna anledning har vi gjort tre olika dataskyddsbeskrivningar, i vilka f\u00f6rklaras vilken information som samlas in och hur den hanteras i olika situationer.<\/p>\n<p><a href=\"http:\/\/www.sagafurs.com\/wp-content\/uploads\/2018\/06\/Saga-Furs-Dataskyddsbeskrivning-Kunder-och-samarbetspartners.pdf\" target=\"_blank\" rel=\"noopener\">Dataskyddsbeskrivning &#8211; kunder och samarbetspartners<\/a><\/p>\n<h2>Den registrerades r\u00e4ttigheter<\/h2>\n<p>Enligt dataskyddslagen har du till exempel r\u00e4tt att f\u00e5 veta vilka personuppgifter vi hanterar, r\u00e4tt att korrigera dina uppgifter, r\u00e4tt att f\u00f6rbjuda direktmarknadsf\u00f6ring sant r\u00e4tt att beg\u00e4ra radering av dina personuppgifter. Vi svarar p\u00e5 din f\u00f6rfr\u00e5gan inom 30 dagar efter mottagandet.<\/p>\n<p>I fr\u00e5gor g\u00e4llande dataskydd v\u00e4nligen kontakta <a href=\"mailto:dataprivacy@sagafurs.com\">dataprivacy@sagafurs.com<\/a><\/p>\n","protected":false},"excerpt":{"rendered":"<p>Saga Furs har skyldighet att skydda personuppgifter som anv\u00e4nds i aff\u00e4rsverksamheten. Som registerf\u00f6rare f\u00f6rbinder vi oss att respektera din integritet och att i hanteringen av personuppgifterna s\u00e4kerst\u00e4lla att de \u00e4r skyddade p\u00e5 beh\u00f6rigt s\u00e4tt och endast \u00e4r tillg\u00e4ngliga f\u00f6r personer vars arbetsuppgifter kr\u00e4ver det i enlighet med de anv\u00e4ndnings\u00e4ndam\u00e5l som \u00e4r redovisade i dataskyddsbeskrivningarna. N\u00e4r<a class=\"excerpt-read-more\" href=\"https:\/\/www.sagafurs.com\/sv\/dataskydd\/\" title=\"L\u00e4sDataskydd\">\u2026 L\u00e4s mera &raquo;<\/a><\/p>\n","protected":false},"author":29,"featured_media":0,"parent":0,"menu_order":0,"comment_status":"closed","ping_status":"closed","template":"templates\/content-page-template.php","meta":{"_acf_changed":false,"footnotes":""},"class_list":["post-168156","page","type-page","status-publish","hentry"],"acf":[],"yoast_head":"<!-- This site is optimized with the Yoast SEO plugin v27.4 - https:\/\/yoast.com\/product\/yoast-seo-wordpress\/ -->\n<title>Dataskydd - Sagafurs<\/title>\n<meta name=\"robots\" content=\"index, follow, max-snippet:-1, max-image-preview:large, max-video-preview:-1\" \/>\n<link rel=\"canonical\" href=\"https:\/\/www.sagafurs.com\/sv\/dataskydd\/\" \/>\n<meta property=\"og:locale\" content=\"sv_SE\" \/>\n<meta property=\"og:type\" content=\"article\" \/>\n<meta property=\"og:title\" content=\"Dataskydd - Sagafurs\" \/>\n<meta property=\"og:description\" content=\"Saga Furs har skyldighet att skydda personuppgifter som anv\u00e4nds i aff\u00e4rsverksamheten. Som registerf\u00f6rare f\u00f6rbinder vi oss att respektera din integritet och att i hanteringen av personuppgifterna s\u00e4kerst\u00e4lla att de \u00e4r skyddade p\u00e5 beh\u00f6rigt s\u00e4tt och endast \u00e4r tillg\u00e4ngliga f\u00f6r personer vars arbetsuppgifter kr\u00e4ver det i enlighet med de anv\u00e4ndnings\u00e4ndam\u00e5l som \u00e4r redovisade i dataskyddsbeskrivningarna. N\u00e4r\u2026 L\u00e4s mera &raquo;\" \/>\n<meta property=\"og:url\" content=\"https:\/\/www.sagafurs.com\/sv\/dataskydd\/\" \/>\n<meta property=\"og:site_name\" content=\"Sagafurs\" \/>\n<meta name=\"twitter:card\" content=\"summary_large_image\" \/>\n<meta name=\"twitter:label1\" content=\"Ber\u00e4knad l\u00e4stid\" \/>\n\t<meta name=\"twitter:data1\" content=\"1 minut\" \/>\n<script type=\"application\/ld+json\" class=\"yoast-schema-graph\">{\"@context\":\"https:\\\/\\\/schema.org\",\"@graph\":[{\"@type\":\"WebPage\",\"@id\":\"https:\\\/\\\/www.sagafurs.com\\\/sv\\\/dataskydd\\\/\",\"url\":\"https:\\\/\\\/www.sagafurs.com\\\/sv\\\/dataskydd\\\/\",\"name\":\"Dataskydd - Sagafurs\",\"isPartOf\":{\"@id\":\"https:\\\/\\\/www.sagafurs.com\\\/#website\"},\"datePublished\":\"2018-06-05T12:38:58+00:00\",\"breadcrumb\":{\"@id\":\"https:\\\/\\\/www.sagafurs.com\\\/sv\\\/dataskydd\\\/#breadcrumb\"},\"inLanguage\":\"sv-SE\",\"potentialAction\":[{\"@type\":\"ReadAction\",\"target\":[\"https:\\\/\\\/www.sagafurs.com\\\/sv\\\/dataskydd\\\/\"]}]},{\"@type\":\"BreadcrumbList\",\"@id\":\"https:\\\/\\\/www.sagafurs.com\\\/sv\\\/dataskydd\\\/#breadcrumb\",\"itemListElement\":[{\"@type\":\"ListItem\",\"position\":1,\"name\":\"Home\",\"item\":\"https:\\\/\\\/www.sagafurs.com\\\/sv\\\/\"},{\"@type\":\"ListItem\",\"position\":2,\"name\":\"Dataskydd\"}]},{\"@type\":\"WebSite\",\"@id\":\"https:\\\/\\\/www.sagafurs.com\\\/#website\",\"url\":\"https:\\\/\\\/www.sagafurs.com\\\/\",\"name\":\"Sagafurs\",\"description\":\"Sagafurs\",\"potentialAction\":[{\"@type\":\"SearchAction\",\"target\":{\"@type\":\"EntryPoint\",\"urlTemplate\":\"https:\\\/\\\/www.sagafurs.com\\\/?s={search_term_string}\"},\"query-input\":{\"@type\":\"PropertyValueSpecification\",\"valueRequired\":true,\"valueName\":\"search_term_string\"}}],\"inLanguage\":\"sv-SE\"}]}<\/script>\n<!-- \/ Yoast SEO plugin. -->","yoast_head_json":{"title":"Dataskydd - Sagafurs","robots":{"index":"index","follow":"follow","max-snippet":"max-snippet:-1","max-image-preview":"max-image-preview:large","max-video-preview":"max-video-preview:-1"},"canonical":"https:\/\/www.sagafurs.com\/sv\/dataskydd\/","og_locale":"sv_SE","og_type":"article","og_title":"Dataskydd - Sagafurs","og_description":"Saga Furs har skyldighet att skydda personuppgifter som anv\u00e4nds i aff\u00e4rsverksamheten. Som registerf\u00f6rare f\u00f6rbinder vi oss att respektera din integritet och att i hanteringen av personuppgifterna s\u00e4kerst\u00e4lla att de \u00e4r skyddade p\u00e5 beh\u00f6rigt s\u00e4tt och endast \u00e4r tillg\u00e4ngliga f\u00f6r personer vars arbetsuppgifter kr\u00e4ver det i enlighet med de anv\u00e4ndnings\u00e4ndam\u00e5l som \u00e4r redovisade i dataskyddsbeskrivningarna. N\u00e4r\u2026 L\u00e4s mera &raquo;","og_url":"https:\/\/www.sagafurs.com\/sv\/dataskydd\/","og_site_name":"Sagafurs","twitter_card":"summary_large_image","twitter_misc":{"Ber\u00e4knad l\u00e4stid":"1 minut"},"schema":{"@context":"https:\/\/schema.org","@graph":[{"@type":"WebPage","@id":"https:\/\/www.sagafurs.com\/sv\/dataskydd\/","url":"https:\/\/www.sagafurs.com\/sv\/dataskydd\/","name":"Dataskydd - Sagafurs","isPartOf":{"@id":"https:\/\/www.sagafurs.com\/#website"},"datePublished":"2018-06-05T12:38:58+00:00","breadcrumb":{"@id":"https:\/\/www.sagafurs.com\/sv\/dataskydd\/#breadcrumb"},"inLanguage":"sv-SE","potentialAction":[{"@type":"ReadAction","target":["https:\/\/www.sagafurs.com\/sv\/dataskydd\/"]}]},{"@type":"BreadcrumbList","@id":"https:\/\/www.sagafurs.com\/sv\/dataskydd\/#breadcrumb","itemListElement":[{"@type":"ListItem","position":1,"name":"Home","item":"https:\/\/www.sagafurs.com\/sv\/"},{"@type":"ListItem","position":2,"name":"Dataskydd"}]},{"@type":"WebSite","@id":"https:\/\/www.sagafurs.com\/#website","url":"https:\/\/www.sagafurs.com\/","name":"Sagafurs","description":"Sagafurs","potentialAction":[{"@type":"SearchAction","target":{"@type":"EntryPoint","urlTemplate":"https:\/\/www.sagafurs.com\/?s={search_term_string}"},"query-input":{"@type":"PropertyValueSpecification","valueRequired":true,"valueName":"search_term_string"}}],"inLanguage":"sv-SE"}]}},"_links":{"self":[{"href":"https:\/\/www.sagafurs.com\/sv\/wp-json\/wp\/v2\/pages\/168156","targetHints":{"allow":["GET"]}}],"collection":[{"href":"https:\/\/www.sagafurs.com\/sv\/wp-json\/wp\/v2\/pages"}],"about":[{"href":"https:\/\/www.sagafurs.com\/sv\/wp-json\/wp\/v2\/types\/page"}],"author":[{"embeddable":true,"href":"https:\/\/www.sagafurs.com\/sv\/wp-json\/wp\/v2\/users\/29"}],"replies":[{"embeddable":true,"href":"https:\/\/www.sagafurs.com\/sv\/wp-json\/wp\/v2\/comments?post=168156"}],"version-history":[{"count":0,"href":"https:\/\/www.sagafurs.com\/sv\/wp-json\/wp\/v2\/pages\/168156\/revisions"}],"wp:attachment":[{"href":"https:\/\/www.sagafurs.com\/sv\/wp-json\/wp\/v2\/media?parent=168156"}],"curies":[{"name":"wp","href":"https:\/\/api.w.org\/{rel}","templated":true}]}}