{"id":169222,"date":"2018-10-31T08:10:20","date_gmt":"2018-10-31T06:10:20","guid":{"rendered":"https:\/\/www.sagafurs.com\/?page_id=169222\/"},"modified":"2025-10-21T14:38:56","modified_gmt":"2025-10-21T11:38:56","slug":"saga-furs-80-arsjubileum","status":"publish","type":"page","link":"https:\/\/www.sagafurs.com\/sv\/bolaget\/om-saga-furs\/saga-furs-80-arsjubileum\/","title":{"rendered":"Saga Furs n\u00e4stan 90-\u00e5riga historia"},"content":{"rendered":"<p><strong>Saga Furs n\u00e4stan 90-\u00e5riga historia<\/strong><\/p>\n<p><strong>Idag \u00e4r vi branschledande inom p\u00e4ls och det mest ansvarsfulla valet<\/strong><\/p>\n<p>Saga Furs\u2019 grundades \u00e5r <strong>1938<\/strong> av det finska p\u00e4lsodlarf\u00f6rbundet. De f\u00f6rsta lokala auktionerna ordnades p\u00e5 40-talet, och lade grunden f\u00f6r dagens internationella varum\u00e4rke och auktionshus.<\/p>\n<p>De f\u00f6rsta internationella auktionerna i Finland ordnades p\u00e5 <strong>1950<\/strong>-talet och Saga Furs\u2019 b\u00f6rjade etablera sitt rykte som ett kvalitetsvarum\u00e4rke och modeindustrins ledande samarbetspartner. F\u00f6r att utveckla skinnkvaliteten ordnades skinngraderingsutst\u00e4llningar, och sedan 1953 har internationella skinnutst\u00e4llningar ordnats \u00e5rligen.<\/p>\n<p>Under <strong>1960<\/strong>-talet var Saga banbrytande n\u00e4r det g\u00e4llde att f\u00f6rb\u00e4ttra sin aff\u00e4rsverksamhet och g\u00f6ra betydande investeringar i djurfoder och -avel. Detta s\u00e4kerst\u00e4llde den h\u00f6ga skinnkvalitet som Saga Furs har blivit k\u00e4nd f\u00f6r, samtidigt som varum\u00e4rket f\u00f6rknippades med toppmode och betrodda partnerskap.<\/p>\n<p>Under <strong>1970<\/strong>-talet inspirerade Saga Furs via t\u00e4vlingar en hel ny generation av modeskapare att b\u00f6rja testa nya tekniker.<\/p>\n<p>Under <strong>1980<\/strong>-talet invigdes det nybyggda Fur Center och Saga Furs ordnade sin f\u00f6rsta auktion i sina nya utrymmen. Saga Furs blev ocks\u00e5 det f\u00f6rsta offentliga auktionsbolaget d\u00e5 bolaget b\u00f6rslistades p\u00e5 Helsingfors fondb\u00f6rs \u00e5r 1986. Saga Furs\u2019 partnerskap med modev\u00e4rlden blev grunden f\u00f6r bolagets varum\u00e4rkesstrategi d\u00e5 Design Centre \u00f6ppnades \u00e5r 1988. Under dessa \u00e5r tog Saga Furs \u00e4ven sina f\u00f6rsta steg in p\u00e5 den kinesiska marknaden.<\/p>\n<p>I b\u00f6rjan av <strong>1990<\/strong> b\u00f6rjade Saga Furs utveckla Sampo-programmet, ett verktyg f\u00f6r farmarna att registrera avelsdjur och deras genealogi. Under slutet av 1990-talet togs i bruk automatiserade sorteringsmaskiner vilka ytterligare f\u00f6rb\u00e4ttrade och \u00f6kade f\u00f6rtroendet f\u00f6r Sagas skinngradering. Design Center var f\u00f6rst med att innovativt anv\u00e4nda p\u00e4ls in heminredning.<\/p>\n<p>\u00c5r <strong>2000<\/strong> lanserades \u201dFur Vision\u201d i New York f\u00f6r att sprida Design Centres innovationer och tekniker till modehuvudst\u00e4der runtom i v\u00e4rlden. Efter den framg\u00e5ngsrika lanseringen i New York ordnades liknande evenemang i Milano, Paris och London.<\/p>\n<p><img loading=\"lazy\" decoding=\"async\" class=\"alignnone wp-image-169237 size-full\" src=\"http:\/\/www.sagafurs.com\/wp-content\/uploads\/2018\/10\/Saga-Furs-80-years-image5.jpg\" alt=\"\" width=\"1024\" height=\"683\" srcset=\"https:\/\/www.sagafurs.com\/wp-content\/uploads\/2018\/10\/Saga-Furs-80-years-image5.jpg 1024w, https:\/\/www.sagafurs.com\/wp-content\/uploads\/2018\/10\/Saga-Furs-80-years-image5-576x384.jpg 576w, https:\/\/www.sagafurs.com\/wp-content\/uploads\/2018\/10\/Saga-Furs-80-years-image5-768x512.jpg 768w, https:\/\/www.sagafurs.com\/wp-content\/uploads\/2018\/10\/Saga-Furs-80-years-image5-675x450.jpg 675w\" sizes=\"auto, (max-width: 1024px) 100vw, 1024px\" \/><\/p>\n<p>Saga certifieringen inleddes \u00e5r <strong>2005<\/strong> d\u00e5 Saga Furs och Finlands P\u00e4lsdjursuppf\u00f6dares f\u00f6rbund tillsammans b\u00f6rjade implementera banbrytande standarder f\u00f6r p\u00e4lsuppf\u00f6dning. Under samma \u00e5rtionde lanserade Saga sitt f\u00f6rsta Traceability System, dvs. ett system som gjorde det m\u00f6jligt f\u00f6r konsumenterna att sp\u00e5ra materialet i ett p\u00e4lsplagg \u00e4nda till den ursprungliga producenten.<\/p>\n<p>\u00c5r <strong>2008<\/strong> publicerade Saga Furs industrins f\u00f6rsta CSR-program och var \u00e4ven branschledare genom att samma \u00e5r ansluta sig till FN:s Global Compact -initiativ f\u00f6r ansvarsfull f\u00f6retagspolitik.<\/p>\n<p>P\u00e5 <strong>2010<\/strong>-talet uppn\u00e5ddes en betydande milstolpe i Asien d\u00e5 det f\u00f6rsta Fur Vision- modevenemanget i Asien lanserades. \u00c5r 2018 lanserades ett utbildningsprogram vid BIFTPARK Haining f\u00f6r att sprida Sagas p\u00e4lsinnovationer och hantverkskunskap till framtidens kreativa talanger i Kina. Sampo-avelsprogrammet utvecklades ytterligare \u00e5r 2013 d\u00e5 man lanserade WebSampo, en n\u00e4tbaserad applikation som fungerar via Saga extranet-sidor.<\/p>\n<p><strong>Var \u00e4r vi idag?<\/strong><\/p>\n<ul>\n<li>Certifierings- och sp\u00e5rbarhetssystem: Saga Furs \u00e4r en globalt erk\u00e4nd etisk ledare inom h\u00e5llbara och ansvarsfulla metoder.<\/li>\n<li>F\u00f6retagets sorteringssystem \u00e4r erk\u00e4nt som det b\u00e4sta i branschen.<\/li>\n<li>Saga Furs har ett n\u00e4ra samarbete med flera internationella modedesignskolor i Europa, Asien och Nordamerika.<\/li>\n<li>Creative HUB, som ligger i Vantaa Fur Center, bes\u00f6ks st\u00e4ndigt av viktiga intressenter som vill l\u00e4ra sig mer om de senaste kollektionerna, p\u00e4lstrenderna och produktutvecklingen.<\/li>\n<\/ul>\n<p>&nbsp;<\/p>\n<p><iframe loading=\"lazy\" src=\"https:\/\/www.youtube.com\/embed\/-LdiueT9qXQ\" width=\"560\" height=\"315\" frameborder=\"0\" allowfullscreen=\"allowfullscreen\"><\/iframe><\/p>\n<p>&nbsp;<\/p>\n","protected":false},"excerpt":{"rendered":"<p>Saga Furs n\u00e4stan 90-\u00e5riga historia Idag \u00e4r vi branschledande inom p\u00e4ls och det mest ansvarsfulla valet Saga Furs\u2019 grundades \u00e5r 1938 av det finska p\u00e4lsodlarf\u00f6rbundet. De f\u00f6rsta lokala auktionerna ordnades p\u00e5 40-talet, och lade grunden f\u00f6r dagens internationella varum\u00e4rke och auktionshus. De f\u00f6rsta internationella auktionerna i Finland ordnades p\u00e5 1950-talet och Saga Furs\u2019 b\u00f6rjade etablera<a class=\"excerpt-read-more\" href=\"https:\/\/www.sagafurs.com\/sv\/bolaget\/om-saga-furs\/saga-furs-80-arsjubileum\/\" title=\"L\u00e4sSaga Furs n\u00e4stan 90-\u00e5riga historia\">\u2026 L\u00e4s mera &raquo;<\/a><\/p>\n","protected":false},"author":29,"featured_media":169198,"parent":2568,"menu_order":0,"comment_status":"closed","ping_status":"closed","template":"templates\/content-page-template.php","meta":{"_acf_changed":false,"footnotes":""},"class_list":["post-169222","page","type-page","status-publish","has-post-thumbnail","hentry"],"acf":[],"yoast_head":"<!-- This site is optimized with the Yoast SEO plugin v27.4 - https:\/\/yoast.com\/product\/yoast-seo-wordpress\/ -->\n<title>Saga Furs n\u00e4stan 90-\u00e5riga historia - Sagafurs<\/title>\n<meta name=\"robots\" content=\"index, follow, max-snippet:-1, max-image-preview:large, max-video-preview:-1\" \/>\n<link rel=\"canonical\" href=\"https:\/\/www.sagafurs.com\/sv\/bolaget\/om-saga-furs\/saga-furs-80-arsjubileum\/\" \/>\n<meta property=\"og:locale\" content=\"sv_SE\" \/>\n<meta property=\"og:type\" content=\"article\" \/>\n<meta property=\"og:title\" content=\"Saga Furs n\u00e4stan 90-\u00e5riga historia - Sagafurs\" \/>\n<meta property=\"og:description\" content=\"Saga Furs n\u00e4stan 90-\u00e5riga historia Idag \u00e4r vi branschledande inom p\u00e4ls och det mest ansvarsfulla valet Saga Furs\u2019 grundades \u00e5r 1938 av det finska p\u00e4lsodlarf\u00f6rbundet. De f\u00f6rsta lokala auktionerna ordnades p\u00e5 40-talet, och lade grunden f\u00f6r dagens internationella varum\u00e4rke och auktionshus. De f\u00f6rsta internationella auktionerna i Finland ordnades p\u00e5 1950-talet och Saga Furs\u2019 b\u00f6rjade etablera\u2026 L\u00e4s mera &raquo;\" \/>\n<meta property=\"og:url\" content=\"https:\/\/www.sagafurs.com\/sv\/bolaget\/om-saga-furs\/saga-furs-80-arsjubileum\/\" \/>\n<meta property=\"og:site_name\" content=\"Sagafurs\" \/>\n<meta property=\"article:modified_time\" content=\"2025-10-21T11:38:56+00:00\" \/>\n<meta property=\"og:image\" content=\"https:\/\/www.sagafurs.com\/wp-content\/uploads\/2018\/10\/Saga-Furs-Heritage-80-years-bannerimage.jpg\" \/>\n\t<meta property=\"og:image:width\" content=\"1200\" \/>\n\t<meta property=\"og:image:height\" content=\"450\" \/>\n\t<meta property=\"og:image:type\" content=\"image\/jpeg\" \/>\n<meta name=\"twitter:card\" content=\"summary_large_image\" \/>\n<meta name=\"twitter:label1\" content=\"Ber\u00e4knad l\u00e4stid\" \/>\n\t<meta name=\"twitter:data1\" content=\"3 minuter\" \/>\n<script type=\"application\/ld+json\" class=\"yoast-schema-graph\">{\"@context\":\"https:\\\/\\\/schema.org\",\"@graph\":[{\"@type\":\"WebPage\",\"@id\":\"https:\\\/\\\/www.sagafurs.com\\\/sv\\\/bolaget\\\/om-saga-furs\\\/saga-furs-80-arsjubileum\\\/\",\"url\":\"https:\\\/\\\/www.sagafurs.com\\\/sv\\\/bolaget\\\/om-saga-furs\\\/saga-furs-80-arsjubileum\\\/\",\"name\":\"Saga Furs n\u00e4stan 90-\u00e5riga historia - Sagafurs\",\"isPartOf\":{\"@id\":\"https:\\\/\\\/www.sagafurs.com\\\/#website\"},\"primaryImageOfPage\":{\"@id\":\"https:\\\/\\\/www.sagafurs.com\\\/sv\\\/bolaget\\\/om-saga-furs\\\/saga-furs-80-arsjubileum\\\/#primaryimage\"},\"image\":{\"@id\":\"https:\\\/\\\/www.sagafurs.com\\\/sv\\\/bolaget\\\/om-saga-furs\\\/saga-furs-80-arsjubileum\\\/#primaryimage\"},\"thumbnailUrl\":\"https:\\\/\\\/www.sagafurs.com\\\/wp-content\\\/uploads\\\/2018\\\/10\\\/Saga-Furs-Heritage-80-years-bannerimage.jpg\",\"datePublished\":\"2018-10-31T06:10:20+00:00\",\"dateModified\":\"2025-10-21T11:38:56+00:00\",\"breadcrumb\":{\"@id\":\"https:\\\/\\\/www.sagafurs.com\\\/sv\\\/bolaget\\\/om-saga-furs\\\/saga-furs-80-arsjubileum\\\/#breadcrumb\"},\"inLanguage\":\"sv-SE\",\"potentialAction\":[{\"@type\":\"ReadAction\",\"target\":[\"https:\\\/\\\/www.sagafurs.com\\\/sv\\\/bolaget\\\/om-saga-furs\\\/saga-furs-80-arsjubileum\\\/\"]}]},{\"@type\":\"ImageObject\",\"inLanguage\":\"sv-SE\",\"@id\":\"https:\\\/\\\/www.sagafurs.com\\\/sv\\\/bolaget\\\/om-saga-furs\\\/saga-furs-80-arsjubileum\\\/#primaryimage\",\"url\":\"https:\\\/\\\/www.sagafurs.com\\\/wp-content\\\/uploads\\\/2018\\\/10\\\/Saga-Furs-Heritage-80-years-bannerimage.jpg\",\"contentUrl\":\"https:\\\/\\\/www.sagafurs.com\\\/wp-content\\\/uploads\\\/2018\\\/10\\\/Saga-Furs-Heritage-80-years-bannerimage.jpg\",\"width\":1200,\"height\":450},{\"@type\":\"BreadcrumbList\",\"@id\":\"https:\\\/\\\/www.sagafurs.com\\\/sv\\\/bolaget\\\/om-saga-furs\\\/saga-furs-80-arsjubileum\\\/#breadcrumb\",\"itemListElement\":[{\"@type\":\"ListItem\",\"position\":1,\"name\":\"Home\",\"item\":\"https:\\\/\\\/www.sagafurs.com\\\/sv\\\/\"},{\"@type\":\"ListItem\",\"position\":2,\"name\":\"Bolaget\",\"item\":\"https:\\\/\\\/www.sagafurs.com\\\/sv\\\/bolaget\\\/\"},{\"@type\":\"ListItem\",\"position\":3,\"name\":\"Om Saga Furs\",\"item\":\"https:\\\/\\\/www.sagafurs.com\\\/sv\\\/bolaget\\\/om-saga-furs\\\/\"},{\"@type\":\"ListItem\",\"position\":4,\"name\":\"Saga Furs n\u00e4stan 90-\u00e5riga historia\"}]},{\"@type\":\"WebSite\",\"@id\":\"https:\\\/\\\/www.sagafurs.com\\\/#website\",\"url\":\"https:\\\/\\\/www.sagafurs.com\\\/\",\"name\":\"Sagafurs\",\"description\":\"Sagafurs\",\"potentialAction\":[{\"@type\":\"SearchAction\",\"target\":{\"@type\":\"EntryPoint\",\"urlTemplate\":\"https:\\\/\\\/www.sagafurs.com\\\/?s={search_term_string}\"},\"query-input\":{\"@type\":\"PropertyValueSpecification\",\"valueRequired\":true,\"valueName\":\"search_term_string\"}}],\"inLanguage\":\"sv-SE\"}]}<\/script>\n<!-- \/ Yoast SEO plugin. -->","yoast_head_json":{"title":"Saga Furs n\u00e4stan 90-\u00e5riga historia - Sagafurs","robots":{"index":"index","follow":"follow","max-snippet":"max-snippet:-1","max-image-preview":"max-image-preview:large","max-video-preview":"max-video-preview:-1"},"canonical":"https:\/\/www.sagafurs.com\/sv\/bolaget\/om-saga-furs\/saga-furs-80-arsjubileum\/","og_locale":"sv_SE","og_type":"article","og_title":"Saga Furs n\u00e4stan 90-\u00e5riga historia - Sagafurs","og_description":"Saga Furs n\u00e4stan 90-\u00e5riga historia Idag \u00e4r vi branschledande inom p\u00e4ls och det mest ansvarsfulla valet Saga Furs\u2019 grundades \u00e5r 1938 av det finska p\u00e4lsodlarf\u00f6rbundet. De f\u00f6rsta lokala auktionerna ordnades p\u00e5 40-talet, och lade grunden f\u00f6r dagens internationella varum\u00e4rke och auktionshus. De f\u00f6rsta internationella auktionerna i Finland ordnades p\u00e5 1950-talet och Saga Furs\u2019 b\u00f6rjade etablera\u2026 L\u00e4s mera &raquo;","og_url":"https:\/\/www.sagafurs.com\/sv\/bolaget\/om-saga-furs\/saga-furs-80-arsjubileum\/","og_site_name":"Sagafurs","article_modified_time":"2025-10-21T11:38:56+00:00","og_image":[{"width":1200,"height":450,"url":"https:\/\/www.sagafurs.com\/wp-content\/uploads\/2018\/10\/Saga-Furs-Heritage-80-years-bannerimage.jpg","type":"image\/jpeg"}],"twitter_card":"summary_large_image","twitter_misc":{"Ber\u00e4knad l\u00e4stid":"3 minuter"},"schema":{"@context":"https:\/\/schema.org","@graph":[{"@type":"WebPage","@id":"https:\/\/www.sagafurs.com\/sv\/bolaget\/om-saga-furs\/saga-furs-80-arsjubileum\/","url":"https:\/\/www.sagafurs.com\/sv\/bolaget\/om-saga-furs\/saga-furs-80-arsjubileum\/","name":"Saga Furs n\u00e4stan 90-\u00e5riga historia - Sagafurs","isPartOf":{"@id":"https:\/\/www.sagafurs.com\/#website"},"primaryImageOfPage":{"@id":"https:\/\/www.sagafurs.com\/sv\/bolaget\/om-saga-furs\/saga-furs-80-arsjubileum\/#primaryimage"},"image":{"@id":"https:\/\/www.sagafurs.com\/sv\/bolaget\/om-saga-furs\/saga-furs-80-arsjubileum\/#primaryimage"},"thumbnailUrl":"https:\/\/www.sagafurs.com\/wp-content\/uploads\/2018\/10\/Saga-Furs-Heritage-80-years-bannerimage.jpg","datePublished":"2018-10-31T06:10:20+00:00","dateModified":"2025-10-21T11:38:56+00:00","breadcrumb":{"@id":"https:\/\/www.sagafurs.com\/sv\/bolaget\/om-saga-furs\/saga-furs-80-arsjubileum\/#breadcrumb"},"inLanguage":"sv-SE","potentialAction":[{"@type":"ReadAction","target":["https:\/\/www.sagafurs.com\/sv\/bolaget\/om-saga-furs\/saga-furs-80-arsjubileum\/"]}]},{"@type":"ImageObject","inLanguage":"sv-SE","@id":"https:\/\/www.sagafurs.com\/sv\/bolaget\/om-saga-furs\/saga-furs-80-arsjubileum\/#primaryimage","url":"https:\/\/www.sagafurs.com\/wp-content\/uploads\/2018\/10\/Saga-Furs-Heritage-80-years-bannerimage.jpg","contentUrl":"https:\/\/www.sagafurs.com\/wp-content\/uploads\/2018\/10\/Saga-Furs-Heritage-80-years-bannerimage.jpg","width":1200,"height":450},{"@type":"BreadcrumbList","@id":"https:\/\/www.sagafurs.com\/sv\/bolaget\/om-saga-furs\/saga-furs-80-arsjubileum\/#breadcrumb","itemListElement":[{"@type":"ListItem","position":1,"name":"Home","item":"https:\/\/www.sagafurs.com\/sv\/"},{"@type":"ListItem","position":2,"name":"Bolaget","item":"https:\/\/www.sagafurs.com\/sv\/bolaget\/"},{"@type":"ListItem","position":3,"name":"Om Saga Furs","item":"https:\/\/www.sagafurs.com\/sv\/bolaget\/om-saga-furs\/"},{"@type":"ListItem","position":4,"name":"Saga Furs n\u00e4stan 90-\u00e5riga historia"}]},{"@type":"WebSite","@id":"https:\/\/www.sagafurs.com\/#website","url":"https:\/\/www.sagafurs.com\/","name":"Sagafurs","description":"Sagafurs","potentialAction":[{"@type":"SearchAction","target":{"@type":"EntryPoint","urlTemplate":"https:\/\/www.sagafurs.com\/?s={search_term_string}"},"query-input":{"@type":"PropertyValueSpecification","valueRequired":true,"valueName":"search_term_string"}}],"inLanguage":"sv-SE"}]}},"_links":{"self":[{"href":"https:\/\/www.sagafurs.com\/sv\/wp-json\/wp\/v2\/pages\/169222","targetHints":{"allow":["GET"]}}],"collection":[{"href":"https:\/\/www.sagafurs.com\/sv\/wp-json\/wp\/v2\/pages"}],"about":[{"href":"https:\/\/www.sagafurs.com\/sv\/wp-json\/wp\/v2\/types\/page"}],"author":[{"embeddable":true,"href":"https:\/\/www.sagafurs.com\/sv\/wp-json\/wp\/v2\/users\/29"}],"replies":[{"embeddable":true,"href":"https:\/\/www.sagafurs.com\/sv\/wp-json\/wp\/v2\/comments?post=169222"}],"version-history":[{"count":0,"href":"https:\/\/www.sagafurs.com\/sv\/wp-json\/wp\/v2\/pages\/169222\/revisions"}],"up":[{"embeddable":true,"href":"https:\/\/www.sagafurs.com\/sv\/wp-json\/wp\/v2\/pages\/2568"}],"wp:featuredmedia":[{"embeddable":true,"href":"https:\/\/www.sagafurs.com\/sv\/wp-json\/wp\/v2\/media\/169198"}],"wp:attachment":[{"href":"https:\/\/www.sagafurs.com\/sv\/wp-json\/wp\/v2\/media?parent=169222"}],"curies":[{"name":"wp","href":"https:\/\/api.w.org\/{rel}","templated":true}]}}