{"id":174497,"date":"2020-09-22T21:05:55","date_gmt":"2020-09-22T18:05:55","guid":{"rendered":"https:\/\/www.sagafurs.com\/auction-schedule-2020-2021\/"},"modified":"2020-11-17T10:42:41","modified_gmt":"2020-11-17T08:42:41","slug":"auction-schedule-2020-2021","status":"publish","type":"page","link":"https:\/\/www.sagafurs.com\/sv\/auction-schedule-2020-2021\/","title":{"rendered":"Auktioner under s\u00e4songen 2020-2021"},"content":{"rendered":"<p>Vi har publicerat auktionstidtabellen f\u00f6r den kommande f\u00f6rs\u00e4ljningss\u00e4songen 2020\u20132021.<\/p>\n<p><strong>December 2020<\/strong><br \/>\nVisning: 11-14.12.<br \/>\nF\u00f6rs\u00e4ljning: 15-17.12.<\/p>\n<p><strong>Mars 2021<\/strong><br \/>\nVisning: 24.2.\u20132.3.<br \/>\nF\u00f6rs\u00e4ljning: 3\u201310.3.<\/p>\n<p><strong>Juni 2021<\/strong><br \/>\nVisning: 3\u20139.6.<br \/>\nF\u00f6rs\u00e4ljning: 10\u201317.6.<\/p>\n<p><strong>September 2021<\/strong><br \/>\nVisning: 2\u20138.9.<br \/>\nF\u00f6rs\u00e4ljning: 9\u201316.9.<\/p>\n","protected":false},"excerpt":{"rendered":"<p>Vi har publicerat auktionstidtabellen f\u00f6r den kommande f\u00f6rs\u00e4ljningss\u00e4songen 2020\u20132021. December 2020 Visning: 11-14.12. F\u00f6rs\u00e4ljning: 15-17.12. Mars 2021 Visning: 24.2.\u20132.3. F\u00f6rs\u00e4ljning: 3\u201310.3. Juni 2021 Visning: 3\u20139.6. F\u00f6rs\u00e4ljning: 10\u201317.6. September 2021 Visning: 2\u20138.9. F\u00f6rs\u00e4ljning: 9\u201316.9.<\/p>\n","protected":false},"author":7,"featured_media":0,"parent":0,"menu_order":0,"comment_status":"closed","ping_status":"closed","template":"","meta":{"_acf_changed":false,"footnotes":""},"class_list":["post-174497","page","type-page","status-publish","hentry"],"acf":[],"yoast_head":"<!-- This site is optimized with the Yoast SEO plugin v27.5 - https:\/\/yoast.com\/product\/yoast-seo-wordpress\/ -->\n<title>Auktioner under s\u00e4songen 2020-2021 - Sagafurs<\/title>\n<meta name=\"robots\" content=\"index, follow, max-snippet:-1, max-image-preview:large, max-video-preview:-1\" \/>\n<link rel=\"canonical\" href=\"https:\/\/www.sagafurs.com\/sv\/auction-schedule-2020-2021\/\" \/>\n<meta property=\"og:locale\" content=\"sv_SE\" \/>\n<meta property=\"og:type\" content=\"article\" \/>\n<meta property=\"og:title\" content=\"Auktioner under s\u00e4songen 2020-2021 - Sagafurs\" \/>\n<meta property=\"og:description\" content=\"Vi har publicerat auktionstidtabellen f\u00f6r den kommande f\u00f6rs\u00e4ljningss\u00e4songen 2020\u20132021. December 2020 Visning: 11-14.12. F\u00f6rs\u00e4ljning: 15-17.12. Mars 2021 Visning: 24.2.\u20132.3. F\u00f6rs\u00e4ljning: 3\u201310.3. Juni 2021 Visning: 3\u20139.6. F\u00f6rs\u00e4ljning: 10\u201317.6. September 2021 Visning: 2\u20138.9. F\u00f6rs\u00e4ljning: 9\u201316.9.\" \/>\n<meta property=\"og:url\" content=\"https:\/\/www.sagafurs.com\/sv\/auction-schedule-2020-2021\/\" \/>\n<meta property=\"og:site_name\" content=\"Sagafurs\" \/>\n<meta property=\"article:modified_time\" content=\"2020-11-17T08:42:41+00:00\" \/>\n<meta name=\"twitter:card\" content=\"summary_large_image\" \/>\n<script type=\"application\/ld+json\" class=\"yoast-schema-graph\">{\"@context\":\"https:\\\/\\\/schema.org\",\"@graph\":[{\"@type\":\"WebPage\",\"@id\":\"https:\\\/\\\/www.sagafurs.com\\\/sv\\\/auction-schedule-2020-2021\\\/\",\"url\":\"https:\\\/\\\/www.sagafurs.com\\\/sv\\\/auction-schedule-2020-2021\\\/\",\"name\":\"Auktioner under s\u00e4songen 2020-2021 - Sagafurs\",\"isPartOf\":{\"@id\":\"https:\\\/\\\/www.sagafurs.com\\\/#website\"},\"datePublished\":\"2020-09-22T18:05:55+00:00\",\"dateModified\":\"2020-11-17T08:42:41+00:00\",\"breadcrumb\":{\"@id\":\"https:\\\/\\\/www.sagafurs.com\\\/sv\\\/auction-schedule-2020-2021\\\/#breadcrumb\"},\"inLanguage\":\"sv-SE\",\"potentialAction\":[{\"@type\":\"ReadAction\",\"target\":[\"https:\\\/\\\/www.sagafurs.com\\\/sv\\\/auction-schedule-2020-2021\\\/\"]}]},{\"@type\":\"BreadcrumbList\",\"@id\":\"https:\\\/\\\/www.sagafurs.com\\\/sv\\\/auction-schedule-2020-2021\\\/#breadcrumb\",\"itemListElement\":[{\"@type\":\"ListItem\",\"position\":1,\"name\":\"Home\",\"item\":\"https:\\\/\\\/www.sagafurs.com\\\/sv\\\/\"},{\"@type\":\"ListItem\",\"position\":2,\"name\":\"Auktioner under s\u00e4songen 2020-2021\"}]},{\"@type\":\"WebSite\",\"@id\":\"https:\\\/\\\/www.sagafurs.com\\\/#website\",\"url\":\"https:\\\/\\\/www.sagafurs.com\\\/\",\"name\":\"Sagafurs\",\"description\":\"Sagafurs\",\"potentialAction\":[{\"@type\":\"SearchAction\",\"target\":{\"@type\":\"EntryPoint\",\"urlTemplate\":\"https:\\\/\\\/www.sagafurs.com\\\/?s={search_term_string}\"},\"query-input\":{\"@type\":\"PropertyValueSpecification\",\"valueRequired\":true,\"valueName\":\"search_term_string\"}}],\"inLanguage\":\"sv-SE\"}]}<\/script>\n<!-- \/ Yoast SEO plugin. -->","yoast_head_json":{"title":"Auktioner under s\u00e4songen 2020-2021 - Sagafurs","robots":{"index":"index","follow":"follow","max-snippet":"max-snippet:-1","max-image-preview":"max-image-preview:large","max-video-preview":"max-video-preview:-1"},"canonical":"https:\/\/www.sagafurs.com\/sv\/auction-schedule-2020-2021\/","og_locale":"sv_SE","og_type":"article","og_title":"Auktioner under s\u00e4songen 2020-2021 - Sagafurs","og_description":"Vi har publicerat auktionstidtabellen f\u00f6r den kommande f\u00f6rs\u00e4ljningss\u00e4songen 2020\u20132021. December 2020 Visning: 11-14.12. F\u00f6rs\u00e4ljning: 15-17.12. Mars 2021 Visning: 24.2.\u20132.3. F\u00f6rs\u00e4ljning: 3\u201310.3. Juni 2021 Visning: 3\u20139.6. F\u00f6rs\u00e4ljning: 10\u201317.6. September 2021 Visning: 2\u20138.9. F\u00f6rs\u00e4ljning: 9\u201316.9.","og_url":"https:\/\/www.sagafurs.com\/sv\/auction-schedule-2020-2021\/","og_site_name":"Sagafurs","article_modified_time":"2020-11-17T08:42:41+00:00","twitter_card":"summary_large_image","schema":{"@context":"https:\/\/schema.org","@graph":[{"@type":"WebPage","@id":"https:\/\/www.sagafurs.com\/sv\/auction-schedule-2020-2021\/","url":"https:\/\/www.sagafurs.com\/sv\/auction-schedule-2020-2021\/","name":"Auktioner under s\u00e4songen 2020-2021 - Sagafurs","isPartOf":{"@id":"https:\/\/www.sagafurs.com\/#website"},"datePublished":"2020-09-22T18:05:55+00:00","dateModified":"2020-11-17T08:42:41+00:00","breadcrumb":{"@id":"https:\/\/www.sagafurs.com\/sv\/auction-schedule-2020-2021\/#breadcrumb"},"inLanguage":"sv-SE","potentialAction":[{"@type":"ReadAction","target":["https:\/\/www.sagafurs.com\/sv\/auction-schedule-2020-2021\/"]}]},{"@type":"BreadcrumbList","@id":"https:\/\/www.sagafurs.com\/sv\/auction-schedule-2020-2021\/#breadcrumb","itemListElement":[{"@type":"ListItem","position":1,"name":"Home","item":"https:\/\/www.sagafurs.com\/sv\/"},{"@type":"ListItem","position":2,"name":"Auktioner under s\u00e4songen 2020-2021"}]},{"@type":"WebSite","@id":"https:\/\/www.sagafurs.com\/#website","url":"https:\/\/www.sagafurs.com\/","name":"Sagafurs","description":"Sagafurs","potentialAction":[{"@type":"SearchAction","target":{"@type":"EntryPoint","urlTemplate":"https:\/\/www.sagafurs.com\/?s={search_term_string}"},"query-input":{"@type":"PropertyValueSpecification","valueRequired":true,"valueName":"search_term_string"}}],"inLanguage":"sv-SE"}]}},"_links":{"self":[{"href":"https:\/\/www.sagafurs.com\/sv\/wp-json\/wp\/v2\/pages\/174497","targetHints":{"allow":["GET"]}}],"collection":[{"href":"https:\/\/www.sagafurs.com\/sv\/wp-json\/wp\/v2\/pages"}],"about":[{"href":"https:\/\/www.sagafurs.com\/sv\/wp-json\/wp\/v2\/types\/page"}],"author":[{"embeddable":true,"href":"https:\/\/www.sagafurs.com\/sv\/wp-json\/wp\/v2\/users\/7"}],"replies":[{"embeddable":true,"href":"https:\/\/www.sagafurs.com\/sv\/wp-json\/wp\/v2\/comments?post=174497"}],"version-history":[{"count":0,"href":"https:\/\/www.sagafurs.com\/sv\/wp-json\/wp\/v2\/pages\/174497\/revisions"}],"wp:attachment":[{"href":"https:\/\/www.sagafurs.com\/sv\/wp-json\/wp\/v2\/media?parent=174497"}],"curies":[{"name":"wp","href":"https:\/\/api.w.org\/{rel}","templated":true}]}}