{"id":177256,"date":"2021-11-17T10:54:43","date_gmt":"2021-11-17T08:54:43","guid":{"rendered":"https:\/\/www.sagafurs.com\/?page_id=177256\/"},"modified":"2023-04-14T14:28:09","modified_gmt":"2023-04-14T11:28:09","slug":"sampofeeder-for-individuell-utfodring","status":"publish","type":"page","link":"https:\/\/www.sagafurs.com\/sv\/auktioner\/hur-du-saljer-genom-saga-furs\/websampo\/sampofeeder-for-individuell-utfodring\/","title":{"rendered":"Sampofeeder f\u00f6r individuell utfodring"},"content":{"rendered":"<p>Sampofeeder \u00e4r ett utfodringsprogram som \u00e4r utvecklat i Finland. Feedern kan anv\u00e4ndas som hj\u00e4lpmedel vid utfodringen och man kan dela ut olika storleks foderdoser. Man kan ocks\u00e5 planera och styra farmens utfodring.<\/p>\n<p>Foderuppgifterna \u00f6verf\u00f6rs ocks\u00e5 till WebSampo databasen och d\u00e5 kan man dra nytta av foderinformationen i avelsarbetet. Foderdoser, k\u00f6rrutter och utfodringsprogram sparas p\u00e5 en server. Man kan v\u00e4lja doserare eller individuell utfodring. Med doseraren f\u00e5s lika stora doser till burarna. Med den individuella utfodringen delas individuella doser till burarna. Doseraren fungerar med Bluetooth kontakt. Sampofeeder applikationen kan laddas till mobila enheter med Androidsystem tex telefon och p\u00e5 s\u00e5vis styra doseraren. Med feedern kan man g\u00f6ra ocks\u00e5 egna (flush) utfodringsprogram.<\/p>\n<p>&nbsp;<\/p>\n<p><strong>Till\u00e4ggsuppgifter<br \/>\n<\/strong><a href=\"mailto:websampo@sagafurs.com\">websampo@sagafurs.com<\/a><br \/>\nSonja Gerke: <a href=\"mailto:sonja.gerke@sagafurs.com\">sonja.gerke@sagafurs.com<\/a> \u00a0tel. +358 40 705 0101<\/p>\n<p><img loading=\"lazy\" decoding=\"async\" class=\"alignnone wp-image-177325 size-full\" src=\"http:\/\/www.sagafurs.com\/wp-content\/uploads\/2021\/12\/sagafurs-sampofeeder-image.jpg\" alt=\"\" width=\"800\" height=\"1200\" srcset=\"https:\/\/www.sagafurs.com\/wp-content\/uploads\/2021\/12\/sagafurs-sampofeeder-image.jpg 800w, https:\/\/www.sagafurs.com\/wp-content\/uploads\/2021\/12\/sagafurs-sampofeeder-image-256x384.jpg 256w, https:\/\/www.sagafurs.com\/wp-content\/uploads\/2021\/12\/sagafurs-sampofeeder-image-300x450.jpg 300w, https:\/\/www.sagafurs.com\/wp-content\/uploads\/2021\/12\/sagafurs-sampofeeder-image-768x1152.jpg 768w\" sizes=\"auto, (max-width: 800px) 100vw, 800px\" \/><\/p>\n","protected":false},"excerpt":{"rendered":"<p>Sampofeeder \u00e4r ett utfodringsprogram som \u00e4r utvecklat i Finland. Feedern kan anv\u00e4ndas som hj\u00e4lpmedel vid utfodringen och man kan dela ut olika storleks foderdoser. Man kan ocks\u00e5 planera och styra farmens utfodring. Foderuppgifterna \u00f6verf\u00f6rs ocks\u00e5 till WebSampo databasen och d\u00e5 kan man dra nytta av foderinformationen i avelsarbetet. Foderdoser, k\u00f6rrutter och utfodringsprogram sparas p\u00e5 en<a class=\"excerpt-read-more\" href=\"https:\/\/www.sagafurs.com\/sv\/auktioner\/hur-du-saljer-genom-saga-furs\/websampo\/sampofeeder-for-individuell-utfodring\/\" title=\"L\u00e4sSampofeeder f\u00f6r individuell utfodring\">\u2026 L\u00e4s mera &raquo;<\/a><\/p>\n","protected":false},"author":29,"featured_media":0,"parent":156276,"menu_order":0,"comment_status":"closed","ping_status":"closed","template":"templates\/content-page-template.php","meta":{"_acf_changed":false,"footnotes":""},"class_list":["post-177256","page","type-page","status-publish","hentry"],"acf":[],"yoast_head":"<!-- This site is optimized with the Yoast SEO plugin v27.2 - https:\/\/yoast.com\/product\/yoast-seo-wordpress\/ -->\n<title>Sampofeeder f\u00f6r individuell utfodring - Sagafurs<\/title>\n<meta name=\"robots\" content=\"index, follow, max-snippet:-1, max-image-preview:large, max-video-preview:-1\" \/>\n<link rel=\"canonical\" href=\"https:\/\/www.sagafurs.com\/sv\/auktioner\/hur-du-saljer-genom-saga-furs\/websampo\/sampofeeder-for-individuell-utfodring\/\" \/>\n<meta property=\"og:locale\" content=\"sv_SE\" \/>\n<meta property=\"og:type\" content=\"article\" \/>\n<meta property=\"og:title\" content=\"Sampofeeder f\u00f6r individuell utfodring - Sagafurs\" \/>\n<meta property=\"og:description\" content=\"Sampofeeder \u00e4r ett utfodringsprogram som \u00e4r utvecklat i Finland. Feedern kan anv\u00e4ndas som hj\u00e4lpmedel vid utfodringen och man kan dela ut olika storleks foderdoser. Man kan ocks\u00e5 planera och styra farmens utfodring. Foderuppgifterna \u00f6verf\u00f6rs ocks\u00e5 till WebSampo databasen och d\u00e5 kan man dra nytta av foderinformationen i avelsarbetet. Foderdoser, k\u00f6rrutter och utfodringsprogram sparas p\u00e5 en\u2026 L\u00e4s mera &raquo;\" \/>\n<meta property=\"og:url\" content=\"https:\/\/www.sagafurs.com\/sv\/auktioner\/hur-du-saljer-genom-saga-furs\/websampo\/sampofeeder-for-individuell-utfodring\/\" \/>\n<meta property=\"og:site_name\" content=\"Sagafurs\" \/>\n<meta property=\"article:modified_time\" content=\"2023-04-14T11:28:09+00:00\" \/>\n<meta property=\"og:image\" content=\"http:\/\/www.sagafurs.com\/wp-content\/uploads\/2021\/12\/sagafurs-sampofeeder-image.jpg\" \/>\n<meta name=\"twitter:card\" content=\"summary_large_image\" \/>\n<meta name=\"twitter:label1\" content=\"Ber\u00e4knad l\u00e4stid\" \/>\n\t<meta name=\"twitter:data1\" content=\"1 minut\" \/>\n<script type=\"application\/ld+json\" class=\"yoast-schema-graph\">{\"@context\":\"https:\/\/schema.org\",\"@graph\":[{\"@type\":\"WebPage\",\"@id\":\"https:\/\/www.sagafurs.com\/sv\/auktioner\/hur-du-saljer-genom-saga-furs\/websampo\/sampofeeder-for-individuell-utfodring\/\",\"url\":\"https:\/\/www.sagafurs.com\/sv\/auktioner\/hur-du-saljer-genom-saga-furs\/websampo\/sampofeeder-for-individuell-utfodring\/\",\"name\":\"Sampofeeder f\u00f6r individuell utfodring - Sagafurs\",\"isPartOf\":{\"@id\":\"https:\/\/www.sagafurs.com\/#website\"},\"primaryImageOfPage\":{\"@id\":\"https:\/\/www.sagafurs.com\/sv\/auktioner\/hur-du-saljer-genom-saga-furs\/websampo\/sampofeeder-for-individuell-utfodring\/#primaryimage\"},\"image\":{\"@id\":\"https:\/\/www.sagafurs.com\/sv\/auktioner\/hur-du-saljer-genom-saga-furs\/websampo\/sampofeeder-for-individuell-utfodring\/#primaryimage\"},\"thumbnailUrl\":\"http:\/\/www.sagafurs.com\/wp-content\/uploads\/2021\/12\/sagafurs-sampofeeder-image.jpg\",\"datePublished\":\"2021-11-17T08:54:43+00:00\",\"dateModified\":\"2023-04-14T11:28:09+00:00\",\"breadcrumb\":{\"@id\":\"https:\/\/www.sagafurs.com\/sv\/auktioner\/hur-du-saljer-genom-saga-furs\/websampo\/sampofeeder-for-individuell-utfodring\/#breadcrumb\"},\"inLanguage\":\"sv-SE\",\"potentialAction\":[{\"@type\":\"ReadAction\",\"target\":[\"https:\/\/www.sagafurs.com\/sv\/auktioner\/hur-du-saljer-genom-saga-furs\/websampo\/sampofeeder-for-individuell-utfodring\/\"]}]},{\"@type\":\"ImageObject\",\"inLanguage\":\"sv-SE\",\"@id\":\"https:\/\/www.sagafurs.com\/sv\/auktioner\/hur-du-saljer-genom-saga-furs\/websampo\/sampofeeder-for-individuell-utfodring\/#primaryimage\",\"url\":\"http:\/\/www.sagafurs.com\/wp-content\/uploads\/2021\/12\/sagafurs-sampofeeder-image.jpg\",\"contentUrl\":\"http:\/\/www.sagafurs.com\/wp-content\/uploads\/2021\/12\/sagafurs-sampofeeder-image.jpg\"},{\"@type\":\"BreadcrumbList\",\"@id\":\"https:\/\/www.sagafurs.com\/sv\/auktioner\/hur-du-saljer-genom-saga-furs\/websampo\/sampofeeder-for-individuell-utfodring\/#breadcrumb\",\"itemListElement\":[{\"@type\":\"ListItem\",\"position\":1,\"name\":\"Home\",\"item\":\"https:\/\/www.sagafurs.com\/sv\/\"},{\"@type\":\"ListItem\",\"position\":2,\"name\":\"Auktioner\",\"item\":\"https:\/\/www.sagafurs.com\/sv\/auktioner\/\"},{\"@type\":\"ListItem\",\"position\":3,\"name\":\"Hur du s\u00e4ljer genom Saga Furs\",\"item\":\"https:\/\/www.sagafurs.com\/sv\/auktioner\/hur-du-saljer-genom-saga-furs\/\"},{\"@type\":\"ListItem\",\"position\":4,\"name\":\"WebSampo \u2013 kvalitetsinriktad avel\",\"item\":\"https:\/\/www.sagafurs.com\/sv\/auktioner\/hur-du-saljer-genom-saga-furs\/websampo\/\"},{\"@type\":\"ListItem\",\"position\":5,\"name\":\"Sampofeeder f\u00f6r individuell utfodring\"}]},{\"@type\":\"WebSite\",\"@id\":\"https:\/\/www.sagafurs.com\/#website\",\"url\":\"https:\/\/www.sagafurs.com\/\",\"name\":\"Sagafurs\",\"description\":\"Sagafurs\",\"potentialAction\":[{\"@type\":\"SearchAction\",\"target\":{\"@type\":\"EntryPoint\",\"urlTemplate\":\"https:\/\/www.sagafurs.com\/?s={search_term_string}\"},\"query-input\":{\"@type\":\"PropertyValueSpecification\",\"valueRequired\":true,\"valueName\":\"search_term_string\"}}],\"inLanguage\":\"sv-SE\"}]}<\/script>\n<!-- \/ Yoast SEO plugin. -->","yoast_head_json":{"title":"Sampofeeder f\u00f6r individuell utfodring - Sagafurs","robots":{"index":"index","follow":"follow","max-snippet":"max-snippet:-1","max-image-preview":"max-image-preview:large","max-video-preview":"max-video-preview:-1"},"canonical":"https:\/\/www.sagafurs.com\/sv\/auktioner\/hur-du-saljer-genom-saga-furs\/websampo\/sampofeeder-for-individuell-utfodring\/","og_locale":"sv_SE","og_type":"article","og_title":"Sampofeeder f\u00f6r individuell utfodring - Sagafurs","og_description":"Sampofeeder \u00e4r ett utfodringsprogram som \u00e4r utvecklat i Finland. Feedern kan anv\u00e4ndas som hj\u00e4lpmedel vid utfodringen och man kan dela ut olika storleks foderdoser. Man kan ocks\u00e5 planera och styra farmens utfodring. Foderuppgifterna \u00f6verf\u00f6rs ocks\u00e5 till WebSampo databasen och d\u00e5 kan man dra nytta av foderinformationen i avelsarbetet. Foderdoser, k\u00f6rrutter och utfodringsprogram sparas p\u00e5 en\u2026 L\u00e4s mera &raquo;","og_url":"https:\/\/www.sagafurs.com\/sv\/auktioner\/hur-du-saljer-genom-saga-furs\/websampo\/sampofeeder-for-individuell-utfodring\/","og_site_name":"Sagafurs","article_modified_time":"2023-04-14T11:28:09+00:00","og_image":[{"url":"http:\/\/www.sagafurs.com\/wp-content\/uploads\/2021\/12\/sagafurs-sampofeeder-image.jpg","type":"","width":"","height":""}],"twitter_card":"summary_large_image","twitter_misc":{"Ber\u00e4knad l\u00e4stid":"1 minut"},"schema":{"@context":"https:\/\/schema.org","@graph":[{"@type":"WebPage","@id":"https:\/\/www.sagafurs.com\/sv\/auktioner\/hur-du-saljer-genom-saga-furs\/websampo\/sampofeeder-for-individuell-utfodring\/","url":"https:\/\/www.sagafurs.com\/sv\/auktioner\/hur-du-saljer-genom-saga-furs\/websampo\/sampofeeder-for-individuell-utfodring\/","name":"Sampofeeder f\u00f6r individuell utfodring - Sagafurs","isPartOf":{"@id":"https:\/\/www.sagafurs.com\/#website"},"primaryImageOfPage":{"@id":"https:\/\/www.sagafurs.com\/sv\/auktioner\/hur-du-saljer-genom-saga-furs\/websampo\/sampofeeder-for-individuell-utfodring\/#primaryimage"},"image":{"@id":"https:\/\/www.sagafurs.com\/sv\/auktioner\/hur-du-saljer-genom-saga-furs\/websampo\/sampofeeder-for-individuell-utfodring\/#primaryimage"},"thumbnailUrl":"http:\/\/www.sagafurs.com\/wp-content\/uploads\/2021\/12\/sagafurs-sampofeeder-image.jpg","datePublished":"2021-11-17T08:54:43+00:00","dateModified":"2023-04-14T11:28:09+00:00","breadcrumb":{"@id":"https:\/\/www.sagafurs.com\/sv\/auktioner\/hur-du-saljer-genom-saga-furs\/websampo\/sampofeeder-for-individuell-utfodring\/#breadcrumb"},"inLanguage":"sv-SE","potentialAction":[{"@type":"ReadAction","target":["https:\/\/www.sagafurs.com\/sv\/auktioner\/hur-du-saljer-genom-saga-furs\/websampo\/sampofeeder-for-individuell-utfodring\/"]}]},{"@type":"ImageObject","inLanguage":"sv-SE","@id":"https:\/\/www.sagafurs.com\/sv\/auktioner\/hur-du-saljer-genom-saga-furs\/websampo\/sampofeeder-for-individuell-utfodring\/#primaryimage","url":"http:\/\/www.sagafurs.com\/wp-content\/uploads\/2021\/12\/sagafurs-sampofeeder-image.jpg","contentUrl":"http:\/\/www.sagafurs.com\/wp-content\/uploads\/2021\/12\/sagafurs-sampofeeder-image.jpg"},{"@type":"BreadcrumbList","@id":"https:\/\/www.sagafurs.com\/sv\/auktioner\/hur-du-saljer-genom-saga-furs\/websampo\/sampofeeder-for-individuell-utfodring\/#breadcrumb","itemListElement":[{"@type":"ListItem","position":1,"name":"Home","item":"https:\/\/www.sagafurs.com\/sv\/"},{"@type":"ListItem","position":2,"name":"Auktioner","item":"https:\/\/www.sagafurs.com\/sv\/auktioner\/"},{"@type":"ListItem","position":3,"name":"Hur du s\u00e4ljer genom Saga Furs","item":"https:\/\/www.sagafurs.com\/sv\/auktioner\/hur-du-saljer-genom-saga-furs\/"},{"@type":"ListItem","position":4,"name":"WebSampo \u2013 kvalitetsinriktad avel","item":"https:\/\/www.sagafurs.com\/sv\/auktioner\/hur-du-saljer-genom-saga-furs\/websampo\/"},{"@type":"ListItem","position":5,"name":"Sampofeeder f\u00f6r individuell utfodring"}]},{"@type":"WebSite","@id":"https:\/\/www.sagafurs.com\/#website","url":"https:\/\/www.sagafurs.com\/","name":"Sagafurs","description":"Sagafurs","potentialAction":[{"@type":"SearchAction","target":{"@type":"EntryPoint","urlTemplate":"https:\/\/www.sagafurs.com\/?s={search_term_string}"},"query-input":{"@type":"PropertyValueSpecification","valueRequired":true,"valueName":"search_term_string"}}],"inLanguage":"sv-SE"}]}},"_links":{"self":[{"href":"https:\/\/www.sagafurs.com\/sv\/wp-json\/wp\/v2\/pages\/177256","targetHints":{"allow":["GET"]}}],"collection":[{"href":"https:\/\/www.sagafurs.com\/sv\/wp-json\/wp\/v2\/pages"}],"about":[{"href":"https:\/\/www.sagafurs.com\/sv\/wp-json\/wp\/v2\/types\/page"}],"author":[{"embeddable":true,"href":"https:\/\/www.sagafurs.com\/sv\/wp-json\/wp\/v2\/users\/29"}],"replies":[{"embeddable":true,"href":"https:\/\/www.sagafurs.com\/sv\/wp-json\/wp\/v2\/comments?post=177256"}],"version-history":[{"count":0,"href":"https:\/\/www.sagafurs.com\/sv\/wp-json\/wp\/v2\/pages\/177256\/revisions"}],"up":[{"embeddable":true,"href":"https:\/\/www.sagafurs.com\/sv\/wp-json\/wp\/v2\/pages\/156276"}],"wp:attachment":[{"href":"https:\/\/www.sagafurs.com\/sv\/wp-json\/wp\/v2\/media?parent=177256"}],"curies":[{"name":"wp","href":"https:\/\/api.w.org\/{rel}","templated":true}]}}