{"id":17926,"date":"2016-11-24T08:54:07","date_gmt":"2016-11-24T07:54:07","guid":{"rendered":"https:\/\/www.sagafurs.com\/sv\/?page_id=17926"},"modified":"2020-11-16T14:24:16","modified_gmt":"2020-11-16T12:24:16","slug":"grading-course","status":"publish","type":"page","link":"https:\/\/www.sagafurs.com\/sv\/auktioner\/products\/saga-furs-sorteringskriterier\/grading-course\/","title":{"rendered":"Internationell graderingskurs"},"content":{"rendered":"<p>F\u00f6r mer detaljerad och uppdaterad information samt f\u00f6rfr\u00e5gningar om kursen, v\u00e4nligen kontakta Niko Koponen, <a href=\"mailto:niko.koponen@sagafurs.com\">niko.koponen@sagafurs.com<\/a> eller tel. +358 9 84 981.<\/p>\n","protected":false},"excerpt":{"rendered":"<p>F\u00f6r mer detaljerad och uppdaterad information samt f\u00f6rfr\u00e5gningar om kursen, v\u00e4nligen kontakta Niko Koponen, niko.koponen@sagafurs.com eller tel. +358 9 84 981.<\/p>\n","protected":false},"author":29,"featured_media":4896,"parent":2554,"menu_order":0,"comment_status":"closed","ping_status":"closed","template":"templates\/content-page-template.php","meta":{"_acf_changed":false,"footnotes":""},"class_list":["post-17926","page","type-page","status-publish","has-post-thumbnail","hentry"],"acf":[],"yoast_head":"<!-- This site is optimized with the Yoast SEO plugin v27.4 - https:\/\/yoast.com\/product\/yoast-seo-wordpress\/ -->\n<title>Internationell graderingskurs - Sagafurs<\/title>\n<meta name=\"robots\" content=\"index, follow, max-snippet:-1, max-image-preview:large, max-video-preview:-1\" \/>\n<link rel=\"canonical\" href=\"https:\/\/www.sagafurs.com\/sv\/auktioner\/products\/saga-furs-sorteringskriterier\/grading-course\/\" \/>\n<meta property=\"og:locale\" content=\"sv_SE\" \/>\n<meta property=\"og:type\" content=\"article\" \/>\n<meta property=\"og:title\" content=\"Internationell graderingskurs - Sagafurs\" \/>\n<meta property=\"og:description\" content=\"F\u00f6r mer detaljerad och uppdaterad information samt f\u00f6rfr\u00e5gningar om kursen, v\u00e4nligen kontakta Niko Koponen, niko.koponen@sagafurs.com eller tel. +358 9 84 981.\" \/>\n<meta property=\"og:url\" content=\"https:\/\/www.sagafurs.com\/sv\/auktioner\/products\/saga-furs-sorteringskriterier\/grading-course\/\" \/>\n<meta property=\"og:site_name\" content=\"Sagafurs\" \/>\n<meta property=\"article:modified_time\" content=\"2020-11-16T12:24:16+00:00\" \/>\n<meta property=\"og:image\" content=\"http:\/\/www.sagafurs.com\/wp-content\/uploads\/2016\/05\/Saga_detail_2-web.jpg\" \/>\n\t<meta property=\"og:image:width\" content=\"1200\" \/>\n\t<meta property=\"og:image:height\" content=\"450\" \/>\n\t<meta property=\"og:image:type\" content=\"image\/jpeg\" \/>\n<meta name=\"twitter:card\" content=\"summary_large_image\" \/>\n<script type=\"application\/ld+json\" class=\"yoast-schema-graph\">{\"@context\":\"https:\\\/\\\/schema.org\",\"@graph\":[{\"@type\":\"WebPage\",\"@id\":\"https:\\\/\\\/www.sagafurs.com\\\/sv\\\/auktioner\\\/products\\\/saga-furs-sorteringskriterier\\\/grading-course\\\/\",\"url\":\"https:\\\/\\\/www.sagafurs.com\\\/sv\\\/auktioner\\\/products\\\/saga-furs-sorteringskriterier\\\/grading-course\\\/\",\"name\":\"Internationell graderingskurs - Sagafurs\",\"isPartOf\":{\"@id\":\"https:\\\/\\\/www.sagafurs.com\\\/#website\"},\"primaryImageOfPage\":{\"@id\":\"https:\\\/\\\/www.sagafurs.com\\\/sv\\\/auktioner\\\/products\\\/saga-furs-sorteringskriterier\\\/grading-course\\\/#primaryimage\"},\"image\":{\"@id\":\"https:\\\/\\\/www.sagafurs.com\\\/sv\\\/auktioner\\\/products\\\/saga-furs-sorteringskriterier\\\/grading-course\\\/#primaryimage\"},\"thumbnailUrl\":\"https:\\\/\\\/www.sagafurs.com\\\/wp-content\\\/uploads\\\/2016\\\/05\\\/Saga_detail_2-web.jpg\",\"datePublished\":\"2016-11-24T07:54:07+00:00\",\"dateModified\":\"2020-11-16T12:24:16+00:00\",\"breadcrumb\":{\"@id\":\"https:\\\/\\\/www.sagafurs.com\\\/sv\\\/auktioner\\\/products\\\/saga-furs-sorteringskriterier\\\/grading-course\\\/#breadcrumb\"},\"inLanguage\":\"sv-SE\",\"potentialAction\":[{\"@type\":\"ReadAction\",\"target\":[\"https:\\\/\\\/www.sagafurs.com\\\/sv\\\/auktioner\\\/products\\\/saga-furs-sorteringskriterier\\\/grading-course\\\/\"]}]},{\"@type\":\"ImageObject\",\"inLanguage\":\"sv-SE\",\"@id\":\"https:\\\/\\\/www.sagafurs.com\\\/sv\\\/auktioner\\\/products\\\/saga-furs-sorteringskriterier\\\/grading-course\\\/#primaryimage\",\"url\":\"https:\\\/\\\/www.sagafurs.com\\\/wp-content\\\/uploads\\\/2016\\\/05\\\/Saga_detail_2-web.jpg\",\"contentUrl\":\"https:\\\/\\\/www.sagafurs.com\\\/wp-content\\\/uploads\\\/2016\\\/05\\\/Saga_detail_2-web.jpg\",\"width\":1200,\"height\":450},{\"@type\":\"BreadcrumbList\",\"@id\":\"https:\\\/\\\/www.sagafurs.com\\\/sv\\\/auktioner\\\/products\\\/saga-furs-sorteringskriterier\\\/grading-course\\\/#breadcrumb\",\"itemListElement\":[{\"@type\":\"ListItem\",\"position\":1,\"name\":\"Home\",\"item\":\"https:\\\/\\\/www.sagafurs.com\\\/sv\\\/\"},{\"@type\":\"ListItem\",\"position\":2,\"name\":\"Auktioner\",\"item\":\"https:\\\/\\\/www.sagafurs.com\\\/sv\\\/auktioner\\\/\"},{\"@type\":\"ListItem\",\"position\":3,\"name\":\"Products\",\"item\":\"https:\\\/\\\/www.sagafurs.com\\\/sv\\\/auktioner\\\/products\\\/\"},{\"@type\":\"ListItem\",\"position\":4,\"name\":\"Saga Furs sorteringskriterier\",\"item\":\"https:\\\/\\\/www.sagafurs.com\\\/sv\\\/auktioner\\\/products\\\/saga-furs-sorteringskriterier\\\/\"},{\"@type\":\"ListItem\",\"position\":5,\"name\":\"Internationell graderingskurs\"}]},{\"@type\":\"WebSite\",\"@id\":\"https:\\\/\\\/www.sagafurs.com\\\/#website\",\"url\":\"https:\\\/\\\/www.sagafurs.com\\\/\",\"name\":\"Sagafurs\",\"description\":\"Sagafurs\",\"potentialAction\":[{\"@type\":\"SearchAction\",\"target\":{\"@type\":\"EntryPoint\",\"urlTemplate\":\"https:\\\/\\\/www.sagafurs.com\\\/?s={search_term_string}\"},\"query-input\":{\"@type\":\"PropertyValueSpecification\",\"valueRequired\":true,\"valueName\":\"search_term_string\"}}],\"inLanguage\":\"sv-SE\"}]}<\/script>\n<!-- \/ Yoast SEO plugin. -->","yoast_head_json":{"title":"Internationell graderingskurs - Sagafurs","robots":{"index":"index","follow":"follow","max-snippet":"max-snippet:-1","max-image-preview":"max-image-preview:large","max-video-preview":"max-video-preview:-1"},"canonical":"https:\/\/www.sagafurs.com\/sv\/auktioner\/products\/saga-furs-sorteringskriterier\/grading-course\/","og_locale":"sv_SE","og_type":"article","og_title":"Internationell graderingskurs - Sagafurs","og_description":"F\u00f6r mer detaljerad och uppdaterad information samt f\u00f6rfr\u00e5gningar om kursen, v\u00e4nligen kontakta Niko Koponen, niko.koponen@sagafurs.com eller tel. +358 9 84 981.","og_url":"https:\/\/www.sagafurs.com\/sv\/auktioner\/products\/saga-furs-sorteringskriterier\/grading-course\/","og_site_name":"Sagafurs","article_modified_time":"2020-11-16T12:24:16+00:00","og_image":[{"width":1200,"height":450,"url":"http:\/\/www.sagafurs.com\/wp-content\/uploads\/2016\/05\/Saga_detail_2-web.jpg","type":"image\/jpeg"}],"twitter_card":"summary_large_image","schema":{"@context":"https:\/\/schema.org","@graph":[{"@type":"WebPage","@id":"https:\/\/www.sagafurs.com\/sv\/auktioner\/products\/saga-furs-sorteringskriterier\/grading-course\/","url":"https:\/\/www.sagafurs.com\/sv\/auktioner\/products\/saga-furs-sorteringskriterier\/grading-course\/","name":"Internationell graderingskurs - Sagafurs","isPartOf":{"@id":"https:\/\/www.sagafurs.com\/#website"},"primaryImageOfPage":{"@id":"https:\/\/www.sagafurs.com\/sv\/auktioner\/products\/saga-furs-sorteringskriterier\/grading-course\/#primaryimage"},"image":{"@id":"https:\/\/www.sagafurs.com\/sv\/auktioner\/products\/saga-furs-sorteringskriterier\/grading-course\/#primaryimage"},"thumbnailUrl":"https:\/\/www.sagafurs.com\/wp-content\/uploads\/2016\/05\/Saga_detail_2-web.jpg","datePublished":"2016-11-24T07:54:07+00:00","dateModified":"2020-11-16T12:24:16+00:00","breadcrumb":{"@id":"https:\/\/www.sagafurs.com\/sv\/auktioner\/products\/saga-furs-sorteringskriterier\/grading-course\/#breadcrumb"},"inLanguage":"sv-SE","potentialAction":[{"@type":"ReadAction","target":["https:\/\/www.sagafurs.com\/sv\/auktioner\/products\/saga-furs-sorteringskriterier\/grading-course\/"]}]},{"@type":"ImageObject","inLanguage":"sv-SE","@id":"https:\/\/www.sagafurs.com\/sv\/auktioner\/products\/saga-furs-sorteringskriterier\/grading-course\/#primaryimage","url":"https:\/\/www.sagafurs.com\/wp-content\/uploads\/2016\/05\/Saga_detail_2-web.jpg","contentUrl":"https:\/\/www.sagafurs.com\/wp-content\/uploads\/2016\/05\/Saga_detail_2-web.jpg","width":1200,"height":450},{"@type":"BreadcrumbList","@id":"https:\/\/www.sagafurs.com\/sv\/auktioner\/products\/saga-furs-sorteringskriterier\/grading-course\/#breadcrumb","itemListElement":[{"@type":"ListItem","position":1,"name":"Home","item":"https:\/\/www.sagafurs.com\/sv\/"},{"@type":"ListItem","position":2,"name":"Auktioner","item":"https:\/\/www.sagafurs.com\/sv\/auktioner\/"},{"@type":"ListItem","position":3,"name":"Products","item":"https:\/\/www.sagafurs.com\/sv\/auktioner\/products\/"},{"@type":"ListItem","position":4,"name":"Saga Furs sorteringskriterier","item":"https:\/\/www.sagafurs.com\/sv\/auktioner\/products\/saga-furs-sorteringskriterier\/"},{"@type":"ListItem","position":5,"name":"Internationell graderingskurs"}]},{"@type":"WebSite","@id":"https:\/\/www.sagafurs.com\/#website","url":"https:\/\/www.sagafurs.com\/","name":"Sagafurs","description":"Sagafurs","potentialAction":[{"@type":"SearchAction","target":{"@type":"EntryPoint","urlTemplate":"https:\/\/www.sagafurs.com\/?s={search_term_string}"},"query-input":{"@type":"PropertyValueSpecification","valueRequired":true,"valueName":"search_term_string"}}],"inLanguage":"sv-SE"}]}},"_links":{"self":[{"href":"https:\/\/www.sagafurs.com\/sv\/wp-json\/wp\/v2\/pages\/17926","targetHints":{"allow":["GET"]}}],"collection":[{"href":"https:\/\/www.sagafurs.com\/sv\/wp-json\/wp\/v2\/pages"}],"about":[{"href":"https:\/\/www.sagafurs.com\/sv\/wp-json\/wp\/v2\/types\/page"}],"author":[{"embeddable":true,"href":"https:\/\/www.sagafurs.com\/sv\/wp-json\/wp\/v2\/users\/29"}],"replies":[{"embeddable":true,"href":"https:\/\/www.sagafurs.com\/sv\/wp-json\/wp\/v2\/comments?post=17926"}],"version-history":[{"count":0,"href":"https:\/\/www.sagafurs.com\/sv\/wp-json\/wp\/v2\/pages\/17926\/revisions"}],"up":[{"embeddable":true,"href":"https:\/\/www.sagafurs.com\/sv\/wp-json\/wp\/v2\/pages\/2554"}],"wp:featuredmedia":[{"embeddable":true,"href":"https:\/\/www.sagafurs.com\/sv\/wp-json\/wp\/v2\/media\/4896"}],"wp:attachment":[{"href":"https:\/\/www.sagafurs.com\/sv\/wp-json\/wp\/v2\/media?parent=17926"}],"curies":[{"name":"wp","href":"https:\/\/api.w.org\/{rel}","templated":true}]}}