{"id":187367,"date":"2025-03-31T14:26:06","date_gmt":"2025-03-31T11:26:06","guid":{"rendered":"https:\/\/www.sagafurs.com\/auction-schedule-2025-2026\/"},"modified":"2025-10-08T10:29:56","modified_gmt":"2025-10-08T07:29:56","slug":"auction-schedule-2025-2026","status":"publish","type":"page","link":"https:\/\/www.sagafurs.com\/sv\/auction-schedule-2025-2026\/","title":{"rendered":"Auktioner under s\u00e4songen 2025-2026"},"content":{"rendered":"<p>Auktionstidtabel f\u00f6r f\u00f6rs\u00e4ljningss\u00e4songen 2025\u20132026 \u00e4r:<\/p>\n<p><strong>December 2025<\/strong><br \/>\nVisning: 16 -17.12.2025<br \/>\nOnline auktion: 18.12.2025<\/p>\n<p><strong>Mars 2026<br \/>\n<\/strong>Visning: 23 \u2013 26.3.2026<br \/>\nF\u00f6rs\u00e4ljning:\u00a0 27 \u2013 31.3.2026<\/p>\n<p><strong>Juni 2026<br \/>\n<\/strong>Visning: 23 \u2013 26.6.2026<br \/>\nF\u00f6rs\u00e4ljning: 27.6. &#8211; 3.7.2026<\/p>\n<p><strong>September 2026<br \/>\n<\/strong>Visning: 10 \u2013 14.9.2026<br \/>\nF\u00f6rs\u00e4ljning: 15 \u2013 21.9.2026<\/p>\n","protected":false},"excerpt":{"rendered":"<p>Auktionstidtabel f\u00f6r f\u00f6rs\u00e4ljningss\u00e4songen 2025\u20132026 \u00e4r: December 2025 Visning: 16 -17.12.2025 Online auktion: 18.12.2025 Mars 2026 Visning: 23 \u2013 26.3.2026 F\u00f6rs\u00e4ljning:\u00a0 27 \u2013 31.3.2026 Juni 2026 Visning: 23 \u2013 26.6.2026 F\u00f6rs\u00e4ljning: 27.6. &#8211; 3.7.2026 September 2026 Visning: 10 \u2013 14.9.2026 F\u00f6rs\u00e4ljning: 15 \u2013 21.9.2026<\/p>\n","protected":false},"author":7,"featured_media":0,"parent":0,"menu_order":0,"comment_status":"closed","ping_status":"closed","template":"","meta":{"_acf_changed":false,"footnotes":""},"class_list":["post-187367","page","type-page","status-publish","hentry"],"acf":[],"yoast_head":"<!-- This site is optimized with the Yoast SEO plugin v27.4 - https:\/\/yoast.com\/product\/yoast-seo-wordpress\/ -->\n<title>Auktioner under s\u00e4songen 2025-2026 - Sagafurs<\/title>\n<meta name=\"robots\" content=\"index, follow, max-snippet:-1, max-image-preview:large, max-video-preview:-1\" \/>\n<link rel=\"canonical\" href=\"https:\/\/www.sagafurs.com\/sv\/auction-schedule-2025-2026\/\" \/>\n<meta property=\"og:locale\" content=\"sv_SE\" \/>\n<meta property=\"og:type\" content=\"article\" \/>\n<meta property=\"og:title\" content=\"Auktioner under s\u00e4songen 2025-2026 - Sagafurs\" \/>\n<meta property=\"og:description\" content=\"Auktionstidtabel f\u00f6r f\u00f6rs\u00e4ljningss\u00e4songen 2025\u20132026 \u00e4r: December 2025 Visning: 16 -17.12.2025 Online auktion: 18.12.2025 Mars 2026 Visning: 23 \u2013 26.3.2026 F\u00f6rs\u00e4ljning:\u00a0 27 \u2013 31.3.2026 Juni 2026 Visning: 23 \u2013 26.6.2026 F\u00f6rs\u00e4ljning: 27.6. &#8211; 3.7.2026 September 2026 Visning: 10 \u2013 14.9.2026 F\u00f6rs\u00e4ljning: 15 \u2013 21.9.2026\" \/>\n<meta property=\"og:url\" content=\"https:\/\/www.sagafurs.com\/sv\/auction-schedule-2025-2026\/\" \/>\n<meta property=\"og:site_name\" content=\"Sagafurs\" \/>\n<meta property=\"article:modified_time\" content=\"2025-10-08T07:29:56+00:00\" \/>\n<meta name=\"twitter:card\" content=\"summary_large_image\" \/>\n<meta name=\"twitter:label1\" content=\"Ber\u00e4knad l\u00e4stid\" \/>\n\t<meta name=\"twitter:data1\" content=\"1 minut\" \/>\n<script type=\"application\/ld+json\" class=\"yoast-schema-graph\">{\"@context\":\"https:\\\/\\\/schema.org\",\"@graph\":[{\"@type\":\"WebPage\",\"@id\":\"https:\\\/\\\/www.sagafurs.com\\\/sv\\\/auction-schedule-2025-2026\\\/\",\"url\":\"https:\\\/\\\/www.sagafurs.com\\\/sv\\\/auction-schedule-2025-2026\\\/\",\"name\":\"Auktioner under s\u00e4songen 2025-2026 - Sagafurs\",\"isPartOf\":{\"@id\":\"https:\\\/\\\/www.sagafurs.com\\\/#website\"},\"datePublished\":\"2025-03-31T11:26:06+00:00\",\"dateModified\":\"2025-10-08T07:29:56+00:00\",\"breadcrumb\":{\"@id\":\"https:\\\/\\\/www.sagafurs.com\\\/sv\\\/auction-schedule-2025-2026\\\/#breadcrumb\"},\"inLanguage\":\"sv-SE\",\"potentialAction\":[{\"@type\":\"ReadAction\",\"target\":[\"https:\\\/\\\/www.sagafurs.com\\\/sv\\\/auction-schedule-2025-2026\\\/\"]}]},{\"@type\":\"BreadcrumbList\",\"@id\":\"https:\\\/\\\/www.sagafurs.com\\\/sv\\\/auction-schedule-2025-2026\\\/#breadcrumb\",\"itemListElement\":[{\"@type\":\"ListItem\",\"position\":1,\"name\":\"Home\",\"item\":\"https:\\\/\\\/www.sagafurs.com\\\/sv\\\/\"},{\"@type\":\"ListItem\",\"position\":2,\"name\":\"Auktioner under s\u00e4songen 2025-2026\"}]},{\"@type\":\"WebSite\",\"@id\":\"https:\\\/\\\/www.sagafurs.com\\\/#website\",\"url\":\"https:\\\/\\\/www.sagafurs.com\\\/\",\"name\":\"Sagafurs\",\"description\":\"Sagafurs\",\"potentialAction\":[{\"@type\":\"SearchAction\",\"target\":{\"@type\":\"EntryPoint\",\"urlTemplate\":\"https:\\\/\\\/www.sagafurs.com\\\/?s={search_term_string}\"},\"query-input\":{\"@type\":\"PropertyValueSpecification\",\"valueRequired\":true,\"valueName\":\"search_term_string\"}}],\"inLanguage\":\"sv-SE\"}]}<\/script>\n<!-- \/ Yoast SEO plugin. -->","yoast_head_json":{"title":"Auktioner under s\u00e4songen 2025-2026 - Sagafurs","robots":{"index":"index","follow":"follow","max-snippet":"max-snippet:-1","max-image-preview":"max-image-preview:large","max-video-preview":"max-video-preview:-1"},"canonical":"https:\/\/www.sagafurs.com\/sv\/auction-schedule-2025-2026\/","og_locale":"sv_SE","og_type":"article","og_title":"Auktioner under s\u00e4songen 2025-2026 - Sagafurs","og_description":"Auktionstidtabel f\u00f6r f\u00f6rs\u00e4ljningss\u00e4songen 2025\u20132026 \u00e4r: December 2025 Visning: 16 -17.12.2025 Online auktion: 18.12.2025 Mars 2026 Visning: 23 \u2013 26.3.2026 F\u00f6rs\u00e4ljning:\u00a0 27 \u2013 31.3.2026 Juni 2026 Visning: 23 \u2013 26.6.2026 F\u00f6rs\u00e4ljning: 27.6. &#8211; 3.7.2026 September 2026 Visning: 10 \u2013 14.9.2026 F\u00f6rs\u00e4ljning: 15 \u2013 21.9.2026","og_url":"https:\/\/www.sagafurs.com\/sv\/auction-schedule-2025-2026\/","og_site_name":"Sagafurs","article_modified_time":"2025-10-08T07:29:56+00:00","twitter_card":"summary_large_image","twitter_misc":{"Ber\u00e4knad l\u00e4stid":"1 minut"},"schema":{"@context":"https:\/\/schema.org","@graph":[{"@type":"WebPage","@id":"https:\/\/www.sagafurs.com\/sv\/auction-schedule-2025-2026\/","url":"https:\/\/www.sagafurs.com\/sv\/auction-schedule-2025-2026\/","name":"Auktioner under s\u00e4songen 2025-2026 - Sagafurs","isPartOf":{"@id":"https:\/\/www.sagafurs.com\/#website"},"datePublished":"2025-03-31T11:26:06+00:00","dateModified":"2025-10-08T07:29:56+00:00","breadcrumb":{"@id":"https:\/\/www.sagafurs.com\/sv\/auction-schedule-2025-2026\/#breadcrumb"},"inLanguage":"sv-SE","potentialAction":[{"@type":"ReadAction","target":["https:\/\/www.sagafurs.com\/sv\/auction-schedule-2025-2026\/"]}]},{"@type":"BreadcrumbList","@id":"https:\/\/www.sagafurs.com\/sv\/auction-schedule-2025-2026\/#breadcrumb","itemListElement":[{"@type":"ListItem","position":1,"name":"Home","item":"https:\/\/www.sagafurs.com\/sv\/"},{"@type":"ListItem","position":2,"name":"Auktioner under s\u00e4songen 2025-2026"}]},{"@type":"WebSite","@id":"https:\/\/www.sagafurs.com\/#website","url":"https:\/\/www.sagafurs.com\/","name":"Sagafurs","description":"Sagafurs","potentialAction":[{"@type":"SearchAction","target":{"@type":"EntryPoint","urlTemplate":"https:\/\/www.sagafurs.com\/?s={search_term_string}"},"query-input":{"@type":"PropertyValueSpecification","valueRequired":true,"valueName":"search_term_string"}}],"inLanguage":"sv-SE"}]}},"_links":{"self":[{"href":"https:\/\/www.sagafurs.com\/sv\/wp-json\/wp\/v2\/pages\/187367","targetHints":{"allow":["GET"]}}],"collection":[{"href":"https:\/\/www.sagafurs.com\/sv\/wp-json\/wp\/v2\/pages"}],"about":[{"href":"https:\/\/www.sagafurs.com\/sv\/wp-json\/wp\/v2\/types\/page"}],"author":[{"embeddable":true,"href":"https:\/\/www.sagafurs.com\/sv\/wp-json\/wp\/v2\/users\/7"}],"replies":[{"embeddable":true,"href":"https:\/\/www.sagafurs.com\/sv\/wp-json\/wp\/v2\/comments?post=187367"}],"version-history":[{"count":0,"href":"https:\/\/www.sagafurs.com\/sv\/wp-json\/wp\/v2\/pages\/187367\/revisions"}],"wp:attachment":[{"href":"https:\/\/www.sagafurs.com\/sv\/wp-json\/wp\/v2\/media?parent=187367"}],"curies":[{"name":"wp","href":"https:\/\/api.w.org\/{rel}","templated":true}]}}