{"id":2535,"date":"2016-05-31T12:22:23","date_gmt":"2016-05-31T12:22:23","guid":{"rendered":"https:\/\/www.sagafurs.com\/sv\/auction\/how-to-buy\/"},"modified":"2024-12-19T11:33:30","modified_gmt":"2024-12-19T09:33:30","slug":"anvisningar-for-auktionskopare","status":"publish","type":"page","link":"https:\/\/www.sagafurs.com\/sv\/auktioner\/anvisningar-for-auktionskopare\/","title":{"rendered":"Anvisningar f\u00f6r auktionsk\u00f6pare"},"content":{"rendered":"<div id=\"container\" class=\"threeCol auctions_content \">\n<div id=\"content\" class=\"column\">\n<p style=\"text-align: left;\">Saga Furs s\u00e4ljer skinn till registrerade kunder, vars auktionsrepresentanter har ett k\u00f6parnummer som registrerats hos Saga Furs.<\/p>\n<h3 style=\"text-align: left;\"><strong>Hur registrerar jag mig som kund?<\/strong><\/h3>\n<p style=\"text-align: left;\">Registreringen sker genom att l\u00e4mna kunduppgifter om dig sj\u00e4lv och ditt f\u00f6retag till oss samt genom att betala en deposition som t\u00e4cker minst 35 procent av v\u00e4rdet p\u00e5 planerade k\u00f6p.<\/p>\n<p style=\"text-align: left;\">Kunder med ett l\u00e5ngvarigt kundf\u00f6rhpllande hos Saga Furs kans ocks\u00e5 bli registrerade k\u00f6pare och f\u00e5 ett eget k\u00f6parnummer.<\/p>\n<p style=\"text-align: left;\">V\u00e4nligen kontakta v\u00e5r f\u00f6rs\u00e4ljningsavdelning <a href=\"mailto:sales@sagafurs.com\">sales@sagafurs.com<\/a> f\u00f6r att erh\u00e5lla mer information om hur man k\u00f6per via registrerade k\u00f6pare eller f\u00f6r att anh\u00e5lla om k\u00f6parnummer.<\/p>\n<h2>Fakturering<\/h2>\n<p>Kunderna har r\u00e4ntefri betalningstid 21 dagar efter auktionen. Efter 21 dagar debiteras r\u00e4nta f\u00f6r obetalade fakturor.<\/p>\n<p>Efter att vi erh\u00e5llit betalning kan skinnen levereras enligt k\u00f6parens instruktioner.<\/p>\n<h3>Bankuppgifter<\/h3>\n<p>Vi har skilda bankkonton for EUR och USD (ser nedan). V\u00e4nligen betala direkt till motsvarande valutakonto. Om det sker en remittering till v\u00e5rt konto i fel valuta kan det uppst\u00e5 valutakursdifferenser och bankavgifter som kommer atta dras fr\u00e5n ditt konto.<\/p>\n<p>OP Yrityspankki<strong><br \/>\n<\/strong>Gebhardinaukio 1, Helsinki<br \/>\nP.O. Box 308, FI-00013 OP<br \/>\nFINLAND<br \/>\nTel. +358 10 252 011<br \/>\nEUR IBAN Account: FI32 5000 0120 0001 94<br \/>\nSWIFT: OKOYFIHH<br \/>\nUSD IBAN Account: FI10 5000 0130 1005 21<br \/>\nSWIFT: OKOYFIHH<\/p>\n<p>Bankkonto f\u00f6r betalningar i CNY:<\/p>\n<p>OP Corporate Bank Plc, Helsinki, Finland<strong><br \/>\n<\/strong>SWIFT: OKOYFIHH<br \/>\nKonto hos Bank of China, Shanghai<br \/>\nSWIFT: BKCHCNBJS00<br \/>\nCNY IBAN Account: FI25 5000 0130 4500 33<br \/>\nReferens: Fakturanummer<\/p>\n<h2>Lagring av skinn<\/h2>\n<p>Skinn som \u00e4r k\u00f6pta vid Saga Furs&#8217; auktioner kan lagras gratis fram till 30 november under den s\u00e4song som skinnen \u00e4r k\u00f6pta. Avgifter f\u00f6r f\u00f6rvaring och f\u00f6rs\u00e4kring av skinnen debiteras fr\u00e5n b\u00f6rjan av december f\u00f6r varje kalenderm\u00e5nad eller del av denna enligt f\u00f6ljande:<\/p>\n<p>Per skinn\/m\u00e5nad:<\/p>\n<p>Mink 0,20 euro<br \/>\nR\u00e4v 0,50 euro<br \/>\nFinnsjubb 0.50 euro<br \/>\nLamm 0,50 euro<\/p>\n<p>V\u00e4nligen notera att lagringsavgifter f\u00f6r lammskinn b\u00f6rjar debiteras 90 dagar efter P\/D.<\/p>\n<p>Avgifter f\u00f6r skinn som finns kvar i lager fr\u00e5n tidigare s\u00e4songer kommer att debiteras enligt den ursprungliga avgiften som angavs n\u00e4r lagringen p\u00e5b\u00f6rjades.<\/p>\n<p>&nbsp;<\/p>\n<h2>Complete Terms and Conditions<\/h2>\n<p><strong>Conditions of Sale \u2013 click\u00a0<\/strong><strong><a href=\"https:\/\/www.sagafurs.com\/wp-content\/uploads\/2024\/12\/Saga-Furs_Conditions-of-Sale-10.12.2024.pdf\">here<\/a><\/strong><strong>\u00a0for pdf file<br \/>\nConditions of Sale Online auctions &#8211; click <a href=\"https:\/\/www.sagafurs.com\/wp-content\/uploads\/2024\/12\/Saga-Furs_Conditions-of-Sale-10.12.2024_online-auction.pdf\">here<\/a> for pdf file<\/strong><\/p>\n<\/div>\n<\/div>\n<p>&nbsp;<\/p>\n<p>&nbsp;<\/p>\n<p>&nbsp;<\/p>\n<p>&nbsp;<\/p>\n<p>&nbsp;<\/p>\n<p>&nbsp;<\/p>\n<p>&nbsp;<\/p>\n<p>&nbsp;<\/p>\n<p>&nbsp;<\/p>\n<p>&nbsp;<\/p>\n<p>&nbsp;<\/p>\n<p>&nbsp;<\/p>\n<p>&nbsp;<\/p>\n<p>&nbsp;<\/p>\n<p>&nbsp;<\/p>\n<p>&nbsp;<\/p>\n<p>&nbsp;<\/p>\n<p>&nbsp;<\/p>\n<p>&nbsp;<\/p>\n<p>&nbsp;<\/p>\n<p>&nbsp;<\/p>\n<p>&nbsp;<\/p>\n<p>&nbsp;<\/p>\n<p>&nbsp;<\/p>\n<p>&nbsp;<\/p>\n<p>&nbsp;<\/p>\n<p>&nbsp;<\/p>\n<p>&nbsp;<\/p>\n<p>&nbsp;<\/p>\n<p>&nbsp;<\/p>\n<p>&nbsp;<\/p>\n<p>&nbsp;<\/p>\n","protected":false},"excerpt":{"rendered":"<p>Saga Furs s\u00e4ljer skinn till registrerade kunder, vars auktionsrepresentanter har ett k\u00f6parnummer som registrerats hos Saga Furs. Hur registrerar jag mig som kund? Registreringen sker genom att l\u00e4mna kunduppgifter om dig sj\u00e4lv och ditt f\u00f6retag till oss samt genom att betala en deposition som t\u00e4cker minst 35 procent av v\u00e4rdet p\u00e5 planerade k\u00f6p. Kunder med<a class=\"excerpt-read-more\" href=\"https:\/\/www.sagafurs.com\/sv\/auktioner\/anvisningar-for-auktionskopare\/\" title=\"L\u00e4sAnvisningar f\u00f6r auktionsk\u00f6pare\">\u2026 L\u00e4s mera &raquo;<\/a><\/p>\n","protected":false},"author":29,"featured_media":2536,"parent":2532,"menu_order":0,"comment_status":"closed","ping_status":"closed","template":"templates\/content-page-template.php","meta":{"_acf_changed":false,"footnotes":""},"class_list":["post-2535","page","type-page","status-publish","has-post-thumbnail","hentry"],"acf":[],"yoast_head":"<!-- This site is optimized with the Yoast SEO plugin v27.5 - https:\/\/yoast.com\/product\/yoast-seo-wordpress\/ -->\n<title>Anvisningar f\u00f6r auktionsk\u00f6pare - Sagafurs<\/title>\n<meta name=\"robots\" content=\"index, follow, max-snippet:-1, max-image-preview:large, max-video-preview:-1\" \/>\n<link rel=\"canonical\" href=\"https:\/\/www.sagafurs.com\/sv\/auktioner\/anvisningar-for-auktionskopare\/\" \/>\n<meta property=\"og:locale\" content=\"sv_SE\" \/>\n<meta property=\"og:type\" content=\"article\" \/>\n<meta property=\"og:title\" content=\"Anvisningar f\u00f6r auktionsk\u00f6pare - Sagafurs\" \/>\n<meta property=\"og:description\" content=\"Saga Furs s\u00e4ljer skinn till registrerade kunder, vars auktionsrepresentanter har ett k\u00f6parnummer som registrerats hos Saga Furs. Hur registrerar jag mig som kund? Registreringen sker genom att l\u00e4mna kunduppgifter om dig sj\u00e4lv och ditt f\u00f6retag till oss samt genom att betala en deposition som t\u00e4cker minst 35 procent av v\u00e4rdet p\u00e5 planerade k\u00f6p. Kunder med\u2026 L\u00e4s mera &raquo;\" \/>\n<meta property=\"og:url\" content=\"https:\/\/www.sagafurs.com\/sv\/auktioner\/anvisningar-for-auktionskopare\/\" \/>\n<meta property=\"og:site_name\" content=\"Sagafurs\" \/>\n<meta property=\"article:modified_time\" content=\"2024-12-19T09:33:30+00:00\" \/>\n<meta name=\"twitter:card\" content=\"summary_large_image\" \/>\n<meta name=\"twitter:label1\" content=\"Ber\u00e4knad l\u00e4stid\" \/>\n\t<meta name=\"twitter:data1\" content=\"2 minuter\" \/>\n<script type=\"application\/ld+json\" class=\"yoast-schema-graph\">{\"@context\":\"https:\\\/\\\/schema.org\",\"@graph\":[{\"@type\":\"WebPage\",\"@id\":\"https:\\\/\\\/www.sagafurs.com\\\/sv\\\/auktioner\\\/anvisningar-for-auktionskopare\\\/\",\"url\":\"https:\\\/\\\/www.sagafurs.com\\\/sv\\\/auktioner\\\/anvisningar-for-auktionskopare\\\/\",\"name\":\"Anvisningar f\u00f6r auktionsk\u00f6pare - Sagafurs\",\"isPartOf\":{\"@id\":\"https:\\\/\\\/www.sagafurs.com\\\/#website\"},\"primaryImageOfPage\":{\"@id\":\"https:\\\/\\\/www.sagafurs.com\\\/sv\\\/auktioner\\\/anvisningar-for-auktionskopare\\\/#primaryimage\"},\"image\":{\"@id\":\"https:\\\/\\\/www.sagafurs.com\\\/sv\\\/auktioner\\\/anvisningar-for-auktionskopare\\\/#primaryimage\"},\"thumbnailUrl\":\"\",\"datePublished\":\"2016-05-31T12:22:23+00:00\",\"dateModified\":\"2024-12-19T09:33:30+00:00\",\"breadcrumb\":{\"@id\":\"https:\\\/\\\/www.sagafurs.com\\\/sv\\\/auktioner\\\/anvisningar-for-auktionskopare\\\/#breadcrumb\"},\"inLanguage\":\"sv-SE\",\"potentialAction\":[{\"@type\":\"ReadAction\",\"target\":[\"https:\\\/\\\/www.sagafurs.com\\\/sv\\\/auktioner\\\/anvisningar-for-auktionskopare\\\/\"]}]},{\"@type\":\"ImageObject\",\"inLanguage\":\"sv-SE\",\"@id\":\"https:\\\/\\\/www.sagafurs.com\\\/sv\\\/auktioner\\\/anvisningar-for-auktionskopare\\\/#primaryimage\",\"url\":\"\",\"contentUrl\":\"\"},{\"@type\":\"BreadcrumbList\",\"@id\":\"https:\\\/\\\/www.sagafurs.com\\\/sv\\\/auktioner\\\/anvisningar-for-auktionskopare\\\/#breadcrumb\",\"itemListElement\":[{\"@type\":\"ListItem\",\"position\":1,\"name\":\"Home\",\"item\":\"https:\\\/\\\/www.sagafurs.com\\\/sv\\\/\"},{\"@type\":\"ListItem\",\"position\":2,\"name\":\"Auktioner\",\"item\":\"https:\\\/\\\/www.sagafurs.com\\\/sv\\\/auktioner\\\/\"},{\"@type\":\"ListItem\",\"position\":3,\"name\":\"Anvisningar f\u00f6r auktionsk\u00f6pare\"}]},{\"@type\":\"WebSite\",\"@id\":\"https:\\\/\\\/www.sagafurs.com\\\/#website\",\"url\":\"https:\\\/\\\/www.sagafurs.com\\\/\",\"name\":\"Sagafurs\",\"description\":\"Sagafurs\",\"potentialAction\":[{\"@type\":\"SearchAction\",\"target\":{\"@type\":\"EntryPoint\",\"urlTemplate\":\"https:\\\/\\\/www.sagafurs.com\\\/?s={search_term_string}\"},\"query-input\":{\"@type\":\"PropertyValueSpecification\",\"valueRequired\":true,\"valueName\":\"search_term_string\"}}],\"inLanguage\":\"sv-SE\"}]}<\/script>\n<!-- \/ Yoast SEO plugin. -->","yoast_head_json":{"title":"Anvisningar f\u00f6r auktionsk\u00f6pare - Sagafurs","robots":{"index":"index","follow":"follow","max-snippet":"max-snippet:-1","max-image-preview":"max-image-preview:large","max-video-preview":"max-video-preview:-1"},"canonical":"https:\/\/www.sagafurs.com\/sv\/auktioner\/anvisningar-for-auktionskopare\/","og_locale":"sv_SE","og_type":"article","og_title":"Anvisningar f\u00f6r auktionsk\u00f6pare - Sagafurs","og_description":"Saga Furs s\u00e4ljer skinn till registrerade kunder, vars auktionsrepresentanter har ett k\u00f6parnummer som registrerats hos Saga Furs. Hur registrerar jag mig som kund? Registreringen sker genom att l\u00e4mna kunduppgifter om dig sj\u00e4lv och ditt f\u00f6retag till oss samt genom att betala en deposition som t\u00e4cker minst 35 procent av v\u00e4rdet p\u00e5 planerade k\u00f6p. Kunder med\u2026 L\u00e4s mera &raquo;","og_url":"https:\/\/www.sagafurs.com\/sv\/auktioner\/anvisningar-for-auktionskopare\/","og_site_name":"Sagafurs","article_modified_time":"2024-12-19T09:33:30+00:00","twitter_card":"summary_large_image","twitter_misc":{"Ber\u00e4knad l\u00e4stid":"2 minuter"},"schema":{"@context":"https:\/\/schema.org","@graph":[{"@type":"WebPage","@id":"https:\/\/www.sagafurs.com\/sv\/auktioner\/anvisningar-for-auktionskopare\/","url":"https:\/\/www.sagafurs.com\/sv\/auktioner\/anvisningar-for-auktionskopare\/","name":"Anvisningar f\u00f6r auktionsk\u00f6pare - Sagafurs","isPartOf":{"@id":"https:\/\/www.sagafurs.com\/#website"},"primaryImageOfPage":{"@id":"https:\/\/www.sagafurs.com\/sv\/auktioner\/anvisningar-for-auktionskopare\/#primaryimage"},"image":{"@id":"https:\/\/www.sagafurs.com\/sv\/auktioner\/anvisningar-for-auktionskopare\/#primaryimage"},"thumbnailUrl":"","datePublished":"2016-05-31T12:22:23+00:00","dateModified":"2024-12-19T09:33:30+00:00","breadcrumb":{"@id":"https:\/\/www.sagafurs.com\/sv\/auktioner\/anvisningar-for-auktionskopare\/#breadcrumb"},"inLanguage":"sv-SE","potentialAction":[{"@type":"ReadAction","target":["https:\/\/www.sagafurs.com\/sv\/auktioner\/anvisningar-for-auktionskopare\/"]}]},{"@type":"ImageObject","inLanguage":"sv-SE","@id":"https:\/\/www.sagafurs.com\/sv\/auktioner\/anvisningar-for-auktionskopare\/#primaryimage","url":"","contentUrl":""},{"@type":"BreadcrumbList","@id":"https:\/\/www.sagafurs.com\/sv\/auktioner\/anvisningar-for-auktionskopare\/#breadcrumb","itemListElement":[{"@type":"ListItem","position":1,"name":"Home","item":"https:\/\/www.sagafurs.com\/sv\/"},{"@type":"ListItem","position":2,"name":"Auktioner","item":"https:\/\/www.sagafurs.com\/sv\/auktioner\/"},{"@type":"ListItem","position":3,"name":"Anvisningar f\u00f6r auktionsk\u00f6pare"}]},{"@type":"WebSite","@id":"https:\/\/www.sagafurs.com\/#website","url":"https:\/\/www.sagafurs.com\/","name":"Sagafurs","description":"Sagafurs","potentialAction":[{"@type":"SearchAction","target":{"@type":"EntryPoint","urlTemplate":"https:\/\/www.sagafurs.com\/?s={search_term_string}"},"query-input":{"@type":"PropertyValueSpecification","valueRequired":true,"valueName":"search_term_string"}}],"inLanguage":"sv-SE"}]}},"_links":{"self":[{"href":"https:\/\/www.sagafurs.com\/sv\/wp-json\/wp\/v2\/pages\/2535","targetHints":{"allow":["GET"]}}],"collection":[{"href":"https:\/\/www.sagafurs.com\/sv\/wp-json\/wp\/v2\/pages"}],"about":[{"href":"https:\/\/www.sagafurs.com\/sv\/wp-json\/wp\/v2\/types\/page"}],"author":[{"embeddable":true,"href":"https:\/\/www.sagafurs.com\/sv\/wp-json\/wp\/v2\/users\/29"}],"replies":[{"embeddable":true,"href":"https:\/\/www.sagafurs.com\/sv\/wp-json\/wp\/v2\/comments?post=2535"}],"version-history":[{"count":0,"href":"https:\/\/www.sagafurs.com\/sv\/wp-json\/wp\/v2\/pages\/2535\/revisions"}],"up":[{"embeddable":true,"href":"https:\/\/www.sagafurs.com\/sv\/wp-json\/wp\/v2\/pages\/2532"}],"wp:featuredmedia":[{"embeddable":true,"href":"https:\/\/www.sagafurs.com\/sv\/wp-json\/"}],"wp:attachment":[{"href":"https:\/\/www.sagafurs.com\/sv\/wp-json\/wp\/v2\/media?parent=2535"}],"curies":[{"name":"wp","href":"https:\/\/api.w.org\/{rel}","templated":true}]}}