{"id":2545,"date":"2016-05-31T12:23:57","date_gmt":"2016-05-31T12:23:57","guid":{"rendered":"https:\/\/www.sagafurs.com\/sv\/auction\/private-treaty\/"},"modified":"2022-07-01T12:58:03","modified_gmt":"2022-07-01T09:58:03","slug":"private-treaty","status":"publish","type":"page","link":"https:\/\/www.sagafurs.com\/sv\/auktioner\/private-treaty\/","title":{"rendered":"Private treaty"},"content":{"rendered":"<p>Den st\u00f6rsta delen av skinnen s\u00e4ljs p\u00e5 Saga Furs auktioner, men vissa skinn s\u00e4ljs direkt till kunder ocks\u00e5 mellan auktioner.<\/p>\n<p>Denna tj\u00e4nst \u00e4r endast tillg\u00e4nglig f\u00f6r kunder som registrerat sig hos Saga Furs.<\/p>\n<p>Kontakta v\u00e5r f\u00f6rs\u00e4ljningsavdelning f\u00f6r k\u00f6parrangemang och till\u00e4ggsinformation: <a href=\"mailto:axel.volinsky@sagafurs.com\">axel.volinsky@sagafurs.com<\/a><\/p>\n<p>&nbsp;<\/p>\n","protected":false},"excerpt":{"rendered":"<p>Den st\u00f6rsta delen av skinnen s\u00e4ljs p\u00e5 Saga Furs auktioner, men vissa skinn s\u00e4ljs direkt till kunder ocks\u00e5 mellan auktioner. Denna tj\u00e4nst \u00e4r endast tillg\u00e4nglig f\u00f6r kunder som registrerat sig hos Saga Furs. Kontakta v\u00e5r f\u00f6rs\u00e4ljningsavdelning f\u00f6r k\u00f6parrangemang och till\u00e4ggsinformation: axel.volinsky@sagafurs.com &nbsp;<\/p>\n","protected":false},"author":29,"featured_media":2546,"parent":2532,"menu_order":0,"comment_status":"closed","ping_status":"closed","template":"templates\/content-page-template.php","meta":{"_acf_changed":false,"footnotes":""},"class_list":["post-2545","page","type-page","status-publish","has-post-thumbnail","hentry"],"acf":[],"yoast_head":"<!-- This site is optimized with the Yoast SEO plugin v27.3 - https:\/\/yoast.com\/product\/yoast-seo-wordpress\/ -->\n<title>Private treaty - Sagafurs<\/title>\n<meta name=\"robots\" content=\"index, follow, max-snippet:-1, max-image-preview:large, max-video-preview:-1\" \/>\n<link rel=\"canonical\" href=\"https:\/\/www.sagafurs.com\/sv\/auktioner\/private-treaty\/\" \/>\n<meta property=\"og:locale\" content=\"sv_SE\" \/>\n<meta property=\"og:type\" content=\"article\" \/>\n<meta property=\"og:title\" content=\"Private treaty - Sagafurs\" \/>\n<meta property=\"og:description\" content=\"Den st\u00f6rsta delen av skinnen s\u00e4ljs p\u00e5 Saga Furs auktioner, men vissa skinn s\u00e4ljs direkt till kunder ocks\u00e5 mellan auktioner. Denna tj\u00e4nst \u00e4r endast tillg\u00e4nglig f\u00f6r kunder som registrerat sig hos Saga Furs. Kontakta v\u00e5r f\u00f6rs\u00e4ljningsavdelning f\u00f6r k\u00f6parrangemang och till\u00e4ggsinformation: axel.volinsky@sagafurs.com &nbsp;\" \/>\n<meta property=\"og:url\" content=\"https:\/\/www.sagafurs.com\/sv\/auktioner\/private-treaty\/\" \/>\n<meta property=\"og:site_name\" content=\"Sagafurs\" \/>\n<meta property=\"article:modified_time\" content=\"2022-07-01T09:58:03+00:00\" \/>\n<meta property=\"og:image\" content=\"http:\/\/www.sagafurs.com\/wp-content\/uploads\/2016\/05\/IMG_2576-600x450.jpg\" \/>\n\t<meta property=\"og:image:width\" content=\"600\" \/>\n\t<meta property=\"og:image:height\" content=\"450\" \/>\n\t<meta property=\"og:image:type\" content=\"image\/jpeg\" \/>\n<meta name=\"twitter:card\" content=\"summary_large_image\" \/>\n<script type=\"application\/ld+json\" class=\"yoast-schema-graph\">{\"@context\":\"https:\\\/\\\/schema.org\",\"@graph\":[{\"@type\":\"WebPage\",\"@id\":\"https:\\\/\\\/www.sagafurs.com\\\/sv\\\/auktioner\\\/private-treaty\\\/\",\"url\":\"https:\\\/\\\/www.sagafurs.com\\\/sv\\\/auktioner\\\/private-treaty\\\/\",\"name\":\"Private treaty - Sagafurs\",\"isPartOf\":{\"@id\":\"https:\\\/\\\/www.sagafurs.com\\\/#website\"},\"primaryImageOfPage\":{\"@id\":\"https:\\\/\\\/www.sagafurs.com\\\/sv\\\/auktioner\\\/private-treaty\\\/#primaryimage\"},\"image\":{\"@id\":\"https:\\\/\\\/www.sagafurs.com\\\/sv\\\/auktioner\\\/private-treaty\\\/#primaryimage\"},\"thumbnailUrl\":\"https:\\\/\\\/www.sagafurs.com\\\/wp-content\\\/uploads\\\/2016\\\/05\\\/IMG_2576.jpg\",\"datePublished\":\"2016-05-31T12:23:57+00:00\",\"dateModified\":\"2022-07-01T09:58:03+00:00\",\"breadcrumb\":{\"@id\":\"https:\\\/\\\/www.sagafurs.com\\\/sv\\\/auktioner\\\/private-treaty\\\/#breadcrumb\"},\"inLanguage\":\"sv-SE\",\"potentialAction\":[{\"@type\":\"ReadAction\",\"target\":[\"https:\\\/\\\/www.sagafurs.com\\\/sv\\\/auktioner\\\/private-treaty\\\/\"]}]},{\"@type\":\"ImageObject\",\"inLanguage\":\"sv-SE\",\"@id\":\"https:\\\/\\\/www.sagafurs.com\\\/sv\\\/auktioner\\\/private-treaty\\\/#primaryimage\",\"url\":\"https:\\\/\\\/www.sagafurs.com\\\/wp-content\\\/uploads\\\/2016\\\/05\\\/IMG_2576.jpg\",\"contentUrl\":\"https:\\\/\\\/www.sagafurs.com\\\/wp-content\\\/uploads\\\/2016\\\/05\\\/IMG_2576.jpg\",\"width\":2592,\"height\":1944},{\"@type\":\"BreadcrumbList\",\"@id\":\"https:\\\/\\\/www.sagafurs.com\\\/sv\\\/auktioner\\\/private-treaty\\\/#breadcrumb\",\"itemListElement\":[{\"@type\":\"ListItem\",\"position\":1,\"name\":\"Home\",\"item\":\"https:\\\/\\\/www.sagafurs.com\\\/sv\\\/\"},{\"@type\":\"ListItem\",\"position\":2,\"name\":\"Auktioner\",\"item\":\"https:\\\/\\\/www.sagafurs.com\\\/sv\\\/auktioner\\\/\"},{\"@type\":\"ListItem\",\"position\":3,\"name\":\"Private treaty\"}]},{\"@type\":\"WebSite\",\"@id\":\"https:\\\/\\\/www.sagafurs.com\\\/#website\",\"url\":\"https:\\\/\\\/www.sagafurs.com\\\/\",\"name\":\"Sagafurs\",\"description\":\"Sagafurs\",\"potentialAction\":[{\"@type\":\"SearchAction\",\"target\":{\"@type\":\"EntryPoint\",\"urlTemplate\":\"https:\\\/\\\/www.sagafurs.com\\\/?s={search_term_string}\"},\"query-input\":{\"@type\":\"PropertyValueSpecification\",\"valueRequired\":true,\"valueName\":\"search_term_string\"}}],\"inLanguage\":\"sv-SE\"}]}<\/script>\n<!-- \/ Yoast SEO plugin. -->","yoast_head_json":{"title":"Private treaty - Sagafurs","robots":{"index":"index","follow":"follow","max-snippet":"max-snippet:-1","max-image-preview":"max-image-preview:large","max-video-preview":"max-video-preview:-1"},"canonical":"https:\/\/www.sagafurs.com\/sv\/auktioner\/private-treaty\/","og_locale":"sv_SE","og_type":"article","og_title":"Private treaty - Sagafurs","og_description":"Den st\u00f6rsta delen av skinnen s\u00e4ljs p\u00e5 Saga Furs auktioner, men vissa skinn s\u00e4ljs direkt till kunder ocks\u00e5 mellan auktioner. Denna tj\u00e4nst \u00e4r endast tillg\u00e4nglig f\u00f6r kunder som registrerat sig hos Saga Furs. Kontakta v\u00e5r f\u00f6rs\u00e4ljningsavdelning f\u00f6r k\u00f6parrangemang och till\u00e4ggsinformation: axel.volinsky@sagafurs.com &nbsp;","og_url":"https:\/\/www.sagafurs.com\/sv\/auktioner\/private-treaty\/","og_site_name":"Sagafurs","article_modified_time":"2022-07-01T09:58:03+00:00","og_image":[{"width":600,"height":450,"url":"http:\/\/www.sagafurs.com\/wp-content\/uploads\/2016\/05\/IMG_2576-600x450.jpg","type":"image\/jpeg"}],"twitter_card":"summary_large_image","schema":{"@context":"https:\/\/schema.org","@graph":[{"@type":"WebPage","@id":"https:\/\/www.sagafurs.com\/sv\/auktioner\/private-treaty\/","url":"https:\/\/www.sagafurs.com\/sv\/auktioner\/private-treaty\/","name":"Private treaty - Sagafurs","isPartOf":{"@id":"https:\/\/www.sagafurs.com\/#website"},"primaryImageOfPage":{"@id":"https:\/\/www.sagafurs.com\/sv\/auktioner\/private-treaty\/#primaryimage"},"image":{"@id":"https:\/\/www.sagafurs.com\/sv\/auktioner\/private-treaty\/#primaryimage"},"thumbnailUrl":"https:\/\/www.sagafurs.com\/wp-content\/uploads\/2016\/05\/IMG_2576.jpg","datePublished":"2016-05-31T12:23:57+00:00","dateModified":"2022-07-01T09:58:03+00:00","breadcrumb":{"@id":"https:\/\/www.sagafurs.com\/sv\/auktioner\/private-treaty\/#breadcrumb"},"inLanguage":"sv-SE","potentialAction":[{"@type":"ReadAction","target":["https:\/\/www.sagafurs.com\/sv\/auktioner\/private-treaty\/"]}]},{"@type":"ImageObject","inLanguage":"sv-SE","@id":"https:\/\/www.sagafurs.com\/sv\/auktioner\/private-treaty\/#primaryimage","url":"https:\/\/www.sagafurs.com\/wp-content\/uploads\/2016\/05\/IMG_2576.jpg","contentUrl":"https:\/\/www.sagafurs.com\/wp-content\/uploads\/2016\/05\/IMG_2576.jpg","width":2592,"height":1944},{"@type":"BreadcrumbList","@id":"https:\/\/www.sagafurs.com\/sv\/auktioner\/private-treaty\/#breadcrumb","itemListElement":[{"@type":"ListItem","position":1,"name":"Home","item":"https:\/\/www.sagafurs.com\/sv\/"},{"@type":"ListItem","position":2,"name":"Auktioner","item":"https:\/\/www.sagafurs.com\/sv\/auktioner\/"},{"@type":"ListItem","position":3,"name":"Private treaty"}]},{"@type":"WebSite","@id":"https:\/\/www.sagafurs.com\/#website","url":"https:\/\/www.sagafurs.com\/","name":"Sagafurs","description":"Sagafurs","potentialAction":[{"@type":"SearchAction","target":{"@type":"EntryPoint","urlTemplate":"https:\/\/www.sagafurs.com\/?s={search_term_string}"},"query-input":{"@type":"PropertyValueSpecification","valueRequired":true,"valueName":"search_term_string"}}],"inLanguage":"sv-SE"}]}},"_links":{"self":[{"href":"https:\/\/www.sagafurs.com\/sv\/wp-json\/wp\/v2\/pages\/2545","targetHints":{"allow":["GET"]}}],"collection":[{"href":"https:\/\/www.sagafurs.com\/sv\/wp-json\/wp\/v2\/pages"}],"about":[{"href":"https:\/\/www.sagafurs.com\/sv\/wp-json\/wp\/v2\/types\/page"}],"author":[{"embeddable":true,"href":"https:\/\/www.sagafurs.com\/sv\/wp-json\/wp\/v2\/users\/29"}],"replies":[{"embeddable":true,"href":"https:\/\/www.sagafurs.com\/sv\/wp-json\/wp\/v2\/comments?post=2545"}],"version-history":[{"count":0,"href":"https:\/\/www.sagafurs.com\/sv\/wp-json\/wp\/v2\/pages\/2545\/revisions"}],"up":[{"embeddable":true,"href":"https:\/\/www.sagafurs.com\/sv\/wp-json\/wp\/v2\/pages\/2532"}],"wp:featuredmedia":[{"embeddable":true,"href":"https:\/\/www.sagafurs.com\/sv\/wp-json\/wp\/v2\/media\/2546"}],"wp:attachment":[{"href":"https:\/\/www.sagafurs.com\/sv\/wp-json\/wp\/v2\/media?parent=2545"}],"curies":[{"name":"wp","href":"https:\/\/api.w.org\/{rel}","templated":true}]}}