{"id":2617,"date":"2016-05-25T05:53:59","date_gmt":"2016-05-25T05:53:59","guid":{"rendered":"https:\/\/www.sagafurs.com\/sv\/corporate\/investors\/stock-exchange-releases\/"},"modified":"2022-11-25T11:43:03","modified_gmt":"2022-11-25T09:43:03","slug":"stock-exchange-releases","status":"publish","type":"page","link":"https:\/\/www.sagafurs.com\/sv\/bolaget\/investerare\/stock-exchange-releases\/","title":{"rendered":"B\u00f6rsmeddelanden"},"content":{"rendered":"        <form action=\"\" method=\"get\" class=\"cision-feed-filters\">\n            <input type=\"hidden\" name=\"pageIndex\">\n            <div>\n                <div class=\"medium-6\">\n                    <label for=\"sagafurs-releases-filter-by-year\">\n                        \u00c5r                    <\/label>\n                    <select id=\"sagafurs-releases-filter-by-year\" name=\"releaseYear\">\n                                                        <option value=\"\" selected>\n                                    V\u00e4lj \u00e5r                                <\/option>\n                                                            <option value=\"2026\">\n                                    2026                                <\/option>\n                                                            <option value=\"2025\">\n                                    2025                                <\/option>\n                                                            <option value=\"2024\">\n                                    2024                                <\/option>\n                                                            <option value=\"2023\">\n                                    2023                                <\/option>\n                                                            <option value=\"2022\">\n                                    2022                                <\/option>\n                                                            <option value=\"2021\">\n                                    2021                                <\/option>\n                                                            <option value=\"2020\">\n                                    2020                                <\/option>\n                                                            <option value=\"2019\">\n                                    2019                                <\/option>\n                                                            <option value=\"2018\">\n                                    2018                                <\/option>\n                                                            <option value=\"2017\">\n                                    2017                                <\/option>\n                                                            <option value=\"2016\">\n                                    2016                                <\/option>\n                                                            <option value=\"2015\">\n                                    2015                                <\/option>\n                                                            <option value=\"2014\">\n                                    2014                                <\/option>\n                                                            <option value=\"2013\">\n                                    2013                                <\/option>\n                                                            <option value=\"2012\">\n                                    2012                                <\/option>\n                                                            <option value=\"2011\">\n                                    2011                                <\/option>\n                                                            <option value=\"2010\">\n                                    2010                                <\/option>\n                                                            <option value=\"2009\">\n                                    2009                                <\/option>\n                                                            <option value=\"2008\">\n                                    2008                                <\/option>\n                                                            <option value=\"2007\">\n                                    2007                                <\/option>\n                                                                        <\/select>\n\n                <\/div>\n                <div class=\"medium-6\">\n                    <label for=\"sagafurs-releases-filter-by-information-type\">\n                        Informationstyp                    <\/label>\n                    <select id=\"sagafurs-releases-filter-by-information-type\" name=\"informationType\">\n                                                        <option value=\"\" selected>\n                                    V\u00e4lj informationstyp                                <\/option>\n                                                            <option value=\"KMK\">\n                                    Bokslutskommunik\u00e9                                <\/option>\n                                                            <option value=\"RDV\">\n                                    \u00c5rsredovisning                                <\/option>\n                                                            <option value=\"PRM\">\n                                    B\u00f6rsmeddelanden och pressmeddelanden                                <\/option>\n                                                            <option value=\"RPT\">\n                                    Kvartalsrapport                                <\/option>\n                                                            <option value=\"INB\">\n                                    Inbjudan                                <\/option>\n                                                            <option value=\"NBR\">\n                                    Nyhetsbrev                                <\/option>\n                                                                        <\/select>\n                <\/div>\n            <\/div>\n            <div>\n                <button type=\"submit\" class=\"button\">S\u00f6k<\/button>\n            <\/div>\n        <\/form>\n        <div class=\"cision-feed\">\n                            <div>\n                                                                    <article id=\"release-5352142\">\n                            <div>\n                                <p>\n                                    <strong>28.4.2026<\/strong> -\n                                    <a href=\"https:\/\/www.sagafurs.com\/sv\/bolaget\/investerare\/stock-exchange-releases\/borsmeddelande\/?encryptedId=8C0C739C5E1F9E24\">\n                                        Saga Furs Oyj:s ordinarie bolagsst\u00e4mmas beslut                                    <\/a>\n                                <\/p>\n                            <\/div>\n                        <\/article>\n                                                                    <article id=\"release-5337240\">\n                            <div>\n                                <p>\n                                    <strong>2.4.2026<\/strong> -\n                                    <a href=\"https:\/\/www.sagafurs.com\/sv\/bolaget\/investerare\/stock-exchange-releases\/borsmeddelande\/?encryptedId=C1E8BF7123E3237E\">\n                                        Saga Furs konsoliderar ledningsgruppens sammans\u00e4ttning                                    <\/a>\n                                <\/p>\n                            <\/div>\n                        <\/article>\n                                                                    <article id=\"release-5335883\">\n                            <div>\n                                <p>\n                                    <strong>1.4.2026<\/strong> -\n                                    <a href=\"https:\/\/www.sagafurs.com\/sv\/bolaget\/investerare\/stock-exchange-releases\/borsmeddelande\/?encryptedId=87D7F446B06C32F2\">\n                                        Positiv vinstvarning, insiderbulletin: Saga Furs Oyj:s resultat f\u00f6r r\u00e4kenskapsperioden f\u00f6rv\u00e4ntas bli avsev\u00e4rt b\u00e4ttre j\u00e4mf\u00f6rt med f\u00f6reg\u00e5ende r\u00e4kenskapsperiod                                    <\/a>\n                                <\/p>\n                            <\/div>\n                        <\/article>\n                                                                    <article id=\"release-5335484\">\n                            <div>\n                                <p>\n                                    <strong>31.3.2026<\/strong> -\n                                    <a href=\"https:\/\/www.sagafurs.com\/sv\/bolaget\/investerare\/stock-exchange-releases\/borsmeddelande\/?encryptedId=66F7725BAA34FEC8\">\n                                        Insiderbulletin: Saga Furs \u2013 v\u00e4rdet p\u00e5 auktionens f\u00f6rmedlingsf\u00f6rs\u00e4ljning mer \u00e4n f\u00f6rdubblades                                    <\/a>\n                                <\/p>\n                            <\/div>\n                        <\/article>\n                                                                    <article id=\"release-5334382\">\n                            <div>\n                                <p>\n                                    <strong>30.3.2026<\/strong> -\n                                    <a href=\"https:\/\/www.sagafurs.com\/sv\/bolaget\/investerare\/stock-exchange-releases\/borsmeddelande\/?encryptedId=BB42496FA063FD6E\">\n                                        Insiderbulletin: Saga Furs minkauktion \u2013 alla skinn s\u00e5ldes och priserna n\u00e4stan f\u00f6rdubblades                                    <\/a>\n                                <\/p>\n                            <\/div>\n                        <\/article>\n                                                                    <article id=\"release-5327907\">\n                            <div>\n                                <p>\n                                    <strong>20.3.2026<\/strong> -\n                                    <a href=\"https:\/\/www.sagafurs.com\/sv\/bolaget\/investerare\/stock-exchange-releases\/borsmeddelande\/?encryptedId=C47E9016CA7F1C75\">\n                                        Saga Furs Oyj:s kallelse till bolagsst\u00e4mma                                    <\/a>\n                                <\/p>\n                            <\/div>\n                        <\/article>\n                                                                    <article id=\"release-5306378\">\n                            <div>\n                                <p>\n                                    <strong>16.2.2026<\/strong> -\n                                    <a href=\"https:\/\/www.sagafurs.com\/sv\/bolaget\/investerare\/stock-exchange-releases\/borsmeddelande\/?encryptedId=BA8D375C9C8E6EA9\">\n                                        Saga Furs Oyj:s bokslutsmaterial \u00e4r publicerat                                    <\/a>\n                                <\/p>\n                            <\/div>\n                        <\/article>\n                                                                    <article id=\"release-5293987\">\n                            <div>\n                                <p>\n                                    <strong>27.1.2026<\/strong> -\n                                    <a href=\"https:\/\/www.sagafurs.com\/sv\/bolaget\/investerare\/stock-exchange-releases\/borsmeddelande\/?encryptedId=46732BD990A4A1D3\">\n                                        Saga Furs Oyj BOKSLUTSKOMMUNIK\u00c9 1.11.2024\u201331.10.2025                                    <\/a>\n                                <\/p>\n                            <\/div>\n                        <\/article>\n                                                                    <article id=\"release-5286174\">\n                            <div>\n                                <p>\n                                    <strong>14.1.2026<\/strong> -\n                                    <a href=\"https:\/\/www.sagafurs.com\/sv\/bolaget\/investerare\/stock-exchange-releases\/borsmeddelande\/?encryptedId=AB1DD82682C55BB0\">\n                                        Insiderinformation: Saga Furs oms\u00e4ttning st\u00f6rre \u00e4n ber\u00e4knat                                    <\/a>\n                                <\/p>\n                            <\/div>\n                        <\/article>\n                                                                    <article id=\"release-5241983\">\n                            <div>\n                                <p>\n                                    <strong>28.10.2025<\/strong> -\n                                    <a href=\"https:\/\/www.sagafurs.com\/sv\/bolaget\/investerare\/stock-exchange-releases\/borsmeddelande\/?encryptedId=C190F87828A5F0E1\">\n                                        Saga Furs Oyj finansiell rapportering                                    <\/a>\n                                <\/p>\n                            <\/div>\n                        <\/article>\n                                    <\/div>\n            \n        <\/div>\n        <div class=\"cision-feed-pagination\">\n\n            <span aria-current=\"page\" class=\"page-numbers current\">1<\/span>\n<a class=\"page-numbers\" href=\"https:\/\/www.sagafurs.com\/sv\/wp-json\/wp\/v2\/pages\/2617\/?pageIndex=2\">2<\/a>\n<a class=\"page-numbers\" href=\"https:\/\/www.sagafurs.com\/sv\/wp-json\/wp\/v2\/pages\/2617\/?pageIndex=3\">3<\/a>\n<span class=\"page-numbers dots\">&hellip;<\/span>\n<a class=\"page-numbers\" href=\"https:\/\/www.sagafurs.com\/sv\/wp-json\/wp\/v2\/pages\/2617\/?pageIndex=39\">39<\/a>\n<a class=\"next page-numbers\" href=\"https:\/\/www.sagafurs.com\/sv\/wp-json\/wp\/v2\/pages\/2617\/?pageIndex=2\">N\u00e4sta \u2192<\/a>        <\/div>\n    \n<p>&nbsp;<\/p>\n        <div id=\"cision-subscription-form-7984b44b71\" class=\"cision-subscription-form\">\n            <br>\n            <hr>\n            <h2>\n                Best\u00e4ll b\u00f6rsmeddelanden till din e-post            <\/h2>\n            \n                        <form method=\"post\" name=\"PageForm\" id=\"cision-subscription-form-7984b44b71\" action=\"https:\/\/publish.ne.cision.com\/Subscription\/SubscribeWithCaptcha\">\n                <input type=\"hidden\" name=\"subscriptionUniqueIdentifier\" value=\"7984b44b71\">\n                <input type=\"hidden\" name=\"Replylanguage\" value=\"sv\">\n                <input type=\"hidden\" name=\"redirectUrlSubscriptionSuccess\" value=\"https:\/\/www.sagafurs.com\/sv\/bolaget\/investerare\/stock-exchange-releases\/?subscriptionSuccess=1#cision-subscription-form-7984b44b71\" \/>\n                <input type=\"hidden\" name=\"redirectUrlSubscriptionFailed\" value=\"https:\/\/www.sagafurs.com\/sv\/bolaget\/investerare\/stock-exchange-releases\/?subscriptionFailed=1#cision-subscription-form-7984b44b71\" \/>\n\n                                <fieldset>\n                    <legend>Spr\u00e5k<\/legend>\n                                            <input type=\"checkbox\" name=\"Language\" value=\"fi\" id=\"cision-subscription-form-language-fi\"  \/>\n                        <label for=\"cision-subscription-form-language-fi\">Finska<\/label>\n                        <br>\n                                            <input type=\"checkbox\" name=\"Language\" value=\"sv\" id=\"cision-subscription-form-language-sv\" checked=\"checked\" \/>\n                        <label for=\"cision-subscription-form-language-sv\">Svenska<\/label>\n                        <br>\n                                    <\/fieldset>\n\n                                    <input type=\"hidden\" name=\"informationtype\" value=\"PRM\" \/>\n                \n                \n\n                <fieldset>\n                    <legend>Personlig information <\/legend>\n                                        <label for=\"cision-subscription-7984b44b71-email\">E-post                        (obligatorisk)                    <\/label>\n                    <input required type=\"email\" name=\"Email\" placeholder=\"Ditt e-post\" class=\"form-control\" id=\"cision-subscription-7984b44b71-email\">\n                                        <div style=\"display: grid; grid-template-columns: 0.03fr 1.97fr; grid-template-rows: 1fr; grid-column-gap: 0px; grid-row-gap: 0px; grid-template-areas:'. .'; \">\n                        <input type=\"checkbox\" name=\"cision-subscription-marketing-consent\" id=\"cision-subscription-form-marketing-consent\" required style=\"margin:0px\" \/>\n                        <label for=\"cision-subscription-form-marketing-consent\">\n                            F\u00f6r best\u00e4llningen samlar vi och sparar din e-postadress. Genom att best\u00e4lla godk\u00e4nner du att dina uppgifter behandlas i enlighet med Saga Furs <a href=\"https:\/\/sagafursstg1.wpengine.com\/sv\/dataskydd\/\">dataskyddsbeskrivning<\/a>.                        <\/label>\n                    <\/div>\n                <\/fieldset>\n                <br>\n                <div>\n                    <button class=\"btn button btn-outline-dark\" id=\"sendForm\">Best\u00e4ll<\/button>\n                    <div class=\"g-recaptcha\" data-sitekey=\"6Ldhz3UiAAAAAE-zMytM1dmYUWehm_6-ReYHr_8x\" data-size=\"normal\" datatheme=\"light\"><\/div>\n                <\/div>\n                <hr>\n            <\/form>\n        <\/div>\n\n","protected":false},"excerpt":{"rendered":"<p>&nbsp;<\/p>\n","protected":false},"author":29,"featured_media":0,"parent":2577,"menu_order":0,"comment_status":"closed","ping_status":"closed","template":"templates\/content-page-template.php","meta":{"_acf_changed":false,"footnotes":""},"class_list":["post-2617","page","type-page","status-publish","hentry"],"acf":[],"yoast_head":"<!-- This site is optimized with the Yoast SEO plugin v27.5 - https:\/\/yoast.com\/product\/yoast-seo-wordpress\/ -->\n<title>B\u00f6rsmeddelanden - Sagafurs<\/title>\n<meta name=\"robots\" content=\"index, follow, max-snippet:-1, max-image-preview:large, max-video-preview:-1\" \/>\n<link rel=\"canonical\" href=\"https:\/\/www.sagafurs.com\/sv\/bolaget\/investerare\/stock-exchange-releases\/\" \/>\n<meta property=\"og:locale\" content=\"sv_SE\" \/>\n<meta property=\"og:type\" content=\"article\" \/>\n<meta property=\"og:title\" content=\"B\u00f6rsmeddelanden - Sagafurs\" \/>\n<meta property=\"og:description\" content=\"&nbsp;\" \/>\n<meta property=\"og:url\" content=\"https:\/\/www.sagafurs.com\/sv\/bolaget\/investerare\/stock-exchange-releases\/\" \/>\n<meta property=\"og:site_name\" content=\"Sagafurs\" \/>\n<meta property=\"article:modified_time\" content=\"2022-11-25T09:43:03+00:00\" \/>\n<meta name=\"twitter:card\" content=\"summary_large_image\" \/>\n<meta name=\"twitter:label1\" content=\"Ber\u00e4knad l\u00e4stid\" \/>\n\t<meta name=\"twitter:data1\" content=\"1 minut\" \/>\n<script type=\"application\/ld+json\" class=\"yoast-schema-graph\">{\"@context\":\"https:\\\/\\\/schema.org\",\"@graph\":[{\"@type\":\"WebPage\",\"@id\":\"https:\\\/\\\/www.sagafurs.com\\\/sv\\\/bolaget\\\/investerare\\\/stock-exchange-releases\\\/\",\"url\":\"https:\\\/\\\/www.sagafurs.com\\\/sv\\\/bolaget\\\/investerare\\\/stock-exchange-releases\\\/\",\"name\":\"B\u00f6rsmeddelanden - Sagafurs\",\"isPartOf\":{\"@id\":\"https:\\\/\\\/www.sagafurs.com\\\/#website\"},\"datePublished\":\"2016-05-25T05:53:59+00:00\",\"dateModified\":\"2022-11-25T09:43:03+00:00\",\"breadcrumb\":{\"@id\":\"https:\\\/\\\/www.sagafurs.com\\\/sv\\\/bolaget\\\/investerare\\\/stock-exchange-releases\\\/#breadcrumb\"},\"inLanguage\":\"sv-SE\",\"potentialAction\":[{\"@type\":\"ReadAction\",\"target\":[\"https:\\\/\\\/www.sagafurs.com\\\/sv\\\/bolaget\\\/investerare\\\/stock-exchange-releases\\\/\"]}]},{\"@type\":\"BreadcrumbList\",\"@id\":\"https:\\\/\\\/www.sagafurs.com\\\/sv\\\/bolaget\\\/investerare\\\/stock-exchange-releases\\\/#breadcrumb\",\"itemListElement\":[{\"@type\":\"ListItem\",\"position\":1,\"name\":\"Home\",\"item\":\"https:\\\/\\\/www.sagafurs.com\\\/sv\\\/\"},{\"@type\":\"ListItem\",\"position\":2,\"name\":\"Bolaget\",\"item\":\"https:\\\/\\\/www.sagafurs.com\\\/sv\\\/bolaget\\\/\"},{\"@type\":\"ListItem\",\"position\":3,\"name\":\"Investerare\",\"item\":\"https:\\\/\\\/www.sagafurs.com\\\/sv\\\/bolaget\\\/investerare\\\/\"},{\"@type\":\"ListItem\",\"position\":4,\"name\":\"B\u00f6rsmeddelanden\"}]},{\"@type\":\"WebSite\",\"@id\":\"https:\\\/\\\/www.sagafurs.com\\\/#website\",\"url\":\"https:\\\/\\\/www.sagafurs.com\\\/\",\"name\":\"Sagafurs\",\"description\":\"Sagafurs\",\"potentialAction\":[{\"@type\":\"SearchAction\",\"target\":{\"@type\":\"EntryPoint\",\"urlTemplate\":\"https:\\\/\\\/www.sagafurs.com\\\/?s={search_term_string}\"},\"query-input\":{\"@type\":\"PropertyValueSpecification\",\"valueRequired\":true,\"valueName\":\"search_term_string\"}}],\"inLanguage\":\"sv-SE\"}]}<\/script>\n<!-- \/ Yoast SEO plugin. -->","yoast_head_json":{"title":"B\u00f6rsmeddelanden - Sagafurs","robots":{"index":"index","follow":"follow","max-snippet":"max-snippet:-1","max-image-preview":"max-image-preview:large","max-video-preview":"max-video-preview:-1"},"canonical":"https:\/\/www.sagafurs.com\/sv\/bolaget\/investerare\/stock-exchange-releases\/","og_locale":"sv_SE","og_type":"article","og_title":"B\u00f6rsmeddelanden - Sagafurs","og_description":"&nbsp;","og_url":"https:\/\/www.sagafurs.com\/sv\/bolaget\/investerare\/stock-exchange-releases\/","og_site_name":"Sagafurs","article_modified_time":"2022-11-25T09:43:03+00:00","twitter_card":"summary_large_image","twitter_misc":{"Ber\u00e4knad l\u00e4stid":"1 minut"},"schema":{"@context":"https:\/\/schema.org","@graph":[{"@type":"WebPage","@id":"https:\/\/www.sagafurs.com\/sv\/bolaget\/investerare\/stock-exchange-releases\/","url":"https:\/\/www.sagafurs.com\/sv\/bolaget\/investerare\/stock-exchange-releases\/","name":"B\u00f6rsmeddelanden - Sagafurs","isPartOf":{"@id":"https:\/\/www.sagafurs.com\/#website"},"datePublished":"2016-05-25T05:53:59+00:00","dateModified":"2022-11-25T09:43:03+00:00","breadcrumb":{"@id":"https:\/\/www.sagafurs.com\/sv\/bolaget\/investerare\/stock-exchange-releases\/#breadcrumb"},"inLanguage":"sv-SE","potentialAction":[{"@type":"ReadAction","target":["https:\/\/www.sagafurs.com\/sv\/bolaget\/investerare\/stock-exchange-releases\/"]}]},{"@type":"BreadcrumbList","@id":"https:\/\/www.sagafurs.com\/sv\/bolaget\/investerare\/stock-exchange-releases\/#breadcrumb","itemListElement":[{"@type":"ListItem","position":1,"name":"Home","item":"https:\/\/www.sagafurs.com\/sv\/"},{"@type":"ListItem","position":2,"name":"Bolaget","item":"https:\/\/www.sagafurs.com\/sv\/bolaget\/"},{"@type":"ListItem","position":3,"name":"Investerare","item":"https:\/\/www.sagafurs.com\/sv\/bolaget\/investerare\/"},{"@type":"ListItem","position":4,"name":"B\u00f6rsmeddelanden"}]},{"@type":"WebSite","@id":"https:\/\/www.sagafurs.com\/#website","url":"https:\/\/www.sagafurs.com\/","name":"Sagafurs","description":"Sagafurs","potentialAction":[{"@type":"SearchAction","target":{"@type":"EntryPoint","urlTemplate":"https:\/\/www.sagafurs.com\/?s={search_term_string}"},"query-input":{"@type":"PropertyValueSpecification","valueRequired":true,"valueName":"search_term_string"}}],"inLanguage":"sv-SE"}]}},"_links":{"self":[{"href":"https:\/\/www.sagafurs.com\/sv\/wp-json\/wp\/v2\/pages\/2617","targetHints":{"allow":["GET"]}}],"collection":[{"href":"https:\/\/www.sagafurs.com\/sv\/wp-json\/wp\/v2\/pages"}],"about":[{"href":"https:\/\/www.sagafurs.com\/sv\/wp-json\/wp\/v2\/types\/page"}],"author":[{"embeddable":true,"href":"https:\/\/www.sagafurs.com\/sv\/wp-json\/wp\/v2\/users\/29"}],"replies":[{"embeddable":true,"href":"https:\/\/www.sagafurs.com\/sv\/wp-json\/wp\/v2\/comments?post=2617"}],"version-history":[{"count":0,"href":"https:\/\/www.sagafurs.com\/sv\/wp-json\/wp\/v2\/pages\/2617\/revisions"}],"up":[{"embeddable":true,"href":"https:\/\/www.sagafurs.com\/sv\/wp-json\/wp\/v2\/pages\/2577"}],"wp:attachment":[{"href":"https:\/\/www.sagafurs.com\/sv\/wp-json\/wp\/v2\/media?parent=2617"}],"curies":[{"name":"wp","href":"https:\/\/api.w.org\/{rel}","templated":true}]}}