{"id":2618,"date":"2016-05-23T10:54:28","date_gmt":"2016-05-23T10:54:28","guid":{"rendered":"https:\/\/www.sagafurs.com\/sv\/corporate\/corporate-governance\/"},"modified":"2023-02-16T17:30:08","modified_gmt":"2023-02-16T15:30:08","slug":"bolagets-forvaltning","status":"publish","type":"page","link":"https:\/\/www.sagafurs.com\/sv\/bolaget\/bolagets-forvaltning\/","title":{"rendered":"Bolagets f\u00f6rvaltning"},"content":{"rendered":"<p>Fr.o.m. r\u00e4kenskapsperioden som b\u00f6rjar den 1.11.2015 till\u00e4mpar Saga Furs Oyj den f\u00f6rvaltningskod f\u00f6r finska b\u00f6rsbolag som godk\u00e4ndes av V\u00e4rdepappersmarknadsf\u00f6reningen r.f. den 1.10.2015 och som tr\u00e4dde i kraft den 1.1.2016.<\/p>\n<p>I enlighet med stadgandena i Finlands aktiebolagslag och bolagets bolagsordning \u00e4r best\u00e4mmander\u00e4tten i bolaget och dess f\u00f6rvaltning uppdelad mellan de aktie\u00e4gare som \u00e4r representerade vid bolagsst\u00e4mman, styrelsen och verkst\u00e4llande direkt\u00f6ren. Verkst\u00e4llande direkt\u00f6ren bist\u00e5s av direkt\u00f6rer som \u00e4r medlemmar i bolagets ledningsgrupp.<\/p>\n","protected":false},"excerpt":{"rendered":"<p>Fr.o.m. r\u00e4kenskapsperioden som b\u00f6rjar den 1.11.2015 till\u00e4mpar Saga Furs Oyj den f\u00f6rvaltningskod f\u00f6r finska b\u00f6rsbolag som godk\u00e4ndes av V\u00e4rdepappersmarknadsf\u00f6reningen r.f. den 1.10.2015 och som tr\u00e4dde i kraft den 1.1.2016. I enlighet med stadgandena i Finlands aktiebolagslag och bolagets bolagsordning \u00e4r best\u00e4mmander\u00e4tten i bolaget och dess f\u00f6rvaltning uppdelad mellan de aktie\u00e4gare som \u00e4r representerade vid bolagsst\u00e4mman,<a class=\"excerpt-read-more\" href=\"https:\/\/www.sagafurs.com\/sv\/bolaget\/bolagets-forvaltning\/\" title=\"L\u00e4sBolagets f\u00f6rvaltning\">\u2026 L\u00e4s mera &raquo;<\/a><\/p>\n","protected":false},"author":29,"featured_media":2619,"parent":2563,"menu_order":4,"comment_status":"closed","ping_status":"closed","template":"templates\/content-page-template.php","meta":{"_acf_changed":false,"footnotes":""},"class_list":["post-2618","page","type-page","status-publish","has-post-thumbnail","hentry"],"acf":[],"yoast_head":"<!-- This site is optimized with the Yoast SEO plugin v27.3 - https:\/\/yoast.com\/product\/yoast-seo-wordpress\/ -->\n<title>Bolagets f\u00f6rvaltning - Sagafurs<\/title>\n<meta name=\"robots\" content=\"index, follow, max-snippet:-1, max-image-preview:large, max-video-preview:-1\" \/>\n<link rel=\"canonical\" href=\"https:\/\/www.sagafurs.com\/sv\/bolaget\/bolagets-forvaltning\/\" \/>\n<meta property=\"og:locale\" content=\"sv_SE\" \/>\n<meta property=\"og:type\" content=\"article\" \/>\n<meta property=\"og:title\" content=\"Bolagets f\u00f6rvaltning - Sagafurs\" \/>\n<meta property=\"og:description\" content=\"Fr.o.m. r\u00e4kenskapsperioden som b\u00f6rjar den 1.11.2015 till\u00e4mpar Saga Furs Oyj den f\u00f6rvaltningskod f\u00f6r finska b\u00f6rsbolag som godk\u00e4ndes av V\u00e4rdepappersmarknadsf\u00f6reningen r.f. den 1.10.2015 och som tr\u00e4dde i kraft den 1.1.2016. I enlighet med stadgandena i Finlands aktiebolagslag och bolagets bolagsordning \u00e4r best\u00e4mmander\u00e4tten i bolaget och dess f\u00f6rvaltning uppdelad mellan de aktie\u00e4gare som \u00e4r representerade vid bolagsst\u00e4mman,\u2026 L\u00e4s mera &raquo;\" \/>\n<meta property=\"og:url\" content=\"https:\/\/www.sagafurs.com\/sv\/bolaget\/bolagets-forvaltning\/\" \/>\n<meta property=\"og:site_name\" content=\"Sagafurs\" \/>\n<meta property=\"article:modified_time\" content=\"2023-02-16T15:30:08+00:00\" \/>\n<meta property=\"og:image\" content=\"http:\/\/www.sagafurs.com\/wp-content\/uploads\/2016\/07\/VY1W3916-minkki.jpg\" \/>\n\t<meta property=\"og:image:width\" content=\"1000\" \/>\n\t<meta property=\"og:image:height\" content=\"667\" \/>\n\t<meta property=\"og:image:type\" content=\"image\/jpeg\" \/>\n<meta name=\"twitter:card\" content=\"summary_large_image\" \/>\n<meta name=\"twitter:label1\" content=\"Ber\u00e4knad l\u00e4stid\" \/>\n\t<meta name=\"twitter:data1\" content=\"1 minut\" \/>\n<script type=\"application\/ld+json\" class=\"yoast-schema-graph\">{\"@context\":\"https:\\\/\\\/schema.org\",\"@graph\":[{\"@type\":\"WebPage\",\"@id\":\"https:\\\/\\\/www.sagafurs.com\\\/sv\\\/bolaget\\\/bolagets-forvaltning\\\/\",\"url\":\"https:\\\/\\\/www.sagafurs.com\\\/sv\\\/bolaget\\\/bolagets-forvaltning\\\/\",\"name\":\"Bolagets f\u00f6rvaltning - Sagafurs\",\"isPartOf\":{\"@id\":\"https:\\\/\\\/www.sagafurs.com\\\/#website\"},\"primaryImageOfPage\":{\"@id\":\"https:\\\/\\\/www.sagafurs.com\\\/sv\\\/bolaget\\\/bolagets-forvaltning\\\/#primaryimage\"},\"image\":{\"@id\":\"https:\\\/\\\/www.sagafurs.com\\\/sv\\\/bolaget\\\/bolagets-forvaltning\\\/#primaryimage\"},\"thumbnailUrl\":\"https:\\\/\\\/www.sagafurs.com\\\/wp-content\\\/uploads\\\/2016\\\/07\\\/VY1W3916-minkki.jpg\",\"datePublished\":\"2016-05-23T10:54:28+00:00\",\"dateModified\":\"2023-02-16T15:30:08+00:00\",\"breadcrumb\":{\"@id\":\"https:\\\/\\\/www.sagafurs.com\\\/sv\\\/bolaget\\\/bolagets-forvaltning\\\/#breadcrumb\"},\"inLanguage\":\"sv-SE\",\"potentialAction\":[{\"@type\":\"ReadAction\",\"target\":[\"https:\\\/\\\/www.sagafurs.com\\\/sv\\\/bolaget\\\/bolagets-forvaltning\\\/\"]}]},{\"@type\":\"ImageObject\",\"inLanguage\":\"sv-SE\",\"@id\":\"https:\\\/\\\/www.sagafurs.com\\\/sv\\\/bolaget\\\/bolagets-forvaltning\\\/#primaryimage\",\"url\":\"https:\\\/\\\/www.sagafurs.com\\\/wp-content\\\/uploads\\\/2016\\\/07\\\/VY1W3916-minkki.jpg\",\"contentUrl\":\"https:\\\/\\\/www.sagafurs.com\\\/wp-content\\\/uploads\\\/2016\\\/07\\\/VY1W3916-minkki.jpg\",\"width\":1000,\"height\":667},{\"@type\":\"BreadcrumbList\",\"@id\":\"https:\\\/\\\/www.sagafurs.com\\\/sv\\\/bolaget\\\/bolagets-forvaltning\\\/#breadcrumb\",\"itemListElement\":[{\"@type\":\"ListItem\",\"position\":1,\"name\":\"Home\",\"item\":\"https:\\\/\\\/www.sagafurs.com\\\/sv\\\/\"},{\"@type\":\"ListItem\",\"position\":2,\"name\":\"Bolaget\",\"item\":\"https:\\\/\\\/www.sagafurs.com\\\/sv\\\/bolaget\\\/\"},{\"@type\":\"ListItem\",\"position\":3,\"name\":\"Bolagets f\u00f6rvaltning\"}]},{\"@type\":\"WebSite\",\"@id\":\"https:\\\/\\\/www.sagafurs.com\\\/#website\",\"url\":\"https:\\\/\\\/www.sagafurs.com\\\/\",\"name\":\"Sagafurs\",\"description\":\"Sagafurs\",\"potentialAction\":[{\"@type\":\"SearchAction\",\"target\":{\"@type\":\"EntryPoint\",\"urlTemplate\":\"https:\\\/\\\/www.sagafurs.com\\\/?s={search_term_string}\"},\"query-input\":{\"@type\":\"PropertyValueSpecification\",\"valueRequired\":true,\"valueName\":\"search_term_string\"}}],\"inLanguage\":\"sv-SE\"}]}<\/script>\n<!-- \/ Yoast SEO plugin. -->","yoast_head_json":{"title":"Bolagets f\u00f6rvaltning - Sagafurs","robots":{"index":"index","follow":"follow","max-snippet":"max-snippet:-1","max-image-preview":"max-image-preview:large","max-video-preview":"max-video-preview:-1"},"canonical":"https:\/\/www.sagafurs.com\/sv\/bolaget\/bolagets-forvaltning\/","og_locale":"sv_SE","og_type":"article","og_title":"Bolagets f\u00f6rvaltning - Sagafurs","og_description":"Fr.o.m. r\u00e4kenskapsperioden som b\u00f6rjar den 1.11.2015 till\u00e4mpar Saga Furs Oyj den f\u00f6rvaltningskod f\u00f6r finska b\u00f6rsbolag som godk\u00e4ndes av V\u00e4rdepappersmarknadsf\u00f6reningen r.f. den 1.10.2015 och som tr\u00e4dde i kraft den 1.1.2016. I enlighet med stadgandena i Finlands aktiebolagslag och bolagets bolagsordning \u00e4r best\u00e4mmander\u00e4tten i bolaget och dess f\u00f6rvaltning uppdelad mellan de aktie\u00e4gare som \u00e4r representerade vid bolagsst\u00e4mman,\u2026 L\u00e4s mera &raquo;","og_url":"https:\/\/www.sagafurs.com\/sv\/bolaget\/bolagets-forvaltning\/","og_site_name":"Sagafurs","article_modified_time":"2023-02-16T15:30:08+00:00","og_image":[{"width":1000,"height":667,"url":"http:\/\/www.sagafurs.com\/wp-content\/uploads\/2016\/07\/VY1W3916-minkki.jpg","type":"image\/jpeg"}],"twitter_card":"summary_large_image","twitter_misc":{"Ber\u00e4knad l\u00e4stid":"1 minut"},"schema":{"@context":"https:\/\/schema.org","@graph":[{"@type":"WebPage","@id":"https:\/\/www.sagafurs.com\/sv\/bolaget\/bolagets-forvaltning\/","url":"https:\/\/www.sagafurs.com\/sv\/bolaget\/bolagets-forvaltning\/","name":"Bolagets f\u00f6rvaltning - Sagafurs","isPartOf":{"@id":"https:\/\/www.sagafurs.com\/#website"},"primaryImageOfPage":{"@id":"https:\/\/www.sagafurs.com\/sv\/bolaget\/bolagets-forvaltning\/#primaryimage"},"image":{"@id":"https:\/\/www.sagafurs.com\/sv\/bolaget\/bolagets-forvaltning\/#primaryimage"},"thumbnailUrl":"https:\/\/www.sagafurs.com\/wp-content\/uploads\/2016\/07\/VY1W3916-minkki.jpg","datePublished":"2016-05-23T10:54:28+00:00","dateModified":"2023-02-16T15:30:08+00:00","breadcrumb":{"@id":"https:\/\/www.sagafurs.com\/sv\/bolaget\/bolagets-forvaltning\/#breadcrumb"},"inLanguage":"sv-SE","potentialAction":[{"@type":"ReadAction","target":["https:\/\/www.sagafurs.com\/sv\/bolaget\/bolagets-forvaltning\/"]}]},{"@type":"ImageObject","inLanguage":"sv-SE","@id":"https:\/\/www.sagafurs.com\/sv\/bolaget\/bolagets-forvaltning\/#primaryimage","url":"https:\/\/www.sagafurs.com\/wp-content\/uploads\/2016\/07\/VY1W3916-minkki.jpg","contentUrl":"https:\/\/www.sagafurs.com\/wp-content\/uploads\/2016\/07\/VY1W3916-minkki.jpg","width":1000,"height":667},{"@type":"BreadcrumbList","@id":"https:\/\/www.sagafurs.com\/sv\/bolaget\/bolagets-forvaltning\/#breadcrumb","itemListElement":[{"@type":"ListItem","position":1,"name":"Home","item":"https:\/\/www.sagafurs.com\/sv\/"},{"@type":"ListItem","position":2,"name":"Bolaget","item":"https:\/\/www.sagafurs.com\/sv\/bolaget\/"},{"@type":"ListItem","position":3,"name":"Bolagets f\u00f6rvaltning"}]},{"@type":"WebSite","@id":"https:\/\/www.sagafurs.com\/#website","url":"https:\/\/www.sagafurs.com\/","name":"Sagafurs","description":"Sagafurs","potentialAction":[{"@type":"SearchAction","target":{"@type":"EntryPoint","urlTemplate":"https:\/\/www.sagafurs.com\/?s={search_term_string}"},"query-input":{"@type":"PropertyValueSpecification","valueRequired":true,"valueName":"search_term_string"}}],"inLanguage":"sv-SE"}]}},"_links":{"self":[{"href":"https:\/\/www.sagafurs.com\/sv\/wp-json\/wp\/v2\/pages\/2618","targetHints":{"allow":["GET"]}}],"collection":[{"href":"https:\/\/www.sagafurs.com\/sv\/wp-json\/wp\/v2\/pages"}],"about":[{"href":"https:\/\/www.sagafurs.com\/sv\/wp-json\/wp\/v2\/types\/page"}],"author":[{"embeddable":true,"href":"https:\/\/www.sagafurs.com\/sv\/wp-json\/wp\/v2\/users\/29"}],"replies":[{"embeddable":true,"href":"https:\/\/www.sagafurs.com\/sv\/wp-json\/wp\/v2\/comments?post=2618"}],"version-history":[{"count":0,"href":"https:\/\/www.sagafurs.com\/sv\/wp-json\/wp\/v2\/pages\/2618\/revisions"}],"up":[{"embeddable":true,"href":"https:\/\/www.sagafurs.com\/sv\/wp-json\/wp\/v2\/pages\/2563"}],"wp:featuredmedia":[{"embeddable":true,"href":"https:\/\/www.sagafurs.com\/sv\/wp-json\/wp\/v2\/media\/2619"}],"wp:attachment":[{"href":"https:\/\/www.sagafurs.com\/sv\/wp-json\/wp\/v2\/media?parent=2618"}],"curies":[{"name":"wp","href":"https:\/\/api.w.org\/{rel}","templated":true}]}}