{"id":2621,"date":"2016-05-25T05:55:06","date_gmt":"2016-05-25T05:55:06","guid":{"rendered":"https:\/\/www.sagafurs.com\/sv\/corporate\/corporate-governance\/financial-calendar\/"},"modified":"2025-10-28T14:14:29","modified_gmt":"2025-10-28T12:14:29","slug":"investerarens-kalender","status":"publish","type":"page","link":"https:\/\/www.sagafurs.com\/sv\/bolaget\/investerare\/investerarens-kalender\/","title":{"rendered":"Investerarens kalender"},"content":{"rendered":"<h2>Saga Furs finansiell rapportering<\/h2>\n<p>Saga Furs publicerar bokslutskommunik\u00e9n f\u00f6r r\u00e4kenskapsperioden 1.11.2024\u201331.10.2025 tisdagen 27.1.2026.<br \/>\nStyrelsens verksamhetsber\u00e4ttelse och bokslutet publiceras m\u00e5ndagen 16.2.2026.<br \/>\nDen ordinarie bolagsst\u00e4mman ordnas tisgen 28.4.2026.<\/p>\n<p>Finansiella rapporter f\u00f6r r\u00e4kenskapsperioden 1.11.2025\u201331.10.2026 publiceras:<br \/>\n<span style=\"font-size: inherit;\">&#8211; Halv\u00e5rsrapporten torsdagen 25.6.2026<br \/>\n<\/span>&#8211; Bokslutskommunik\u00e9n tisdagen 26.1.2027<br \/>\n&#8211; Styrelsens verksamhetsber\u00e4ttelse och bokslutet tisdagen 16.2.2027<\/p>\n","protected":false},"excerpt":{"rendered":"<p>Saga Furs finansiell rapportering Saga Furs publicerar bokslutskommunik\u00e9n f\u00f6r r\u00e4kenskapsperioden 1.11.2024\u201331.10.2025 tisdagen 27.1.2026. Styrelsens verksamhetsber\u00e4ttelse och bokslutet publiceras m\u00e5ndagen 16.2.2026. Den ordinarie bolagsst\u00e4mman ordnas tisgen 28.4.2026. Finansiella rapporter f\u00f6r r\u00e4kenskapsperioden 1.11.2025\u201331.10.2026 publiceras: &#8211; Halv\u00e5rsrapporten torsdagen 25.6.2026 &#8211; Bokslutskommunik\u00e9n tisdagen 26.1.2027 &#8211; Styrelsens verksamhetsber\u00e4ttelse och bokslutet tisdagen 16.2.2027<\/p>\n","protected":false},"author":29,"featured_media":2561,"parent":2577,"menu_order":0,"comment_status":"closed","ping_status":"closed","template":"templates\/content-page-template.php","meta":{"_acf_changed":false,"footnotes":""},"class_list":["post-2621","page","type-page","status-publish","has-post-thumbnail","hentry"],"acf":[],"yoast_head":"<!-- This site is optimized with the Yoast SEO plugin v27.5 - https:\/\/yoast.com\/product\/yoast-seo-wordpress\/ -->\n<title>Investerarens kalender - Sagafurs<\/title>\n<meta name=\"robots\" content=\"index, follow, max-snippet:-1, max-image-preview:large, max-video-preview:-1\" \/>\n<link rel=\"canonical\" href=\"https:\/\/www.sagafurs.com\/sv\/bolaget\/investerare\/investerarens-kalender\/\" \/>\n<meta property=\"og:locale\" content=\"sv_SE\" \/>\n<meta property=\"og:type\" content=\"article\" \/>\n<meta property=\"og:title\" content=\"Investerarens kalender - Sagafurs\" \/>\n<meta property=\"og:description\" content=\"Saga Furs finansiell rapportering Saga Furs publicerar bokslutskommunik\u00e9n f\u00f6r r\u00e4kenskapsperioden 1.11.2024\u201331.10.2025 tisdagen 27.1.2026. Styrelsens verksamhetsber\u00e4ttelse och bokslutet publiceras m\u00e5ndagen 16.2.2026. Den ordinarie bolagsst\u00e4mman ordnas tisgen 28.4.2026. Finansiella rapporter f\u00f6r r\u00e4kenskapsperioden 1.11.2025\u201331.10.2026 publiceras: &#8211; Halv\u00e5rsrapporten torsdagen 25.6.2026 &#8211; Bokslutskommunik\u00e9n tisdagen 26.1.2027 &#8211; Styrelsens verksamhetsber\u00e4ttelse och bokslutet tisdagen 16.2.2027\" \/>\n<meta property=\"og:url\" content=\"https:\/\/www.sagafurs.com\/sv\/bolaget\/investerare\/investerarens-kalender\/\" \/>\n<meta property=\"og:site_name\" content=\"Sagafurs\" \/>\n<meta property=\"article:modified_time\" content=\"2025-10-28T12:14:29+00:00\" \/>\n<meta property=\"og:image\" content=\"https:\/\/www.sagafurs.com\/wp-content\/uploads\/2016\/05\/Saga_detail_2015-82_A4A2282.jpg\" \/>\n\t<meta property=\"og:image:width\" content=\"1000\" \/>\n\t<meta property=\"og:image:height\" content=\"667\" \/>\n\t<meta property=\"og:image:type\" content=\"image\/jpeg\" \/>\n<meta name=\"twitter:card\" content=\"summary_large_image\" \/>\n<meta name=\"twitter:label1\" content=\"Ber\u00e4knad l\u00e4stid\" \/>\n\t<meta name=\"twitter:data1\" content=\"1 minut\" \/>\n<script type=\"application\/ld+json\" class=\"yoast-schema-graph\">{\"@context\":\"https:\\\/\\\/schema.org\",\"@graph\":[{\"@type\":\"WebPage\",\"@id\":\"https:\\\/\\\/www.sagafurs.com\\\/sv\\\/bolaget\\\/investerare\\\/investerarens-kalender\\\/\",\"url\":\"https:\\\/\\\/www.sagafurs.com\\\/sv\\\/bolaget\\\/investerare\\\/investerarens-kalender\\\/\",\"name\":\"Investerarens kalender - Sagafurs\",\"isPartOf\":{\"@id\":\"https:\\\/\\\/www.sagafurs.com\\\/#website\"},\"primaryImageOfPage\":{\"@id\":\"https:\\\/\\\/www.sagafurs.com\\\/sv\\\/bolaget\\\/investerare\\\/investerarens-kalender\\\/#primaryimage\"},\"image\":{\"@id\":\"https:\\\/\\\/www.sagafurs.com\\\/sv\\\/bolaget\\\/investerare\\\/investerarens-kalender\\\/#primaryimage\"},\"thumbnailUrl\":\"https:\\\/\\\/www.sagafurs.com\\\/wp-content\\\/uploads\\\/2016\\\/05\\\/Saga_detail_2015-82_A4A2282.jpg\",\"datePublished\":\"2016-05-25T05:55:06+00:00\",\"dateModified\":\"2025-10-28T12:14:29+00:00\",\"breadcrumb\":{\"@id\":\"https:\\\/\\\/www.sagafurs.com\\\/sv\\\/bolaget\\\/investerare\\\/investerarens-kalender\\\/#breadcrumb\"},\"inLanguage\":\"sv-SE\",\"potentialAction\":[{\"@type\":\"ReadAction\",\"target\":[\"https:\\\/\\\/www.sagafurs.com\\\/sv\\\/bolaget\\\/investerare\\\/investerarens-kalender\\\/\"]}]},{\"@type\":\"ImageObject\",\"inLanguage\":\"sv-SE\",\"@id\":\"https:\\\/\\\/www.sagafurs.com\\\/sv\\\/bolaget\\\/investerare\\\/investerarens-kalender\\\/#primaryimage\",\"url\":\"https:\\\/\\\/www.sagafurs.com\\\/wp-content\\\/uploads\\\/2016\\\/05\\\/Saga_detail_2015-82_A4A2282.jpg\",\"contentUrl\":\"https:\\\/\\\/www.sagafurs.com\\\/wp-content\\\/uploads\\\/2016\\\/05\\\/Saga_detail_2015-82_A4A2282.jpg\",\"width\":1000,\"height\":667},{\"@type\":\"BreadcrumbList\",\"@id\":\"https:\\\/\\\/www.sagafurs.com\\\/sv\\\/bolaget\\\/investerare\\\/investerarens-kalender\\\/#breadcrumb\",\"itemListElement\":[{\"@type\":\"ListItem\",\"position\":1,\"name\":\"Home\",\"item\":\"https:\\\/\\\/www.sagafurs.com\\\/sv\\\/\"},{\"@type\":\"ListItem\",\"position\":2,\"name\":\"Bolaget\",\"item\":\"https:\\\/\\\/www.sagafurs.com\\\/sv\\\/bolaget\\\/\"},{\"@type\":\"ListItem\",\"position\":3,\"name\":\"Investerare\",\"item\":\"https:\\\/\\\/www.sagafurs.com\\\/sv\\\/bolaget\\\/investerare\\\/\"},{\"@type\":\"ListItem\",\"position\":4,\"name\":\"Investerarens kalender\"}]},{\"@type\":\"WebSite\",\"@id\":\"https:\\\/\\\/www.sagafurs.com\\\/#website\",\"url\":\"https:\\\/\\\/www.sagafurs.com\\\/\",\"name\":\"Sagafurs\",\"description\":\"Sagafurs\",\"potentialAction\":[{\"@type\":\"SearchAction\",\"target\":{\"@type\":\"EntryPoint\",\"urlTemplate\":\"https:\\\/\\\/www.sagafurs.com\\\/?s={search_term_string}\"},\"query-input\":{\"@type\":\"PropertyValueSpecification\",\"valueRequired\":true,\"valueName\":\"search_term_string\"}}],\"inLanguage\":\"sv-SE\"}]}<\/script>\n<!-- \/ Yoast SEO plugin. -->","yoast_head_json":{"title":"Investerarens kalender - Sagafurs","robots":{"index":"index","follow":"follow","max-snippet":"max-snippet:-1","max-image-preview":"max-image-preview:large","max-video-preview":"max-video-preview:-1"},"canonical":"https:\/\/www.sagafurs.com\/sv\/bolaget\/investerare\/investerarens-kalender\/","og_locale":"sv_SE","og_type":"article","og_title":"Investerarens kalender - Sagafurs","og_description":"Saga Furs finansiell rapportering Saga Furs publicerar bokslutskommunik\u00e9n f\u00f6r r\u00e4kenskapsperioden 1.11.2024\u201331.10.2025 tisdagen 27.1.2026. Styrelsens verksamhetsber\u00e4ttelse och bokslutet publiceras m\u00e5ndagen 16.2.2026. Den ordinarie bolagsst\u00e4mman ordnas tisgen 28.4.2026. Finansiella rapporter f\u00f6r r\u00e4kenskapsperioden 1.11.2025\u201331.10.2026 publiceras: &#8211; Halv\u00e5rsrapporten torsdagen 25.6.2026 &#8211; Bokslutskommunik\u00e9n tisdagen 26.1.2027 &#8211; Styrelsens verksamhetsber\u00e4ttelse och bokslutet tisdagen 16.2.2027","og_url":"https:\/\/www.sagafurs.com\/sv\/bolaget\/investerare\/investerarens-kalender\/","og_site_name":"Sagafurs","article_modified_time":"2025-10-28T12:14:29+00:00","og_image":[{"width":1000,"height":667,"url":"https:\/\/www.sagafurs.com\/wp-content\/uploads\/2016\/05\/Saga_detail_2015-82_A4A2282.jpg","type":"image\/jpeg"}],"twitter_card":"summary_large_image","twitter_misc":{"Ber\u00e4knad l\u00e4stid":"1 minut"},"schema":{"@context":"https:\/\/schema.org","@graph":[{"@type":"WebPage","@id":"https:\/\/www.sagafurs.com\/sv\/bolaget\/investerare\/investerarens-kalender\/","url":"https:\/\/www.sagafurs.com\/sv\/bolaget\/investerare\/investerarens-kalender\/","name":"Investerarens kalender - Sagafurs","isPartOf":{"@id":"https:\/\/www.sagafurs.com\/#website"},"primaryImageOfPage":{"@id":"https:\/\/www.sagafurs.com\/sv\/bolaget\/investerare\/investerarens-kalender\/#primaryimage"},"image":{"@id":"https:\/\/www.sagafurs.com\/sv\/bolaget\/investerare\/investerarens-kalender\/#primaryimage"},"thumbnailUrl":"https:\/\/www.sagafurs.com\/wp-content\/uploads\/2016\/05\/Saga_detail_2015-82_A4A2282.jpg","datePublished":"2016-05-25T05:55:06+00:00","dateModified":"2025-10-28T12:14:29+00:00","breadcrumb":{"@id":"https:\/\/www.sagafurs.com\/sv\/bolaget\/investerare\/investerarens-kalender\/#breadcrumb"},"inLanguage":"sv-SE","potentialAction":[{"@type":"ReadAction","target":["https:\/\/www.sagafurs.com\/sv\/bolaget\/investerare\/investerarens-kalender\/"]}]},{"@type":"ImageObject","inLanguage":"sv-SE","@id":"https:\/\/www.sagafurs.com\/sv\/bolaget\/investerare\/investerarens-kalender\/#primaryimage","url":"https:\/\/www.sagafurs.com\/wp-content\/uploads\/2016\/05\/Saga_detail_2015-82_A4A2282.jpg","contentUrl":"https:\/\/www.sagafurs.com\/wp-content\/uploads\/2016\/05\/Saga_detail_2015-82_A4A2282.jpg","width":1000,"height":667},{"@type":"BreadcrumbList","@id":"https:\/\/www.sagafurs.com\/sv\/bolaget\/investerare\/investerarens-kalender\/#breadcrumb","itemListElement":[{"@type":"ListItem","position":1,"name":"Home","item":"https:\/\/www.sagafurs.com\/sv\/"},{"@type":"ListItem","position":2,"name":"Bolaget","item":"https:\/\/www.sagafurs.com\/sv\/bolaget\/"},{"@type":"ListItem","position":3,"name":"Investerare","item":"https:\/\/www.sagafurs.com\/sv\/bolaget\/investerare\/"},{"@type":"ListItem","position":4,"name":"Investerarens kalender"}]},{"@type":"WebSite","@id":"https:\/\/www.sagafurs.com\/#website","url":"https:\/\/www.sagafurs.com\/","name":"Sagafurs","description":"Sagafurs","potentialAction":[{"@type":"SearchAction","target":{"@type":"EntryPoint","urlTemplate":"https:\/\/www.sagafurs.com\/?s={search_term_string}"},"query-input":{"@type":"PropertyValueSpecification","valueRequired":true,"valueName":"search_term_string"}}],"inLanguage":"sv-SE"}]}},"_links":{"self":[{"href":"https:\/\/www.sagafurs.com\/sv\/wp-json\/wp\/v2\/pages\/2621","targetHints":{"allow":["GET"]}}],"collection":[{"href":"https:\/\/www.sagafurs.com\/sv\/wp-json\/wp\/v2\/pages"}],"about":[{"href":"https:\/\/www.sagafurs.com\/sv\/wp-json\/wp\/v2\/types\/page"}],"author":[{"embeddable":true,"href":"https:\/\/www.sagafurs.com\/sv\/wp-json\/wp\/v2\/users\/29"}],"replies":[{"embeddable":true,"href":"https:\/\/www.sagafurs.com\/sv\/wp-json\/wp\/v2\/comments?post=2621"}],"version-history":[{"count":0,"href":"https:\/\/www.sagafurs.com\/sv\/wp-json\/wp\/v2\/pages\/2621\/revisions"}],"up":[{"embeddable":true,"href":"https:\/\/www.sagafurs.com\/sv\/wp-json\/wp\/v2\/pages\/2577"}],"wp:featuredmedia":[{"embeddable":true,"href":"https:\/\/www.sagafurs.com\/sv\/wp-json\/wp\/v2\/media\/2561"}],"wp:attachment":[{"href":"https:\/\/www.sagafurs.com\/sv\/wp-json\/wp\/v2\/media?parent=2621"}],"curies":[{"name":"wp","href":"https:\/\/api.w.org\/{rel}","templated":true}]}}