{"id":2622,"date":"2016-05-25T05:54:37","date_gmt":"2016-05-25T02:54:37","guid":{"rendered":"https:\/\/www.sagafurs.com\/sv\/corporate\/corporate-governance\/corporate-governance-statement\/"},"modified":"2026-02-16T09:39:38","modified_gmt":"2026-02-16T07:39:38","slug":"utredning-over-forvaltnings-och-styrningssystemet-2020-2021","status":"publish","type":"page","link":"https:\/\/www.sagafurs.com\/sv\/bolaget\/bolagets-forvaltning\/utredning-over-forvaltnings-och-styrningssystemet-2020-2021\/","title":{"rendered":"Bolagsstyrningsrapporter"},"content":{"rendered":"<p>Saga Furs Abp publicerar \u00e5rligen den utredning om f\u00f6rvaltnings- och styrningssystemet som V\u00e4rdepappersmarknadsf\u00f6reningens f\u00f6rvaltningskod f\u00f6ruts\u00e4tter. Publicerade rapporter visas nedan som PDF-filer.<\/p>\n<p>Saga Furs har avvikit fr\u00e5n koden g\u00e4llande f\u00f6ljande rekommendationer:<\/p>\n<p>Rekommendation 10: Endast en av bolagets styrelseledam\u00f6ter \u00e4r oberoende av bolaget och dess betydande aktie\u00e4gare. Bolaget anser att aff\u00e4rsverksamhetens natur f\u00f6ruts\u00e4tter att majoriteten av styrelseledam\u00f6terna \u00e4r grundligt insatta och engagerade i p\u00e4lsn\u00e4ringen. I praktiken har alla p\u00e4lsfarmare en kundrelation till bolaget. Den ordinarie bolagsst\u00e4mman fastsl\u00e5r \u00e5rligen styrelsens sammans\u00e4ttning.<\/p>\n<p>Rekommendation 15: I ers\u00e4ttnings- och nomineringskommitt\u00e9erna ing\u00e5r f\u00f6rutom styrelseledam\u00f6ter \u00e4ven representanter f\u00f6r bolagets viktigaste aktie\u00e4gare. Bolagets styrelse har ansett att det ligger i bolagets och samtliga aktie\u00e4gares intressen att fast\u00e4n utskotten har grundats av styrelsen, motsvarar de till sin sammans\u00e4ttning aktie\u00e4garnas nomineringskommitt\u00e9 i enlighet med rekommendation 19. Detta \u00e4r b\u00e4sta s\u00e4ttet att s\u00e4kerst\u00e4lla att utskottens f\u00f6rslag godk\u00e4nns i bolagsst\u00e4mman samt bolagsverksamhetens transparens.<\/p>\n<p>Rekommendation 17: Ers\u00e4ttningskommitt\u00e9ns medlemmar \u00e4r inte oberoende av bolaget, vilket avviker fr\u00e5n rekommendationen.<\/p>\n<p>Rekommendation 18: Nomineringskommitt\u00e9ns medlemmar \u00e4r inte oberoende av bolaget, vilket avviker fr\u00e5n rekommendationen, eftersom kommitt\u00e9n motsvarar till sin sammans\u00e4ttning aktie\u00e4garnas nomineringskommitt\u00e9 i enlighet med rekommendation 19.<\/p>\n<p><a href=\"https:\/\/www.sagafurs.com\/wp-content\/uploads\/2026\/02\/Saga-Furs-Bolagsstyrningsrapport-2024-2025.pdf\">Bolagsstyrningsrapport 2024\/2025<\/a><br \/>\n<a href=\"https:\/\/www.sagafurs.com\/wp-content\/uploads\/2025\/02\/Bolagsstyrningsrapport-2023-2024.pdf\">Bolagsstyrningsrapport 2023\/2024\u00a0 \u00a0 \u00a0 \u00a0 \u00a0 \u00a0 \u00a0 \u00a0 \u00a0 \u00a0 \u00a0 \u00a0 \u00a0 \u00a0 \u00a0 \u00a0 \u00a0 \u00a0 \u00a0 \u00a0 \u00a0 \u00a0 <\/a><br \/>\n<a href=\"https:\/\/www.sagafurs.com\/wp-content\/uploads\/2024\/02\/Saga-Furs-bolagsstyrningsrapport-2022-2023.pdf\">Bolagsstyrningsrapport 2022\/2023<\/a><br \/>\n<a href=\"http:\/\/www.sagafurs.com\/wp-content\/uploads\/2023\/02\/Saga-Furs-bolagsstyrningsrapport-2021-2022-2.pdf\">Bolagsstyrningsrapport 2021\/2022<\/a><br \/>\n<a href=\"http:\/\/www.sagafurs.com\/wp-content\/uploads\/2023\/02\/Saga-Furs-Bolagsstyrningsrapport-2020-2021.pdf\">Bolagsstyrningsrapport 2020\/2021<\/a><br \/>\n<a href=\"http:\/\/www.sagafurs.com\/wp-content\/uploads\/2023\/02\/Bolagsstyrningsrapport-2019-2020.pdf\">Bolagsstyrningsrapport 2019\/2020<\/a><br \/>\n<a href=\"http:\/\/www.sagafurs.com\/wp-content\/uploads\/2023\/02\/Bolagsstyrningsrapport-2018-2019.pdf\">Bolagsstyrningsrapport 2018\/2019<\/a><br \/>\n<a href=\"http:\/\/www.sagafurs.com\/wp-content\/uploads\/2023\/02\/Saga-Furs-Bolagsstyrningsrapport-2018.pdf\">Bolagsstyrningsrapport 2017\/2018<\/a><br \/>\n<a href=\"https:\/\/www.sagafurs.com\/wp-content\/uploads\/2023\/11\/CG-statement-2017-svenska.pdf\">Bolagsstyrningsrapport 2017<\/a><br \/>\n<a href=\"https:\/\/www.sagafurs.com\/wp-content\/uploads\/2023\/11\/CG-statement-2016-svenska.pdf\">Bolagsstyrningsrapport 2016<\/a><br \/>\n<a href=\"https:\/\/www.sagafurs.com\/wp-content\/uploads\/2023\/11\/CG-statement-2015-svenska.pdf\">Bolagsstyrningsrapport 2015<\/a><br \/>\n<a href=\"http:\/\/www.sagafurs.com\/wp-content\/uploads\/2023\/02\/Saga-Furs-Bolagsstyrningsrapport-2014.pdf\">Bolagsstyrningsrapport 2014<\/a><br \/>\n<a href=\"https:\/\/www.sagafurs.com\/wp-content\/uploads\/2023\/11\/CG-statement_2013_svenska.pdf\">Bolagsstyrningsrapport 2013<\/a><br \/>\n<a href=\"http:\/\/www.sagafurs.com\/wp-content\/uploads\/2023\/02\/Saga-Furs-Bolagsstyrningsrapport-2012.pdf\">Bolagsstyrningsrapport 2012<\/a><br \/>\n<a href=\"http:\/\/www.sagafurs.com\/wp-content\/uploads\/2023\/02\/Saga-Furs-Bolagsstyrningsrapport-2011.pdf\">Bolagsstyrningsrapport 2011<\/a><br \/>\n<a href=\"http:\/\/www.sagafurs.com\/wp-content\/uploads\/2023\/02\/Saga-Furs-Bolagsstyrningsrapport-2010.pdf\">Bolagsstyrningsrapport 2010<\/a><br \/>\n<a href=\"http:\/\/www.sagafurs.com\/wp-content\/uploads\/2023\/02\/Saga-Furs-Bolagsstyrningsrapport-2009.pdf\">Bolagsstyrningsrapport 2009<\/a><\/p>\n","protected":false},"excerpt":{"rendered":"<p>Saga Furs Abp publicerar \u00e5rligen den utredning om f\u00f6rvaltnings- och styrningssystemet som V\u00e4rdepappersmarknadsf\u00f6reningens f\u00f6rvaltningskod f\u00f6ruts\u00e4tter. Publicerade rapporter visas nedan som PDF-filer. Saga Furs har avvikit fr\u00e5n koden g\u00e4llande f\u00f6ljande rekommendationer: Rekommendation 10: Endast en av bolagets styrelseledam\u00f6ter \u00e4r oberoende av bolaget och dess betydande aktie\u00e4gare. Bolaget anser att aff\u00e4rsverksamhetens natur f\u00f6ruts\u00e4tter att majoriteten av styrelseledam\u00f6terna<a class=\"excerpt-read-more\" href=\"https:\/\/www.sagafurs.com\/sv\/bolaget\/bolagets-forvaltning\/utredning-over-forvaltnings-och-styrningssystemet-2020-2021\/\" title=\"L\u00e4sBolagsstyrningsrapporter\">\u2026 L\u00e4s mera &raquo;<\/a><\/p>\n","protected":false},"author":29,"featured_media":0,"parent":2618,"menu_order":0,"comment_status":"closed","ping_status":"closed","template":"templates\/content-page-template.php","meta":{"_acf_changed":false,"footnotes":""},"class_list":["post-2622","page","type-page","status-publish","hentry"],"acf":[],"yoast_head":"<!-- This site is optimized with the Yoast SEO plugin v27.3 - https:\/\/yoast.com\/product\/yoast-seo-wordpress\/ -->\n<title>Bolagsstyrningsrapporter - Sagafurs<\/title>\n<meta name=\"robots\" content=\"index, follow, max-snippet:-1, max-image-preview:large, max-video-preview:-1\" \/>\n<link rel=\"canonical\" href=\"https:\/\/www.sagafurs.com\/sv\/bolaget\/bolagets-forvaltning\/utredning-over-forvaltnings-och-styrningssystemet-2020-2021\/\" \/>\n<meta property=\"og:locale\" content=\"sv_SE\" \/>\n<meta property=\"og:type\" content=\"article\" \/>\n<meta property=\"og:title\" content=\"Bolagsstyrningsrapporter - Sagafurs\" \/>\n<meta property=\"og:description\" content=\"Saga Furs Abp publicerar \u00e5rligen den utredning om f\u00f6rvaltnings- och styrningssystemet som V\u00e4rdepappersmarknadsf\u00f6reningens f\u00f6rvaltningskod f\u00f6ruts\u00e4tter. Publicerade rapporter visas nedan som PDF-filer. Saga Furs har avvikit fr\u00e5n koden g\u00e4llande f\u00f6ljande rekommendationer: Rekommendation 10: Endast en av bolagets styrelseledam\u00f6ter \u00e4r oberoende av bolaget och dess betydande aktie\u00e4gare. Bolaget anser att aff\u00e4rsverksamhetens natur f\u00f6ruts\u00e4tter att majoriteten av styrelseledam\u00f6terna\u2026 L\u00e4s mera &raquo;\" \/>\n<meta property=\"og:url\" content=\"https:\/\/www.sagafurs.com\/sv\/bolaget\/bolagets-forvaltning\/utredning-over-forvaltnings-och-styrningssystemet-2020-2021\/\" \/>\n<meta property=\"og:site_name\" content=\"Sagafurs\" \/>\n<meta property=\"article:modified_time\" content=\"2026-02-16T07:39:38+00:00\" \/>\n<meta name=\"twitter:card\" content=\"summary_large_image\" \/>\n<meta name=\"twitter:label1\" content=\"Ber\u00e4knad l\u00e4stid\" \/>\n\t<meta name=\"twitter:data1\" content=\"1 minut\" \/>\n<script type=\"application\/ld+json\" class=\"yoast-schema-graph\">{\"@context\":\"https:\\\/\\\/schema.org\",\"@graph\":[{\"@type\":\"WebPage\",\"@id\":\"https:\\\/\\\/www.sagafurs.com\\\/sv\\\/bolaget\\\/bolagets-forvaltning\\\/utredning-over-forvaltnings-och-styrningssystemet-2020-2021\\\/\",\"url\":\"https:\\\/\\\/www.sagafurs.com\\\/sv\\\/bolaget\\\/bolagets-forvaltning\\\/utredning-over-forvaltnings-och-styrningssystemet-2020-2021\\\/\",\"name\":\"Bolagsstyrningsrapporter - Sagafurs\",\"isPartOf\":{\"@id\":\"https:\\\/\\\/www.sagafurs.com\\\/#website\"},\"datePublished\":\"2016-05-25T02:54:37+00:00\",\"dateModified\":\"2026-02-16T07:39:38+00:00\",\"breadcrumb\":{\"@id\":\"https:\\\/\\\/www.sagafurs.com\\\/sv\\\/bolaget\\\/bolagets-forvaltning\\\/utredning-over-forvaltnings-och-styrningssystemet-2020-2021\\\/#breadcrumb\"},\"inLanguage\":\"sv-SE\",\"potentialAction\":[{\"@type\":\"ReadAction\",\"target\":[\"https:\\\/\\\/www.sagafurs.com\\\/sv\\\/bolaget\\\/bolagets-forvaltning\\\/utredning-over-forvaltnings-och-styrningssystemet-2020-2021\\\/\"]}]},{\"@type\":\"BreadcrumbList\",\"@id\":\"https:\\\/\\\/www.sagafurs.com\\\/sv\\\/bolaget\\\/bolagets-forvaltning\\\/utredning-over-forvaltnings-och-styrningssystemet-2020-2021\\\/#breadcrumb\",\"itemListElement\":[{\"@type\":\"ListItem\",\"position\":1,\"name\":\"Home\",\"item\":\"https:\\\/\\\/www.sagafurs.com\\\/sv\\\/\"},{\"@type\":\"ListItem\",\"position\":2,\"name\":\"Bolaget\",\"item\":\"https:\\\/\\\/www.sagafurs.com\\\/sv\\\/bolaget\\\/\"},{\"@type\":\"ListItem\",\"position\":3,\"name\":\"Bolagets f\u00f6rvaltning\",\"item\":\"https:\\\/\\\/www.sagafurs.com\\\/sv\\\/bolaget\\\/bolagets-forvaltning\\\/\"},{\"@type\":\"ListItem\",\"position\":4,\"name\":\"Bolagsstyrningsrapporter\"}]},{\"@type\":\"WebSite\",\"@id\":\"https:\\\/\\\/www.sagafurs.com\\\/#website\",\"url\":\"https:\\\/\\\/www.sagafurs.com\\\/\",\"name\":\"Sagafurs\",\"description\":\"Sagafurs\",\"potentialAction\":[{\"@type\":\"SearchAction\",\"target\":{\"@type\":\"EntryPoint\",\"urlTemplate\":\"https:\\\/\\\/www.sagafurs.com\\\/?s={search_term_string}\"},\"query-input\":{\"@type\":\"PropertyValueSpecification\",\"valueRequired\":true,\"valueName\":\"search_term_string\"}}],\"inLanguage\":\"sv-SE\"}]}<\/script>\n<!-- \/ Yoast SEO plugin. -->","yoast_head_json":{"title":"Bolagsstyrningsrapporter - Sagafurs","robots":{"index":"index","follow":"follow","max-snippet":"max-snippet:-1","max-image-preview":"max-image-preview:large","max-video-preview":"max-video-preview:-1"},"canonical":"https:\/\/www.sagafurs.com\/sv\/bolaget\/bolagets-forvaltning\/utredning-over-forvaltnings-och-styrningssystemet-2020-2021\/","og_locale":"sv_SE","og_type":"article","og_title":"Bolagsstyrningsrapporter - Sagafurs","og_description":"Saga Furs Abp publicerar \u00e5rligen den utredning om f\u00f6rvaltnings- och styrningssystemet som V\u00e4rdepappersmarknadsf\u00f6reningens f\u00f6rvaltningskod f\u00f6ruts\u00e4tter. Publicerade rapporter visas nedan som PDF-filer. Saga Furs har avvikit fr\u00e5n koden g\u00e4llande f\u00f6ljande rekommendationer: Rekommendation 10: Endast en av bolagets styrelseledam\u00f6ter \u00e4r oberoende av bolaget och dess betydande aktie\u00e4gare. Bolaget anser att aff\u00e4rsverksamhetens natur f\u00f6ruts\u00e4tter att majoriteten av styrelseledam\u00f6terna\u2026 L\u00e4s mera &raquo;","og_url":"https:\/\/www.sagafurs.com\/sv\/bolaget\/bolagets-forvaltning\/utredning-over-forvaltnings-och-styrningssystemet-2020-2021\/","og_site_name":"Sagafurs","article_modified_time":"2026-02-16T07:39:38+00:00","twitter_card":"summary_large_image","twitter_misc":{"Ber\u00e4knad l\u00e4stid":"1 minut"},"schema":{"@context":"https:\/\/schema.org","@graph":[{"@type":"WebPage","@id":"https:\/\/www.sagafurs.com\/sv\/bolaget\/bolagets-forvaltning\/utredning-over-forvaltnings-och-styrningssystemet-2020-2021\/","url":"https:\/\/www.sagafurs.com\/sv\/bolaget\/bolagets-forvaltning\/utredning-over-forvaltnings-och-styrningssystemet-2020-2021\/","name":"Bolagsstyrningsrapporter - Sagafurs","isPartOf":{"@id":"https:\/\/www.sagafurs.com\/#website"},"datePublished":"2016-05-25T02:54:37+00:00","dateModified":"2026-02-16T07:39:38+00:00","breadcrumb":{"@id":"https:\/\/www.sagafurs.com\/sv\/bolaget\/bolagets-forvaltning\/utredning-over-forvaltnings-och-styrningssystemet-2020-2021\/#breadcrumb"},"inLanguage":"sv-SE","potentialAction":[{"@type":"ReadAction","target":["https:\/\/www.sagafurs.com\/sv\/bolaget\/bolagets-forvaltning\/utredning-over-forvaltnings-och-styrningssystemet-2020-2021\/"]}]},{"@type":"BreadcrumbList","@id":"https:\/\/www.sagafurs.com\/sv\/bolaget\/bolagets-forvaltning\/utredning-over-forvaltnings-och-styrningssystemet-2020-2021\/#breadcrumb","itemListElement":[{"@type":"ListItem","position":1,"name":"Home","item":"https:\/\/www.sagafurs.com\/sv\/"},{"@type":"ListItem","position":2,"name":"Bolaget","item":"https:\/\/www.sagafurs.com\/sv\/bolaget\/"},{"@type":"ListItem","position":3,"name":"Bolagets f\u00f6rvaltning","item":"https:\/\/www.sagafurs.com\/sv\/bolaget\/bolagets-forvaltning\/"},{"@type":"ListItem","position":4,"name":"Bolagsstyrningsrapporter"}]},{"@type":"WebSite","@id":"https:\/\/www.sagafurs.com\/#website","url":"https:\/\/www.sagafurs.com\/","name":"Sagafurs","description":"Sagafurs","potentialAction":[{"@type":"SearchAction","target":{"@type":"EntryPoint","urlTemplate":"https:\/\/www.sagafurs.com\/?s={search_term_string}"},"query-input":{"@type":"PropertyValueSpecification","valueRequired":true,"valueName":"search_term_string"}}],"inLanguage":"sv-SE"}]}},"_links":{"self":[{"href":"https:\/\/www.sagafurs.com\/sv\/wp-json\/wp\/v2\/pages\/2622","targetHints":{"allow":["GET"]}}],"collection":[{"href":"https:\/\/www.sagafurs.com\/sv\/wp-json\/wp\/v2\/pages"}],"about":[{"href":"https:\/\/www.sagafurs.com\/sv\/wp-json\/wp\/v2\/types\/page"}],"author":[{"embeddable":true,"href":"https:\/\/www.sagafurs.com\/sv\/wp-json\/wp\/v2\/users\/29"}],"replies":[{"embeddable":true,"href":"https:\/\/www.sagafurs.com\/sv\/wp-json\/wp\/v2\/comments?post=2622"}],"version-history":[{"count":1,"href":"https:\/\/www.sagafurs.com\/sv\/wp-json\/wp\/v2\/pages\/2622\/revisions"}],"predecessor-version":[{"id":197310,"href":"https:\/\/www.sagafurs.com\/sv\/wp-json\/wp\/v2\/pages\/2622\/revisions\/197310"}],"up":[{"embeddable":true,"href":"https:\/\/www.sagafurs.com\/sv\/wp-json\/wp\/v2\/pages\/2618"}],"wp:attachment":[{"href":"https:\/\/www.sagafurs.com\/sv\/wp-json\/wp\/v2\/media?parent=2622"}],"curies":[{"name":"wp","href":"https:\/\/api.w.org\/{rel}","templated":true}]}}