{"id":2623,"date":"2016-05-23T10:54:41","date_gmt":"2016-05-23T10:54:41","guid":{"rendered":"https:\/\/www.sagafurs.com\/sv\/corporate\/jobs-careers\/"},"modified":"2025-10-21T14:34:18","modified_gmt":"2025-10-21T11:34:18","slug":"arbetsplatser","status":"publish","type":"page","link":"https:\/\/www.sagafurs.com\/sv\/bolaget\/arbetsplatser\/","title":{"rendered":"Arbetsplatser"},"content":{"rendered":"<p><strong>Intressanta uppgifter i ett dynamiskt f\u00f6retag<\/strong><\/p>\n<p>Saga Furs letar efter kunniga m\u00e4nniskor som vill jobba i en utmanande internationell milj\u00f6.<\/p>\n<p><strong>Fast anst\u00e4llning<\/strong><\/p>\n<p>V\u00e5rt f\u00f6retag har 140 heltidsanst\u00e4llda medarbetare i Finland och runtom i v\u00e4rlden. \u00d6ver h\u00e4lften av dem arbetar i Fur Center i Vanda, resten i de viktigaste producentl\u00e4nderna f\u00f6r p\u00e4lsfarmning, k\u00f6parl\u00e4nder samt p\u00e5 nyckelmarknader och modemetropoler runtom i v\u00e4rlden.<\/p>\n<p>Personalen i Vanda jobbar med olika uppgifter inom bl.a. sortering, lagerh\u00e5llning, marknadsf\u00f6ring, f\u00f6rs\u00e4ljning, kommunikation, ekonomiadministration, finansiering och s\u00e4kerhetstj\u00e4nster.<\/p>\n<p><strong>Tillf\u00e4llig anst\u00e4llning<\/strong><\/p>\n<p>Under sorteringsperioden f\u00f6r p\u00e4lsskinn, fr\u00e5n november till maj, syssels\u00e4tter vi \u00f6ver 120 visstidsanst\u00e4llda medarbetare.<\/p>\n<p>Vi utbildar s\u00e4songarbetarna i de olika skedena av sortering, och m\u00e5nga av dem \u00e5terv\u00e4nder till ett bekant team \u00e5r efter \u00e5r.<\/p>\n<p><strong>Auktionsassistenter<\/strong><\/p>\n<p>Vi erbjuder arbete f\u00f6r auktionsassistenter vid varje auktion. De hj\u00e4lper internationella k\u00f6pare, d\u00e5 k\u00f6parna bed\u00f6mer skinn till f\u00f6rs\u00e4ljning f\u00f6re den egentliga auktionen. Dessutom kan de ha andra uppgifter under sj\u00e4lva auktionen.<\/p>\n<p>Auktionsassistentens arbete p\u00e5g\u00e5r fr\u00e5n n\u00e5gra dagar till en vecka vid var och en av de 3\u20134 \u00e5rliga auktionerna.<\/p>\n","protected":false},"excerpt":{"rendered":"<p>Intressanta uppgifter i ett dynamiskt f\u00f6retag Saga Furs letar efter kunniga m\u00e4nniskor som vill jobba i en utmanande internationell milj\u00f6. Fast anst\u00e4llning V\u00e5rt f\u00f6retag har 140 heltidsanst\u00e4llda medarbetare i Finland och runtom i v\u00e4rlden. \u00d6ver h\u00e4lften av dem arbetar i Fur Center i Vanda, resten i de viktigaste producentl\u00e4nderna f\u00f6r p\u00e4lsfarmning, k\u00f6parl\u00e4nder samt p\u00e5 nyckelmarknader<a class=\"excerpt-read-more\" href=\"https:\/\/www.sagafurs.com\/sv\/bolaget\/arbetsplatser\/\" title=\"L\u00e4sArbetsplatser\">\u2026 L\u00e4s mera &raquo;<\/a><\/p>\n","protected":false},"author":29,"featured_media":2624,"parent":2563,"menu_order":5,"comment_status":"closed","ping_status":"closed","template":"templates\/content-page-template.php","meta":{"_acf_changed":false,"footnotes":""},"class_list":["post-2623","page","type-page","status-publish","has-post-thumbnail","hentry"],"acf":[],"yoast_head":"<!-- This site is optimized with the Yoast SEO plugin v27.3 - https:\/\/yoast.com\/product\/yoast-seo-wordpress\/ -->\n<title>Arbetsplatser - Sagafurs<\/title>\n<meta name=\"robots\" content=\"index, follow, max-snippet:-1, max-image-preview:large, max-video-preview:-1\" \/>\n<link rel=\"canonical\" href=\"https:\/\/www.sagafurs.com\/sv\/bolaget\/arbetsplatser\/\" \/>\n<meta property=\"og:locale\" content=\"sv_SE\" \/>\n<meta property=\"og:type\" content=\"article\" \/>\n<meta property=\"og:title\" content=\"Arbetsplatser - Sagafurs\" \/>\n<meta property=\"og:description\" content=\"Intressanta uppgifter i ett dynamiskt f\u00f6retag Saga Furs letar efter kunniga m\u00e4nniskor som vill jobba i en utmanande internationell milj\u00f6. Fast anst\u00e4llning V\u00e5rt f\u00f6retag har 140 heltidsanst\u00e4llda medarbetare i Finland och runtom i v\u00e4rlden. \u00d6ver h\u00e4lften av dem arbetar i Fur Center i Vanda, resten i de viktigaste producentl\u00e4nderna f\u00f6r p\u00e4lsfarmning, k\u00f6parl\u00e4nder samt p\u00e5 nyckelmarknader\u2026 L\u00e4s mera &raquo;\" \/>\n<meta property=\"og:url\" content=\"https:\/\/www.sagafurs.com\/sv\/bolaget\/arbetsplatser\/\" \/>\n<meta property=\"og:site_name\" content=\"Sagafurs\" \/>\n<meta property=\"article:modified_time\" content=\"2025-10-21T11:34:18+00:00\" \/>\n<meta property=\"og:image\" content=\"https:\/\/www.sagafurs.com\/wp-content\/uploads\/2016\/05\/DSC4884_H-678x450.jpg\" \/>\n\t<meta property=\"og:image:width\" content=\"678\" \/>\n\t<meta property=\"og:image:height\" content=\"450\" \/>\n\t<meta property=\"og:image:type\" content=\"image\/jpeg\" \/>\n<meta name=\"twitter:card\" content=\"summary_large_image\" \/>\n<meta name=\"twitter:label1\" content=\"Ber\u00e4knad l\u00e4stid\" \/>\n\t<meta name=\"twitter:data1\" content=\"1 minut\" \/>\n<script type=\"application\/ld+json\" class=\"yoast-schema-graph\">{\"@context\":\"https:\\\/\\\/schema.org\",\"@graph\":[{\"@type\":\"WebPage\",\"@id\":\"https:\\\/\\\/www.sagafurs.com\\\/sv\\\/bolaget\\\/arbetsplatser\\\/\",\"url\":\"https:\\\/\\\/www.sagafurs.com\\\/sv\\\/bolaget\\\/arbetsplatser\\\/\",\"name\":\"Arbetsplatser - Sagafurs\",\"isPartOf\":{\"@id\":\"https:\\\/\\\/www.sagafurs.com\\\/#website\"},\"primaryImageOfPage\":{\"@id\":\"https:\\\/\\\/www.sagafurs.com\\\/sv\\\/bolaget\\\/arbetsplatser\\\/#primaryimage\"},\"image\":{\"@id\":\"https:\\\/\\\/www.sagafurs.com\\\/sv\\\/bolaget\\\/arbetsplatser\\\/#primaryimage\"},\"thumbnailUrl\":\"https:\\\/\\\/www.sagafurs.com\\\/wp-content\\\/uploads\\\/2016\\\/05\\\/DSC4884_H.jpg\",\"datePublished\":\"2016-05-23T10:54:41+00:00\",\"dateModified\":\"2025-10-21T11:34:18+00:00\",\"breadcrumb\":{\"@id\":\"https:\\\/\\\/www.sagafurs.com\\\/sv\\\/bolaget\\\/arbetsplatser\\\/#breadcrumb\"},\"inLanguage\":\"sv-SE\",\"potentialAction\":[{\"@type\":\"ReadAction\",\"target\":[\"https:\\\/\\\/www.sagafurs.com\\\/sv\\\/bolaget\\\/arbetsplatser\\\/\"]}]},{\"@type\":\"ImageObject\",\"inLanguage\":\"sv-SE\",\"@id\":\"https:\\\/\\\/www.sagafurs.com\\\/sv\\\/bolaget\\\/arbetsplatser\\\/#primaryimage\",\"url\":\"https:\\\/\\\/www.sagafurs.com\\\/wp-content\\\/uploads\\\/2016\\\/05\\\/DSC4884_H.jpg\",\"contentUrl\":\"https:\\\/\\\/www.sagafurs.com\\\/wp-content\\\/uploads\\\/2016\\\/05\\\/DSC4884_H.jpg\",\"width\":4288,\"height\":2848},{\"@type\":\"BreadcrumbList\",\"@id\":\"https:\\\/\\\/www.sagafurs.com\\\/sv\\\/bolaget\\\/arbetsplatser\\\/#breadcrumb\",\"itemListElement\":[{\"@type\":\"ListItem\",\"position\":1,\"name\":\"Home\",\"item\":\"https:\\\/\\\/www.sagafurs.com\\\/sv\\\/\"},{\"@type\":\"ListItem\",\"position\":2,\"name\":\"Bolaget\",\"item\":\"https:\\\/\\\/www.sagafurs.com\\\/sv\\\/bolaget\\\/\"},{\"@type\":\"ListItem\",\"position\":3,\"name\":\"Arbetsplatser\"}]},{\"@type\":\"WebSite\",\"@id\":\"https:\\\/\\\/www.sagafurs.com\\\/#website\",\"url\":\"https:\\\/\\\/www.sagafurs.com\\\/\",\"name\":\"Sagafurs\",\"description\":\"Sagafurs\",\"potentialAction\":[{\"@type\":\"SearchAction\",\"target\":{\"@type\":\"EntryPoint\",\"urlTemplate\":\"https:\\\/\\\/www.sagafurs.com\\\/?s={search_term_string}\"},\"query-input\":{\"@type\":\"PropertyValueSpecification\",\"valueRequired\":true,\"valueName\":\"search_term_string\"}}],\"inLanguage\":\"sv-SE\"}]}<\/script>\n<!-- \/ Yoast SEO plugin. -->","yoast_head_json":{"title":"Arbetsplatser - Sagafurs","robots":{"index":"index","follow":"follow","max-snippet":"max-snippet:-1","max-image-preview":"max-image-preview:large","max-video-preview":"max-video-preview:-1"},"canonical":"https:\/\/www.sagafurs.com\/sv\/bolaget\/arbetsplatser\/","og_locale":"sv_SE","og_type":"article","og_title":"Arbetsplatser - Sagafurs","og_description":"Intressanta uppgifter i ett dynamiskt f\u00f6retag Saga Furs letar efter kunniga m\u00e4nniskor som vill jobba i en utmanande internationell milj\u00f6. Fast anst\u00e4llning V\u00e5rt f\u00f6retag har 140 heltidsanst\u00e4llda medarbetare i Finland och runtom i v\u00e4rlden. \u00d6ver h\u00e4lften av dem arbetar i Fur Center i Vanda, resten i de viktigaste producentl\u00e4nderna f\u00f6r p\u00e4lsfarmning, k\u00f6parl\u00e4nder samt p\u00e5 nyckelmarknader\u2026 L\u00e4s mera &raquo;","og_url":"https:\/\/www.sagafurs.com\/sv\/bolaget\/arbetsplatser\/","og_site_name":"Sagafurs","article_modified_time":"2025-10-21T11:34:18+00:00","og_image":[{"width":678,"height":450,"url":"https:\/\/www.sagafurs.com\/wp-content\/uploads\/2016\/05\/DSC4884_H-678x450.jpg","type":"image\/jpeg"}],"twitter_card":"summary_large_image","twitter_misc":{"Ber\u00e4knad l\u00e4stid":"1 minut"},"schema":{"@context":"https:\/\/schema.org","@graph":[{"@type":"WebPage","@id":"https:\/\/www.sagafurs.com\/sv\/bolaget\/arbetsplatser\/","url":"https:\/\/www.sagafurs.com\/sv\/bolaget\/arbetsplatser\/","name":"Arbetsplatser - Sagafurs","isPartOf":{"@id":"https:\/\/www.sagafurs.com\/#website"},"primaryImageOfPage":{"@id":"https:\/\/www.sagafurs.com\/sv\/bolaget\/arbetsplatser\/#primaryimage"},"image":{"@id":"https:\/\/www.sagafurs.com\/sv\/bolaget\/arbetsplatser\/#primaryimage"},"thumbnailUrl":"https:\/\/www.sagafurs.com\/wp-content\/uploads\/2016\/05\/DSC4884_H.jpg","datePublished":"2016-05-23T10:54:41+00:00","dateModified":"2025-10-21T11:34:18+00:00","breadcrumb":{"@id":"https:\/\/www.sagafurs.com\/sv\/bolaget\/arbetsplatser\/#breadcrumb"},"inLanguage":"sv-SE","potentialAction":[{"@type":"ReadAction","target":["https:\/\/www.sagafurs.com\/sv\/bolaget\/arbetsplatser\/"]}]},{"@type":"ImageObject","inLanguage":"sv-SE","@id":"https:\/\/www.sagafurs.com\/sv\/bolaget\/arbetsplatser\/#primaryimage","url":"https:\/\/www.sagafurs.com\/wp-content\/uploads\/2016\/05\/DSC4884_H.jpg","contentUrl":"https:\/\/www.sagafurs.com\/wp-content\/uploads\/2016\/05\/DSC4884_H.jpg","width":4288,"height":2848},{"@type":"BreadcrumbList","@id":"https:\/\/www.sagafurs.com\/sv\/bolaget\/arbetsplatser\/#breadcrumb","itemListElement":[{"@type":"ListItem","position":1,"name":"Home","item":"https:\/\/www.sagafurs.com\/sv\/"},{"@type":"ListItem","position":2,"name":"Bolaget","item":"https:\/\/www.sagafurs.com\/sv\/bolaget\/"},{"@type":"ListItem","position":3,"name":"Arbetsplatser"}]},{"@type":"WebSite","@id":"https:\/\/www.sagafurs.com\/#website","url":"https:\/\/www.sagafurs.com\/","name":"Sagafurs","description":"Sagafurs","potentialAction":[{"@type":"SearchAction","target":{"@type":"EntryPoint","urlTemplate":"https:\/\/www.sagafurs.com\/?s={search_term_string}"},"query-input":{"@type":"PropertyValueSpecification","valueRequired":true,"valueName":"search_term_string"}}],"inLanguage":"sv-SE"}]}},"_links":{"self":[{"href":"https:\/\/www.sagafurs.com\/sv\/wp-json\/wp\/v2\/pages\/2623","targetHints":{"allow":["GET"]}}],"collection":[{"href":"https:\/\/www.sagafurs.com\/sv\/wp-json\/wp\/v2\/pages"}],"about":[{"href":"https:\/\/www.sagafurs.com\/sv\/wp-json\/wp\/v2\/types\/page"}],"author":[{"embeddable":true,"href":"https:\/\/www.sagafurs.com\/sv\/wp-json\/wp\/v2\/users\/29"}],"replies":[{"embeddable":true,"href":"https:\/\/www.sagafurs.com\/sv\/wp-json\/wp\/v2\/comments?post=2623"}],"version-history":[{"count":0,"href":"https:\/\/www.sagafurs.com\/sv\/wp-json\/wp\/v2\/pages\/2623\/revisions"}],"up":[{"embeddable":true,"href":"https:\/\/www.sagafurs.com\/sv\/wp-json\/wp\/v2\/pages\/2563"}],"wp:featuredmedia":[{"embeddable":true,"href":"https:\/\/www.sagafurs.com\/sv\/wp-json\/wp\/v2\/media\/2624"}],"wp:attachment":[{"href":"https:\/\/www.sagafurs.com\/sv\/wp-json\/wp\/v2\/media?parent=2623"}],"curies":[{"name":"wp","href":"https:\/\/api.w.org\/{rel}","templated":true}]}}