{"id":5927,"date":"2016-10-20T12:07:30","date_gmt":"2016-10-20T11:07:30","guid":{"rendered":"https:\/\/www.sagafurs.com\/sv\/corporate\/yhtiokokous\/"},"modified":"2026-04-30T13:38:22","modified_gmt":"2026-04-30T10:38:22","slug":"bolagsstamman","status":"publish","type":"page","link":"https:\/\/www.sagafurs.com\/sv\/bolaget\/bolagets-forvaltning\/bolagsstamman\/","title":{"rendered":"Bolagsst\u00e4mman"},"content":{"rendered":"<p>Bolagsst\u00e4mman \u00e4r bolagets h\u00f6gsta beslutsfattande organ.<\/p>\n<p>Den ordinarie bolagsst\u00e4mman ordnas en g\u00e5ng per \u00e5r senast i april. F\u00f6rutom den ordinarie bolagsst\u00e4mman kan bolaget \u00e4ven ordna extraordinarie bolagsst\u00e4mmor. Bolagets styrelse besluter om sammankallandet av bolagsst\u00e4mman, som kan ordnas i Vanda, Vasa, Sein\u00e4joki eller Karleby. Bolagsst\u00e4mman skall ordnas s\u00e5 att aktie\u00e4garna effektivt kan utnyttja sina \u00e4garr\u00e4ttigheter.<\/p>\n<p>Verkst\u00e4llande direkt\u00f6ren, styrelsens ordf\u00f6rande och ett tillr\u00e4ckligt antal styrelsemedlemmar samt revisorn skall vara n\u00e4rvarande vid bolagsst\u00e4mman. En person som f\u00f6r f\u00f6rsta g\u00e5ngen kandiderar som styrelsemedlem skall delta i den bolagsst\u00e4mma som fattar beslutet om valet, s\u00e5tillvida det inte finns v\u00e4gande sk\u00e4l till hans eller hennes fr\u00e5nvaro.<\/p>\n<p>I enlighet med stadgandena i aktiebolagslagen fattar bolagsst\u00e4mman beslut i bl.a. f\u00f6ljande \u00e4renden:<\/p>\n<p>&#8211; \u00e4ndring av bolagsordningen<br \/>\n&#8211; fastst\u00e4llande av bokslut<br \/>\n&#8211; utdelning<br \/>\n&#8211; anskaffning och \u00f6verl\u00e5telse av egna aktier<br \/>\n&#8211; optionsprogram<br \/>\n&#8211; val av styrelsemedlemmar och deras arvoden<br \/>\n&#8211; val av revisorer och revisionsarvode<\/p>\n<p>Aktie\u00e4gare har r\u00e4tt att kr\u00e4va att ett visst \u00e4rende tas upp till behandling p\u00e5 bolagsst\u00e4mman under f\u00f6ruts\u00e4ttning att aktie\u00e4garen inkommer med skriftlig beg\u00e4ran till styrelsen i s\u00e5 god tid att \u00e4rendet kan antecknas p\u00e5 m\u00f6teskallelsen.<\/p>\n<p>R\u00e4tt att deltaga i bolagsst\u00e4mman tillkommer aktie\u00e4gare vilka tio dagar f\u00f6re bolagsst\u00e4mman \u00e4r antecknade som aktie\u00e4gare i aktie\u00e4garf\u00f6rteckningen.<\/p>\n<p>Kallelsen till bolagsst\u00e4mman publiceras alltid p\u00e5 bolagets internet-hemsidor.<\/p>\n<p>&nbsp;<\/p>\n<h2 style=\"background: #FEFEFE;\"><span lang=\"EN-US\" style=\"font-family: 'Arial',sans-serif; color: #0a0a0a; font-weight: normal;\">Bolagsst\u00e4mman 2026<\/span><\/h2>\n<p>Saga Furs Oyj.S ordinarie bolagsst\u00e4mma ordnas tisdagen 28.4.2026 fr\u00e5n och med kl. 10.00 i Karleby, Sokos Hotel Kaarle, Salutorget 4.<\/p>\n<p>Aktie\u00e4gare som vill delta i bolagsst\u00e4mman b\u00f6r anm\u00e4la sig senast 23.4.2026 kl. 10.00<\/p>\n<p>Kallelsen till bolagsst\u00e4mman finns nedan.<\/p>\n<p><a href=\"https:\/\/www.sagafurs.com\/wp-content\/uploads\/2026\/03\/Stammokallelse-AS.pdf\">Kallelse till bolagsst\u00e4mman<\/a><\/p>\n<p><a href=\"https:\/\/www.sagafurs.com\/wp-content\/uploads\/2026\/02\/Saga-Furs-Styrelsens-verksamhetsberattelse-och-bokslut-2024-2025.pdf\">Styrelsens verksamhetsber\u00e4ttelse och bokslut 1.11.2024-31.10.2025<\/a><\/p>\n<p><a href=\"https:\/\/www.sagafurs.com\/wp-content\/uploads\/2026\/02\/Saga-Furs-Ersattningsrapport-2024-2025.pdf\">Ers\u00e4ttningsrapport 2024\/2025<\/a><\/p>\n<p><a href=\"https:\/\/www.sagafurs.com\/wp-content\/uploads\/2026\/03\/Saga-Furs-Bolagsstamman-2026-Fullmakt-SWE.pdf\">Fullmakt<\/a><\/p>\n<p><a href=\"https:\/\/www.sagafurs.com\/wp-content\/uploads\/2026\/04\/Styrelseordforandes-inledning.pdf\">Styrelseordf\u00f6randes inledning<\/a><\/p>\n<p><a href=\"https:\/\/www.sagafurs.com\/wp-content\/uploads\/2026\/04\/Verkstallande-direktorens-oversikt.pdf\">Verkst\u00e4llande direkt\u00f6rens \u00f6versikt<\/a><\/p>\n<p><a href=\"https:\/\/www.sagafurs.com\/wp-content\/uploads\/2026\/04\/Ekonomidirektorens-presentation.pdf\">Ekonomidirekt\u00f6rens presentation<\/a><\/p>\n<p><a href=\"https:\/\/www.sagafurs.com\/wp-content\/uploads\/2026\/04\/Ordinarie-bolagsstammans-beslut.pdf\">Ordinarie bolagsst\u00e4mmans beslut<\/a><\/p>\n<p><a href=\"https:\/\/www.sagafurs.com\/wp-content\/uploads\/2026\/04\/Saga-Furs-Oyj-Yhtiokokouksen-poytakirja-2026.docx.pdf\">Protokoll (p\u00e5 finska)<\/a><\/p>\n<p>&nbsp;<\/p>\n<h2 style=\"background: #FEFEFE;\"><span lang=\"EN-US\" style=\"font-family: 'Arial',sans-serif; color: #0a0a0a; font-weight: normal;\">Bolagsst\u00e4mman 2025<\/span><\/h2>\n<p style=\"background: #FEFEFE;\"><span lang=\"EN-US\" style=\"font-family: 'Arial',sans-serif; color: #0a0a0a;\">Saga Furs Oyj:s ordinarie bolagsst\u00e4mma ordnades<strong><span style=\"font-family: 'Arial',sans-serif;\"> fredagen 25.4.2025 <\/span><\/strong><\/span>fr\u00e5n och med kl. 10.00 i Fur Centers utrymmen p\u00e5 adressen M\u00e5rtensbyv\u00e4gen 48, Vanda.<\/p>\n<p>Aktie\u00e4gare som \u00f6nskade delta i bolagsst\u00e4mman var att anm\u00e4la sig senast 22.4.2025 kl. 10.00.<\/p>\n<p>Kallelsen till bolaggst\u00e4mma finns nedan.<\/p>\n<p><a href=\"https:\/\/www.sagafurs.com\/wp-content\/uploads\/2025\/03\/Saga-Furs-Oyj-Stammokallelse-2025.pdf\">Kallelse till bolagsst\u00e4mman<\/a><\/p>\n<p><a href=\"https:\/\/www.sagafurs.com\/wp-content\/uploads\/2025\/02\/Styrelsens-verksamhetsberattelse-och-bokslut-1.11.2023-31.10.2024.pdf\">Styrelsens verksamhetsber\u00e4ttelse och bokslut 1.11.2023-31.10.2024<\/a><\/p>\n<p><a href=\"https:\/\/www.sagafurs.com\/wp-content\/uploads\/2025\/02\/Ersattningsrapport-2023-2024.pdf\">Ers\u00e4ttningsrapport 2023\/2024<\/a><\/p>\n<p><a href=\"https:\/\/www.sagafurs.com\/wp-content\/uploads\/2025\/03\/Saga-Furs-Oyj-Valtakirja-SVE-2025-.pdf\">Fullmakt <\/a><\/p>\n<p><a href=\"https:\/\/www.sagafurs.com\/wp-content\/uploads\/2025\/04\/Styrelseordforandes-inledning.pdf\">Styrelseordf\u00f6randes inledning<\/a><\/p>\n<p><a href=\"https:\/\/www.sagafurs.com\/wp-content\/uploads\/2025\/04\/Verkstallande-direktorens-oversikt.pdf\">Verkst\u00e4llande direkt\u00f6rens \u00f6versikt<\/a><\/p>\n<p><a href=\"https:\/\/www.sagafurs.com\/wp-content\/uploads\/2025\/04\/Ekonomidirektorens-presentation.pdf\">Ekonomidirekt\u00f6rens presentation<\/a><\/p>\n<p><a href=\"https:\/\/www.sagafurs.com\/wp-content\/uploads\/2025\/04\/Ordinarie-bolagsstammans-beslut.pdf\">Ordinarie bolagsst\u00e4mmans beslut<\/a><\/p>\n<p><a href=\"https:\/\/www.sagafurs.com\/wp-content\/uploads\/2025\/05\/Saga-Furs-Oyj-Yhtiokokouksen-poytakirja.docx.pdf\">Protokoll (p\u00e5 finska)<\/a><\/p>\n<p>&nbsp;<\/p>\n<p>&nbsp;<\/p>\n<p><a href=\"https:\/\/www.sagafurs.com\/sv\/bolaget\/bolagets-forvaltning\/bolagsstamman\/tidigare-bolagsstammor\/\">Tidigare bolagsst\u00e4mmor<\/a><\/p>\n","protected":false},"excerpt":{"rendered":"<p>Bolagsst\u00e4mman \u00e4r bolagets h\u00f6gsta beslutsfattande organ. Den ordinarie bolagsst\u00e4mman ordnas en g\u00e5ng per \u00e5r senast i april. F\u00f6rutom den ordinarie bolagsst\u00e4mman kan bolaget \u00e4ven ordna extraordinarie bolagsst\u00e4mmor. Bolagets styrelse besluter om sammankallandet av bolagsst\u00e4mman, som kan ordnas i Vanda, Vasa, Sein\u00e4joki eller Karleby. Bolagsst\u00e4mman skall ordnas s\u00e5 att aktie\u00e4garna effektivt kan utnyttja sina \u00e4garr\u00e4ttigheter. Verkst\u00e4llande<a class=\"excerpt-read-more\" href=\"https:\/\/www.sagafurs.com\/sv\/bolaget\/bolagets-forvaltning\/bolagsstamman\/\" title=\"L\u00e4sBolagsst\u00e4mman\">\u2026 L\u00e4s mera &raquo;<\/a><\/p>\n","protected":false},"author":29,"featured_media":0,"parent":2618,"menu_order":0,"comment_status":"closed","ping_status":"closed","template":"templates\/content-page-template.php","meta":{"_acf_changed":false,"footnotes":""},"class_list":["post-5927","page","type-page","status-publish","hentry"],"acf":[],"yoast_head":"<!-- This site is optimized with the Yoast SEO plugin v27.4 - https:\/\/yoast.com\/product\/yoast-seo-wordpress\/ -->\n<title>Bolagsst\u00e4mman - Sagafurs<\/title>\n<meta name=\"robots\" content=\"index, follow, max-snippet:-1, max-image-preview:large, max-video-preview:-1\" \/>\n<link rel=\"canonical\" href=\"https:\/\/www.sagafurs.com\/sv\/bolaget\/bolagets-forvaltning\/bolagsstamman\/\" \/>\n<meta property=\"og:locale\" content=\"sv_SE\" \/>\n<meta property=\"og:type\" content=\"article\" \/>\n<meta property=\"og:title\" content=\"Bolagsst\u00e4mman - Sagafurs\" \/>\n<meta property=\"og:description\" content=\"Bolagsst\u00e4mman \u00e4r bolagets h\u00f6gsta beslutsfattande organ. Den ordinarie bolagsst\u00e4mman ordnas en g\u00e5ng per \u00e5r senast i april. F\u00f6rutom den ordinarie bolagsst\u00e4mman kan bolaget \u00e4ven ordna extraordinarie bolagsst\u00e4mmor. Bolagets styrelse besluter om sammankallandet av bolagsst\u00e4mman, som kan ordnas i Vanda, Vasa, Sein\u00e4joki eller Karleby. Bolagsst\u00e4mman skall ordnas s\u00e5 att aktie\u00e4garna effektivt kan utnyttja sina \u00e4garr\u00e4ttigheter. Verkst\u00e4llande\u2026 L\u00e4s mera &raquo;\" \/>\n<meta property=\"og:url\" content=\"https:\/\/www.sagafurs.com\/sv\/bolaget\/bolagets-forvaltning\/bolagsstamman\/\" \/>\n<meta property=\"og:site_name\" content=\"Sagafurs\" \/>\n<meta property=\"article:modified_time\" content=\"2026-04-30T10:38:22+00:00\" \/>\n<meta name=\"twitter:card\" content=\"summary_large_image\" \/>\n<meta name=\"twitter:label1\" content=\"Ber\u00e4knad l\u00e4stid\" \/>\n\t<meta name=\"twitter:data1\" content=\"2 minuter\" \/>\n<script type=\"application\/ld+json\" class=\"yoast-schema-graph\">{\"@context\":\"https:\\\/\\\/schema.org\",\"@graph\":[{\"@type\":\"WebPage\",\"@id\":\"https:\\\/\\\/www.sagafurs.com\\\/sv\\\/bolaget\\\/bolagets-forvaltning\\\/bolagsstamman\\\/\",\"url\":\"https:\\\/\\\/www.sagafurs.com\\\/sv\\\/bolaget\\\/bolagets-forvaltning\\\/bolagsstamman\\\/\",\"name\":\"Bolagsst\u00e4mman - Sagafurs\",\"isPartOf\":{\"@id\":\"https:\\\/\\\/www.sagafurs.com\\\/#website\"},\"datePublished\":\"2016-10-20T11:07:30+00:00\",\"dateModified\":\"2026-04-30T10:38:22+00:00\",\"breadcrumb\":{\"@id\":\"https:\\\/\\\/www.sagafurs.com\\\/sv\\\/bolaget\\\/bolagets-forvaltning\\\/bolagsstamman\\\/#breadcrumb\"},\"inLanguage\":\"sv-SE\",\"potentialAction\":[{\"@type\":\"ReadAction\",\"target\":[\"https:\\\/\\\/www.sagafurs.com\\\/sv\\\/bolaget\\\/bolagets-forvaltning\\\/bolagsstamman\\\/\"]}]},{\"@type\":\"BreadcrumbList\",\"@id\":\"https:\\\/\\\/www.sagafurs.com\\\/sv\\\/bolaget\\\/bolagets-forvaltning\\\/bolagsstamman\\\/#breadcrumb\",\"itemListElement\":[{\"@type\":\"ListItem\",\"position\":1,\"name\":\"Home\",\"item\":\"https:\\\/\\\/www.sagafurs.com\\\/sv\\\/\"},{\"@type\":\"ListItem\",\"position\":2,\"name\":\"Bolaget\",\"item\":\"https:\\\/\\\/www.sagafurs.com\\\/sv\\\/bolaget\\\/\"},{\"@type\":\"ListItem\",\"position\":3,\"name\":\"Bolagets f\u00f6rvaltning\",\"item\":\"https:\\\/\\\/www.sagafurs.com\\\/sv\\\/bolaget\\\/bolagets-forvaltning\\\/\"},{\"@type\":\"ListItem\",\"position\":4,\"name\":\"Bolagsst\u00e4mman\"}]},{\"@type\":\"WebSite\",\"@id\":\"https:\\\/\\\/www.sagafurs.com\\\/#website\",\"url\":\"https:\\\/\\\/www.sagafurs.com\\\/\",\"name\":\"Sagafurs\",\"description\":\"Sagafurs\",\"potentialAction\":[{\"@type\":\"SearchAction\",\"target\":{\"@type\":\"EntryPoint\",\"urlTemplate\":\"https:\\\/\\\/www.sagafurs.com\\\/?s={search_term_string}\"},\"query-input\":{\"@type\":\"PropertyValueSpecification\",\"valueRequired\":true,\"valueName\":\"search_term_string\"}}],\"inLanguage\":\"sv-SE\"}]}<\/script>\n<!-- \/ Yoast SEO plugin. -->","yoast_head_json":{"title":"Bolagsst\u00e4mman - Sagafurs","robots":{"index":"index","follow":"follow","max-snippet":"max-snippet:-1","max-image-preview":"max-image-preview:large","max-video-preview":"max-video-preview:-1"},"canonical":"https:\/\/www.sagafurs.com\/sv\/bolaget\/bolagets-forvaltning\/bolagsstamman\/","og_locale":"sv_SE","og_type":"article","og_title":"Bolagsst\u00e4mman - Sagafurs","og_description":"Bolagsst\u00e4mman \u00e4r bolagets h\u00f6gsta beslutsfattande organ. Den ordinarie bolagsst\u00e4mman ordnas en g\u00e5ng per \u00e5r senast i april. F\u00f6rutom den ordinarie bolagsst\u00e4mman kan bolaget \u00e4ven ordna extraordinarie bolagsst\u00e4mmor. Bolagets styrelse besluter om sammankallandet av bolagsst\u00e4mman, som kan ordnas i Vanda, Vasa, Sein\u00e4joki eller Karleby. Bolagsst\u00e4mman skall ordnas s\u00e5 att aktie\u00e4garna effektivt kan utnyttja sina \u00e4garr\u00e4ttigheter. Verkst\u00e4llande\u2026 L\u00e4s mera &raquo;","og_url":"https:\/\/www.sagafurs.com\/sv\/bolaget\/bolagets-forvaltning\/bolagsstamman\/","og_site_name":"Sagafurs","article_modified_time":"2026-04-30T10:38:22+00:00","twitter_card":"summary_large_image","twitter_misc":{"Ber\u00e4knad l\u00e4stid":"2 minuter"},"schema":{"@context":"https:\/\/schema.org","@graph":[{"@type":"WebPage","@id":"https:\/\/www.sagafurs.com\/sv\/bolaget\/bolagets-forvaltning\/bolagsstamman\/","url":"https:\/\/www.sagafurs.com\/sv\/bolaget\/bolagets-forvaltning\/bolagsstamman\/","name":"Bolagsst\u00e4mman - Sagafurs","isPartOf":{"@id":"https:\/\/www.sagafurs.com\/#website"},"datePublished":"2016-10-20T11:07:30+00:00","dateModified":"2026-04-30T10:38:22+00:00","breadcrumb":{"@id":"https:\/\/www.sagafurs.com\/sv\/bolaget\/bolagets-forvaltning\/bolagsstamman\/#breadcrumb"},"inLanguage":"sv-SE","potentialAction":[{"@type":"ReadAction","target":["https:\/\/www.sagafurs.com\/sv\/bolaget\/bolagets-forvaltning\/bolagsstamman\/"]}]},{"@type":"BreadcrumbList","@id":"https:\/\/www.sagafurs.com\/sv\/bolaget\/bolagets-forvaltning\/bolagsstamman\/#breadcrumb","itemListElement":[{"@type":"ListItem","position":1,"name":"Home","item":"https:\/\/www.sagafurs.com\/sv\/"},{"@type":"ListItem","position":2,"name":"Bolaget","item":"https:\/\/www.sagafurs.com\/sv\/bolaget\/"},{"@type":"ListItem","position":3,"name":"Bolagets f\u00f6rvaltning","item":"https:\/\/www.sagafurs.com\/sv\/bolaget\/bolagets-forvaltning\/"},{"@type":"ListItem","position":4,"name":"Bolagsst\u00e4mman"}]},{"@type":"WebSite","@id":"https:\/\/www.sagafurs.com\/#website","url":"https:\/\/www.sagafurs.com\/","name":"Sagafurs","description":"Sagafurs","potentialAction":[{"@type":"SearchAction","target":{"@type":"EntryPoint","urlTemplate":"https:\/\/www.sagafurs.com\/?s={search_term_string}"},"query-input":{"@type":"PropertyValueSpecification","valueRequired":true,"valueName":"search_term_string"}}],"inLanguage":"sv-SE"}]}},"_links":{"self":[{"href":"https:\/\/www.sagafurs.com\/sv\/wp-json\/wp\/v2\/pages\/5927","targetHints":{"allow":["GET"]}}],"collection":[{"href":"https:\/\/www.sagafurs.com\/sv\/wp-json\/wp\/v2\/pages"}],"about":[{"href":"https:\/\/www.sagafurs.com\/sv\/wp-json\/wp\/v2\/types\/page"}],"author":[{"embeddable":true,"href":"https:\/\/www.sagafurs.com\/sv\/wp-json\/wp\/v2\/users\/29"}],"replies":[{"embeddable":true,"href":"https:\/\/www.sagafurs.com\/sv\/wp-json\/wp\/v2\/comments?post=5927"}],"version-history":[{"count":3,"href":"https:\/\/www.sagafurs.com\/sv\/wp-json\/wp\/v2\/pages\/5927\/revisions"}],"predecessor-version":[{"id":197890,"href":"https:\/\/www.sagafurs.com\/sv\/wp-json\/wp\/v2\/pages\/5927\/revisions\/197890"}],"up":[{"embeddable":true,"href":"https:\/\/www.sagafurs.com\/sv\/wp-json\/wp\/v2\/pages\/2618"}],"wp:attachment":[{"href":"https:\/\/www.sagafurs.com\/sv\/wp-json\/wp\/v2\/media?parent=5927"}],"curies":[{"name":"wp","href":"https:\/\/api.w.org\/{rel}","templated":true}]}}