{"id":6998,"date":"2016-11-04T10:54:00","date_gmt":"2016-11-04T10:54:00","guid":{"rendered":"https:\/\/www.sagafurs.com\/sv\/bolaget\/bolagets-forvaltning\/older-statements\/"},"modified":"2018-01-29T15:29:39","modified_gmt":"2018-01-29T14:29:39","slug":"aldre-uttalanden","status":"publish","type":"page","link":"https:\/\/www.sagafurs.com\/sv\/bolaget\/bolagets-forvaltning\/aldre-uttalanden\/","title":{"rendered":"\u00c4ldre rapporter"},"content":{"rendered":"<p><a href=\"http:\/\/www.sagafurs.com\/wp-content\/uploads\/2018\/01\/Bolagsstyrningsrapport-2016.pdf\">Utredning \u00f6ver f\u00f6rvaltnings- och styrningssystemet 27.1.2017<\/a><\/p>\n<p><a href=\"http:\/\/www.sagafurs.com\/wp-content\/uploads\/2017\/01\/Utredning-over-forvaltnings-och-styrningssystemet-for-rakenskapsperioden-1.11.2014-31.10.2015.pdf\">Utredning \u00f6ver f\u00f6rvaltnings- och styrningssystemet 27.1.2016<\/a><\/p>\n<p><a href=\"https:\/\/www.sagafurs.com\/sv\/bolaget\/bolagets-forvaltning\/utredning-over-forvaltnings-och-styrningssystemet-28-1-2015\/\">Utredning \u00f6ver f\u00f6rvaltnings- och styrningssystemet 28.1.2015<\/a><\/p>\n<p><a href=\"https:\/\/www.sagafurs.com\/sv\/bolaget\/bolagets-forvaltning\/utredning-forvaltnings-och-styrningssystemet-corporate-governance-statement-2013\/\">Utredning \u00f6ver f\u00f6rvaltnings- och styrningssystemet 28.1.2014<\/a><\/p>\n<p><a href=\"https:\/\/www.sagafurs.com\/sv\/bolaget\/bolagets-forvaltning\/utredning-over-forvaltnings-och-styrningssystemet-29-11-2012\/\">Utredning \u00f6ver f\u00f6rvaltnings- och styrningssystemet 29.11.2012<\/a><\/p>\n<p><a href=\"https:\/\/www.sagafurs.com\/sv\/bolaget\/bolagets-forvaltning\/utredning-over-forvaltnings-och-styrningssystemet-29-11-2011\/\">Utredning \u00f6ver f\u00f6rvaltnings- och styrningssystemet 29.11.2011<\/a><\/p>\n<p><a href=\"https:\/\/www.sagafurs.com\/sv\/bolaget\/bolagets-forvaltning\/utredning-over-forvaltnings-och-styrningssystemet-29-11-2010\/\">Utredning \u00f6ver f\u00f6rvaltnings- och styrningssystemet 29.11.2010<\/a><\/p>\n<p><a href=\"https:\/\/www.sagafurs.com\/sv\/bolaget\/bolagets-forvaltning\/utredning-over-forvaltnings-och-styrningssystemet-27-11-2009\/\">Utredning \u00f6ver f\u00f6rvaltnings- och styrningssystemet 27.11.2009<\/a><\/p>\n","protected":false},"excerpt":{"rendered":"<p>Utredning \u00f6ver f\u00f6rvaltnings- och styrningssystemet 27.1.2017 Utredning \u00f6ver f\u00f6rvaltnings- och styrningssystemet 27.1.2016 Utredning \u00f6ver f\u00f6rvaltnings- och styrningssystemet 28.1.2015 Utredning \u00f6ver f\u00f6rvaltnings- och styrningssystemet 28.1.2014 Utredning \u00f6ver f\u00f6rvaltnings- och styrningssystemet 29.11.2012 Utredning \u00f6ver f\u00f6rvaltnings- och styrningssystemet 29.11.2011 Utredning \u00f6ver f\u00f6rvaltnings- och styrningssystemet 29.11.2010 Utredning \u00f6ver f\u00f6rvaltnings- och styrningssystemet 27.11.2009<\/p>\n","protected":false},"author":29,"featured_media":0,"parent":2618,"menu_order":0,"comment_status":"closed","ping_status":"closed","template":"templates\/content-page-template.php","meta":{"_acf_changed":false,"footnotes":""},"class_list":["post-6998","page","type-page","status-publish","hentry"],"acf":[],"yoast_head":"<!-- This site is optimized with the Yoast SEO plugin v27.4 - https:\/\/yoast.com\/product\/yoast-seo-wordpress\/ -->\n<title>\u00c4ldre rapporter - Sagafurs<\/title>\n<meta name=\"robots\" content=\"index, follow, max-snippet:-1, max-image-preview:large, max-video-preview:-1\" \/>\n<link rel=\"canonical\" href=\"https:\/\/www.sagafurs.com\/sv\/bolaget\/bolagets-forvaltning\/aldre-uttalanden\/\" \/>\n<meta property=\"og:locale\" content=\"sv_SE\" \/>\n<meta property=\"og:type\" content=\"article\" \/>\n<meta property=\"og:title\" content=\"\u00c4ldre rapporter - Sagafurs\" \/>\n<meta property=\"og:description\" content=\"Utredning \u00f6ver f\u00f6rvaltnings- och styrningssystemet 27.1.2017 Utredning \u00f6ver f\u00f6rvaltnings- och styrningssystemet 27.1.2016 Utredning \u00f6ver f\u00f6rvaltnings- och styrningssystemet 28.1.2015 Utredning \u00f6ver f\u00f6rvaltnings- och styrningssystemet 28.1.2014 Utredning \u00f6ver f\u00f6rvaltnings- och styrningssystemet 29.11.2012 Utredning \u00f6ver f\u00f6rvaltnings- och styrningssystemet 29.11.2011 Utredning \u00f6ver f\u00f6rvaltnings- och styrningssystemet 29.11.2010 Utredning \u00f6ver f\u00f6rvaltnings- och styrningssystemet 27.11.2009\" \/>\n<meta property=\"og:url\" content=\"https:\/\/www.sagafurs.com\/sv\/bolaget\/bolagets-forvaltning\/aldre-uttalanden\/\" \/>\n<meta property=\"og:site_name\" content=\"Sagafurs\" \/>\n<meta property=\"article:modified_time\" content=\"2018-01-29T14:29:39+00:00\" \/>\n<meta name=\"twitter:card\" content=\"summary_large_image\" \/>\n<script type=\"application\/ld+json\" class=\"yoast-schema-graph\">{\"@context\":\"https:\\\/\\\/schema.org\",\"@graph\":[{\"@type\":\"WebPage\",\"@id\":\"https:\\\/\\\/www.sagafurs.com\\\/sv\\\/bolaget\\\/bolagets-forvaltning\\\/aldre-uttalanden\\\/\",\"url\":\"https:\\\/\\\/www.sagafurs.com\\\/sv\\\/bolaget\\\/bolagets-forvaltning\\\/aldre-uttalanden\\\/\",\"name\":\"\u00c4ldre rapporter - Sagafurs\",\"isPartOf\":{\"@id\":\"https:\\\/\\\/www.sagafurs.com\\\/#website\"},\"datePublished\":\"2016-11-04T10:54:00+00:00\",\"dateModified\":\"2018-01-29T14:29:39+00:00\",\"breadcrumb\":{\"@id\":\"https:\\\/\\\/www.sagafurs.com\\\/sv\\\/bolaget\\\/bolagets-forvaltning\\\/aldre-uttalanden\\\/#breadcrumb\"},\"inLanguage\":\"sv-SE\",\"potentialAction\":[{\"@type\":\"ReadAction\",\"target\":[\"https:\\\/\\\/www.sagafurs.com\\\/sv\\\/bolaget\\\/bolagets-forvaltning\\\/aldre-uttalanden\\\/\"]}]},{\"@type\":\"BreadcrumbList\",\"@id\":\"https:\\\/\\\/www.sagafurs.com\\\/sv\\\/bolaget\\\/bolagets-forvaltning\\\/aldre-uttalanden\\\/#breadcrumb\",\"itemListElement\":[{\"@type\":\"ListItem\",\"position\":1,\"name\":\"Home\",\"item\":\"https:\\\/\\\/www.sagafurs.com\\\/sv\\\/\"},{\"@type\":\"ListItem\",\"position\":2,\"name\":\"Bolaget\",\"item\":\"https:\\\/\\\/www.sagafurs.com\\\/sv\\\/bolaget\\\/\"},{\"@type\":\"ListItem\",\"position\":3,\"name\":\"Bolagets f\u00f6rvaltning\",\"item\":\"https:\\\/\\\/www.sagafurs.com\\\/sv\\\/bolaget\\\/bolagets-forvaltning\\\/\"},{\"@type\":\"ListItem\",\"position\":4,\"name\":\"\u00c4ldre rapporter\"}]},{\"@type\":\"WebSite\",\"@id\":\"https:\\\/\\\/www.sagafurs.com\\\/#website\",\"url\":\"https:\\\/\\\/www.sagafurs.com\\\/\",\"name\":\"Sagafurs\",\"description\":\"Sagafurs\",\"potentialAction\":[{\"@type\":\"SearchAction\",\"target\":{\"@type\":\"EntryPoint\",\"urlTemplate\":\"https:\\\/\\\/www.sagafurs.com\\\/?s={search_term_string}\"},\"query-input\":{\"@type\":\"PropertyValueSpecification\",\"valueRequired\":true,\"valueName\":\"search_term_string\"}}],\"inLanguage\":\"sv-SE\"}]}<\/script>\n<!-- \/ Yoast SEO plugin. -->","yoast_head_json":{"title":"\u00c4ldre rapporter - Sagafurs","robots":{"index":"index","follow":"follow","max-snippet":"max-snippet:-1","max-image-preview":"max-image-preview:large","max-video-preview":"max-video-preview:-1"},"canonical":"https:\/\/www.sagafurs.com\/sv\/bolaget\/bolagets-forvaltning\/aldre-uttalanden\/","og_locale":"sv_SE","og_type":"article","og_title":"\u00c4ldre rapporter - Sagafurs","og_description":"Utredning \u00f6ver f\u00f6rvaltnings- och styrningssystemet 27.1.2017 Utredning \u00f6ver f\u00f6rvaltnings- och styrningssystemet 27.1.2016 Utredning \u00f6ver f\u00f6rvaltnings- och styrningssystemet 28.1.2015 Utredning \u00f6ver f\u00f6rvaltnings- och styrningssystemet 28.1.2014 Utredning \u00f6ver f\u00f6rvaltnings- och styrningssystemet 29.11.2012 Utredning \u00f6ver f\u00f6rvaltnings- och styrningssystemet 29.11.2011 Utredning \u00f6ver f\u00f6rvaltnings- och styrningssystemet 29.11.2010 Utredning \u00f6ver f\u00f6rvaltnings- och styrningssystemet 27.11.2009","og_url":"https:\/\/www.sagafurs.com\/sv\/bolaget\/bolagets-forvaltning\/aldre-uttalanden\/","og_site_name":"Sagafurs","article_modified_time":"2018-01-29T14:29:39+00:00","twitter_card":"summary_large_image","schema":{"@context":"https:\/\/schema.org","@graph":[{"@type":"WebPage","@id":"https:\/\/www.sagafurs.com\/sv\/bolaget\/bolagets-forvaltning\/aldre-uttalanden\/","url":"https:\/\/www.sagafurs.com\/sv\/bolaget\/bolagets-forvaltning\/aldre-uttalanden\/","name":"\u00c4ldre rapporter - Sagafurs","isPartOf":{"@id":"https:\/\/www.sagafurs.com\/#website"},"datePublished":"2016-11-04T10:54:00+00:00","dateModified":"2018-01-29T14:29:39+00:00","breadcrumb":{"@id":"https:\/\/www.sagafurs.com\/sv\/bolaget\/bolagets-forvaltning\/aldre-uttalanden\/#breadcrumb"},"inLanguage":"sv-SE","potentialAction":[{"@type":"ReadAction","target":["https:\/\/www.sagafurs.com\/sv\/bolaget\/bolagets-forvaltning\/aldre-uttalanden\/"]}]},{"@type":"BreadcrumbList","@id":"https:\/\/www.sagafurs.com\/sv\/bolaget\/bolagets-forvaltning\/aldre-uttalanden\/#breadcrumb","itemListElement":[{"@type":"ListItem","position":1,"name":"Home","item":"https:\/\/www.sagafurs.com\/sv\/"},{"@type":"ListItem","position":2,"name":"Bolaget","item":"https:\/\/www.sagafurs.com\/sv\/bolaget\/"},{"@type":"ListItem","position":3,"name":"Bolagets f\u00f6rvaltning","item":"https:\/\/www.sagafurs.com\/sv\/bolaget\/bolagets-forvaltning\/"},{"@type":"ListItem","position":4,"name":"\u00c4ldre rapporter"}]},{"@type":"WebSite","@id":"https:\/\/www.sagafurs.com\/#website","url":"https:\/\/www.sagafurs.com\/","name":"Sagafurs","description":"Sagafurs","potentialAction":[{"@type":"SearchAction","target":{"@type":"EntryPoint","urlTemplate":"https:\/\/www.sagafurs.com\/?s={search_term_string}"},"query-input":{"@type":"PropertyValueSpecification","valueRequired":true,"valueName":"search_term_string"}}],"inLanguage":"sv-SE"}]}},"_links":{"self":[{"href":"https:\/\/www.sagafurs.com\/sv\/wp-json\/wp\/v2\/pages\/6998","targetHints":{"allow":["GET"]}}],"collection":[{"href":"https:\/\/www.sagafurs.com\/sv\/wp-json\/wp\/v2\/pages"}],"about":[{"href":"https:\/\/www.sagafurs.com\/sv\/wp-json\/wp\/v2\/types\/page"}],"author":[{"embeddable":true,"href":"https:\/\/www.sagafurs.com\/sv\/wp-json\/wp\/v2\/users\/29"}],"replies":[{"embeddable":true,"href":"https:\/\/www.sagafurs.com\/sv\/wp-json\/wp\/v2\/comments?post=6998"}],"version-history":[{"count":0,"href":"https:\/\/www.sagafurs.com\/sv\/wp-json\/wp\/v2\/pages\/6998\/revisions"}],"up":[{"embeddable":true,"href":"https:\/\/www.sagafurs.com\/sv\/wp-json\/wp\/v2\/pages\/2618"}],"wp:attachment":[{"href":"https:\/\/www.sagafurs.com\/sv\/wp-json\/wp\/v2\/media?parent=6998"}],"curies":[{"name":"wp","href":"https:\/\/api.w.org\/{rel}","templated":true}]}}